{"id":276,"date":"2018-03-26T09:35:54","date_gmt":"2018-03-26T08:35:54","guid":{"rendered":"https:\/\/woo-themes-plugins.com\/?post_type=product&#038;p=276"},"modified":"2018-04-26T17:30:17","modified_gmt":"2018-04-26T16:30:17","slug":"google-product-feed-google-merchant-center-plugin-woocommerce","status":"publish","type":"product","link":"https:\/\/woo-themes-plugins.com\/fr\/product\/google-product-feed-google-merchant-center-plugin-woocommerce\/","title":{"rendered":"Google Product Feed &#8211; Google Merchant Center \u2013 Plugin WooCommerce"},"content":{"rendered":"<p>Ce plugin WooCommerce nous permet de cr\u00e9er un flux en temps r\u00e9el de nos produits, qui pourra \u00eatre lu et compris par Google Merchant Center, le minimum requis pour mettre en place de la publicit\u00e9 sur nos produits.<\/p>\n<p>Cette extension WooCommerce pour la gestion de Google Merchant Center va nous permettre de d\u00e9finir ce que l&rsquo;on souhaite ou non transmettre dans ce flux, ajouter des entr\u00e9es produits essentielles \u00e0 Google Merchant Center non disponible avec un WooCommerce de base et enfin d\u00e9finir des r\u00e8gles applicables au niveau de la cat\u00e9gorie produit, ou de toute la boutique WooCommerce.<\/p>\n","protected":false},"excerpt":{"rendered":"<p>Comme son nom l&rsquo;indique plut\u00f4t bien, ce plugin WooCommerce va te permettre de fournir un flux en temps r\u00e9el sur tes produits, avec les informations qui vont bien. Voila un plugin qui va permettre \u00e0 ta boutique WooCommerce de mieux appara\u00eetre dans Google Shopping notamment.<\/p>\n","protected":false},"featured_media":2652,"template":"","meta":{"_monsterinsights_skip_tracking":false,"_monsterinsights_sitenote_active":false,"_monsterinsights_sitenote_note":"","_monsterinsights_sitenote_category":0},"product_cat":[40],"product_tag":[101,102,121,63],"class_list":["post-276","product","type-product","status-publish","has-post-thumbnail","hentry","product_cat-plugin-woocommerce","product_tag-google-woocommerce","product_tag-google-shopping-woocommerce","product_tag-plugin-theme-woocommerce-indispensable","product_tag-produit-woocommerce-produit-groupe-produit-complementaire","pa_dev-woo-plugin-theme-ademti-software","pa_marketplace-woocommerce-woocommerce-com"],"yoast_head":"<!-- This site is optimized with the Yoast SEO plugin v23.1 - https:\/\/yoast.com\/wordpress\/plugins\/seo\/ -->\n<title>Google Product Feed - Google Merchant Center \u2013 Plugin WooCommerce<\/title>\n<meta name=\"description\" content=\"Offre la chance \u00e0 ton site WooCommerce de profiter de l&#039;\u00e9norme avantage qu&#039;est Google Merchant Center. Une extension WooCommerce qui va rapidement te devenir indispensable au quotidien.\" \/>\n<meta name=\"robots\" content=\"index, follow, max-snippet:-1, max-image-preview:large, max-video-preview:-1\" \/>\n<link rel=\"canonical\" href=\"https:\/\/woo-themes-plugins.com\/fr\/produit\/google-product-feed-google-merchant-center-plugin-woocommerce\/\" \/>\n<meta property=\"og:locale\" content=\"fr_FR\" \/>\n<meta property=\"og:type\" content=\"article\" \/>\n<meta property=\"og:title\" content=\"Google Product Feed - Google Merchant Center \u2013 Plugin WooCommerce\" \/>\n<meta property=\"og:description\" content=\"Offre la chance \u00e0 ton site WooCommerce de profiter de l&#039;\u00e9norme avantage qu&#039;est Google Merchant Center. Une extension WooCommerce qui va rapidement te devenir indispensable au quotidien.\" \/>\n<meta property=\"og:url\" content=\"https:\/\/woo-themes-plugins.com\/fr\/produit\/google-product-feed-google-merchant-center-plugin-woocommerce\/\" \/>\n<meta property=\"og:site_name\" content=\"Woo-themes-plugins.com\" \/>\n<meta property=\"article:modified_time\" content=\"2018-04-26T16:30:17+00:00\" \/>\n<meta property=\"og:image\" content=\"https:\/\/woo-themes-plugins.com\/wp-content\/uploads\/sites\/7\/2018\/03\/woo-themes-plugins_woocommerce-google-product-feed-google-merchant-center-plugin-woocommerce.jpg\" \/>\n\t<meta property=\"og:image:width\" content=\"900\" \/>\n\t<meta property=\"og:image:height\" content=\"900\" \/>\n\t<meta property=\"og:image:type\" content=\"image\/jpeg\" \/>\n<meta name=\"twitter:label1\" content=\"Dur\u00e9e de lecture estim\u00e9e\" \/>\n\t<meta name=\"twitter:data1\" content=\"1 minute\" \/>\n<script type=\"application\/ld+json\" class=\"yoast-schema-graph\">{\"@context\":\"https:\/\/schema.org\",\"@graph\":[{\"@type\":\"WebPage\",\"@id\":\"https:\/\/woo-themes-plugins.com\/fr\/produit\/google-product-feed-google-merchant-center-plugin-woocommerce\/\",\"url\":\"https:\/\/woo-themes-plugins.com\/fr\/produit\/google-product-feed-google-merchant-center-plugin-woocommerce\/\",\"name\":\"Google Product Feed - Google Merchant Center \u2013 Plugin WooCommerce\",\"isPartOf\":{\"@id\":\"https:\/\/woo-themes-plugins.com\/it\/#website\"},\"primaryImageOfPage\":{\"@id\":\"https:\/\/woo-themes-plugins.com\/fr\/produit\/google-product-feed-google-merchant-center-plugin-woocommerce\/#primaryimage\"},\"image\":{\"@id\":\"https:\/\/woo-themes-plugins.com\/fr\/produit\/google-product-feed-google-merchant-center-plugin-woocommerce\/#primaryimage\"},\"thumbnailUrl\":\"https:\/\/woo-themes-plugins.com\/wp-content\/uploads\/sites\/7\/2018\/03\/woo-themes-plugins_woocommerce-google-product-feed-google-merchant-center-plugin-woocommerce.jpg\",\"datePublished\":\"2018-03-26T08:35:54+00:00\",\"dateModified\":\"2018-04-26T16:30:17+00:00\",\"description\":\"Offre la chance \u00e0 ton site WooCommerce de profiter de l'\u00e9norme avantage qu'est Google Merchant Center. Une extension WooCommerce qui va rapidement te devenir indispensable au quotidien.\",\"breadcrumb\":{\"@id\":\"https:\/\/woo-themes-plugins.com\/fr\/produit\/google-product-feed-google-merchant-center-plugin-woocommerce\/#breadcrumb\"},\"inLanguage\":\"fr-FR\",\"potentialAction\":[{\"@type\":\"ReadAction\",\"target\":[\"https:\/\/woo-themes-plugins.com\/fr\/produit\/google-product-feed-google-merchant-center-plugin-woocommerce\/\"]}]},{\"@type\":\"ImageObject\",\"inLanguage\":\"fr-FR\",\"@id\":\"https:\/\/woo-themes-plugins.com\/fr\/produit\/google-product-feed-google-merchant-center-plugin-woocommerce\/#primaryimage\",\"url\":\"https:\/\/woo-themes-plugins.com\/wp-content\/uploads\/sites\/7\/2018\/03\/woo-themes-plugins_woocommerce-google-product-feed-google-merchant-center-plugin-woocommerce.jpg\",\"contentUrl\":\"https:\/\/woo-themes-plugins.com\/wp-content\/uploads\/sites\/7\/2018\/03\/woo-themes-plugins_woocommerce-google-product-feed-google-merchant-center-plugin-woocommerce.jpg\",\"width\":900,\"height\":900},{\"@type\":\"BreadcrumbList\",\"@id\":\"https:\/\/woo-themes-plugins.com\/fr\/produit\/google-product-feed-google-merchant-center-plugin-woocommerce\/#breadcrumb\",\"itemListElement\":[{\"@type\":\"ListItem\",\"position\":1,\"name\":\"Accueil\",\"item\":\"https:\/\/woo-themes-plugins.com\/fr\/\"},{\"@type\":\"ListItem\",\"position\":2,\"name\":\"Shop\",\"item\":\"https:\/\/woo-themes-plugins.com\/shop\/\"},{\"@type\":\"ListItem\",\"position\":3,\"name\":\"Google Product Feed &#8211; Google Merchant Center \u2013 Plugin WooCommerce\"}]},{\"@type\":\"WebSite\",\"@id\":\"https:\/\/woo-themes-plugins.com\/it\/#website\",\"url\":\"https:\/\/woo-themes-plugins.com\/it\/\",\"name\":\"Woo-themes-plugins.com\",\"description\":\"Tous les th\u00e8mes et plugins WooCommerce Premium\",\"potentialAction\":[{\"@type\":\"SearchAction\",\"target\":{\"@type\":\"EntryPoint\",\"urlTemplate\":\"https:\/\/woo-themes-plugins.com\/it\/?s={search_term_string}\"},\"query-input\":\"required name=search_term_string\"}],\"inLanguage\":\"fr-FR\"}]}<\/script>\n<!-- \/ Yoast SEO plugin. -->","yoast_head_json":{"title":"Google Product Feed - Google Merchant Center \u2013 Plugin WooCommerce","description":"Offre la chance \u00e0 ton site WooCommerce de profiter de l'\u00e9norme avantage qu'est Google Merchant Center. Une extension WooCommerce qui va rapidement te devenir indispensable au quotidien.","robots":{"index":"index","follow":"follow","max-snippet":"max-snippet:-1","max-image-preview":"max-image-preview:large","max-video-preview":"max-video-preview:-1"},"canonical":"https:\/\/woo-themes-plugins.com\/fr\/produit\/google-product-feed-google-merchant-center-plugin-woocommerce\/","og_locale":"fr_FR","og_type":"article","og_title":"Google Product Feed - Google Merchant Center \u2013 Plugin WooCommerce","og_description":"Offre la chance \u00e0 ton site WooCommerce de profiter de l'\u00e9norme avantage qu'est Google Merchant Center. Une extension WooCommerce qui va rapidement te devenir indispensable au quotidien.","og_url":"https:\/\/woo-themes-plugins.com\/fr\/produit\/google-product-feed-google-merchant-center-plugin-woocommerce\/","og_site_name":"Woo-themes-plugins.com","article_modified_time":"2018-04-26T16:30:17+00:00","og_image":[{"width":900,"height":900,"url":"https:\/\/woo-themes-plugins.com\/wp-content\/uploads\/sites\/7\/2018\/03\/woo-themes-plugins_woocommerce-google-product-feed-google-merchant-center-plugin-woocommerce.jpg","type":"image\/jpeg"}],"twitter_misc":{"Dur\u00e9e de lecture estim\u00e9e":"1 minute"},"schema":{"@context":"https:\/\/schema.org","@graph":[{"@type":"WebPage","@id":"https:\/\/woo-themes-plugins.com\/fr\/produit\/google-product-feed-google-merchant-center-plugin-woocommerce\/","url":"https:\/\/woo-themes-plugins.com\/fr\/produit\/google-product-feed-google-merchant-center-plugin-woocommerce\/","name":"Google Product Feed - Google Merchant Center \u2013 Plugin WooCommerce","isPartOf":{"@id":"https:\/\/woo-themes-plugins.com\/it\/#website"},"primaryImageOfPage":{"@id":"https:\/\/woo-themes-plugins.com\/fr\/produit\/google-product-feed-google-merchant-center-plugin-woocommerce\/#primaryimage"},"image":{"@id":"https:\/\/woo-themes-plugins.com\/fr\/produit\/google-product-feed-google-merchant-center-plugin-woocommerce\/#primaryimage"},"thumbnailUrl":"https:\/\/woo-themes-plugins.com\/wp-content\/uploads\/sites\/7\/2018\/03\/woo-themes-plugins_woocommerce-google-product-feed-google-merchant-center-plugin-woocommerce.jpg","datePublished":"2018-03-26T08:35:54+00:00","dateModified":"2018-04-26T16:30:17+00:00","description":"Offre la chance \u00e0 ton site WooCommerce de profiter de l'\u00e9norme avantage qu'est Google Merchant Center. Une extension WooCommerce qui va rapidement te devenir indispensable au quotidien.","breadcrumb":{"@id":"https:\/\/woo-themes-plugins.com\/fr\/produit\/google-product-feed-google-merchant-center-plugin-woocommerce\/#breadcrumb"},"inLanguage":"fr-FR","potentialAction":[{"@type":"ReadAction","target":["https:\/\/woo-themes-plugins.com\/fr\/produit\/google-product-feed-google-merchant-center-plugin-woocommerce\/"]}]},{"@type":"ImageObject","inLanguage":"fr-FR","@id":"https:\/\/woo-themes-plugins.com\/fr\/produit\/google-product-feed-google-merchant-center-plugin-woocommerce\/#primaryimage","url":"https:\/\/woo-themes-plugins.com\/wp-content\/uploads\/sites\/7\/2018\/03\/woo-themes-plugins_woocommerce-google-product-feed-google-merchant-center-plugin-woocommerce.jpg","contentUrl":"https:\/\/woo-themes-plugins.com\/wp-content\/uploads\/sites\/7\/2018\/03\/woo-themes-plugins_woocommerce-google-product-feed-google-merchant-center-plugin-woocommerce.jpg","width":900,"height":900},{"@type":"BreadcrumbList","@id":"https:\/\/woo-themes-plugins.com\/fr\/produit\/google-product-feed-google-merchant-center-plugin-woocommerce\/#breadcrumb","itemListElement":[{"@type":"ListItem","position":1,"name":"Accueil","item":"https:\/\/woo-themes-plugins.com\/fr\/"},{"@type":"ListItem","position":2,"name":"Shop","item":"https:\/\/woo-themes-plugins.com\/shop\/"},{"@type":"ListItem","position":3,"name":"Google Product Feed &#8211; Google Merchant Center \u2013 Plugin WooCommerce"}]},{"@type":"WebSite","@id":"https:\/\/woo-themes-plugins.com\/it\/#website","url":"https:\/\/woo-themes-plugins.com\/it\/","name":"Woo-themes-plugins.com","description":"Tous les th\u00e8mes et plugins WooCommerce Premium","potentialAction":[{"@type":"SearchAction","target":{"@type":"EntryPoint","urlTemplate":"https:\/\/woo-themes-plugins.com\/it\/?s={search_term_string}"},"query-input":"required name=search_term_string"}],"inLanguage":"fr-FR"}]}},"_links":{"self":[{"href":"https:\/\/woo-themes-plugins.com\/fr\/wp-json\/wp\/v2\/product\/276","targetHints":{"allow":["GET"]}}],"collection":[{"href":"https:\/\/woo-themes-plugins.com\/fr\/wp-json\/wp\/v2\/product"}],"about":[{"href":"https:\/\/woo-themes-plugins.com\/fr\/wp-json\/wp\/v2\/types\/product"}],"wp:featuredmedia":[{"embeddable":true,"href":"https:\/\/woo-themes-plugins.com\/fr\/wp-json\/wp\/v2\/media\/2652"}],"wp:attachment":[{"href":"https:\/\/woo-themes-plugins.com\/fr\/wp-json\/wp\/v2\/media?parent=276"}],"wp:term":[{"taxonomy":"product_cat","embeddable":true,"href":"https:\/\/woo-themes-plugins.com\/fr\/wp-json\/wp\/v2\/product_cat?post=276"},{"taxonomy":"product_tag","embeddable":true,"href":"https:\/\/woo-themes-plugins.com\/fr\/wp-json\/wp\/v2\/product_tag?post=276"}],"curies":[{"name":"wp","href":"https:\/\/api.w.org\/{rel}","templated":true}]}}