{"id":280,"date":"2018-03-26T09:53:50","date_gmt":"2018-03-26T08:53:50","guid":{"rendered":"https:\/\/woo-themes-plugins.com\/?post_type=product&#038;p=280"},"modified":"2018-04-26T17:29:44","modified_gmt":"2018-04-26T16:29:44","slug":"firstdata-solution-paiement-woocommerce-plugin-woocommerce","status":"publish","type":"product","link":"https:\/\/woo-themes-plugins.com\/fr\/product\/firstdata-solution-paiement-woocommerce-plugin-woocommerce\/","title":{"rendered":"FirstData &#8211; Solution Paiement WooCommerce \u2013 Plugin WooCommerce"},"content":{"rendered":"<p>Permets \u00e0 tes clients de profiter d&rsquo;une exp\u00e9rience utilisateur encore plus accrue sur ton site de eCommerce WooCommerce en int\u00e9grant ton syst\u00e8me de paiement bancaire, par CB, directement sur ton site.<\/p>\n<p>Int\u00e9grer la partie bancaire sur son site WooCommerce est vraiment tr\u00e8s simple lorsqu&rsquo;on poss\u00e8de les bons outils. En plus de cela, le fait que le client reste toujours sur ton site vient minimiser le taux d&rsquo;abandon panier. Que du positif avec cette extension WooCommerce.<\/p>\n<p>Trois modes de paiement son accept\u00e9 lorsqu&rsquo;on utilise le plugin WooCommerce FirstData :<\/p>\n<ul>\n<li>La passerelle de paiement <em>Payeezy<\/em><\/li>\n<li>L&rsquo;api de connexion <em>Payeezy<\/em><\/li>\n<li>La passerelle de paiement <em>Global <\/em>anciennement <em>Linkpoint<\/em><\/li>\n<\/ul>\n<p>Gr\u00e2ce \u00e0 FirstData, tu vas enfin pouvoir accepter les paiements par CB, Amex, Visa, MasterCard et JCL directement sur ton site WooCommerce, et \u00e7a, c&rsquo;est cool.<\/p>\n","protected":false},"excerpt":{"rendered":"<p>SkyVerge te propose ce plugin de paiement bancaire s\u00e9curis\u00e9 qui te permettra de mettre en place la solution de paiement <em>FirstData<\/em> directement sur ton site de eCommerce WooCommerce, sur la page de paiement de ton site !<\/p>\n","protected":false},"featured_media":2684,"template":"","meta":{"_monsterinsights_skip_tracking":false,"_monsterinsights_sitenote_active":false,"_monsterinsights_sitenote_note":"","_monsterinsights_sitenote_category":0},"product_cat":[40],"product_tag":[41],"class_list":["post-280","product","type-product","status-publish","has-post-thumbnail","hentry","product_cat-plugin-woocommerce","product_tag-solution-paiement-woocommerce","pa_dev-woo-plugin-theme-skyverge","pa_marketplace-woocommerce-woocommerce-com"],"yoast_head":"<!-- This site is optimized with the Yoast SEO plugin v23.1 - https:\/\/yoast.com\/wordpress\/plugins\/seo\/ -->\n<title>FirstData - Solution Paiement WooCommerce \u2013 Plugin WooCommerce<\/title>\n<meta name=\"description\" content=\"Plugin officiel WooCommerce pour la gestion de la solution de paiement FirstData.\" \/>\n<meta name=\"robots\" content=\"index, follow, max-snippet:-1, max-image-preview:large, max-video-preview:-1\" \/>\n<link rel=\"canonical\" href=\"https:\/\/woo-themes-plugins.com\/fr\/produit\/firstdata-solution-paiement-woocommerce-plugin-woocommerce\/\" \/>\n<meta property=\"og:locale\" content=\"fr_FR\" \/>\n<meta property=\"og:type\" content=\"article\" \/>\n<meta property=\"og:title\" content=\"FirstData - Solution Paiement WooCommerce \u2013 Plugin WooCommerce\" \/>\n<meta property=\"og:description\" content=\"Plugin officiel WooCommerce pour la gestion de la solution de paiement FirstData.\" \/>\n<meta property=\"og:url\" content=\"https:\/\/woo-themes-plugins.com\/fr\/produit\/firstdata-solution-paiement-woocommerce-plugin-woocommerce\/\" \/>\n<meta property=\"og:site_name\" content=\"Woo-themes-plugins.com\" \/>\n<meta property=\"article:modified_time\" content=\"2018-04-26T16:29:44+00:00\" \/>\n<meta property=\"og:image\" content=\"https:\/\/woo-themes-plugins.com\/wp-content\/uploads\/sites\/7\/2018\/03\/woo-themes-plugins_woocommerce-firstdata-payment-plugin-woocommerce.jpg\" \/>\n\t<meta property=\"og:image:width\" content=\"900\" \/>\n\t<meta property=\"og:image:height\" content=\"900\" \/>\n\t<meta property=\"og:image:type\" content=\"image\/jpeg\" \/>\n<meta name=\"twitter:label1\" content=\"Dur\u00e9e de lecture estim\u00e9e\" \/>\n\t<meta name=\"twitter:data1\" content=\"1 minute\" \/>\n<script type=\"application\/ld+json\" class=\"yoast-schema-graph\">{\"@context\":\"https:\/\/schema.org\",\"@graph\":[{\"@type\":\"WebPage\",\"@id\":\"https:\/\/woo-themes-plugins.com\/fr\/produit\/firstdata-solution-paiement-woocommerce-plugin-woocommerce\/\",\"url\":\"https:\/\/woo-themes-plugins.com\/fr\/produit\/firstdata-solution-paiement-woocommerce-plugin-woocommerce\/\",\"name\":\"FirstData - Solution Paiement WooCommerce \u2013 Plugin WooCommerce\",\"isPartOf\":{\"@id\":\"https:\/\/woo-themes-plugins.com\/it\/#website\"},\"primaryImageOfPage\":{\"@id\":\"https:\/\/woo-themes-plugins.com\/fr\/produit\/firstdata-solution-paiement-woocommerce-plugin-woocommerce\/#primaryimage\"},\"image\":{\"@id\":\"https:\/\/woo-themes-plugins.com\/fr\/produit\/firstdata-solution-paiement-woocommerce-plugin-woocommerce\/#primaryimage\"},\"thumbnailUrl\":\"https:\/\/woo-themes-plugins.com\/wp-content\/uploads\/sites\/7\/2018\/03\/woo-themes-plugins_woocommerce-firstdata-payment-plugin-woocommerce.jpg\",\"datePublished\":\"2018-03-26T08:53:50+00:00\",\"dateModified\":\"2018-04-26T16:29:44+00:00\",\"description\":\"Plugin officiel WooCommerce pour la gestion de la solution de paiement FirstData.\",\"breadcrumb\":{\"@id\":\"https:\/\/woo-themes-plugins.com\/fr\/produit\/firstdata-solution-paiement-woocommerce-plugin-woocommerce\/#breadcrumb\"},\"inLanguage\":\"fr-FR\",\"potentialAction\":[{\"@type\":\"ReadAction\",\"target\":[\"https:\/\/woo-themes-plugins.com\/fr\/produit\/firstdata-solution-paiement-woocommerce-plugin-woocommerce\/\"]}]},{\"@type\":\"ImageObject\",\"inLanguage\":\"fr-FR\",\"@id\":\"https:\/\/woo-themes-plugins.com\/fr\/produit\/firstdata-solution-paiement-woocommerce-plugin-woocommerce\/#primaryimage\",\"url\":\"https:\/\/woo-themes-plugins.com\/wp-content\/uploads\/sites\/7\/2018\/03\/woo-themes-plugins_woocommerce-firstdata-payment-plugin-woocommerce.jpg\",\"contentUrl\":\"https:\/\/woo-themes-plugins.com\/wp-content\/uploads\/sites\/7\/2018\/03\/woo-themes-plugins_woocommerce-firstdata-payment-plugin-woocommerce.jpg\",\"width\":900,\"height\":900},{\"@type\":\"BreadcrumbList\",\"@id\":\"https:\/\/woo-themes-plugins.com\/fr\/produit\/firstdata-solution-paiement-woocommerce-plugin-woocommerce\/#breadcrumb\",\"itemListElement\":[{\"@type\":\"ListItem\",\"position\":1,\"name\":\"Accueil\",\"item\":\"https:\/\/woo-themes-plugins.com\/fr\/\"},{\"@type\":\"ListItem\",\"position\":2,\"name\":\"Shop\",\"item\":\"https:\/\/woo-themes-plugins.com\/shop\/\"},{\"@type\":\"ListItem\",\"position\":3,\"name\":\"FirstData &#8211; Solution Paiement WooCommerce \u2013 Plugin WooCommerce\"}]},{\"@type\":\"WebSite\",\"@id\":\"https:\/\/woo-themes-plugins.com\/it\/#website\",\"url\":\"https:\/\/woo-themes-plugins.com\/it\/\",\"name\":\"Woo-themes-plugins.com\",\"description\":\"Tous les th\u00e8mes et plugins WooCommerce Premium\",\"potentialAction\":[{\"@type\":\"SearchAction\",\"target\":{\"@type\":\"EntryPoint\",\"urlTemplate\":\"https:\/\/woo-themes-plugins.com\/it\/?s={search_term_string}\"},\"query-input\":\"required name=search_term_string\"}],\"inLanguage\":\"fr-FR\"}]}<\/script>\n<!-- \/ Yoast SEO plugin. -->","yoast_head_json":{"title":"FirstData - Solution Paiement WooCommerce \u2013 Plugin WooCommerce","description":"Plugin officiel WooCommerce pour la gestion de la solution de paiement FirstData.","robots":{"index":"index","follow":"follow","max-snippet":"max-snippet:-1","max-image-preview":"max-image-preview:large","max-video-preview":"max-video-preview:-1"},"canonical":"https:\/\/woo-themes-plugins.com\/fr\/produit\/firstdata-solution-paiement-woocommerce-plugin-woocommerce\/","og_locale":"fr_FR","og_type":"article","og_title":"FirstData - Solution Paiement WooCommerce \u2013 Plugin WooCommerce","og_description":"Plugin officiel WooCommerce pour la gestion de la solution de paiement FirstData.","og_url":"https:\/\/woo-themes-plugins.com\/fr\/produit\/firstdata-solution-paiement-woocommerce-plugin-woocommerce\/","og_site_name":"Woo-themes-plugins.com","article_modified_time":"2018-04-26T16:29:44+00:00","og_image":[{"width":900,"height":900,"url":"https:\/\/woo-themes-plugins.com\/wp-content\/uploads\/sites\/7\/2018\/03\/woo-themes-plugins_woocommerce-firstdata-payment-plugin-woocommerce.jpg","type":"image\/jpeg"}],"twitter_misc":{"Dur\u00e9e de lecture estim\u00e9e":"1 minute"},"schema":{"@context":"https:\/\/schema.org","@graph":[{"@type":"WebPage","@id":"https:\/\/woo-themes-plugins.com\/fr\/produit\/firstdata-solution-paiement-woocommerce-plugin-woocommerce\/","url":"https:\/\/woo-themes-plugins.com\/fr\/produit\/firstdata-solution-paiement-woocommerce-plugin-woocommerce\/","name":"FirstData - Solution Paiement WooCommerce \u2013 Plugin WooCommerce","isPartOf":{"@id":"https:\/\/woo-themes-plugins.com\/it\/#website"},"primaryImageOfPage":{"@id":"https:\/\/woo-themes-plugins.com\/fr\/produit\/firstdata-solution-paiement-woocommerce-plugin-woocommerce\/#primaryimage"},"image":{"@id":"https:\/\/woo-themes-plugins.com\/fr\/produit\/firstdata-solution-paiement-woocommerce-plugin-woocommerce\/#primaryimage"},"thumbnailUrl":"https:\/\/woo-themes-plugins.com\/wp-content\/uploads\/sites\/7\/2018\/03\/woo-themes-plugins_woocommerce-firstdata-payment-plugin-woocommerce.jpg","datePublished":"2018-03-26T08:53:50+00:00","dateModified":"2018-04-26T16:29:44+00:00","description":"Plugin officiel WooCommerce pour la gestion de la solution de paiement FirstData.","breadcrumb":{"@id":"https:\/\/woo-themes-plugins.com\/fr\/produit\/firstdata-solution-paiement-woocommerce-plugin-woocommerce\/#breadcrumb"},"inLanguage":"fr-FR","potentialAction":[{"@type":"ReadAction","target":["https:\/\/woo-themes-plugins.com\/fr\/produit\/firstdata-solution-paiement-woocommerce-plugin-woocommerce\/"]}]},{"@type":"ImageObject","inLanguage":"fr-FR","@id":"https:\/\/woo-themes-plugins.com\/fr\/produit\/firstdata-solution-paiement-woocommerce-plugin-woocommerce\/#primaryimage","url":"https:\/\/woo-themes-plugins.com\/wp-content\/uploads\/sites\/7\/2018\/03\/woo-themes-plugins_woocommerce-firstdata-payment-plugin-woocommerce.jpg","contentUrl":"https:\/\/woo-themes-plugins.com\/wp-content\/uploads\/sites\/7\/2018\/03\/woo-themes-plugins_woocommerce-firstdata-payment-plugin-woocommerce.jpg","width":900,"height":900},{"@type":"BreadcrumbList","@id":"https:\/\/woo-themes-plugins.com\/fr\/produit\/firstdata-solution-paiement-woocommerce-plugin-woocommerce\/#breadcrumb","itemListElement":[{"@type":"ListItem","position":1,"name":"Accueil","item":"https:\/\/woo-themes-plugins.com\/fr\/"},{"@type":"ListItem","position":2,"name":"Shop","item":"https:\/\/woo-themes-plugins.com\/shop\/"},{"@type":"ListItem","position":3,"name":"FirstData &#8211; Solution Paiement WooCommerce \u2013 Plugin WooCommerce"}]},{"@type":"WebSite","@id":"https:\/\/woo-themes-plugins.com\/it\/#website","url":"https:\/\/woo-themes-plugins.com\/it\/","name":"Woo-themes-plugins.com","description":"Tous les th\u00e8mes et plugins WooCommerce Premium","potentialAction":[{"@type":"SearchAction","target":{"@type":"EntryPoint","urlTemplate":"https:\/\/woo-themes-plugins.com\/it\/?s={search_term_string}"},"query-input":"required name=search_term_string"}],"inLanguage":"fr-FR"}]}},"_links":{"self":[{"href":"https:\/\/woo-themes-plugins.com\/fr\/wp-json\/wp\/v2\/product\/280","targetHints":{"allow":["GET"]}}],"collection":[{"href":"https:\/\/woo-themes-plugins.com\/fr\/wp-json\/wp\/v2\/product"}],"about":[{"href":"https:\/\/woo-themes-plugins.com\/fr\/wp-json\/wp\/v2\/types\/product"}],"wp:featuredmedia":[{"embeddable":true,"href":"https:\/\/woo-themes-plugins.com\/fr\/wp-json\/wp\/v2\/media\/2684"}],"wp:attachment":[{"href":"https:\/\/woo-themes-plugins.com\/fr\/wp-json\/wp\/v2\/media?parent=280"}],"wp:term":[{"taxonomy":"product_cat","embeddable":true,"href":"https:\/\/woo-themes-plugins.com\/fr\/wp-json\/wp\/v2\/product_cat?post=280"},{"taxonomy":"product_tag","embeddable":true,"href":"https:\/\/woo-themes-plugins.com\/fr\/wp-json\/wp\/v2\/product_tag?post=280"}],"curies":[{"name":"wp","href":"https:\/\/api.w.org\/{rel}","templated":true}]}}