{"id":281,"date":"2018-03-26T09:54:44","date_gmt":"2018-03-26T08:54:44","guid":{"rendered":"https:\/\/woo-themes-plugins.com\/?post_type=product&#038;p=281"},"modified":"2018-04-26T17:29:36","modified_gmt":"2018-04-26T16:29:36","slug":"tradegecko-gestion-des-inventaires-et-commandes-plugin-woocommerce","status":"publish","type":"product","link":"https:\/\/woo-themes-plugins.com\/fr\/product\/tradegecko-gestion-des-inventaires-et-commandes-plugin-woocommerce\/","title":{"rendered":"TradeGecko \u2013 Gestion des Inventaires et Commandes \u2013 Plugin WooCommerce"},"content":{"rendered":"","protected":false},"excerpt":{"rendered":"<p>Besoin de g\u00e9rer tes inventaires ou tes stocks de mani\u00e8re ultra pr\u00e9cises ? Alors passes tout de suite \u00e0 la puissance professionnelle avec le num\u00e9ro du secteur <em>Trade Gecko<\/em>.<\/p>\n","protected":false},"featured_media":2692,"template":"","meta":{"_monsterinsights_skip_tracking":false,"_monsterinsights_sitenote_active":false,"_monsterinsights_sitenote_note":"","_monsterinsights_sitenote_category":0},"product_cat":[40],"product_tag":[120,41],"class_list":["post-281","product","type-product","status-publish","has-post-thumbnail","hentry","product_cat-plugin-woocommerce","product_tag-extension-woocommerce-gratuite","product_tag-solution-paiement-woocommerce","pa_dev-woo-plugin-theme-woocommerce","pa_marketplace-woocommerce-woocommerce-com"],"yoast_head":"<!-- This site is optimized with the Yoast SEO plugin v23.1 - https:\/\/yoast.com\/wordpress\/plugins\/seo\/ -->\n<title>TradeGecko \u2013 Gestion des Inventaires et Commandes<\/title>\n<meta name=\"description\" content=\"Tu utilise TradeGekco pour g\u00e9rer tes inventaires et tes commandes WooCommerce ? Alors ce plugin gratuit WooCommerce pour TradeGecko va beaucoup t&#039;int\u00e9resser, je le parierais !\" \/>\n<meta name=\"robots\" content=\"index, follow, max-snippet:-1, max-image-preview:large, max-video-preview:-1\" \/>\n<link rel=\"canonical\" href=\"https:\/\/woo-themes-plugins.com\/fr\/produit\/tradegecko-gestion-des-inventaires-et-commandes-plugin-woocommerce\/\" \/>\n<meta property=\"og:locale\" content=\"fr_FR\" \/>\n<meta property=\"og:type\" content=\"article\" \/>\n<meta property=\"og:title\" content=\"TradeGecko \u2013 Gestion des Inventaires et Commandes\" \/>\n<meta property=\"og:description\" content=\"Tu utilise TradeGekco pour g\u00e9rer tes inventaires et tes commandes WooCommerce ? Alors ce plugin gratuit WooCommerce pour TradeGecko va beaucoup t&#039;int\u00e9resser, je le parierais !\" \/>\n<meta property=\"og:url\" content=\"https:\/\/woo-themes-plugins.com\/fr\/produit\/tradegecko-gestion-des-inventaires-et-commandes-plugin-woocommerce\/\" \/>\n<meta property=\"og:site_name\" content=\"Woo-themes-plugins.com\" \/>\n<meta property=\"article:modified_time\" content=\"2018-04-26T16:29:36+00:00\" \/>\n<meta property=\"og:image\" content=\"https:\/\/woo-themes-plugins.com\/wp-content\/uploads\/sites\/7\/2018\/03\/woo-themes-plugins_woocommerce-tradegecko-inventory-plugin-woocommerce.jpg\" \/>\n\t<meta property=\"og:image:width\" content=\"900\" \/>\n\t<meta property=\"og:image:height\" content=\"900\" \/>\n\t<meta property=\"og:image:type\" content=\"image\/jpeg\" \/>\n<script type=\"application\/ld+json\" class=\"yoast-schema-graph\">{\"@context\":\"https:\/\/schema.org\",\"@graph\":[{\"@type\":\"WebPage\",\"@id\":\"https:\/\/woo-themes-plugins.com\/fr\/produit\/tradegecko-gestion-des-inventaires-et-commandes-plugin-woocommerce\/\",\"url\":\"https:\/\/woo-themes-plugins.com\/fr\/produit\/tradegecko-gestion-des-inventaires-et-commandes-plugin-woocommerce\/\",\"name\":\"TradeGecko \u2013 Gestion des Inventaires et Commandes\",\"isPartOf\":{\"@id\":\"https:\/\/woo-themes-plugins.com\/it\/#website\"},\"primaryImageOfPage\":{\"@id\":\"https:\/\/woo-themes-plugins.com\/fr\/produit\/tradegecko-gestion-des-inventaires-et-commandes-plugin-woocommerce\/#primaryimage\"},\"image\":{\"@id\":\"https:\/\/woo-themes-plugins.com\/fr\/produit\/tradegecko-gestion-des-inventaires-et-commandes-plugin-woocommerce\/#primaryimage\"},\"thumbnailUrl\":\"https:\/\/woo-themes-plugins.com\/wp-content\/uploads\/sites\/7\/2018\/03\/woo-themes-plugins_woocommerce-tradegecko-inventory-plugin-woocommerce.jpg\",\"datePublished\":\"2018-03-26T08:54:44+00:00\",\"dateModified\":\"2018-04-26T16:29:36+00:00\",\"description\":\"Tu utilise TradeGekco pour g\u00e9rer tes inventaires et tes commandes WooCommerce ? Alors ce plugin gratuit WooCommerce pour TradeGecko va beaucoup t'int\u00e9resser, je le parierais !\",\"breadcrumb\":{\"@id\":\"https:\/\/woo-themes-plugins.com\/fr\/produit\/tradegecko-gestion-des-inventaires-et-commandes-plugin-woocommerce\/#breadcrumb\"},\"inLanguage\":\"fr-FR\",\"potentialAction\":[{\"@type\":\"ReadAction\",\"target\":[\"https:\/\/woo-themes-plugins.com\/fr\/produit\/tradegecko-gestion-des-inventaires-et-commandes-plugin-woocommerce\/\"]}]},{\"@type\":\"ImageObject\",\"inLanguage\":\"fr-FR\",\"@id\":\"https:\/\/woo-themes-plugins.com\/fr\/produit\/tradegecko-gestion-des-inventaires-et-commandes-plugin-woocommerce\/#primaryimage\",\"url\":\"https:\/\/woo-themes-plugins.com\/wp-content\/uploads\/sites\/7\/2018\/03\/woo-themes-plugins_woocommerce-tradegecko-inventory-plugin-woocommerce.jpg\",\"contentUrl\":\"https:\/\/woo-themes-plugins.com\/wp-content\/uploads\/sites\/7\/2018\/03\/woo-themes-plugins_woocommerce-tradegecko-inventory-plugin-woocommerce.jpg\",\"width\":900,\"height\":900},{\"@type\":\"BreadcrumbList\",\"@id\":\"https:\/\/woo-themes-plugins.com\/fr\/produit\/tradegecko-gestion-des-inventaires-et-commandes-plugin-woocommerce\/#breadcrumb\",\"itemListElement\":[{\"@type\":\"ListItem\",\"position\":1,\"name\":\"Accueil\",\"item\":\"https:\/\/woo-themes-plugins.com\/fr\/\"},{\"@type\":\"ListItem\",\"position\":2,\"name\":\"Shop\",\"item\":\"https:\/\/woo-themes-plugins.com\/shop\/\"},{\"@type\":\"ListItem\",\"position\":3,\"name\":\"TradeGecko \u2013 Gestion des Inventaires et Commandes \u2013 Plugin WooCommerce\"}]},{\"@type\":\"WebSite\",\"@id\":\"https:\/\/woo-themes-plugins.com\/it\/#website\",\"url\":\"https:\/\/woo-themes-plugins.com\/it\/\",\"name\":\"Woo-themes-plugins.com\",\"description\":\"Tous les th\u00e8mes et plugins WooCommerce Premium\",\"potentialAction\":[{\"@type\":\"SearchAction\",\"target\":{\"@type\":\"EntryPoint\",\"urlTemplate\":\"https:\/\/woo-themes-plugins.com\/it\/?s={search_term_string}\"},\"query-input\":\"required name=search_term_string\"}],\"inLanguage\":\"fr-FR\"}]}<\/script>\n<!-- \/ Yoast SEO plugin. -->","yoast_head_json":{"title":"TradeGecko \u2013 Gestion des Inventaires et Commandes","description":"Tu utilise TradeGekco pour g\u00e9rer tes inventaires et tes commandes WooCommerce ? Alors ce plugin gratuit WooCommerce pour TradeGecko va beaucoup t'int\u00e9resser, je le parierais !","robots":{"index":"index","follow":"follow","max-snippet":"max-snippet:-1","max-image-preview":"max-image-preview:large","max-video-preview":"max-video-preview:-1"},"canonical":"https:\/\/woo-themes-plugins.com\/fr\/produit\/tradegecko-gestion-des-inventaires-et-commandes-plugin-woocommerce\/","og_locale":"fr_FR","og_type":"article","og_title":"TradeGecko \u2013 Gestion des Inventaires et Commandes","og_description":"Tu utilise TradeGekco pour g\u00e9rer tes inventaires et tes commandes WooCommerce ? Alors ce plugin gratuit WooCommerce pour TradeGecko va beaucoup t'int\u00e9resser, je le parierais !","og_url":"https:\/\/woo-themes-plugins.com\/fr\/produit\/tradegecko-gestion-des-inventaires-et-commandes-plugin-woocommerce\/","og_site_name":"Woo-themes-plugins.com","article_modified_time":"2018-04-26T16:29:36+00:00","og_image":[{"width":900,"height":900,"url":"https:\/\/woo-themes-plugins.com\/wp-content\/uploads\/sites\/7\/2018\/03\/woo-themes-plugins_woocommerce-tradegecko-inventory-plugin-woocommerce.jpg","type":"image\/jpeg"}],"schema":{"@context":"https:\/\/schema.org","@graph":[{"@type":"WebPage","@id":"https:\/\/woo-themes-plugins.com\/fr\/produit\/tradegecko-gestion-des-inventaires-et-commandes-plugin-woocommerce\/","url":"https:\/\/woo-themes-plugins.com\/fr\/produit\/tradegecko-gestion-des-inventaires-et-commandes-plugin-woocommerce\/","name":"TradeGecko \u2013 Gestion des Inventaires et Commandes","isPartOf":{"@id":"https:\/\/woo-themes-plugins.com\/it\/#website"},"primaryImageOfPage":{"@id":"https:\/\/woo-themes-plugins.com\/fr\/produit\/tradegecko-gestion-des-inventaires-et-commandes-plugin-woocommerce\/#primaryimage"},"image":{"@id":"https:\/\/woo-themes-plugins.com\/fr\/produit\/tradegecko-gestion-des-inventaires-et-commandes-plugin-woocommerce\/#primaryimage"},"thumbnailUrl":"https:\/\/woo-themes-plugins.com\/wp-content\/uploads\/sites\/7\/2018\/03\/woo-themes-plugins_woocommerce-tradegecko-inventory-plugin-woocommerce.jpg","datePublished":"2018-03-26T08:54:44+00:00","dateModified":"2018-04-26T16:29:36+00:00","description":"Tu utilise TradeGekco pour g\u00e9rer tes inventaires et tes commandes WooCommerce ? Alors ce plugin gratuit WooCommerce pour TradeGecko va beaucoup t'int\u00e9resser, je le parierais !","breadcrumb":{"@id":"https:\/\/woo-themes-plugins.com\/fr\/produit\/tradegecko-gestion-des-inventaires-et-commandes-plugin-woocommerce\/#breadcrumb"},"inLanguage":"fr-FR","potentialAction":[{"@type":"ReadAction","target":["https:\/\/woo-themes-plugins.com\/fr\/produit\/tradegecko-gestion-des-inventaires-et-commandes-plugin-woocommerce\/"]}]},{"@type":"ImageObject","inLanguage":"fr-FR","@id":"https:\/\/woo-themes-plugins.com\/fr\/produit\/tradegecko-gestion-des-inventaires-et-commandes-plugin-woocommerce\/#primaryimage","url":"https:\/\/woo-themes-plugins.com\/wp-content\/uploads\/sites\/7\/2018\/03\/woo-themes-plugins_woocommerce-tradegecko-inventory-plugin-woocommerce.jpg","contentUrl":"https:\/\/woo-themes-plugins.com\/wp-content\/uploads\/sites\/7\/2018\/03\/woo-themes-plugins_woocommerce-tradegecko-inventory-plugin-woocommerce.jpg","width":900,"height":900},{"@type":"BreadcrumbList","@id":"https:\/\/woo-themes-plugins.com\/fr\/produit\/tradegecko-gestion-des-inventaires-et-commandes-plugin-woocommerce\/#breadcrumb","itemListElement":[{"@type":"ListItem","position":1,"name":"Accueil","item":"https:\/\/woo-themes-plugins.com\/fr\/"},{"@type":"ListItem","position":2,"name":"Shop","item":"https:\/\/woo-themes-plugins.com\/shop\/"},{"@type":"ListItem","position":3,"name":"TradeGecko \u2013 Gestion des Inventaires et Commandes \u2013 Plugin WooCommerce"}]},{"@type":"WebSite","@id":"https:\/\/woo-themes-plugins.com\/it\/#website","url":"https:\/\/woo-themes-plugins.com\/it\/","name":"Woo-themes-plugins.com","description":"Tous les th\u00e8mes et plugins WooCommerce Premium","potentialAction":[{"@type":"SearchAction","target":{"@type":"EntryPoint","urlTemplate":"https:\/\/woo-themes-plugins.com\/it\/?s={search_term_string}"},"query-input":"required name=search_term_string"}],"inLanguage":"fr-FR"}]}},"_links":{"self":[{"href":"https:\/\/woo-themes-plugins.com\/fr\/wp-json\/wp\/v2\/product\/281","targetHints":{"allow":["GET"]}}],"collection":[{"href":"https:\/\/woo-themes-plugins.com\/fr\/wp-json\/wp\/v2\/product"}],"about":[{"href":"https:\/\/woo-themes-plugins.com\/fr\/wp-json\/wp\/v2\/types\/product"}],"wp:featuredmedia":[{"embeddable":true,"href":"https:\/\/woo-themes-plugins.com\/fr\/wp-json\/wp\/v2\/media\/2692"}],"wp:attachment":[{"href":"https:\/\/woo-themes-plugins.com\/fr\/wp-json\/wp\/v2\/media?parent=281"}],"wp:term":[{"taxonomy":"product_cat","embeddable":true,"href":"https:\/\/woo-themes-plugins.com\/fr\/wp-json\/wp\/v2\/product_cat?post=281"},{"taxonomy":"product_tag","embeddable":true,"href":"https:\/\/woo-themes-plugins.com\/fr\/wp-json\/wp\/v2\/product_tag?post=281"}],"curies":[{"name":"wp","href":"https:\/\/api.w.org\/{rel}","templated":true}]}}