{"id":282,"date":"2018-03-26T10:05:34","date_gmt":"2018-03-26T09:05:34","guid":{"rendered":"https:\/\/woo-themes-plugins.com\/?post_type=product&#038;p=282"},"modified":"2018-04-26T17:29:25","modified_gmt":"2018-04-26T16:29:25","slug":"variation-swatches-and-photos-couleur-et-images-comme-selecteur-de-variation-plugin-woocommerce","status":"publish","type":"product","link":"https:\/\/woo-themes-plugins.com\/fr\/product\/variation-swatches-and-photos-couleur-et-images-comme-selecteur-de-variation-plugin-woocommerce\/","title":{"rendered":"Variation Swatches and Photos \u2013 Couleur et Images comme S\u00e9lecteur de Variation \u2013 Plugin WooCommerce"},"content":{"rendered":"<p>Utiliser des images ou des couleurs comme bouton de s\u00e9lection d&rsquo;une variation produit conf\u00e8re une bien meilleure mani\u00e8re de pr\u00e9senter l&rsquo;information. Pourquoi ? Car le poids cognitif de ce clic est bien moindre que s&rsquo;il \u00e9tait fait un mot. On comprend tout de suite en voyant le m\u00eame t-shirt propos\u00e9 en version rouge, jaune, verte et bleu qu&rsquo;il s&rsquo;agit de ses variations; nul besoin d&rsquo;interpr\u00e9ter l&rsquo;information.<\/p>\n<p>Si tu as besoin d&rsquo;une d\u00e9mo pour te convaincre, rends toi sur le site o\u00f9 t\u00e9l\u00e9charger ce plugin, te tu pourras acc\u00e9der au lien de test de la d\u00e9mo en ligne.<\/p>\n","protected":false},"excerpt":{"rendered":"<p>Remplacer le s\u00e9lecteur de variation par d\u00e9faut de WooCommerce avec une image \u00e9chantillonn\u00e9e du produit, c&rsquo;est vraiment mieux. Si tu vends par exemple des t-shirts, il est quand m\u00eame plus sympas de voir le rendu de la couleur verte sur le bouton de variation <em>vert <\/em>de ton produit, plut\u00f4t que de devoir cliquer dessus pour voir le r\u00e9sultat.<\/p>\n","protected":false},"featured_media":2708,"template":"","meta":{"_monsterinsights_skip_tracking":false,"_monsterinsights_sitenote_active":false,"_monsterinsights_sitenote_note":"","_monsterinsights_sitenote_category":0},"product_cat":[40],"product_tag":[121,63,106],"class_list":["post-282","product","type-product","status-publish","has-post-thumbnail","hentry","product_cat-plugin-woocommerce","product_tag-plugin-theme-woocommerce-indispensable","product_tag-produit-woocommerce-produit-groupe-produit-complementaire","product_tag-variation-produit-woocommerce","pa_dev-woo-plugin-theme-lucas-stark","pa_marketplace-woocommerce-woocommerce-com"],"yoast_head":"<!-- This site is optimized with the Yoast SEO plugin v23.1 - https:\/\/yoast.com\/wordpress\/plugins\/seo\/ -->\n<title>Variation Swatches and Photos \u2013 S\u00e9lecteur de Variation en Images<\/title>\n<meta name=\"description\" content=\"Ciquer sur une image d&#039;un t-shirt rouge pour voir la variation rouge plut\u00f4t que de devoir cliquer sur le mot &quot;rouge&quot;, voila exactement ce que propose cette extension WooCommerce. Dit autrement, ce plugin remplace les s\u00e9lecteurs de variations produits par des miniatures du-dit produit WooCommerce.\" \/>\n<meta name=\"robots\" content=\"index, follow, max-snippet:-1, max-image-preview:large, max-video-preview:-1\" \/>\n<link rel=\"canonical\" href=\"https:\/\/woo-themes-plugins.com\/fr\/produit\/variation-swatches-and-photos-couleur-et-images-comme-selecteur-de-variation-plugin-woocommerce\/\" \/>\n<meta property=\"og:locale\" content=\"fr_FR\" \/>\n<meta property=\"og:type\" content=\"article\" \/>\n<meta property=\"og:title\" content=\"Variation Swatches and Photos \u2013 S\u00e9lecteur de Variation en Images\" \/>\n<meta property=\"og:description\" content=\"Ciquer sur une image d&#039;un t-shirt rouge pour voir la variation rouge plut\u00f4t que de devoir cliquer sur le mot &quot;rouge&quot;, voila exactement ce que propose cette extension WooCommerce. Dit autrement, ce plugin remplace les s\u00e9lecteurs de variations produits par des miniatures du-dit produit WooCommerce.\" \/>\n<meta property=\"og:url\" content=\"https:\/\/woo-themes-plugins.com\/fr\/produit\/variation-swatches-and-photos-couleur-et-images-comme-selecteur-de-variation-plugin-woocommerce\/\" \/>\n<meta property=\"og:site_name\" content=\"Woo-themes-plugins.com\" \/>\n<meta property=\"article:modified_time\" content=\"2018-04-26T16:29:25+00:00\" \/>\n<meta property=\"og:image\" content=\"https:\/\/woo-themes-plugins.com\/wp-content\/uploads\/sites\/7\/2018\/03\/woo-themes-plugins_woocommerce-variation-swatches-and-photos-plugin-woocommerce.jpg\" \/>\n\t<meta property=\"og:image:width\" content=\"900\" \/>\n\t<meta property=\"og:image:height\" content=\"900\" \/>\n\t<meta property=\"og:image:type\" content=\"image\/jpeg\" \/>\n<meta name=\"twitter:label1\" content=\"Dur\u00e9e de lecture estim\u00e9e\" \/>\n\t<meta name=\"twitter:data1\" content=\"1 minute\" \/>\n<script type=\"application\/ld+json\" class=\"yoast-schema-graph\">{\"@context\":\"https:\/\/schema.org\",\"@graph\":[{\"@type\":\"WebPage\",\"@id\":\"https:\/\/woo-themes-plugins.com\/fr\/produit\/variation-swatches-and-photos-couleur-et-images-comme-selecteur-de-variation-plugin-woocommerce\/\",\"url\":\"https:\/\/woo-themes-plugins.com\/fr\/produit\/variation-swatches-and-photos-couleur-et-images-comme-selecteur-de-variation-plugin-woocommerce\/\",\"name\":\"Variation Swatches and Photos \u2013 S\u00e9lecteur de Variation en Images\",\"isPartOf\":{\"@id\":\"https:\/\/woo-themes-plugins.com\/it\/#website\"},\"primaryImageOfPage\":{\"@id\":\"https:\/\/woo-themes-plugins.com\/fr\/produit\/variation-swatches-and-photos-couleur-et-images-comme-selecteur-de-variation-plugin-woocommerce\/#primaryimage\"},\"image\":{\"@id\":\"https:\/\/woo-themes-plugins.com\/fr\/produit\/variation-swatches-and-photos-couleur-et-images-comme-selecteur-de-variation-plugin-woocommerce\/#primaryimage\"},\"thumbnailUrl\":\"https:\/\/woo-themes-plugins.com\/wp-content\/uploads\/sites\/7\/2018\/03\/woo-themes-plugins_woocommerce-variation-swatches-and-photos-plugin-woocommerce.jpg\",\"datePublished\":\"2018-03-26T09:05:34+00:00\",\"dateModified\":\"2018-04-26T16:29:25+00:00\",\"description\":\"Ciquer sur une image d'un t-shirt rouge pour voir la variation rouge plut\u00f4t que de devoir cliquer sur le mot \\\"rouge\\\", voila exactement ce que propose cette extension WooCommerce. Dit autrement, ce plugin remplace les s\u00e9lecteurs de variations produits par des miniatures du-dit produit WooCommerce.\",\"breadcrumb\":{\"@id\":\"https:\/\/woo-themes-plugins.com\/fr\/produit\/variation-swatches-and-photos-couleur-et-images-comme-selecteur-de-variation-plugin-woocommerce\/#breadcrumb\"},\"inLanguage\":\"fr-FR\",\"potentialAction\":[{\"@type\":\"ReadAction\",\"target\":[\"https:\/\/woo-themes-plugins.com\/fr\/produit\/variation-swatches-and-photos-couleur-et-images-comme-selecteur-de-variation-plugin-woocommerce\/\"]}]},{\"@type\":\"ImageObject\",\"inLanguage\":\"fr-FR\",\"@id\":\"https:\/\/woo-themes-plugins.com\/fr\/produit\/variation-swatches-and-photos-couleur-et-images-comme-selecteur-de-variation-plugin-woocommerce\/#primaryimage\",\"url\":\"https:\/\/woo-themes-plugins.com\/wp-content\/uploads\/sites\/7\/2018\/03\/woo-themes-plugins_woocommerce-variation-swatches-and-photos-plugin-woocommerce.jpg\",\"contentUrl\":\"https:\/\/woo-themes-plugins.com\/wp-content\/uploads\/sites\/7\/2018\/03\/woo-themes-plugins_woocommerce-variation-swatches-and-photos-plugin-woocommerce.jpg\",\"width\":900,\"height\":900},{\"@type\":\"BreadcrumbList\",\"@id\":\"https:\/\/woo-themes-plugins.com\/fr\/produit\/variation-swatches-and-photos-couleur-et-images-comme-selecteur-de-variation-plugin-woocommerce\/#breadcrumb\",\"itemListElement\":[{\"@type\":\"ListItem\",\"position\":1,\"name\":\"Accueil\",\"item\":\"https:\/\/woo-themes-plugins.com\/fr\/\"},{\"@type\":\"ListItem\",\"position\":2,\"name\":\"Shop\",\"item\":\"https:\/\/woo-themes-plugins.com\/shop\/\"},{\"@type\":\"ListItem\",\"position\":3,\"name\":\"Variation Swatches and Photos \u2013 Couleur et Images comme S\u00e9lecteur de Variation \u2013 Plugin WooCommerce\"}]},{\"@type\":\"WebSite\",\"@id\":\"https:\/\/woo-themes-plugins.com\/it\/#website\",\"url\":\"https:\/\/woo-themes-plugins.com\/it\/\",\"name\":\"Woo-themes-plugins.com\",\"description\":\"Tous les th\u00e8mes et plugins WooCommerce Premium\",\"potentialAction\":[{\"@type\":\"SearchAction\",\"target\":{\"@type\":\"EntryPoint\",\"urlTemplate\":\"https:\/\/woo-themes-plugins.com\/it\/?s={search_term_string}\"},\"query-input\":\"required name=search_term_string\"}],\"inLanguage\":\"fr-FR\"}]}<\/script>\n<!-- \/ Yoast SEO plugin. -->","yoast_head_json":{"title":"Variation Swatches and Photos \u2013 S\u00e9lecteur de Variation en Images","description":"Ciquer sur une image d'un t-shirt rouge pour voir la variation rouge plut\u00f4t que de devoir cliquer sur le mot \"rouge\", voila exactement ce que propose cette extension WooCommerce. Dit autrement, ce plugin remplace les s\u00e9lecteurs de variations produits par des miniatures du-dit produit WooCommerce.","robots":{"index":"index","follow":"follow","max-snippet":"max-snippet:-1","max-image-preview":"max-image-preview:large","max-video-preview":"max-video-preview:-1"},"canonical":"https:\/\/woo-themes-plugins.com\/fr\/produit\/variation-swatches-and-photos-couleur-et-images-comme-selecteur-de-variation-plugin-woocommerce\/","og_locale":"fr_FR","og_type":"article","og_title":"Variation Swatches and Photos \u2013 S\u00e9lecteur de Variation en Images","og_description":"Ciquer sur une image d'un t-shirt rouge pour voir la variation rouge plut\u00f4t que de devoir cliquer sur le mot \"rouge\", voila exactement ce que propose cette extension WooCommerce. Dit autrement, ce plugin remplace les s\u00e9lecteurs de variations produits par des miniatures du-dit produit WooCommerce.","og_url":"https:\/\/woo-themes-plugins.com\/fr\/produit\/variation-swatches-and-photos-couleur-et-images-comme-selecteur-de-variation-plugin-woocommerce\/","og_site_name":"Woo-themes-plugins.com","article_modified_time":"2018-04-26T16:29:25+00:00","og_image":[{"width":900,"height":900,"url":"https:\/\/woo-themes-plugins.com\/wp-content\/uploads\/sites\/7\/2018\/03\/woo-themes-plugins_woocommerce-variation-swatches-and-photos-plugin-woocommerce.jpg","type":"image\/jpeg"}],"twitter_misc":{"Dur\u00e9e de lecture estim\u00e9e":"1 minute"},"schema":{"@context":"https:\/\/schema.org","@graph":[{"@type":"WebPage","@id":"https:\/\/woo-themes-plugins.com\/fr\/produit\/variation-swatches-and-photos-couleur-et-images-comme-selecteur-de-variation-plugin-woocommerce\/","url":"https:\/\/woo-themes-plugins.com\/fr\/produit\/variation-swatches-and-photos-couleur-et-images-comme-selecteur-de-variation-plugin-woocommerce\/","name":"Variation Swatches and Photos \u2013 S\u00e9lecteur de Variation en Images","isPartOf":{"@id":"https:\/\/woo-themes-plugins.com\/it\/#website"},"primaryImageOfPage":{"@id":"https:\/\/woo-themes-plugins.com\/fr\/produit\/variation-swatches-and-photos-couleur-et-images-comme-selecteur-de-variation-plugin-woocommerce\/#primaryimage"},"image":{"@id":"https:\/\/woo-themes-plugins.com\/fr\/produit\/variation-swatches-and-photos-couleur-et-images-comme-selecteur-de-variation-plugin-woocommerce\/#primaryimage"},"thumbnailUrl":"https:\/\/woo-themes-plugins.com\/wp-content\/uploads\/sites\/7\/2018\/03\/woo-themes-plugins_woocommerce-variation-swatches-and-photos-plugin-woocommerce.jpg","datePublished":"2018-03-26T09:05:34+00:00","dateModified":"2018-04-26T16:29:25+00:00","description":"Ciquer sur une image d'un t-shirt rouge pour voir la variation rouge plut\u00f4t que de devoir cliquer sur le mot \"rouge\", voila exactement ce que propose cette extension WooCommerce. Dit autrement, ce plugin remplace les s\u00e9lecteurs de variations produits par des miniatures du-dit produit WooCommerce.","breadcrumb":{"@id":"https:\/\/woo-themes-plugins.com\/fr\/produit\/variation-swatches-and-photos-couleur-et-images-comme-selecteur-de-variation-plugin-woocommerce\/#breadcrumb"},"inLanguage":"fr-FR","potentialAction":[{"@type":"ReadAction","target":["https:\/\/woo-themes-plugins.com\/fr\/produit\/variation-swatches-and-photos-couleur-et-images-comme-selecteur-de-variation-plugin-woocommerce\/"]}]},{"@type":"ImageObject","inLanguage":"fr-FR","@id":"https:\/\/woo-themes-plugins.com\/fr\/produit\/variation-swatches-and-photos-couleur-et-images-comme-selecteur-de-variation-plugin-woocommerce\/#primaryimage","url":"https:\/\/woo-themes-plugins.com\/wp-content\/uploads\/sites\/7\/2018\/03\/woo-themes-plugins_woocommerce-variation-swatches-and-photos-plugin-woocommerce.jpg","contentUrl":"https:\/\/woo-themes-plugins.com\/wp-content\/uploads\/sites\/7\/2018\/03\/woo-themes-plugins_woocommerce-variation-swatches-and-photos-plugin-woocommerce.jpg","width":900,"height":900},{"@type":"BreadcrumbList","@id":"https:\/\/woo-themes-plugins.com\/fr\/produit\/variation-swatches-and-photos-couleur-et-images-comme-selecteur-de-variation-plugin-woocommerce\/#breadcrumb","itemListElement":[{"@type":"ListItem","position":1,"name":"Accueil","item":"https:\/\/woo-themes-plugins.com\/fr\/"},{"@type":"ListItem","position":2,"name":"Shop","item":"https:\/\/woo-themes-plugins.com\/shop\/"},{"@type":"ListItem","position":3,"name":"Variation Swatches and Photos \u2013 Couleur et Images comme S\u00e9lecteur de Variation \u2013 Plugin WooCommerce"}]},{"@type":"WebSite","@id":"https:\/\/woo-themes-plugins.com\/it\/#website","url":"https:\/\/woo-themes-plugins.com\/it\/","name":"Woo-themes-plugins.com","description":"Tous les th\u00e8mes et plugins WooCommerce Premium","potentialAction":[{"@type":"SearchAction","target":{"@type":"EntryPoint","urlTemplate":"https:\/\/woo-themes-plugins.com\/it\/?s={search_term_string}"},"query-input":"required name=search_term_string"}],"inLanguage":"fr-FR"}]}},"_links":{"self":[{"href":"https:\/\/woo-themes-plugins.com\/fr\/wp-json\/wp\/v2\/product\/282","targetHints":{"allow":["GET"]}}],"collection":[{"href":"https:\/\/woo-themes-plugins.com\/fr\/wp-json\/wp\/v2\/product"}],"about":[{"href":"https:\/\/woo-themes-plugins.com\/fr\/wp-json\/wp\/v2\/types\/product"}],"wp:featuredmedia":[{"embeddable":true,"href":"https:\/\/woo-themes-plugins.com\/fr\/wp-json\/wp\/v2\/media\/2708"}],"wp:attachment":[{"href":"https:\/\/woo-themes-plugins.com\/fr\/wp-json\/wp\/v2\/media?parent=282"}],"wp:term":[{"taxonomy":"product_cat","embeddable":true,"href":"https:\/\/woo-themes-plugins.com\/fr\/wp-json\/wp\/v2\/product_cat?post=282"},{"taxonomy":"product_tag","embeddable":true,"href":"https:\/\/woo-themes-plugins.com\/fr\/wp-json\/wp\/v2\/product_tag?post=282"}],"curies":[{"name":"wp","href":"https:\/\/api.w.org\/{rel}","templated":true}]}}