{"id":283,"date":"2018-03-26T10:10:03","date_gmt":"2018-03-26T09:10:03","guid":{"rendered":"https:\/\/woo-themes-plugins.com\/?post_type=product&#038;p=283"},"modified":"2018-04-26T17:29:13","modified_gmt":"2018-04-26T16:29:13","slug":"groups-for-woocommerce-vente-dabonnement-plugin-woocommerce","status":"publish","type":"product","link":"https:\/\/woo-themes-plugins.com\/fr\/product\/groups-for-woocommerce-vente-dabonnement-plugin-woocommerce\/","title":{"rendered":"Groups for WooCommerce \u2013 Vente d&rsquo;Abonnement \u2013 Plugin WooCommerce"},"content":{"rendered":"","protected":false},"excerpt":{"rendered":"<p><em>Groups for WooCommerce <\/em>est un plugin de plugin, ou comme j&rsquo;aime \u00e0 dire, un m\u00e9ta-plugin. Il a besoin d&rsquo;un autre plugin pour vivre. Il \u00e9tend les possibilit\u00e9 du plugin sur lequel il repose. Ce plugin te permettra d&rsquo;utiliser les fameux plugin gratuit <em>Groups<\/em>, mais cette fois pour WooCommerce.<\/p>\n","protected":false},"featured_media":2700,"template":"","meta":{"_monsterinsights_skip_tracking":false,"_monsterinsights_sitenote_active":false,"_monsterinsights_sitenote_note":"","_monsterinsights_sitenote_category":0},"product_cat":[40],"product_tag":[63,106],"class_list":["post-283","product","type-product","status-publish","has-post-thumbnail","hentry","product_cat-plugin-woocommerce","product_tag-produit-woocommerce-produit-groupe-produit-complementaire","product_tag-variation-produit-woocommerce","pa_dev-woo-plugin-theme-lucas-stark","pa_marketplace-woocommerce-woocommerce-com"],"yoast_head":"<!-- This site is optimized with the Yoast SEO plugin v23.1 - https:\/\/yoast.com\/wordpress\/plugins\/seo\/ -->\n<title>Groups for WooCommerce \u2013 Vente d&#039;Abonnement<\/title>\n<meta name=\"description\" content=\"Vendre des abonnements \u00e0 acc\u00e8s illimit\u00e9s ou mensuel, c&#039;est possible avec WooCommerce et cette extension d\u00e9di\u00e9 \u00e0la gestion de groupe d&#039;abonnement pour WooCommerce.\" \/>\n<meta name=\"robots\" content=\"index, follow, max-snippet:-1, max-image-preview:large, max-video-preview:-1\" \/>\n<link rel=\"canonical\" href=\"https:\/\/woo-themes-plugins.com\/fr\/produit\/groups-for-woocommerce-vente-dabonnement-plugin-woocommerce\/\" \/>\n<meta property=\"og:locale\" content=\"fr_FR\" \/>\n<meta property=\"og:type\" content=\"article\" \/>\n<meta property=\"og:title\" content=\"Groups for WooCommerce \u2013 Vente d&#039;Abonnement\" \/>\n<meta property=\"og:description\" content=\"Vendre des abonnements \u00e0 acc\u00e8s illimit\u00e9s ou mensuel, c&#039;est possible avec WooCommerce et cette extension d\u00e9di\u00e9 \u00e0la gestion de groupe d&#039;abonnement pour WooCommerce.\" \/>\n<meta property=\"og:url\" content=\"https:\/\/woo-themes-plugins.com\/fr\/produit\/groups-for-woocommerce-vente-dabonnement-plugin-woocommerce\/\" \/>\n<meta property=\"og:site_name\" content=\"Woo-themes-plugins.com\" \/>\n<meta property=\"article:modified_time\" content=\"2018-04-26T16:29:13+00:00\" \/>\n<meta property=\"og:image\" content=\"https:\/\/woo-themes-plugins.com\/wp-content\/uploads\/sites\/7\/2018\/03\/woo-themes-plugins_woocommerce-groups-for-woocommerce-plugin-woocommerce.jpg\" \/>\n\t<meta property=\"og:image:width\" content=\"900\" \/>\n\t<meta property=\"og:image:height\" content=\"900\" \/>\n\t<meta property=\"og:image:type\" content=\"image\/jpeg\" \/>\n<script type=\"application\/ld+json\" class=\"yoast-schema-graph\">{\"@context\":\"https:\/\/schema.org\",\"@graph\":[{\"@type\":\"WebPage\",\"@id\":\"https:\/\/woo-themes-plugins.com\/fr\/produit\/groups-for-woocommerce-vente-dabonnement-plugin-woocommerce\/\",\"url\":\"https:\/\/woo-themes-plugins.com\/fr\/produit\/groups-for-woocommerce-vente-dabonnement-plugin-woocommerce\/\",\"name\":\"Groups for WooCommerce \u2013 Vente d'Abonnement\",\"isPartOf\":{\"@id\":\"https:\/\/woo-themes-plugins.com\/it\/#website\"},\"primaryImageOfPage\":{\"@id\":\"https:\/\/woo-themes-plugins.com\/fr\/produit\/groups-for-woocommerce-vente-dabonnement-plugin-woocommerce\/#primaryimage\"},\"image\":{\"@id\":\"https:\/\/woo-themes-plugins.com\/fr\/produit\/groups-for-woocommerce-vente-dabonnement-plugin-woocommerce\/#primaryimage\"},\"thumbnailUrl\":\"https:\/\/woo-themes-plugins.com\/wp-content\/uploads\/sites\/7\/2018\/03\/woo-themes-plugins_woocommerce-groups-for-woocommerce-plugin-woocommerce.jpg\",\"datePublished\":\"2018-03-26T09:10:03+00:00\",\"dateModified\":\"2018-04-26T16:29:13+00:00\",\"description\":\"Vendre des abonnements \u00e0 acc\u00e8s illimit\u00e9s ou mensuel, c'est possible avec WooCommerce et cette extension d\u00e9di\u00e9 \u00e0la gestion de groupe d'abonnement pour WooCommerce.\",\"breadcrumb\":{\"@id\":\"https:\/\/woo-themes-plugins.com\/fr\/produit\/groups-for-woocommerce-vente-dabonnement-plugin-woocommerce\/#breadcrumb\"},\"inLanguage\":\"fr-FR\",\"potentialAction\":[{\"@type\":\"ReadAction\",\"target\":[\"https:\/\/woo-themes-plugins.com\/fr\/produit\/groups-for-woocommerce-vente-dabonnement-plugin-woocommerce\/\"]}]},{\"@type\":\"ImageObject\",\"inLanguage\":\"fr-FR\",\"@id\":\"https:\/\/woo-themes-plugins.com\/fr\/produit\/groups-for-woocommerce-vente-dabonnement-plugin-woocommerce\/#primaryimage\",\"url\":\"https:\/\/woo-themes-plugins.com\/wp-content\/uploads\/sites\/7\/2018\/03\/woo-themes-plugins_woocommerce-groups-for-woocommerce-plugin-woocommerce.jpg\",\"contentUrl\":\"https:\/\/woo-themes-plugins.com\/wp-content\/uploads\/sites\/7\/2018\/03\/woo-themes-plugins_woocommerce-groups-for-woocommerce-plugin-woocommerce.jpg\",\"width\":900,\"height\":900},{\"@type\":\"BreadcrumbList\",\"@id\":\"https:\/\/woo-themes-plugins.com\/fr\/produit\/groups-for-woocommerce-vente-dabonnement-plugin-woocommerce\/#breadcrumb\",\"itemListElement\":[{\"@type\":\"ListItem\",\"position\":1,\"name\":\"Accueil\",\"item\":\"https:\/\/woo-themes-plugins.com\/fr\/\"},{\"@type\":\"ListItem\",\"position\":2,\"name\":\"Shop\",\"item\":\"https:\/\/woo-themes-plugins.com\/shop\/\"},{\"@type\":\"ListItem\",\"position\":3,\"name\":\"Groups for WooCommerce \u2013 Vente d&rsquo;Abonnement \u2013 Plugin WooCommerce\"}]},{\"@type\":\"WebSite\",\"@id\":\"https:\/\/woo-themes-plugins.com\/it\/#website\",\"url\":\"https:\/\/woo-themes-plugins.com\/it\/\",\"name\":\"Woo-themes-plugins.com\",\"description\":\"Tous les th\u00e8mes et plugins WooCommerce Premium\",\"potentialAction\":[{\"@type\":\"SearchAction\",\"target\":{\"@type\":\"EntryPoint\",\"urlTemplate\":\"https:\/\/woo-themes-plugins.com\/it\/?s={search_term_string}\"},\"query-input\":\"required name=search_term_string\"}],\"inLanguage\":\"fr-FR\"}]}<\/script>\n<!-- \/ Yoast SEO plugin. -->","yoast_head_json":{"title":"Groups for WooCommerce \u2013 Vente d'Abonnement","description":"Vendre des abonnements \u00e0 acc\u00e8s illimit\u00e9s ou mensuel, c'est possible avec WooCommerce et cette extension d\u00e9di\u00e9 \u00e0la gestion de groupe d'abonnement pour WooCommerce.","robots":{"index":"index","follow":"follow","max-snippet":"max-snippet:-1","max-image-preview":"max-image-preview:large","max-video-preview":"max-video-preview:-1"},"canonical":"https:\/\/woo-themes-plugins.com\/fr\/produit\/groups-for-woocommerce-vente-dabonnement-plugin-woocommerce\/","og_locale":"fr_FR","og_type":"article","og_title":"Groups for WooCommerce \u2013 Vente d'Abonnement","og_description":"Vendre des abonnements \u00e0 acc\u00e8s illimit\u00e9s ou mensuel, c'est possible avec WooCommerce et cette extension d\u00e9di\u00e9 \u00e0la gestion de groupe d'abonnement pour WooCommerce.","og_url":"https:\/\/woo-themes-plugins.com\/fr\/produit\/groups-for-woocommerce-vente-dabonnement-plugin-woocommerce\/","og_site_name":"Woo-themes-plugins.com","article_modified_time":"2018-04-26T16:29:13+00:00","og_image":[{"width":900,"height":900,"url":"https:\/\/woo-themes-plugins.com\/wp-content\/uploads\/sites\/7\/2018\/03\/woo-themes-plugins_woocommerce-groups-for-woocommerce-plugin-woocommerce.jpg","type":"image\/jpeg"}],"schema":{"@context":"https:\/\/schema.org","@graph":[{"@type":"WebPage","@id":"https:\/\/woo-themes-plugins.com\/fr\/produit\/groups-for-woocommerce-vente-dabonnement-plugin-woocommerce\/","url":"https:\/\/woo-themes-plugins.com\/fr\/produit\/groups-for-woocommerce-vente-dabonnement-plugin-woocommerce\/","name":"Groups for WooCommerce \u2013 Vente d'Abonnement","isPartOf":{"@id":"https:\/\/woo-themes-plugins.com\/it\/#website"},"primaryImageOfPage":{"@id":"https:\/\/woo-themes-plugins.com\/fr\/produit\/groups-for-woocommerce-vente-dabonnement-plugin-woocommerce\/#primaryimage"},"image":{"@id":"https:\/\/woo-themes-plugins.com\/fr\/produit\/groups-for-woocommerce-vente-dabonnement-plugin-woocommerce\/#primaryimage"},"thumbnailUrl":"https:\/\/woo-themes-plugins.com\/wp-content\/uploads\/sites\/7\/2018\/03\/woo-themes-plugins_woocommerce-groups-for-woocommerce-plugin-woocommerce.jpg","datePublished":"2018-03-26T09:10:03+00:00","dateModified":"2018-04-26T16:29:13+00:00","description":"Vendre des abonnements \u00e0 acc\u00e8s illimit\u00e9s ou mensuel, c'est possible avec WooCommerce et cette extension d\u00e9di\u00e9 \u00e0la gestion de groupe d'abonnement pour WooCommerce.","breadcrumb":{"@id":"https:\/\/woo-themes-plugins.com\/fr\/produit\/groups-for-woocommerce-vente-dabonnement-plugin-woocommerce\/#breadcrumb"},"inLanguage":"fr-FR","potentialAction":[{"@type":"ReadAction","target":["https:\/\/woo-themes-plugins.com\/fr\/produit\/groups-for-woocommerce-vente-dabonnement-plugin-woocommerce\/"]}]},{"@type":"ImageObject","inLanguage":"fr-FR","@id":"https:\/\/woo-themes-plugins.com\/fr\/produit\/groups-for-woocommerce-vente-dabonnement-plugin-woocommerce\/#primaryimage","url":"https:\/\/woo-themes-plugins.com\/wp-content\/uploads\/sites\/7\/2018\/03\/woo-themes-plugins_woocommerce-groups-for-woocommerce-plugin-woocommerce.jpg","contentUrl":"https:\/\/woo-themes-plugins.com\/wp-content\/uploads\/sites\/7\/2018\/03\/woo-themes-plugins_woocommerce-groups-for-woocommerce-plugin-woocommerce.jpg","width":900,"height":900},{"@type":"BreadcrumbList","@id":"https:\/\/woo-themes-plugins.com\/fr\/produit\/groups-for-woocommerce-vente-dabonnement-plugin-woocommerce\/#breadcrumb","itemListElement":[{"@type":"ListItem","position":1,"name":"Accueil","item":"https:\/\/woo-themes-plugins.com\/fr\/"},{"@type":"ListItem","position":2,"name":"Shop","item":"https:\/\/woo-themes-plugins.com\/shop\/"},{"@type":"ListItem","position":3,"name":"Groups for WooCommerce \u2013 Vente d&rsquo;Abonnement \u2013 Plugin WooCommerce"}]},{"@type":"WebSite","@id":"https:\/\/woo-themes-plugins.com\/it\/#website","url":"https:\/\/woo-themes-plugins.com\/it\/","name":"Woo-themes-plugins.com","description":"Tous les th\u00e8mes et plugins WooCommerce Premium","potentialAction":[{"@type":"SearchAction","target":{"@type":"EntryPoint","urlTemplate":"https:\/\/woo-themes-plugins.com\/it\/?s={search_term_string}"},"query-input":"required name=search_term_string"}],"inLanguage":"fr-FR"}]}},"_links":{"self":[{"href":"https:\/\/woo-themes-plugins.com\/fr\/wp-json\/wp\/v2\/product\/283","targetHints":{"allow":["GET"]}}],"collection":[{"href":"https:\/\/woo-themes-plugins.com\/fr\/wp-json\/wp\/v2\/product"}],"about":[{"href":"https:\/\/woo-themes-plugins.com\/fr\/wp-json\/wp\/v2\/types\/product"}],"wp:featuredmedia":[{"embeddable":true,"href":"https:\/\/woo-themes-plugins.com\/fr\/wp-json\/wp\/v2\/media\/2700"}],"wp:attachment":[{"href":"https:\/\/woo-themes-plugins.com\/fr\/wp-json\/wp\/v2\/media?parent=283"}],"wp:term":[{"taxonomy":"product_cat","embeddable":true,"href":"https:\/\/woo-themes-plugins.com\/fr\/wp-json\/wp\/v2\/product_cat?post=283"},{"taxonomy":"product_tag","embeddable":true,"href":"https:\/\/woo-themes-plugins.com\/fr\/wp-json\/wp\/v2\/product_tag?post=283"}],"curies":[{"name":"wp","href":"https:\/\/api.w.org\/{rel}","templated":true}]}}