{"id":284,"date":"2018-03-26T10:13:58","date_gmt":"2018-03-26T09:13:58","guid":{"rendered":"https:\/\/woo-themes-plugins.com\/?post_type=product&#038;p=284"},"modified":"2018-04-26T17:29:03","modified_gmt":"2018-04-26T16:29:03","slug":"product-vendors-transformer-woocommerce-en-marketplace-plugin-woocommerce","status":"publish","type":"product","link":"https:\/\/woo-themes-plugins.com\/fr\/product\/product-vendors-transformer-woocommerce-en-marketplace-plugin-woocommerce\/","title":{"rendered":"Product Vendors \u2013 Transformer WooCommerce en Marketplace \u2013 Plugin WooCommerce"},"content":{"rendered":"<p>Un marketplace est d\u00e9finitivement un type de site de eCommerce qui poss\u00e8de un fort grand nombre de sp\u00e9cificit\u00e9. C&rsquo;est bien pour cela que le plugin <em>Product vendors <\/em>a vu le jour, nous permettre de mettre sur pied un v\u00e9ritable marketplace avec WooCommerce.<\/p>\n<p>Cette extension WooCommerce va nous permettre de faire un grand nombre de choses comme vendre tous types de produit, te permettre de vendre tes produits en plus de ceux du marketplace, d\u00e9finir des taux de r\u00e9mun\u00e9ration par revendeur, permettre \u00e0 tes revendeurs de g\u00e9rer directement leurs produits dans l&rsquo;interface d&rsquo;administration WooCommerce, d\u00e9clencher le paiement des commissions seulement \u00e0 l&rsquo;exp\u00e9dition de la commande&#8230; comme tu peux le voir par toi-m\u00eame, la liste des fonctionnalit\u00e9s offertes par ce plugin est vraiment tr\u00e8s importante. Pour cause, un marketplace c&rsquo;est bien plus qu&rsquo;un <em>simple <\/em>site de eCommerce.<\/p>\n","protected":false},"excerpt":{"rendered":"<p>Le plugin WooCommerce <em>Product vendors <\/em>va te permettre de transformer ta boutique WooCommerce en v\u00e9ritable marketplace o\u00f9 tu pourras g\u00e9rer plusieurs vendeurs, g\u00e9rer les commissions et bien plus encore. Si tu cherches \u00e0 mettre sur pied un site de eCommerce bas\u00e9 sur le principe du Marketplace, alors il te faut \u00e9tudier ce plugin avec le plus grand s\u00e9rieux.<\/p>\n","protected":false},"featured_media":2716,"template":"","meta":{"_monsterinsights_skip_tracking":false,"_monsterinsights_sitenote_active":false,"_monsterinsights_sitenote_note":"","_monsterinsights_sitenote_category":0},"product_cat":[40],"product_tag":[176],"class_list":["post-284","product","type-product","status-publish","has-post-thumbnail","hentry","product_cat-plugin-woocommerce","product_tag-woocommerce-marketplace","pa_dev-woo-plugin-theme-woocommerce","pa_marketplace-woocommerce-woocommerce-com"],"yoast_head":"<!-- This site is optimized with the Yoast SEO plugin v23.1 - https:\/\/yoast.com\/wordpress\/plugins\/seo\/ -->\n<title>Product Vendors \u2013 Transformer WooCommerce en Marketplace<\/title>\n<meta name=\"description\" content=\"Transformer ton site WooCommerce en v\u00e9ritable marketplace avec plusieurs vendeurs dessus, c&#039;est exactement ce que va te permettre de faire cette extension WooCommerce. Tu veux un marketplace avec WooCommerce ? C&#039;est un plugin incontournable dans ce cas, d\u00e9velopp\u00e9 par WooCommerce !\" \/>\n<meta name=\"robots\" content=\"index, follow, max-snippet:-1, max-image-preview:large, max-video-preview:-1\" \/>\n<link rel=\"canonical\" href=\"https:\/\/woo-themes-plugins.com\/fr\/produit\/product-vendors-transformer-woocommerce-en-marketplace-plugin-woocommerce\/\" \/>\n<meta property=\"og:locale\" content=\"fr_FR\" \/>\n<meta property=\"og:type\" content=\"article\" \/>\n<meta property=\"og:title\" content=\"Product Vendors \u2013 Transformer WooCommerce en Marketplace\" \/>\n<meta property=\"og:description\" content=\"Transformer ton site WooCommerce en v\u00e9ritable marketplace avec plusieurs vendeurs dessus, c&#039;est exactement ce que va te permettre de faire cette extension WooCommerce. Tu veux un marketplace avec WooCommerce ? C&#039;est un plugin incontournable dans ce cas, d\u00e9velopp\u00e9 par WooCommerce !\" \/>\n<meta property=\"og:url\" content=\"https:\/\/woo-themes-plugins.com\/fr\/produit\/product-vendors-transformer-woocommerce-en-marketplace-plugin-woocommerce\/\" \/>\n<meta property=\"og:site_name\" content=\"Woo-themes-plugins.com\" \/>\n<meta property=\"article:modified_time\" content=\"2018-04-26T16:29:03+00:00\" \/>\n<meta property=\"og:image\" content=\"https:\/\/woo-themes-plugins.com\/wp-content\/uploads\/sites\/7\/2018\/03\/woo-themes-plugins_woocommerce-product-vendors-plugin-woocommerce.jpg\" \/>\n\t<meta property=\"og:image:width\" content=\"900\" \/>\n\t<meta property=\"og:image:height\" content=\"900\" \/>\n\t<meta property=\"og:image:type\" content=\"image\/jpeg\" \/>\n<meta name=\"twitter:label1\" content=\"Dur\u00e9e de lecture estim\u00e9e\" \/>\n\t<meta name=\"twitter:data1\" content=\"1 minute\" \/>\n<script type=\"application\/ld+json\" class=\"yoast-schema-graph\">{\"@context\":\"https:\/\/schema.org\",\"@graph\":[{\"@type\":\"WebPage\",\"@id\":\"https:\/\/woo-themes-plugins.com\/fr\/produit\/product-vendors-transformer-woocommerce-en-marketplace-plugin-woocommerce\/\",\"url\":\"https:\/\/woo-themes-plugins.com\/fr\/produit\/product-vendors-transformer-woocommerce-en-marketplace-plugin-woocommerce\/\",\"name\":\"Product Vendors \u2013 Transformer WooCommerce en Marketplace\",\"isPartOf\":{\"@id\":\"https:\/\/woo-themes-plugins.com\/it\/#website\"},\"primaryImageOfPage\":{\"@id\":\"https:\/\/woo-themes-plugins.com\/fr\/produit\/product-vendors-transformer-woocommerce-en-marketplace-plugin-woocommerce\/#primaryimage\"},\"image\":{\"@id\":\"https:\/\/woo-themes-plugins.com\/fr\/produit\/product-vendors-transformer-woocommerce-en-marketplace-plugin-woocommerce\/#primaryimage\"},\"thumbnailUrl\":\"https:\/\/woo-themes-plugins.com\/wp-content\/uploads\/sites\/7\/2018\/03\/woo-themes-plugins_woocommerce-product-vendors-plugin-woocommerce.jpg\",\"datePublished\":\"2018-03-26T09:13:58+00:00\",\"dateModified\":\"2018-04-26T16:29:03+00:00\",\"description\":\"Transformer ton site WooCommerce en v\u00e9ritable marketplace avec plusieurs vendeurs dessus, c'est exactement ce que va te permettre de faire cette extension WooCommerce. Tu veux un marketplace avec WooCommerce ? C'est un plugin incontournable dans ce cas, d\u00e9velopp\u00e9 par WooCommerce !\",\"breadcrumb\":{\"@id\":\"https:\/\/woo-themes-plugins.com\/fr\/produit\/product-vendors-transformer-woocommerce-en-marketplace-plugin-woocommerce\/#breadcrumb\"},\"inLanguage\":\"fr-FR\",\"potentialAction\":[{\"@type\":\"ReadAction\",\"target\":[\"https:\/\/woo-themes-plugins.com\/fr\/produit\/product-vendors-transformer-woocommerce-en-marketplace-plugin-woocommerce\/\"]}]},{\"@type\":\"ImageObject\",\"inLanguage\":\"fr-FR\",\"@id\":\"https:\/\/woo-themes-plugins.com\/fr\/produit\/product-vendors-transformer-woocommerce-en-marketplace-plugin-woocommerce\/#primaryimage\",\"url\":\"https:\/\/woo-themes-plugins.com\/wp-content\/uploads\/sites\/7\/2018\/03\/woo-themes-plugins_woocommerce-product-vendors-plugin-woocommerce.jpg\",\"contentUrl\":\"https:\/\/woo-themes-plugins.com\/wp-content\/uploads\/sites\/7\/2018\/03\/woo-themes-plugins_woocommerce-product-vendors-plugin-woocommerce.jpg\",\"width\":900,\"height\":900},{\"@type\":\"BreadcrumbList\",\"@id\":\"https:\/\/woo-themes-plugins.com\/fr\/produit\/product-vendors-transformer-woocommerce-en-marketplace-plugin-woocommerce\/#breadcrumb\",\"itemListElement\":[{\"@type\":\"ListItem\",\"position\":1,\"name\":\"Accueil\",\"item\":\"https:\/\/woo-themes-plugins.com\/fr\/\"},{\"@type\":\"ListItem\",\"position\":2,\"name\":\"Shop\",\"item\":\"https:\/\/woo-themes-plugins.com\/shop\/\"},{\"@type\":\"ListItem\",\"position\":3,\"name\":\"Product Vendors \u2013 Transformer WooCommerce en Marketplace \u2013 Plugin WooCommerce\"}]},{\"@type\":\"WebSite\",\"@id\":\"https:\/\/woo-themes-plugins.com\/it\/#website\",\"url\":\"https:\/\/woo-themes-plugins.com\/it\/\",\"name\":\"Woo-themes-plugins.com\",\"description\":\"Tous les th\u00e8mes et plugins WooCommerce Premium\",\"potentialAction\":[{\"@type\":\"SearchAction\",\"target\":{\"@type\":\"EntryPoint\",\"urlTemplate\":\"https:\/\/woo-themes-plugins.com\/it\/?s={search_term_string}\"},\"query-input\":\"required name=search_term_string\"}],\"inLanguage\":\"fr-FR\"}]}<\/script>\n<!-- \/ Yoast SEO plugin. -->","yoast_head_json":{"title":"Product Vendors \u2013 Transformer WooCommerce en Marketplace","description":"Transformer ton site WooCommerce en v\u00e9ritable marketplace avec plusieurs vendeurs dessus, c'est exactement ce que va te permettre de faire cette extension WooCommerce. Tu veux un marketplace avec WooCommerce ? C'est un plugin incontournable dans ce cas, d\u00e9velopp\u00e9 par WooCommerce !","robots":{"index":"index","follow":"follow","max-snippet":"max-snippet:-1","max-image-preview":"max-image-preview:large","max-video-preview":"max-video-preview:-1"},"canonical":"https:\/\/woo-themes-plugins.com\/fr\/produit\/product-vendors-transformer-woocommerce-en-marketplace-plugin-woocommerce\/","og_locale":"fr_FR","og_type":"article","og_title":"Product Vendors \u2013 Transformer WooCommerce en Marketplace","og_description":"Transformer ton site WooCommerce en v\u00e9ritable marketplace avec plusieurs vendeurs dessus, c'est exactement ce que va te permettre de faire cette extension WooCommerce. Tu veux un marketplace avec WooCommerce ? C'est un plugin incontournable dans ce cas, d\u00e9velopp\u00e9 par WooCommerce !","og_url":"https:\/\/woo-themes-plugins.com\/fr\/produit\/product-vendors-transformer-woocommerce-en-marketplace-plugin-woocommerce\/","og_site_name":"Woo-themes-plugins.com","article_modified_time":"2018-04-26T16:29:03+00:00","og_image":[{"width":900,"height":900,"url":"https:\/\/woo-themes-plugins.com\/wp-content\/uploads\/sites\/7\/2018\/03\/woo-themes-plugins_woocommerce-product-vendors-plugin-woocommerce.jpg","type":"image\/jpeg"}],"twitter_misc":{"Dur\u00e9e de lecture estim\u00e9e":"1 minute"},"schema":{"@context":"https:\/\/schema.org","@graph":[{"@type":"WebPage","@id":"https:\/\/woo-themes-plugins.com\/fr\/produit\/product-vendors-transformer-woocommerce-en-marketplace-plugin-woocommerce\/","url":"https:\/\/woo-themes-plugins.com\/fr\/produit\/product-vendors-transformer-woocommerce-en-marketplace-plugin-woocommerce\/","name":"Product Vendors \u2013 Transformer WooCommerce en Marketplace","isPartOf":{"@id":"https:\/\/woo-themes-plugins.com\/it\/#website"},"primaryImageOfPage":{"@id":"https:\/\/woo-themes-plugins.com\/fr\/produit\/product-vendors-transformer-woocommerce-en-marketplace-plugin-woocommerce\/#primaryimage"},"image":{"@id":"https:\/\/woo-themes-plugins.com\/fr\/produit\/product-vendors-transformer-woocommerce-en-marketplace-plugin-woocommerce\/#primaryimage"},"thumbnailUrl":"https:\/\/woo-themes-plugins.com\/wp-content\/uploads\/sites\/7\/2018\/03\/woo-themes-plugins_woocommerce-product-vendors-plugin-woocommerce.jpg","datePublished":"2018-03-26T09:13:58+00:00","dateModified":"2018-04-26T16:29:03+00:00","description":"Transformer ton site WooCommerce en v\u00e9ritable marketplace avec plusieurs vendeurs dessus, c'est exactement ce que va te permettre de faire cette extension WooCommerce. Tu veux un marketplace avec WooCommerce ? C'est un plugin incontournable dans ce cas, d\u00e9velopp\u00e9 par WooCommerce !","breadcrumb":{"@id":"https:\/\/woo-themes-plugins.com\/fr\/produit\/product-vendors-transformer-woocommerce-en-marketplace-plugin-woocommerce\/#breadcrumb"},"inLanguage":"fr-FR","potentialAction":[{"@type":"ReadAction","target":["https:\/\/woo-themes-plugins.com\/fr\/produit\/product-vendors-transformer-woocommerce-en-marketplace-plugin-woocommerce\/"]}]},{"@type":"ImageObject","inLanguage":"fr-FR","@id":"https:\/\/woo-themes-plugins.com\/fr\/produit\/product-vendors-transformer-woocommerce-en-marketplace-plugin-woocommerce\/#primaryimage","url":"https:\/\/woo-themes-plugins.com\/wp-content\/uploads\/sites\/7\/2018\/03\/woo-themes-plugins_woocommerce-product-vendors-plugin-woocommerce.jpg","contentUrl":"https:\/\/woo-themes-plugins.com\/wp-content\/uploads\/sites\/7\/2018\/03\/woo-themes-plugins_woocommerce-product-vendors-plugin-woocommerce.jpg","width":900,"height":900},{"@type":"BreadcrumbList","@id":"https:\/\/woo-themes-plugins.com\/fr\/produit\/product-vendors-transformer-woocommerce-en-marketplace-plugin-woocommerce\/#breadcrumb","itemListElement":[{"@type":"ListItem","position":1,"name":"Accueil","item":"https:\/\/woo-themes-plugins.com\/fr\/"},{"@type":"ListItem","position":2,"name":"Shop","item":"https:\/\/woo-themes-plugins.com\/shop\/"},{"@type":"ListItem","position":3,"name":"Product Vendors \u2013 Transformer WooCommerce en Marketplace \u2013 Plugin WooCommerce"}]},{"@type":"WebSite","@id":"https:\/\/woo-themes-plugins.com\/it\/#website","url":"https:\/\/woo-themes-plugins.com\/it\/","name":"Woo-themes-plugins.com","description":"Tous les th\u00e8mes et plugins WooCommerce Premium","potentialAction":[{"@type":"SearchAction","target":{"@type":"EntryPoint","urlTemplate":"https:\/\/woo-themes-plugins.com\/it\/?s={search_term_string}"},"query-input":"required name=search_term_string"}],"inLanguage":"fr-FR"}]}},"_links":{"self":[{"href":"https:\/\/woo-themes-plugins.com\/fr\/wp-json\/wp\/v2\/product\/284","targetHints":{"allow":["GET"]}}],"collection":[{"href":"https:\/\/woo-themes-plugins.com\/fr\/wp-json\/wp\/v2\/product"}],"about":[{"href":"https:\/\/woo-themes-plugins.com\/fr\/wp-json\/wp\/v2\/types\/product"}],"wp:featuredmedia":[{"embeddable":true,"href":"https:\/\/woo-themes-plugins.com\/fr\/wp-json\/wp\/v2\/media\/2716"}],"wp:attachment":[{"href":"https:\/\/woo-themes-plugins.com\/fr\/wp-json\/wp\/v2\/media?parent=284"}],"wp:term":[{"taxonomy":"product_cat","embeddable":true,"href":"https:\/\/woo-themes-plugins.com\/fr\/wp-json\/wp\/v2\/product_cat?post=284"},{"taxonomy":"product_tag","embeddable":true,"href":"https:\/\/woo-themes-plugins.com\/fr\/wp-json\/wp\/v2\/product_tag?post=284"}],"curies":[{"name":"wp","href":"https:\/\/api.w.org\/{rel}","templated":true}]}}