{"id":285,"date":"2018-03-26T10:16:53","date_gmt":"2018-03-26T09:16:53","guid":{"rendered":"https:\/\/woo-themes-plugins.com\/?post_type=product&#038;p=285"},"modified":"2018-04-26T17:28:54","modified_gmt":"2018-04-26T16:28:54","slug":"woocommerce-tab-manager-personnalisation-onglets-produit-plugin-woocommerce","status":"publish","type":"product","link":"https:\/\/woo-themes-plugins.com\/fr\/product\/woocommerce-tab-manager-personnalisation-onglets-produit-plugin-woocommerce\/","title":{"rendered":"WooCommerce Tab Manager \u2013 Personnalisation Onglets Produit \u2013 Plugin WooCommerce"},"content":{"rendered":"<p>Le syst\u00e8me de pr\u00e9sentation des informations bas\u00e9 sur un syst\u00e8me d&rsquo;onglet est particuli\u00e8rement pertinent dans les pages produits WooCommerce. Il permet de condenser un grand nombre d&rsquo;information sur peu de place, tout en s\u00e9parant les diff\u00e9rents types d&rsquo;informations. On ne retrouve donc pas dans le m\u00eame onglet les sp\u00e9cificit\u00e9s du produit ou les commentaires clients par exemple.<\/p>\n<p>Ce syst\u00e8me est tellement bien qu&rsquo;on aimerait bien pouvoir l&rsquo;utiliser comme bon nous semble pour venir en cr\u00e9er de nouveau, dans le but de cr\u00e9er une fiche produit qui colle \u00e0 100% avec le type de produit que l&rsquo;on vend, en particulier. WooCommerce Tab Manager est un plugin WooCommerce qui s&rsquo;inscrit dans ce cadre. Cette extension WooCommerce va nous permettre de prendre le contr\u00f4le sur ce syst\u00e8me d&rsquo;onglet, en nous permettant de venir en cr\u00e9er autant que l&rsquo;on en souhaite.<\/p>\n","protected":false},"excerpt":{"rendered":"<p>Le plugin WooCommerce <em>Product vendors <\/em>va te permettre de transformer ta boutique WooCommerce en v\u00e9ritable marketplace o\u00f9 tu pourras g\u00e9rer plusieurs vendeurs, g\u00e9rer les commissions et bien plus encore. Si tu cherches \u00e0 mettre sur pied un site de eCommerce bas\u00e9 sur le principe du Marketplace, alors il te faut \u00e9tudier ce plugin avec le plus grand s\u00e9rieux.<\/p>\n","protected":false},"featured_media":2724,"template":"","meta":{"_monsterinsights_skip_tracking":false,"_monsterinsights_sitenote_active":false,"_monsterinsights_sitenote_note":"","_monsterinsights_sitenote_category":0},"product_cat":[40],"product_tag":[121],"class_list":["post-285","product","type-product","status-publish","has-post-thumbnail","hentry","product_cat-plugin-woocommerce","product_tag-plugin-theme-woocommerce-indispensable","pa_dev-woo-plugin-theme-skyverge","pa_marketplace-woocommerce-woocommerce-com"],"yoast_head":"<!-- This site is optimized with the Yoast SEO plugin v23.1 - https:\/\/yoast.com\/wordpress\/plugins\/seo\/ -->\n<title>WooCommerce Tab Manager \u2013 Personnalisation Onglets \/ Tabs Produit<\/title>\n<meta name=\"description\" content=\"Personnaliser les onglets WooCommerce pr\u00e9sent sur une fiche produit, c&#039;est un v\u00e9ritable jeu d&#039;enfant. Enfin, je devrais dire que personnaliser les onglets WooCommerce des fiches produits est un jeu d&#039;enfant... avec ce plugin directement disponible sur le site de WooCommerce.com.\" \/>\n<meta name=\"robots\" content=\"index, follow, max-snippet:-1, max-image-preview:large, max-video-preview:-1\" \/>\n<link rel=\"canonical\" href=\"https:\/\/woo-themes-plugins.com\/fr\/produit\/woocommerce-tab-manager-personnalisation-onglets-produit-plugin-woocommerce\/\" \/>\n<meta property=\"og:locale\" content=\"fr_FR\" \/>\n<meta property=\"og:type\" content=\"article\" \/>\n<meta property=\"og:title\" content=\"WooCommerce Tab Manager \u2013 Personnalisation Onglets \/ Tabs Produit\" \/>\n<meta property=\"og:description\" content=\"Personnaliser les onglets WooCommerce pr\u00e9sent sur une fiche produit, c&#039;est un v\u00e9ritable jeu d&#039;enfant. Enfin, je devrais dire que personnaliser les onglets WooCommerce des fiches produits est un jeu d&#039;enfant... avec ce plugin directement disponible sur le site de WooCommerce.com.\" \/>\n<meta property=\"og:url\" content=\"https:\/\/woo-themes-plugins.com\/fr\/produit\/woocommerce-tab-manager-personnalisation-onglets-produit-plugin-woocommerce\/\" \/>\n<meta property=\"og:site_name\" content=\"Woo-themes-plugins.com\" \/>\n<meta property=\"article:modified_time\" content=\"2018-04-26T16:28:54+00:00\" \/>\n<meta property=\"og:image\" content=\"https:\/\/woo-themes-plugins.com\/wp-content\/uploads\/sites\/7\/2018\/03\/woo-themes-plugins_woocommerce-woocommerce-tab-manager-plugin-woocommerce.jpg\" \/>\n\t<meta property=\"og:image:width\" content=\"900\" \/>\n\t<meta property=\"og:image:height\" content=\"900\" \/>\n\t<meta property=\"og:image:type\" content=\"image\/jpeg\" \/>\n<meta name=\"twitter:label1\" content=\"Dur\u00e9e de lecture estim\u00e9e\" \/>\n\t<meta name=\"twitter:data1\" content=\"1 minute\" \/>\n<script type=\"application\/ld+json\" class=\"yoast-schema-graph\">{\"@context\":\"https:\/\/schema.org\",\"@graph\":[{\"@type\":\"WebPage\",\"@id\":\"https:\/\/woo-themes-plugins.com\/fr\/produit\/woocommerce-tab-manager-personnalisation-onglets-produit-plugin-woocommerce\/\",\"url\":\"https:\/\/woo-themes-plugins.com\/fr\/produit\/woocommerce-tab-manager-personnalisation-onglets-produit-plugin-woocommerce\/\",\"name\":\"WooCommerce Tab Manager \u2013 Personnalisation Onglets \/ Tabs Produit\",\"isPartOf\":{\"@id\":\"https:\/\/woo-themes-plugins.com\/it\/#website\"},\"primaryImageOfPage\":{\"@id\":\"https:\/\/woo-themes-plugins.com\/fr\/produit\/woocommerce-tab-manager-personnalisation-onglets-produit-plugin-woocommerce\/#primaryimage\"},\"image\":{\"@id\":\"https:\/\/woo-themes-plugins.com\/fr\/produit\/woocommerce-tab-manager-personnalisation-onglets-produit-plugin-woocommerce\/#primaryimage\"},\"thumbnailUrl\":\"https:\/\/woo-themes-plugins.com\/wp-content\/uploads\/sites\/7\/2018\/03\/woo-themes-plugins_woocommerce-woocommerce-tab-manager-plugin-woocommerce.jpg\",\"datePublished\":\"2018-03-26T09:16:53+00:00\",\"dateModified\":\"2018-04-26T16:28:54+00:00\",\"description\":\"Personnaliser les onglets WooCommerce pr\u00e9sent sur une fiche produit, c'est un v\u00e9ritable jeu d'enfant. Enfin, je devrais dire que personnaliser les onglets WooCommerce des fiches produits est un jeu d'enfant... avec ce plugin directement disponible sur le site de WooCommerce.com.\",\"breadcrumb\":{\"@id\":\"https:\/\/woo-themes-plugins.com\/fr\/produit\/woocommerce-tab-manager-personnalisation-onglets-produit-plugin-woocommerce\/#breadcrumb\"},\"inLanguage\":\"fr-FR\",\"potentialAction\":[{\"@type\":\"ReadAction\",\"target\":[\"https:\/\/woo-themes-plugins.com\/fr\/produit\/woocommerce-tab-manager-personnalisation-onglets-produit-plugin-woocommerce\/\"]}]},{\"@type\":\"ImageObject\",\"inLanguage\":\"fr-FR\",\"@id\":\"https:\/\/woo-themes-plugins.com\/fr\/produit\/woocommerce-tab-manager-personnalisation-onglets-produit-plugin-woocommerce\/#primaryimage\",\"url\":\"https:\/\/woo-themes-plugins.com\/wp-content\/uploads\/sites\/7\/2018\/03\/woo-themes-plugins_woocommerce-woocommerce-tab-manager-plugin-woocommerce.jpg\",\"contentUrl\":\"https:\/\/woo-themes-plugins.com\/wp-content\/uploads\/sites\/7\/2018\/03\/woo-themes-plugins_woocommerce-woocommerce-tab-manager-plugin-woocommerce.jpg\",\"width\":900,\"height\":900},{\"@type\":\"BreadcrumbList\",\"@id\":\"https:\/\/woo-themes-plugins.com\/fr\/produit\/woocommerce-tab-manager-personnalisation-onglets-produit-plugin-woocommerce\/#breadcrumb\",\"itemListElement\":[{\"@type\":\"ListItem\",\"position\":1,\"name\":\"Accueil\",\"item\":\"https:\/\/woo-themes-plugins.com\/fr\/\"},{\"@type\":\"ListItem\",\"position\":2,\"name\":\"Shop\",\"item\":\"https:\/\/woo-themes-plugins.com\/shop\/\"},{\"@type\":\"ListItem\",\"position\":3,\"name\":\"WooCommerce Tab Manager \u2013 Personnalisation Onglets Produit \u2013 Plugin WooCommerce\"}]},{\"@type\":\"WebSite\",\"@id\":\"https:\/\/woo-themes-plugins.com\/it\/#website\",\"url\":\"https:\/\/woo-themes-plugins.com\/it\/\",\"name\":\"Woo-themes-plugins.com\",\"description\":\"Tous les th\u00e8mes et plugins WooCommerce Premium\",\"potentialAction\":[{\"@type\":\"SearchAction\",\"target\":{\"@type\":\"EntryPoint\",\"urlTemplate\":\"https:\/\/woo-themes-plugins.com\/it\/?s={search_term_string}\"},\"query-input\":\"required name=search_term_string\"}],\"inLanguage\":\"fr-FR\"}]}<\/script>\n<!-- \/ Yoast SEO plugin. -->","yoast_head_json":{"title":"WooCommerce Tab Manager \u2013 Personnalisation Onglets \/ Tabs Produit","description":"Personnaliser les onglets WooCommerce pr\u00e9sent sur une fiche produit, c'est un v\u00e9ritable jeu d'enfant. Enfin, je devrais dire que personnaliser les onglets WooCommerce des fiches produits est un jeu d'enfant... avec ce plugin directement disponible sur le site de WooCommerce.com.","robots":{"index":"index","follow":"follow","max-snippet":"max-snippet:-1","max-image-preview":"max-image-preview:large","max-video-preview":"max-video-preview:-1"},"canonical":"https:\/\/woo-themes-plugins.com\/fr\/produit\/woocommerce-tab-manager-personnalisation-onglets-produit-plugin-woocommerce\/","og_locale":"fr_FR","og_type":"article","og_title":"WooCommerce Tab Manager \u2013 Personnalisation Onglets \/ Tabs Produit","og_description":"Personnaliser les onglets WooCommerce pr\u00e9sent sur une fiche produit, c'est un v\u00e9ritable jeu d'enfant. Enfin, je devrais dire que personnaliser les onglets WooCommerce des fiches produits est un jeu d'enfant... avec ce plugin directement disponible sur le site de WooCommerce.com.","og_url":"https:\/\/woo-themes-plugins.com\/fr\/produit\/woocommerce-tab-manager-personnalisation-onglets-produit-plugin-woocommerce\/","og_site_name":"Woo-themes-plugins.com","article_modified_time":"2018-04-26T16:28:54+00:00","og_image":[{"width":900,"height":900,"url":"https:\/\/woo-themes-plugins.com\/wp-content\/uploads\/sites\/7\/2018\/03\/woo-themes-plugins_woocommerce-woocommerce-tab-manager-plugin-woocommerce.jpg","type":"image\/jpeg"}],"twitter_misc":{"Dur\u00e9e de lecture estim\u00e9e":"1 minute"},"schema":{"@context":"https:\/\/schema.org","@graph":[{"@type":"WebPage","@id":"https:\/\/woo-themes-plugins.com\/fr\/produit\/woocommerce-tab-manager-personnalisation-onglets-produit-plugin-woocommerce\/","url":"https:\/\/woo-themes-plugins.com\/fr\/produit\/woocommerce-tab-manager-personnalisation-onglets-produit-plugin-woocommerce\/","name":"WooCommerce Tab Manager \u2013 Personnalisation Onglets \/ Tabs Produit","isPartOf":{"@id":"https:\/\/woo-themes-plugins.com\/it\/#website"},"primaryImageOfPage":{"@id":"https:\/\/woo-themes-plugins.com\/fr\/produit\/woocommerce-tab-manager-personnalisation-onglets-produit-plugin-woocommerce\/#primaryimage"},"image":{"@id":"https:\/\/woo-themes-plugins.com\/fr\/produit\/woocommerce-tab-manager-personnalisation-onglets-produit-plugin-woocommerce\/#primaryimage"},"thumbnailUrl":"https:\/\/woo-themes-plugins.com\/wp-content\/uploads\/sites\/7\/2018\/03\/woo-themes-plugins_woocommerce-woocommerce-tab-manager-plugin-woocommerce.jpg","datePublished":"2018-03-26T09:16:53+00:00","dateModified":"2018-04-26T16:28:54+00:00","description":"Personnaliser les onglets WooCommerce pr\u00e9sent sur une fiche produit, c'est un v\u00e9ritable jeu d'enfant. Enfin, je devrais dire que personnaliser les onglets WooCommerce des fiches produits est un jeu d'enfant... avec ce plugin directement disponible sur le site de WooCommerce.com.","breadcrumb":{"@id":"https:\/\/woo-themes-plugins.com\/fr\/produit\/woocommerce-tab-manager-personnalisation-onglets-produit-plugin-woocommerce\/#breadcrumb"},"inLanguage":"fr-FR","potentialAction":[{"@type":"ReadAction","target":["https:\/\/woo-themes-plugins.com\/fr\/produit\/woocommerce-tab-manager-personnalisation-onglets-produit-plugin-woocommerce\/"]}]},{"@type":"ImageObject","inLanguage":"fr-FR","@id":"https:\/\/woo-themes-plugins.com\/fr\/produit\/woocommerce-tab-manager-personnalisation-onglets-produit-plugin-woocommerce\/#primaryimage","url":"https:\/\/woo-themes-plugins.com\/wp-content\/uploads\/sites\/7\/2018\/03\/woo-themes-plugins_woocommerce-woocommerce-tab-manager-plugin-woocommerce.jpg","contentUrl":"https:\/\/woo-themes-plugins.com\/wp-content\/uploads\/sites\/7\/2018\/03\/woo-themes-plugins_woocommerce-woocommerce-tab-manager-plugin-woocommerce.jpg","width":900,"height":900},{"@type":"BreadcrumbList","@id":"https:\/\/woo-themes-plugins.com\/fr\/produit\/woocommerce-tab-manager-personnalisation-onglets-produit-plugin-woocommerce\/#breadcrumb","itemListElement":[{"@type":"ListItem","position":1,"name":"Accueil","item":"https:\/\/woo-themes-plugins.com\/fr\/"},{"@type":"ListItem","position":2,"name":"Shop","item":"https:\/\/woo-themes-plugins.com\/shop\/"},{"@type":"ListItem","position":3,"name":"WooCommerce Tab Manager \u2013 Personnalisation Onglets Produit \u2013 Plugin WooCommerce"}]},{"@type":"WebSite","@id":"https:\/\/woo-themes-plugins.com\/it\/#website","url":"https:\/\/woo-themes-plugins.com\/it\/","name":"Woo-themes-plugins.com","description":"Tous les th\u00e8mes et plugins WooCommerce Premium","potentialAction":[{"@type":"SearchAction","target":{"@type":"EntryPoint","urlTemplate":"https:\/\/woo-themes-plugins.com\/it\/?s={search_term_string}"},"query-input":"required name=search_term_string"}],"inLanguage":"fr-FR"}]}},"_links":{"self":[{"href":"https:\/\/woo-themes-plugins.com\/fr\/wp-json\/wp\/v2\/product\/285","targetHints":{"allow":["GET"]}}],"collection":[{"href":"https:\/\/woo-themes-plugins.com\/fr\/wp-json\/wp\/v2\/product"}],"about":[{"href":"https:\/\/woo-themes-plugins.com\/fr\/wp-json\/wp\/v2\/types\/product"}],"wp:featuredmedia":[{"embeddable":true,"href":"https:\/\/woo-themes-plugins.com\/fr\/wp-json\/wp\/v2\/media\/2724"}],"wp:attachment":[{"href":"https:\/\/woo-themes-plugins.com\/fr\/wp-json\/wp\/v2\/media?parent=285"}],"wp:term":[{"taxonomy":"product_cat","embeddable":true,"href":"https:\/\/woo-themes-plugins.com\/fr\/wp-json\/wp\/v2\/product_cat?post=285"},{"taxonomy":"product_tag","embeddable":true,"href":"https:\/\/woo-themes-plugins.com\/fr\/wp-json\/wp\/v2\/product_tag?post=285"}],"curies":[{"name":"wp","href":"https:\/\/api.w.org\/{rel}","templated":true}]}}