{"id":286,"date":"2018-03-26T10:18:48","date_gmt":"2018-03-26T09:18:48","guid":{"rendered":"https:\/\/woo-themes-plugins.com\/?post_type=product&#038;p=286"},"modified":"2018-04-26T17:28:45","modified_gmt":"2018-04-26T16:28:45","slug":"woocommerce-brands-gestion-des-marques-plugin-woocommerce","status":"publish","type":"product","link":"https:\/\/woo-themes-plugins.com\/fr\/product\/woocommerce-brands-gestion-des-marques-plugin-woocommerce\/","title":{"rendered":"WooCommerce Brands \u2013 Gestion des Marques \u2013 Plugin WooCommerce"},"content":{"rendered":"<p>Comme le nom de cette extension WooCommerce l&rsquo;indique tr\u00e8s clairement, elle nous offre la possibilit\u00e9 d&rsquo;int\u00e9grer et d\u2019interagir avec le concept de <em>marques<\/em>. Chacune de ces marques pourra avoir une existante propre, comme une cat\u00e9gorie produit, avec son propre nom, sa propre description et une logo si besoin. Dit autrement, ce plugin WooCommerce ajouter la <em>taxonomie <\/em>de type <em>marques <\/em>sur ton site WooCommerce, avec tout ce que cela implique :<\/p>\n<ul>\n<li>Possibilit\u00e9 de trier et lister toutes les marques sur une page d\u00e9di\u00e9e gr\u00e2ce \u00e0 l&rsquo;utilisation d&rsquo;un shortcode<\/li>\n<li>Affichage de miniature par shortcode<\/li>\n<li>Utilisation d&rsquo;un widget sp\u00e9cial pour g\u00e9rer la barre lat\u00e9ral de notre site<\/li>\n<li>Assignation nominative \u00e0 un produit<\/li>\n<li>Offrir une navigation par marque \u00e0 nos clients<\/li>\n<\/ul>\n<p>On aime la possibilit\u00e9 de cr\u00e9er une page qui reprend l&rsquo;ensemble des marques que l&rsquo;on vend sur notre site WooCommerce; cela est particuli\u00e8rement utile pour montrer l&rsquo;\u00e9tendu de son catalogue fournisseur.<\/p>\n","protected":false},"excerpt":{"rendered":"<p>Tu vends plusieurs marques sur ton site de eCommerce WooCommerce est tu aimerais que tes clients puissent naviguer dedans ? Rien de plus simple avec <em>WooCommerce Brands<\/em>. Un petit plugin d\u00e9velopp\u00e9 par WooCommerce qui fait bien son boulot, \u00e0 savoir cr\u00e9er un syst\u00e8me de classification bas\u00e9 sur les marques produit.<\/p>\n","protected":false},"featured_media":2732,"template":"","meta":{"_monsterinsights_skip_tracking":false,"_monsterinsights_sitenote_active":false,"_monsterinsights_sitenote_note":"","_monsterinsights_sitenote_category":0},"product_cat":[40],"product_tag":[112,111],"class_list":["post-286","product","type-product","status-publish","has-post-thumbnail","hentry","product_cat-plugin-woocommerce","product_tag-classification-e-categorisation-woocommerce","product_tag-recherche-avancee-woocommerce","pa_dev-woo-plugin-theme-woocommerce","pa_marketplace-woocommerce-woocommerce-com"],"yoast_head":"<!-- This site is optimized with the Yoast SEO plugin v23.1 - https:\/\/yoast.com\/wordpress\/plugins\/seo\/ -->\n<title>WooCommerce Brands \u2013 Gestion des Marques \u2013 Plugin WooCommerce<\/title>\n<meta name=\"description\" content=\"Ton shop WooCommerce vend diff\u00e9rentes marques et tu souhaiterais permettre \u00e0 tes clients de naviguer directement au travers de ces marques ? D\u00e9couvres sans plus tarder l&#039;extension WooCommerce Brands. Sp\u00e9cialement d\u00e9velopp\u00e9 pour nous permettre de travailler avec plusieurs marques et WooCommerce.\" \/>\n<meta name=\"robots\" content=\"index, follow, max-snippet:-1, max-image-preview:large, max-video-preview:-1\" \/>\n<link rel=\"canonical\" href=\"https:\/\/woo-themes-plugins.com\/fr\/produit\/woocommerce-brands-gestion-des-marques-plugin-woocommerce\/\" \/>\n<meta property=\"og:locale\" content=\"fr_FR\" \/>\n<meta property=\"og:type\" content=\"article\" \/>\n<meta property=\"og:title\" content=\"WooCommerce Brands \u2013 Gestion des Marques \u2013 Plugin WooCommerce\" \/>\n<meta property=\"og:description\" content=\"Ton shop WooCommerce vend diff\u00e9rentes marques et tu souhaiterais permettre \u00e0 tes clients de naviguer directement au travers de ces marques ? D\u00e9couvres sans plus tarder l&#039;extension WooCommerce Brands. Sp\u00e9cialement d\u00e9velopp\u00e9 pour nous permettre de travailler avec plusieurs marques et WooCommerce.\" \/>\n<meta property=\"og:url\" content=\"https:\/\/woo-themes-plugins.com\/fr\/produit\/woocommerce-brands-gestion-des-marques-plugin-woocommerce\/\" \/>\n<meta property=\"og:site_name\" content=\"Woo-themes-plugins.com\" \/>\n<meta property=\"article:modified_time\" content=\"2018-04-26T16:28:45+00:00\" \/>\n<meta property=\"og:image\" content=\"https:\/\/woo-themes-plugins.com\/wp-content\/uploads\/sites\/7\/2018\/03\/woo-themes-plugins_woocommerce-woocommerce-brands-plugin-woocommerce.jpg\" \/>\n\t<meta property=\"og:image:width\" content=\"900\" \/>\n\t<meta property=\"og:image:height\" content=\"900\" \/>\n\t<meta property=\"og:image:type\" content=\"image\/jpeg\" \/>\n<meta name=\"twitter:label1\" content=\"Dur\u00e9e de lecture estim\u00e9e\" \/>\n\t<meta name=\"twitter:data1\" content=\"1 minute\" \/>\n<script type=\"application\/ld+json\" class=\"yoast-schema-graph\">{\"@context\":\"https:\/\/schema.org\",\"@graph\":[{\"@type\":\"WebPage\",\"@id\":\"https:\/\/woo-themes-plugins.com\/fr\/produit\/woocommerce-brands-gestion-des-marques-plugin-woocommerce\/\",\"url\":\"https:\/\/woo-themes-plugins.com\/fr\/produit\/woocommerce-brands-gestion-des-marques-plugin-woocommerce\/\",\"name\":\"WooCommerce Brands \u2013 Gestion des Marques \u2013 Plugin WooCommerce\",\"isPartOf\":{\"@id\":\"https:\/\/woo-themes-plugins.com\/it\/#website\"},\"primaryImageOfPage\":{\"@id\":\"https:\/\/woo-themes-plugins.com\/fr\/produit\/woocommerce-brands-gestion-des-marques-plugin-woocommerce\/#primaryimage\"},\"image\":{\"@id\":\"https:\/\/woo-themes-plugins.com\/fr\/produit\/woocommerce-brands-gestion-des-marques-plugin-woocommerce\/#primaryimage\"},\"thumbnailUrl\":\"https:\/\/woo-themes-plugins.com\/wp-content\/uploads\/sites\/7\/2018\/03\/woo-themes-plugins_woocommerce-woocommerce-brands-plugin-woocommerce.jpg\",\"datePublished\":\"2018-03-26T09:18:48+00:00\",\"dateModified\":\"2018-04-26T16:28:45+00:00\",\"description\":\"Ton shop WooCommerce vend diff\u00e9rentes marques et tu souhaiterais permettre \u00e0 tes clients de naviguer directement au travers de ces marques ? D\u00e9couvres sans plus tarder l'extension WooCommerce Brands. Sp\u00e9cialement d\u00e9velopp\u00e9 pour nous permettre de travailler avec plusieurs marques et WooCommerce.\",\"breadcrumb\":{\"@id\":\"https:\/\/woo-themes-plugins.com\/fr\/produit\/woocommerce-brands-gestion-des-marques-plugin-woocommerce\/#breadcrumb\"},\"inLanguage\":\"fr-FR\",\"potentialAction\":[{\"@type\":\"ReadAction\",\"target\":[\"https:\/\/woo-themes-plugins.com\/fr\/produit\/woocommerce-brands-gestion-des-marques-plugin-woocommerce\/\"]}]},{\"@type\":\"ImageObject\",\"inLanguage\":\"fr-FR\",\"@id\":\"https:\/\/woo-themes-plugins.com\/fr\/produit\/woocommerce-brands-gestion-des-marques-plugin-woocommerce\/#primaryimage\",\"url\":\"https:\/\/woo-themes-plugins.com\/wp-content\/uploads\/sites\/7\/2018\/03\/woo-themes-plugins_woocommerce-woocommerce-brands-plugin-woocommerce.jpg\",\"contentUrl\":\"https:\/\/woo-themes-plugins.com\/wp-content\/uploads\/sites\/7\/2018\/03\/woo-themes-plugins_woocommerce-woocommerce-brands-plugin-woocommerce.jpg\",\"width\":900,\"height\":900},{\"@type\":\"BreadcrumbList\",\"@id\":\"https:\/\/woo-themes-plugins.com\/fr\/produit\/woocommerce-brands-gestion-des-marques-plugin-woocommerce\/#breadcrumb\",\"itemListElement\":[{\"@type\":\"ListItem\",\"position\":1,\"name\":\"Accueil\",\"item\":\"https:\/\/woo-themes-plugins.com\/fr\/\"},{\"@type\":\"ListItem\",\"position\":2,\"name\":\"Shop\",\"item\":\"https:\/\/woo-themes-plugins.com\/shop\/\"},{\"@type\":\"ListItem\",\"position\":3,\"name\":\"WooCommerce Brands \u2013 Gestion des Marques \u2013 Plugin WooCommerce\"}]},{\"@type\":\"WebSite\",\"@id\":\"https:\/\/woo-themes-plugins.com\/it\/#website\",\"url\":\"https:\/\/woo-themes-plugins.com\/it\/\",\"name\":\"Woo-themes-plugins.com\",\"description\":\"Tous les th\u00e8mes et plugins WooCommerce Premium\",\"potentialAction\":[{\"@type\":\"SearchAction\",\"target\":{\"@type\":\"EntryPoint\",\"urlTemplate\":\"https:\/\/woo-themes-plugins.com\/it\/?s={search_term_string}\"},\"query-input\":\"required name=search_term_string\"}],\"inLanguage\":\"fr-FR\"}]}<\/script>\n<!-- \/ Yoast SEO plugin. -->","yoast_head_json":{"title":"WooCommerce Brands \u2013 Gestion des Marques \u2013 Plugin WooCommerce","description":"Ton shop WooCommerce vend diff\u00e9rentes marques et tu souhaiterais permettre \u00e0 tes clients de naviguer directement au travers de ces marques ? D\u00e9couvres sans plus tarder l'extension WooCommerce Brands. Sp\u00e9cialement d\u00e9velopp\u00e9 pour nous permettre de travailler avec plusieurs marques et WooCommerce.","robots":{"index":"index","follow":"follow","max-snippet":"max-snippet:-1","max-image-preview":"max-image-preview:large","max-video-preview":"max-video-preview:-1"},"canonical":"https:\/\/woo-themes-plugins.com\/fr\/produit\/woocommerce-brands-gestion-des-marques-plugin-woocommerce\/","og_locale":"fr_FR","og_type":"article","og_title":"WooCommerce Brands \u2013 Gestion des Marques \u2013 Plugin WooCommerce","og_description":"Ton shop WooCommerce vend diff\u00e9rentes marques et tu souhaiterais permettre \u00e0 tes clients de naviguer directement au travers de ces marques ? D\u00e9couvres sans plus tarder l'extension WooCommerce Brands. Sp\u00e9cialement d\u00e9velopp\u00e9 pour nous permettre de travailler avec plusieurs marques et WooCommerce.","og_url":"https:\/\/woo-themes-plugins.com\/fr\/produit\/woocommerce-brands-gestion-des-marques-plugin-woocommerce\/","og_site_name":"Woo-themes-plugins.com","article_modified_time":"2018-04-26T16:28:45+00:00","og_image":[{"width":900,"height":900,"url":"https:\/\/woo-themes-plugins.com\/wp-content\/uploads\/sites\/7\/2018\/03\/woo-themes-plugins_woocommerce-woocommerce-brands-plugin-woocommerce.jpg","type":"image\/jpeg"}],"twitter_misc":{"Dur\u00e9e de lecture estim\u00e9e":"1 minute"},"schema":{"@context":"https:\/\/schema.org","@graph":[{"@type":"WebPage","@id":"https:\/\/woo-themes-plugins.com\/fr\/produit\/woocommerce-brands-gestion-des-marques-plugin-woocommerce\/","url":"https:\/\/woo-themes-plugins.com\/fr\/produit\/woocommerce-brands-gestion-des-marques-plugin-woocommerce\/","name":"WooCommerce Brands \u2013 Gestion des Marques \u2013 Plugin WooCommerce","isPartOf":{"@id":"https:\/\/woo-themes-plugins.com\/it\/#website"},"primaryImageOfPage":{"@id":"https:\/\/woo-themes-plugins.com\/fr\/produit\/woocommerce-brands-gestion-des-marques-plugin-woocommerce\/#primaryimage"},"image":{"@id":"https:\/\/woo-themes-plugins.com\/fr\/produit\/woocommerce-brands-gestion-des-marques-plugin-woocommerce\/#primaryimage"},"thumbnailUrl":"https:\/\/woo-themes-plugins.com\/wp-content\/uploads\/sites\/7\/2018\/03\/woo-themes-plugins_woocommerce-woocommerce-brands-plugin-woocommerce.jpg","datePublished":"2018-03-26T09:18:48+00:00","dateModified":"2018-04-26T16:28:45+00:00","description":"Ton shop WooCommerce vend diff\u00e9rentes marques et tu souhaiterais permettre \u00e0 tes clients de naviguer directement au travers de ces marques ? D\u00e9couvres sans plus tarder l'extension WooCommerce Brands. Sp\u00e9cialement d\u00e9velopp\u00e9 pour nous permettre de travailler avec plusieurs marques et WooCommerce.","breadcrumb":{"@id":"https:\/\/woo-themes-plugins.com\/fr\/produit\/woocommerce-brands-gestion-des-marques-plugin-woocommerce\/#breadcrumb"},"inLanguage":"fr-FR","potentialAction":[{"@type":"ReadAction","target":["https:\/\/woo-themes-plugins.com\/fr\/produit\/woocommerce-brands-gestion-des-marques-plugin-woocommerce\/"]}]},{"@type":"ImageObject","inLanguage":"fr-FR","@id":"https:\/\/woo-themes-plugins.com\/fr\/produit\/woocommerce-brands-gestion-des-marques-plugin-woocommerce\/#primaryimage","url":"https:\/\/woo-themes-plugins.com\/wp-content\/uploads\/sites\/7\/2018\/03\/woo-themes-plugins_woocommerce-woocommerce-brands-plugin-woocommerce.jpg","contentUrl":"https:\/\/woo-themes-plugins.com\/wp-content\/uploads\/sites\/7\/2018\/03\/woo-themes-plugins_woocommerce-woocommerce-brands-plugin-woocommerce.jpg","width":900,"height":900},{"@type":"BreadcrumbList","@id":"https:\/\/woo-themes-plugins.com\/fr\/produit\/woocommerce-brands-gestion-des-marques-plugin-woocommerce\/#breadcrumb","itemListElement":[{"@type":"ListItem","position":1,"name":"Accueil","item":"https:\/\/woo-themes-plugins.com\/fr\/"},{"@type":"ListItem","position":2,"name":"Shop","item":"https:\/\/woo-themes-plugins.com\/shop\/"},{"@type":"ListItem","position":3,"name":"WooCommerce Brands \u2013 Gestion des Marques \u2013 Plugin WooCommerce"}]},{"@type":"WebSite","@id":"https:\/\/woo-themes-plugins.com\/it\/#website","url":"https:\/\/woo-themes-plugins.com\/it\/","name":"Woo-themes-plugins.com","description":"Tous les th\u00e8mes et plugins WooCommerce Premium","potentialAction":[{"@type":"SearchAction","target":{"@type":"EntryPoint","urlTemplate":"https:\/\/woo-themes-plugins.com\/it\/?s={search_term_string}"},"query-input":"required name=search_term_string"}],"inLanguage":"fr-FR"}]}},"_links":{"self":[{"href":"https:\/\/woo-themes-plugins.com\/fr\/wp-json\/wp\/v2\/product\/286","targetHints":{"allow":["GET"]}}],"collection":[{"href":"https:\/\/woo-themes-plugins.com\/fr\/wp-json\/wp\/v2\/product"}],"about":[{"href":"https:\/\/woo-themes-plugins.com\/fr\/wp-json\/wp\/v2\/types\/product"}],"wp:featuredmedia":[{"embeddable":true,"href":"https:\/\/woo-themes-plugins.com\/fr\/wp-json\/wp\/v2\/media\/2732"}],"wp:attachment":[{"href":"https:\/\/woo-themes-plugins.com\/fr\/wp-json\/wp\/v2\/media?parent=286"}],"wp:term":[{"taxonomy":"product_cat","embeddable":true,"href":"https:\/\/woo-themes-plugins.com\/fr\/wp-json\/wp\/v2\/product_cat?post=286"},{"taxonomy":"product_tag","embeddable":true,"href":"https:\/\/woo-themes-plugins.com\/fr\/wp-json\/wp\/v2\/product_tag?post=286"}],"curies":[{"name":"wp","href":"https:\/\/api.w.org\/{rel}","templated":true}]}}