{"id":287,"date":"2018-03-26T10:21:53","date_gmt":"2018-03-26T09:21:53","guid":{"rendered":"https:\/\/woo-themes-plugins.com\/?post_type=product&#038;p=287"},"modified":"2018-04-26T17:28:35","modified_gmt":"2018-04-26T16:28:35","slug":"woocommerce-social-login-creation-compte-client-plugin-woocommerce","status":"publish","type":"product","link":"https:\/\/woo-themes-plugins.com\/fr\/product\/woocommerce-social-login-creation-compte-client-plugin-woocommerce\/","title":{"rendered":"WooCommerce Social Login \u2013 Cr\u00e9ation Compte Client \u2013 Plugin WooCommerce"},"content":{"rendered":"<p>Je viens de te le dire, minimiser son taux d&rsquo;abandon de panier c&rsquo;est s&rsquo;int\u00e9resser aux principales raisons d&rsquo;abandons sur son site. Bien que ces raisons peuvent \u00eatre nombreuses et parfois d\u00e9pendre totalement de son secteur d&rsquo;activit\u00e9, il n&rsquo;en demeure pas moins que de grandes constantes se retrouvent, peut importe le site de eCommerce et peut importe le secteur d&rsquo;activit\u00e9. Un des blocages les plus fort concerne la cr\u00e9ation de compte client. Qui ne s&rsquo;est pas arr\u00eat\u00e9 au moment de passer commande, lorsqu&rsquo;il s&rsquo;est aper\u00e7ue qu&rsquo;il fallait <em>encore <\/em>cr\u00e9er un compte sur un <em>\u00e9ni\u00e8me<\/em> site web. Si cela est souvent peut probl\u00e9matique pour les gros sites ayant pignons sur rue depuis longtemps, cela est beaucoup moins vrais pour les boutiques plus modestes. <em>WooCommerce Social Login <\/em>est comme son doux nom l&rsquo;indique, une extension WooCommerce dont le but est de proposer \u00e0 nos clients de se connecter \u00e0 notre site directement avec un compte issue d&rsquo;un r\u00e9seau social comme Twitter, Facebook ou Instagram, mais aussi de site tr\u00e8s populaires comme Paypal ou Amazon par exemple.<\/p>\n<p>Au moment du passage de la commande, l&rsquo;utilisateur se invit\u00e9 \u00e0 se connect\u00e9 avec l&rsquo;un de ces comptes, ou bien entendu, d&rsquo;en cr\u00e9er un sur votre site s&rsquo;il le souhaite tout de m\u00eame. Mais tu sais quoi ? Lorsque tu auras activ\u00e9 cette fonctionnalit\u00e9 de connexion avec un r\u00e9seau social sur ton site WooCommerce, tu vas d\u00e9couvrir que plus de 70% de tes clients l&rsquo;utiliserons par d\u00e9faut.<\/p>\n<p>Un plugin WooCommerce qui apporte beaucoup plus de fluidit\u00e9 dans le passage de sa commande sur notre site de eCommerce, assurant ainsi un taux de perte minimiser.<\/p>\n","protected":false},"excerpt":{"rendered":"<p>Avec <em>WooCommerce Social Login<\/em>, il te sera enfin possible de proposer \u00e0 tes clients de cr\u00e9er un compte en passant par leurs comptes de r\u00e9seaux sociaux. Plus simple pour certains clients, cela te permettra de maximiser un processus qui est souvent \u00e0 l&rsquo;origine de la plus forte source d&rsquo;abandon panier de ton site.<\/p>\n","protected":false},"featured_media":2740,"template":"","meta":{"_monsterinsights_skip_tracking":false,"_monsterinsights_sitenote_active":false,"_monsterinsights_sitenote_note":"","_monsterinsights_sitenote_category":0},"product_cat":[40],"product_tag":[114,113,121,98],"class_list":["post-287","product","type-product","status-publish","has-post-thumbnail","hentry","product_cat-plugin-woocommerce","product_tag-amelioration-abandon-panier","product_tag-compte-client-woocommerce","product_tag-plugin-theme-woocommerce-indispensable","product_tag-reseau-sociaux-woocommerce","pa_dev-woo-plugin-theme-skyverge","pa_marketplace-woocommerce-woocommerce-com"],"yoast_head":"<!-- This site is optimized with the Yoast SEO plugin v23.1 - https:\/\/yoast.com\/wordpress\/plugins\/seo\/ -->\n<title>WooCommerce Social Login \u2013 Cr\u00e9ation Compte Client WooCommerce<\/title>\n<meta name=\"description\" content=\"Permettre la connexion \u00e0 ton site WooCommerce directement \u00e0 partir de son compte Twitter, Facebook, Google+, Amazon, Linked, Instagram, Yahoo et m\u00eame Paypal c&#039;est possible avec WooCommerce Social Login, un plugin indispensable pour booster les ventes de son site de eCommerce avec le web 2.0.\" \/>\n<meta name=\"robots\" content=\"index, follow, max-snippet:-1, max-image-preview:large, max-video-preview:-1\" \/>\n<link rel=\"canonical\" href=\"https:\/\/woo-themes-plugins.com\/fr\/produit\/woocommerce-social-login-creation-compte-client-plugin-woocommerce\/\" \/>\n<meta property=\"og:locale\" content=\"fr_FR\" \/>\n<meta property=\"og:type\" content=\"article\" \/>\n<meta property=\"og:title\" content=\"WooCommerce Social Login \u2013 Cr\u00e9ation Compte Client WooCommerce\" \/>\n<meta property=\"og:description\" content=\"Permettre la connexion \u00e0 ton site WooCommerce directement \u00e0 partir de son compte Twitter, Facebook, Google+, Amazon, Linked, Instagram, Yahoo et m\u00eame Paypal c&#039;est possible avec WooCommerce Social Login, un plugin indispensable pour booster les ventes de son site de eCommerce avec le web 2.0.\" \/>\n<meta property=\"og:url\" content=\"https:\/\/woo-themes-plugins.com\/fr\/produit\/woocommerce-social-login-creation-compte-client-plugin-woocommerce\/\" \/>\n<meta property=\"og:site_name\" content=\"Woo-themes-plugins.com\" \/>\n<meta property=\"article:modified_time\" content=\"2018-04-26T16:28:35+00:00\" \/>\n<meta property=\"og:image\" content=\"https:\/\/woo-themes-plugins.com\/wp-content\/uploads\/sites\/7\/2018\/03\/woo-themes-plugins_woocommerce-woocommerce-social-login-plugin-woocommerce.jpg\" \/>\n\t<meta property=\"og:image:width\" content=\"900\" \/>\n\t<meta property=\"og:image:height\" content=\"900\" \/>\n\t<meta property=\"og:image:type\" content=\"image\/jpeg\" \/>\n<meta name=\"twitter:label1\" content=\"Dur\u00e9e de lecture estim\u00e9e\" \/>\n\t<meta name=\"twitter:data1\" content=\"1 minute\" \/>\n<script type=\"application\/ld+json\" class=\"yoast-schema-graph\">{\"@context\":\"https:\/\/schema.org\",\"@graph\":[{\"@type\":\"WebPage\",\"@id\":\"https:\/\/woo-themes-plugins.com\/fr\/produit\/woocommerce-social-login-creation-compte-client-plugin-woocommerce\/\",\"url\":\"https:\/\/woo-themes-plugins.com\/fr\/produit\/woocommerce-social-login-creation-compte-client-plugin-woocommerce\/\",\"name\":\"WooCommerce Social Login \u2013 Cr\u00e9ation Compte Client WooCommerce\",\"isPartOf\":{\"@id\":\"https:\/\/woo-themes-plugins.com\/it\/#website\"},\"primaryImageOfPage\":{\"@id\":\"https:\/\/woo-themes-plugins.com\/fr\/produit\/woocommerce-social-login-creation-compte-client-plugin-woocommerce\/#primaryimage\"},\"image\":{\"@id\":\"https:\/\/woo-themes-plugins.com\/fr\/produit\/woocommerce-social-login-creation-compte-client-plugin-woocommerce\/#primaryimage\"},\"thumbnailUrl\":\"https:\/\/woo-themes-plugins.com\/wp-content\/uploads\/sites\/7\/2018\/03\/woo-themes-plugins_woocommerce-woocommerce-social-login-plugin-woocommerce.jpg\",\"datePublished\":\"2018-03-26T09:21:53+00:00\",\"dateModified\":\"2018-04-26T16:28:35+00:00\",\"description\":\"Permettre la connexion \u00e0 ton site WooCommerce directement \u00e0 partir de son compte Twitter, Facebook, Google+, Amazon, Linked, Instagram, Yahoo et m\u00eame Paypal c'est possible avec WooCommerce Social Login, un plugin indispensable pour booster les ventes de son site de eCommerce avec le web 2.0.\",\"breadcrumb\":{\"@id\":\"https:\/\/woo-themes-plugins.com\/fr\/produit\/woocommerce-social-login-creation-compte-client-plugin-woocommerce\/#breadcrumb\"},\"inLanguage\":\"fr-FR\",\"potentialAction\":[{\"@type\":\"ReadAction\",\"target\":[\"https:\/\/woo-themes-plugins.com\/fr\/produit\/woocommerce-social-login-creation-compte-client-plugin-woocommerce\/\"]}]},{\"@type\":\"ImageObject\",\"inLanguage\":\"fr-FR\",\"@id\":\"https:\/\/woo-themes-plugins.com\/fr\/produit\/woocommerce-social-login-creation-compte-client-plugin-woocommerce\/#primaryimage\",\"url\":\"https:\/\/woo-themes-plugins.com\/wp-content\/uploads\/sites\/7\/2018\/03\/woo-themes-plugins_woocommerce-woocommerce-social-login-plugin-woocommerce.jpg\",\"contentUrl\":\"https:\/\/woo-themes-plugins.com\/wp-content\/uploads\/sites\/7\/2018\/03\/woo-themes-plugins_woocommerce-woocommerce-social-login-plugin-woocommerce.jpg\",\"width\":900,\"height\":900},{\"@type\":\"BreadcrumbList\",\"@id\":\"https:\/\/woo-themes-plugins.com\/fr\/produit\/woocommerce-social-login-creation-compte-client-plugin-woocommerce\/#breadcrumb\",\"itemListElement\":[{\"@type\":\"ListItem\",\"position\":1,\"name\":\"Accueil\",\"item\":\"https:\/\/woo-themes-plugins.com\/fr\/\"},{\"@type\":\"ListItem\",\"position\":2,\"name\":\"Shop\",\"item\":\"https:\/\/woo-themes-plugins.com\/shop\/\"},{\"@type\":\"ListItem\",\"position\":3,\"name\":\"WooCommerce Social Login \u2013 Cr\u00e9ation Compte Client \u2013 Plugin WooCommerce\"}]},{\"@type\":\"WebSite\",\"@id\":\"https:\/\/woo-themes-plugins.com\/it\/#website\",\"url\":\"https:\/\/woo-themes-plugins.com\/it\/\",\"name\":\"Woo-themes-plugins.com\",\"description\":\"Tous les th\u00e8mes et plugins WooCommerce Premium\",\"potentialAction\":[{\"@type\":\"SearchAction\",\"target\":{\"@type\":\"EntryPoint\",\"urlTemplate\":\"https:\/\/woo-themes-plugins.com\/it\/?s={search_term_string}\"},\"query-input\":\"required name=search_term_string\"}],\"inLanguage\":\"fr-FR\"}]}<\/script>\n<!-- \/ Yoast SEO plugin. -->","yoast_head_json":{"title":"WooCommerce Social Login \u2013 Cr\u00e9ation Compte Client WooCommerce","description":"Permettre la connexion \u00e0 ton site WooCommerce directement \u00e0 partir de son compte Twitter, Facebook, Google+, Amazon, Linked, Instagram, Yahoo et m\u00eame Paypal c'est possible avec WooCommerce Social Login, un plugin indispensable pour booster les ventes de son site de eCommerce avec le web 2.0.","robots":{"index":"index","follow":"follow","max-snippet":"max-snippet:-1","max-image-preview":"max-image-preview:large","max-video-preview":"max-video-preview:-1"},"canonical":"https:\/\/woo-themes-plugins.com\/fr\/produit\/woocommerce-social-login-creation-compte-client-plugin-woocommerce\/","og_locale":"fr_FR","og_type":"article","og_title":"WooCommerce Social Login \u2013 Cr\u00e9ation Compte Client WooCommerce","og_description":"Permettre la connexion \u00e0 ton site WooCommerce directement \u00e0 partir de son compte Twitter, Facebook, Google+, Amazon, Linked, Instagram, Yahoo et m\u00eame Paypal c'est possible avec WooCommerce Social Login, un plugin indispensable pour booster les ventes de son site de eCommerce avec le web 2.0.","og_url":"https:\/\/woo-themes-plugins.com\/fr\/produit\/woocommerce-social-login-creation-compte-client-plugin-woocommerce\/","og_site_name":"Woo-themes-plugins.com","article_modified_time":"2018-04-26T16:28:35+00:00","og_image":[{"width":900,"height":900,"url":"https:\/\/woo-themes-plugins.com\/wp-content\/uploads\/sites\/7\/2018\/03\/woo-themes-plugins_woocommerce-woocommerce-social-login-plugin-woocommerce.jpg","type":"image\/jpeg"}],"twitter_misc":{"Dur\u00e9e de lecture estim\u00e9e":"1 minute"},"schema":{"@context":"https:\/\/schema.org","@graph":[{"@type":"WebPage","@id":"https:\/\/woo-themes-plugins.com\/fr\/produit\/woocommerce-social-login-creation-compte-client-plugin-woocommerce\/","url":"https:\/\/woo-themes-plugins.com\/fr\/produit\/woocommerce-social-login-creation-compte-client-plugin-woocommerce\/","name":"WooCommerce Social Login \u2013 Cr\u00e9ation Compte Client WooCommerce","isPartOf":{"@id":"https:\/\/woo-themes-plugins.com\/it\/#website"},"primaryImageOfPage":{"@id":"https:\/\/woo-themes-plugins.com\/fr\/produit\/woocommerce-social-login-creation-compte-client-plugin-woocommerce\/#primaryimage"},"image":{"@id":"https:\/\/woo-themes-plugins.com\/fr\/produit\/woocommerce-social-login-creation-compte-client-plugin-woocommerce\/#primaryimage"},"thumbnailUrl":"https:\/\/woo-themes-plugins.com\/wp-content\/uploads\/sites\/7\/2018\/03\/woo-themes-plugins_woocommerce-woocommerce-social-login-plugin-woocommerce.jpg","datePublished":"2018-03-26T09:21:53+00:00","dateModified":"2018-04-26T16:28:35+00:00","description":"Permettre la connexion \u00e0 ton site WooCommerce directement \u00e0 partir de son compte Twitter, Facebook, Google+, Amazon, Linked, Instagram, Yahoo et m\u00eame Paypal c'est possible avec WooCommerce Social Login, un plugin indispensable pour booster les ventes de son site de eCommerce avec le web 2.0.","breadcrumb":{"@id":"https:\/\/woo-themes-plugins.com\/fr\/produit\/woocommerce-social-login-creation-compte-client-plugin-woocommerce\/#breadcrumb"},"inLanguage":"fr-FR","potentialAction":[{"@type":"ReadAction","target":["https:\/\/woo-themes-plugins.com\/fr\/produit\/woocommerce-social-login-creation-compte-client-plugin-woocommerce\/"]}]},{"@type":"ImageObject","inLanguage":"fr-FR","@id":"https:\/\/woo-themes-plugins.com\/fr\/produit\/woocommerce-social-login-creation-compte-client-plugin-woocommerce\/#primaryimage","url":"https:\/\/woo-themes-plugins.com\/wp-content\/uploads\/sites\/7\/2018\/03\/woo-themes-plugins_woocommerce-woocommerce-social-login-plugin-woocommerce.jpg","contentUrl":"https:\/\/woo-themes-plugins.com\/wp-content\/uploads\/sites\/7\/2018\/03\/woo-themes-plugins_woocommerce-woocommerce-social-login-plugin-woocommerce.jpg","width":900,"height":900},{"@type":"BreadcrumbList","@id":"https:\/\/woo-themes-plugins.com\/fr\/produit\/woocommerce-social-login-creation-compte-client-plugin-woocommerce\/#breadcrumb","itemListElement":[{"@type":"ListItem","position":1,"name":"Accueil","item":"https:\/\/woo-themes-plugins.com\/fr\/"},{"@type":"ListItem","position":2,"name":"Shop","item":"https:\/\/woo-themes-plugins.com\/shop\/"},{"@type":"ListItem","position":3,"name":"WooCommerce Social Login \u2013 Cr\u00e9ation Compte Client \u2013 Plugin WooCommerce"}]},{"@type":"WebSite","@id":"https:\/\/woo-themes-plugins.com\/it\/#website","url":"https:\/\/woo-themes-plugins.com\/it\/","name":"Woo-themes-plugins.com","description":"Tous les th\u00e8mes et plugins WooCommerce Premium","potentialAction":[{"@type":"SearchAction","target":{"@type":"EntryPoint","urlTemplate":"https:\/\/woo-themes-plugins.com\/it\/?s={search_term_string}"},"query-input":"required name=search_term_string"}],"inLanguage":"fr-FR"}]}},"_links":{"self":[{"href":"https:\/\/woo-themes-plugins.com\/fr\/wp-json\/wp\/v2\/product\/287","targetHints":{"allow":["GET"]}}],"collection":[{"href":"https:\/\/woo-themes-plugins.com\/fr\/wp-json\/wp\/v2\/product"}],"about":[{"href":"https:\/\/woo-themes-plugins.com\/fr\/wp-json\/wp\/v2\/types\/product"}],"wp:featuredmedia":[{"embeddable":true,"href":"https:\/\/woo-themes-plugins.com\/fr\/wp-json\/wp\/v2\/media\/2740"}],"wp:attachment":[{"href":"https:\/\/woo-themes-plugins.com\/fr\/wp-json\/wp\/v2\/media?parent=287"}],"wp:term":[{"taxonomy":"product_cat","embeddable":true,"href":"https:\/\/woo-themes-plugins.com\/fr\/wp-json\/wp\/v2\/product_cat?post=287"},{"taxonomy":"product_tag","embeddable":true,"href":"https:\/\/woo-themes-plugins.com\/fr\/wp-json\/wp\/v2\/product_tag?post=287"}],"curies":[{"name":"wp","href":"https:\/\/api.w.org\/{rel}","templated":true}]}}