{"id":288,"date":"2018-03-26T10:38:40","date_gmt":"2018-03-26T09:38:40","guid":{"rendered":"https:\/\/woo-themes-plugins.com\/?post_type=product&#038;p=288"},"modified":"2018-04-26T17:28:20","modified_gmt":"2018-04-26T16:28:20","slug":"woocommerce-checkout-add-ons-produits-complementaires-plugin-woocommerce","status":"publish","type":"product","link":"https:\/\/woo-themes-plugins.com\/fr\/product\/woocommerce-checkout-add-ons-produits-complementaires-plugin-woocommerce\/","title":{"rendered":"WooCommerce Checkout Add-Ons \u2013 Personnalisation du tunnel d&rsquo;achat"},"content":{"rendered":"<p>Lorsqu&rsquo;il est question de formulaire WooCommerce pour passer commande, il est pas interdit de dire que celui-ci est minimale. Minimale pas tant dans les informations qu&rsquo;il contient car apr\u00e8s tout, elles sont bien toutes pr\u00e9sentes. Je dirais plut\u00f4t minimale dans les possibilit\u00e9s de personnalisation qui nous sont offertes. Il faut bien le dire, elles sont nulles. Si tu souhaites proposer des services compl\u00e9mentaires ou des produits additionnels directement dans le checkout client, cela est purement impossible. C&rsquo;est bien ce que nous propose donc de faire cette extension WooCommerce : proposer des services et produits additionnels directement dans le checkout client.<\/p>\n<p>En fait, cela est un r\u00e9sum\u00e9 bien simpliste de ce que peut faire ce plugin WooCommerce. Tu vas pouvoir venir cr\u00e9er diff\u00e9rentes conditions de d\u00e9clenchement pour la pr\u00e9sentation de ces diff\u00e9rents produits ou services. Encore mieux, tu vas pouvoir d\u00e9terminer si ces derniers sont facturables ou tout simplement offert au client.<\/p>\n<p>Avec ce type d&rsquo;extension pour WooCommerce, tu vas prendre le contr\u00f4le totale sur ton checkout en permettant aussi \u00e0 ton client d&rsquo;envoyer par exemple une photo \u00e0 imprimer pour 10\u20ac sur un certain type de t-shirt, ou encore permettre l&rsquo;achat de service sans gestion de stock comme des assurances compl\u00e9mentaires par exemple. Checkout add-ons nous permet bien entendu de manipuler toute une vari\u00e9t\u00e9 de champs HTML comme les s\u00e9lecteurs multiples, les zones de texte libre, les checkbox&#8230;<\/p>\n","protected":false},"excerpt":{"rendered":"<p>SkyVerge nous propose le plugin WooCommerce <em>WooCommerce Checkout Add-ons<\/em> qui nous offre la possibilit\u00e9 de mettre en avant des offres ou des produits en particuliers durant le tunnel de conversion client. Parfait pour maximiser ses ventes ou d\u00e9clencher les frais de port offert par exemple.<\/p>\n<p>Cette extension WooCommerce, c&rsquo;est aussi et surtout la possibilit\u00e9 de personnaliser \u00e0 100% le tunnel de conversion client, ce que ne permet pas de faire WooCommerce !<\/p>\n","protected":false},"featured_media":2748,"template":"","meta":{"_monsterinsights_skip_tracking":false,"_monsterinsights_sitenote_active":false,"_monsterinsights_sitenote_note":"","_monsterinsights_sitenote_category":0},"product_cat":[40],"product_tag":[63,72],"class_list":["post-288","product","type-product","status-publish","has-post-thumbnail","hentry","product_cat-plugin-woocommerce","product_tag-produit-woocommerce-produit-groupe-produit-complementaire","product_tag-tunnel-de-conversion-checkout-woocommerce","pa_dev-woo-plugin-theme-skyverge","pa_marketplace-woocommerce-woocommerce-com"],"yoast_head":"<!-- This site is optimized with the Yoast SEO plugin v23.1 - https:\/\/yoast.com\/wordpress\/plugins\/seo\/ -->\n<title>WooCommerce Checkout Add-Ons \u2013 Personnalisation du tunnel d&#039;achat<\/title>\n<meta name=\"description\" content=\"Ce plugin, c&#039;est enfin la possibilit\u00e9 qui nous est offerte \u00e0 nous, administrateur de site WooCommerce, d&#039;avoir enfin la main compl\u00e8te sur notre tunnel d&#039;achat client. Avec cette extension, propose des services compl\u00e9mentaires, ajoute des champs HTML, permet l&#039;envois de fichiers... Bref, manipule tout le checkout \u00e0 100%\" \/>\n<meta name=\"robots\" content=\"index, follow, max-snippet:-1, max-image-preview:large, max-video-preview:-1\" \/>\n<link rel=\"canonical\" href=\"https:\/\/woo-themes-plugins.com\/fr\/produit\/woocommerce-checkout-add-ons-produits-complementaires-plugin-woocommerce\/\" \/>\n<meta property=\"og:locale\" content=\"fr_FR\" \/>\n<meta property=\"og:type\" content=\"article\" \/>\n<meta property=\"og:title\" content=\"WooCommerce Checkout Add-Ons \u2013 Personnalisation du tunnel d&#039;achat\" \/>\n<meta property=\"og:description\" content=\"Ce plugin, c&#039;est enfin la possibilit\u00e9 qui nous est offerte \u00e0 nous, administrateur de site WooCommerce, d&#039;avoir enfin la main compl\u00e8te sur notre tunnel d&#039;achat client. Avec cette extension, propose des services compl\u00e9mentaires, ajoute des champs HTML, permet l&#039;envois de fichiers... Bref, manipule tout le checkout \u00e0 100%\" \/>\n<meta property=\"og:url\" content=\"https:\/\/woo-themes-plugins.com\/fr\/produit\/woocommerce-checkout-add-ons-produits-complementaires-plugin-woocommerce\/\" \/>\n<meta property=\"og:site_name\" content=\"Woo-themes-plugins.com\" \/>\n<meta property=\"article:modified_time\" content=\"2018-04-26T16:28:20+00:00\" \/>\n<meta property=\"og:image\" content=\"https:\/\/woo-themes-plugins.com\/wp-content\/uploads\/sites\/7\/2018\/03\/woo-themes-plugins_woocommerce-woocommerce-checkout-add-ons-login-plugin-woocommerce.jpg\" \/>\n\t<meta property=\"og:image:width\" content=\"900\" \/>\n\t<meta property=\"og:image:height\" content=\"900\" \/>\n\t<meta property=\"og:image:type\" content=\"image\/jpeg\" \/>\n<meta name=\"twitter:label1\" content=\"Dur\u00e9e de lecture estim\u00e9e\" \/>\n\t<meta name=\"twitter:data1\" content=\"1 minute\" \/>\n<script type=\"application\/ld+json\" class=\"yoast-schema-graph\">{\"@context\":\"https:\/\/schema.org\",\"@graph\":[{\"@type\":\"WebPage\",\"@id\":\"https:\/\/woo-themes-plugins.com\/fr\/produit\/woocommerce-checkout-add-ons-produits-complementaires-plugin-woocommerce\/\",\"url\":\"https:\/\/woo-themes-plugins.com\/fr\/produit\/woocommerce-checkout-add-ons-produits-complementaires-plugin-woocommerce\/\",\"name\":\"WooCommerce Checkout Add-Ons \u2013 Personnalisation du tunnel d'achat\",\"isPartOf\":{\"@id\":\"https:\/\/woo-themes-plugins.com\/it\/#website\"},\"primaryImageOfPage\":{\"@id\":\"https:\/\/woo-themes-plugins.com\/fr\/produit\/woocommerce-checkout-add-ons-produits-complementaires-plugin-woocommerce\/#primaryimage\"},\"image\":{\"@id\":\"https:\/\/woo-themes-plugins.com\/fr\/produit\/woocommerce-checkout-add-ons-produits-complementaires-plugin-woocommerce\/#primaryimage\"},\"thumbnailUrl\":\"https:\/\/woo-themes-plugins.com\/wp-content\/uploads\/sites\/7\/2018\/03\/woo-themes-plugins_woocommerce-woocommerce-checkout-add-ons-login-plugin-woocommerce.jpg\",\"datePublished\":\"2018-03-26T09:38:40+00:00\",\"dateModified\":\"2018-04-26T16:28:20+00:00\",\"description\":\"Ce plugin, c'est enfin la possibilit\u00e9 qui nous est offerte \u00e0 nous, administrateur de site WooCommerce, d'avoir enfin la main compl\u00e8te sur notre tunnel d'achat client. Avec cette extension, propose des services compl\u00e9mentaires, ajoute des champs HTML, permet l'envois de fichiers... Bref, manipule tout le checkout \u00e0 100%\",\"breadcrumb\":{\"@id\":\"https:\/\/woo-themes-plugins.com\/fr\/produit\/woocommerce-checkout-add-ons-produits-complementaires-plugin-woocommerce\/#breadcrumb\"},\"inLanguage\":\"fr-FR\",\"potentialAction\":[{\"@type\":\"ReadAction\",\"target\":[\"https:\/\/woo-themes-plugins.com\/fr\/produit\/woocommerce-checkout-add-ons-produits-complementaires-plugin-woocommerce\/\"]}]},{\"@type\":\"ImageObject\",\"inLanguage\":\"fr-FR\",\"@id\":\"https:\/\/woo-themes-plugins.com\/fr\/produit\/woocommerce-checkout-add-ons-produits-complementaires-plugin-woocommerce\/#primaryimage\",\"url\":\"https:\/\/woo-themes-plugins.com\/wp-content\/uploads\/sites\/7\/2018\/03\/woo-themes-plugins_woocommerce-woocommerce-checkout-add-ons-login-plugin-woocommerce.jpg\",\"contentUrl\":\"https:\/\/woo-themes-plugins.com\/wp-content\/uploads\/sites\/7\/2018\/03\/woo-themes-plugins_woocommerce-woocommerce-checkout-add-ons-login-plugin-woocommerce.jpg\",\"width\":900,\"height\":900},{\"@type\":\"BreadcrumbList\",\"@id\":\"https:\/\/woo-themes-plugins.com\/fr\/produit\/woocommerce-checkout-add-ons-produits-complementaires-plugin-woocommerce\/#breadcrumb\",\"itemListElement\":[{\"@type\":\"ListItem\",\"position\":1,\"name\":\"Accueil\",\"item\":\"https:\/\/woo-themes-plugins.com\/fr\/\"},{\"@type\":\"ListItem\",\"position\":2,\"name\":\"Shop\",\"item\":\"https:\/\/woo-themes-plugins.com\/shop\/\"},{\"@type\":\"ListItem\",\"position\":3,\"name\":\"WooCommerce Checkout Add-Ons \u2013 Personnalisation du tunnel d&rsquo;achat\"}]},{\"@type\":\"WebSite\",\"@id\":\"https:\/\/woo-themes-plugins.com\/it\/#website\",\"url\":\"https:\/\/woo-themes-plugins.com\/it\/\",\"name\":\"Woo-themes-plugins.com\",\"description\":\"Tous les th\u00e8mes et plugins WooCommerce Premium\",\"potentialAction\":[{\"@type\":\"SearchAction\",\"target\":{\"@type\":\"EntryPoint\",\"urlTemplate\":\"https:\/\/woo-themes-plugins.com\/it\/?s={search_term_string}\"},\"query-input\":\"required name=search_term_string\"}],\"inLanguage\":\"fr-FR\"}]}<\/script>\n<!-- \/ Yoast SEO plugin. -->","yoast_head_json":{"title":"WooCommerce Checkout Add-Ons \u2013 Personnalisation du tunnel d'achat","description":"Ce plugin, c'est enfin la possibilit\u00e9 qui nous est offerte \u00e0 nous, administrateur de site WooCommerce, d'avoir enfin la main compl\u00e8te sur notre tunnel d'achat client. Avec cette extension, propose des services compl\u00e9mentaires, ajoute des champs HTML, permet l'envois de fichiers... Bref, manipule tout le checkout \u00e0 100%","robots":{"index":"index","follow":"follow","max-snippet":"max-snippet:-1","max-image-preview":"max-image-preview:large","max-video-preview":"max-video-preview:-1"},"canonical":"https:\/\/woo-themes-plugins.com\/fr\/produit\/woocommerce-checkout-add-ons-produits-complementaires-plugin-woocommerce\/","og_locale":"fr_FR","og_type":"article","og_title":"WooCommerce Checkout Add-Ons \u2013 Personnalisation du tunnel d'achat","og_description":"Ce plugin, c'est enfin la possibilit\u00e9 qui nous est offerte \u00e0 nous, administrateur de site WooCommerce, d'avoir enfin la main compl\u00e8te sur notre tunnel d'achat client. Avec cette extension, propose des services compl\u00e9mentaires, ajoute des champs HTML, permet l'envois de fichiers... Bref, manipule tout le checkout \u00e0 100%","og_url":"https:\/\/woo-themes-plugins.com\/fr\/produit\/woocommerce-checkout-add-ons-produits-complementaires-plugin-woocommerce\/","og_site_name":"Woo-themes-plugins.com","article_modified_time":"2018-04-26T16:28:20+00:00","og_image":[{"width":900,"height":900,"url":"https:\/\/woo-themes-plugins.com\/wp-content\/uploads\/sites\/7\/2018\/03\/woo-themes-plugins_woocommerce-woocommerce-checkout-add-ons-login-plugin-woocommerce.jpg","type":"image\/jpeg"}],"twitter_misc":{"Dur\u00e9e de lecture estim\u00e9e":"1 minute"},"schema":{"@context":"https:\/\/schema.org","@graph":[{"@type":"WebPage","@id":"https:\/\/woo-themes-plugins.com\/fr\/produit\/woocommerce-checkout-add-ons-produits-complementaires-plugin-woocommerce\/","url":"https:\/\/woo-themes-plugins.com\/fr\/produit\/woocommerce-checkout-add-ons-produits-complementaires-plugin-woocommerce\/","name":"WooCommerce Checkout Add-Ons \u2013 Personnalisation du tunnel d'achat","isPartOf":{"@id":"https:\/\/woo-themes-plugins.com\/it\/#website"},"primaryImageOfPage":{"@id":"https:\/\/woo-themes-plugins.com\/fr\/produit\/woocommerce-checkout-add-ons-produits-complementaires-plugin-woocommerce\/#primaryimage"},"image":{"@id":"https:\/\/woo-themes-plugins.com\/fr\/produit\/woocommerce-checkout-add-ons-produits-complementaires-plugin-woocommerce\/#primaryimage"},"thumbnailUrl":"https:\/\/woo-themes-plugins.com\/wp-content\/uploads\/sites\/7\/2018\/03\/woo-themes-plugins_woocommerce-woocommerce-checkout-add-ons-login-plugin-woocommerce.jpg","datePublished":"2018-03-26T09:38:40+00:00","dateModified":"2018-04-26T16:28:20+00:00","description":"Ce plugin, c'est enfin la possibilit\u00e9 qui nous est offerte \u00e0 nous, administrateur de site WooCommerce, d'avoir enfin la main compl\u00e8te sur notre tunnel d'achat client. Avec cette extension, propose des services compl\u00e9mentaires, ajoute des champs HTML, permet l'envois de fichiers... Bref, manipule tout le checkout \u00e0 100%","breadcrumb":{"@id":"https:\/\/woo-themes-plugins.com\/fr\/produit\/woocommerce-checkout-add-ons-produits-complementaires-plugin-woocommerce\/#breadcrumb"},"inLanguage":"fr-FR","potentialAction":[{"@type":"ReadAction","target":["https:\/\/woo-themes-plugins.com\/fr\/produit\/woocommerce-checkout-add-ons-produits-complementaires-plugin-woocommerce\/"]}]},{"@type":"ImageObject","inLanguage":"fr-FR","@id":"https:\/\/woo-themes-plugins.com\/fr\/produit\/woocommerce-checkout-add-ons-produits-complementaires-plugin-woocommerce\/#primaryimage","url":"https:\/\/woo-themes-plugins.com\/wp-content\/uploads\/sites\/7\/2018\/03\/woo-themes-plugins_woocommerce-woocommerce-checkout-add-ons-login-plugin-woocommerce.jpg","contentUrl":"https:\/\/woo-themes-plugins.com\/wp-content\/uploads\/sites\/7\/2018\/03\/woo-themes-plugins_woocommerce-woocommerce-checkout-add-ons-login-plugin-woocommerce.jpg","width":900,"height":900},{"@type":"BreadcrumbList","@id":"https:\/\/woo-themes-plugins.com\/fr\/produit\/woocommerce-checkout-add-ons-produits-complementaires-plugin-woocommerce\/#breadcrumb","itemListElement":[{"@type":"ListItem","position":1,"name":"Accueil","item":"https:\/\/woo-themes-plugins.com\/fr\/"},{"@type":"ListItem","position":2,"name":"Shop","item":"https:\/\/woo-themes-plugins.com\/shop\/"},{"@type":"ListItem","position":3,"name":"WooCommerce Checkout Add-Ons \u2013 Personnalisation du tunnel d&rsquo;achat"}]},{"@type":"WebSite","@id":"https:\/\/woo-themes-plugins.com\/it\/#website","url":"https:\/\/woo-themes-plugins.com\/it\/","name":"Woo-themes-plugins.com","description":"Tous les th\u00e8mes et plugins WooCommerce Premium","potentialAction":[{"@type":"SearchAction","target":{"@type":"EntryPoint","urlTemplate":"https:\/\/woo-themes-plugins.com\/it\/?s={search_term_string}"},"query-input":"required name=search_term_string"}],"inLanguage":"fr-FR"}]}},"_links":{"self":[{"href":"https:\/\/woo-themes-plugins.com\/fr\/wp-json\/wp\/v2\/product\/288","targetHints":{"allow":["GET"]}}],"collection":[{"href":"https:\/\/woo-themes-plugins.com\/fr\/wp-json\/wp\/v2\/product"}],"about":[{"href":"https:\/\/woo-themes-plugins.com\/fr\/wp-json\/wp\/v2\/types\/product"}],"wp:featuredmedia":[{"embeddable":true,"href":"https:\/\/woo-themes-plugins.com\/fr\/wp-json\/wp\/v2\/media\/2748"}],"wp:attachment":[{"href":"https:\/\/woo-themes-plugins.com\/fr\/wp-json\/wp\/v2\/media?parent=288"}],"wp:term":[{"taxonomy":"product_cat","embeddable":true,"href":"https:\/\/woo-themes-plugins.com\/fr\/wp-json\/wp\/v2\/product_cat?post=288"},{"taxonomy":"product_tag","embeddable":true,"href":"https:\/\/woo-themes-plugins.com\/fr\/wp-json\/wp\/v2\/product_tag?post=288"}],"curies":[{"name":"wp","href":"https:\/\/api.w.org\/{rel}","templated":true}]}}