{"id":289,"date":"2018-03-26T10:42:10","date_gmt":"2018-03-26T09:42:10","guid":{"rendered":"https:\/\/woo-themes-plugins.com\/?post_type=product&#038;p=289"},"modified":"2018-04-26T17:28:10","modified_gmt":"2018-04-26T16:28:10","slug":"woocommerce-taxamo-gestions-des-taxes-europeennes-plugin-woocommerce","status":"publish","type":"product","link":"https:\/\/woo-themes-plugins.com\/fr\/product\/woocommerce-taxamo-gestions-des-taxes-europeennes-plugin-woocommerce\/","title":{"rendered":"WooCommerce Taxamo \u2013 Gestions des Taxes Europ\u00e9ennes \u2013 Plugin WooCommerce"},"content":{"rendered":"<p><em>WooCommerce Taxamo<\/em> est un plugin qui va permettre \u00e0 ton site d&rsquo;\u00eatre compatible avec la directive <em>EU VAT 2015 VATMOSS <\/em>de l&rsquo;Union Europ\u00e9enne, qui doit permettre \u00e0 tous les citoyens de l&rsquo;UE de commander sur n&rsquo;importe quel site de l&rsquo;Union Europ\u00e9enne.<\/p>\n<p>Pour que cela soit un jeu d&rsquo;enfant pour toi, ouvre un compte chez Taxamo, un des services de calcul de la TVA dans tous les pays de l&rsquo;UE les plus populaires, et &#8230; voila, c&rsquo;est tout ! WooCommerce va s&rsquo;occuper d&rsquo;envoyer toutes les informations contenues dans le chariot client vers Taxamo lorsque notre client aura bien \u00e9videment indiqu\u00e9 dans quel pays de l&rsquo;UE il se trouve. Une fois ces informations envoy\u00e9es, Taxamo nous retourne alors le taux de TVA \u00e9ligible pour chacun des biens contenus dans le chariot du client.<\/p>\n<p>Pour la vente de bien num\u00e9rique, Taxamo fonctionne \u00e9galement parfaitement en retournant le taux de TVA applicable en fonction de la localisation g\u00e9ographique de notre client final.<\/p>\n","protected":false},"excerpt":{"rendered":"<p>Avec ce plugin, plus de prise de t\u00eate pour la gestion des taxes dans les diff\u00e9rents pays de l&rsquo;union europ\u00e9enne. Il te suffira d&rsquo;ouvrir un compte chez Taxamo et d&rsquo;installer ce plugin. C&rsquo;est tout.<\/p>\n","protected":false},"featured_media":2756,"template":"","meta":{"_monsterinsights_skip_tracking":false,"_monsterinsights_sitenote_active":false,"_monsterinsights_sitenote_note":"","_monsterinsights_sitenote_category":0},"product_cat":[40],"product_tag":[120,63,72],"class_list":["post-289","product","type-product","status-publish","has-post-thumbnail","hentry","product_cat-plugin-woocommerce","product_tag-extension-woocommerce-gratuite","product_tag-produit-woocommerce-produit-groupe-produit-complementaire","product_tag-tunnel-de-conversion-checkout-woocommerce","pa_dev-woo-plugin-theme-woocommerce","pa_marketplace-woocommerce-woocommerce-com"],"yoast_head":"<!-- This site is optimized with the Yoast SEO plugin v23.1 - https:\/\/yoast.com\/wordpress\/plugins\/seo\/ -->\n<title>WooCommerce Taxamo \u2013 Gestions des Taxes Europ\u00e9ennes<\/title>\n<meta name=\"description\" content=\"Si tu vends tes produits dans toutes l&#039;Union Europ\u00e9enne, il te faut respecter la directive 2015 EU VAT VATMOSS. Pour g\u00e9rer les taxes dans tous les pays de l&#039;Europe, il te suffit d&#039;utiliser ce plugin WooCommerce. Une extension WooCommerce maintenue gr\u00e2ce au service de Taxamo.\" \/>\n<meta name=\"robots\" content=\"index, follow, max-snippet:-1, max-image-preview:large, max-video-preview:-1\" \/>\n<link rel=\"canonical\" href=\"https:\/\/woo-themes-plugins.com\/fr\/produit\/woocommerce-taxamo-gestions-des-taxes-europeennes-plugin-woocommerce\/\" \/>\n<meta property=\"og:locale\" content=\"fr_FR\" \/>\n<meta property=\"og:type\" content=\"article\" \/>\n<meta property=\"og:title\" content=\"WooCommerce Taxamo \u2013 Gestions des Taxes Europ\u00e9ennes\" \/>\n<meta property=\"og:description\" content=\"Si tu vends tes produits dans toutes l&#039;Union Europ\u00e9enne, il te faut respecter la directive 2015 EU VAT VATMOSS. Pour g\u00e9rer les taxes dans tous les pays de l&#039;Europe, il te suffit d&#039;utiliser ce plugin WooCommerce. Une extension WooCommerce maintenue gr\u00e2ce au service de Taxamo.\" \/>\n<meta property=\"og:url\" content=\"https:\/\/woo-themes-plugins.com\/fr\/produit\/woocommerce-taxamo-gestions-des-taxes-europeennes-plugin-woocommerce\/\" \/>\n<meta property=\"og:site_name\" content=\"Woo-themes-plugins.com\" \/>\n<meta property=\"article:modified_time\" content=\"2018-04-26T16:28:10+00:00\" \/>\n<meta property=\"og:image\" content=\"https:\/\/woo-themes-plugins.com\/wp-content\/uploads\/sites\/7\/2018\/03\/woo-themes-plugins_woocommerce-woocommerce-taxamo-plugin-woocommerce.jpg\" \/>\n\t<meta property=\"og:image:width\" content=\"900\" \/>\n\t<meta property=\"og:image:height\" content=\"900\" \/>\n\t<meta property=\"og:image:type\" content=\"image\/jpeg\" \/>\n<meta name=\"twitter:label1\" content=\"Dur\u00e9e de lecture estim\u00e9e\" \/>\n\t<meta name=\"twitter:data1\" content=\"1 minute\" \/>\n<script type=\"application\/ld+json\" class=\"yoast-schema-graph\">{\"@context\":\"https:\/\/schema.org\",\"@graph\":[{\"@type\":\"WebPage\",\"@id\":\"https:\/\/woo-themes-plugins.com\/fr\/produit\/woocommerce-taxamo-gestions-des-taxes-europeennes-plugin-woocommerce\/\",\"url\":\"https:\/\/woo-themes-plugins.com\/fr\/produit\/woocommerce-taxamo-gestions-des-taxes-europeennes-plugin-woocommerce\/\",\"name\":\"WooCommerce Taxamo \u2013 Gestions des Taxes Europ\u00e9ennes\",\"isPartOf\":{\"@id\":\"https:\/\/woo-themes-plugins.com\/it\/#website\"},\"primaryImageOfPage\":{\"@id\":\"https:\/\/woo-themes-plugins.com\/fr\/produit\/woocommerce-taxamo-gestions-des-taxes-europeennes-plugin-woocommerce\/#primaryimage\"},\"image\":{\"@id\":\"https:\/\/woo-themes-plugins.com\/fr\/produit\/woocommerce-taxamo-gestions-des-taxes-europeennes-plugin-woocommerce\/#primaryimage\"},\"thumbnailUrl\":\"https:\/\/woo-themes-plugins.com\/wp-content\/uploads\/sites\/7\/2018\/03\/woo-themes-plugins_woocommerce-woocommerce-taxamo-plugin-woocommerce.jpg\",\"datePublished\":\"2018-03-26T09:42:10+00:00\",\"dateModified\":\"2018-04-26T16:28:10+00:00\",\"description\":\"Si tu vends tes produits dans toutes l'Union Europ\u00e9enne, il te faut respecter la directive 2015 EU VAT VATMOSS. Pour g\u00e9rer les taxes dans tous les pays de l'Europe, il te suffit d'utiliser ce plugin WooCommerce. Une extension WooCommerce maintenue gr\u00e2ce au service de Taxamo.\",\"breadcrumb\":{\"@id\":\"https:\/\/woo-themes-plugins.com\/fr\/produit\/woocommerce-taxamo-gestions-des-taxes-europeennes-plugin-woocommerce\/#breadcrumb\"},\"inLanguage\":\"fr-FR\",\"potentialAction\":[{\"@type\":\"ReadAction\",\"target\":[\"https:\/\/woo-themes-plugins.com\/fr\/produit\/woocommerce-taxamo-gestions-des-taxes-europeennes-plugin-woocommerce\/\"]}]},{\"@type\":\"ImageObject\",\"inLanguage\":\"fr-FR\",\"@id\":\"https:\/\/woo-themes-plugins.com\/fr\/produit\/woocommerce-taxamo-gestions-des-taxes-europeennes-plugin-woocommerce\/#primaryimage\",\"url\":\"https:\/\/woo-themes-plugins.com\/wp-content\/uploads\/sites\/7\/2018\/03\/woo-themes-plugins_woocommerce-woocommerce-taxamo-plugin-woocommerce.jpg\",\"contentUrl\":\"https:\/\/woo-themes-plugins.com\/wp-content\/uploads\/sites\/7\/2018\/03\/woo-themes-plugins_woocommerce-woocommerce-taxamo-plugin-woocommerce.jpg\",\"width\":900,\"height\":900},{\"@type\":\"BreadcrumbList\",\"@id\":\"https:\/\/woo-themes-plugins.com\/fr\/produit\/woocommerce-taxamo-gestions-des-taxes-europeennes-plugin-woocommerce\/#breadcrumb\",\"itemListElement\":[{\"@type\":\"ListItem\",\"position\":1,\"name\":\"Accueil\",\"item\":\"https:\/\/woo-themes-plugins.com\/fr\/\"},{\"@type\":\"ListItem\",\"position\":2,\"name\":\"Shop\",\"item\":\"https:\/\/woo-themes-plugins.com\/shop\/\"},{\"@type\":\"ListItem\",\"position\":3,\"name\":\"WooCommerce Taxamo \u2013 Gestions des Taxes Europ\u00e9ennes \u2013 Plugin WooCommerce\"}]},{\"@type\":\"WebSite\",\"@id\":\"https:\/\/woo-themes-plugins.com\/it\/#website\",\"url\":\"https:\/\/woo-themes-plugins.com\/it\/\",\"name\":\"Woo-themes-plugins.com\",\"description\":\"Tous les th\u00e8mes et plugins WooCommerce Premium\",\"potentialAction\":[{\"@type\":\"SearchAction\",\"target\":{\"@type\":\"EntryPoint\",\"urlTemplate\":\"https:\/\/woo-themes-plugins.com\/it\/?s={search_term_string}\"},\"query-input\":\"required name=search_term_string\"}],\"inLanguage\":\"fr-FR\"}]}<\/script>\n<!-- \/ Yoast SEO plugin. -->","yoast_head_json":{"title":"WooCommerce Taxamo \u2013 Gestions des Taxes Europ\u00e9ennes","description":"Si tu vends tes produits dans toutes l'Union Europ\u00e9enne, il te faut respecter la directive 2015 EU VAT VATMOSS. Pour g\u00e9rer les taxes dans tous les pays de l'Europe, il te suffit d'utiliser ce plugin WooCommerce. Une extension WooCommerce maintenue gr\u00e2ce au service de Taxamo.","robots":{"index":"index","follow":"follow","max-snippet":"max-snippet:-1","max-image-preview":"max-image-preview:large","max-video-preview":"max-video-preview:-1"},"canonical":"https:\/\/woo-themes-plugins.com\/fr\/produit\/woocommerce-taxamo-gestions-des-taxes-europeennes-plugin-woocommerce\/","og_locale":"fr_FR","og_type":"article","og_title":"WooCommerce Taxamo \u2013 Gestions des Taxes Europ\u00e9ennes","og_description":"Si tu vends tes produits dans toutes l'Union Europ\u00e9enne, il te faut respecter la directive 2015 EU VAT VATMOSS. Pour g\u00e9rer les taxes dans tous les pays de l'Europe, il te suffit d'utiliser ce plugin WooCommerce. Une extension WooCommerce maintenue gr\u00e2ce au service de Taxamo.","og_url":"https:\/\/woo-themes-plugins.com\/fr\/produit\/woocommerce-taxamo-gestions-des-taxes-europeennes-plugin-woocommerce\/","og_site_name":"Woo-themes-plugins.com","article_modified_time":"2018-04-26T16:28:10+00:00","og_image":[{"width":900,"height":900,"url":"https:\/\/woo-themes-plugins.com\/wp-content\/uploads\/sites\/7\/2018\/03\/woo-themes-plugins_woocommerce-woocommerce-taxamo-plugin-woocommerce.jpg","type":"image\/jpeg"}],"twitter_misc":{"Dur\u00e9e de lecture estim\u00e9e":"1 minute"},"schema":{"@context":"https:\/\/schema.org","@graph":[{"@type":"WebPage","@id":"https:\/\/woo-themes-plugins.com\/fr\/produit\/woocommerce-taxamo-gestions-des-taxes-europeennes-plugin-woocommerce\/","url":"https:\/\/woo-themes-plugins.com\/fr\/produit\/woocommerce-taxamo-gestions-des-taxes-europeennes-plugin-woocommerce\/","name":"WooCommerce Taxamo \u2013 Gestions des Taxes Europ\u00e9ennes","isPartOf":{"@id":"https:\/\/woo-themes-plugins.com\/it\/#website"},"primaryImageOfPage":{"@id":"https:\/\/woo-themes-plugins.com\/fr\/produit\/woocommerce-taxamo-gestions-des-taxes-europeennes-plugin-woocommerce\/#primaryimage"},"image":{"@id":"https:\/\/woo-themes-plugins.com\/fr\/produit\/woocommerce-taxamo-gestions-des-taxes-europeennes-plugin-woocommerce\/#primaryimage"},"thumbnailUrl":"https:\/\/woo-themes-plugins.com\/wp-content\/uploads\/sites\/7\/2018\/03\/woo-themes-plugins_woocommerce-woocommerce-taxamo-plugin-woocommerce.jpg","datePublished":"2018-03-26T09:42:10+00:00","dateModified":"2018-04-26T16:28:10+00:00","description":"Si tu vends tes produits dans toutes l'Union Europ\u00e9enne, il te faut respecter la directive 2015 EU VAT VATMOSS. Pour g\u00e9rer les taxes dans tous les pays de l'Europe, il te suffit d'utiliser ce plugin WooCommerce. Une extension WooCommerce maintenue gr\u00e2ce au service de Taxamo.","breadcrumb":{"@id":"https:\/\/woo-themes-plugins.com\/fr\/produit\/woocommerce-taxamo-gestions-des-taxes-europeennes-plugin-woocommerce\/#breadcrumb"},"inLanguage":"fr-FR","potentialAction":[{"@type":"ReadAction","target":["https:\/\/woo-themes-plugins.com\/fr\/produit\/woocommerce-taxamo-gestions-des-taxes-europeennes-plugin-woocommerce\/"]}]},{"@type":"ImageObject","inLanguage":"fr-FR","@id":"https:\/\/woo-themes-plugins.com\/fr\/produit\/woocommerce-taxamo-gestions-des-taxes-europeennes-plugin-woocommerce\/#primaryimage","url":"https:\/\/woo-themes-plugins.com\/wp-content\/uploads\/sites\/7\/2018\/03\/woo-themes-plugins_woocommerce-woocommerce-taxamo-plugin-woocommerce.jpg","contentUrl":"https:\/\/woo-themes-plugins.com\/wp-content\/uploads\/sites\/7\/2018\/03\/woo-themes-plugins_woocommerce-woocommerce-taxamo-plugin-woocommerce.jpg","width":900,"height":900},{"@type":"BreadcrumbList","@id":"https:\/\/woo-themes-plugins.com\/fr\/produit\/woocommerce-taxamo-gestions-des-taxes-europeennes-plugin-woocommerce\/#breadcrumb","itemListElement":[{"@type":"ListItem","position":1,"name":"Accueil","item":"https:\/\/woo-themes-plugins.com\/fr\/"},{"@type":"ListItem","position":2,"name":"Shop","item":"https:\/\/woo-themes-plugins.com\/shop\/"},{"@type":"ListItem","position":3,"name":"WooCommerce Taxamo \u2013 Gestions des Taxes Europ\u00e9ennes \u2013 Plugin WooCommerce"}]},{"@type":"WebSite","@id":"https:\/\/woo-themes-plugins.com\/it\/#website","url":"https:\/\/woo-themes-plugins.com\/it\/","name":"Woo-themes-plugins.com","description":"Tous les th\u00e8mes et plugins WooCommerce Premium","potentialAction":[{"@type":"SearchAction","target":{"@type":"EntryPoint","urlTemplate":"https:\/\/woo-themes-plugins.com\/it\/?s={search_term_string}"},"query-input":"required name=search_term_string"}],"inLanguage":"fr-FR"}]}},"_links":{"self":[{"href":"https:\/\/woo-themes-plugins.com\/fr\/wp-json\/wp\/v2\/product\/289","targetHints":{"allow":["GET"]}}],"collection":[{"href":"https:\/\/woo-themes-plugins.com\/fr\/wp-json\/wp\/v2\/product"}],"about":[{"href":"https:\/\/woo-themes-plugins.com\/fr\/wp-json\/wp\/v2\/types\/product"}],"wp:featuredmedia":[{"embeddable":true,"href":"https:\/\/woo-themes-plugins.com\/fr\/wp-json\/wp\/v2\/media\/2756"}],"wp:attachment":[{"href":"https:\/\/woo-themes-plugins.com\/fr\/wp-json\/wp\/v2\/media?parent=289"}],"wp:term":[{"taxonomy":"product_cat","embeddable":true,"href":"https:\/\/woo-themes-plugins.com\/fr\/wp-json\/wp\/v2\/product_cat?post=289"},{"taxonomy":"product_tag","embeddable":true,"href":"https:\/\/woo-themes-plugins.com\/fr\/wp-json\/wp\/v2\/product_tag?post=289"}],"curies":[{"name":"wp","href":"https:\/\/api.w.org\/{rel}","templated":true}]}}