{"id":290,"date":"2018-03-26T10:45:06","date_gmt":"2018-03-26T09:45:06","guid":{"rendered":"https:\/\/woo-themes-plugins.com\/?post_type=product&#038;p=290"},"modified":"2018-04-26T17:28:02","modified_gmt":"2018-04-26T16:28:02","slug":"paypal-advanced-solution-paiement-woocommerce-plugin-woocommerce","status":"publish","type":"product","link":"https:\/\/woo-themes-plugins.com\/fr\/product\/paypal-advanced-solution-paiement-woocommerce-plugin-woocommerce\/","title":{"rendered":"PayPal Advanced &#8211; Solution Paiement WooCommerce \u2013 Plugin WooCommerce"},"content":{"rendered":"<p>Proche de la solution <em>Paypal Pro<\/em>, cette extension WooCommerce nous permet d&rsquo;int\u00e9grer directement dans notre site WooCommerce le paiement par carte bancaire. Plus besoin pour ton client de sortir de ton site pour payer. Il reste sur ton site pour l&rsquo;int\u00e9gralit\u00e9 de la transaction, paiement inclus donc ! Cela fait parti des recommandations lorsqu&rsquo;on souhaite augmenter son taux de conversion par exemple.<\/p>\n<p>L&rsquo;int\u00e9gration de ce plugin Paypal se traduit donc par la mise en place d&rsquo;un checkout avec Paypal d&rsquo;int\u00e9gr\u00e9 directement dans tes pages WooCommerce. Cerise sur le g\u00e2teau, aucune inqui\u00e9tude particuli\u00e8re \u00e0 avoir au niveau de la s\u00e9curit\u00e9 de cette int\u00e9gration car cela fonctionne sur le syst\u00e8me d&rsquo;int\u00e9gration iFrame forc\u00e9 dans WooCommerce. Paypal s&rsquo;occupe de tout pour nous permettre d&rsquo;accepter les cartes bancaires sur notre site WooCommerce.<\/p>\n","protected":false},"excerpt":{"rendered":"<p>Paypal Advanced est une super solution de paiement qui permet d&rsquo;int\u00e9grer directement dans la page de paiement de son site WooCommerce l&rsquo;offre PayPal.<\/p>\n","protected":false},"featured_media":2764,"template":"","meta":{"_monsterinsights_skip_tracking":false,"_monsterinsights_sitenote_active":false,"_monsterinsights_sitenote_note":"","_monsterinsights_sitenote_category":0},"product_cat":[40],"product_tag":[56,41,72],"class_list":["post-290","product","type-product","status-publish","has-post-thumbnail","hentry","product_cat-plugin-woocommerce","product_tag-paypal-woocommerce","product_tag-solution-paiement-woocommerce","product_tag-tunnel-de-conversion-checkout-woocommerce","pa_dev-woo-plugin-theme-woocommerce","pa_marketplace-woocommerce-woocommerce-com"],"yoast_head":"<!-- This site is optimized with the Yoast SEO plugin v23.1 - https:\/\/yoast.com\/wordpress\/plugins\/seo\/ -->\n<title>PayPal Advanced - Solution Paiement WooCommerce<\/title>\n<meta name=\"description\" content=\"D\u00e9velopp\u00e9 directement par WooCommerce, Paypal Advanced est l&#039;extension incontournable en mati\u00e8re d&#039;int\u00e9gration de Paypal \u00e0 WooCommerce. Le client reste sur ton site WooCommerce pour payer avec sa carte bancaire ou son compte Paypal. Une solution de paiement CB int\u00e9gr\u00e9e \u00e0 WooCommerce avec Paypal.\" \/>\n<meta name=\"robots\" content=\"index, follow, max-snippet:-1, max-image-preview:large, max-video-preview:-1\" \/>\n<link rel=\"canonical\" href=\"https:\/\/woo-themes-plugins.com\/fr\/produit\/paypal-advanced-solution-paiement-woocommerce-plugin-woocommerce\/\" \/>\n<meta property=\"og:locale\" content=\"fr_FR\" \/>\n<meta property=\"og:type\" content=\"article\" \/>\n<meta property=\"og:title\" content=\"PayPal Advanced - Solution Paiement WooCommerce\" \/>\n<meta property=\"og:description\" content=\"D\u00e9velopp\u00e9 directement par WooCommerce, Paypal Advanced est l&#039;extension incontournable en mati\u00e8re d&#039;int\u00e9gration de Paypal \u00e0 WooCommerce. Le client reste sur ton site WooCommerce pour payer avec sa carte bancaire ou son compte Paypal. Une solution de paiement CB int\u00e9gr\u00e9e \u00e0 WooCommerce avec Paypal.\" \/>\n<meta property=\"og:url\" content=\"https:\/\/woo-themes-plugins.com\/fr\/produit\/paypal-advanced-solution-paiement-woocommerce-plugin-woocommerce\/\" \/>\n<meta property=\"og:site_name\" content=\"Woo-themes-plugins.com\" \/>\n<meta property=\"article:modified_time\" content=\"2018-04-26T16:28:02+00:00\" \/>\n<meta property=\"og:image\" content=\"https:\/\/woo-themes-plugins.com\/wp-content\/uploads\/sites\/7\/2018\/03\/woo-themes-plugins_woocommerce-paypal-advanced-plugin-woocommerce.jpg\" \/>\n\t<meta property=\"og:image:width\" content=\"900\" \/>\n\t<meta property=\"og:image:height\" content=\"900\" \/>\n\t<meta property=\"og:image:type\" content=\"image\/jpeg\" \/>\n<meta name=\"twitter:label1\" content=\"Dur\u00e9e de lecture estim\u00e9e\" \/>\n\t<meta name=\"twitter:data1\" content=\"1 minute\" \/>\n<script type=\"application\/ld+json\" class=\"yoast-schema-graph\">{\"@context\":\"https:\/\/schema.org\",\"@graph\":[{\"@type\":\"WebPage\",\"@id\":\"https:\/\/woo-themes-plugins.com\/fr\/produit\/paypal-advanced-solution-paiement-woocommerce-plugin-woocommerce\/\",\"url\":\"https:\/\/woo-themes-plugins.com\/fr\/produit\/paypal-advanced-solution-paiement-woocommerce-plugin-woocommerce\/\",\"name\":\"PayPal Advanced - Solution Paiement WooCommerce\",\"isPartOf\":{\"@id\":\"https:\/\/woo-themes-plugins.com\/it\/#website\"},\"primaryImageOfPage\":{\"@id\":\"https:\/\/woo-themes-plugins.com\/fr\/produit\/paypal-advanced-solution-paiement-woocommerce-plugin-woocommerce\/#primaryimage\"},\"image\":{\"@id\":\"https:\/\/woo-themes-plugins.com\/fr\/produit\/paypal-advanced-solution-paiement-woocommerce-plugin-woocommerce\/#primaryimage\"},\"thumbnailUrl\":\"https:\/\/woo-themes-plugins.com\/wp-content\/uploads\/sites\/7\/2018\/03\/woo-themes-plugins_woocommerce-paypal-advanced-plugin-woocommerce.jpg\",\"datePublished\":\"2018-03-26T09:45:06+00:00\",\"dateModified\":\"2018-04-26T16:28:02+00:00\",\"description\":\"D\u00e9velopp\u00e9 directement par WooCommerce, Paypal Advanced est l'extension incontournable en mati\u00e8re d'int\u00e9gration de Paypal \u00e0 WooCommerce. Le client reste sur ton site WooCommerce pour payer avec sa carte bancaire ou son compte Paypal. Une solution de paiement CB int\u00e9gr\u00e9e \u00e0 WooCommerce avec Paypal.\",\"breadcrumb\":{\"@id\":\"https:\/\/woo-themes-plugins.com\/fr\/produit\/paypal-advanced-solution-paiement-woocommerce-plugin-woocommerce\/#breadcrumb\"},\"inLanguage\":\"fr-FR\",\"potentialAction\":[{\"@type\":\"ReadAction\",\"target\":[\"https:\/\/woo-themes-plugins.com\/fr\/produit\/paypal-advanced-solution-paiement-woocommerce-plugin-woocommerce\/\"]}]},{\"@type\":\"ImageObject\",\"inLanguage\":\"fr-FR\",\"@id\":\"https:\/\/woo-themes-plugins.com\/fr\/produit\/paypal-advanced-solution-paiement-woocommerce-plugin-woocommerce\/#primaryimage\",\"url\":\"https:\/\/woo-themes-plugins.com\/wp-content\/uploads\/sites\/7\/2018\/03\/woo-themes-plugins_woocommerce-paypal-advanced-plugin-woocommerce.jpg\",\"contentUrl\":\"https:\/\/woo-themes-plugins.com\/wp-content\/uploads\/sites\/7\/2018\/03\/woo-themes-plugins_woocommerce-paypal-advanced-plugin-woocommerce.jpg\",\"width\":900,\"height\":900},{\"@type\":\"BreadcrumbList\",\"@id\":\"https:\/\/woo-themes-plugins.com\/fr\/produit\/paypal-advanced-solution-paiement-woocommerce-plugin-woocommerce\/#breadcrumb\",\"itemListElement\":[{\"@type\":\"ListItem\",\"position\":1,\"name\":\"Accueil\",\"item\":\"https:\/\/woo-themes-plugins.com\/fr\/\"},{\"@type\":\"ListItem\",\"position\":2,\"name\":\"Shop\",\"item\":\"https:\/\/woo-themes-plugins.com\/shop\/\"},{\"@type\":\"ListItem\",\"position\":3,\"name\":\"PayPal Advanced &#8211; Solution Paiement WooCommerce \u2013 Plugin WooCommerce\"}]},{\"@type\":\"WebSite\",\"@id\":\"https:\/\/woo-themes-plugins.com\/it\/#website\",\"url\":\"https:\/\/woo-themes-plugins.com\/it\/\",\"name\":\"Woo-themes-plugins.com\",\"description\":\"Tous les th\u00e8mes et plugins WooCommerce Premium\",\"potentialAction\":[{\"@type\":\"SearchAction\",\"target\":{\"@type\":\"EntryPoint\",\"urlTemplate\":\"https:\/\/woo-themes-plugins.com\/it\/?s={search_term_string}\"},\"query-input\":\"required name=search_term_string\"}],\"inLanguage\":\"fr-FR\"}]}<\/script>\n<!-- \/ Yoast SEO plugin. -->","yoast_head_json":{"title":"PayPal Advanced - Solution Paiement WooCommerce","description":"D\u00e9velopp\u00e9 directement par WooCommerce, Paypal Advanced est l'extension incontournable en mati\u00e8re d'int\u00e9gration de Paypal \u00e0 WooCommerce. Le client reste sur ton site WooCommerce pour payer avec sa carte bancaire ou son compte Paypal. Une solution de paiement CB int\u00e9gr\u00e9e \u00e0 WooCommerce avec Paypal.","robots":{"index":"index","follow":"follow","max-snippet":"max-snippet:-1","max-image-preview":"max-image-preview:large","max-video-preview":"max-video-preview:-1"},"canonical":"https:\/\/woo-themes-plugins.com\/fr\/produit\/paypal-advanced-solution-paiement-woocommerce-plugin-woocommerce\/","og_locale":"fr_FR","og_type":"article","og_title":"PayPal Advanced - Solution Paiement WooCommerce","og_description":"D\u00e9velopp\u00e9 directement par WooCommerce, Paypal Advanced est l'extension incontournable en mati\u00e8re d'int\u00e9gration de Paypal \u00e0 WooCommerce. Le client reste sur ton site WooCommerce pour payer avec sa carte bancaire ou son compte Paypal. Une solution de paiement CB int\u00e9gr\u00e9e \u00e0 WooCommerce avec Paypal.","og_url":"https:\/\/woo-themes-plugins.com\/fr\/produit\/paypal-advanced-solution-paiement-woocommerce-plugin-woocommerce\/","og_site_name":"Woo-themes-plugins.com","article_modified_time":"2018-04-26T16:28:02+00:00","og_image":[{"width":900,"height":900,"url":"https:\/\/woo-themes-plugins.com\/wp-content\/uploads\/sites\/7\/2018\/03\/woo-themes-plugins_woocommerce-paypal-advanced-plugin-woocommerce.jpg","type":"image\/jpeg"}],"twitter_misc":{"Dur\u00e9e de lecture estim\u00e9e":"1 minute"},"schema":{"@context":"https:\/\/schema.org","@graph":[{"@type":"WebPage","@id":"https:\/\/woo-themes-plugins.com\/fr\/produit\/paypal-advanced-solution-paiement-woocommerce-plugin-woocommerce\/","url":"https:\/\/woo-themes-plugins.com\/fr\/produit\/paypal-advanced-solution-paiement-woocommerce-plugin-woocommerce\/","name":"PayPal Advanced - Solution Paiement WooCommerce","isPartOf":{"@id":"https:\/\/woo-themes-plugins.com\/it\/#website"},"primaryImageOfPage":{"@id":"https:\/\/woo-themes-plugins.com\/fr\/produit\/paypal-advanced-solution-paiement-woocommerce-plugin-woocommerce\/#primaryimage"},"image":{"@id":"https:\/\/woo-themes-plugins.com\/fr\/produit\/paypal-advanced-solution-paiement-woocommerce-plugin-woocommerce\/#primaryimage"},"thumbnailUrl":"https:\/\/woo-themes-plugins.com\/wp-content\/uploads\/sites\/7\/2018\/03\/woo-themes-plugins_woocommerce-paypal-advanced-plugin-woocommerce.jpg","datePublished":"2018-03-26T09:45:06+00:00","dateModified":"2018-04-26T16:28:02+00:00","description":"D\u00e9velopp\u00e9 directement par WooCommerce, Paypal Advanced est l'extension incontournable en mati\u00e8re d'int\u00e9gration de Paypal \u00e0 WooCommerce. Le client reste sur ton site WooCommerce pour payer avec sa carte bancaire ou son compte Paypal. Une solution de paiement CB int\u00e9gr\u00e9e \u00e0 WooCommerce avec Paypal.","breadcrumb":{"@id":"https:\/\/woo-themes-plugins.com\/fr\/produit\/paypal-advanced-solution-paiement-woocommerce-plugin-woocommerce\/#breadcrumb"},"inLanguage":"fr-FR","potentialAction":[{"@type":"ReadAction","target":["https:\/\/woo-themes-plugins.com\/fr\/produit\/paypal-advanced-solution-paiement-woocommerce-plugin-woocommerce\/"]}]},{"@type":"ImageObject","inLanguage":"fr-FR","@id":"https:\/\/woo-themes-plugins.com\/fr\/produit\/paypal-advanced-solution-paiement-woocommerce-plugin-woocommerce\/#primaryimage","url":"https:\/\/woo-themes-plugins.com\/wp-content\/uploads\/sites\/7\/2018\/03\/woo-themes-plugins_woocommerce-paypal-advanced-plugin-woocommerce.jpg","contentUrl":"https:\/\/woo-themes-plugins.com\/wp-content\/uploads\/sites\/7\/2018\/03\/woo-themes-plugins_woocommerce-paypal-advanced-plugin-woocommerce.jpg","width":900,"height":900},{"@type":"BreadcrumbList","@id":"https:\/\/woo-themes-plugins.com\/fr\/produit\/paypal-advanced-solution-paiement-woocommerce-plugin-woocommerce\/#breadcrumb","itemListElement":[{"@type":"ListItem","position":1,"name":"Accueil","item":"https:\/\/woo-themes-plugins.com\/fr\/"},{"@type":"ListItem","position":2,"name":"Shop","item":"https:\/\/woo-themes-plugins.com\/shop\/"},{"@type":"ListItem","position":3,"name":"PayPal Advanced &#8211; Solution Paiement WooCommerce \u2013 Plugin WooCommerce"}]},{"@type":"WebSite","@id":"https:\/\/woo-themes-plugins.com\/it\/#website","url":"https:\/\/woo-themes-plugins.com\/it\/","name":"Woo-themes-plugins.com","description":"Tous les th\u00e8mes et plugins WooCommerce Premium","potentialAction":[{"@type":"SearchAction","target":{"@type":"EntryPoint","urlTemplate":"https:\/\/woo-themes-plugins.com\/it\/?s={search_term_string}"},"query-input":"required name=search_term_string"}],"inLanguage":"fr-FR"}]}},"_links":{"self":[{"href":"https:\/\/woo-themes-plugins.com\/fr\/wp-json\/wp\/v2\/product\/290","targetHints":{"allow":["GET"]}}],"collection":[{"href":"https:\/\/woo-themes-plugins.com\/fr\/wp-json\/wp\/v2\/product"}],"about":[{"href":"https:\/\/woo-themes-plugins.com\/fr\/wp-json\/wp\/v2\/types\/product"}],"wp:featuredmedia":[{"embeddable":true,"href":"https:\/\/woo-themes-plugins.com\/fr\/wp-json\/wp\/v2\/media\/2764"}],"wp:attachment":[{"href":"https:\/\/woo-themes-plugins.com\/fr\/wp-json\/wp\/v2\/media?parent=290"}],"wp:term":[{"taxonomy":"product_cat","embeddable":true,"href":"https:\/\/woo-themes-plugins.com\/fr\/wp-json\/wp\/v2\/product_cat?post=290"},{"taxonomy":"product_tag","embeddable":true,"href":"https:\/\/woo-themes-plugins.com\/fr\/wp-json\/wp\/v2\/product_tag?post=290"}],"curies":[{"name":"wp","href":"https:\/\/api.w.org\/{rel}","templated":true}]}}