{"id":291,"date":"2018-03-26T10:48:25","date_gmt":"2018-03-26T09:48:25","guid":{"rendered":"https:\/\/woo-themes-plugins.com\/?post_type=product&#038;p=291"},"modified":"2018-04-26T17:27:58","modified_gmt":"2018-04-26T16:27:58","slug":"advanced-notifications-notifications-emails-commandes-et-stock-plugin-woocommerce","status":"publish","type":"product","link":"https:\/\/woo-themes-plugins.com\/fr\/product\/advanced-notifications-notifications-emails-commandes-et-stock-plugin-woocommerce\/","title":{"rendered":"Advanced Notifications &#8211; Notifications eMails Commandes et Stock \u2013 Plugin WooCommerce"},"content":{"rendered":"<p>L&rsquo;extension pour WooCommmerce <em>Advanced Notifications <\/em>nous permet de d\u00e9finir toutes une s\u00e9rie de conditions sur notre stock ou sur nos commandes dans le but d&rsquo;\u00eatre notifi\u00e9 automatique lorsque survint certains \u00e9v\u00e9nements. Ces nouvelles notifications WooCommerce seront \u00e0 la fois configurable pour le ou les administrateurs du site WooCommerce, mais aussi au niveau du client, voir m\u00eame directement de votre fournisseur pour d\u00e9clencher un r\u00e9approvisionnement automatique. Que de possibilit\u00e9s offertes avec ce plugin de notifications par emails pour WooCommerce.<\/p>\n<p>Apr\u00e8s avoir install\u00e9 et activit\u00e9\u00a0 cette extension WooCommerce, il te suffit de cr\u00e9er une nouvelle r\u00e8gle de d\u00e9clenchement automatique qui peut prendre n&rsquo;importe quelle valeur parmi celles-ci :<\/p>\n<ul>\n<li>Atteinte du stock d&rsquo;alerte<\/li>\n<li>Stock arriv\u00e9 \u00e0 z\u00e9ro<\/li>\n<li>Commande en reliquat<\/li>\n<li>Arriv\u00e9e d&rsquo;une nouvelle commande<\/li>\n<\/ul>\n<p>Il est m\u00eame possible de venir exclure des produits de ces notifications automatiques en ce basant sur diff\u00e9rents crit\u00e8res comme :<\/p>\n<ul>\n<li>La cat\u00e9gorie du produit<\/li>\n<li>La classe de livraison<\/li>\n<li>Notification personnalis\u00e9 au niveau du produit<\/li>\n<\/ul>\n<p>Ces notifications par emails, dont le syst\u00e8me repose sur l&rsquo;envoi d&#8217;emails int\u00e9gr\u00e9 \u00e0 WooCommerce, peut \u00eatre personnalis\u00e9 pour permettre d&rsquo;inclure ou d&rsquo;exclure certains types d&rsquo;informations produit comme le prix, la r\u00e9f\u00e9rence interne ou le montant total de la commande par exemple. De quoi offrir des mails tr\u00e8s personnalis\u00e9s en fonction du destinataire; ton client n&rsquo;a pas besoin des m\u00eames informations que ton transporteur par exemple.<\/p>\n","protected":false},"excerpt":{"rendered":"<p>Avec le plugin WooCommerce <em>Advanced Notification<\/em> il est maintenant possible de venir modifier le comportement par d\u00e9faut des emails de notifications WooCommerce \u00e0 l&rsquo;administrateur. Avec ce plugin WooCommerce, il est possible de d\u00e9finir une liste de r\u00e9cipiendaires, qu&rsquo;ils fassent parti de votre boutique ou que ceux soient des prestataires externes.<\/p>\n","protected":false},"featured_media":2772,"template":"","meta":{"_monsterinsights_skip_tracking":false,"_monsterinsights_sitenote_active":false,"_monsterinsights_sitenote_note":"","_monsterinsights_sitenote_category":0},"product_cat":[40],"product_tag":[118,116],"class_list":["post-291","product","type-product","status-publish","has-post-thumbnail","hentry","product_cat-plugin-woocommerce","product_tag-emails-transactionnels-woocommerce","product_tag-plugin-notification-woocommerce","pa_dev-woo-plugin-theme-woocommerce","pa_marketplace-woocommerce-woocommerce-com"],"yoast_head":"<!-- This site is optimized with the Yoast SEO plugin v23.1 - https:\/\/yoast.com\/wordpress\/plugins\/seo\/ -->\n<title>Advanced Notifications - Notifications eMails Commandes et Stock<\/title>\n<meta name=\"description\" content=\"Cr\u00e9er des notifications par emails lorsque le stock produit tombe sous un certain seuil, lorsqu&#039;il est arriv\u00e9 \u00e0 z\u00e9ro, que des r\u00e9approvisionnements soient en cours ou que de nouvelles commandes, voila ce que va te permettre de faire ce plugin WooCommerce de notifications avanc\u00e9es. Notifications pour clients et admin.\" \/>\n<meta name=\"robots\" content=\"index, follow, max-snippet:-1, max-image-preview:large, max-video-preview:-1\" \/>\n<link rel=\"canonical\" href=\"https:\/\/woo-themes-plugins.com\/fr\/produit\/advanced-notifications-notifications-emails-commandes-et-stock-plugin-woocommerce\/\" \/>\n<meta property=\"og:locale\" content=\"fr_FR\" \/>\n<meta property=\"og:type\" content=\"article\" \/>\n<meta property=\"og:title\" content=\"Advanced Notifications - Notifications eMails Commandes et Stock\" \/>\n<meta property=\"og:description\" content=\"Cr\u00e9er des notifications par emails lorsque le stock produit tombe sous un certain seuil, lorsqu&#039;il est arriv\u00e9 \u00e0 z\u00e9ro, que des r\u00e9approvisionnements soient en cours ou que de nouvelles commandes, voila ce que va te permettre de faire ce plugin WooCommerce de notifications avanc\u00e9es. Notifications pour clients et admin.\" \/>\n<meta property=\"og:url\" content=\"https:\/\/woo-themes-plugins.com\/fr\/produit\/advanced-notifications-notifications-emails-commandes-et-stock-plugin-woocommerce\/\" \/>\n<meta property=\"og:site_name\" content=\"Woo-themes-plugins.com\" \/>\n<meta property=\"article:modified_time\" content=\"2018-04-26T16:27:58+00:00\" \/>\n<meta property=\"og:image\" content=\"https:\/\/woo-themes-plugins.com\/wp-content\/uploads\/sites\/7\/2018\/03\/woo-themes-plugins_woocommerce-advanced-notifications-plugin-woocommerce.jpg\" \/>\n\t<meta property=\"og:image:width\" content=\"900\" \/>\n\t<meta property=\"og:image:height\" content=\"900\" \/>\n\t<meta property=\"og:image:type\" content=\"image\/jpeg\" \/>\n<meta name=\"twitter:label1\" content=\"Dur\u00e9e de lecture estim\u00e9e\" \/>\n\t<meta name=\"twitter:data1\" content=\"1 minute\" \/>\n<script type=\"application\/ld+json\" class=\"yoast-schema-graph\">{\"@context\":\"https:\/\/schema.org\",\"@graph\":[{\"@type\":\"WebPage\",\"@id\":\"https:\/\/woo-themes-plugins.com\/fr\/produit\/advanced-notifications-notifications-emails-commandes-et-stock-plugin-woocommerce\/\",\"url\":\"https:\/\/woo-themes-plugins.com\/fr\/produit\/advanced-notifications-notifications-emails-commandes-et-stock-plugin-woocommerce\/\",\"name\":\"Advanced Notifications - Notifications eMails Commandes et Stock\",\"isPartOf\":{\"@id\":\"https:\/\/woo-themes-plugins.com\/it\/#website\"},\"primaryImageOfPage\":{\"@id\":\"https:\/\/woo-themes-plugins.com\/fr\/produit\/advanced-notifications-notifications-emails-commandes-et-stock-plugin-woocommerce\/#primaryimage\"},\"image\":{\"@id\":\"https:\/\/woo-themes-plugins.com\/fr\/produit\/advanced-notifications-notifications-emails-commandes-et-stock-plugin-woocommerce\/#primaryimage\"},\"thumbnailUrl\":\"https:\/\/woo-themes-plugins.com\/wp-content\/uploads\/sites\/7\/2018\/03\/woo-themes-plugins_woocommerce-advanced-notifications-plugin-woocommerce.jpg\",\"datePublished\":\"2018-03-26T09:48:25+00:00\",\"dateModified\":\"2018-04-26T16:27:58+00:00\",\"description\":\"Cr\u00e9er des notifications par emails lorsque le stock produit tombe sous un certain seuil, lorsqu'il est arriv\u00e9 \u00e0 z\u00e9ro, que des r\u00e9approvisionnements soient en cours ou que de nouvelles commandes, voila ce que va te permettre de faire ce plugin WooCommerce de notifications avanc\u00e9es. Notifications pour clients et admin.\",\"breadcrumb\":{\"@id\":\"https:\/\/woo-themes-plugins.com\/fr\/produit\/advanced-notifications-notifications-emails-commandes-et-stock-plugin-woocommerce\/#breadcrumb\"},\"inLanguage\":\"fr-FR\",\"potentialAction\":[{\"@type\":\"ReadAction\",\"target\":[\"https:\/\/woo-themes-plugins.com\/fr\/produit\/advanced-notifications-notifications-emails-commandes-et-stock-plugin-woocommerce\/\"]}]},{\"@type\":\"ImageObject\",\"inLanguage\":\"fr-FR\",\"@id\":\"https:\/\/woo-themes-plugins.com\/fr\/produit\/advanced-notifications-notifications-emails-commandes-et-stock-plugin-woocommerce\/#primaryimage\",\"url\":\"https:\/\/woo-themes-plugins.com\/wp-content\/uploads\/sites\/7\/2018\/03\/woo-themes-plugins_woocommerce-advanced-notifications-plugin-woocommerce.jpg\",\"contentUrl\":\"https:\/\/woo-themes-plugins.com\/wp-content\/uploads\/sites\/7\/2018\/03\/woo-themes-plugins_woocommerce-advanced-notifications-plugin-woocommerce.jpg\",\"width\":900,\"height\":900},{\"@type\":\"BreadcrumbList\",\"@id\":\"https:\/\/woo-themes-plugins.com\/fr\/produit\/advanced-notifications-notifications-emails-commandes-et-stock-plugin-woocommerce\/#breadcrumb\",\"itemListElement\":[{\"@type\":\"ListItem\",\"position\":1,\"name\":\"Accueil\",\"item\":\"https:\/\/woo-themes-plugins.com\/fr\/\"},{\"@type\":\"ListItem\",\"position\":2,\"name\":\"Shop\",\"item\":\"https:\/\/woo-themes-plugins.com\/shop\/\"},{\"@type\":\"ListItem\",\"position\":3,\"name\":\"Advanced Notifications &#8211; Notifications eMails Commandes et Stock \u2013 Plugin WooCommerce\"}]},{\"@type\":\"WebSite\",\"@id\":\"https:\/\/woo-themes-plugins.com\/it\/#website\",\"url\":\"https:\/\/woo-themes-plugins.com\/it\/\",\"name\":\"Woo-themes-plugins.com\",\"description\":\"Tous les th\u00e8mes et plugins WooCommerce Premium\",\"potentialAction\":[{\"@type\":\"SearchAction\",\"target\":{\"@type\":\"EntryPoint\",\"urlTemplate\":\"https:\/\/woo-themes-plugins.com\/it\/?s={search_term_string}\"},\"query-input\":\"required name=search_term_string\"}],\"inLanguage\":\"fr-FR\"}]}<\/script>\n<!-- \/ Yoast SEO plugin. -->","yoast_head_json":{"title":"Advanced Notifications - Notifications eMails Commandes et Stock","description":"Cr\u00e9er des notifications par emails lorsque le stock produit tombe sous un certain seuil, lorsqu'il est arriv\u00e9 \u00e0 z\u00e9ro, que des r\u00e9approvisionnements soient en cours ou que de nouvelles commandes, voila ce que va te permettre de faire ce plugin WooCommerce de notifications avanc\u00e9es. Notifications pour clients et admin.","robots":{"index":"index","follow":"follow","max-snippet":"max-snippet:-1","max-image-preview":"max-image-preview:large","max-video-preview":"max-video-preview:-1"},"canonical":"https:\/\/woo-themes-plugins.com\/fr\/produit\/advanced-notifications-notifications-emails-commandes-et-stock-plugin-woocommerce\/","og_locale":"fr_FR","og_type":"article","og_title":"Advanced Notifications - Notifications eMails Commandes et Stock","og_description":"Cr\u00e9er des notifications par emails lorsque le stock produit tombe sous un certain seuil, lorsqu'il est arriv\u00e9 \u00e0 z\u00e9ro, que des r\u00e9approvisionnements soient en cours ou que de nouvelles commandes, voila ce que va te permettre de faire ce plugin WooCommerce de notifications avanc\u00e9es. Notifications pour clients et admin.","og_url":"https:\/\/woo-themes-plugins.com\/fr\/produit\/advanced-notifications-notifications-emails-commandes-et-stock-plugin-woocommerce\/","og_site_name":"Woo-themes-plugins.com","article_modified_time":"2018-04-26T16:27:58+00:00","og_image":[{"width":900,"height":900,"url":"https:\/\/woo-themes-plugins.com\/wp-content\/uploads\/sites\/7\/2018\/03\/woo-themes-plugins_woocommerce-advanced-notifications-plugin-woocommerce.jpg","type":"image\/jpeg"}],"twitter_misc":{"Dur\u00e9e de lecture estim\u00e9e":"1 minute"},"schema":{"@context":"https:\/\/schema.org","@graph":[{"@type":"WebPage","@id":"https:\/\/woo-themes-plugins.com\/fr\/produit\/advanced-notifications-notifications-emails-commandes-et-stock-plugin-woocommerce\/","url":"https:\/\/woo-themes-plugins.com\/fr\/produit\/advanced-notifications-notifications-emails-commandes-et-stock-plugin-woocommerce\/","name":"Advanced Notifications - Notifications eMails Commandes et Stock","isPartOf":{"@id":"https:\/\/woo-themes-plugins.com\/it\/#website"},"primaryImageOfPage":{"@id":"https:\/\/woo-themes-plugins.com\/fr\/produit\/advanced-notifications-notifications-emails-commandes-et-stock-plugin-woocommerce\/#primaryimage"},"image":{"@id":"https:\/\/woo-themes-plugins.com\/fr\/produit\/advanced-notifications-notifications-emails-commandes-et-stock-plugin-woocommerce\/#primaryimage"},"thumbnailUrl":"https:\/\/woo-themes-plugins.com\/wp-content\/uploads\/sites\/7\/2018\/03\/woo-themes-plugins_woocommerce-advanced-notifications-plugin-woocommerce.jpg","datePublished":"2018-03-26T09:48:25+00:00","dateModified":"2018-04-26T16:27:58+00:00","description":"Cr\u00e9er des notifications par emails lorsque le stock produit tombe sous un certain seuil, lorsqu'il est arriv\u00e9 \u00e0 z\u00e9ro, que des r\u00e9approvisionnements soient en cours ou que de nouvelles commandes, voila ce que va te permettre de faire ce plugin WooCommerce de notifications avanc\u00e9es. Notifications pour clients et admin.","breadcrumb":{"@id":"https:\/\/woo-themes-plugins.com\/fr\/produit\/advanced-notifications-notifications-emails-commandes-et-stock-plugin-woocommerce\/#breadcrumb"},"inLanguage":"fr-FR","potentialAction":[{"@type":"ReadAction","target":["https:\/\/woo-themes-plugins.com\/fr\/produit\/advanced-notifications-notifications-emails-commandes-et-stock-plugin-woocommerce\/"]}]},{"@type":"ImageObject","inLanguage":"fr-FR","@id":"https:\/\/woo-themes-plugins.com\/fr\/produit\/advanced-notifications-notifications-emails-commandes-et-stock-plugin-woocommerce\/#primaryimage","url":"https:\/\/woo-themes-plugins.com\/wp-content\/uploads\/sites\/7\/2018\/03\/woo-themes-plugins_woocommerce-advanced-notifications-plugin-woocommerce.jpg","contentUrl":"https:\/\/woo-themes-plugins.com\/wp-content\/uploads\/sites\/7\/2018\/03\/woo-themes-plugins_woocommerce-advanced-notifications-plugin-woocommerce.jpg","width":900,"height":900},{"@type":"BreadcrumbList","@id":"https:\/\/woo-themes-plugins.com\/fr\/produit\/advanced-notifications-notifications-emails-commandes-et-stock-plugin-woocommerce\/#breadcrumb","itemListElement":[{"@type":"ListItem","position":1,"name":"Accueil","item":"https:\/\/woo-themes-plugins.com\/fr\/"},{"@type":"ListItem","position":2,"name":"Shop","item":"https:\/\/woo-themes-plugins.com\/shop\/"},{"@type":"ListItem","position":3,"name":"Advanced Notifications &#8211; Notifications eMails Commandes et Stock \u2013 Plugin WooCommerce"}]},{"@type":"WebSite","@id":"https:\/\/woo-themes-plugins.com\/it\/#website","url":"https:\/\/woo-themes-plugins.com\/it\/","name":"Woo-themes-plugins.com","description":"Tous les th\u00e8mes et plugins WooCommerce Premium","potentialAction":[{"@type":"SearchAction","target":{"@type":"EntryPoint","urlTemplate":"https:\/\/woo-themes-plugins.com\/it\/?s={search_term_string}"},"query-input":"required name=search_term_string"}],"inLanguage":"fr-FR"}]}},"_links":{"self":[{"href":"https:\/\/woo-themes-plugins.com\/fr\/wp-json\/wp\/v2\/product\/291","targetHints":{"allow":["GET"]}}],"collection":[{"href":"https:\/\/woo-themes-plugins.com\/fr\/wp-json\/wp\/v2\/product"}],"about":[{"href":"https:\/\/woo-themes-plugins.com\/fr\/wp-json\/wp\/v2\/types\/product"}],"wp:featuredmedia":[{"embeddable":true,"href":"https:\/\/woo-themes-plugins.com\/fr\/wp-json\/wp\/v2\/media\/2772"}],"wp:attachment":[{"href":"https:\/\/woo-themes-plugins.com\/fr\/wp-json\/wp\/v2\/media?parent=291"}],"wp:term":[{"taxonomy":"product_cat","embeddable":true,"href":"https:\/\/woo-themes-plugins.com\/fr\/wp-json\/wp\/v2\/product_cat?post=291"},{"taxonomy":"product_tag","embeddable":true,"href":"https:\/\/woo-themes-plugins.com\/fr\/wp-json\/wp\/v2\/product_tag?post=291"}],"curies":[{"name":"wp","href":"https:\/\/api.w.org\/{rel}","templated":true}]}}