{"id":292,"date":"2018-03-26T10:51:53","date_gmt":"2018-03-26T09:51:53","guid":{"rendered":"https:\/\/woo-themes-plugins.com\/?post_type=product&#038;p=292"},"modified":"2018-04-26T17:27:49","modified_gmt":"2018-04-26T16:27:49","slug":"worldpay-solution-paiement-woocommerce-plugin-woocommerce","status":"publish","type":"product","link":"https:\/\/woo-themes-plugins.com\/fr\/product\/worldpay-solution-paiement-woocommerce-plugin-woocommerce\/","title":{"rendered":"WorldPay &#8211; Solution Paiement WooCommerce \u2013 Plugin WooCommerce"},"content":{"rendered":"<p>La plateforme de paiement World Pay va te permettre d&rsquo;accepter les cartes bancaires sur ton site WooCommerce, et cela de mani\u00e8re s\u00e9curis\u00e9e, avec une page de paiement h\u00e9berg\u00e9e par World Pay.<\/p>\n<p>Gr\u00e2ce \u00e0 cette extension WooCommerce, tu vas pouvoir accepter les cartes de types Visa, Amex, MasterCard, Maestro et JCB.<\/p>\n","protected":false},"excerpt":{"rendered":"<p>Andrew te propose ce plugin de paiement bancaire s\u00e9curis\u00e9 qui te permettra de mettre en place la solution de paiement <em>WorldPay<\/em> directement sur ton site de eCommerce WooCommerce, sur la page de paiement de ton site !<\/p>\n","protected":false},"featured_media":2780,"template":"","meta":{"_monsterinsights_skip_tracking":false,"_monsterinsights_sitenote_active":false,"_monsterinsights_sitenote_note":"","_monsterinsights_sitenote_category":0},"product_cat":[40],"product_tag":[41],"class_list":["post-292","product","type-product","status-publish","has-post-thumbnail","hentry","product_cat-plugin-woocommerce","product_tag-solution-paiement-woocommerce","pa_dev-woo-plugin-theme-andrew-benbow","pa_marketplace-woocommerce-woocommerce-com"],"yoast_head":"<!-- This site is optimized with the Yoast SEO plugin v23.1 - https:\/\/yoast.com\/wordpress\/plugins\/seo\/ -->\n<title>WorldPay - Solution Paiement WooCommerce \u2013 Plugin WooCommerce<\/title>\n<meta name=\"description\" content=\"Avec ce plugin WooCommerce, acceptes tout les types de paiement gr\u00e2ce \u00e0 WorldPay. Une extension WooCommerce indispensable pour qui travail avec WorldPay et WooCommerce.\" \/>\n<meta name=\"robots\" content=\"index, follow, max-snippet:-1, max-image-preview:large, max-video-preview:-1\" \/>\n<link rel=\"canonical\" href=\"https:\/\/woo-themes-plugins.com\/fr\/produit\/worldpay-solution-paiement-woocommerce-plugin-woocommerce\/\" \/>\n<meta property=\"og:locale\" content=\"fr_FR\" \/>\n<meta property=\"og:type\" content=\"article\" \/>\n<meta property=\"og:title\" content=\"WorldPay - Solution Paiement WooCommerce \u2013 Plugin WooCommerce\" \/>\n<meta property=\"og:description\" content=\"Avec ce plugin WooCommerce, acceptes tout les types de paiement gr\u00e2ce \u00e0 WorldPay. Une extension WooCommerce indispensable pour qui travail avec WorldPay et WooCommerce.\" \/>\n<meta property=\"og:url\" content=\"https:\/\/woo-themes-plugins.com\/fr\/produit\/worldpay-solution-paiement-woocommerce-plugin-woocommerce\/\" \/>\n<meta property=\"og:site_name\" content=\"Woo-themes-plugins.com\" \/>\n<meta property=\"article:modified_time\" content=\"2018-04-26T16:27:49+00:00\" \/>\n<meta property=\"og:image\" content=\"https:\/\/woo-themes-plugins.com\/wp-content\/uploads\/sites\/7\/2018\/03\/woo-themes-plugins_woocommerce-worldpay-payment-plugin-woocommerce.jpg\" \/>\n\t<meta property=\"og:image:width\" content=\"900\" \/>\n\t<meta property=\"og:image:height\" content=\"900\" \/>\n\t<meta property=\"og:image:type\" content=\"image\/jpeg\" \/>\n<script type=\"application\/ld+json\" class=\"yoast-schema-graph\">{\"@context\":\"https:\/\/schema.org\",\"@graph\":[{\"@type\":\"WebPage\",\"@id\":\"https:\/\/woo-themes-plugins.com\/fr\/produit\/worldpay-solution-paiement-woocommerce-plugin-woocommerce\/\",\"url\":\"https:\/\/woo-themes-plugins.com\/fr\/produit\/worldpay-solution-paiement-woocommerce-plugin-woocommerce\/\",\"name\":\"WorldPay - Solution Paiement WooCommerce \u2013 Plugin WooCommerce\",\"isPartOf\":{\"@id\":\"https:\/\/woo-themes-plugins.com\/it\/#website\"},\"primaryImageOfPage\":{\"@id\":\"https:\/\/woo-themes-plugins.com\/fr\/produit\/worldpay-solution-paiement-woocommerce-plugin-woocommerce\/#primaryimage\"},\"image\":{\"@id\":\"https:\/\/woo-themes-plugins.com\/fr\/produit\/worldpay-solution-paiement-woocommerce-plugin-woocommerce\/#primaryimage\"},\"thumbnailUrl\":\"https:\/\/woo-themes-plugins.com\/wp-content\/uploads\/sites\/7\/2018\/03\/woo-themes-plugins_woocommerce-worldpay-payment-plugin-woocommerce.jpg\",\"datePublished\":\"2018-03-26T09:51:53+00:00\",\"dateModified\":\"2018-04-26T16:27:49+00:00\",\"description\":\"Avec ce plugin WooCommerce, acceptes tout les types de paiement gr\u00e2ce \u00e0 WorldPay. Une extension WooCommerce indispensable pour qui travail avec WorldPay et WooCommerce.\",\"breadcrumb\":{\"@id\":\"https:\/\/woo-themes-plugins.com\/fr\/produit\/worldpay-solution-paiement-woocommerce-plugin-woocommerce\/#breadcrumb\"},\"inLanguage\":\"fr-FR\",\"potentialAction\":[{\"@type\":\"ReadAction\",\"target\":[\"https:\/\/woo-themes-plugins.com\/fr\/produit\/worldpay-solution-paiement-woocommerce-plugin-woocommerce\/\"]}]},{\"@type\":\"ImageObject\",\"inLanguage\":\"fr-FR\",\"@id\":\"https:\/\/woo-themes-plugins.com\/fr\/produit\/worldpay-solution-paiement-woocommerce-plugin-woocommerce\/#primaryimage\",\"url\":\"https:\/\/woo-themes-plugins.com\/wp-content\/uploads\/sites\/7\/2018\/03\/woo-themes-plugins_woocommerce-worldpay-payment-plugin-woocommerce.jpg\",\"contentUrl\":\"https:\/\/woo-themes-plugins.com\/wp-content\/uploads\/sites\/7\/2018\/03\/woo-themes-plugins_woocommerce-worldpay-payment-plugin-woocommerce.jpg\",\"width\":900,\"height\":900},{\"@type\":\"BreadcrumbList\",\"@id\":\"https:\/\/woo-themes-plugins.com\/fr\/produit\/worldpay-solution-paiement-woocommerce-plugin-woocommerce\/#breadcrumb\",\"itemListElement\":[{\"@type\":\"ListItem\",\"position\":1,\"name\":\"Accueil\",\"item\":\"https:\/\/woo-themes-plugins.com\/fr\/\"},{\"@type\":\"ListItem\",\"position\":2,\"name\":\"Shop\",\"item\":\"https:\/\/woo-themes-plugins.com\/shop\/\"},{\"@type\":\"ListItem\",\"position\":3,\"name\":\"WorldPay &#8211; Solution Paiement WooCommerce \u2013 Plugin WooCommerce\"}]},{\"@type\":\"WebSite\",\"@id\":\"https:\/\/woo-themes-plugins.com\/it\/#website\",\"url\":\"https:\/\/woo-themes-plugins.com\/it\/\",\"name\":\"Woo-themes-plugins.com\",\"description\":\"Tous les th\u00e8mes et plugins WooCommerce Premium\",\"potentialAction\":[{\"@type\":\"SearchAction\",\"target\":{\"@type\":\"EntryPoint\",\"urlTemplate\":\"https:\/\/woo-themes-plugins.com\/it\/?s={search_term_string}\"},\"query-input\":\"required name=search_term_string\"}],\"inLanguage\":\"fr-FR\"}]}<\/script>\n<!-- \/ Yoast SEO plugin. -->","yoast_head_json":{"title":"WorldPay - Solution Paiement WooCommerce \u2013 Plugin WooCommerce","description":"Avec ce plugin WooCommerce, acceptes tout les types de paiement gr\u00e2ce \u00e0 WorldPay. Une extension WooCommerce indispensable pour qui travail avec WorldPay et WooCommerce.","robots":{"index":"index","follow":"follow","max-snippet":"max-snippet:-1","max-image-preview":"max-image-preview:large","max-video-preview":"max-video-preview:-1"},"canonical":"https:\/\/woo-themes-plugins.com\/fr\/produit\/worldpay-solution-paiement-woocommerce-plugin-woocommerce\/","og_locale":"fr_FR","og_type":"article","og_title":"WorldPay - Solution Paiement WooCommerce \u2013 Plugin WooCommerce","og_description":"Avec ce plugin WooCommerce, acceptes tout les types de paiement gr\u00e2ce \u00e0 WorldPay. Une extension WooCommerce indispensable pour qui travail avec WorldPay et WooCommerce.","og_url":"https:\/\/woo-themes-plugins.com\/fr\/produit\/worldpay-solution-paiement-woocommerce-plugin-woocommerce\/","og_site_name":"Woo-themes-plugins.com","article_modified_time":"2018-04-26T16:27:49+00:00","og_image":[{"width":900,"height":900,"url":"https:\/\/woo-themes-plugins.com\/wp-content\/uploads\/sites\/7\/2018\/03\/woo-themes-plugins_woocommerce-worldpay-payment-plugin-woocommerce.jpg","type":"image\/jpeg"}],"schema":{"@context":"https:\/\/schema.org","@graph":[{"@type":"WebPage","@id":"https:\/\/woo-themes-plugins.com\/fr\/produit\/worldpay-solution-paiement-woocommerce-plugin-woocommerce\/","url":"https:\/\/woo-themes-plugins.com\/fr\/produit\/worldpay-solution-paiement-woocommerce-plugin-woocommerce\/","name":"WorldPay - Solution Paiement WooCommerce \u2013 Plugin WooCommerce","isPartOf":{"@id":"https:\/\/woo-themes-plugins.com\/it\/#website"},"primaryImageOfPage":{"@id":"https:\/\/woo-themes-plugins.com\/fr\/produit\/worldpay-solution-paiement-woocommerce-plugin-woocommerce\/#primaryimage"},"image":{"@id":"https:\/\/woo-themes-plugins.com\/fr\/produit\/worldpay-solution-paiement-woocommerce-plugin-woocommerce\/#primaryimage"},"thumbnailUrl":"https:\/\/woo-themes-plugins.com\/wp-content\/uploads\/sites\/7\/2018\/03\/woo-themes-plugins_woocommerce-worldpay-payment-plugin-woocommerce.jpg","datePublished":"2018-03-26T09:51:53+00:00","dateModified":"2018-04-26T16:27:49+00:00","description":"Avec ce plugin WooCommerce, acceptes tout les types de paiement gr\u00e2ce \u00e0 WorldPay. Une extension WooCommerce indispensable pour qui travail avec WorldPay et WooCommerce.","breadcrumb":{"@id":"https:\/\/woo-themes-plugins.com\/fr\/produit\/worldpay-solution-paiement-woocommerce-plugin-woocommerce\/#breadcrumb"},"inLanguage":"fr-FR","potentialAction":[{"@type":"ReadAction","target":["https:\/\/woo-themes-plugins.com\/fr\/produit\/worldpay-solution-paiement-woocommerce-plugin-woocommerce\/"]}]},{"@type":"ImageObject","inLanguage":"fr-FR","@id":"https:\/\/woo-themes-plugins.com\/fr\/produit\/worldpay-solution-paiement-woocommerce-plugin-woocommerce\/#primaryimage","url":"https:\/\/woo-themes-plugins.com\/wp-content\/uploads\/sites\/7\/2018\/03\/woo-themes-plugins_woocommerce-worldpay-payment-plugin-woocommerce.jpg","contentUrl":"https:\/\/woo-themes-plugins.com\/wp-content\/uploads\/sites\/7\/2018\/03\/woo-themes-plugins_woocommerce-worldpay-payment-plugin-woocommerce.jpg","width":900,"height":900},{"@type":"BreadcrumbList","@id":"https:\/\/woo-themes-plugins.com\/fr\/produit\/worldpay-solution-paiement-woocommerce-plugin-woocommerce\/#breadcrumb","itemListElement":[{"@type":"ListItem","position":1,"name":"Accueil","item":"https:\/\/woo-themes-plugins.com\/fr\/"},{"@type":"ListItem","position":2,"name":"Shop","item":"https:\/\/woo-themes-plugins.com\/shop\/"},{"@type":"ListItem","position":3,"name":"WorldPay &#8211; Solution Paiement WooCommerce \u2013 Plugin WooCommerce"}]},{"@type":"WebSite","@id":"https:\/\/woo-themes-plugins.com\/it\/#website","url":"https:\/\/woo-themes-plugins.com\/it\/","name":"Woo-themes-plugins.com","description":"Tous les th\u00e8mes et plugins WooCommerce Premium","potentialAction":[{"@type":"SearchAction","target":{"@type":"EntryPoint","urlTemplate":"https:\/\/woo-themes-plugins.com\/it\/?s={search_term_string}"},"query-input":"required name=search_term_string"}],"inLanguage":"fr-FR"}]}},"_links":{"self":[{"href":"https:\/\/woo-themes-plugins.com\/fr\/wp-json\/wp\/v2\/product\/292","targetHints":{"allow":["GET"]}}],"collection":[{"href":"https:\/\/woo-themes-plugins.com\/fr\/wp-json\/wp\/v2\/product"}],"about":[{"href":"https:\/\/woo-themes-plugins.com\/fr\/wp-json\/wp\/v2\/types\/product"}],"wp:featuredmedia":[{"embeddable":true,"href":"https:\/\/woo-themes-plugins.com\/fr\/wp-json\/wp\/v2\/media\/2780"}],"wp:attachment":[{"href":"https:\/\/woo-themes-plugins.com\/fr\/wp-json\/wp\/v2\/media?parent=292"}],"wp:term":[{"taxonomy":"product_cat","embeddable":true,"href":"https:\/\/woo-themes-plugins.com\/fr\/wp-json\/wp\/v2\/product_cat?post=292"},{"taxonomy":"product_tag","embeddable":true,"href":"https:\/\/woo-themes-plugins.com\/fr\/wp-json\/wp\/v2\/product_tag?post=292"}],"curies":[{"name":"wp","href":"https:\/\/api.w.org\/{rel}","templated":true}]}}