{"id":293,"date":"2018-03-26T12:52:05","date_gmt":"2018-03-26T11:52:05","guid":{"rendered":"https:\/\/woo-themes-plugins.com\/?post_type=product&#038;p=293"},"modified":"2018-04-26T17:27:42","modified_gmt":"2018-04-26T16:27:42","slug":"flatsome-theme-premium-a-tout-faire-theme-woocommerce","status":"publish","type":"product","link":"https:\/\/woo-themes-plugins.com\/fr\/product\/flatsome-theme-premium-a-tout-faire-theme-woocommerce\/","title":{"rendered":"Flatsome &#8211; Th\u00e8me Premium \u00e0 Tout Faire &#8211; Th\u00e8me WooCommerce"},"content":{"rendered":"","protected":false},"excerpt":{"rendered":"<p>Flatsome est le th\u00e8me WooCommerce \u00e0 tout faire le plus connu de tous. Avec plusieurs dizaines de milliers de t\u00e9l\u00e9chargement, ce th\u00e8me WooCommere est une valeur s\u00fbre dans le monde des th\u00e8mes WooCommerce Premium.<\/p>\n","protected":false},"featured_media":1220,"template":"","meta":{"_monsterinsights_skip_tracking":false,"_monsterinsights_sitenote_active":false,"_monsterinsights_sitenote_note":"","_monsterinsights_sitenote_category":0},"product_cat":[139],"product_tag":[144,147,149,145,140,141,151,152,150,143,148,146],"class_list":["post-293","product","type-product","status-publish","has-post-thumbnail","hentry","product_cat-theme-woocommerce","product_tag-debutant-woocommerce","product_tag-theme-woocommece-flat-design","product_tag-theme-woocommerce-avec-builder","product_tag-theme-woocommerce-moderne","product_tag-theme-woocommerce-polyvalent","product_tag-themes-woocommerce-personnalisable","product_tag-woocommerce-installation-un-clic","product_tag-woocommerce-multilingue","product_tag-woocommerce-optimise","product_tag-woocommerce-professionel-agence","product_tag-woocommerce-responsive","product_tag-woocommerce-retina-ready","pa_dev-woo-plugin-theme-ux-themes","pa_marketplace-woocommerce-themeforest-net"],"yoast_head":"<!-- This site is optimized with the Yoast SEO plugin v23.1 - https:\/\/yoast.com\/wordpress\/plugins\/seo\/ -->\n<title>Flatsome - Th\u00e8me Premium \u00e0 Tout Faire - Th\u00e8me WooCommerce - Woo-themes-plugins.com<\/title>\n<meta name=\"robots\" content=\"index, follow, max-snippet:-1, max-image-preview:large, max-video-preview:-1\" \/>\n<link rel=\"canonical\" href=\"https:\/\/woo-themes-plugins.com\/fr\/produit\/flatsome-theme-premium-a-tout-faire-theme-woocommerce\/\" \/>\n<meta property=\"og:locale\" content=\"fr_FR\" \/>\n<meta property=\"og:type\" content=\"article\" \/>\n<meta property=\"og:title\" content=\"Flatsome - Th\u00e8me Premium \u00e0 Tout Faire - Th\u00e8me WooCommerce - Woo-themes-plugins.com\" \/>\n<meta property=\"og:description\" content=\"Flatsome est le th\u00e8me WooCommerce \u00e0 tout faire le plus connu de tous. Avec plusieurs dizaines de milliers de t\u00e9l\u00e9chargement, ce th\u00e8me WooCommere est une valeur s\u00fbre dans le monde des th\u00e8mes WooCommerce Premium.\" \/>\n<meta property=\"og:url\" content=\"https:\/\/woo-themes-plugins.com\/fr\/produit\/flatsome-theme-premium-a-tout-faire-theme-woocommerce\/\" \/>\n<meta property=\"og:site_name\" content=\"Woo-themes-plugins.com\" \/>\n<meta property=\"article:modified_time\" content=\"2018-04-26T16:27:42+00:00\" \/>\n<meta property=\"og:image\" content=\"https:\/\/woo-themes-plugins.com\/wp-content\/uploads\/sites\/7\/2018\/03\/woo-themes-plugins_flatsomme-theme-premium-polyvalent-theme-woocommerce-mega.jpg\" \/>\n\t<meta property=\"og:image:width\" content=\"644\" \/>\n\t<meta property=\"og:image:height\" content=\"900\" \/>\n\t<meta property=\"og:image:type\" content=\"image\/jpeg\" \/>\n<script type=\"application\/ld+json\" class=\"yoast-schema-graph\">{\"@context\":\"https:\/\/schema.org\",\"@graph\":[{\"@type\":\"WebPage\",\"@id\":\"https:\/\/woo-themes-plugins.com\/fr\/produit\/flatsome-theme-premium-a-tout-faire-theme-woocommerce\/\",\"url\":\"https:\/\/woo-themes-plugins.com\/fr\/produit\/flatsome-theme-premium-a-tout-faire-theme-woocommerce\/\",\"name\":\"Flatsome - Th\u00e8me Premium \u00e0 Tout Faire - Th\u00e8me WooCommerce - Woo-themes-plugins.com\",\"isPartOf\":{\"@id\":\"https:\/\/woo-themes-plugins.com\/it\/#website\"},\"primaryImageOfPage\":{\"@id\":\"https:\/\/woo-themes-plugins.com\/fr\/produit\/flatsome-theme-premium-a-tout-faire-theme-woocommerce\/#primaryimage\"},\"image\":{\"@id\":\"https:\/\/woo-themes-plugins.com\/fr\/produit\/flatsome-theme-premium-a-tout-faire-theme-woocommerce\/#primaryimage\"},\"thumbnailUrl\":\"https:\/\/woo-themes-plugins.com\/wp-content\/uploads\/sites\/7\/2018\/03\/woo-themes-plugins_flatsomme-theme-premium-polyvalent-theme-woocommerce-mega.jpg\",\"datePublished\":\"2018-03-26T11:52:05+00:00\",\"dateModified\":\"2018-04-26T16:27:42+00:00\",\"breadcrumb\":{\"@id\":\"https:\/\/woo-themes-plugins.com\/fr\/produit\/flatsome-theme-premium-a-tout-faire-theme-woocommerce\/#breadcrumb\"},\"inLanguage\":\"fr-FR\",\"potentialAction\":[{\"@type\":\"ReadAction\",\"target\":[\"https:\/\/woo-themes-plugins.com\/fr\/produit\/flatsome-theme-premium-a-tout-faire-theme-woocommerce\/\"]}]},{\"@type\":\"ImageObject\",\"inLanguage\":\"fr-FR\",\"@id\":\"https:\/\/woo-themes-plugins.com\/fr\/produit\/flatsome-theme-premium-a-tout-faire-theme-woocommerce\/#primaryimage\",\"url\":\"https:\/\/woo-themes-plugins.com\/wp-content\/uploads\/sites\/7\/2018\/03\/woo-themes-plugins_flatsomme-theme-premium-polyvalent-theme-woocommerce-mega.jpg\",\"contentUrl\":\"https:\/\/woo-themes-plugins.com\/wp-content\/uploads\/sites\/7\/2018\/03\/woo-themes-plugins_flatsomme-theme-premium-polyvalent-theme-woocommerce-mega.jpg\",\"width\":644,\"height\":900},{\"@type\":\"BreadcrumbList\",\"@id\":\"https:\/\/woo-themes-plugins.com\/fr\/produit\/flatsome-theme-premium-a-tout-faire-theme-woocommerce\/#breadcrumb\",\"itemListElement\":[{\"@type\":\"ListItem\",\"position\":1,\"name\":\"Accueil\",\"item\":\"https:\/\/woo-themes-plugins.com\/fr\/\"},{\"@type\":\"ListItem\",\"position\":2,\"name\":\"Shop\",\"item\":\"https:\/\/woo-themes-plugins.com\/shop\/\"},{\"@type\":\"ListItem\",\"position\":3,\"name\":\"Flatsome &#8211; Th\u00e8me Premium \u00e0 Tout Faire &#8211; Th\u00e8me WooCommerce\"}]},{\"@type\":\"WebSite\",\"@id\":\"https:\/\/woo-themes-plugins.com\/it\/#website\",\"url\":\"https:\/\/woo-themes-plugins.com\/it\/\",\"name\":\"Woo-themes-plugins.com\",\"description\":\"Tous les th\u00e8mes et plugins WooCommerce Premium\",\"potentialAction\":[{\"@type\":\"SearchAction\",\"target\":{\"@type\":\"EntryPoint\",\"urlTemplate\":\"https:\/\/woo-themes-plugins.com\/it\/?s={search_term_string}\"},\"query-input\":\"required name=search_term_string\"}],\"inLanguage\":\"fr-FR\"}]}<\/script>\n<!-- \/ Yoast SEO plugin. -->","yoast_head_json":{"title":"Flatsome - Th\u00e8me Premium \u00e0 Tout Faire - Th\u00e8me WooCommerce - Woo-themes-plugins.com","robots":{"index":"index","follow":"follow","max-snippet":"max-snippet:-1","max-image-preview":"max-image-preview:large","max-video-preview":"max-video-preview:-1"},"canonical":"https:\/\/woo-themes-plugins.com\/fr\/produit\/flatsome-theme-premium-a-tout-faire-theme-woocommerce\/","og_locale":"fr_FR","og_type":"article","og_title":"Flatsome - Th\u00e8me Premium \u00e0 Tout Faire - Th\u00e8me WooCommerce - Woo-themes-plugins.com","og_description":"Flatsome est le th\u00e8me WooCommerce \u00e0 tout faire le plus connu de tous. Avec plusieurs dizaines de milliers de t\u00e9l\u00e9chargement, ce th\u00e8me WooCommere est une valeur s\u00fbre dans le monde des th\u00e8mes WooCommerce Premium.","og_url":"https:\/\/woo-themes-plugins.com\/fr\/produit\/flatsome-theme-premium-a-tout-faire-theme-woocommerce\/","og_site_name":"Woo-themes-plugins.com","article_modified_time":"2018-04-26T16:27:42+00:00","og_image":[{"width":644,"height":900,"url":"https:\/\/woo-themes-plugins.com\/wp-content\/uploads\/sites\/7\/2018\/03\/woo-themes-plugins_flatsomme-theme-premium-polyvalent-theme-woocommerce-mega.jpg","type":"image\/jpeg"}],"schema":{"@context":"https:\/\/schema.org","@graph":[{"@type":"WebPage","@id":"https:\/\/woo-themes-plugins.com\/fr\/produit\/flatsome-theme-premium-a-tout-faire-theme-woocommerce\/","url":"https:\/\/woo-themes-plugins.com\/fr\/produit\/flatsome-theme-premium-a-tout-faire-theme-woocommerce\/","name":"Flatsome - Th\u00e8me Premium \u00e0 Tout Faire - Th\u00e8me WooCommerce - Woo-themes-plugins.com","isPartOf":{"@id":"https:\/\/woo-themes-plugins.com\/it\/#website"},"primaryImageOfPage":{"@id":"https:\/\/woo-themes-plugins.com\/fr\/produit\/flatsome-theme-premium-a-tout-faire-theme-woocommerce\/#primaryimage"},"image":{"@id":"https:\/\/woo-themes-plugins.com\/fr\/produit\/flatsome-theme-premium-a-tout-faire-theme-woocommerce\/#primaryimage"},"thumbnailUrl":"https:\/\/woo-themes-plugins.com\/wp-content\/uploads\/sites\/7\/2018\/03\/woo-themes-plugins_flatsomme-theme-premium-polyvalent-theme-woocommerce-mega.jpg","datePublished":"2018-03-26T11:52:05+00:00","dateModified":"2018-04-26T16:27:42+00:00","breadcrumb":{"@id":"https:\/\/woo-themes-plugins.com\/fr\/produit\/flatsome-theme-premium-a-tout-faire-theme-woocommerce\/#breadcrumb"},"inLanguage":"fr-FR","potentialAction":[{"@type":"ReadAction","target":["https:\/\/woo-themes-plugins.com\/fr\/produit\/flatsome-theme-premium-a-tout-faire-theme-woocommerce\/"]}]},{"@type":"ImageObject","inLanguage":"fr-FR","@id":"https:\/\/woo-themes-plugins.com\/fr\/produit\/flatsome-theme-premium-a-tout-faire-theme-woocommerce\/#primaryimage","url":"https:\/\/woo-themes-plugins.com\/wp-content\/uploads\/sites\/7\/2018\/03\/woo-themes-plugins_flatsomme-theme-premium-polyvalent-theme-woocommerce-mega.jpg","contentUrl":"https:\/\/woo-themes-plugins.com\/wp-content\/uploads\/sites\/7\/2018\/03\/woo-themes-plugins_flatsomme-theme-premium-polyvalent-theme-woocommerce-mega.jpg","width":644,"height":900},{"@type":"BreadcrumbList","@id":"https:\/\/woo-themes-plugins.com\/fr\/produit\/flatsome-theme-premium-a-tout-faire-theme-woocommerce\/#breadcrumb","itemListElement":[{"@type":"ListItem","position":1,"name":"Accueil","item":"https:\/\/woo-themes-plugins.com\/fr\/"},{"@type":"ListItem","position":2,"name":"Shop","item":"https:\/\/woo-themes-plugins.com\/shop\/"},{"@type":"ListItem","position":3,"name":"Flatsome &#8211; Th\u00e8me Premium \u00e0 Tout Faire &#8211; Th\u00e8me WooCommerce"}]},{"@type":"WebSite","@id":"https:\/\/woo-themes-plugins.com\/it\/#website","url":"https:\/\/woo-themes-plugins.com\/it\/","name":"Woo-themes-plugins.com","description":"Tous les th\u00e8mes et plugins WooCommerce Premium","potentialAction":[{"@type":"SearchAction","target":{"@type":"EntryPoint","urlTemplate":"https:\/\/woo-themes-plugins.com\/it\/?s={search_term_string}"},"query-input":"required name=search_term_string"}],"inLanguage":"fr-FR"}]}},"_links":{"self":[{"href":"https:\/\/woo-themes-plugins.com\/fr\/wp-json\/wp\/v2\/product\/293","targetHints":{"allow":["GET"]}}],"collection":[{"href":"https:\/\/woo-themes-plugins.com\/fr\/wp-json\/wp\/v2\/product"}],"about":[{"href":"https:\/\/woo-themes-plugins.com\/fr\/wp-json\/wp\/v2\/types\/product"}],"wp:featuredmedia":[{"embeddable":true,"href":"https:\/\/woo-themes-plugins.com\/fr\/wp-json\/wp\/v2\/media\/1220"}],"wp:attachment":[{"href":"https:\/\/woo-themes-plugins.com\/fr\/wp-json\/wp\/v2\/media?parent=293"}],"wp:term":[{"taxonomy":"product_cat","embeddable":true,"href":"https:\/\/woo-themes-plugins.com\/fr\/wp-json\/wp\/v2\/product_cat?post=293"},{"taxonomy":"product_tag","embeddable":true,"href":"https:\/\/woo-themes-plugins.com\/fr\/wp-json\/wp\/v2\/product_tag?post=293"}],"curies":[{"name":"wp","href":"https:\/\/api.w.org\/{rel}","templated":true}]}}