{"id":2936,"date":"2018-04-17T08:04:34","date_gmt":"2018-04-17T07:04:34","guid":{"rendered":"https:\/\/woo-themes-plugins.com\/?post_type=product&#038;p=2936"},"modified":"2018-04-26T17:17:43","modified_gmt":"2018-04-26T16:17:43","slug":"sage-pay-plugin-paiement-banque-extension-woocommerce","status":"publish","type":"product","link":"https:\/\/woo-themes-plugins.com\/fr\/product\/sage-pay-plugin-paiement-banque-extension-woocommerce\/","title":{"rendered":"Sage Pay &#8211; Plugin Paiement \/ Banque &#8211; Extension WooCommerce"},"content":{"rendered":"<p>Gr\u00e2ce \u00e0 ce plugin WooCommerce, tu vas \u00eatre en mesure d&rsquo;impl\u00e9menter deux types de passerelles de paiements diff\u00e9rentes. Ce plugin de paiement WooCommerce a \u00e9t\u00e9 d\u00e9velopp\u00e9 de mani\u00e8re \u00e0 offrir une int\u00e9gration \u00e0 WooCommerce simple et rapide. Tu auras le choix entre une des deux passerelles de paiement, voir utiliser les deux en m\u00eame temps.<\/p>\n<p>La premi\u00e8re solution d&rsquo;int\u00e9gration de ce plugin de paiement passe par la mise en place d&rsquo;un formulaire de paiement g\u00e9n\u00e9r\u00e9 par <em>Sage Pay<\/em>, directement sur ton site WooCommerce. Ce formulaire est encrypt\u00e9, l&rsquo;ensemble est fournis par le plugin Sage Pay. Une fois les informations du formulaire remplies, l&rsquo;internaute sera renvoy\u00e9 sur une page de paiement chez Sage.<\/p>\n<p>Pour gagner encore plus de temps, l&rsquo;internaute pourra demander \u00e0 ce que son num\u00e9ro de carte bancaire soit m\u00e9moris\u00e9 par la partie bancaire de Sage Pay. Encore mieux, en mode <em>direct<\/em> <a href=\"https:\/\/hebergement-wp.info\/comparatif-hebergements-woocommerce\/\" target=\"_blank\" rel=\"noopener\"><strong>h\u00e9bergement WooCommerce<\/strong><\/a>, Sage Pay int\u00e9grera l&rsquo;ensemble du processus de paiement sur ton site WooCommerce. Bien \u00e9videment, un certificat SSL sera indispensable. Si tu as un bon , aucun probl\u00e8me pour toi.<\/p>\n<p>&nbsp;<\/p>\n","protected":false},"excerpt":{"rendered":"<p>Ta boutique WooCommerce accepte les paiements venants de Grande Bretagne ? \u00c7a tombe plut\u00f4t bien, sage pay est le plugin WooCommerce qui te permettra de mettre en place cette solution de paiement r\u00e9serv\u00e9e au royaume unis.<\/p>\n","protected":false},"featured_media":2937,"template":"","meta":{"_monsterinsights_skip_tracking":false,"_monsterinsights_sitenote_active":false,"_monsterinsights_sitenote_note":"","_monsterinsights_sitenote_category":0},"product_cat":[40],"product_tag":[41,72],"class_list":["post-2936","product","type-product","status-publish","has-post-thumbnail","hentry","product_cat-plugin-woocommerce","product_tag-solution-paiement-woocommerce","product_tag-tunnel-de-conversion-checkout-woocommerce","pa_dev-woo-plugin-theme-andrew-benbow","pa_marketplace-woocommerce-woocommerce-com"],"yoast_head":"<!-- This site is optimized with the Yoast SEO plugin v23.1 - https:\/\/yoast.com\/wordpress\/plugins\/seo\/ -->\n<title>Sage Pay - Plugin Paiement \/ Banque - Extension WooCommerce<\/title>\n<meta name=\"description\" content=\"Ta boutique se trouve au royaume-unis ? Alors ce plugin WooCommerce pour accepter les paiements par carte bancaire devrait beaucoup t&#039;int\u00e9resser. Sage Pay, c&#039;est le plugin WooCommerce d\u00e9velopp\u00e9 par Sage pour te permettre d&#039;utiliser leurs services directement dans ta boutique en ligne.\" \/>\n<meta name=\"robots\" content=\"index, follow, max-snippet:-1, max-image-preview:large, max-video-preview:-1\" \/>\n<link rel=\"canonical\" href=\"https:\/\/woo-themes-plugins.com\/fr\/produit\/sage-pay-plugin-paiement-banque-extension-woocommerce\/\" \/>\n<meta property=\"og:locale\" content=\"fr_FR\" \/>\n<meta property=\"og:type\" content=\"article\" \/>\n<meta property=\"og:title\" content=\"Sage Pay - Plugin Paiement \/ Banque - Extension WooCommerce\" \/>\n<meta property=\"og:description\" content=\"Ta boutique se trouve au royaume-unis ? Alors ce plugin WooCommerce pour accepter les paiements par carte bancaire devrait beaucoup t&#039;int\u00e9resser. Sage Pay, c&#039;est le plugin WooCommerce d\u00e9velopp\u00e9 par Sage pour te permettre d&#039;utiliser leurs services directement dans ta boutique en ligne.\" \/>\n<meta property=\"og:url\" content=\"https:\/\/woo-themes-plugins.com\/fr\/produit\/sage-pay-plugin-paiement-banque-extension-woocommerce\/\" \/>\n<meta property=\"og:site_name\" content=\"Woo-themes-plugins.com\" \/>\n<meta property=\"article:modified_time\" content=\"2018-04-26T16:17:43+00:00\" \/>\n<meta property=\"og:image\" content=\"https:\/\/woo-themes-plugins.com\/wp-content\/uploads\/sites\/7\/2018\/04\/woo-themes-plugins_woocommerce-sage-pay-plugin-paiement-banquaire-cb-plugin-woocommerce.jpg\" \/>\n\t<meta property=\"og:image:width\" content=\"900\" \/>\n\t<meta property=\"og:image:height\" content=\"900\" \/>\n\t<meta property=\"og:image:type\" content=\"image\/jpeg\" \/>\n<meta name=\"twitter:label1\" content=\"Dur\u00e9e de lecture estim\u00e9e\" \/>\n\t<meta name=\"twitter:data1\" content=\"1 minute\" \/>\n<script type=\"application\/ld+json\" class=\"yoast-schema-graph\">{\"@context\":\"https:\/\/schema.org\",\"@graph\":[{\"@type\":\"WebPage\",\"@id\":\"https:\/\/woo-themes-plugins.com\/fr\/produit\/sage-pay-plugin-paiement-banque-extension-woocommerce\/\",\"url\":\"https:\/\/woo-themes-plugins.com\/fr\/produit\/sage-pay-plugin-paiement-banque-extension-woocommerce\/\",\"name\":\"Sage Pay - Plugin Paiement \/ Banque - Extension WooCommerce\",\"isPartOf\":{\"@id\":\"https:\/\/woo-themes-plugins.com\/it\/#website\"},\"primaryImageOfPage\":{\"@id\":\"https:\/\/woo-themes-plugins.com\/fr\/produit\/sage-pay-plugin-paiement-banque-extension-woocommerce\/#primaryimage\"},\"image\":{\"@id\":\"https:\/\/woo-themes-plugins.com\/fr\/produit\/sage-pay-plugin-paiement-banque-extension-woocommerce\/#primaryimage\"},\"thumbnailUrl\":\"https:\/\/woo-themes-plugins.com\/wp-content\/uploads\/sites\/7\/2018\/04\/woo-themes-plugins_woocommerce-sage-pay-plugin-paiement-banquaire-cb-plugin-woocommerce.jpg\",\"datePublished\":\"2018-04-17T07:04:34+00:00\",\"dateModified\":\"2018-04-26T16:17:43+00:00\",\"description\":\"Ta boutique se trouve au royaume-unis ? Alors ce plugin WooCommerce pour accepter les paiements par carte bancaire devrait beaucoup t'int\u00e9resser. Sage Pay, c'est le plugin WooCommerce d\u00e9velopp\u00e9 par Sage pour te permettre d'utiliser leurs services directement dans ta boutique en ligne.\",\"breadcrumb\":{\"@id\":\"https:\/\/woo-themes-plugins.com\/fr\/produit\/sage-pay-plugin-paiement-banque-extension-woocommerce\/#breadcrumb\"},\"inLanguage\":\"fr-FR\",\"potentialAction\":[{\"@type\":\"ReadAction\",\"target\":[\"https:\/\/woo-themes-plugins.com\/fr\/produit\/sage-pay-plugin-paiement-banque-extension-woocommerce\/\"]}]},{\"@type\":\"ImageObject\",\"inLanguage\":\"fr-FR\",\"@id\":\"https:\/\/woo-themes-plugins.com\/fr\/produit\/sage-pay-plugin-paiement-banque-extension-woocommerce\/#primaryimage\",\"url\":\"https:\/\/woo-themes-plugins.com\/wp-content\/uploads\/sites\/7\/2018\/04\/woo-themes-plugins_woocommerce-sage-pay-plugin-paiement-banquaire-cb-plugin-woocommerce.jpg\",\"contentUrl\":\"https:\/\/woo-themes-plugins.com\/wp-content\/uploads\/sites\/7\/2018\/04\/woo-themes-plugins_woocommerce-sage-pay-plugin-paiement-banquaire-cb-plugin-woocommerce.jpg\",\"width\":900,\"height\":900},{\"@type\":\"BreadcrumbList\",\"@id\":\"https:\/\/woo-themes-plugins.com\/fr\/produit\/sage-pay-plugin-paiement-banque-extension-woocommerce\/#breadcrumb\",\"itemListElement\":[{\"@type\":\"ListItem\",\"position\":1,\"name\":\"Accueil\",\"item\":\"https:\/\/woo-themes-plugins.com\/fr\/\"},{\"@type\":\"ListItem\",\"position\":2,\"name\":\"Shop\",\"item\":\"https:\/\/woo-themes-plugins.com\/shop\/\"},{\"@type\":\"ListItem\",\"position\":3,\"name\":\"Sage Pay &#8211; Plugin Paiement \/ Banque &#8211; Extension WooCommerce\"}]},{\"@type\":\"WebSite\",\"@id\":\"https:\/\/woo-themes-plugins.com\/it\/#website\",\"url\":\"https:\/\/woo-themes-plugins.com\/it\/\",\"name\":\"Woo-themes-plugins.com\",\"description\":\"Tous les th\u00e8mes et plugins WooCommerce Premium\",\"potentialAction\":[{\"@type\":\"SearchAction\",\"target\":{\"@type\":\"EntryPoint\",\"urlTemplate\":\"https:\/\/woo-themes-plugins.com\/it\/?s={search_term_string}\"},\"query-input\":\"required name=search_term_string\"}],\"inLanguage\":\"fr-FR\"}]}<\/script>\n<!-- \/ Yoast SEO plugin. -->","yoast_head_json":{"title":"Sage Pay - Plugin Paiement \/ Banque - Extension WooCommerce","description":"Ta boutique se trouve au royaume-unis ? Alors ce plugin WooCommerce pour accepter les paiements par carte bancaire devrait beaucoup t'int\u00e9resser. Sage Pay, c'est le plugin WooCommerce d\u00e9velopp\u00e9 par Sage pour te permettre d'utiliser leurs services directement dans ta boutique en ligne.","robots":{"index":"index","follow":"follow","max-snippet":"max-snippet:-1","max-image-preview":"max-image-preview:large","max-video-preview":"max-video-preview:-1"},"canonical":"https:\/\/woo-themes-plugins.com\/fr\/produit\/sage-pay-plugin-paiement-banque-extension-woocommerce\/","og_locale":"fr_FR","og_type":"article","og_title":"Sage Pay - Plugin Paiement \/ Banque - Extension WooCommerce","og_description":"Ta boutique se trouve au royaume-unis ? Alors ce plugin WooCommerce pour accepter les paiements par carte bancaire devrait beaucoup t'int\u00e9resser. Sage Pay, c'est le plugin WooCommerce d\u00e9velopp\u00e9 par Sage pour te permettre d'utiliser leurs services directement dans ta boutique en ligne.","og_url":"https:\/\/woo-themes-plugins.com\/fr\/produit\/sage-pay-plugin-paiement-banque-extension-woocommerce\/","og_site_name":"Woo-themes-plugins.com","article_modified_time":"2018-04-26T16:17:43+00:00","og_image":[{"width":900,"height":900,"url":"https:\/\/woo-themes-plugins.com\/wp-content\/uploads\/sites\/7\/2018\/04\/woo-themes-plugins_woocommerce-sage-pay-plugin-paiement-banquaire-cb-plugin-woocommerce.jpg","type":"image\/jpeg"}],"twitter_misc":{"Dur\u00e9e de lecture estim\u00e9e":"1 minute"},"schema":{"@context":"https:\/\/schema.org","@graph":[{"@type":"WebPage","@id":"https:\/\/woo-themes-plugins.com\/fr\/produit\/sage-pay-plugin-paiement-banque-extension-woocommerce\/","url":"https:\/\/woo-themes-plugins.com\/fr\/produit\/sage-pay-plugin-paiement-banque-extension-woocommerce\/","name":"Sage Pay - Plugin Paiement \/ Banque - Extension WooCommerce","isPartOf":{"@id":"https:\/\/woo-themes-plugins.com\/it\/#website"},"primaryImageOfPage":{"@id":"https:\/\/woo-themes-plugins.com\/fr\/produit\/sage-pay-plugin-paiement-banque-extension-woocommerce\/#primaryimage"},"image":{"@id":"https:\/\/woo-themes-plugins.com\/fr\/produit\/sage-pay-plugin-paiement-banque-extension-woocommerce\/#primaryimage"},"thumbnailUrl":"https:\/\/woo-themes-plugins.com\/wp-content\/uploads\/sites\/7\/2018\/04\/woo-themes-plugins_woocommerce-sage-pay-plugin-paiement-banquaire-cb-plugin-woocommerce.jpg","datePublished":"2018-04-17T07:04:34+00:00","dateModified":"2018-04-26T16:17:43+00:00","description":"Ta boutique se trouve au royaume-unis ? Alors ce plugin WooCommerce pour accepter les paiements par carte bancaire devrait beaucoup t'int\u00e9resser. Sage Pay, c'est le plugin WooCommerce d\u00e9velopp\u00e9 par Sage pour te permettre d'utiliser leurs services directement dans ta boutique en ligne.","breadcrumb":{"@id":"https:\/\/woo-themes-plugins.com\/fr\/produit\/sage-pay-plugin-paiement-banque-extension-woocommerce\/#breadcrumb"},"inLanguage":"fr-FR","potentialAction":[{"@type":"ReadAction","target":["https:\/\/woo-themes-plugins.com\/fr\/produit\/sage-pay-plugin-paiement-banque-extension-woocommerce\/"]}]},{"@type":"ImageObject","inLanguage":"fr-FR","@id":"https:\/\/woo-themes-plugins.com\/fr\/produit\/sage-pay-plugin-paiement-banque-extension-woocommerce\/#primaryimage","url":"https:\/\/woo-themes-plugins.com\/wp-content\/uploads\/sites\/7\/2018\/04\/woo-themes-plugins_woocommerce-sage-pay-plugin-paiement-banquaire-cb-plugin-woocommerce.jpg","contentUrl":"https:\/\/woo-themes-plugins.com\/wp-content\/uploads\/sites\/7\/2018\/04\/woo-themes-plugins_woocommerce-sage-pay-plugin-paiement-banquaire-cb-plugin-woocommerce.jpg","width":900,"height":900},{"@type":"BreadcrumbList","@id":"https:\/\/woo-themes-plugins.com\/fr\/produit\/sage-pay-plugin-paiement-banque-extension-woocommerce\/#breadcrumb","itemListElement":[{"@type":"ListItem","position":1,"name":"Accueil","item":"https:\/\/woo-themes-plugins.com\/fr\/"},{"@type":"ListItem","position":2,"name":"Shop","item":"https:\/\/woo-themes-plugins.com\/shop\/"},{"@type":"ListItem","position":3,"name":"Sage Pay &#8211; Plugin Paiement \/ Banque &#8211; Extension WooCommerce"}]},{"@type":"WebSite","@id":"https:\/\/woo-themes-plugins.com\/it\/#website","url":"https:\/\/woo-themes-plugins.com\/it\/","name":"Woo-themes-plugins.com","description":"Tous les th\u00e8mes et plugins WooCommerce Premium","potentialAction":[{"@type":"SearchAction","target":{"@type":"EntryPoint","urlTemplate":"https:\/\/woo-themes-plugins.com\/it\/?s={search_term_string}"},"query-input":"required name=search_term_string"}],"inLanguage":"fr-FR"}]}},"_links":{"self":[{"href":"https:\/\/woo-themes-plugins.com\/fr\/wp-json\/wp\/v2\/product\/2936","targetHints":{"allow":["GET"]}}],"collection":[{"href":"https:\/\/woo-themes-plugins.com\/fr\/wp-json\/wp\/v2\/product"}],"about":[{"href":"https:\/\/woo-themes-plugins.com\/fr\/wp-json\/wp\/v2\/types\/product"}],"wp:featuredmedia":[{"embeddable":true,"href":"https:\/\/woo-themes-plugins.com\/fr\/wp-json\/wp\/v2\/media\/2937"}],"wp:attachment":[{"href":"https:\/\/woo-themes-plugins.com\/fr\/wp-json\/wp\/v2\/media?parent=2936"}],"wp:term":[{"taxonomy":"product_cat","embeddable":true,"href":"https:\/\/woo-themes-plugins.com\/fr\/wp-json\/wp\/v2\/product_cat?post=2936"},{"taxonomy":"product_tag","embeddable":true,"href":"https:\/\/woo-themes-plugins.com\/fr\/wp-json\/wp\/v2\/product_tag?post=2936"}],"curies":[{"name":"wp","href":"https:\/\/api.w.org\/{rel}","templated":true}]}}