{"id":2953,"date":"2018-04-17T08:31:46","date_gmt":"2018-04-17T07:31:46","guid":{"rendered":"https:\/\/woo-themes-plugins.com\/?post_type=product&#038;p=2953"},"modified":"2018-04-26T17:17:34","modified_gmt":"2018-04-26T16:17:34","slug":"product-csv-import-suite-import-export-de-produits-complexes-plugin-woocommerce-copy","status":"publish","type":"product","link":"https:\/\/woo-themes-plugins.com\/fr\/product\/product-csv-import-suite-import-export-de-produits-complexes-plugin-woocommerce-copy\/","title":{"rendered":"Customer \/ Order \/ Coupon CSV Import Suite &#8211; Plugin WooCommerce Import Donn\u00e9es"},"content":{"rendered":"<p>Gr\u00e2ce \u00e0 <em>Product CSV Import Suite<\/em>, il est enfin devenu simple comme un jeu d&rsquo;enfant d&rsquo;importer directement dans WooCommerce des donn\u00e9es types commandes clients, profils clients ou encore les r\u00e9ductions, le tout gr\u00e2ce \u00e0 un fichier CSV.<\/p>\n<p>L&rsquo;importation de centaines, voir de milliers de ligne dans WooCommerce est souvent un soucis. Ce plugin WooCommerce se charge de cela, pour nous offrir enfin une interface vraiment professionnelle en ce qui concerne l&rsquo;import de donn\u00e9es dans WooCommerce gr\u00e2ce \u00e0 un fichier CSV.<\/p>\n<p>Ce plugin WooCommerce se r\u00e9v\u00e9lera d&rsquo;une utilit\u00e9 indispensables dans de nombreux cas de figure, et tout particuli\u00e8rement lorsqu&rsquo;il est question de migrer un site WooCommerce.<\/p>\n<p>L&rsquo;importateur d\u00e9velopp\u00e9 pour WooCommerce est suffisamment souple pour nous permettre d&rsquo;importer tout type de fichier, m\u00eame dans un format non pr\u00e9d\u00e9finis \u00e0 l&rsquo;avance. Au moment de l&rsquo;importation de vos donn\u00e9es dans WooCommerce, il te sera demand\u00e9 d&rsquo;indiquer la corr\u00e9lation entre tes donn\u00e9es et celles de WooCommerce; un jeu d&rsquo;enfant. Il suffit d&rsquo;associer les colonnes avec les donn\u00e9es propos\u00e9es.<\/p>\n<p>Rapidement, voici ce que peut faire cet importateur de donn\u00e9es pour WooCommerce :<\/p>\n<ul>\n<li>Envoi de fichier ou import des donn\u00e9es par simple copier coller,<\/li>\n<li>Importation des donn\u00e9es clients<\/li>\n<li>Fusion de donn\u00e9es<\/li>\n<li>Importation de coupons de r\u00e9duction<\/li>\n<li>Importation de donn\u00e9es comprises dans des champs personnalis\u00e9s<\/li>\n<li>Support des diff\u00e9rentes m\u00e9thodes d&rsquo;exp\u00e9ditions<\/li>\n<li>Importation faite en fond, dans le but de ne pas parasiter votre boutique<\/li>\n<\/ul>\n","protected":false},"excerpt":{"rendered":"<p>Importe en toute facilit\u00e9 aussi bien des commandes, des r\u00e9ductions, que des clients. Le tout directement en format CSV dans WooCommerce. Un plugin WooCommerce indispensable pour qui g\u00e8re sa boutique en partie par Excel ou tout autres tableurs.<\/p>\n","protected":false},"featured_media":2954,"template":"","meta":{"_monsterinsights_skip_tracking":false,"_monsterinsights_sitenote_active":false,"_monsterinsights_sitenote_note":"","_monsterinsights_sitenote_category":0},"product_cat":[40],"product_tag":[60,94,59,1120],"class_list":["post-2953","product","type-product","status-publish","has-post-thumbnail","hentry","product_cat-plugin-woocommerce","product_tag-importer-exporter-commandes-woocommerce","product_tag-import-export-produits-woocommerce","product_tag-exporter-importer-clients-woocommerce","product_tag-plugin-import-woocommerce","pa_dev-woo-plugin-theme-skyverge","pa_marketplace-woocommerce-woocommerce-com"],"yoast_head":"<!-- This site is optimized with the Yoast SEO plugin v23.1 - https:\/\/yoast.com\/wordpress\/plugins\/seo\/ -->\n<title>Customer \/ Order \/ Coupon CSV Import Suite - Plugin WooCommerce<\/title>\n<meta name=\"description\" content=\"Importer des donn\u00e9es dans WooCommerce au format CSV est plus simple que jamais gr\u00e2ce au plugin WooCommerce &quot;Customer \/ Order \/ Coupon CSV Import Suite&quot;, un plugin WooCommerce incontournable en mati\u00e8re d&#039;import de donn\u00e9es en CSV dans WooCommerce.\" \/>\n<meta name=\"robots\" content=\"index, follow, max-snippet:-1, max-image-preview:large, max-video-preview:-1\" \/>\n<link rel=\"canonical\" href=\"https:\/\/woo-themes-plugins.com\/fr\/produit\/product-csv-import-suite-import-export-de-produits-complexes-plugin-woocommerce-copy\/\" \/>\n<meta property=\"og:locale\" content=\"fr_FR\" \/>\n<meta property=\"og:type\" content=\"article\" \/>\n<meta property=\"og:title\" content=\"Customer \/ Order \/ Coupon CSV Import Suite - Plugin WooCommerce\" \/>\n<meta property=\"og:description\" content=\"Importer des donn\u00e9es dans WooCommerce au format CSV est plus simple que jamais gr\u00e2ce au plugin WooCommerce &quot;Customer \/ Order \/ Coupon CSV Import Suite&quot;, un plugin WooCommerce incontournable en mati\u00e8re d&#039;import de donn\u00e9es en CSV dans WooCommerce.\" \/>\n<meta property=\"og:url\" content=\"https:\/\/woo-themes-plugins.com\/fr\/produit\/product-csv-import-suite-import-export-de-produits-complexes-plugin-woocommerce-copy\/\" \/>\n<meta property=\"og:site_name\" content=\"Woo-themes-plugins.com\" \/>\n<meta property=\"article:modified_time\" content=\"2018-04-26T16:17:34+00:00\" \/>\n<meta property=\"og:image\" content=\"https:\/\/woo-themes-plugins.com\/wp-content\/uploads\/sites\/7\/2018\/04\/woo-themes-plugins_woocommerce-customer-order-coupon-csv-import-suite-plugin-woocommerce.jpg\" \/>\n\t<meta property=\"og:image:width\" content=\"900\" \/>\n\t<meta property=\"og:image:height\" content=\"900\" \/>\n\t<meta property=\"og:image:type\" content=\"image\/jpeg\" \/>\n<meta name=\"twitter:label1\" content=\"Dur\u00e9e de lecture estim\u00e9e\" \/>\n\t<meta name=\"twitter:data1\" content=\"1 minute\" \/>\n<script type=\"application\/ld+json\" class=\"yoast-schema-graph\">{\"@context\":\"https:\/\/schema.org\",\"@graph\":[{\"@type\":\"WebPage\",\"@id\":\"https:\/\/woo-themes-plugins.com\/fr\/produit\/product-csv-import-suite-import-export-de-produits-complexes-plugin-woocommerce-copy\/\",\"url\":\"https:\/\/woo-themes-plugins.com\/fr\/produit\/product-csv-import-suite-import-export-de-produits-complexes-plugin-woocommerce-copy\/\",\"name\":\"Customer \/ Order \/ Coupon CSV Import Suite - Plugin WooCommerce\",\"isPartOf\":{\"@id\":\"https:\/\/woo-themes-plugins.com\/it\/#website\"},\"primaryImageOfPage\":{\"@id\":\"https:\/\/woo-themes-plugins.com\/fr\/produit\/product-csv-import-suite-import-export-de-produits-complexes-plugin-woocommerce-copy\/#primaryimage\"},\"image\":{\"@id\":\"https:\/\/woo-themes-plugins.com\/fr\/produit\/product-csv-import-suite-import-export-de-produits-complexes-plugin-woocommerce-copy\/#primaryimage\"},\"thumbnailUrl\":\"https:\/\/woo-themes-plugins.com\/wp-content\/uploads\/sites\/7\/2018\/04\/woo-themes-plugins_woocommerce-customer-order-coupon-csv-import-suite-plugin-woocommerce.jpg\",\"datePublished\":\"2018-04-17T07:31:46+00:00\",\"dateModified\":\"2018-04-26T16:17:34+00:00\",\"description\":\"Importer des donn\u00e9es dans WooCommerce au format CSV est plus simple que jamais gr\u00e2ce au plugin WooCommerce \\\"Customer \/ Order \/ Coupon CSV Import Suite\\\", un plugin WooCommerce incontournable en mati\u00e8re d'import de donn\u00e9es en CSV dans WooCommerce.\",\"breadcrumb\":{\"@id\":\"https:\/\/woo-themes-plugins.com\/fr\/produit\/product-csv-import-suite-import-export-de-produits-complexes-plugin-woocommerce-copy\/#breadcrumb\"},\"inLanguage\":\"fr-FR\",\"potentialAction\":[{\"@type\":\"ReadAction\",\"target\":[\"https:\/\/woo-themes-plugins.com\/fr\/produit\/product-csv-import-suite-import-export-de-produits-complexes-plugin-woocommerce-copy\/\"]}]},{\"@type\":\"ImageObject\",\"inLanguage\":\"fr-FR\",\"@id\":\"https:\/\/woo-themes-plugins.com\/fr\/produit\/product-csv-import-suite-import-export-de-produits-complexes-plugin-woocommerce-copy\/#primaryimage\",\"url\":\"https:\/\/woo-themes-plugins.com\/wp-content\/uploads\/sites\/7\/2018\/04\/woo-themes-plugins_woocommerce-customer-order-coupon-csv-import-suite-plugin-woocommerce.jpg\",\"contentUrl\":\"https:\/\/woo-themes-plugins.com\/wp-content\/uploads\/sites\/7\/2018\/04\/woo-themes-plugins_woocommerce-customer-order-coupon-csv-import-suite-plugin-woocommerce.jpg\",\"width\":900,\"height\":900},{\"@type\":\"BreadcrumbList\",\"@id\":\"https:\/\/woo-themes-plugins.com\/fr\/produit\/product-csv-import-suite-import-export-de-produits-complexes-plugin-woocommerce-copy\/#breadcrumb\",\"itemListElement\":[{\"@type\":\"ListItem\",\"position\":1,\"name\":\"Accueil\",\"item\":\"https:\/\/woo-themes-plugins.com\/fr\/\"},{\"@type\":\"ListItem\",\"position\":2,\"name\":\"Shop\",\"item\":\"https:\/\/woo-themes-plugins.com\/shop\/\"},{\"@type\":\"ListItem\",\"position\":3,\"name\":\"Customer \/ Order \/ Coupon CSV Import Suite &#8211; Plugin WooCommerce Import Donn\u00e9es\"}]},{\"@type\":\"WebSite\",\"@id\":\"https:\/\/woo-themes-plugins.com\/it\/#website\",\"url\":\"https:\/\/woo-themes-plugins.com\/it\/\",\"name\":\"Woo-themes-plugins.com\",\"description\":\"Tous les th\u00e8mes et plugins WooCommerce Premium\",\"potentialAction\":[{\"@type\":\"SearchAction\",\"target\":{\"@type\":\"EntryPoint\",\"urlTemplate\":\"https:\/\/woo-themes-plugins.com\/it\/?s={search_term_string}\"},\"query-input\":\"required name=search_term_string\"}],\"inLanguage\":\"fr-FR\"}]}<\/script>\n<!-- \/ Yoast SEO plugin. -->","yoast_head_json":{"title":"Customer \/ Order \/ Coupon CSV Import Suite - Plugin WooCommerce","description":"Importer des donn\u00e9es dans WooCommerce au format CSV est plus simple que jamais gr\u00e2ce au plugin WooCommerce \"Customer \/ Order \/ Coupon CSV Import Suite\", un plugin WooCommerce incontournable en mati\u00e8re d'import de donn\u00e9es en CSV dans WooCommerce.","robots":{"index":"index","follow":"follow","max-snippet":"max-snippet:-1","max-image-preview":"max-image-preview:large","max-video-preview":"max-video-preview:-1"},"canonical":"https:\/\/woo-themes-plugins.com\/fr\/produit\/product-csv-import-suite-import-export-de-produits-complexes-plugin-woocommerce-copy\/","og_locale":"fr_FR","og_type":"article","og_title":"Customer \/ Order \/ Coupon CSV Import Suite - Plugin WooCommerce","og_description":"Importer des donn\u00e9es dans WooCommerce au format CSV est plus simple que jamais gr\u00e2ce au plugin WooCommerce \"Customer \/ Order \/ Coupon CSV Import Suite\", un plugin WooCommerce incontournable en mati\u00e8re d'import de donn\u00e9es en CSV dans WooCommerce.","og_url":"https:\/\/woo-themes-plugins.com\/fr\/produit\/product-csv-import-suite-import-export-de-produits-complexes-plugin-woocommerce-copy\/","og_site_name":"Woo-themes-plugins.com","article_modified_time":"2018-04-26T16:17:34+00:00","og_image":[{"width":900,"height":900,"url":"https:\/\/woo-themes-plugins.com\/wp-content\/uploads\/sites\/7\/2018\/04\/woo-themes-plugins_woocommerce-customer-order-coupon-csv-import-suite-plugin-woocommerce.jpg","type":"image\/jpeg"}],"twitter_misc":{"Dur\u00e9e de lecture estim\u00e9e":"1 minute"},"schema":{"@context":"https:\/\/schema.org","@graph":[{"@type":"WebPage","@id":"https:\/\/woo-themes-plugins.com\/fr\/produit\/product-csv-import-suite-import-export-de-produits-complexes-plugin-woocommerce-copy\/","url":"https:\/\/woo-themes-plugins.com\/fr\/produit\/product-csv-import-suite-import-export-de-produits-complexes-plugin-woocommerce-copy\/","name":"Customer \/ Order \/ Coupon CSV Import Suite - Plugin WooCommerce","isPartOf":{"@id":"https:\/\/woo-themes-plugins.com\/it\/#website"},"primaryImageOfPage":{"@id":"https:\/\/woo-themes-plugins.com\/fr\/produit\/product-csv-import-suite-import-export-de-produits-complexes-plugin-woocommerce-copy\/#primaryimage"},"image":{"@id":"https:\/\/woo-themes-plugins.com\/fr\/produit\/product-csv-import-suite-import-export-de-produits-complexes-plugin-woocommerce-copy\/#primaryimage"},"thumbnailUrl":"https:\/\/woo-themes-plugins.com\/wp-content\/uploads\/sites\/7\/2018\/04\/woo-themes-plugins_woocommerce-customer-order-coupon-csv-import-suite-plugin-woocommerce.jpg","datePublished":"2018-04-17T07:31:46+00:00","dateModified":"2018-04-26T16:17:34+00:00","description":"Importer des donn\u00e9es dans WooCommerce au format CSV est plus simple que jamais gr\u00e2ce au plugin WooCommerce \"Customer \/ Order \/ Coupon CSV Import Suite\", un plugin WooCommerce incontournable en mati\u00e8re d'import de donn\u00e9es en CSV dans WooCommerce.","breadcrumb":{"@id":"https:\/\/woo-themes-plugins.com\/fr\/produit\/product-csv-import-suite-import-export-de-produits-complexes-plugin-woocommerce-copy\/#breadcrumb"},"inLanguage":"fr-FR","potentialAction":[{"@type":"ReadAction","target":["https:\/\/woo-themes-plugins.com\/fr\/produit\/product-csv-import-suite-import-export-de-produits-complexes-plugin-woocommerce-copy\/"]}]},{"@type":"ImageObject","inLanguage":"fr-FR","@id":"https:\/\/woo-themes-plugins.com\/fr\/produit\/product-csv-import-suite-import-export-de-produits-complexes-plugin-woocommerce-copy\/#primaryimage","url":"https:\/\/woo-themes-plugins.com\/wp-content\/uploads\/sites\/7\/2018\/04\/woo-themes-plugins_woocommerce-customer-order-coupon-csv-import-suite-plugin-woocommerce.jpg","contentUrl":"https:\/\/woo-themes-plugins.com\/wp-content\/uploads\/sites\/7\/2018\/04\/woo-themes-plugins_woocommerce-customer-order-coupon-csv-import-suite-plugin-woocommerce.jpg","width":900,"height":900},{"@type":"BreadcrumbList","@id":"https:\/\/woo-themes-plugins.com\/fr\/produit\/product-csv-import-suite-import-export-de-produits-complexes-plugin-woocommerce-copy\/#breadcrumb","itemListElement":[{"@type":"ListItem","position":1,"name":"Accueil","item":"https:\/\/woo-themes-plugins.com\/fr\/"},{"@type":"ListItem","position":2,"name":"Shop","item":"https:\/\/woo-themes-plugins.com\/shop\/"},{"@type":"ListItem","position":3,"name":"Customer \/ Order \/ Coupon CSV Import Suite &#8211; Plugin WooCommerce Import Donn\u00e9es"}]},{"@type":"WebSite","@id":"https:\/\/woo-themes-plugins.com\/it\/#website","url":"https:\/\/woo-themes-plugins.com\/it\/","name":"Woo-themes-plugins.com","description":"Tous les th\u00e8mes et plugins WooCommerce Premium","potentialAction":[{"@type":"SearchAction","target":{"@type":"EntryPoint","urlTemplate":"https:\/\/woo-themes-plugins.com\/it\/?s={search_term_string}"},"query-input":"required name=search_term_string"}],"inLanguage":"fr-FR"}]}},"_links":{"self":[{"href":"https:\/\/woo-themes-plugins.com\/fr\/wp-json\/wp\/v2\/product\/2953","targetHints":{"allow":["GET"]}}],"collection":[{"href":"https:\/\/woo-themes-plugins.com\/fr\/wp-json\/wp\/v2\/product"}],"about":[{"href":"https:\/\/woo-themes-plugins.com\/fr\/wp-json\/wp\/v2\/types\/product"}],"wp:featuredmedia":[{"embeddable":true,"href":"https:\/\/woo-themes-plugins.com\/fr\/wp-json\/wp\/v2\/media\/2954"}],"wp:attachment":[{"href":"https:\/\/woo-themes-plugins.com\/fr\/wp-json\/wp\/v2\/media?parent=2953"}],"wp:term":[{"taxonomy":"product_cat","embeddable":true,"href":"https:\/\/woo-themes-plugins.com\/fr\/wp-json\/wp\/v2\/product_cat?post=2953"},{"taxonomy":"product_tag","embeddable":true,"href":"https:\/\/woo-themes-plugins.com\/fr\/wp-json\/wp\/v2\/product_tag?post=2953"}],"curies":[{"name":"wp","href":"https:\/\/api.w.org\/{rel}","templated":true}]}}