{"id":2978,"date":"2018-04-17T08:55:30","date_gmt":"2018-04-17T07:55:30","guid":{"rendered":"https:\/\/woo-themes-plugins.com\/?post_type=product&#038;p=2978"},"modified":"2018-04-26T17:17:24","modified_gmt":"2018-04-26T16:17:24","slug":"woocommerce-one-page-checkout-plugin-woocommerce-tunnel-de-conversion","status":"publish","type":"product","link":"https:\/\/woo-themes-plugins.com\/fr\/product\/woocommerce-one-page-checkout-plugin-woocommerce-tunnel-de-conversion\/","title":{"rendered":"WooCommerce One Page Checkout &#8211; Plugin WooCommerce Tunnel de Conversion"},"content":{"rendered":"<p>Une \u00e9tude men\u00e9e par <em>WebCredible <\/em>nous informe que plus d&rsquo;un utilisateur sur dix abandonne sa commande \u00e0 cause d&rsquo;un tunnel d&rsquo;achat trop long. Ce plugin WooCommerce va venir faire chuter le taux de panier abandonn\u00e9s en offrant une interface client qui int\u00e8gre l&rsquo;ensemble du processus de commande en une seule et m\u00eame page.<\/p>\n<p>Le plugin <em>WooCommerce One page Checkout <\/em>nous offre diff\u00e9rentes options comme :<\/p>\n<ul>\n<li>L&rsquo;affichage du r\u00e9sum\u00e9 du panier client et des formulaires de commande sur une seule et m\u00eame page<\/li>\n<li>Possibilit\u00e9 d&rsquo;activer le paiement en une seule page sur un seul produit, un groupe de produit ou l&rsquo;ensemble de son catalogue produit<\/li>\n<li>Possibilit\u00e9 de cr\u00e9er des pages d&rsquo;atterrissage sp\u00e9cialis\u00e9es. Il suffira de d\u00e9poser les shortcodes dans une page pour le voir se mat\u00e9rialiser<\/li>\n<li>Inclus avec ce plugin WooCommerce, des templates pr\u00e9-faites, qui te permettra de choisir celle qui convient le mien \u00e0 ton site WooCommerce<\/li>\n<\/ul>\n","protected":false},"excerpt":{"rendered":"<p>S&rsquo;il existe un point sur lequel il faut agir pour accro\u00eetre son nombre de ventes en r\u00e9duisant le nombre de paniers abandonn\u00e9s, c&rsquo;est bien la page de paiement. Avec WooCommerce, ce tunnel de conversion est fixe&#8230; sauf si tu as recours \u00e0 un plugin comme <em>WooCommerce One Page Checkout<\/em>. Ce plugin WooCommerce va te permettre de cr\u00e9er une page sp\u00e9ciale o\u00f9 ton client pourra choisir son produit et directement payer dessus. R\u00e9duire le nombre d&rsquo;\u00e9tapes n\u00e9cessaire pour effectuer son achat, voici ce qu&rsquo;offre <em>WooCommerce One Page Checkout<\/em>.<\/p>\n","protected":false},"featured_media":2979,"template":"","meta":{"_monsterinsights_skip_tracking":false,"_monsterinsights_sitenote_active":false,"_monsterinsights_sitenote_note":"","_monsterinsights_sitenote_category":0},"product_cat":[40],"product_tag":[85,80,72,150],"class_list":["post-2978","product","type-product","status-publish","has-post-thumbnail","hentry","product_cat-plugin-woocommerce","product_tag-commandes-client-woocommerce","product_tag-plugin-emarketing-woocommerce","product_tag-tunnel-de-conversion-checkout-woocommerce","product_tag-woocommerce-optimise","pa_dev-woo-plugin-theme-prospress","pa_marketplace-woocommerce-woocommerce-com"],"yoast_head":"<!-- This site is optimized with the Yoast SEO plugin v23.1 - https:\/\/yoast.com\/wordpress\/plugins\/seo\/ -->\n<title>WooCommerce One Page Checkout - Plugin Tunnel de Conversion<\/title>\n<meta name=\"description\" content=\"Comment optimiser ses ventes en limitant le taux d&#039;abandon de panier ? En utilisation la m\u00e9thode du tunnel de conversion condens\u00e9 en une page unique, autrement dit, en adoptant le one page checkout sur WooCommerce. Ce plugin va te permettre de mettre en place facilement le one page checkout sur ton site WooCommerce.\" \/>\n<meta name=\"robots\" content=\"index, follow, max-snippet:-1, max-image-preview:large, max-video-preview:-1\" \/>\n<link rel=\"canonical\" href=\"https:\/\/woo-themes-plugins.com\/fr\/produit\/woocommerce-one-page-checkout-plugin-woocommerce-tunnel-de-conversion\/\" \/>\n<meta property=\"og:locale\" content=\"fr_FR\" \/>\n<meta property=\"og:type\" content=\"article\" \/>\n<meta property=\"og:title\" content=\"WooCommerce One Page Checkout - Plugin Tunnel de Conversion\" \/>\n<meta property=\"og:description\" content=\"Comment optimiser ses ventes en limitant le taux d&#039;abandon de panier ? En utilisation la m\u00e9thode du tunnel de conversion condens\u00e9 en une page unique, autrement dit, en adoptant le one page checkout sur WooCommerce. Ce plugin va te permettre de mettre en place facilement le one page checkout sur ton site WooCommerce.\" \/>\n<meta property=\"og:url\" content=\"https:\/\/woo-themes-plugins.com\/fr\/produit\/woocommerce-one-page-checkout-plugin-woocommerce-tunnel-de-conversion\/\" \/>\n<meta property=\"og:site_name\" content=\"Woo-themes-plugins.com\" \/>\n<meta property=\"article:modified_time\" content=\"2018-04-26T16:17:24+00:00\" \/>\n<meta property=\"og:image\" content=\"https:\/\/woo-themes-plugins.com\/wp-content\/uploads\/sites\/7\/2018\/04\/woo-themes-plugins_woocommerce-one-page-checkout-plugin-woocommerce.jpg\" \/>\n\t<meta property=\"og:image:width\" content=\"900\" \/>\n\t<meta property=\"og:image:height\" content=\"900\" \/>\n\t<meta property=\"og:image:type\" content=\"image\/jpeg\" \/>\n<meta name=\"twitter:label1\" content=\"Dur\u00e9e de lecture estim\u00e9e\" \/>\n\t<meta name=\"twitter:data1\" content=\"1 minute\" \/>\n<script type=\"application\/ld+json\" class=\"yoast-schema-graph\">{\"@context\":\"https:\/\/schema.org\",\"@graph\":[{\"@type\":\"WebPage\",\"@id\":\"https:\/\/woo-themes-plugins.com\/fr\/produit\/woocommerce-one-page-checkout-plugin-woocommerce-tunnel-de-conversion\/\",\"url\":\"https:\/\/woo-themes-plugins.com\/fr\/produit\/woocommerce-one-page-checkout-plugin-woocommerce-tunnel-de-conversion\/\",\"name\":\"WooCommerce One Page Checkout - Plugin Tunnel de Conversion\",\"isPartOf\":{\"@id\":\"https:\/\/woo-themes-plugins.com\/it\/#website\"},\"primaryImageOfPage\":{\"@id\":\"https:\/\/woo-themes-plugins.com\/fr\/produit\/woocommerce-one-page-checkout-plugin-woocommerce-tunnel-de-conversion\/#primaryimage\"},\"image\":{\"@id\":\"https:\/\/woo-themes-plugins.com\/fr\/produit\/woocommerce-one-page-checkout-plugin-woocommerce-tunnel-de-conversion\/#primaryimage\"},\"thumbnailUrl\":\"https:\/\/woo-themes-plugins.com\/wp-content\/uploads\/sites\/7\/2018\/04\/woo-themes-plugins_woocommerce-one-page-checkout-plugin-woocommerce.jpg\",\"datePublished\":\"2018-04-17T07:55:30+00:00\",\"dateModified\":\"2018-04-26T16:17:24+00:00\",\"description\":\"Comment optimiser ses ventes en limitant le taux d'abandon de panier ? En utilisation la m\u00e9thode du tunnel de conversion condens\u00e9 en une page unique, autrement dit, en adoptant le one page checkout sur WooCommerce. Ce plugin va te permettre de mettre en place facilement le one page checkout sur ton site WooCommerce.\",\"breadcrumb\":{\"@id\":\"https:\/\/woo-themes-plugins.com\/fr\/produit\/woocommerce-one-page-checkout-plugin-woocommerce-tunnel-de-conversion\/#breadcrumb\"},\"inLanguage\":\"fr-FR\",\"potentialAction\":[{\"@type\":\"ReadAction\",\"target\":[\"https:\/\/woo-themes-plugins.com\/fr\/produit\/woocommerce-one-page-checkout-plugin-woocommerce-tunnel-de-conversion\/\"]}]},{\"@type\":\"ImageObject\",\"inLanguage\":\"fr-FR\",\"@id\":\"https:\/\/woo-themes-plugins.com\/fr\/produit\/woocommerce-one-page-checkout-plugin-woocommerce-tunnel-de-conversion\/#primaryimage\",\"url\":\"https:\/\/woo-themes-plugins.com\/wp-content\/uploads\/sites\/7\/2018\/04\/woo-themes-plugins_woocommerce-one-page-checkout-plugin-woocommerce.jpg\",\"contentUrl\":\"https:\/\/woo-themes-plugins.com\/wp-content\/uploads\/sites\/7\/2018\/04\/woo-themes-plugins_woocommerce-one-page-checkout-plugin-woocommerce.jpg\",\"width\":900,\"height\":900},{\"@type\":\"BreadcrumbList\",\"@id\":\"https:\/\/woo-themes-plugins.com\/fr\/produit\/woocommerce-one-page-checkout-plugin-woocommerce-tunnel-de-conversion\/#breadcrumb\",\"itemListElement\":[{\"@type\":\"ListItem\",\"position\":1,\"name\":\"Accueil\",\"item\":\"https:\/\/woo-themes-plugins.com\/fr\/\"},{\"@type\":\"ListItem\",\"position\":2,\"name\":\"Shop\",\"item\":\"https:\/\/woo-themes-plugins.com\/shop\/\"},{\"@type\":\"ListItem\",\"position\":3,\"name\":\"WooCommerce One Page Checkout &#8211; Plugin WooCommerce Tunnel de Conversion\"}]},{\"@type\":\"WebSite\",\"@id\":\"https:\/\/woo-themes-plugins.com\/it\/#website\",\"url\":\"https:\/\/woo-themes-plugins.com\/it\/\",\"name\":\"Woo-themes-plugins.com\",\"description\":\"Tous les th\u00e8mes et plugins WooCommerce Premium\",\"potentialAction\":[{\"@type\":\"SearchAction\",\"target\":{\"@type\":\"EntryPoint\",\"urlTemplate\":\"https:\/\/woo-themes-plugins.com\/it\/?s={search_term_string}\"},\"query-input\":\"required name=search_term_string\"}],\"inLanguage\":\"fr-FR\"}]}<\/script>\n<!-- \/ Yoast SEO plugin. -->","yoast_head_json":{"title":"WooCommerce One Page Checkout - Plugin Tunnel de Conversion","description":"Comment optimiser ses ventes en limitant le taux d'abandon de panier ? En utilisation la m\u00e9thode du tunnel de conversion condens\u00e9 en une page unique, autrement dit, en adoptant le one page checkout sur WooCommerce. Ce plugin va te permettre de mettre en place facilement le one page checkout sur ton site WooCommerce.","robots":{"index":"index","follow":"follow","max-snippet":"max-snippet:-1","max-image-preview":"max-image-preview:large","max-video-preview":"max-video-preview:-1"},"canonical":"https:\/\/woo-themes-plugins.com\/fr\/produit\/woocommerce-one-page-checkout-plugin-woocommerce-tunnel-de-conversion\/","og_locale":"fr_FR","og_type":"article","og_title":"WooCommerce One Page Checkout - Plugin Tunnel de Conversion","og_description":"Comment optimiser ses ventes en limitant le taux d'abandon de panier ? En utilisation la m\u00e9thode du tunnel de conversion condens\u00e9 en une page unique, autrement dit, en adoptant le one page checkout sur WooCommerce. Ce plugin va te permettre de mettre en place facilement le one page checkout sur ton site WooCommerce.","og_url":"https:\/\/woo-themes-plugins.com\/fr\/produit\/woocommerce-one-page-checkout-plugin-woocommerce-tunnel-de-conversion\/","og_site_name":"Woo-themes-plugins.com","article_modified_time":"2018-04-26T16:17:24+00:00","og_image":[{"width":900,"height":900,"url":"https:\/\/woo-themes-plugins.com\/wp-content\/uploads\/sites\/7\/2018\/04\/woo-themes-plugins_woocommerce-one-page-checkout-plugin-woocommerce.jpg","type":"image\/jpeg"}],"twitter_misc":{"Dur\u00e9e de lecture estim\u00e9e":"1 minute"},"schema":{"@context":"https:\/\/schema.org","@graph":[{"@type":"WebPage","@id":"https:\/\/woo-themes-plugins.com\/fr\/produit\/woocommerce-one-page-checkout-plugin-woocommerce-tunnel-de-conversion\/","url":"https:\/\/woo-themes-plugins.com\/fr\/produit\/woocommerce-one-page-checkout-plugin-woocommerce-tunnel-de-conversion\/","name":"WooCommerce One Page Checkout - Plugin Tunnel de Conversion","isPartOf":{"@id":"https:\/\/woo-themes-plugins.com\/it\/#website"},"primaryImageOfPage":{"@id":"https:\/\/woo-themes-plugins.com\/fr\/produit\/woocommerce-one-page-checkout-plugin-woocommerce-tunnel-de-conversion\/#primaryimage"},"image":{"@id":"https:\/\/woo-themes-plugins.com\/fr\/produit\/woocommerce-one-page-checkout-plugin-woocommerce-tunnel-de-conversion\/#primaryimage"},"thumbnailUrl":"https:\/\/woo-themes-plugins.com\/wp-content\/uploads\/sites\/7\/2018\/04\/woo-themes-plugins_woocommerce-one-page-checkout-plugin-woocommerce.jpg","datePublished":"2018-04-17T07:55:30+00:00","dateModified":"2018-04-26T16:17:24+00:00","description":"Comment optimiser ses ventes en limitant le taux d'abandon de panier ? En utilisation la m\u00e9thode du tunnel de conversion condens\u00e9 en une page unique, autrement dit, en adoptant le one page checkout sur WooCommerce. Ce plugin va te permettre de mettre en place facilement le one page checkout sur ton site WooCommerce.","breadcrumb":{"@id":"https:\/\/woo-themes-plugins.com\/fr\/produit\/woocommerce-one-page-checkout-plugin-woocommerce-tunnel-de-conversion\/#breadcrumb"},"inLanguage":"fr-FR","potentialAction":[{"@type":"ReadAction","target":["https:\/\/woo-themes-plugins.com\/fr\/produit\/woocommerce-one-page-checkout-plugin-woocommerce-tunnel-de-conversion\/"]}]},{"@type":"ImageObject","inLanguage":"fr-FR","@id":"https:\/\/woo-themes-plugins.com\/fr\/produit\/woocommerce-one-page-checkout-plugin-woocommerce-tunnel-de-conversion\/#primaryimage","url":"https:\/\/woo-themes-plugins.com\/wp-content\/uploads\/sites\/7\/2018\/04\/woo-themes-plugins_woocommerce-one-page-checkout-plugin-woocommerce.jpg","contentUrl":"https:\/\/woo-themes-plugins.com\/wp-content\/uploads\/sites\/7\/2018\/04\/woo-themes-plugins_woocommerce-one-page-checkout-plugin-woocommerce.jpg","width":900,"height":900},{"@type":"BreadcrumbList","@id":"https:\/\/woo-themes-plugins.com\/fr\/produit\/woocommerce-one-page-checkout-plugin-woocommerce-tunnel-de-conversion\/#breadcrumb","itemListElement":[{"@type":"ListItem","position":1,"name":"Accueil","item":"https:\/\/woo-themes-plugins.com\/fr\/"},{"@type":"ListItem","position":2,"name":"Shop","item":"https:\/\/woo-themes-plugins.com\/shop\/"},{"@type":"ListItem","position":3,"name":"WooCommerce One Page Checkout &#8211; Plugin WooCommerce Tunnel de Conversion"}]},{"@type":"WebSite","@id":"https:\/\/woo-themes-plugins.com\/it\/#website","url":"https:\/\/woo-themes-plugins.com\/it\/","name":"Woo-themes-plugins.com","description":"Tous les th\u00e8mes et plugins WooCommerce Premium","potentialAction":[{"@type":"SearchAction","target":{"@type":"EntryPoint","urlTemplate":"https:\/\/woo-themes-plugins.com\/it\/?s={search_term_string}"},"query-input":"required name=search_term_string"}],"inLanguage":"fr-FR"}]}},"_links":{"self":[{"href":"https:\/\/woo-themes-plugins.com\/fr\/wp-json\/wp\/v2\/product\/2978","targetHints":{"allow":["GET"]}}],"collection":[{"href":"https:\/\/woo-themes-plugins.com\/fr\/wp-json\/wp\/v2\/product"}],"about":[{"href":"https:\/\/woo-themes-plugins.com\/fr\/wp-json\/wp\/v2\/types\/product"}],"wp:featuredmedia":[{"embeddable":true,"href":"https:\/\/woo-themes-plugins.com\/fr\/wp-json\/wp\/v2\/media\/2979"}],"wp:attachment":[{"href":"https:\/\/woo-themes-plugins.com\/fr\/wp-json\/wp\/v2\/media?parent=2978"}],"wp:term":[{"taxonomy":"product_cat","embeddable":true,"href":"https:\/\/woo-themes-plugins.com\/fr\/wp-json\/wp\/v2\/product_cat?post=2978"},{"taxonomy":"product_tag","embeddable":true,"href":"https:\/\/woo-themes-plugins.com\/fr\/wp-json\/wp\/v2\/product_tag?post=2978"}],"curies":[{"name":"wp","href":"https:\/\/api.w.org\/{rel}","templated":true}]}}