{"id":2995,"date":"2018-04-17T09:11:30","date_gmt":"2018-04-17T08:11:30","guid":{"rendered":"https:\/\/woo-themes-plugins.com\/?post_type=product&#038;p=2995"},"modified":"2018-04-26T17:17:14","modified_gmt":"2018-04-26T16:17:14","slug":"per-product-shipping-plugin-woocommerce-gestion-couts-expedition","status":"publish","type":"product","link":"https:\/\/woo-themes-plugins.com\/fr\/product\/per-product-shipping-plugin-woocommerce-gestion-couts-expedition\/","title":{"rendered":"Per Product Shipping &#8211; Plugin WooCommerce Gestion Frais d&rsquo;Exp\u00e9dition"},"content":{"rendered":"<p>Nous l&rsquo;avons dit, ce plugin WooCommerce va te permettre de d\u00e9finir des frais de livraisons sur la base d&rsquo;un article ou de ses variations. Ainsi, il te sera possible de d\u00e9finir diff\u00e9rents co\u00fbts de livraison pour un m\u00eame produit, en fonction de la localisation g\u00e9ographique de l&rsquo;internaute souhaitant passer commende sur votre site de eCommerce.<\/p>\n<p>Les co\u00fbts de livraison unitaire peuvent \u00eatre ajout\u00e9 aux autres m\u00e9thodes de livraison d\u00e9j\u00e0 programm\u00e9 dans votre interface d&rsquo;administration WooCommerce, ou \u00eatre utilis\u00e9 seul, \u00e0 100%.<\/p>\n<p>Voici diff\u00e9rentes fonctionnalit\u00e9s offert par le plugin WooCommerce <em>Per Product Shipping<\/em> :<\/p>\n<ul>\n<li>D\u00e9finir une politique de frais d&rsquo;exp\u00e9dition bas\u00e9 sur la ligne ou <em>par produit<\/em><\/li>\n<li>D\u00e9finir une politique de co\u00fbt d&rsquo;exp\u00e9dition bas\u00e9 sur les variations produit<\/li>\n<li>Modification du co\u00fbt de livraison en fonction de la destination<\/li>\n<li>Importation et exportation des taux de livraison par fichier CSV<\/li>\n<li>Utilisation en mode s\u00e9par\u00e9 des autres m\u00e9thodes d&rsquo;exp\u00e9dition<\/li>\n<li>Ajout des co\u00fbts calcul\u00e9s au total des autres m\u00e9thodes d&rsquo;exp\u00e9dition<\/li>\n<\/ul>\n<p>Une extension WooCommerce particuli\u00e8rement utile lorsqu&rsquo;on commercialise sur son site internet des produits dont le co\u00fbt de livraison peut fluctuer du prix de tous les autres produits sur votre site.<\/p>\n","protected":false},"excerpt":{"rendered":"<p>Gr\u00e2ce \u00e0 ce plugin WooCommerce, tu vas avoir la possibilit\u00e9 de d\u00e9finir un co\u00fbt de livraison directement associ\u00e9 \u00e0 ton produit. Ainsi, chaque produit peut avoir des frais d&rsquo;exp\u00e9dition qui lui sont propres. Une fois tous les articles mis dans le panier, ce plugin WooCommerce se chargera de calculer l&rsquo;ensemble des frais de livraison imputables \u00e0 la commande que le client est entrain de passer.<\/p>\n","protected":false},"featured_media":2996,"template":"","meta":{"_monsterinsights_skip_tracking":false,"_monsterinsights_sitenote_active":false,"_monsterinsights_sitenote_note":"","_monsterinsights_sitenote_category":0},"product_cat":[40],"product_tag":[85,55],"class_list":["post-2995","product","type-product","status-publish","has-post-thumbnail","hentry","product_cat-plugin-woocommerce","product_tag-commandes-client-woocommerce","product_tag-livraison-woocommerce","pa_dev-woo-plugin-theme-woocommerce","pa_marketplace-woocommerce-woocommerce-com"],"yoast_head":"<!-- This site is optimized with the Yoast SEO plugin v23.1 - https:\/\/yoast.com\/wordpress\/plugins\/seo\/ -->\n<title>Per Product Shipping - Plugin WooCommerce Gestion Frais de Livraison<\/title>\n<meta name=\"description\" content=\"Ce plugin WooCommerce nous offre la possibilit\u00e9 d&#039;introduire des frais d&#039;exp\u00e9dition diff\u00e9rentes sur la base de chaque articles. Une fois tous les produits dans le panier, ce plugin WooCommerce se chargera de calculer l&#039;ensemble des frais d&#039;exp\u00e9ditions imputables \u00e0 la commande client en cours de r\u00e9alisation.\" \/>\n<meta name=\"robots\" content=\"index, follow, max-snippet:-1, max-image-preview:large, max-video-preview:-1\" \/>\n<link rel=\"canonical\" href=\"https:\/\/woo-themes-plugins.com\/fr\/produit\/per-product-shipping-plugin-woocommerce-gestion-couts-expedition\/\" \/>\n<meta property=\"og:locale\" content=\"fr_FR\" \/>\n<meta property=\"og:type\" content=\"article\" \/>\n<meta property=\"og:title\" content=\"Per Product Shipping - Plugin WooCommerce Gestion Frais de Livraison\" \/>\n<meta property=\"og:description\" content=\"Ce plugin WooCommerce nous offre la possibilit\u00e9 d&#039;introduire des frais d&#039;exp\u00e9dition diff\u00e9rentes sur la base de chaque articles. Une fois tous les produits dans le panier, ce plugin WooCommerce se chargera de calculer l&#039;ensemble des frais d&#039;exp\u00e9ditions imputables \u00e0 la commande client en cours de r\u00e9alisation.\" \/>\n<meta property=\"og:url\" content=\"https:\/\/woo-themes-plugins.com\/fr\/produit\/per-product-shipping-plugin-woocommerce-gestion-couts-expedition\/\" \/>\n<meta property=\"og:site_name\" content=\"Woo-themes-plugins.com\" \/>\n<meta property=\"article:modified_time\" content=\"2018-04-26T16:17:14+00:00\" \/>\n<meta property=\"og:image\" content=\"https:\/\/woo-themes-plugins.com\/wp-content\/uploads\/sites\/7\/2018\/04\/woo-themes-plugins_woocommerce-per-product-shipping-plugin-woocommerce.jpg\" \/>\n\t<meta property=\"og:image:width\" content=\"900\" \/>\n\t<meta property=\"og:image:height\" content=\"900\" \/>\n\t<meta property=\"og:image:type\" content=\"image\/jpeg\" \/>\n<meta name=\"twitter:label1\" content=\"Dur\u00e9e de lecture estim\u00e9e\" \/>\n\t<meta name=\"twitter:data1\" content=\"1 minute\" \/>\n<script type=\"application\/ld+json\" class=\"yoast-schema-graph\">{\"@context\":\"https:\/\/schema.org\",\"@graph\":[{\"@type\":\"WebPage\",\"@id\":\"https:\/\/woo-themes-plugins.com\/fr\/produit\/per-product-shipping-plugin-woocommerce-gestion-couts-expedition\/\",\"url\":\"https:\/\/woo-themes-plugins.com\/fr\/produit\/per-product-shipping-plugin-woocommerce-gestion-couts-expedition\/\",\"name\":\"Per Product Shipping - Plugin WooCommerce Gestion Frais de Livraison\",\"isPartOf\":{\"@id\":\"https:\/\/woo-themes-plugins.com\/it\/#website\"},\"primaryImageOfPage\":{\"@id\":\"https:\/\/woo-themes-plugins.com\/fr\/produit\/per-product-shipping-plugin-woocommerce-gestion-couts-expedition\/#primaryimage\"},\"image\":{\"@id\":\"https:\/\/woo-themes-plugins.com\/fr\/produit\/per-product-shipping-plugin-woocommerce-gestion-couts-expedition\/#primaryimage\"},\"thumbnailUrl\":\"https:\/\/woo-themes-plugins.com\/wp-content\/uploads\/sites\/7\/2018\/04\/woo-themes-plugins_woocommerce-per-product-shipping-plugin-woocommerce.jpg\",\"datePublished\":\"2018-04-17T08:11:30+00:00\",\"dateModified\":\"2018-04-26T16:17:14+00:00\",\"description\":\"Ce plugin WooCommerce nous offre la possibilit\u00e9 d'introduire des frais d'exp\u00e9dition diff\u00e9rentes sur la base de chaque articles. Une fois tous les produits dans le panier, ce plugin WooCommerce se chargera de calculer l'ensemble des frais d'exp\u00e9ditions imputables \u00e0 la commande client en cours de r\u00e9alisation.\",\"breadcrumb\":{\"@id\":\"https:\/\/woo-themes-plugins.com\/fr\/produit\/per-product-shipping-plugin-woocommerce-gestion-couts-expedition\/#breadcrumb\"},\"inLanguage\":\"fr-FR\",\"potentialAction\":[{\"@type\":\"ReadAction\",\"target\":[\"https:\/\/woo-themes-plugins.com\/fr\/produit\/per-product-shipping-plugin-woocommerce-gestion-couts-expedition\/\"]}]},{\"@type\":\"ImageObject\",\"inLanguage\":\"fr-FR\",\"@id\":\"https:\/\/woo-themes-plugins.com\/fr\/produit\/per-product-shipping-plugin-woocommerce-gestion-couts-expedition\/#primaryimage\",\"url\":\"https:\/\/woo-themes-plugins.com\/wp-content\/uploads\/sites\/7\/2018\/04\/woo-themes-plugins_woocommerce-per-product-shipping-plugin-woocommerce.jpg\",\"contentUrl\":\"https:\/\/woo-themes-plugins.com\/wp-content\/uploads\/sites\/7\/2018\/04\/woo-themes-plugins_woocommerce-per-product-shipping-plugin-woocommerce.jpg\",\"width\":900,\"height\":900},{\"@type\":\"BreadcrumbList\",\"@id\":\"https:\/\/woo-themes-plugins.com\/fr\/produit\/per-product-shipping-plugin-woocommerce-gestion-couts-expedition\/#breadcrumb\",\"itemListElement\":[{\"@type\":\"ListItem\",\"position\":1,\"name\":\"Accueil\",\"item\":\"https:\/\/woo-themes-plugins.com\/fr\/\"},{\"@type\":\"ListItem\",\"position\":2,\"name\":\"Shop\",\"item\":\"https:\/\/woo-themes-plugins.com\/shop\/\"},{\"@type\":\"ListItem\",\"position\":3,\"name\":\"Per Product Shipping &#8211; Plugin WooCommerce Gestion Frais d&rsquo;Exp\u00e9dition\"}]},{\"@type\":\"WebSite\",\"@id\":\"https:\/\/woo-themes-plugins.com\/it\/#website\",\"url\":\"https:\/\/woo-themes-plugins.com\/it\/\",\"name\":\"Woo-themes-plugins.com\",\"description\":\"Tous les th\u00e8mes et plugins WooCommerce Premium\",\"potentialAction\":[{\"@type\":\"SearchAction\",\"target\":{\"@type\":\"EntryPoint\",\"urlTemplate\":\"https:\/\/woo-themes-plugins.com\/it\/?s={search_term_string}\"},\"query-input\":\"required name=search_term_string\"}],\"inLanguage\":\"fr-FR\"}]}<\/script>\n<!-- \/ Yoast SEO plugin. -->","yoast_head_json":{"title":"Per Product Shipping - Plugin WooCommerce Gestion Frais de Livraison","description":"Ce plugin WooCommerce nous offre la possibilit\u00e9 d'introduire des frais d'exp\u00e9dition diff\u00e9rentes sur la base de chaque articles. Une fois tous les produits dans le panier, ce plugin WooCommerce se chargera de calculer l'ensemble des frais d'exp\u00e9ditions imputables \u00e0 la commande client en cours de r\u00e9alisation.","robots":{"index":"index","follow":"follow","max-snippet":"max-snippet:-1","max-image-preview":"max-image-preview:large","max-video-preview":"max-video-preview:-1"},"canonical":"https:\/\/woo-themes-plugins.com\/fr\/produit\/per-product-shipping-plugin-woocommerce-gestion-couts-expedition\/","og_locale":"fr_FR","og_type":"article","og_title":"Per Product Shipping - Plugin WooCommerce Gestion Frais de Livraison","og_description":"Ce plugin WooCommerce nous offre la possibilit\u00e9 d'introduire des frais d'exp\u00e9dition diff\u00e9rentes sur la base de chaque articles. Une fois tous les produits dans le panier, ce plugin WooCommerce se chargera de calculer l'ensemble des frais d'exp\u00e9ditions imputables \u00e0 la commande client en cours de r\u00e9alisation.","og_url":"https:\/\/woo-themes-plugins.com\/fr\/produit\/per-product-shipping-plugin-woocommerce-gestion-couts-expedition\/","og_site_name":"Woo-themes-plugins.com","article_modified_time":"2018-04-26T16:17:14+00:00","og_image":[{"width":900,"height":900,"url":"https:\/\/woo-themes-plugins.com\/wp-content\/uploads\/sites\/7\/2018\/04\/woo-themes-plugins_woocommerce-per-product-shipping-plugin-woocommerce.jpg","type":"image\/jpeg"}],"twitter_misc":{"Dur\u00e9e de lecture estim\u00e9e":"1 minute"},"schema":{"@context":"https:\/\/schema.org","@graph":[{"@type":"WebPage","@id":"https:\/\/woo-themes-plugins.com\/fr\/produit\/per-product-shipping-plugin-woocommerce-gestion-couts-expedition\/","url":"https:\/\/woo-themes-plugins.com\/fr\/produit\/per-product-shipping-plugin-woocommerce-gestion-couts-expedition\/","name":"Per Product Shipping - Plugin WooCommerce Gestion Frais de Livraison","isPartOf":{"@id":"https:\/\/woo-themes-plugins.com\/it\/#website"},"primaryImageOfPage":{"@id":"https:\/\/woo-themes-plugins.com\/fr\/produit\/per-product-shipping-plugin-woocommerce-gestion-couts-expedition\/#primaryimage"},"image":{"@id":"https:\/\/woo-themes-plugins.com\/fr\/produit\/per-product-shipping-plugin-woocommerce-gestion-couts-expedition\/#primaryimage"},"thumbnailUrl":"https:\/\/woo-themes-plugins.com\/wp-content\/uploads\/sites\/7\/2018\/04\/woo-themes-plugins_woocommerce-per-product-shipping-plugin-woocommerce.jpg","datePublished":"2018-04-17T08:11:30+00:00","dateModified":"2018-04-26T16:17:14+00:00","description":"Ce plugin WooCommerce nous offre la possibilit\u00e9 d'introduire des frais d'exp\u00e9dition diff\u00e9rentes sur la base de chaque articles. Une fois tous les produits dans le panier, ce plugin WooCommerce se chargera de calculer l'ensemble des frais d'exp\u00e9ditions imputables \u00e0 la commande client en cours de r\u00e9alisation.","breadcrumb":{"@id":"https:\/\/woo-themes-plugins.com\/fr\/produit\/per-product-shipping-plugin-woocommerce-gestion-couts-expedition\/#breadcrumb"},"inLanguage":"fr-FR","potentialAction":[{"@type":"ReadAction","target":["https:\/\/woo-themes-plugins.com\/fr\/produit\/per-product-shipping-plugin-woocommerce-gestion-couts-expedition\/"]}]},{"@type":"ImageObject","inLanguage":"fr-FR","@id":"https:\/\/woo-themes-plugins.com\/fr\/produit\/per-product-shipping-plugin-woocommerce-gestion-couts-expedition\/#primaryimage","url":"https:\/\/woo-themes-plugins.com\/wp-content\/uploads\/sites\/7\/2018\/04\/woo-themes-plugins_woocommerce-per-product-shipping-plugin-woocommerce.jpg","contentUrl":"https:\/\/woo-themes-plugins.com\/wp-content\/uploads\/sites\/7\/2018\/04\/woo-themes-plugins_woocommerce-per-product-shipping-plugin-woocommerce.jpg","width":900,"height":900},{"@type":"BreadcrumbList","@id":"https:\/\/woo-themes-plugins.com\/fr\/produit\/per-product-shipping-plugin-woocommerce-gestion-couts-expedition\/#breadcrumb","itemListElement":[{"@type":"ListItem","position":1,"name":"Accueil","item":"https:\/\/woo-themes-plugins.com\/fr\/"},{"@type":"ListItem","position":2,"name":"Shop","item":"https:\/\/woo-themes-plugins.com\/shop\/"},{"@type":"ListItem","position":3,"name":"Per Product Shipping &#8211; Plugin WooCommerce Gestion Frais d&rsquo;Exp\u00e9dition"}]},{"@type":"WebSite","@id":"https:\/\/woo-themes-plugins.com\/it\/#website","url":"https:\/\/woo-themes-plugins.com\/it\/","name":"Woo-themes-plugins.com","description":"Tous les th\u00e8mes et plugins WooCommerce Premium","potentialAction":[{"@type":"SearchAction","target":{"@type":"EntryPoint","urlTemplate":"https:\/\/woo-themes-plugins.com\/it\/?s={search_term_string}"},"query-input":"required name=search_term_string"}],"inLanguage":"fr-FR"}]}},"_links":{"self":[{"href":"https:\/\/woo-themes-plugins.com\/fr\/wp-json\/wp\/v2\/product\/2995","targetHints":{"allow":["GET"]}}],"collection":[{"href":"https:\/\/woo-themes-plugins.com\/fr\/wp-json\/wp\/v2\/product"}],"about":[{"href":"https:\/\/woo-themes-plugins.com\/fr\/wp-json\/wp\/v2\/types\/product"}],"wp:featuredmedia":[{"embeddable":true,"href":"https:\/\/woo-themes-plugins.com\/fr\/wp-json\/wp\/v2\/media\/2996"}],"wp:attachment":[{"href":"https:\/\/woo-themes-plugins.com\/fr\/wp-json\/wp\/v2\/media?parent=2995"}],"wp:term":[{"taxonomy":"product_cat","embeddable":true,"href":"https:\/\/woo-themes-plugins.com\/fr\/wp-json\/wp\/v2\/product_cat?post=2995"},{"taxonomy":"product_tag","embeddable":true,"href":"https:\/\/woo-themes-plugins.com\/fr\/wp-json\/wp\/v2\/product_tag?post=2995"}],"curies":[{"name":"wp","href":"https:\/\/api.w.org\/{rel}","templated":true}]}}