{"id":3004,"date":"2018-04-17T09:30:03","date_gmt":"2018-04-17T08:30:03","guid":{"rendered":"https:\/\/woo-themes-plugins.com\/?post_type=product&#038;p=3004"},"modified":"2018-04-26T17:17:07","modified_gmt":"2018-04-26T16:17:07","slug":"google-analytics-pro-plugin-woocommerce-suivi-analytique","status":"publish","type":"product","link":"https:\/\/woo-themes-plugins.com\/fr\/product\/google-analytics-pro-plugin-woocommerce-suivi-analytique\/","title":{"rendered":"Google Analytics Pro &#8211; Plugin WooCommerce Suivi Analytique"},"content":{"rendered":"<p>Avec le plugin <em>WooCommerce Google Analytics Pro<\/em>, tu vas \u00eatre en mesure de conna\u00eetre toutes les donn\u00e9es vitales propres \u00e0 un site de eCommerce comme sur le tunnel de conversion par exemple. En effet, ce plugin WooCommerce a pour but de venir ajouter tout ce qui manque afin que Google Analytics soit parfaitement int\u00e9gr\u00e9 dans votre boutique WooCommerce, et que votre site WooCommerce remonte les bonnes informations dans Google Analytics. Avec ce plugin, tu vas \u00eatre en mesure d&rsquo;acc\u00e9der \u00e0 des donn\u00e9es chiffr\u00e9es qui te permettrons de conna\u00eetre les axes d&rsquo;am\u00e9liorations propres \u00e0 ton site WooCommerce.<\/p>\n<p>Le plugin <em>WooCommerce Google Analytics Pro <\/em>vient aussi ajouter le support des \u00e9v\u00e8nements. En int\u00e9grant les \u00e9v\u00e8nements, tu vas \u00eatre en mesure de savoir tr\u00e8s pr\u00e9cis\u00e9ment ce qui a conduit \u00e0 l&rsquo;acte d&rsquo;achat sur ton site.<\/p>\n<p>Simple d&rsquo;utilisation et d&rsquo;installation, ce plugin WooCommerce se veut \u00eatre <em>plug and play<\/em>. Une fois le plugin install\u00e9 sur ton site WooCommerce, tu pourras d\u00e9finir le nom des \u00e9v\u00e8nements de ton site, si ceux par d\u00e9faut ne te conviennent pas. En suite, il te suffira de v\u00e9rifier dans ton compte Google Analytics que les donn\u00e9es eCommerce remontent bien. Et c&rsquo;est tout, rien de plus \u00e0 faire pour b\u00e9n\u00e9ficier des avantages propos\u00e9s par <em>WooCommerce Google Analytics Pro<\/em>.<\/p>\n","protected":false},"excerpt":{"rendered":"<p>Google Analytics est un outil qui peut s&rsquo;av\u00e9rer tr\u00e8s puissant lorsqu&rsquo;on parle de eCommerce. Gr\u00e2ce \u00e0 ce plugin WooCommerce, tu vas \u00eatre en mesure d&rsquo;ajouter \u00e0 tes donn\u00e9es Google Analytics les \u00e9v\u00e8nements d\u00e9clench\u00e9s par tes internautes mais aussi avoir acc\u00e8s aux donn\u00e9es <em>eCommerce <\/em>de Google Analytics; donn\u00e9es uniquement accessibles aux sites WooCommerce utilisant un plugin \u00e9quivalent \u00e0 <em>WooCommerce Google Analytics Pro<\/em>.<\/p>\n","protected":false},"featured_media":3013,"template":"","meta":{"_monsterinsights_skip_tracking":false,"_monsterinsights_sitenote_active":false,"_monsterinsights_sitenote_note":"","_monsterinsights_sitenote_category":0},"product_cat":[40],"product_tag":[54,80],"class_list":["post-3004","product","type-product","status-publish","has-post-thumbnail","hentry","product_cat-plugin-woocommerce","product_tag-google-analytics-plugin-wordpress","product_tag-plugin-emarketing-woocommerce","pa_dev-woo-plugin-theme-skyverge","pa_marketplace-woocommerce-woocommerce-com"],"yoast_head":"<!-- This site is optimized with the Yoast SEO plugin v23.1 - https:\/\/yoast.com\/wordpress\/plugins\/seo\/ -->\n<title>Google Analytics Pro - Plugin WooCommerce Suivi Analytique<\/title>\n<meta name=\"description\" content=\"Avec ce plugin Google Analytics d\u00e9velopp\u00e9 pour WooCommerce, tu vas \u00eatre en mesure de suivre l&#039;ensemble des \u00e9v\u00e8nements d\u00e9clench\u00e9s sur ton site eCommerce, mais aussi avoir acc\u00e8s \u00e0 toutes les donn\u00e9es eCommerce fournit par Google Analytics si ton site WooCommerce est bien configur\u00e9.\" \/>\n<meta name=\"robots\" content=\"index, follow, max-snippet:-1, max-image-preview:large, max-video-preview:-1\" \/>\n<link rel=\"canonical\" href=\"https:\/\/woo-themes-plugins.com\/fr\/produit\/google-analytics-pro-plugin-woocommerce-suivi-analytique\/\" \/>\n<meta property=\"og:locale\" content=\"fr_FR\" \/>\n<meta property=\"og:type\" content=\"article\" \/>\n<meta property=\"og:title\" content=\"Google Analytics Pro - Plugin WooCommerce Suivi Analytique\" \/>\n<meta property=\"og:description\" content=\"Avec ce plugin Google Analytics d\u00e9velopp\u00e9 pour WooCommerce, tu vas \u00eatre en mesure de suivre l&#039;ensemble des \u00e9v\u00e8nements d\u00e9clench\u00e9s sur ton site eCommerce, mais aussi avoir acc\u00e8s \u00e0 toutes les donn\u00e9es eCommerce fournit par Google Analytics si ton site WooCommerce est bien configur\u00e9.\" \/>\n<meta property=\"og:url\" content=\"https:\/\/woo-themes-plugins.com\/fr\/produit\/google-analytics-pro-plugin-woocommerce-suivi-analytique\/\" \/>\n<meta property=\"og:site_name\" content=\"Woo-themes-plugins.com\" \/>\n<meta property=\"article:modified_time\" content=\"2018-04-26T16:17:07+00:00\" \/>\n<meta property=\"og:image\" content=\"https:\/\/woo-themes-plugins.com\/wp-content\/uploads\/sites\/7\/2018\/04\/woo-themes-plugins_woocommerce-google-analytics-pro-plugin-woocommerce.jpg\" \/>\n\t<meta property=\"og:image:width\" content=\"900\" \/>\n\t<meta property=\"og:image:height\" content=\"900\" \/>\n\t<meta property=\"og:image:type\" content=\"image\/jpeg\" \/>\n<meta name=\"twitter:label1\" content=\"Dur\u00e9e de lecture estim\u00e9e\" \/>\n\t<meta name=\"twitter:data1\" content=\"1 minute\" \/>\n<script type=\"application\/ld+json\" class=\"yoast-schema-graph\">{\"@context\":\"https:\/\/schema.org\",\"@graph\":[{\"@type\":\"WebPage\",\"@id\":\"https:\/\/woo-themes-plugins.com\/fr\/produit\/google-analytics-pro-plugin-woocommerce-suivi-analytique\/\",\"url\":\"https:\/\/woo-themes-plugins.com\/fr\/produit\/google-analytics-pro-plugin-woocommerce-suivi-analytique\/\",\"name\":\"Google Analytics Pro - Plugin WooCommerce Suivi Analytique\",\"isPartOf\":{\"@id\":\"https:\/\/woo-themes-plugins.com\/it\/#website\"},\"primaryImageOfPage\":{\"@id\":\"https:\/\/woo-themes-plugins.com\/fr\/produit\/google-analytics-pro-plugin-woocommerce-suivi-analytique\/#primaryimage\"},\"image\":{\"@id\":\"https:\/\/woo-themes-plugins.com\/fr\/produit\/google-analytics-pro-plugin-woocommerce-suivi-analytique\/#primaryimage\"},\"thumbnailUrl\":\"https:\/\/woo-themes-plugins.com\/wp-content\/uploads\/sites\/7\/2018\/04\/woo-themes-plugins_woocommerce-google-analytics-pro-plugin-woocommerce.jpg\",\"datePublished\":\"2018-04-17T08:30:03+00:00\",\"dateModified\":\"2018-04-26T16:17:07+00:00\",\"description\":\"Avec ce plugin Google Analytics d\u00e9velopp\u00e9 pour WooCommerce, tu vas \u00eatre en mesure de suivre l'ensemble des \u00e9v\u00e8nements d\u00e9clench\u00e9s sur ton site eCommerce, mais aussi avoir acc\u00e8s \u00e0 toutes les donn\u00e9es eCommerce fournit par Google Analytics si ton site WooCommerce est bien configur\u00e9.\",\"breadcrumb\":{\"@id\":\"https:\/\/woo-themes-plugins.com\/fr\/produit\/google-analytics-pro-plugin-woocommerce-suivi-analytique\/#breadcrumb\"},\"inLanguage\":\"fr-FR\",\"potentialAction\":[{\"@type\":\"ReadAction\",\"target\":[\"https:\/\/woo-themes-plugins.com\/fr\/produit\/google-analytics-pro-plugin-woocommerce-suivi-analytique\/\"]}]},{\"@type\":\"ImageObject\",\"inLanguage\":\"fr-FR\",\"@id\":\"https:\/\/woo-themes-plugins.com\/fr\/produit\/google-analytics-pro-plugin-woocommerce-suivi-analytique\/#primaryimage\",\"url\":\"https:\/\/woo-themes-plugins.com\/wp-content\/uploads\/sites\/7\/2018\/04\/woo-themes-plugins_woocommerce-google-analytics-pro-plugin-woocommerce.jpg\",\"contentUrl\":\"https:\/\/woo-themes-plugins.com\/wp-content\/uploads\/sites\/7\/2018\/04\/woo-themes-plugins_woocommerce-google-analytics-pro-plugin-woocommerce.jpg\",\"width\":900,\"height\":900},{\"@type\":\"BreadcrumbList\",\"@id\":\"https:\/\/woo-themes-plugins.com\/fr\/produit\/google-analytics-pro-plugin-woocommerce-suivi-analytique\/#breadcrumb\",\"itemListElement\":[{\"@type\":\"ListItem\",\"position\":1,\"name\":\"Accueil\",\"item\":\"https:\/\/woo-themes-plugins.com\/fr\/\"},{\"@type\":\"ListItem\",\"position\":2,\"name\":\"Shop\",\"item\":\"https:\/\/woo-themes-plugins.com\/shop\/\"},{\"@type\":\"ListItem\",\"position\":3,\"name\":\"Google Analytics Pro &#8211; Plugin WooCommerce Suivi Analytique\"}]},{\"@type\":\"WebSite\",\"@id\":\"https:\/\/woo-themes-plugins.com\/it\/#website\",\"url\":\"https:\/\/woo-themes-plugins.com\/it\/\",\"name\":\"Woo-themes-plugins.com\",\"description\":\"Tous les th\u00e8mes et plugins WooCommerce Premium\",\"potentialAction\":[{\"@type\":\"SearchAction\",\"target\":{\"@type\":\"EntryPoint\",\"urlTemplate\":\"https:\/\/woo-themes-plugins.com\/it\/?s={search_term_string}\"},\"query-input\":\"required name=search_term_string\"}],\"inLanguage\":\"fr-FR\"}]}<\/script>\n<!-- \/ Yoast SEO plugin. -->","yoast_head_json":{"title":"Google Analytics Pro - Plugin WooCommerce Suivi Analytique","description":"Avec ce plugin Google Analytics d\u00e9velopp\u00e9 pour WooCommerce, tu vas \u00eatre en mesure de suivre l'ensemble des \u00e9v\u00e8nements d\u00e9clench\u00e9s sur ton site eCommerce, mais aussi avoir acc\u00e8s \u00e0 toutes les donn\u00e9es eCommerce fournit par Google Analytics si ton site WooCommerce est bien configur\u00e9.","robots":{"index":"index","follow":"follow","max-snippet":"max-snippet:-1","max-image-preview":"max-image-preview:large","max-video-preview":"max-video-preview:-1"},"canonical":"https:\/\/woo-themes-plugins.com\/fr\/produit\/google-analytics-pro-plugin-woocommerce-suivi-analytique\/","og_locale":"fr_FR","og_type":"article","og_title":"Google Analytics Pro - Plugin WooCommerce Suivi Analytique","og_description":"Avec ce plugin Google Analytics d\u00e9velopp\u00e9 pour WooCommerce, tu vas \u00eatre en mesure de suivre l'ensemble des \u00e9v\u00e8nements d\u00e9clench\u00e9s sur ton site eCommerce, mais aussi avoir acc\u00e8s \u00e0 toutes les donn\u00e9es eCommerce fournit par Google Analytics si ton site WooCommerce est bien configur\u00e9.","og_url":"https:\/\/woo-themes-plugins.com\/fr\/produit\/google-analytics-pro-plugin-woocommerce-suivi-analytique\/","og_site_name":"Woo-themes-plugins.com","article_modified_time":"2018-04-26T16:17:07+00:00","og_image":[{"width":900,"height":900,"url":"https:\/\/woo-themes-plugins.com\/wp-content\/uploads\/sites\/7\/2018\/04\/woo-themes-plugins_woocommerce-google-analytics-pro-plugin-woocommerce.jpg","type":"image\/jpeg"}],"twitter_misc":{"Dur\u00e9e de lecture estim\u00e9e":"1 minute"},"schema":{"@context":"https:\/\/schema.org","@graph":[{"@type":"WebPage","@id":"https:\/\/woo-themes-plugins.com\/fr\/produit\/google-analytics-pro-plugin-woocommerce-suivi-analytique\/","url":"https:\/\/woo-themes-plugins.com\/fr\/produit\/google-analytics-pro-plugin-woocommerce-suivi-analytique\/","name":"Google Analytics Pro - Plugin WooCommerce Suivi Analytique","isPartOf":{"@id":"https:\/\/woo-themes-plugins.com\/it\/#website"},"primaryImageOfPage":{"@id":"https:\/\/woo-themes-plugins.com\/fr\/produit\/google-analytics-pro-plugin-woocommerce-suivi-analytique\/#primaryimage"},"image":{"@id":"https:\/\/woo-themes-plugins.com\/fr\/produit\/google-analytics-pro-plugin-woocommerce-suivi-analytique\/#primaryimage"},"thumbnailUrl":"https:\/\/woo-themes-plugins.com\/wp-content\/uploads\/sites\/7\/2018\/04\/woo-themes-plugins_woocommerce-google-analytics-pro-plugin-woocommerce.jpg","datePublished":"2018-04-17T08:30:03+00:00","dateModified":"2018-04-26T16:17:07+00:00","description":"Avec ce plugin Google Analytics d\u00e9velopp\u00e9 pour WooCommerce, tu vas \u00eatre en mesure de suivre l'ensemble des \u00e9v\u00e8nements d\u00e9clench\u00e9s sur ton site eCommerce, mais aussi avoir acc\u00e8s \u00e0 toutes les donn\u00e9es eCommerce fournit par Google Analytics si ton site WooCommerce est bien configur\u00e9.","breadcrumb":{"@id":"https:\/\/woo-themes-plugins.com\/fr\/produit\/google-analytics-pro-plugin-woocommerce-suivi-analytique\/#breadcrumb"},"inLanguage":"fr-FR","potentialAction":[{"@type":"ReadAction","target":["https:\/\/woo-themes-plugins.com\/fr\/produit\/google-analytics-pro-plugin-woocommerce-suivi-analytique\/"]}]},{"@type":"ImageObject","inLanguage":"fr-FR","@id":"https:\/\/woo-themes-plugins.com\/fr\/produit\/google-analytics-pro-plugin-woocommerce-suivi-analytique\/#primaryimage","url":"https:\/\/woo-themes-plugins.com\/wp-content\/uploads\/sites\/7\/2018\/04\/woo-themes-plugins_woocommerce-google-analytics-pro-plugin-woocommerce.jpg","contentUrl":"https:\/\/woo-themes-plugins.com\/wp-content\/uploads\/sites\/7\/2018\/04\/woo-themes-plugins_woocommerce-google-analytics-pro-plugin-woocommerce.jpg","width":900,"height":900},{"@type":"BreadcrumbList","@id":"https:\/\/woo-themes-plugins.com\/fr\/produit\/google-analytics-pro-plugin-woocommerce-suivi-analytique\/#breadcrumb","itemListElement":[{"@type":"ListItem","position":1,"name":"Accueil","item":"https:\/\/woo-themes-plugins.com\/fr\/"},{"@type":"ListItem","position":2,"name":"Shop","item":"https:\/\/woo-themes-plugins.com\/shop\/"},{"@type":"ListItem","position":3,"name":"Google Analytics Pro &#8211; Plugin WooCommerce Suivi Analytique"}]},{"@type":"WebSite","@id":"https:\/\/woo-themes-plugins.com\/it\/#website","url":"https:\/\/woo-themes-plugins.com\/it\/","name":"Woo-themes-plugins.com","description":"Tous les th\u00e8mes et plugins WooCommerce Premium","potentialAction":[{"@type":"SearchAction","target":{"@type":"EntryPoint","urlTemplate":"https:\/\/woo-themes-plugins.com\/it\/?s={search_term_string}"},"query-input":"required name=search_term_string"}],"inLanguage":"fr-FR"}]}},"_links":{"self":[{"href":"https:\/\/woo-themes-plugins.com\/fr\/wp-json\/wp\/v2\/product\/3004","targetHints":{"allow":["GET"]}}],"collection":[{"href":"https:\/\/woo-themes-plugins.com\/fr\/wp-json\/wp\/v2\/product"}],"about":[{"href":"https:\/\/woo-themes-plugins.com\/fr\/wp-json\/wp\/v2\/types\/product"}],"wp:featuredmedia":[{"embeddable":true,"href":"https:\/\/woo-themes-plugins.com\/fr\/wp-json\/wp\/v2\/media\/3013"}],"wp:attachment":[{"href":"https:\/\/woo-themes-plugins.com\/fr\/wp-json\/wp\/v2\/media?parent=3004"}],"wp:term":[{"taxonomy":"product_cat","embeddable":true,"href":"https:\/\/woo-themes-plugins.com\/fr\/wp-json\/wp\/v2\/product_cat?post=3004"},{"taxonomy":"product_tag","embeddable":true,"href":"https:\/\/woo-themes-plugins.com\/fr\/wp-json\/wp\/v2\/product_tag?post=3004"}],"curies":[{"name":"wp","href":"https:\/\/api.w.org\/{rel}","templated":true}]}}