{"id":3021,"date":"2018-04-17T09:58:42","date_gmt":"2018-04-17T08:58:42","guid":{"rendered":"https:\/\/woo-themes-plugins.com\/?post_type=product&#038;p=3021"},"modified":"2018-04-26T17:16:54","modified_gmt":"2018-04-26T16:16:54","slug":"xero-plugin-woocommerce-comptabilite-gestion-de-stock","status":"publish","type":"product","link":"https:\/\/woo-themes-plugins.com\/fr\/product\/xero-plugin-woocommerce-comptabilite-gestion-de-stock\/","title":{"rendered":"Xero &#8211; Plugin WooCommerce Comptabilit\u00e9 \/ Gestion de Stock"},"content":{"rendered":"<p>Tu ne connais pas encore Xero ? Xero est un logiciel dont le but est de fournir aux PME un logiciel en ligne de comptabilit\u00e9, de suivi des annulations bancaire, mais aussi pour produire des rapports d&rsquo;\u00e9tat de ses inventaires par exemple. En plus d&rsquo;\u00eatre particuli\u00e8rement fonctionnel, Xero est aussi beau.<\/p>\n<p>Gr\u00e2ce \u00e0 Xero pour WooCommerce, il te sera possible de mettre en place les diff\u00e9rents automatismes de Xero comme la g\u00e9n\u00e9ration automatique de facture. Une fois l&rsquo;extension Xero pour WooCommerce install\u00e9, chaque commande faite \u00e0 partir de votre site WooCommerce est envoy\u00e9 de mani\u00e8re s\u00e9curis\u00e9e \u00e0 Xero. Ce n&rsquo;est pas tous car tout vos produits ainsi que toutes vos r\u00e9ductions et taxes seront \u00e9galement synchronis\u00e9 sur Xero.<\/p>\n<p>Petit d\u00e9tail, il te faut bien entendu un compte Xero actif pour r\u00e9aliser tout cela, m\u00eame avec le plugin.<\/p>\n","protected":false},"excerpt":{"rendered":"<p>B\u00e9n\u00e9ficier de la solution de compatibilit\u00e9 et de gestion des r\u00e9servation\u00a0<em>Xero\u00a0<\/em>sur son site de eCommerce WooCommerce, sans le moindre d\u00e9veloppement, c&rsquo;est possible gr\u00e2ce au plugin Xero, d\u00e9velopp\u00e9 par WooCommerce.<\/p>\n","protected":false},"featured_media":3022,"template":"","meta":{"_monsterinsights_skip_tracking":false,"_monsterinsights_sitenote_active":false,"_monsterinsights_sitenote_note":"","_monsterinsights_sitenote_category":0},"product_cat":[40],"product_tag":[1121,1122,85],"class_list":["post-3021","product","type-product","status-publish","has-post-thumbnail","hentry","product_cat-plugin-woocommerce","product_tag-comptabilite-woocommerce","product_tag-gestion-de-stock-woocommerce","product_tag-commandes-client-woocommerce","pa_dev-woo-plugin-theme-woocommerce","pa_marketplace-woocommerce-woocommerce-com"],"yoast_head":"<!-- This site is optimized with the Yoast SEO plugin v23.1 - https:\/\/yoast.com\/wordpress\/plugins\/seo\/ -->\n<title>Xero - Plugin WooCommerce Comptabilit\u00e9 \/ Gestion de Stock<\/title>\n<meta name=\"description\" content=\"Le plugin officiel WooCommerce pour Xero. Gr\u00e2ce \u00e0 ce plugin pour Xero, tu vas pouvoir synchroniser toute ta boutique WooCommerce au logiciel de comptabilit\u00e9 et de gestion des stocks qu&#039;est Xero.\" \/>\n<meta name=\"robots\" content=\"index, follow, max-snippet:-1, max-image-preview:large, max-video-preview:-1\" \/>\n<link rel=\"canonical\" href=\"https:\/\/woo-themes-plugins.com\/fr\/produit\/xero-plugin-woocommerce-comptabilite-gestion-de-stock\/\" \/>\n<meta property=\"og:locale\" content=\"fr_FR\" \/>\n<meta property=\"og:type\" content=\"article\" \/>\n<meta property=\"og:title\" content=\"Xero - Plugin WooCommerce Comptabilit\u00e9 \/ Gestion de Stock\" \/>\n<meta property=\"og:description\" content=\"Le plugin officiel WooCommerce pour Xero. Gr\u00e2ce \u00e0 ce plugin pour Xero, tu vas pouvoir synchroniser toute ta boutique WooCommerce au logiciel de comptabilit\u00e9 et de gestion des stocks qu&#039;est Xero.\" \/>\n<meta property=\"og:url\" content=\"https:\/\/woo-themes-plugins.com\/fr\/produit\/xero-plugin-woocommerce-comptabilite-gestion-de-stock\/\" \/>\n<meta property=\"og:site_name\" content=\"Woo-themes-plugins.com\" \/>\n<meta property=\"article:modified_time\" content=\"2018-04-26T16:16:54+00:00\" \/>\n<meta property=\"og:image\" content=\"https:\/\/woo-themes-plugins.com\/wp-content\/uploads\/sites\/7\/2018\/04\/woo-themes-plugins_woocommerce-xero-compatibilite-gestion-stock-plugin-woocommerce.jpg\" \/>\n\t<meta property=\"og:image:width\" content=\"900\" \/>\n\t<meta property=\"og:image:height\" content=\"900\" \/>\n\t<meta property=\"og:image:type\" content=\"image\/jpeg\" \/>\n<meta name=\"twitter:label1\" content=\"Dur\u00e9e de lecture estim\u00e9e\" \/>\n\t<meta name=\"twitter:data1\" content=\"1 minute\" \/>\n<script type=\"application\/ld+json\" class=\"yoast-schema-graph\">{\"@context\":\"https:\/\/schema.org\",\"@graph\":[{\"@type\":\"WebPage\",\"@id\":\"https:\/\/woo-themes-plugins.com\/fr\/produit\/xero-plugin-woocommerce-comptabilite-gestion-de-stock\/\",\"url\":\"https:\/\/woo-themes-plugins.com\/fr\/produit\/xero-plugin-woocommerce-comptabilite-gestion-de-stock\/\",\"name\":\"Xero - Plugin WooCommerce Comptabilit\u00e9 \/ Gestion de Stock\",\"isPartOf\":{\"@id\":\"https:\/\/woo-themes-plugins.com\/it\/#website\"},\"primaryImageOfPage\":{\"@id\":\"https:\/\/woo-themes-plugins.com\/fr\/produit\/xero-plugin-woocommerce-comptabilite-gestion-de-stock\/#primaryimage\"},\"image\":{\"@id\":\"https:\/\/woo-themes-plugins.com\/fr\/produit\/xero-plugin-woocommerce-comptabilite-gestion-de-stock\/#primaryimage\"},\"thumbnailUrl\":\"https:\/\/woo-themes-plugins.com\/wp-content\/uploads\/sites\/7\/2018\/04\/woo-themes-plugins_woocommerce-xero-compatibilite-gestion-stock-plugin-woocommerce.jpg\",\"datePublished\":\"2018-04-17T08:58:42+00:00\",\"dateModified\":\"2018-04-26T16:16:54+00:00\",\"description\":\"Le plugin officiel WooCommerce pour Xero. Gr\u00e2ce \u00e0 ce plugin pour Xero, tu vas pouvoir synchroniser toute ta boutique WooCommerce au logiciel de comptabilit\u00e9 et de gestion des stocks qu'est Xero.\",\"breadcrumb\":{\"@id\":\"https:\/\/woo-themes-plugins.com\/fr\/produit\/xero-plugin-woocommerce-comptabilite-gestion-de-stock\/#breadcrumb\"},\"inLanguage\":\"fr-FR\",\"potentialAction\":[{\"@type\":\"ReadAction\",\"target\":[\"https:\/\/woo-themes-plugins.com\/fr\/produit\/xero-plugin-woocommerce-comptabilite-gestion-de-stock\/\"]}]},{\"@type\":\"ImageObject\",\"inLanguage\":\"fr-FR\",\"@id\":\"https:\/\/woo-themes-plugins.com\/fr\/produit\/xero-plugin-woocommerce-comptabilite-gestion-de-stock\/#primaryimage\",\"url\":\"https:\/\/woo-themes-plugins.com\/wp-content\/uploads\/sites\/7\/2018\/04\/woo-themes-plugins_woocommerce-xero-compatibilite-gestion-stock-plugin-woocommerce.jpg\",\"contentUrl\":\"https:\/\/woo-themes-plugins.com\/wp-content\/uploads\/sites\/7\/2018\/04\/woo-themes-plugins_woocommerce-xero-compatibilite-gestion-stock-plugin-woocommerce.jpg\",\"width\":900,\"height\":900},{\"@type\":\"BreadcrumbList\",\"@id\":\"https:\/\/woo-themes-plugins.com\/fr\/produit\/xero-plugin-woocommerce-comptabilite-gestion-de-stock\/#breadcrumb\",\"itemListElement\":[{\"@type\":\"ListItem\",\"position\":1,\"name\":\"Accueil\",\"item\":\"https:\/\/woo-themes-plugins.com\/fr\/\"},{\"@type\":\"ListItem\",\"position\":2,\"name\":\"Shop\",\"item\":\"https:\/\/woo-themes-plugins.com\/shop\/\"},{\"@type\":\"ListItem\",\"position\":3,\"name\":\"Xero &#8211; Plugin WooCommerce Comptabilit\u00e9 \/ Gestion de Stock\"}]},{\"@type\":\"WebSite\",\"@id\":\"https:\/\/woo-themes-plugins.com\/it\/#website\",\"url\":\"https:\/\/woo-themes-plugins.com\/it\/\",\"name\":\"Woo-themes-plugins.com\",\"description\":\"Tous les th\u00e8mes et plugins WooCommerce Premium\",\"potentialAction\":[{\"@type\":\"SearchAction\",\"target\":{\"@type\":\"EntryPoint\",\"urlTemplate\":\"https:\/\/woo-themes-plugins.com\/it\/?s={search_term_string}\"},\"query-input\":\"required name=search_term_string\"}],\"inLanguage\":\"fr-FR\"}]}<\/script>\n<!-- \/ Yoast SEO plugin. -->","yoast_head_json":{"title":"Xero - Plugin WooCommerce Comptabilit\u00e9 \/ Gestion de Stock","description":"Le plugin officiel WooCommerce pour Xero. Gr\u00e2ce \u00e0 ce plugin pour Xero, tu vas pouvoir synchroniser toute ta boutique WooCommerce au logiciel de comptabilit\u00e9 et de gestion des stocks qu'est Xero.","robots":{"index":"index","follow":"follow","max-snippet":"max-snippet:-1","max-image-preview":"max-image-preview:large","max-video-preview":"max-video-preview:-1"},"canonical":"https:\/\/woo-themes-plugins.com\/fr\/produit\/xero-plugin-woocommerce-comptabilite-gestion-de-stock\/","og_locale":"fr_FR","og_type":"article","og_title":"Xero - Plugin WooCommerce Comptabilit\u00e9 \/ Gestion de Stock","og_description":"Le plugin officiel WooCommerce pour Xero. Gr\u00e2ce \u00e0 ce plugin pour Xero, tu vas pouvoir synchroniser toute ta boutique WooCommerce au logiciel de comptabilit\u00e9 et de gestion des stocks qu'est Xero.","og_url":"https:\/\/woo-themes-plugins.com\/fr\/produit\/xero-plugin-woocommerce-comptabilite-gestion-de-stock\/","og_site_name":"Woo-themes-plugins.com","article_modified_time":"2018-04-26T16:16:54+00:00","og_image":[{"width":900,"height":900,"url":"https:\/\/woo-themes-plugins.com\/wp-content\/uploads\/sites\/7\/2018\/04\/woo-themes-plugins_woocommerce-xero-compatibilite-gestion-stock-plugin-woocommerce.jpg","type":"image\/jpeg"}],"twitter_misc":{"Dur\u00e9e de lecture estim\u00e9e":"1 minute"},"schema":{"@context":"https:\/\/schema.org","@graph":[{"@type":"WebPage","@id":"https:\/\/woo-themes-plugins.com\/fr\/produit\/xero-plugin-woocommerce-comptabilite-gestion-de-stock\/","url":"https:\/\/woo-themes-plugins.com\/fr\/produit\/xero-plugin-woocommerce-comptabilite-gestion-de-stock\/","name":"Xero - Plugin WooCommerce Comptabilit\u00e9 \/ Gestion de Stock","isPartOf":{"@id":"https:\/\/woo-themes-plugins.com\/it\/#website"},"primaryImageOfPage":{"@id":"https:\/\/woo-themes-plugins.com\/fr\/produit\/xero-plugin-woocommerce-comptabilite-gestion-de-stock\/#primaryimage"},"image":{"@id":"https:\/\/woo-themes-plugins.com\/fr\/produit\/xero-plugin-woocommerce-comptabilite-gestion-de-stock\/#primaryimage"},"thumbnailUrl":"https:\/\/woo-themes-plugins.com\/wp-content\/uploads\/sites\/7\/2018\/04\/woo-themes-plugins_woocommerce-xero-compatibilite-gestion-stock-plugin-woocommerce.jpg","datePublished":"2018-04-17T08:58:42+00:00","dateModified":"2018-04-26T16:16:54+00:00","description":"Le plugin officiel WooCommerce pour Xero. Gr\u00e2ce \u00e0 ce plugin pour Xero, tu vas pouvoir synchroniser toute ta boutique WooCommerce au logiciel de comptabilit\u00e9 et de gestion des stocks qu'est Xero.","breadcrumb":{"@id":"https:\/\/woo-themes-plugins.com\/fr\/produit\/xero-plugin-woocommerce-comptabilite-gestion-de-stock\/#breadcrumb"},"inLanguage":"fr-FR","potentialAction":[{"@type":"ReadAction","target":["https:\/\/woo-themes-plugins.com\/fr\/produit\/xero-plugin-woocommerce-comptabilite-gestion-de-stock\/"]}]},{"@type":"ImageObject","inLanguage":"fr-FR","@id":"https:\/\/woo-themes-plugins.com\/fr\/produit\/xero-plugin-woocommerce-comptabilite-gestion-de-stock\/#primaryimage","url":"https:\/\/woo-themes-plugins.com\/wp-content\/uploads\/sites\/7\/2018\/04\/woo-themes-plugins_woocommerce-xero-compatibilite-gestion-stock-plugin-woocommerce.jpg","contentUrl":"https:\/\/woo-themes-plugins.com\/wp-content\/uploads\/sites\/7\/2018\/04\/woo-themes-plugins_woocommerce-xero-compatibilite-gestion-stock-plugin-woocommerce.jpg","width":900,"height":900},{"@type":"BreadcrumbList","@id":"https:\/\/woo-themes-plugins.com\/fr\/produit\/xero-plugin-woocommerce-comptabilite-gestion-de-stock\/#breadcrumb","itemListElement":[{"@type":"ListItem","position":1,"name":"Accueil","item":"https:\/\/woo-themes-plugins.com\/fr\/"},{"@type":"ListItem","position":2,"name":"Shop","item":"https:\/\/woo-themes-plugins.com\/shop\/"},{"@type":"ListItem","position":3,"name":"Xero &#8211; Plugin WooCommerce Comptabilit\u00e9 \/ Gestion de Stock"}]},{"@type":"WebSite","@id":"https:\/\/woo-themes-plugins.com\/it\/#website","url":"https:\/\/woo-themes-plugins.com\/it\/","name":"Woo-themes-plugins.com","description":"Tous les th\u00e8mes et plugins WooCommerce Premium","potentialAction":[{"@type":"SearchAction","target":{"@type":"EntryPoint","urlTemplate":"https:\/\/woo-themes-plugins.com\/it\/?s={search_term_string}"},"query-input":"required name=search_term_string"}],"inLanguage":"fr-FR"}]}},"_links":{"self":[{"href":"https:\/\/woo-themes-plugins.com\/fr\/wp-json\/wp\/v2\/product\/3021","targetHints":{"allow":["GET"]}}],"collection":[{"href":"https:\/\/woo-themes-plugins.com\/fr\/wp-json\/wp\/v2\/product"}],"about":[{"href":"https:\/\/woo-themes-plugins.com\/fr\/wp-json\/wp\/v2\/types\/product"}],"wp:featuredmedia":[{"embeddable":true,"href":"https:\/\/woo-themes-plugins.com\/fr\/wp-json\/wp\/v2\/media\/3022"}],"wp:attachment":[{"href":"https:\/\/woo-themes-plugins.com\/fr\/wp-json\/wp\/v2\/media?parent=3021"}],"wp:term":[{"taxonomy":"product_cat","embeddable":true,"href":"https:\/\/woo-themes-plugins.com\/fr\/wp-json\/wp\/v2\/product_cat?post=3021"},{"taxonomy":"product_tag","embeddable":true,"href":"https:\/\/woo-themes-plugins.com\/fr\/wp-json\/wp\/v2\/product_tag?post=3021"}],"curies":[{"name":"wp","href":"https:\/\/api.w.org\/{rel}","templated":true}]}}