{"id":3030,"date":"2018-04-17T14:24:52","date_gmt":"2018-04-17T13:24:52","guid":{"rendered":"https:\/\/woo-themes-plugins.com\/?post_type=product&#038;p=3030"},"modified":"2018-04-26T17:16:47","modified_gmt":"2018-04-26T16:16:47","slug":"eu-vat-number-plugin-woocommerce-tva-professionnel","status":"publish","type":"product","link":"https:\/\/woo-themes-plugins.com\/fr\/product\/eu-vat-number-plugin-woocommerce-tva-professionnel\/","title":{"rendered":"EU VAT Number &#8211; Plugin WooCommerce TVA Professionnel"},"content":{"rendered":"<p><em>EU VAT Number <\/em>est un plugin WooCommerce d\u00e9velopp\u00e9 justement par l&rsquo;\u00e9quipe derri\u00e8re WooCommerce. Ce plugin nous permet de g\u00e9rer la TVA intracommunautaire de fa\u00e7on tr\u00e8s simple. Il te suffit d&rsquo;installer et d&rsquo;activer ce plugin pour voir appara\u00eetre dans le tunnel de conversion, une case demandant son num\u00e9ro de TVA intracommunautaire \u00e0 votre client. Si ce dernier est un num\u00e9ro de TVA intracommunautaire valide, alors la TVA ne sera pas appliqu\u00e9e sur cette commande.<\/p>\n<p>Ce plugin WooCommerce fait donc une v\u00e9rification du num\u00e9ro intracommunautaire fournis par ton client. Ce service se base sur le service <em>VIES <\/em>qui est le syst\u00e8me Europ\u00e9en de v\u00e9rification des num\u00e9ros de TVA intracommunautaire. Ce service nous assure donc qu&rsquo;un vrai contr\u00f4le soit fait, pas simplement une v\u00e9rification sur le nombre de caract\u00e8res saisis par exemple. Un gage de tranquillit\u00e9 pour votre commerce B2B. Mieux, je n&rsquo;ai pas peur de classer cette extension WooCommerce parmi les extensions indispensables. En tant que pro, il est toujours appr\u00e9ciable de ne pas avoir \u00e0 payer la TVA au moment de l&rsquo;achat d&rsquo;un produit ou d&rsquo;un service.<\/p>\n","protected":false},"excerpt":{"rendered":"<p><em>EU VAT Number <\/em>est le plugin WooCommerce pour les professionnels vendant \u00e0 d&rsquo;autres professionnels (B2B) souhaitant que la TVA ne soit pas appliqu\u00e9 si et seulement si ton client poss\u00e8de un num\u00e9ro de TVA intracommunautaire valide.<\/p>\n","protected":false},"featured_media":3031,"template":"","meta":{"_monsterinsights_skip_tracking":false,"_monsterinsights_sitenote_active":false,"_monsterinsights_sitenote_note":"","_monsterinsights_sitenote_category":0},"product_cat":[40],"product_tag":[1121,1122,121,85],"class_list":["post-3030","product","type-product","status-publish","has-post-thumbnail","hentry","product_cat-plugin-woocommerce","product_tag-comptabilite-woocommerce","product_tag-gestion-de-stock-woocommerce","product_tag-plugin-theme-woocommerce-indispensable","product_tag-commandes-client-woocommerce","pa_dev-woo-plugin-theme-woocommerce","pa_marketplace-woocommerce-woocommerce-com"],"yoast_head":"<!-- This site is optimized with the Yoast SEO plugin v23.1 - https:\/\/yoast.com\/wordpress\/plugins\/seo\/ -->\n<title>EU VAT Number - Plugin WooCommerce TVA Professionnel<\/title>\n<meta name=\"description\" content=\"Permettre aux professionnels de ne pas payer la TVA sur ton site WooCommerce est possible. C&#039;est le but du plugin WooCommerce EU VAT Number. Gr\u00e2ce \u00e0 ce plugin, ton client indique un num\u00e9ro de TVA intracommunautre, et automatiquement, il ne payera pas la TVA.\" \/>\n<meta name=\"robots\" content=\"index, follow, max-snippet:-1, max-image-preview:large, max-video-preview:-1\" \/>\n<link rel=\"canonical\" href=\"https:\/\/woo-themes-plugins.com\/fr\/produit\/eu-vat-number-plugin-woocommerce-tva-professionnel\/\" \/>\n<meta property=\"og:locale\" content=\"fr_FR\" \/>\n<meta property=\"og:type\" content=\"article\" \/>\n<meta property=\"og:title\" content=\"EU VAT Number - Plugin WooCommerce TVA Professionnel\" \/>\n<meta property=\"og:description\" content=\"Permettre aux professionnels de ne pas payer la TVA sur ton site WooCommerce est possible. C&#039;est le but du plugin WooCommerce EU VAT Number. Gr\u00e2ce \u00e0 ce plugin, ton client indique un num\u00e9ro de TVA intracommunautre, et automatiquement, il ne payera pas la TVA.\" \/>\n<meta property=\"og:url\" content=\"https:\/\/woo-themes-plugins.com\/fr\/produit\/eu-vat-number-plugin-woocommerce-tva-professionnel\/\" \/>\n<meta property=\"og:site_name\" content=\"Woo-themes-plugins.com\" \/>\n<meta property=\"article:modified_time\" content=\"2018-04-26T16:16:47+00:00\" \/>\n<meta property=\"og:image\" content=\"https:\/\/woo-themes-plugins.com\/wp-content\/uploads\/sites\/7\/2018\/04\/woo-themes-plugins_woocommerce-eu-vat-number-tva-b2b-plugin-woocommerce.jpg\" \/>\n\t<meta property=\"og:image:width\" content=\"900\" \/>\n\t<meta property=\"og:image:height\" content=\"900\" \/>\n\t<meta property=\"og:image:type\" content=\"image\/jpeg\" \/>\n<meta name=\"twitter:label1\" content=\"Dur\u00e9e de lecture estim\u00e9e\" \/>\n\t<meta name=\"twitter:data1\" content=\"1 minute\" \/>\n<script type=\"application\/ld+json\" class=\"yoast-schema-graph\">{\"@context\":\"https:\/\/schema.org\",\"@graph\":[{\"@type\":\"WebPage\",\"@id\":\"https:\/\/woo-themes-plugins.com\/fr\/produit\/eu-vat-number-plugin-woocommerce-tva-professionnel\/\",\"url\":\"https:\/\/woo-themes-plugins.com\/fr\/produit\/eu-vat-number-plugin-woocommerce-tva-professionnel\/\",\"name\":\"EU VAT Number - Plugin WooCommerce TVA Professionnel\",\"isPartOf\":{\"@id\":\"https:\/\/woo-themes-plugins.com\/it\/#website\"},\"primaryImageOfPage\":{\"@id\":\"https:\/\/woo-themes-plugins.com\/fr\/produit\/eu-vat-number-plugin-woocommerce-tva-professionnel\/#primaryimage\"},\"image\":{\"@id\":\"https:\/\/woo-themes-plugins.com\/fr\/produit\/eu-vat-number-plugin-woocommerce-tva-professionnel\/#primaryimage\"},\"thumbnailUrl\":\"https:\/\/woo-themes-plugins.com\/wp-content\/uploads\/sites\/7\/2018\/04\/woo-themes-plugins_woocommerce-eu-vat-number-tva-b2b-plugin-woocommerce.jpg\",\"datePublished\":\"2018-04-17T13:24:52+00:00\",\"dateModified\":\"2018-04-26T16:16:47+00:00\",\"description\":\"Permettre aux professionnels de ne pas payer la TVA sur ton site WooCommerce est possible. C'est le but du plugin WooCommerce EU VAT Number. Gr\u00e2ce \u00e0 ce plugin, ton client indique un num\u00e9ro de TVA intracommunautre, et automatiquement, il ne payera pas la TVA.\",\"breadcrumb\":{\"@id\":\"https:\/\/woo-themes-plugins.com\/fr\/produit\/eu-vat-number-plugin-woocommerce-tva-professionnel\/#breadcrumb\"},\"inLanguage\":\"fr-FR\",\"potentialAction\":[{\"@type\":\"ReadAction\",\"target\":[\"https:\/\/woo-themes-plugins.com\/fr\/produit\/eu-vat-number-plugin-woocommerce-tva-professionnel\/\"]}]},{\"@type\":\"ImageObject\",\"inLanguage\":\"fr-FR\",\"@id\":\"https:\/\/woo-themes-plugins.com\/fr\/produit\/eu-vat-number-plugin-woocommerce-tva-professionnel\/#primaryimage\",\"url\":\"https:\/\/woo-themes-plugins.com\/wp-content\/uploads\/sites\/7\/2018\/04\/woo-themes-plugins_woocommerce-eu-vat-number-tva-b2b-plugin-woocommerce.jpg\",\"contentUrl\":\"https:\/\/woo-themes-plugins.com\/wp-content\/uploads\/sites\/7\/2018\/04\/woo-themes-plugins_woocommerce-eu-vat-number-tva-b2b-plugin-woocommerce.jpg\",\"width\":900,\"height\":900},{\"@type\":\"BreadcrumbList\",\"@id\":\"https:\/\/woo-themes-plugins.com\/fr\/produit\/eu-vat-number-plugin-woocommerce-tva-professionnel\/#breadcrumb\",\"itemListElement\":[{\"@type\":\"ListItem\",\"position\":1,\"name\":\"Accueil\",\"item\":\"https:\/\/woo-themes-plugins.com\/fr\/\"},{\"@type\":\"ListItem\",\"position\":2,\"name\":\"Shop\",\"item\":\"https:\/\/woo-themes-plugins.com\/shop\/\"},{\"@type\":\"ListItem\",\"position\":3,\"name\":\"EU VAT Number &#8211; Plugin WooCommerce TVA Professionnel\"}]},{\"@type\":\"WebSite\",\"@id\":\"https:\/\/woo-themes-plugins.com\/it\/#website\",\"url\":\"https:\/\/woo-themes-plugins.com\/it\/\",\"name\":\"Woo-themes-plugins.com\",\"description\":\"Tous les th\u00e8mes et plugins WooCommerce Premium\",\"potentialAction\":[{\"@type\":\"SearchAction\",\"target\":{\"@type\":\"EntryPoint\",\"urlTemplate\":\"https:\/\/woo-themes-plugins.com\/it\/?s={search_term_string}\"},\"query-input\":\"required name=search_term_string\"}],\"inLanguage\":\"fr-FR\"}]}<\/script>\n<!-- \/ Yoast SEO plugin. -->","yoast_head_json":{"title":"EU VAT Number - Plugin WooCommerce TVA Professionnel","description":"Permettre aux professionnels de ne pas payer la TVA sur ton site WooCommerce est possible. C'est le but du plugin WooCommerce EU VAT Number. Gr\u00e2ce \u00e0 ce plugin, ton client indique un num\u00e9ro de TVA intracommunautre, et automatiquement, il ne payera pas la TVA.","robots":{"index":"index","follow":"follow","max-snippet":"max-snippet:-1","max-image-preview":"max-image-preview:large","max-video-preview":"max-video-preview:-1"},"canonical":"https:\/\/woo-themes-plugins.com\/fr\/produit\/eu-vat-number-plugin-woocommerce-tva-professionnel\/","og_locale":"fr_FR","og_type":"article","og_title":"EU VAT Number - Plugin WooCommerce TVA Professionnel","og_description":"Permettre aux professionnels de ne pas payer la TVA sur ton site WooCommerce est possible. C'est le but du plugin WooCommerce EU VAT Number. Gr\u00e2ce \u00e0 ce plugin, ton client indique un num\u00e9ro de TVA intracommunautre, et automatiquement, il ne payera pas la TVA.","og_url":"https:\/\/woo-themes-plugins.com\/fr\/produit\/eu-vat-number-plugin-woocommerce-tva-professionnel\/","og_site_name":"Woo-themes-plugins.com","article_modified_time":"2018-04-26T16:16:47+00:00","og_image":[{"width":900,"height":900,"url":"https:\/\/woo-themes-plugins.com\/wp-content\/uploads\/sites\/7\/2018\/04\/woo-themes-plugins_woocommerce-eu-vat-number-tva-b2b-plugin-woocommerce.jpg","type":"image\/jpeg"}],"twitter_misc":{"Dur\u00e9e de lecture estim\u00e9e":"1 minute"},"schema":{"@context":"https:\/\/schema.org","@graph":[{"@type":"WebPage","@id":"https:\/\/woo-themes-plugins.com\/fr\/produit\/eu-vat-number-plugin-woocommerce-tva-professionnel\/","url":"https:\/\/woo-themes-plugins.com\/fr\/produit\/eu-vat-number-plugin-woocommerce-tva-professionnel\/","name":"EU VAT Number - Plugin WooCommerce TVA Professionnel","isPartOf":{"@id":"https:\/\/woo-themes-plugins.com\/it\/#website"},"primaryImageOfPage":{"@id":"https:\/\/woo-themes-plugins.com\/fr\/produit\/eu-vat-number-plugin-woocommerce-tva-professionnel\/#primaryimage"},"image":{"@id":"https:\/\/woo-themes-plugins.com\/fr\/produit\/eu-vat-number-plugin-woocommerce-tva-professionnel\/#primaryimage"},"thumbnailUrl":"https:\/\/woo-themes-plugins.com\/wp-content\/uploads\/sites\/7\/2018\/04\/woo-themes-plugins_woocommerce-eu-vat-number-tva-b2b-plugin-woocommerce.jpg","datePublished":"2018-04-17T13:24:52+00:00","dateModified":"2018-04-26T16:16:47+00:00","description":"Permettre aux professionnels de ne pas payer la TVA sur ton site WooCommerce est possible. C'est le but du plugin WooCommerce EU VAT Number. Gr\u00e2ce \u00e0 ce plugin, ton client indique un num\u00e9ro de TVA intracommunautre, et automatiquement, il ne payera pas la TVA.","breadcrumb":{"@id":"https:\/\/woo-themes-plugins.com\/fr\/produit\/eu-vat-number-plugin-woocommerce-tva-professionnel\/#breadcrumb"},"inLanguage":"fr-FR","potentialAction":[{"@type":"ReadAction","target":["https:\/\/woo-themes-plugins.com\/fr\/produit\/eu-vat-number-plugin-woocommerce-tva-professionnel\/"]}]},{"@type":"ImageObject","inLanguage":"fr-FR","@id":"https:\/\/woo-themes-plugins.com\/fr\/produit\/eu-vat-number-plugin-woocommerce-tva-professionnel\/#primaryimage","url":"https:\/\/woo-themes-plugins.com\/wp-content\/uploads\/sites\/7\/2018\/04\/woo-themes-plugins_woocommerce-eu-vat-number-tva-b2b-plugin-woocommerce.jpg","contentUrl":"https:\/\/woo-themes-plugins.com\/wp-content\/uploads\/sites\/7\/2018\/04\/woo-themes-plugins_woocommerce-eu-vat-number-tva-b2b-plugin-woocommerce.jpg","width":900,"height":900},{"@type":"BreadcrumbList","@id":"https:\/\/woo-themes-plugins.com\/fr\/produit\/eu-vat-number-plugin-woocommerce-tva-professionnel\/#breadcrumb","itemListElement":[{"@type":"ListItem","position":1,"name":"Accueil","item":"https:\/\/woo-themes-plugins.com\/fr\/"},{"@type":"ListItem","position":2,"name":"Shop","item":"https:\/\/woo-themes-plugins.com\/shop\/"},{"@type":"ListItem","position":3,"name":"EU VAT Number &#8211; Plugin WooCommerce TVA Professionnel"}]},{"@type":"WebSite","@id":"https:\/\/woo-themes-plugins.com\/it\/#website","url":"https:\/\/woo-themes-plugins.com\/it\/","name":"Woo-themes-plugins.com","description":"Tous les th\u00e8mes et plugins WooCommerce Premium","potentialAction":[{"@type":"SearchAction","target":{"@type":"EntryPoint","urlTemplate":"https:\/\/woo-themes-plugins.com\/it\/?s={search_term_string}"},"query-input":"required name=search_term_string"}],"inLanguage":"fr-FR"}]}},"_links":{"self":[{"href":"https:\/\/woo-themes-plugins.com\/fr\/wp-json\/wp\/v2\/product\/3030","targetHints":{"allow":["GET"]}}],"collection":[{"href":"https:\/\/woo-themes-plugins.com\/fr\/wp-json\/wp\/v2\/product"}],"about":[{"href":"https:\/\/woo-themes-plugins.com\/fr\/wp-json\/wp\/v2\/types\/product"}],"wp:featuredmedia":[{"embeddable":true,"href":"https:\/\/woo-themes-plugins.com\/fr\/wp-json\/wp\/v2\/media\/3031"}],"wp:attachment":[{"href":"https:\/\/woo-themes-plugins.com\/fr\/wp-json\/wp\/v2\/media?parent=3030"}],"wp:term":[{"taxonomy":"product_cat","embeddable":true,"href":"https:\/\/woo-themes-plugins.com\/fr\/wp-json\/wp\/v2\/product_cat?post=3030"},{"taxonomy":"product_tag","embeddable":true,"href":"https:\/\/woo-themes-plugins.com\/fr\/wp-json\/wp\/v2\/product_tag?post=3030"}],"curies":[{"name":"wp","href":"https:\/\/api.w.org\/{rel}","templated":true}]}}