{"id":3039,"date":"2018-04-17T14:37:24","date_gmt":"2018-04-17T13:37:24","guid":{"rendered":"https:\/\/woo-themes-plugins.com\/?post_type=product&#038;p=3039"},"modified":"2018-04-26T17:16:38","modified_gmt":"2018-04-26T16:16:38","slug":"woocommerce-wishlists-plugin-woocommerce-liste-denvies","status":"publish","type":"product","link":"https:\/\/woo-themes-plugins.com\/fr\/product\/woocommerce-wishlists-plugin-woocommerce-liste-denvies\/","title":{"rendered":"WooCommerce Wishlists &#8211; Plugin WooCommerce Liste d&rsquo;Envies"},"content":{"rendered":"<p>Si les wishlists manquent tant par d\u00e9faut \u00e0 WooCommerce, c&rsquo;est que tous types de sites d\u00e9velopp\u00e9s avec WooCommerce peut tirer partie et b\u00e9n\u00e9fice de l&rsquo;ajout de ce type de fonctionnalit\u00e9.<\/p>\n<p><em>WooCommerce Wishlists<\/em> s&rsquo;engouffre dans ce vide pour nous offrir un plugin tr\u00e8s performant, nous permettant de g\u00e9rer les wishlists sur notre site WooCommerce. Gr\u00e2ce \u00e0 l&rsquo;ajout des fonctionnalit\u00e9s propos\u00e9es par ce plugin, tu vas \u00eatre en mesure de proposer \u00e0 l&rsquo;ensemble de tes visiteurs, un v\u00e9ritable syst\u00e8me de gestion des listes d&rsquo;envies. Diff\u00e9rentes \u00e9tudes tendent\u00a0 \u00e0 d\u00e9montrer que permettre \u00e0 vos visiteurs de sauvegarder et g\u00e9rer leurs propres listes d&rsquo;envies am\u00e9liore les taux de transformations sur les sites eCommerce. En effet, nous faisons face \u00e0 l&rsquo;une des fonctionnalit\u00e9s qui va faire revenir votre internaute le plus facilement. S&rsquo;il cr\u00e9e une liste d&rsquo;envie, c&rsquo;est bien pour la retrouver apr\u00e8s tout.<\/p>\n<p>En quelques mots, voici ce que nous permet de faire <em>WooCommerce Wishlists <\/em>:<\/p>\n<ul>\n<li>Permettre aux invit\u00e9s de cr\u00e9er une liste d&rsquo;envie valable 30 jours sur ton site.<\/li>\n<li>Permettre aux clients connect\u00e9s de cr\u00e9er des listes d&rsquo;envies sans limite de temps pour la conservation.<\/li>\n<li>Nombre de wishlists sans limite.<\/li>\n<li>Contr\u00f4le de la vie priv\u00e9e sur les listes d&rsquo;envies cr\u00e9\u00e9es par les clients. S&rsquo;ils le souhaitent, la liste d&rsquo;envies peut \u00eatre public ou non.<\/li>\n<li>Possibilit\u00e9 de partage de la liste d&rsquo;envies sur les r\u00e9seaux sociaux.<\/li>\n<li>Support de tous types de produit (group\u00e9, variation, simple&#8230;)<\/li>\n<li>Personnalisation du message d&rsquo;ajout dans la liste d&rsquo;envies.<\/li>\n<li>Int\u00e9gration simple dans WordPress gr\u00e2ce \u00e0 l&rsquo;utilisation de <em>page<\/em>.<\/li>\n<\/ul>\n<p>D&rsquo;un point de vue administrateur du site WooCommerce sur lequel ce plugin WooCommerce de listes d&rsquo;envies, il te sera possible de venir regarder ce que chacune d&rsquo;entre elle contient. Mieux, il te sera m\u00eame possible de faire du traitement par lot.<\/p>\n","protected":false},"excerpt":{"rendered":"<p>J&rsquo;ai tendance \u00e0 dire que les listes d&rsquo;envies sont un des plus gros manques \u00e0 WooCommerce lorsqu&rsquo;on l&rsquo;utilise sans aucun plugin additionnel. Pas le choix donc si l&rsquo;on veut avoir un syst\u00e8me de wishlists sur son site WooCommerce, il va falloir passer par un plugin WooCommerce. C&rsquo;est tout le but de ce plugin officiel WooCommerce de gestion des listes d&rsquo;envies ! Ce plugin de wishlists pour WooCommerce autorisera tes visiteurs ainsi que tes clients \u00e0 cr\u00e9er un nombre de wishlists virtuellement sans limite.<\/p>\n","protected":false},"featured_media":3040,"template":"","meta":{"_monsterinsights_skip_tracking":false,"_monsterinsights_sitenote_active":false,"_monsterinsights_sitenote_note":"","_monsterinsights_sitenote_category":0},"product_cat":[40],"product_tag":[121,191],"class_list":["post-3039","product","type-product","status-publish","has-post-thumbnail","hentry","product_cat-plugin-woocommerce","product_tag-plugin-theme-woocommerce-indispensable","product_tag-wishlist-woocommerce","pa_dev-woo-plugin-theme-lucas-stark","pa_marketplace-woocommerce-woocommerce-com"],"yoast_head":"<!-- This site is optimized with the Yoast SEO plugin v23.1 - https:\/\/yoast.com\/wordpress\/plugins\/seo\/ -->\n<title>WooCommerce Wishlists - Plugin WooCommerce Liste d&#039;Envies<\/title>\n<meta name=\"description\" content=\"Besoin de g\u00e9rer des wishlists sur ton site WooCommerce ? D\u00e9couvre tout de suite le plugin officiel WooCommerce pour g\u00e9rer des wishlists, j&#039;ai nomm\u00e9 WooCommerce Wishlists bien entendu. Avec ce plugin, tes clients et tes visiteurs pourront cr\u00e9er autant de wishlists qu&#039;ils le veulent !\" \/>\n<meta name=\"robots\" content=\"index, follow, max-snippet:-1, max-image-preview:large, max-video-preview:-1\" \/>\n<link rel=\"canonical\" href=\"https:\/\/woo-themes-plugins.com\/fr\/produit\/woocommerce-wishlists-plugin-woocommerce-liste-denvies\/\" \/>\n<meta property=\"og:locale\" content=\"fr_FR\" \/>\n<meta property=\"og:type\" content=\"article\" \/>\n<meta property=\"og:title\" content=\"WooCommerce Wishlists - Plugin WooCommerce Liste d&#039;Envies\" \/>\n<meta property=\"og:description\" content=\"Besoin de g\u00e9rer des wishlists sur ton site WooCommerce ? D\u00e9couvre tout de suite le plugin officiel WooCommerce pour g\u00e9rer des wishlists, j&#039;ai nomm\u00e9 WooCommerce Wishlists bien entendu. Avec ce plugin, tes clients et tes visiteurs pourront cr\u00e9er autant de wishlists qu&#039;ils le veulent !\" \/>\n<meta property=\"og:url\" content=\"https:\/\/woo-themes-plugins.com\/fr\/produit\/woocommerce-wishlists-plugin-woocommerce-liste-denvies\/\" \/>\n<meta property=\"og:site_name\" content=\"Woo-themes-plugins.com\" \/>\n<meta property=\"article:modified_time\" content=\"2018-04-26T16:16:38+00:00\" \/>\n<meta property=\"og:image\" content=\"https:\/\/woo-themes-plugins.com\/wp-content\/uploads\/sites\/7\/2018\/04\/woo-themes-plugins_woocommerce-woocommerce-wishlists-listes-envies-client-invite-plugin-woocommerce.jpg\" \/>\n\t<meta property=\"og:image:width\" content=\"900\" \/>\n\t<meta property=\"og:image:height\" content=\"900\" \/>\n\t<meta property=\"og:image:type\" content=\"image\/jpeg\" \/>\n<meta name=\"twitter:label1\" content=\"Dur\u00e9e de lecture estim\u00e9e\" \/>\n\t<meta name=\"twitter:data1\" content=\"2 minutes\" \/>\n<script type=\"application\/ld+json\" class=\"yoast-schema-graph\">{\"@context\":\"https:\/\/schema.org\",\"@graph\":[{\"@type\":\"WebPage\",\"@id\":\"https:\/\/woo-themes-plugins.com\/fr\/produit\/woocommerce-wishlists-plugin-woocommerce-liste-denvies\/\",\"url\":\"https:\/\/woo-themes-plugins.com\/fr\/produit\/woocommerce-wishlists-plugin-woocommerce-liste-denvies\/\",\"name\":\"WooCommerce Wishlists - Plugin WooCommerce Liste d'Envies\",\"isPartOf\":{\"@id\":\"https:\/\/woo-themes-plugins.com\/it\/#website\"},\"primaryImageOfPage\":{\"@id\":\"https:\/\/woo-themes-plugins.com\/fr\/produit\/woocommerce-wishlists-plugin-woocommerce-liste-denvies\/#primaryimage\"},\"image\":{\"@id\":\"https:\/\/woo-themes-plugins.com\/fr\/produit\/woocommerce-wishlists-plugin-woocommerce-liste-denvies\/#primaryimage\"},\"thumbnailUrl\":\"https:\/\/woo-themes-plugins.com\/wp-content\/uploads\/sites\/7\/2018\/04\/woo-themes-plugins_woocommerce-woocommerce-wishlists-listes-envies-client-invite-plugin-woocommerce.jpg\",\"datePublished\":\"2018-04-17T13:37:24+00:00\",\"dateModified\":\"2018-04-26T16:16:38+00:00\",\"description\":\"Besoin de g\u00e9rer des wishlists sur ton site WooCommerce ? D\u00e9couvre tout de suite le plugin officiel WooCommerce pour g\u00e9rer des wishlists, j'ai nomm\u00e9 WooCommerce Wishlists bien entendu. Avec ce plugin, tes clients et tes visiteurs pourront cr\u00e9er autant de wishlists qu'ils le veulent !\",\"breadcrumb\":{\"@id\":\"https:\/\/woo-themes-plugins.com\/fr\/produit\/woocommerce-wishlists-plugin-woocommerce-liste-denvies\/#breadcrumb\"},\"inLanguage\":\"fr-FR\",\"potentialAction\":[{\"@type\":\"ReadAction\",\"target\":[\"https:\/\/woo-themes-plugins.com\/fr\/produit\/woocommerce-wishlists-plugin-woocommerce-liste-denvies\/\"]}]},{\"@type\":\"ImageObject\",\"inLanguage\":\"fr-FR\",\"@id\":\"https:\/\/woo-themes-plugins.com\/fr\/produit\/woocommerce-wishlists-plugin-woocommerce-liste-denvies\/#primaryimage\",\"url\":\"https:\/\/woo-themes-plugins.com\/wp-content\/uploads\/sites\/7\/2018\/04\/woo-themes-plugins_woocommerce-woocommerce-wishlists-listes-envies-client-invite-plugin-woocommerce.jpg\",\"contentUrl\":\"https:\/\/woo-themes-plugins.com\/wp-content\/uploads\/sites\/7\/2018\/04\/woo-themes-plugins_woocommerce-woocommerce-wishlists-listes-envies-client-invite-plugin-woocommerce.jpg\",\"width\":900,\"height\":900},{\"@type\":\"BreadcrumbList\",\"@id\":\"https:\/\/woo-themes-plugins.com\/fr\/produit\/woocommerce-wishlists-plugin-woocommerce-liste-denvies\/#breadcrumb\",\"itemListElement\":[{\"@type\":\"ListItem\",\"position\":1,\"name\":\"Accueil\",\"item\":\"https:\/\/woo-themes-plugins.com\/fr\/\"},{\"@type\":\"ListItem\",\"position\":2,\"name\":\"Shop\",\"item\":\"https:\/\/woo-themes-plugins.com\/shop\/\"},{\"@type\":\"ListItem\",\"position\":3,\"name\":\"WooCommerce Wishlists &#8211; Plugin WooCommerce Liste d&rsquo;Envies\"}]},{\"@type\":\"WebSite\",\"@id\":\"https:\/\/woo-themes-plugins.com\/it\/#website\",\"url\":\"https:\/\/woo-themes-plugins.com\/it\/\",\"name\":\"Woo-themes-plugins.com\",\"description\":\"Tous les th\u00e8mes et plugins WooCommerce Premium\",\"potentialAction\":[{\"@type\":\"SearchAction\",\"target\":{\"@type\":\"EntryPoint\",\"urlTemplate\":\"https:\/\/woo-themes-plugins.com\/it\/?s={search_term_string}\"},\"query-input\":\"required name=search_term_string\"}],\"inLanguage\":\"fr-FR\"}]}<\/script>\n<!-- \/ Yoast SEO plugin. -->","yoast_head_json":{"title":"WooCommerce Wishlists - Plugin WooCommerce Liste d'Envies","description":"Besoin de g\u00e9rer des wishlists sur ton site WooCommerce ? D\u00e9couvre tout de suite le plugin officiel WooCommerce pour g\u00e9rer des wishlists, j'ai nomm\u00e9 WooCommerce Wishlists bien entendu. Avec ce plugin, tes clients et tes visiteurs pourront cr\u00e9er autant de wishlists qu'ils le veulent !","robots":{"index":"index","follow":"follow","max-snippet":"max-snippet:-1","max-image-preview":"max-image-preview:large","max-video-preview":"max-video-preview:-1"},"canonical":"https:\/\/woo-themes-plugins.com\/fr\/produit\/woocommerce-wishlists-plugin-woocommerce-liste-denvies\/","og_locale":"fr_FR","og_type":"article","og_title":"WooCommerce Wishlists - Plugin WooCommerce Liste d'Envies","og_description":"Besoin de g\u00e9rer des wishlists sur ton site WooCommerce ? D\u00e9couvre tout de suite le plugin officiel WooCommerce pour g\u00e9rer des wishlists, j'ai nomm\u00e9 WooCommerce Wishlists bien entendu. Avec ce plugin, tes clients et tes visiteurs pourront cr\u00e9er autant de wishlists qu'ils le veulent !","og_url":"https:\/\/woo-themes-plugins.com\/fr\/produit\/woocommerce-wishlists-plugin-woocommerce-liste-denvies\/","og_site_name":"Woo-themes-plugins.com","article_modified_time":"2018-04-26T16:16:38+00:00","og_image":[{"width":900,"height":900,"url":"https:\/\/woo-themes-plugins.com\/wp-content\/uploads\/sites\/7\/2018\/04\/woo-themes-plugins_woocommerce-woocommerce-wishlists-listes-envies-client-invite-plugin-woocommerce.jpg","type":"image\/jpeg"}],"twitter_misc":{"Dur\u00e9e de lecture estim\u00e9e":"2 minutes"},"schema":{"@context":"https:\/\/schema.org","@graph":[{"@type":"WebPage","@id":"https:\/\/woo-themes-plugins.com\/fr\/produit\/woocommerce-wishlists-plugin-woocommerce-liste-denvies\/","url":"https:\/\/woo-themes-plugins.com\/fr\/produit\/woocommerce-wishlists-plugin-woocommerce-liste-denvies\/","name":"WooCommerce Wishlists - Plugin WooCommerce Liste d'Envies","isPartOf":{"@id":"https:\/\/woo-themes-plugins.com\/it\/#website"},"primaryImageOfPage":{"@id":"https:\/\/woo-themes-plugins.com\/fr\/produit\/woocommerce-wishlists-plugin-woocommerce-liste-denvies\/#primaryimage"},"image":{"@id":"https:\/\/woo-themes-plugins.com\/fr\/produit\/woocommerce-wishlists-plugin-woocommerce-liste-denvies\/#primaryimage"},"thumbnailUrl":"https:\/\/woo-themes-plugins.com\/wp-content\/uploads\/sites\/7\/2018\/04\/woo-themes-plugins_woocommerce-woocommerce-wishlists-listes-envies-client-invite-plugin-woocommerce.jpg","datePublished":"2018-04-17T13:37:24+00:00","dateModified":"2018-04-26T16:16:38+00:00","description":"Besoin de g\u00e9rer des wishlists sur ton site WooCommerce ? D\u00e9couvre tout de suite le plugin officiel WooCommerce pour g\u00e9rer des wishlists, j'ai nomm\u00e9 WooCommerce Wishlists bien entendu. Avec ce plugin, tes clients et tes visiteurs pourront cr\u00e9er autant de wishlists qu'ils le veulent !","breadcrumb":{"@id":"https:\/\/woo-themes-plugins.com\/fr\/produit\/woocommerce-wishlists-plugin-woocommerce-liste-denvies\/#breadcrumb"},"inLanguage":"fr-FR","potentialAction":[{"@type":"ReadAction","target":["https:\/\/woo-themes-plugins.com\/fr\/produit\/woocommerce-wishlists-plugin-woocommerce-liste-denvies\/"]}]},{"@type":"ImageObject","inLanguage":"fr-FR","@id":"https:\/\/woo-themes-plugins.com\/fr\/produit\/woocommerce-wishlists-plugin-woocommerce-liste-denvies\/#primaryimage","url":"https:\/\/woo-themes-plugins.com\/wp-content\/uploads\/sites\/7\/2018\/04\/woo-themes-plugins_woocommerce-woocommerce-wishlists-listes-envies-client-invite-plugin-woocommerce.jpg","contentUrl":"https:\/\/woo-themes-plugins.com\/wp-content\/uploads\/sites\/7\/2018\/04\/woo-themes-plugins_woocommerce-woocommerce-wishlists-listes-envies-client-invite-plugin-woocommerce.jpg","width":900,"height":900},{"@type":"BreadcrumbList","@id":"https:\/\/woo-themes-plugins.com\/fr\/produit\/woocommerce-wishlists-plugin-woocommerce-liste-denvies\/#breadcrumb","itemListElement":[{"@type":"ListItem","position":1,"name":"Accueil","item":"https:\/\/woo-themes-plugins.com\/fr\/"},{"@type":"ListItem","position":2,"name":"Shop","item":"https:\/\/woo-themes-plugins.com\/shop\/"},{"@type":"ListItem","position":3,"name":"WooCommerce Wishlists &#8211; Plugin WooCommerce Liste d&rsquo;Envies"}]},{"@type":"WebSite","@id":"https:\/\/woo-themes-plugins.com\/it\/#website","url":"https:\/\/woo-themes-plugins.com\/it\/","name":"Woo-themes-plugins.com","description":"Tous les th\u00e8mes et plugins WooCommerce Premium","potentialAction":[{"@type":"SearchAction","target":{"@type":"EntryPoint","urlTemplate":"https:\/\/woo-themes-plugins.com\/it\/?s={search_term_string}"},"query-input":"required name=search_term_string"}],"inLanguage":"fr-FR"}]}},"_links":{"self":[{"href":"https:\/\/woo-themes-plugins.com\/fr\/wp-json\/wp\/v2\/product\/3039","targetHints":{"allow":["GET"]}}],"collection":[{"href":"https:\/\/woo-themes-plugins.com\/fr\/wp-json\/wp\/v2\/product"}],"about":[{"href":"https:\/\/woo-themes-plugins.com\/fr\/wp-json\/wp\/v2\/types\/product"}],"wp:featuredmedia":[{"embeddable":true,"href":"https:\/\/woo-themes-plugins.com\/fr\/wp-json\/wp\/v2\/media\/3040"}],"wp:attachment":[{"href":"https:\/\/woo-themes-plugins.com\/fr\/wp-json\/wp\/v2\/media?parent=3039"}],"wp:term":[{"taxonomy":"product_cat","embeddable":true,"href":"https:\/\/woo-themes-plugins.com\/fr\/wp-json\/wp\/v2\/product_cat?post=3039"},{"taxonomy":"product_tag","embeddable":true,"href":"https:\/\/woo-themes-plugins.com\/fr\/wp-json\/wp\/v2\/product_tag?post=3039"}],"curies":[{"name":"wp","href":"https:\/\/api.w.org\/{rel}","templated":true}]}}