{"id":3053,"date":"2018-04-19T10:13:00","date_gmt":"2018-04-19T09:13:00","guid":{"rendered":"https:\/\/woo-themes-plugins.com\/?post_type=product&#038;p=3053"},"modified":"2018-04-26T17:16:12","modified_gmt":"2018-04-26T16:16:12","slug":"divi-le-theme-woocommerce-a-connaitre-absoluement","status":"publish","type":"product","link":"https:\/\/woo-themes-plugins.com\/fr\/product\/divi-le-theme-woocommerce-a-connaitre-absoluement\/","title":{"rendered":"DIVI &#8211; LE TH\u00c8ME WOOCOMMERCE \u00c0 CONNAITRE ABSOLUEMENT"},"content":{"rendered":"<p>Pourquoi ce th\u00e8me plut\u00f4t qu&rsquo;un autre ? Apr\u00e8s tout, il suffit de regarder la s\u00e9lection de th\u00e8mes WooCommerce que nous faisons sur woo-themes-plugins.com pour se convaincre du fait que moult autres th\u00e8mes WooCommerce existent. Alors, pourquoi ?<\/p>\n<p>Avant de parler du th\u00e8me en lui-m\u00eame, une des raisons qui en font une s\u00e9lection de choix tient dans sa long\u00e9vit\u00e9. Ce th\u00e8me existe depuis&#8230; En fait, je sais m\u00eame plus tellement j&rsquo;ai l&rsquo;impression de l&rsquo;avoir toujours connu. Divi est un th\u00e8me qui a vu le jour chez <em>Elegant Themes<\/em>. Ce n&rsquo;est pas leur premier th\u00e8me, loin de l\u00e0, mais c&rsquo;est le tout premier et seul th\u00e8me permettant autant de souplesse parmi la s\u00e9lection de chez <em>Elegant Themes<\/em>.\u00a0 Plut\u00f4t que de se disperser, Divi est devenu LE th\u00e8me de chez Elegant Themes; il permet v\u00e9ritablement de tout faire avec WordPress et bien entendu WooCommerce. Il faut bien le dire, Divi existait avant WooCommerce. Divi n&rsquo;est pas un th\u00e8me fait <em>juste <\/em>pour WooCommerce; c&rsquo;est un th\u00e8me qui supporte \u00e9norm\u00e9ment de souplesse dont l&rsquo;int\u00e9gration d&rsquo;une vraie boutique de eCommerce au travers de WooCommerce.<\/p>\n<p>Difficile de d\u00e9crire dans le d\u00e9tail un th\u00e8me WooCommerce qui permet litt\u00e9ralement de tout faire. Concentrons-nous sur des \u00e9l\u00e9ments bien pr\u00e9cis. Une des immenses forces de Divi est son constructeur de page juste hallucinant de r\u00e9activit\u00e9 et de souplesse. Gr\u00e2ce \u00e0 ce constructeur, tu pourras r\u00e9aliser 100% de tes pages sans jamais voir l&rsquo;ombre d&rsquo;un shortcode et encore moins de code PHP ou JavaScript. Ce th\u00e8me c&rsquo;est tr\u00e8s largement impos\u00e9 dans le monde de la fabrication <em>\u00e0 la cha\u00eene <\/em>de sites WooCommerce ne se ressemblant pas, mais reposant sur une base commune.<\/p>\n<p>Bien entendu ce th\u00e8me WooCommerce est responsible, nous permet d&rsquo;acc\u00e9der \u00e0 des tonnes de shortcodes, autorise le drag and drop, permet de personnaliser 100% de son interface au clic et tellement plus. All\u00e9, lances-toi et d\u00e9couvres sans plus tarder Divi.<\/p>\n","protected":false},"excerpt":{"rendered":"<p>Aucun soucis avec mon clavier; se faire presque crier dessus avec le titre d&rsquo;un th\u00e8me WooCommerce, c&rsquo;pas cool, d\u00e9sol\u00e9. Mais voila, Divi est un th\u00e8me WooCommerce tellement incontournable, qu&rsquo;il me fallait bien une mani\u00e8re de capter ton attention pour te le dire \ud83d\ude09<\/p>\n<p>Deux mani\u00e8res pour toi de t&rsquo;en convaincre, tu lis la description longue juste en dessous, ou tu d\u00e9couvres tout de suite une d\u00e9monstration de ce th\u00e8me en cliquant sur le bouton de t\u00e9l\u00e9chargement juste en dessous. Je suis certains qu&rsquo;en 30 secondes tu vas \u00eatre convaincu de la puissance de ce th\u00e8me WooCommerce pas comme les autres.<\/p>\n","protected":false},"featured_media":3070,"template":"","meta":{"_monsterinsights_skip_tracking":false,"_monsterinsights_sitenote_active":false,"_monsterinsights_sitenote_note":"","_monsterinsights_sitenote_category":0},"product_cat":[139],"product_tag":[144,121,147,154,149,172,167,145,140,141,163,151,150,148,164],"class_list":["post-3053","product","type-product","status-publish","has-post-thumbnail","hentry","product_cat-theme-woocommerce","product_tag-debutant-woocommerce","product_tag-plugin-theme-woocommerce-indispensable","product_tag-theme-woocommece-flat-design","product_tag-theme-woocommerce-avec-blog","product_tag-theme-woocommerce-avec-builder","product_tag-theme-woocommerce-hi-tech","product_tag-theme-woocommerce-minimaliste","product_tag-theme-woocommerce-moderne","product_tag-theme-woocommerce-polyvalent","product_tag-themes-woocommerce-personnalisable","product_tag-woocommerce-magasin-de-vetements","product_tag-woocommerce-installation-un-clic","product_tag-woocommerce-optimise","product_tag-woocommerce-responsive","product_tag-woocommerce-seo","pa_dev-woo-plugin-theme-sara_p","pa_marketplace-woocommerce-themeforest-net"],"yoast_head":"<!-- This site is optimized with the Yoast SEO plugin v23.1 - https:\/\/yoast.com\/wordpress\/plugins\/seo\/ -->\n<title>DIVI - LE TH\u00c8ME WOOCOMMERCE \u00c0 CONNAITRE ABSOLUEMENT - Woo-themes-plugins.com<\/title>\n<meta name=\"robots\" content=\"index, follow, max-snippet:-1, max-image-preview:large, max-video-preview:-1\" \/>\n<link rel=\"canonical\" href=\"https:\/\/woo-themes-plugins.com\/fr\/produit\/divi-le-theme-woocommerce-a-connaitre-absoluement\/\" \/>\n<meta property=\"og:locale\" content=\"fr_FR\" \/>\n<meta property=\"og:type\" content=\"article\" \/>\n<meta property=\"og:title\" content=\"DIVI - LE TH\u00c8ME WOOCOMMERCE \u00c0 CONNAITRE ABSOLUEMENT - Woo-themes-plugins.com\" \/>\n<meta property=\"og:description\" content=\"Aucun soucis avec mon clavier; se faire presque crier dessus avec le titre d&#039;un th\u00e8me WooCommerce, c&#039;pas cool, d\u00e9sol\u00e9. Mais voila, Divi est un th\u00e8me WooCommerce tellement incontournable, qu&#039;il me fallait bien une mani\u00e8re de capter ton attention pour te le dire ;)  Deux mani\u00e8res pour toi de t&#039;en convaincre, tu lis la description longue juste en dessous, ou tu d\u00e9couvres tout de suite une d\u00e9monstration de ce th\u00e8me en cliquant sur le bouton de t\u00e9l\u00e9chargement juste en dessous. Je suis certains qu&#039;en 30 secondes tu vas \u00eatre convaincu de la puissance de ce th\u00e8me WooCommerce pas comme les autres.\" \/>\n<meta property=\"og:url\" content=\"https:\/\/woo-themes-plugins.com\/fr\/produit\/divi-le-theme-woocommerce-a-connaitre-absoluement\/\" \/>\n<meta property=\"og:site_name\" content=\"Woo-themes-plugins.com\" \/>\n<meta property=\"article:modified_time\" content=\"2018-04-26T16:16:12+00:00\" \/>\n<meta property=\"og:image\" content=\"https:\/\/woo-themes-plugins.com\/wp-content\/uploads\/sites\/7\/2018\/04\/woo-themes-plugins_divi-theme-woocommerce-incontournable-4.jpg\" \/>\n\t<meta property=\"og:image:width\" content=\"644\" \/>\n\t<meta property=\"og:image:height\" content=\"900\" \/>\n\t<meta property=\"og:image:type\" content=\"image\/jpeg\" \/>\n<meta name=\"twitter:label1\" content=\"Dur\u00e9e de lecture estim\u00e9e\" \/>\n\t<meta name=\"twitter:data1\" content=\"2 minutes\" \/>\n<script type=\"application\/ld+json\" class=\"yoast-schema-graph\">{\"@context\":\"https:\/\/schema.org\",\"@graph\":[{\"@type\":\"WebPage\",\"@id\":\"https:\/\/woo-themes-plugins.com\/fr\/produit\/divi-le-theme-woocommerce-a-connaitre-absoluement\/\",\"url\":\"https:\/\/woo-themes-plugins.com\/fr\/produit\/divi-le-theme-woocommerce-a-connaitre-absoluement\/\",\"name\":\"DIVI - LE TH\u00c8ME WOOCOMMERCE \u00c0 CONNAITRE ABSOLUEMENT - Woo-themes-plugins.com\",\"isPartOf\":{\"@id\":\"https:\/\/woo-themes-plugins.com\/it\/#website\"},\"primaryImageOfPage\":{\"@id\":\"https:\/\/woo-themes-plugins.com\/fr\/produit\/divi-le-theme-woocommerce-a-connaitre-absoluement\/#primaryimage\"},\"image\":{\"@id\":\"https:\/\/woo-themes-plugins.com\/fr\/produit\/divi-le-theme-woocommerce-a-connaitre-absoluement\/#primaryimage\"},\"thumbnailUrl\":\"https:\/\/woo-themes-plugins.com\/wp-content\/uploads\/sites\/7\/2018\/04\/woo-themes-plugins_divi-theme-woocommerce-incontournable-4.jpg\",\"datePublished\":\"2018-04-19T09:13:00+00:00\",\"dateModified\":\"2018-04-26T16:16:12+00:00\",\"breadcrumb\":{\"@id\":\"https:\/\/woo-themes-plugins.com\/fr\/produit\/divi-le-theme-woocommerce-a-connaitre-absoluement\/#breadcrumb\"},\"inLanguage\":\"fr-FR\",\"potentialAction\":[{\"@type\":\"ReadAction\",\"target\":[\"https:\/\/woo-themes-plugins.com\/fr\/produit\/divi-le-theme-woocommerce-a-connaitre-absoluement\/\"]}]},{\"@type\":\"ImageObject\",\"inLanguage\":\"fr-FR\",\"@id\":\"https:\/\/woo-themes-plugins.com\/fr\/produit\/divi-le-theme-woocommerce-a-connaitre-absoluement\/#primaryimage\",\"url\":\"https:\/\/woo-themes-plugins.com\/wp-content\/uploads\/sites\/7\/2018\/04\/woo-themes-plugins_divi-theme-woocommerce-incontournable-4.jpg\",\"contentUrl\":\"https:\/\/woo-themes-plugins.com\/wp-content\/uploads\/sites\/7\/2018\/04\/woo-themes-plugins_divi-theme-woocommerce-incontournable-4.jpg\",\"width\":644,\"height\":900},{\"@type\":\"BreadcrumbList\",\"@id\":\"https:\/\/woo-themes-plugins.com\/fr\/produit\/divi-le-theme-woocommerce-a-connaitre-absoluement\/#breadcrumb\",\"itemListElement\":[{\"@type\":\"ListItem\",\"position\":1,\"name\":\"Accueil\",\"item\":\"https:\/\/woo-themes-plugins.com\/fr\/\"},{\"@type\":\"ListItem\",\"position\":2,\"name\":\"Shop\",\"item\":\"https:\/\/woo-themes-plugins.com\/shop\/\"},{\"@type\":\"ListItem\",\"position\":3,\"name\":\"DIVI &#8211; LE TH\u00c8ME WOOCOMMERCE \u00c0 CONNAITRE ABSOLUEMENT\"}]},{\"@type\":\"WebSite\",\"@id\":\"https:\/\/woo-themes-plugins.com\/it\/#website\",\"url\":\"https:\/\/woo-themes-plugins.com\/it\/\",\"name\":\"Woo-themes-plugins.com\",\"description\":\"Tous les th\u00e8mes et plugins WooCommerce Premium\",\"potentialAction\":[{\"@type\":\"SearchAction\",\"target\":{\"@type\":\"EntryPoint\",\"urlTemplate\":\"https:\/\/woo-themes-plugins.com\/it\/?s={search_term_string}\"},\"query-input\":\"required name=search_term_string\"}],\"inLanguage\":\"fr-FR\"}]}<\/script>\n<!-- \/ Yoast SEO plugin. -->","yoast_head_json":{"title":"DIVI - LE TH\u00c8ME WOOCOMMERCE \u00c0 CONNAITRE ABSOLUEMENT - Woo-themes-plugins.com","robots":{"index":"index","follow":"follow","max-snippet":"max-snippet:-1","max-image-preview":"max-image-preview:large","max-video-preview":"max-video-preview:-1"},"canonical":"https:\/\/woo-themes-plugins.com\/fr\/produit\/divi-le-theme-woocommerce-a-connaitre-absoluement\/","og_locale":"fr_FR","og_type":"article","og_title":"DIVI - LE TH\u00c8ME WOOCOMMERCE \u00c0 CONNAITRE ABSOLUEMENT - Woo-themes-plugins.com","og_description":"Aucun soucis avec mon clavier; se faire presque crier dessus avec le titre d'un th\u00e8me WooCommerce, c'pas cool, d\u00e9sol\u00e9. Mais voila, Divi est un th\u00e8me WooCommerce tellement incontournable, qu'il me fallait bien une mani\u00e8re de capter ton attention pour te le dire ;)  Deux mani\u00e8res pour toi de t'en convaincre, tu lis la description longue juste en dessous, ou tu d\u00e9couvres tout de suite une d\u00e9monstration de ce th\u00e8me en cliquant sur le bouton de t\u00e9l\u00e9chargement juste en dessous. Je suis certains qu'en 30 secondes tu vas \u00eatre convaincu de la puissance de ce th\u00e8me WooCommerce pas comme les autres.","og_url":"https:\/\/woo-themes-plugins.com\/fr\/produit\/divi-le-theme-woocommerce-a-connaitre-absoluement\/","og_site_name":"Woo-themes-plugins.com","article_modified_time":"2018-04-26T16:16:12+00:00","og_image":[{"width":644,"height":900,"url":"https:\/\/woo-themes-plugins.com\/wp-content\/uploads\/sites\/7\/2018\/04\/woo-themes-plugins_divi-theme-woocommerce-incontournable-4.jpg","type":"image\/jpeg"}],"twitter_misc":{"Dur\u00e9e de lecture estim\u00e9e":"2 minutes"},"schema":{"@context":"https:\/\/schema.org","@graph":[{"@type":"WebPage","@id":"https:\/\/woo-themes-plugins.com\/fr\/produit\/divi-le-theme-woocommerce-a-connaitre-absoluement\/","url":"https:\/\/woo-themes-plugins.com\/fr\/produit\/divi-le-theme-woocommerce-a-connaitre-absoluement\/","name":"DIVI - LE TH\u00c8ME WOOCOMMERCE \u00c0 CONNAITRE ABSOLUEMENT - Woo-themes-plugins.com","isPartOf":{"@id":"https:\/\/woo-themes-plugins.com\/it\/#website"},"primaryImageOfPage":{"@id":"https:\/\/woo-themes-plugins.com\/fr\/produit\/divi-le-theme-woocommerce-a-connaitre-absoluement\/#primaryimage"},"image":{"@id":"https:\/\/woo-themes-plugins.com\/fr\/produit\/divi-le-theme-woocommerce-a-connaitre-absoluement\/#primaryimage"},"thumbnailUrl":"https:\/\/woo-themes-plugins.com\/wp-content\/uploads\/sites\/7\/2018\/04\/woo-themes-plugins_divi-theme-woocommerce-incontournable-4.jpg","datePublished":"2018-04-19T09:13:00+00:00","dateModified":"2018-04-26T16:16:12+00:00","breadcrumb":{"@id":"https:\/\/woo-themes-plugins.com\/fr\/produit\/divi-le-theme-woocommerce-a-connaitre-absoluement\/#breadcrumb"},"inLanguage":"fr-FR","potentialAction":[{"@type":"ReadAction","target":["https:\/\/woo-themes-plugins.com\/fr\/produit\/divi-le-theme-woocommerce-a-connaitre-absoluement\/"]}]},{"@type":"ImageObject","inLanguage":"fr-FR","@id":"https:\/\/woo-themes-plugins.com\/fr\/produit\/divi-le-theme-woocommerce-a-connaitre-absoluement\/#primaryimage","url":"https:\/\/woo-themes-plugins.com\/wp-content\/uploads\/sites\/7\/2018\/04\/woo-themes-plugins_divi-theme-woocommerce-incontournable-4.jpg","contentUrl":"https:\/\/woo-themes-plugins.com\/wp-content\/uploads\/sites\/7\/2018\/04\/woo-themes-plugins_divi-theme-woocommerce-incontournable-4.jpg","width":644,"height":900},{"@type":"BreadcrumbList","@id":"https:\/\/woo-themes-plugins.com\/fr\/produit\/divi-le-theme-woocommerce-a-connaitre-absoluement\/#breadcrumb","itemListElement":[{"@type":"ListItem","position":1,"name":"Accueil","item":"https:\/\/woo-themes-plugins.com\/fr\/"},{"@type":"ListItem","position":2,"name":"Shop","item":"https:\/\/woo-themes-plugins.com\/shop\/"},{"@type":"ListItem","position":3,"name":"DIVI &#8211; LE TH\u00c8ME WOOCOMMERCE \u00c0 CONNAITRE ABSOLUEMENT"}]},{"@type":"WebSite","@id":"https:\/\/woo-themes-plugins.com\/it\/#website","url":"https:\/\/woo-themes-plugins.com\/it\/","name":"Woo-themes-plugins.com","description":"Tous les th\u00e8mes et plugins WooCommerce Premium","potentialAction":[{"@type":"SearchAction","target":{"@type":"EntryPoint","urlTemplate":"https:\/\/woo-themes-plugins.com\/it\/?s={search_term_string}"},"query-input":"required name=search_term_string"}],"inLanguage":"fr-FR"}]}},"_links":{"self":[{"href":"https:\/\/woo-themes-plugins.com\/fr\/wp-json\/wp\/v2\/product\/3053","targetHints":{"allow":["GET"]}}],"collection":[{"href":"https:\/\/woo-themes-plugins.com\/fr\/wp-json\/wp\/v2\/product"}],"about":[{"href":"https:\/\/woo-themes-plugins.com\/fr\/wp-json\/wp\/v2\/types\/product"}],"wp:featuredmedia":[{"embeddable":true,"href":"https:\/\/woo-themes-plugins.com\/fr\/wp-json\/wp\/v2\/media\/3070"}],"wp:attachment":[{"href":"https:\/\/woo-themes-plugins.com\/fr\/wp-json\/wp\/v2\/media?parent=3053"}],"wp:term":[{"taxonomy":"product_cat","embeddable":true,"href":"https:\/\/woo-themes-plugins.com\/fr\/wp-json\/wp\/v2\/product_cat?post=3053"},{"taxonomy":"product_tag","embeddable":true,"href":"https:\/\/woo-themes-plugins.com\/fr\/wp-json\/wp\/v2\/product_tag?post=3053"}],"curies":[{"name":"wp","href":"https:\/\/api.w.org\/{rel}","templated":true}]}}