{"id":307,"date":"2018-03-26T13:00:46","date_gmt":"2018-03-26T12:00:46","guid":{"rendered":"https:\/\/woo-themes-plugins.com\/?post_type=product&#038;p=307"},"modified":"2018-04-26T17:27:30","modified_gmt":"2018-04-26T16:27:30","slug":"porto-theme-responsive-ecommerce-theme-woocommerce","status":"publish","type":"product","link":"https:\/\/woo-themes-plugins.com\/fr\/product\/porto-theme-responsive-ecommerce-theme-woocommerce\/","title":{"rendered":"Porto &#8211; Th\u00e8me Responsive eCommerce &#8211; Th\u00e8me WooCommerce"},"content":{"rendered":"","protected":false},"excerpt":{"rendered":"<p>Porto est le th\u00e8me WooCommerce responsive qu&rsquo;il te faut. Ce th\u00e8me WooCommerce offre en plus plus de 25 d\u00e9monstrations de site diff\u00e9rents, offre une documentation en ligne compl\u00e8te et bien entendu, vous permettra de b\u00e9n\u00e9ficier de ses mises-\u00e0-jour sur le long terme. Le plus bien agr\u00e9able, ce th\u00e8me WooCommerce est livr\u00e9 avec des plugins premium comme Visual Composer et Revolution Slider.<\/p>\n","protected":false},"featured_media":1356,"template":"","meta":{"_monsterinsights_skip_tracking":false,"_monsterinsights_sitenote_active":false,"_monsterinsights_sitenote_note":"","_monsterinsights_sitenote_category":0},"product_cat":[139],"product_tag":[160,144,157,158,147,154,149,153,145,141,156,159,161,162,151,150,143,148,146],"class_list":["post-307","product","type-product","status-publish","has-post-thumbnail","hentry","product_cat-theme-woocommerce","product_tag-bundle-plugins-premium","product_tag-debutant-woocommerce","product_tag-le-rtl-woocommerce","product_tag-megamenu-woocommerce","product_tag-theme-woocommece-flat-design","product_tag-theme-woocommerce-avec-blog","product_tag-theme-woocommerce-avec-builder","product_tag-theme-woocommerce-avec-lightbox","product_tag-theme-woocommerce-moderne","product_tag-themes-woocommerce-personnalisable","product_tag-woocommerce-bootstrap","product_tag-woocommerce-revolution-slider","product_tag-woocommerce-visual-composer","product_tag-woocommerce-compatible-multisite","product_tag-woocommerce-installation-un-clic","product_tag-woocommerce-optimise","product_tag-woocommerce-professionel-agence","product_tag-woocommerce-responsive","product_tag-woocommerce-retina-ready","pa_dev-woo-plugin-theme-p-themes","pa_marketplace-woocommerce-themeforest-net"],"yoast_head":"<!-- This site is optimized with the Yoast SEO plugin v23.1 - https:\/\/yoast.com\/wordpress\/plugins\/seo\/ -->\n<title>Porto - Th\u00e8me Responsive eCommerce - Th\u00e8me WooCommerce - Woo-themes-plugins.com<\/title>\n<meta name=\"robots\" content=\"index, follow, max-snippet:-1, max-image-preview:large, max-video-preview:-1\" \/>\n<link rel=\"canonical\" href=\"https:\/\/woo-themes-plugins.com\/fr\/produit\/porto-theme-responsive-ecommerce-theme-woocommerce\/\" \/>\n<meta property=\"og:locale\" content=\"fr_FR\" \/>\n<meta property=\"og:type\" content=\"article\" \/>\n<meta property=\"og:title\" content=\"Porto - Th\u00e8me Responsive eCommerce - Th\u00e8me WooCommerce - Woo-themes-plugins.com\" \/>\n<meta property=\"og:description\" content=\"Porto est le th\u00e8me WooCommerce responsive qu&#039;il te faut. Ce th\u00e8me WooCommerce offre en plus plus de 25 d\u00e9monstrations de site diff\u00e9rents, offre une documentation en ligne compl\u00e8te et bien entendu, vous permettra de b\u00e9n\u00e9ficier de ses mises-\u00e0-jour sur le long terme. Le plus bien agr\u00e9able, ce th\u00e8me WooCommerce est livr\u00e9 avec des plugins premium comme Visual Composer et Revolution Slider.\" \/>\n<meta property=\"og:url\" content=\"https:\/\/woo-themes-plugins.com\/fr\/produit\/porto-theme-responsive-ecommerce-theme-woocommerce\/\" \/>\n<meta property=\"og:site_name\" content=\"Woo-themes-plugins.com\" \/>\n<meta property=\"article:modified_time\" content=\"2018-04-26T16:27:30+00:00\" \/>\n<meta property=\"og:image\" content=\"https:\/\/woo-themes-plugins.com\/wp-content\/uploads\/sites\/7\/2018\/03\/woo-themes-plugins_porto-theme-responsive-ecommerce-theme-woocommerce-8.jpg\" \/>\n\t<meta property=\"og:image:width\" content=\"644\" \/>\n\t<meta property=\"og:image:height\" content=\"900\" \/>\n\t<meta property=\"og:image:type\" content=\"image\/jpeg\" \/>\n<script type=\"application\/ld+json\" class=\"yoast-schema-graph\">{\"@context\":\"https:\/\/schema.org\",\"@graph\":[{\"@type\":\"WebPage\",\"@id\":\"https:\/\/woo-themes-plugins.com\/fr\/produit\/porto-theme-responsive-ecommerce-theme-woocommerce\/\",\"url\":\"https:\/\/woo-themes-plugins.com\/fr\/produit\/porto-theme-responsive-ecommerce-theme-woocommerce\/\",\"name\":\"Porto - Th\u00e8me Responsive eCommerce - Th\u00e8me WooCommerce - Woo-themes-plugins.com\",\"isPartOf\":{\"@id\":\"https:\/\/woo-themes-plugins.com\/it\/#website\"},\"primaryImageOfPage\":{\"@id\":\"https:\/\/woo-themes-plugins.com\/fr\/produit\/porto-theme-responsive-ecommerce-theme-woocommerce\/#primaryimage\"},\"image\":{\"@id\":\"https:\/\/woo-themes-plugins.com\/fr\/produit\/porto-theme-responsive-ecommerce-theme-woocommerce\/#primaryimage\"},\"thumbnailUrl\":\"https:\/\/woo-themes-plugins.com\/wp-content\/uploads\/sites\/7\/2018\/03\/woo-themes-plugins_porto-theme-responsive-ecommerce-theme-woocommerce-8.jpg\",\"datePublished\":\"2018-03-26T12:00:46+00:00\",\"dateModified\":\"2018-04-26T16:27:30+00:00\",\"breadcrumb\":{\"@id\":\"https:\/\/woo-themes-plugins.com\/fr\/produit\/porto-theme-responsive-ecommerce-theme-woocommerce\/#breadcrumb\"},\"inLanguage\":\"fr-FR\",\"potentialAction\":[{\"@type\":\"ReadAction\",\"target\":[\"https:\/\/woo-themes-plugins.com\/fr\/produit\/porto-theme-responsive-ecommerce-theme-woocommerce\/\"]}]},{\"@type\":\"ImageObject\",\"inLanguage\":\"fr-FR\",\"@id\":\"https:\/\/woo-themes-plugins.com\/fr\/produit\/porto-theme-responsive-ecommerce-theme-woocommerce\/#primaryimage\",\"url\":\"https:\/\/woo-themes-plugins.com\/wp-content\/uploads\/sites\/7\/2018\/03\/woo-themes-plugins_porto-theme-responsive-ecommerce-theme-woocommerce-8.jpg\",\"contentUrl\":\"https:\/\/woo-themes-plugins.com\/wp-content\/uploads\/sites\/7\/2018\/03\/woo-themes-plugins_porto-theme-responsive-ecommerce-theme-woocommerce-8.jpg\",\"width\":644,\"height\":900},{\"@type\":\"BreadcrumbList\",\"@id\":\"https:\/\/woo-themes-plugins.com\/fr\/produit\/porto-theme-responsive-ecommerce-theme-woocommerce\/#breadcrumb\",\"itemListElement\":[{\"@type\":\"ListItem\",\"position\":1,\"name\":\"Accueil\",\"item\":\"https:\/\/woo-themes-plugins.com\/fr\/\"},{\"@type\":\"ListItem\",\"position\":2,\"name\":\"Shop\",\"item\":\"https:\/\/woo-themes-plugins.com\/shop\/\"},{\"@type\":\"ListItem\",\"position\":3,\"name\":\"Porto &#8211; Th\u00e8me Responsive eCommerce &#8211; Th\u00e8me WooCommerce\"}]},{\"@type\":\"WebSite\",\"@id\":\"https:\/\/woo-themes-plugins.com\/it\/#website\",\"url\":\"https:\/\/woo-themes-plugins.com\/it\/\",\"name\":\"Woo-themes-plugins.com\",\"description\":\"Tous les th\u00e8mes et plugins WooCommerce Premium\",\"potentialAction\":[{\"@type\":\"SearchAction\",\"target\":{\"@type\":\"EntryPoint\",\"urlTemplate\":\"https:\/\/woo-themes-plugins.com\/it\/?s={search_term_string}\"},\"query-input\":\"required name=search_term_string\"}],\"inLanguage\":\"fr-FR\"}]}<\/script>\n<!-- \/ Yoast SEO plugin. -->","yoast_head_json":{"title":"Porto - Th\u00e8me Responsive eCommerce - Th\u00e8me WooCommerce - Woo-themes-plugins.com","robots":{"index":"index","follow":"follow","max-snippet":"max-snippet:-1","max-image-preview":"max-image-preview:large","max-video-preview":"max-video-preview:-1"},"canonical":"https:\/\/woo-themes-plugins.com\/fr\/produit\/porto-theme-responsive-ecommerce-theme-woocommerce\/","og_locale":"fr_FR","og_type":"article","og_title":"Porto - Th\u00e8me Responsive eCommerce - Th\u00e8me WooCommerce - Woo-themes-plugins.com","og_description":"Porto est le th\u00e8me WooCommerce responsive qu'il te faut. Ce th\u00e8me WooCommerce offre en plus plus de 25 d\u00e9monstrations de site diff\u00e9rents, offre une documentation en ligne compl\u00e8te et bien entendu, vous permettra de b\u00e9n\u00e9ficier de ses mises-\u00e0-jour sur le long terme. Le plus bien agr\u00e9able, ce th\u00e8me WooCommerce est livr\u00e9 avec des plugins premium comme Visual Composer et Revolution Slider.","og_url":"https:\/\/woo-themes-plugins.com\/fr\/produit\/porto-theme-responsive-ecommerce-theme-woocommerce\/","og_site_name":"Woo-themes-plugins.com","article_modified_time":"2018-04-26T16:27:30+00:00","og_image":[{"width":644,"height":900,"url":"https:\/\/woo-themes-plugins.com\/wp-content\/uploads\/sites\/7\/2018\/03\/woo-themes-plugins_porto-theme-responsive-ecommerce-theme-woocommerce-8.jpg","type":"image\/jpeg"}],"schema":{"@context":"https:\/\/schema.org","@graph":[{"@type":"WebPage","@id":"https:\/\/woo-themes-plugins.com\/fr\/produit\/porto-theme-responsive-ecommerce-theme-woocommerce\/","url":"https:\/\/woo-themes-plugins.com\/fr\/produit\/porto-theme-responsive-ecommerce-theme-woocommerce\/","name":"Porto - Th\u00e8me Responsive eCommerce - Th\u00e8me WooCommerce - Woo-themes-plugins.com","isPartOf":{"@id":"https:\/\/woo-themes-plugins.com\/it\/#website"},"primaryImageOfPage":{"@id":"https:\/\/woo-themes-plugins.com\/fr\/produit\/porto-theme-responsive-ecommerce-theme-woocommerce\/#primaryimage"},"image":{"@id":"https:\/\/woo-themes-plugins.com\/fr\/produit\/porto-theme-responsive-ecommerce-theme-woocommerce\/#primaryimage"},"thumbnailUrl":"https:\/\/woo-themes-plugins.com\/wp-content\/uploads\/sites\/7\/2018\/03\/woo-themes-plugins_porto-theme-responsive-ecommerce-theme-woocommerce-8.jpg","datePublished":"2018-03-26T12:00:46+00:00","dateModified":"2018-04-26T16:27:30+00:00","breadcrumb":{"@id":"https:\/\/woo-themes-plugins.com\/fr\/produit\/porto-theme-responsive-ecommerce-theme-woocommerce\/#breadcrumb"},"inLanguage":"fr-FR","potentialAction":[{"@type":"ReadAction","target":["https:\/\/woo-themes-plugins.com\/fr\/produit\/porto-theme-responsive-ecommerce-theme-woocommerce\/"]}]},{"@type":"ImageObject","inLanguage":"fr-FR","@id":"https:\/\/woo-themes-plugins.com\/fr\/produit\/porto-theme-responsive-ecommerce-theme-woocommerce\/#primaryimage","url":"https:\/\/woo-themes-plugins.com\/wp-content\/uploads\/sites\/7\/2018\/03\/woo-themes-plugins_porto-theme-responsive-ecommerce-theme-woocommerce-8.jpg","contentUrl":"https:\/\/woo-themes-plugins.com\/wp-content\/uploads\/sites\/7\/2018\/03\/woo-themes-plugins_porto-theme-responsive-ecommerce-theme-woocommerce-8.jpg","width":644,"height":900},{"@type":"BreadcrumbList","@id":"https:\/\/woo-themes-plugins.com\/fr\/produit\/porto-theme-responsive-ecommerce-theme-woocommerce\/#breadcrumb","itemListElement":[{"@type":"ListItem","position":1,"name":"Accueil","item":"https:\/\/woo-themes-plugins.com\/fr\/"},{"@type":"ListItem","position":2,"name":"Shop","item":"https:\/\/woo-themes-plugins.com\/shop\/"},{"@type":"ListItem","position":3,"name":"Porto &#8211; Th\u00e8me Responsive eCommerce &#8211; Th\u00e8me WooCommerce"}]},{"@type":"WebSite","@id":"https:\/\/woo-themes-plugins.com\/it\/#website","url":"https:\/\/woo-themes-plugins.com\/it\/","name":"Woo-themes-plugins.com","description":"Tous les th\u00e8mes et plugins WooCommerce Premium","potentialAction":[{"@type":"SearchAction","target":{"@type":"EntryPoint","urlTemplate":"https:\/\/woo-themes-plugins.com\/it\/?s={search_term_string}"},"query-input":"required name=search_term_string"}],"inLanguage":"fr-FR"}]}},"_links":{"self":[{"href":"https:\/\/woo-themes-plugins.com\/fr\/wp-json\/wp\/v2\/product\/307","targetHints":{"allow":["GET"]}}],"collection":[{"href":"https:\/\/woo-themes-plugins.com\/fr\/wp-json\/wp\/v2\/product"}],"about":[{"href":"https:\/\/woo-themes-plugins.com\/fr\/wp-json\/wp\/v2\/types\/product"}],"wp:featuredmedia":[{"embeddable":true,"href":"https:\/\/woo-themes-plugins.com\/fr\/wp-json\/wp\/v2\/media\/1356"}],"wp:attachment":[{"href":"https:\/\/woo-themes-plugins.com\/fr\/wp-json\/wp\/v2\/media?parent=307"}],"wp:term":[{"taxonomy":"product_cat","embeddable":true,"href":"https:\/\/woo-themes-plugins.com\/fr\/wp-json\/wp\/v2\/product_cat?post=307"},{"taxonomy":"product_tag","embeddable":true,"href":"https:\/\/woo-themes-plugins.com\/fr\/wp-json\/wp\/v2\/product_tag?post=307"}],"curies":[{"name":"wp","href":"https:\/\/api.w.org\/{rel}","templated":true}]}}