{"id":315,"date":"2018-03-26T13:12:06","date_gmt":"2018-03-26T12:12:06","guid":{"rendered":"https:\/\/woo-themes-plugins.com\/?post_type=product&#038;p=315"},"modified":"2018-04-26T17:27:08","modified_gmt":"2018-04-26T16:27:08","slug":"bazar-shop-theme-ecommerce-pour-tout-vendre-theme-woocommerce","status":"publish","type":"product","link":"https:\/\/woo-themes-plugins.com\/fr\/product\/bazar-shop-theme-ecommerce-pour-tout-vendre-theme-woocommerce\/","title":{"rendered":"Bazar Shop &#8211; Th\u00e8me eCommerce pour tout Vendre &#8211; Th\u00e8me WooCommerce"},"content":{"rendered":"","protected":false},"excerpt":{"rendered":"<p>Tout droit sorti de l&rsquo;univers Magento, ce th\u00e8me nous fait l&rsquo;honneur d&rsquo;\u00eatre d\u00e9clin\u00e9 pour WooCommerce. On y retrouve tout le savoir faire d&rsquo;un concepteur de th\u00e8me sp\u00e9cialis\u00e9 dans le eCommerce. Simple de prise en main, ce th\u00e8me WooCommerce te permettra de mettre sur pied tout type de site eCommerce. Pour cela, tu auras acc\u00e8s \u00e0 des centaines de shortcodes, des mises en pages pens\u00e9es \u00e0 l&rsquo;avance et m\u00eame la possibilit\u00e9 de changer ton checkout.<\/p>\n","protected":false},"featured_media":1484,"template":"","meta":{"_monsterinsights_skip_tracking":false,"_monsterinsights_sitenote_active":false,"_monsterinsights_sitenote_note":"","_monsterinsights_sitenote_category":0},"product_cat":[139],"product_tag":[144,147,154,149,145,141,163,151,150,148,164],"class_list":["post-315","product","type-product","status-publish","has-post-thumbnail","hentry","product_cat-theme-woocommerce","product_tag-debutant-woocommerce","product_tag-theme-woocommece-flat-design","product_tag-theme-woocommerce-avec-blog","product_tag-theme-woocommerce-avec-builder","product_tag-theme-woocommerce-moderne","product_tag-themes-woocommerce-personnalisable","product_tag-woocommerce-magasin-de-vetements","product_tag-woocommerce-installation-un-clic","product_tag-woocommerce-optimise","product_tag-woocommerce-responsive","product_tag-woocommerce-seo","pa_dev-woo-plugin-theme-sara_p","pa_marketplace-woocommerce-themeforest-net"],"yoast_head":"<!-- This site is optimized with the Yoast SEO plugin v23.1 - https:\/\/yoast.com\/wordpress\/plugins\/seo\/ -->\n<title>Bazar Shop - Th\u00e8me eCommerce pour tout Vendre - Th\u00e8me WooCommerce - Woo-themes-plugins.com<\/title>\n<meta name=\"robots\" content=\"index, follow, max-snippet:-1, max-image-preview:large, max-video-preview:-1\" \/>\n<link rel=\"canonical\" href=\"https:\/\/woo-themes-plugins.com\/fr\/produit\/bazar-shop-theme-ecommerce-pour-tout-vendre-theme-woocommerce\/\" \/>\n<meta property=\"og:locale\" content=\"fr_FR\" \/>\n<meta property=\"og:type\" content=\"article\" \/>\n<meta property=\"og:title\" content=\"Bazar Shop - Th\u00e8me eCommerce pour tout Vendre - Th\u00e8me WooCommerce - Woo-themes-plugins.com\" \/>\n<meta property=\"og:description\" content=\"Tout droit sorti de l&#039;univers Magento, ce th\u00e8me nous fait l&#039;honneur d&#039;\u00eatre d\u00e9clin\u00e9 pour WooCommerce. On y retrouve tout le savoir faire d&#039;un concepteur de th\u00e8me sp\u00e9cialis\u00e9 dans le eCommerce. Simple de prise en main, ce th\u00e8me WooCommerce te permettra de mettre sur pied tout type de site eCommerce. Pour cela, tu auras acc\u00e8s \u00e0 des centaines de shortcodes, des mises en pages pens\u00e9es \u00e0 l&#039;avance et m\u00eame la possibilit\u00e9 de changer ton checkout.\" \/>\n<meta property=\"og:url\" content=\"https:\/\/woo-themes-plugins.com\/fr\/produit\/bazar-shop-theme-ecommerce-pour-tout-vendre-theme-woocommerce\/\" \/>\n<meta property=\"og:site_name\" content=\"Woo-themes-plugins.com\" \/>\n<meta property=\"article:modified_time\" content=\"2018-04-26T16:27:08+00:00\" \/>\n<meta property=\"og:image\" content=\"https:\/\/woo-themes-plugins.com\/wp-content\/uploads\/sites\/7\/2018\/03\/woo-themes-plugins_bazar-shop-theme-ecommerce-tout-vendre-theme-woocommerce.jpg\" \/>\n\t<meta property=\"og:image:width\" content=\"1041\" \/>\n\t<meta property=\"og:image:height\" content=\"900\" \/>\n\t<meta property=\"og:image:type\" content=\"image\/jpeg\" \/>\n<script type=\"application\/ld+json\" class=\"yoast-schema-graph\">{\"@context\":\"https:\/\/schema.org\",\"@graph\":[{\"@type\":\"WebPage\",\"@id\":\"https:\/\/woo-themes-plugins.com\/fr\/produit\/bazar-shop-theme-ecommerce-pour-tout-vendre-theme-woocommerce\/\",\"url\":\"https:\/\/woo-themes-plugins.com\/fr\/produit\/bazar-shop-theme-ecommerce-pour-tout-vendre-theme-woocommerce\/\",\"name\":\"Bazar Shop - Th\u00e8me eCommerce pour tout Vendre - Th\u00e8me WooCommerce - Woo-themes-plugins.com\",\"isPartOf\":{\"@id\":\"https:\/\/woo-themes-plugins.com\/it\/#website\"},\"primaryImageOfPage\":{\"@id\":\"https:\/\/woo-themes-plugins.com\/fr\/produit\/bazar-shop-theme-ecommerce-pour-tout-vendre-theme-woocommerce\/#primaryimage\"},\"image\":{\"@id\":\"https:\/\/woo-themes-plugins.com\/fr\/produit\/bazar-shop-theme-ecommerce-pour-tout-vendre-theme-woocommerce\/#primaryimage\"},\"thumbnailUrl\":\"https:\/\/woo-themes-plugins.com\/wp-content\/uploads\/sites\/7\/2018\/03\/woo-themes-plugins_bazar-shop-theme-ecommerce-tout-vendre-theme-woocommerce.jpg\",\"datePublished\":\"2018-03-26T12:12:06+00:00\",\"dateModified\":\"2018-04-26T16:27:08+00:00\",\"breadcrumb\":{\"@id\":\"https:\/\/woo-themes-plugins.com\/fr\/produit\/bazar-shop-theme-ecommerce-pour-tout-vendre-theme-woocommerce\/#breadcrumb\"},\"inLanguage\":\"fr-FR\",\"potentialAction\":[{\"@type\":\"ReadAction\",\"target\":[\"https:\/\/woo-themes-plugins.com\/fr\/produit\/bazar-shop-theme-ecommerce-pour-tout-vendre-theme-woocommerce\/\"]}]},{\"@type\":\"ImageObject\",\"inLanguage\":\"fr-FR\",\"@id\":\"https:\/\/woo-themes-plugins.com\/fr\/produit\/bazar-shop-theme-ecommerce-pour-tout-vendre-theme-woocommerce\/#primaryimage\",\"url\":\"https:\/\/woo-themes-plugins.com\/wp-content\/uploads\/sites\/7\/2018\/03\/woo-themes-plugins_bazar-shop-theme-ecommerce-tout-vendre-theme-woocommerce.jpg\",\"contentUrl\":\"https:\/\/woo-themes-plugins.com\/wp-content\/uploads\/sites\/7\/2018\/03\/woo-themes-plugins_bazar-shop-theme-ecommerce-tout-vendre-theme-woocommerce.jpg\",\"width\":1041,\"height\":900},{\"@type\":\"BreadcrumbList\",\"@id\":\"https:\/\/woo-themes-plugins.com\/fr\/produit\/bazar-shop-theme-ecommerce-pour-tout-vendre-theme-woocommerce\/#breadcrumb\",\"itemListElement\":[{\"@type\":\"ListItem\",\"position\":1,\"name\":\"Accueil\",\"item\":\"https:\/\/woo-themes-plugins.com\/fr\/\"},{\"@type\":\"ListItem\",\"position\":2,\"name\":\"Shop\",\"item\":\"https:\/\/woo-themes-plugins.com\/shop\/\"},{\"@type\":\"ListItem\",\"position\":3,\"name\":\"Bazar Shop &#8211; Th\u00e8me eCommerce pour tout Vendre &#8211; Th\u00e8me WooCommerce\"}]},{\"@type\":\"WebSite\",\"@id\":\"https:\/\/woo-themes-plugins.com\/it\/#website\",\"url\":\"https:\/\/woo-themes-plugins.com\/it\/\",\"name\":\"Woo-themes-plugins.com\",\"description\":\"Tous les th\u00e8mes et plugins WooCommerce Premium\",\"potentialAction\":[{\"@type\":\"SearchAction\",\"target\":{\"@type\":\"EntryPoint\",\"urlTemplate\":\"https:\/\/woo-themes-plugins.com\/it\/?s={search_term_string}\"},\"query-input\":\"required name=search_term_string\"}],\"inLanguage\":\"fr-FR\"}]}<\/script>\n<!-- \/ Yoast SEO plugin. -->","yoast_head_json":{"title":"Bazar Shop - Th\u00e8me eCommerce pour tout Vendre - Th\u00e8me WooCommerce - Woo-themes-plugins.com","robots":{"index":"index","follow":"follow","max-snippet":"max-snippet:-1","max-image-preview":"max-image-preview:large","max-video-preview":"max-video-preview:-1"},"canonical":"https:\/\/woo-themes-plugins.com\/fr\/produit\/bazar-shop-theme-ecommerce-pour-tout-vendre-theme-woocommerce\/","og_locale":"fr_FR","og_type":"article","og_title":"Bazar Shop - Th\u00e8me eCommerce pour tout Vendre - Th\u00e8me WooCommerce - Woo-themes-plugins.com","og_description":"Tout droit sorti de l'univers Magento, ce th\u00e8me nous fait l'honneur d'\u00eatre d\u00e9clin\u00e9 pour WooCommerce. On y retrouve tout le savoir faire d'un concepteur de th\u00e8me sp\u00e9cialis\u00e9 dans le eCommerce. Simple de prise en main, ce th\u00e8me WooCommerce te permettra de mettre sur pied tout type de site eCommerce. Pour cela, tu auras acc\u00e8s \u00e0 des centaines de shortcodes, des mises en pages pens\u00e9es \u00e0 l'avance et m\u00eame la possibilit\u00e9 de changer ton checkout.","og_url":"https:\/\/woo-themes-plugins.com\/fr\/produit\/bazar-shop-theme-ecommerce-pour-tout-vendre-theme-woocommerce\/","og_site_name":"Woo-themes-plugins.com","article_modified_time":"2018-04-26T16:27:08+00:00","og_image":[{"width":1041,"height":900,"url":"https:\/\/woo-themes-plugins.com\/wp-content\/uploads\/sites\/7\/2018\/03\/woo-themes-plugins_bazar-shop-theme-ecommerce-tout-vendre-theme-woocommerce.jpg","type":"image\/jpeg"}],"schema":{"@context":"https:\/\/schema.org","@graph":[{"@type":"WebPage","@id":"https:\/\/woo-themes-plugins.com\/fr\/produit\/bazar-shop-theme-ecommerce-pour-tout-vendre-theme-woocommerce\/","url":"https:\/\/woo-themes-plugins.com\/fr\/produit\/bazar-shop-theme-ecommerce-pour-tout-vendre-theme-woocommerce\/","name":"Bazar Shop - Th\u00e8me eCommerce pour tout Vendre - Th\u00e8me WooCommerce - Woo-themes-plugins.com","isPartOf":{"@id":"https:\/\/woo-themes-plugins.com\/it\/#website"},"primaryImageOfPage":{"@id":"https:\/\/woo-themes-plugins.com\/fr\/produit\/bazar-shop-theme-ecommerce-pour-tout-vendre-theme-woocommerce\/#primaryimage"},"image":{"@id":"https:\/\/woo-themes-plugins.com\/fr\/produit\/bazar-shop-theme-ecommerce-pour-tout-vendre-theme-woocommerce\/#primaryimage"},"thumbnailUrl":"https:\/\/woo-themes-plugins.com\/wp-content\/uploads\/sites\/7\/2018\/03\/woo-themes-plugins_bazar-shop-theme-ecommerce-tout-vendre-theme-woocommerce.jpg","datePublished":"2018-03-26T12:12:06+00:00","dateModified":"2018-04-26T16:27:08+00:00","breadcrumb":{"@id":"https:\/\/woo-themes-plugins.com\/fr\/produit\/bazar-shop-theme-ecommerce-pour-tout-vendre-theme-woocommerce\/#breadcrumb"},"inLanguage":"fr-FR","potentialAction":[{"@type":"ReadAction","target":["https:\/\/woo-themes-plugins.com\/fr\/produit\/bazar-shop-theme-ecommerce-pour-tout-vendre-theme-woocommerce\/"]}]},{"@type":"ImageObject","inLanguage":"fr-FR","@id":"https:\/\/woo-themes-plugins.com\/fr\/produit\/bazar-shop-theme-ecommerce-pour-tout-vendre-theme-woocommerce\/#primaryimage","url":"https:\/\/woo-themes-plugins.com\/wp-content\/uploads\/sites\/7\/2018\/03\/woo-themes-plugins_bazar-shop-theme-ecommerce-tout-vendre-theme-woocommerce.jpg","contentUrl":"https:\/\/woo-themes-plugins.com\/wp-content\/uploads\/sites\/7\/2018\/03\/woo-themes-plugins_bazar-shop-theme-ecommerce-tout-vendre-theme-woocommerce.jpg","width":1041,"height":900},{"@type":"BreadcrumbList","@id":"https:\/\/woo-themes-plugins.com\/fr\/produit\/bazar-shop-theme-ecommerce-pour-tout-vendre-theme-woocommerce\/#breadcrumb","itemListElement":[{"@type":"ListItem","position":1,"name":"Accueil","item":"https:\/\/woo-themes-plugins.com\/fr\/"},{"@type":"ListItem","position":2,"name":"Shop","item":"https:\/\/woo-themes-plugins.com\/shop\/"},{"@type":"ListItem","position":3,"name":"Bazar Shop &#8211; Th\u00e8me eCommerce pour tout Vendre &#8211; Th\u00e8me WooCommerce"}]},{"@type":"WebSite","@id":"https:\/\/woo-themes-plugins.com\/it\/#website","url":"https:\/\/woo-themes-plugins.com\/it\/","name":"Woo-themes-plugins.com","description":"Tous les th\u00e8mes et plugins WooCommerce Premium","potentialAction":[{"@type":"SearchAction","target":{"@type":"EntryPoint","urlTemplate":"https:\/\/woo-themes-plugins.com\/it\/?s={search_term_string}"},"query-input":"required name=search_term_string"}],"inLanguage":"fr-FR"}]}},"_links":{"self":[{"href":"https:\/\/woo-themes-plugins.com\/fr\/wp-json\/wp\/v2\/product\/315","targetHints":{"allow":["GET"]}}],"collection":[{"href":"https:\/\/woo-themes-plugins.com\/fr\/wp-json\/wp\/v2\/product"}],"about":[{"href":"https:\/\/woo-themes-plugins.com\/fr\/wp-json\/wp\/v2\/types\/product"}],"wp:featuredmedia":[{"embeddable":true,"href":"https:\/\/woo-themes-plugins.com\/fr\/wp-json\/wp\/v2\/media\/1484"}],"wp:attachment":[{"href":"https:\/\/woo-themes-plugins.com\/fr\/wp-json\/wp\/v2\/media?parent=315"}],"wp:term":[{"taxonomy":"product_cat","embeddable":true,"href":"https:\/\/woo-themes-plugins.com\/fr\/wp-json\/wp\/v2\/product_cat?post=315"},{"taxonomy":"product_tag","embeddable":true,"href":"https:\/\/woo-themes-plugins.com\/fr\/wp-json\/wp\/v2\/product_tag?post=315"}],"curies":[{"name":"wp","href":"https:\/\/api.w.org\/{rel}","templated":true}]}}