{"id":322,"date":"2018-03-26T13:15:42","date_gmt":"2018-03-26T12:15:42","guid":{"rendered":"https:\/\/woo-themes-plugins.com\/?post_type=product&#038;p=322"},"modified":"2018-04-26T17:27:02","modified_gmt":"2018-04-26T16:27:02","slug":"maya-shop-theme-moderne-et-simple-theme-woocommerce","status":"publish","type":"product","link":"https:\/\/woo-themes-plugins.com\/fr\/product\/maya-shop-theme-moderne-et-simple-theme-woocommerce\/","title":{"rendered":"Maya Shop &#8211; Th\u00e8me Moderne et Simple &#8211; Th\u00e8me WooCommerce"},"content":{"rendered":"","protected":false},"excerpt":{"rendered":"<p>Maya Shop fait parti de ces th\u00e8me WooCommerce qui ont vu le jour tr\u00e8s t\u00f4t. Avec un th\u00e8me comme Maya Shop, plusieurs choses sont certaines : b\u00e9n\u00e9ficier de plusieurs ann\u00e9es de d\u00e9veloppement pour un prix d\u00e9risoire, profiter de toutes les futurs mises-\u00e0-jour mais aussi offrir \u00e0 son site WooCommerce une charte graphique assez neutre et luxueuse, faite pour mettre en avant la seule chose qui compte : vos produits.<\/p>\n","protected":false},"featured_media":1548,"template":"","meta":{"_monsterinsights_skip_tracking":false,"_monsterinsights_sitenote_active":false,"_monsterinsights_sitenote_note":"","_monsterinsights_sitenote_category":0},"product_cat":[139],"product_tag":[160,144,149,167,145,141,163,151,152,148,166],"class_list":["post-322","product","type-product","status-publish","has-post-thumbnail","hentry","product_cat-theme-woocommerce","product_tag-bundle-plugins-premium","product_tag-debutant-woocommerce","product_tag-theme-woocommerce-avec-builder","product_tag-theme-woocommerce-minimaliste","product_tag-theme-woocommerce-moderne","product_tag-themes-woocommerce-personnalisable","product_tag-woocommerce-magasin-de-vetements","product_tag-woocommerce-installation-un-clic","product_tag-woocommerce-multilingue","product_tag-woocommerce-responsive","product_tag-zoom-produit-woocommerce","pa_dev-woo-plugin-theme-sara_p","pa_marketplace-woocommerce-themeforest-net"],"yoast_head":"<!-- This site is optimized with the Yoast SEO plugin v23.1 - https:\/\/yoast.com\/wordpress\/plugins\/seo\/ -->\n<title>Maya Shop - Th\u00e8me Moderne et Simple - Th\u00e8me WooCommerce - Woo-themes-plugins.com<\/title>\n<meta name=\"robots\" content=\"index, follow, max-snippet:-1, max-image-preview:large, max-video-preview:-1\" \/>\n<link rel=\"canonical\" href=\"https:\/\/woo-themes-plugins.com\/fr\/produit\/maya-shop-theme-moderne-et-simple-theme-woocommerce\/\" \/>\n<meta property=\"og:locale\" content=\"fr_FR\" \/>\n<meta property=\"og:type\" content=\"article\" \/>\n<meta property=\"og:title\" content=\"Maya Shop - Th\u00e8me Moderne et Simple - Th\u00e8me WooCommerce - Woo-themes-plugins.com\" \/>\n<meta property=\"og:description\" content=\"Maya Shop fait parti de ces th\u00e8me WooCommerce qui ont vu le jour tr\u00e8s t\u00f4t. Avec un th\u00e8me comme Maya Shop, plusieurs choses sont certaines : b\u00e9n\u00e9ficier de plusieurs ann\u00e9es de d\u00e9veloppement pour un prix d\u00e9risoire, profiter de toutes les futurs mises-\u00e0-jour mais aussi offrir \u00e0 son site WooCommerce une charte graphique assez neutre et luxueuse, faite pour mettre en avant la seule chose qui compte : vos produits.\" \/>\n<meta property=\"og:url\" content=\"https:\/\/woo-themes-plugins.com\/fr\/produit\/maya-shop-theme-moderne-et-simple-theme-woocommerce\/\" \/>\n<meta property=\"og:site_name\" content=\"Woo-themes-plugins.com\" \/>\n<meta property=\"article:modified_time\" content=\"2018-04-26T16:27:02+00:00\" \/>\n<meta property=\"og:image\" content=\"https:\/\/woo-themes-plugins.com\/wp-content\/uploads\/sites\/7\/2018\/03\/woo-themes-plugins_maya-shop-theme-moderne-simple-theme-woocommerce-6.jpg\" \/>\n\t<meta property=\"og:image:width\" content=\"1224\" \/>\n\t<meta property=\"og:image:height\" content=\"900\" \/>\n\t<meta property=\"og:image:type\" content=\"image\/jpeg\" \/>\n<script type=\"application\/ld+json\" class=\"yoast-schema-graph\">{\"@context\":\"https:\/\/schema.org\",\"@graph\":[{\"@type\":\"WebPage\",\"@id\":\"https:\/\/woo-themes-plugins.com\/fr\/produit\/maya-shop-theme-moderne-et-simple-theme-woocommerce\/\",\"url\":\"https:\/\/woo-themes-plugins.com\/fr\/produit\/maya-shop-theme-moderne-et-simple-theme-woocommerce\/\",\"name\":\"Maya Shop - Th\u00e8me Moderne et Simple - Th\u00e8me WooCommerce - Woo-themes-plugins.com\",\"isPartOf\":{\"@id\":\"https:\/\/woo-themes-plugins.com\/it\/#website\"},\"primaryImageOfPage\":{\"@id\":\"https:\/\/woo-themes-plugins.com\/fr\/produit\/maya-shop-theme-moderne-et-simple-theme-woocommerce\/#primaryimage\"},\"image\":{\"@id\":\"https:\/\/woo-themes-plugins.com\/fr\/produit\/maya-shop-theme-moderne-et-simple-theme-woocommerce\/#primaryimage\"},\"thumbnailUrl\":\"https:\/\/woo-themes-plugins.com\/wp-content\/uploads\/sites\/7\/2018\/03\/woo-themes-plugins_maya-shop-theme-moderne-simple-theme-woocommerce-6.jpg\",\"datePublished\":\"2018-03-26T12:15:42+00:00\",\"dateModified\":\"2018-04-26T16:27:02+00:00\",\"breadcrumb\":{\"@id\":\"https:\/\/woo-themes-plugins.com\/fr\/produit\/maya-shop-theme-moderne-et-simple-theme-woocommerce\/#breadcrumb\"},\"inLanguage\":\"fr-FR\",\"potentialAction\":[{\"@type\":\"ReadAction\",\"target\":[\"https:\/\/woo-themes-plugins.com\/fr\/produit\/maya-shop-theme-moderne-et-simple-theme-woocommerce\/\"]}]},{\"@type\":\"ImageObject\",\"inLanguage\":\"fr-FR\",\"@id\":\"https:\/\/woo-themes-plugins.com\/fr\/produit\/maya-shop-theme-moderne-et-simple-theme-woocommerce\/#primaryimage\",\"url\":\"https:\/\/woo-themes-plugins.com\/wp-content\/uploads\/sites\/7\/2018\/03\/woo-themes-plugins_maya-shop-theme-moderne-simple-theme-woocommerce-6.jpg\",\"contentUrl\":\"https:\/\/woo-themes-plugins.com\/wp-content\/uploads\/sites\/7\/2018\/03\/woo-themes-plugins_maya-shop-theme-moderne-simple-theme-woocommerce-6.jpg\",\"width\":1224,\"height\":900},{\"@type\":\"BreadcrumbList\",\"@id\":\"https:\/\/woo-themes-plugins.com\/fr\/produit\/maya-shop-theme-moderne-et-simple-theme-woocommerce\/#breadcrumb\",\"itemListElement\":[{\"@type\":\"ListItem\",\"position\":1,\"name\":\"Accueil\",\"item\":\"https:\/\/woo-themes-plugins.com\/fr\/\"},{\"@type\":\"ListItem\",\"position\":2,\"name\":\"Shop\",\"item\":\"https:\/\/woo-themes-plugins.com\/shop\/\"},{\"@type\":\"ListItem\",\"position\":3,\"name\":\"Maya Shop &#8211; Th\u00e8me Moderne et Simple &#8211; Th\u00e8me WooCommerce\"}]},{\"@type\":\"WebSite\",\"@id\":\"https:\/\/woo-themes-plugins.com\/it\/#website\",\"url\":\"https:\/\/woo-themes-plugins.com\/it\/\",\"name\":\"Woo-themes-plugins.com\",\"description\":\"Tous les th\u00e8mes et plugins WooCommerce Premium\",\"potentialAction\":[{\"@type\":\"SearchAction\",\"target\":{\"@type\":\"EntryPoint\",\"urlTemplate\":\"https:\/\/woo-themes-plugins.com\/it\/?s={search_term_string}\"},\"query-input\":\"required name=search_term_string\"}],\"inLanguage\":\"fr-FR\"}]}<\/script>\n<!-- \/ Yoast SEO plugin. -->","yoast_head_json":{"title":"Maya Shop - Th\u00e8me Moderne et Simple - Th\u00e8me WooCommerce - Woo-themes-plugins.com","robots":{"index":"index","follow":"follow","max-snippet":"max-snippet:-1","max-image-preview":"max-image-preview:large","max-video-preview":"max-video-preview:-1"},"canonical":"https:\/\/woo-themes-plugins.com\/fr\/produit\/maya-shop-theme-moderne-et-simple-theme-woocommerce\/","og_locale":"fr_FR","og_type":"article","og_title":"Maya Shop - Th\u00e8me Moderne et Simple - Th\u00e8me WooCommerce - Woo-themes-plugins.com","og_description":"Maya Shop fait parti de ces th\u00e8me WooCommerce qui ont vu le jour tr\u00e8s t\u00f4t. Avec un th\u00e8me comme Maya Shop, plusieurs choses sont certaines : b\u00e9n\u00e9ficier de plusieurs ann\u00e9es de d\u00e9veloppement pour un prix d\u00e9risoire, profiter de toutes les futurs mises-\u00e0-jour mais aussi offrir \u00e0 son site WooCommerce une charte graphique assez neutre et luxueuse, faite pour mettre en avant la seule chose qui compte : vos produits.","og_url":"https:\/\/woo-themes-plugins.com\/fr\/produit\/maya-shop-theme-moderne-et-simple-theme-woocommerce\/","og_site_name":"Woo-themes-plugins.com","article_modified_time":"2018-04-26T16:27:02+00:00","og_image":[{"width":1224,"height":900,"url":"https:\/\/woo-themes-plugins.com\/wp-content\/uploads\/sites\/7\/2018\/03\/woo-themes-plugins_maya-shop-theme-moderne-simple-theme-woocommerce-6.jpg","type":"image\/jpeg"}],"schema":{"@context":"https:\/\/schema.org","@graph":[{"@type":"WebPage","@id":"https:\/\/woo-themes-plugins.com\/fr\/produit\/maya-shop-theme-moderne-et-simple-theme-woocommerce\/","url":"https:\/\/woo-themes-plugins.com\/fr\/produit\/maya-shop-theme-moderne-et-simple-theme-woocommerce\/","name":"Maya Shop - Th\u00e8me Moderne et Simple - Th\u00e8me WooCommerce - Woo-themes-plugins.com","isPartOf":{"@id":"https:\/\/woo-themes-plugins.com\/it\/#website"},"primaryImageOfPage":{"@id":"https:\/\/woo-themes-plugins.com\/fr\/produit\/maya-shop-theme-moderne-et-simple-theme-woocommerce\/#primaryimage"},"image":{"@id":"https:\/\/woo-themes-plugins.com\/fr\/produit\/maya-shop-theme-moderne-et-simple-theme-woocommerce\/#primaryimage"},"thumbnailUrl":"https:\/\/woo-themes-plugins.com\/wp-content\/uploads\/sites\/7\/2018\/03\/woo-themes-plugins_maya-shop-theme-moderne-simple-theme-woocommerce-6.jpg","datePublished":"2018-03-26T12:15:42+00:00","dateModified":"2018-04-26T16:27:02+00:00","breadcrumb":{"@id":"https:\/\/woo-themes-plugins.com\/fr\/produit\/maya-shop-theme-moderne-et-simple-theme-woocommerce\/#breadcrumb"},"inLanguage":"fr-FR","potentialAction":[{"@type":"ReadAction","target":["https:\/\/woo-themes-plugins.com\/fr\/produit\/maya-shop-theme-moderne-et-simple-theme-woocommerce\/"]}]},{"@type":"ImageObject","inLanguage":"fr-FR","@id":"https:\/\/woo-themes-plugins.com\/fr\/produit\/maya-shop-theme-moderne-et-simple-theme-woocommerce\/#primaryimage","url":"https:\/\/woo-themes-plugins.com\/wp-content\/uploads\/sites\/7\/2018\/03\/woo-themes-plugins_maya-shop-theme-moderne-simple-theme-woocommerce-6.jpg","contentUrl":"https:\/\/woo-themes-plugins.com\/wp-content\/uploads\/sites\/7\/2018\/03\/woo-themes-plugins_maya-shop-theme-moderne-simple-theme-woocommerce-6.jpg","width":1224,"height":900},{"@type":"BreadcrumbList","@id":"https:\/\/woo-themes-plugins.com\/fr\/produit\/maya-shop-theme-moderne-et-simple-theme-woocommerce\/#breadcrumb","itemListElement":[{"@type":"ListItem","position":1,"name":"Accueil","item":"https:\/\/woo-themes-plugins.com\/fr\/"},{"@type":"ListItem","position":2,"name":"Shop","item":"https:\/\/woo-themes-plugins.com\/shop\/"},{"@type":"ListItem","position":3,"name":"Maya Shop &#8211; Th\u00e8me Moderne et Simple &#8211; Th\u00e8me WooCommerce"}]},{"@type":"WebSite","@id":"https:\/\/woo-themes-plugins.com\/it\/#website","url":"https:\/\/woo-themes-plugins.com\/it\/","name":"Woo-themes-plugins.com","description":"Tous les th\u00e8mes et plugins WooCommerce Premium","potentialAction":[{"@type":"SearchAction","target":{"@type":"EntryPoint","urlTemplate":"https:\/\/woo-themes-plugins.com\/it\/?s={search_term_string}"},"query-input":"required name=search_term_string"}],"inLanguage":"fr-FR"}]}},"_links":{"self":[{"href":"https:\/\/woo-themes-plugins.com\/fr\/wp-json\/wp\/v2\/product\/322","targetHints":{"allow":["GET"]}}],"collection":[{"href":"https:\/\/woo-themes-plugins.com\/fr\/wp-json\/wp\/v2\/product"}],"about":[{"href":"https:\/\/woo-themes-plugins.com\/fr\/wp-json\/wp\/v2\/types\/product"}],"wp:featuredmedia":[{"embeddable":true,"href":"https:\/\/woo-themes-plugins.com\/fr\/wp-json\/wp\/v2\/media\/1548"}],"wp:attachment":[{"href":"https:\/\/woo-themes-plugins.com\/fr\/wp-json\/wp\/v2\/media?parent=322"}],"wp:term":[{"taxonomy":"product_cat","embeddable":true,"href":"https:\/\/woo-themes-plugins.com\/fr\/wp-json\/wp\/v2\/product_cat?post=322"},{"taxonomy":"product_tag","embeddable":true,"href":"https:\/\/woo-themes-plugins.com\/fr\/wp-json\/wp\/v2\/product_tag?post=322"}],"curies":[{"name":"wp","href":"https:\/\/api.w.org\/{rel}","templated":true}]}}