{"id":329,"date":"2018-03-26T13:21:30","date_gmt":"2018-03-26T12:21:30","guid":{"rendered":"https:\/\/woo-themes-plugins.com\/?post_type=product&#038;p=329"},"modified":"2018-04-26T17:26:53","modified_gmt":"2018-04-26T16:26:53","slug":"neighborhood-theme-elegant-et-responsive-theme-woocommerce","status":"publish","type":"product","link":"https:\/\/woo-themes-plugins.com\/fr\/product\/neighborhood-theme-elegant-et-responsive-theme-woocommerce\/","title":{"rendered":"Neighborhood &#8211; Th\u00e8me \u00c9l\u00e9gant et Responsive &#8211; Th\u00e8me WooCommerce"},"content":{"rendered":"","protected":false},"excerpt":{"rendered":"<p>B\u00e2tit sur le tr\u00e8s c\u00e9l\u00e8bre framework bootstrap, ce th\u00e8me WooCommerce a \u00e9t\u00e9 pens\u00e9 pour \u00eatre \u00e0 la fois ultra responsive et offrir un \u00e9crin pour mettre en avant vos produits. L&rsquo;ensemble de ce th\u00e8me est param\u00e9trable et personnalisable. Cette grande flexibilit\u00e9 explique en partie la raison de son grand succ\u00e8s.<\/p>\n","protected":false},"featured_media":1596,"template":"","meta":{"_monsterinsights_skip_tracking":false,"_monsterinsights_sitenote_active":false,"_monsterinsights_sitenote_note":"","_monsterinsights_sitenote_category":0},"product_cat":[139],"product_tag":[160,144,149,167,145,141,156,163,151,152,148,166],"class_list":["post-329","product","type-product","status-publish","has-post-thumbnail","hentry","product_cat-theme-woocommerce","product_tag-bundle-plugins-premium","product_tag-debutant-woocommerce","product_tag-theme-woocommerce-avec-builder","product_tag-theme-woocommerce-minimaliste","product_tag-theme-woocommerce-moderne","product_tag-themes-woocommerce-personnalisable","product_tag-woocommerce-bootstrap","product_tag-woocommerce-magasin-de-vetements","product_tag-woocommerce-installation-un-clic","product_tag-woocommerce-multilingue","product_tag-woocommerce-responsive","product_tag-zoom-produit-woocommerce","pa_dev-woo-plugin-theme-swiftideas","pa_marketplace-woocommerce-themeforest-net"],"yoast_head":"<!-- This site is optimized with the Yoast SEO plugin v23.1 - https:\/\/yoast.com\/wordpress\/plugins\/seo\/ -->\n<title>Neighborhood - Th\u00e8me \u00c9l\u00e9gant et Responsive - Th\u00e8me WooCommerce - Woo-themes-plugins.com<\/title>\n<meta name=\"robots\" content=\"index, follow, max-snippet:-1, max-image-preview:large, max-video-preview:-1\" \/>\n<link rel=\"canonical\" href=\"https:\/\/woo-themes-plugins.com\/fr\/produit\/neighborhood-theme-elegant-et-responsive-theme-woocommerce\/\" \/>\n<meta property=\"og:locale\" content=\"fr_FR\" \/>\n<meta property=\"og:type\" content=\"article\" \/>\n<meta property=\"og:title\" content=\"Neighborhood - Th\u00e8me \u00c9l\u00e9gant et Responsive - Th\u00e8me WooCommerce - Woo-themes-plugins.com\" \/>\n<meta property=\"og:description\" content=\"B\u00e2tit sur le tr\u00e8s c\u00e9l\u00e8bre framework bootstrap, ce th\u00e8me WooCommerce a \u00e9t\u00e9 pens\u00e9 pour \u00eatre \u00e0 la fois ultra responsive et offrir un \u00e9crin pour mettre en avant vos produits. L&#039;ensemble de ce th\u00e8me est param\u00e9trable et personnalisable. Cette grande flexibilit\u00e9 explique en partie la raison de son grand succ\u00e8s.\" \/>\n<meta property=\"og:url\" content=\"https:\/\/woo-themes-plugins.com\/fr\/produit\/neighborhood-theme-elegant-et-responsive-theme-woocommerce\/\" \/>\n<meta property=\"og:site_name\" content=\"Woo-themes-plugins.com\" \/>\n<meta property=\"article:modified_time\" content=\"2018-04-26T16:26:53+00:00\" \/>\n<meta property=\"og:image\" content=\"https:\/\/woo-themes-plugins.com\/wp-content\/uploads\/sites\/7\/2018\/03\/woo-themes-plugins_neighboorhood-theme-elegant-responsive-theme-woocommerce-fashion-2.jpg\" \/>\n\t<meta property=\"og:image:width\" content=\"1745\" \/>\n\t<meta property=\"og:image:height\" content=\"900\" \/>\n\t<meta property=\"og:image:type\" content=\"image\/jpeg\" \/>\n<script type=\"application\/ld+json\" class=\"yoast-schema-graph\">{\"@context\":\"https:\/\/schema.org\",\"@graph\":[{\"@type\":\"WebPage\",\"@id\":\"https:\/\/woo-themes-plugins.com\/fr\/produit\/neighborhood-theme-elegant-et-responsive-theme-woocommerce\/\",\"url\":\"https:\/\/woo-themes-plugins.com\/fr\/produit\/neighborhood-theme-elegant-et-responsive-theme-woocommerce\/\",\"name\":\"Neighborhood - Th\u00e8me \u00c9l\u00e9gant et Responsive - Th\u00e8me WooCommerce - Woo-themes-plugins.com\",\"isPartOf\":{\"@id\":\"https:\/\/woo-themes-plugins.com\/it\/#website\"},\"primaryImageOfPage\":{\"@id\":\"https:\/\/woo-themes-plugins.com\/fr\/produit\/neighborhood-theme-elegant-et-responsive-theme-woocommerce\/#primaryimage\"},\"image\":{\"@id\":\"https:\/\/woo-themes-plugins.com\/fr\/produit\/neighborhood-theme-elegant-et-responsive-theme-woocommerce\/#primaryimage\"},\"thumbnailUrl\":\"https:\/\/woo-themes-plugins.com\/wp-content\/uploads\/sites\/7\/2018\/03\/woo-themes-plugins_neighboorhood-theme-elegant-responsive-theme-woocommerce-fashion-2.jpg\",\"datePublished\":\"2018-03-26T12:21:30+00:00\",\"dateModified\":\"2018-04-26T16:26:53+00:00\",\"breadcrumb\":{\"@id\":\"https:\/\/woo-themes-plugins.com\/fr\/produit\/neighborhood-theme-elegant-et-responsive-theme-woocommerce\/#breadcrumb\"},\"inLanguage\":\"fr-FR\",\"potentialAction\":[{\"@type\":\"ReadAction\",\"target\":[\"https:\/\/woo-themes-plugins.com\/fr\/produit\/neighborhood-theme-elegant-et-responsive-theme-woocommerce\/\"]}]},{\"@type\":\"ImageObject\",\"inLanguage\":\"fr-FR\",\"@id\":\"https:\/\/woo-themes-plugins.com\/fr\/produit\/neighborhood-theme-elegant-et-responsive-theme-woocommerce\/#primaryimage\",\"url\":\"https:\/\/woo-themes-plugins.com\/wp-content\/uploads\/sites\/7\/2018\/03\/woo-themes-plugins_neighboorhood-theme-elegant-responsive-theme-woocommerce-fashion-2.jpg\",\"contentUrl\":\"https:\/\/woo-themes-plugins.com\/wp-content\/uploads\/sites\/7\/2018\/03\/woo-themes-plugins_neighboorhood-theme-elegant-responsive-theme-woocommerce-fashion-2.jpg\",\"width\":1745,\"height\":900},{\"@type\":\"BreadcrumbList\",\"@id\":\"https:\/\/woo-themes-plugins.com\/fr\/produit\/neighborhood-theme-elegant-et-responsive-theme-woocommerce\/#breadcrumb\",\"itemListElement\":[{\"@type\":\"ListItem\",\"position\":1,\"name\":\"Accueil\",\"item\":\"https:\/\/woo-themes-plugins.com\/fr\/\"},{\"@type\":\"ListItem\",\"position\":2,\"name\":\"Shop\",\"item\":\"https:\/\/woo-themes-plugins.com\/shop\/\"},{\"@type\":\"ListItem\",\"position\":3,\"name\":\"Neighborhood &#8211; Th\u00e8me \u00c9l\u00e9gant et Responsive &#8211; Th\u00e8me WooCommerce\"}]},{\"@type\":\"WebSite\",\"@id\":\"https:\/\/woo-themes-plugins.com\/it\/#website\",\"url\":\"https:\/\/woo-themes-plugins.com\/it\/\",\"name\":\"Woo-themes-plugins.com\",\"description\":\"Tous les th\u00e8mes et plugins WooCommerce Premium\",\"potentialAction\":[{\"@type\":\"SearchAction\",\"target\":{\"@type\":\"EntryPoint\",\"urlTemplate\":\"https:\/\/woo-themes-plugins.com\/it\/?s={search_term_string}\"},\"query-input\":\"required name=search_term_string\"}],\"inLanguage\":\"fr-FR\"}]}<\/script>\n<!-- \/ Yoast SEO plugin. -->","yoast_head_json":{"title":"Neighborhood - Th\u00e8me \u00c9l\u00e9gant et Responsive - Th\u00e8me WooCommerce - Woo-themes-plugins.com","robots":{"index":"index","follow":"follow","max-snippet":"max-snippet:-1","max-image-preview":"max-image-preview:large","max-video-preview":"max-video-preview:-1"},"canonical":"https:\/\/woo-themes-plugins.com\/fr\/produit\/neighborhood-theme-elegant-et-responsive-theme-woocommerce\/","og_locale":"fr_FR","og_type":"article","og_title":"Neighborhood - Th\u00e8me \u00c9l\u00e9gant et Responsive - Th\u00e8me WooCommerce - Woo-themes-plugins.com","og_description":"B\u00e2tit sur le tr\u00e8s c\u00e9l\u00e8bre framework bootstrap, ce th\u00e8me WooCommerce a \u00e9t\u00e9 pens\u00e9 pour \u00eatre \u00e0 la fois ultra responsive et offrir un \u00e9crin pour mettre en avant vos produits. L'ensemble de ce th\u00e8me est param\u00e9trable et personnalisable. Cette grande flexibilit\u00e9 explique en partie la raison de son grand succ\u00e8s.","og_url":"https:\/\/woo-themes-plugins.com\/fr\/produit\/neighborhood-theme-elegant-et-responsive-theme-woocommerce\/","og_site_name":"Woo-themes-plugins.com","article_modified_time":"2018-04-26T16:26:53+00:00","og_image":[{"width":1745,"height":900,"url":"https:\/\/woo-themes-plugins.com\/wp-content\/uploads\/sites\/7\/2018\/03\/woo-themes-plugins_neighboorhood-theme-elegant-responsive-theme-woocommerce-fashion-2.jpg","type":"image\/jpeg"}],"schema":{"@context":"https:\/\/schema.org","@graph":[{"@type":"WebPage","@id":"https:\/\/woo-themes-plugins.com\/fr\/produit\/neighborhood-theme-elegant-et-responsive-theme-woocommerce\/","url":"https:\/\/woo-themes-plugins.com\/fr\/produit\/neighborhood-theme-elegant-et-responsive-theme-woocommerce\/","name":"Neighborhood - Th\u00e8me \u00c9l\u00e9gant et Responsive - Th\u00e8me WooCommerce - Woo-themes-plugins.com","isPartOf":{"@id":"https:\/\/woo-themes-plugins.com\/it\/#website"},"primaryImageOfPage":{"@id":"https:\/\/woo-themes-plugins.com\/fr\/produit\/neighborhood-theme-elegant-et-responsive-theme-woocommerce\/#primaryimage"},"image":{"@id":"https:\/\/woo-themes-plugins.com\/fr\/produit\/neighborhood-theme-elegant-et-responsive-theme-woocommerce\/#primaryimage"},"thumbnailUrl":"https:\/\/woo-themes-plugins.com\/wp-content\/uploads\/sites\/7\/2018\/03\/woo-themes-plugins_neighboorhood-theme-elegant-responsive-theme-woocommerce-fashion-2.jpg","datePublished":"2018-03-26T12:21:30+00:00","dateModified":"2018-04-26T16:26:53+00:00","breadcrumb":{"@id":"https:\/\/woo-themes-plugins.com\/fr\/produit\/neighborhood-theme-elegant-et-responsive-theme-woocommerce\/#breadcrumb"},"inLanguage":"fr-FR","potentialAction":[{"@type":"ReadAction","target":["https:\/\/woo-themes-plugins.com\/fr\/produit\/neighborhood-theme-elegant-et-responsive-theme-woocommerce\/"]}]},{"@type":"ImageObject","inLanguage":"fr-FR","@id":"https:\/\/woo-themes-plugins.com\/fr\/produit\/neighborhood-theme-elegant-et-responsive-theme-woocommerce\/#primaryimage","url":"https:\/\/woo-themes-plugins.com\/wp-content\/uploads\/sites\/7\/2018\/03\/woo-themes-plugins_neighboorhood-theme-elegant-responsive-theme-woocommerce-fashion-2.jpg","contentUrl":"https:\/\/woo-themes-plugins.com\/wp-content\/uploads\/sites\/7\/2018\/03\/woo-themes-plugins_neighboorhood-theme-elegant-responsive-theme-woocommerce-fashion-2.jpg","width":1745,"height":900},{"@type":"BreadcrumbList","@id":"https:\/\/woo-themes-plugins.com\/fr\/produit\/neighborhood-theme-elegant-et-responsive-theme-woocommerce\/#breadcrumb","itemListElement":[{"@type":"ListItem","position":1,"name":"Accueil","item":"https:\/\/woo-themes-plugins.com\/fr\/"},{"@type":"ListItem","position":2,"name":"Shop","item":"https:\/\/woo-themes-plugins.com\/shop\/"},{"@type":"ListItem","position":3,"name":"Neighborhood &#8211; Th\u00e8me \u00c9l\u00e9gant et Responsive &#8211; Th\u00e8me WooCommerce"}]},{"@type":"WebSite","@id":"https:\/\/woo-themes-plugins.com\/it\/#website","url":"https:\/\/woo-themes-plugins.com\/it\/","name":"Woo-themes-plugins.com","description":"Tous les th\u00e8mes et plugins WooCommerce Premium","potentialAction":[{"@type":"SearchAction","target":{"@type":"EntryPoint","urlTemplate":"https:\/\/woo-themes-plugins.com\/it\/?s={search_term_string}"},"query-input":"required name=search_term_string"}],"inLanguage":"fr-FR"}]}},"_links":{"self":[{"href":"https:\/\/woo-themes-plugins.com\/fr\/wp-json\/wp\/v2\/product\/329","targetHints":{"allow":["GET"]}}],"collection":[{"href":"https:\/\/woo-themes-plugins.com\/fr\/wp-json\/wp\/v2\/product"}],"about":[{"href":"https:\/\/woo-themes-plugins.com\/fr\/wp-json\/wp\/v2\/types\/product"}],"wp:featuredmedia":[{"embeddable":true,"href":"https:\/\/woo-themes-plugins.com\/fr\/wp-json\/wp\/v2\/media\/1596"}],"wp:attachment":[{"href":"https:\/\/woo-themes-plugins.com\/fr\/wp-json\/wp\/v2\/media?parent=329"}],"wp:term":[{"taxonomy":"product_cat","embeddable":true,"href":"https:\/\/woo-themes-plugins.com\/fr\/wp-json\/wp\/v2\/product_cat?post=329"},{"taxonomy":"product_tag","embeddable":true,"href":"https:\/\/woo-themes-plugins.com\/fr\/wp-json\/wp\/v2\/product_tag?post=329"}],"curies":[{"name":"wp","href":"https:\/\/api.w.org\/{rel}","templated":true}]}}