{"id":354,"date":"2018-03-26T13:44:09","date_gmt":"2018-03-26T12:44:09","guid":{"rendered":"https:\/\/woo-themes-plugins.com\/?post_type=product&#038;p=354"},"modified":"2018-04-26T17:26:46","modified_gmt":"2018-04-26T16:26:46","slug":"xstore-theme-elegant-minimaliste-et-passe-partout-theme-woocommerce","status":"publish","type":"product","link":"https:\/\/woo-themes-plugins.com\/fr\/product\/xstore-theme-elegant-minimaliste-et-passe-partout-theme-woocommerce\/","title":{"rendered":"XStore &#8211; Th\u00e8me \u00c9l\u00e9gant, Minimaliste et Passe-Partout &#8211; Th\u00e8me WooCommerce"},"content":{"rendered":"","protected":false},"excerpt":{"rendered":"<p>Avec plus de 70 styles de sites pr\u00e9d\u00e9finie, ce th\u00e8me WooCommerce premium place la barre tr\u00e8s haute en mati\u00e8re de personnalisation. Bien que riche, ce th\u00e8me reste accessible aux d\u00e9butants, offrant ainsi \u00e0 tous la possibilit\u00e9 de b\u00e9n\u00e9ficier d&rsquo;un th\u00e8me WooCommerce de qualit\u00e9. Pour info, ce th\u00e8me vient accompagn\u00e9 pour plus de 250$ de plugins int\u00e9gr\u00e9s&#8230; coooool.<\/p>\n","protected":false},"featured_media":1620,"template":"","meta":{"_monsterinsights_skip_tracking":false,"_monsterinsights_sitenote_active":false,"_monsterinsights_sitenote_note":"","_monsterinsights_sitenote_category":0},"product_cat":[139],"product_tag":[160,144,149,145,141,163,159,161,151,152,148],"class_list":["post-354","product","type-product","status-publish","has-post-thumbnail","hentry","product_cat-theme-woocommerce","product_tag-bundle-plugins-premium","product_tag-debutant-woocommerce","product_tag-theme-woocommerce-avec-builder","product_tag-theme-woocommerce-moderne","product_tag-themes-woocommerce-personnalisable","product_tag-woocommerce-magasin-de-vetements","product_tag-woocommerce-revolution-slider","product_tag-woocommerce-visual-composer","product_tag-woocommerce-installation-un-clic","product_tag-woocommerce-multilingue","product_tag-woocommerce-responsive","pa_dev-woo-plugin-theme-8theme","pa_marketplace-woocommerce-themeforest-net"],"yoast_head":"<!-- This site is optimized with the Yoast SEO plugin v23.1 - https:\/\/yoast.com\/wordpress\/plugins\/seo\/ -->\n<title>XStore - Th\u00e8me \u00c9l\u00e9gant, Minimaliste et Passe-Partout - Th\u00e8me WooCommerce - Woo-themes-plugins.com<\/title>\n<meta name=\"robots\" content=\"index, follow, max-snippet:-1, max-image-preview:large, max-video-preview:-1\" \/>\n<link rel=\"canonical\" href=\"https:\/\/woo-themes-plugins.com\/fr\/produit\/xstore-theme-elegant-minimaliste-et-passe-partout-theme-woocommerce\/\" \/>\n<meta property=\"og:locale\" content=\"fr_FR\" \/>\n<meta property=\"og:type\" content=\"article\" \/>\n<meta property=\"og:title\" content=\"XStore - Th\u00e8me \u00c9l\u00e9gant, Minimaliste et Passe-Partout - Th\u00e8me WooCommerce - Woo-themes-plugins.com\" \/>\n<meta property=\"og:description\" content=\"Avec plus de 70 styles de sites pr\u00e9d\u00e9finie, ce th\u00e8me WooCommerce premium place la barre tr\u00e8s haute en mati\u00e8re de personnalisation. Bien que riche, ce th\u00e8me reste accessible aux d\u00e9butants, offrant ainsi \u00e0 tous la possibilit\u00e9 de b\u00e9n\u00e9ficier d&#039;un th\u00e8me WooCommerce de qualit\u00e9. Pour info, ce th\u00e8me vient accompagn\u00e9 pour plus de 250$ de plugins int\u00e9gr\u00e9s... coooool.\" \/>\n<meta property=\"og:url\" content=\"https:\/\/woo-themes-plugins.com\/fr\/produit\/xstore-theme-elegant-minimaliste-et-passe-partout-theme-woocommerce\/\" \/>\n<meta property=\"og:site_name\" content=\"Woo-themes-plugins.com\" \/>\n<meta property=\"article:modified_time\" content=\"2018-04-26T16:26:46+00:00\" \/>\n<meta property=\"og:image\" content=\"https:\/\/woo-themes-plugins.com\/wp-content\/uploads\/sites\/7\/2018\/03\/woo-themes-plugins_xstore-theme-elegant-minimaliste-versatil-theme-woocommerce-restaurant-burger.jpg\" \/>\n\t<meta property=\"og:image:width\" content=\"644\" \/>\n\t<meta property=\"og:image:height\" content=\"900\" \/>\n\t<meta property=\"og:image:type\" content=\"image\/jpeg\" \/>\n<script type=\"application\/ld+json\" class=\"yoast-schema-graph\">{\"@context\":\"https:\/\/schema.org\",\"@graph\":[{\"@type\":\"WebPage\",\"@id\":\"https:\/\/woo-themes-plugins.com\/fr\/produit\/xstore-theme-elegant-minimaliste-et-passe-partout-theme-woocommerce\/\",\"url\":\"https:\/\/woo-themes-plugins.com\/fr\/produit\/xstore-theme-elegant-minimaliste-et-passe-partout-theme-woocommerce\/\",\"name\":\"XStore - Th\u00e8me \u00c9l\u00e9gant, Minimaliste et Passe-Partout - Th\u00e8me WooCommerce - Woo-themes-plugins.com\",\"isPartOf\":{\"@id\":\"https:\/\/woo-themes-plugins.com\/it\/#website\"},\"primaryImageOfPage\":{\"@id\":\"https:\/\/woo-themes-plugins.com\/fr\/produit\/xstore-theme-elegant-minimaliste-et-passe-partout-theme-woocommerce\/#primaryimage\"},\"image\":{\"@id\":\"https:\/\/woo-themes-plugins.com\/fr\/produit\/xstore-theme-elegant-minimaliste-et-passe-partout-theme-woocommerce\/#primaryimage\"},\"thumbnailUrl\":\"https:\/\/woo-themes-plugins.com\/wp-content\/uploads\/sites\/7\/2018\/03\/woo-themes-plugins_xstore-theme-elegant-minimaliste-versatil-theme-woocommerce-restaurant-burger.jpg\",\"datePublished\":\"2018-03-26T12:44:09+00:00\",\"dateModified\":\"2018-04-26T16:26:46+00:00\",\"breadcrumb\":{\"@id\":\"https:\/\/woo-themes-plugins.com\/fr\/produit\/xstore-theme-elegant-minimaliste-et-passe-partout-theme-woocommerce\/#breadcrumb\"},\"inLanguage\":\"fr-FR\",\"potentialAction\":[{\"@type\":\"ReadAction\",\"target\":[\"https:\/\/woo-themes-plugins.com\/fr\/produit\/xstore-theme-elegant-minimaliste-et-passe-partout-theme-woocommerce\/\"]}]},{\"@type\":\"ImageObject\",\"inLanguage\":\"fr-FR\",\"@id\":\"https:\/\/woo-themes-plugins.com\/fr\/produit\/xstore-theme-elegant-minimaliste-et-passe-partout-theme-woocommerce\/#primaryimage\",\"url\":\"https:\/\/woo-themes-plugins.com\/wp-content\/uploads\/sites\/7\/2018\/03\/woo-themes-plugins_xstore-theme-elegant-minimaliste-versatil-theme-woocommerce-restaurant-burger.jpg\",\"contentUrl\":\"https:\/\/woo-themes-plugins.com\/wp-content\/uploads\/sites\/7\/2018\/03\/woo-themes-plugins_xstore-theme-elegant-minimaliste-versatil-theme-woocommerce-restaurant-burger.jpg\",\"width\":644,\"height\":900},{\"@type\":\"BreadcrumbList\",\"@id\":\"https:\/\/woo-themes-plugins.com\/fr\/produit\/xstore-theme-elegant-minimaliste-et-passe-partout-theme-woocommerce\/#breadcrumb\",\"itemListElement\":[{\"@type\":\"ListItem\",\"position\":1,\"name\":\"Accueil\",\"item\":\"https:\/\/woo-themes-plugins.com\/fr\/\"},{\"@type\":\"ListItem\",\"position\":2,\"name\":\"Shop\",\"item\":\"https:\/\/woo-themes-plugins.com\/shop\/\"},{\"@type\":\"ListItem\",\"position\":3,\"name\":\"XStore &#8211; Th\u00e8me \u00c9l\u00e9gant, Minimaliste et Passe-Partout &#8211; Th\u00e8me WooCommerce\"}]},{\"@type\":\"WebSite\",\"@id\":\"https:\/\/woo-themes-plugins.com\/it\/#website\",\"url\":\"https:\/\/woo-themes-plugins.com\/it\/\",\"name\":\"Woo-themes-plugins.com\",\"description\":\"Tous les th\u00e8mes et plugins WooCommerce Premium\",\"potentialAction\":[{\"@type\":\"SearchAction\",\"target\":{\"@type\":\"EntryPoint\",\"urlTemplate\":\"https:\/\/woo-themes-plugins.com\/it\/?s={search_term_string}\"},\"query-input\":\"required name=search_term_string\"}],\"inLanguage\":\"fr-FR\"}]}<\/script>\n<!-- \/ Yoast SEO plugin. -->","yoast_head_json":{"title":"XStore - Th\u00e8me \u00c9l\u00e9gant, Minimaliste et Passe-Partout - Th\u00e8me WooCommerce - Woo-themes-plugins.com","robots":{"index":"index","follow":"follow","max-snippet":"max-snippet:-1","max-image-preview":"max-image-preview:large","max-video-preview":"max-video-preview:-1"},"canonical":"https:\/\/woo-themes-plugins.com\/fr\/produit\/xstore-theme-elegant-minimaliste-et-passe-partout-theme-woocommerce\/","og_locale":"fr_FR","og_type":"article","og_title":"XStore - Th\u00e8me \u00c9l\u00e9gant, Minimaliste et Passe-Partout - Th\u00e8me WooCommerce - Woo-themes-plugins.com","og_description":"Avec plus de 70 styles de sites pr\u00e9d\u00e9finie, ce th\u00e8me WooCommerce premium place la barre tr\u00e8s haute en mati\u00e8re de personnalisation. Bien que riche, ce th\u00e8me reste accessible aux d\u00e9butants, offrant ainsi \u00e0 tous la possibilit\u00e9 de b\u00e9n\u00e9ficier d'un th\u00e8me WooCommerce de qualit\u00e9. Pour info, ce th\u00e8me vient accompagn\u00e9 pour plus de 250$ de plugins int\u00e9gr\u00e9s... coooool.","og_url":"https:\/\/woo-themes-plugins.com\/fr\/produit\/xstore-theme-elegant-minimaliste-et-passe-partout-theme-woocommerce\/","og_site_name":"Woo-themes-plugins.com","article_modified_time":"2018-04-26T16:26:46+00:00","og_image":[{"width":644,"height":900,"url":"https:\/\/woo-themes-plugins.com\/wp-content\/uploads\/sites\/7\/2018\/03\/woo-themes-plugins_xstore-theme-elegant-minimaliste-versatil-theme-woocommerce-restaurant-burger.jpg","type":"image\/jpeg"}],"schema":{"@context":"https:\/\/schema.org","@graph":[{"@type":"WebPage","@id":"https:\/\/woo-themes-plugins.com\/fr\/produit\/xstore-theme-elegant-minimaliste-et-passe-partout-theme-woocommerce\/","url":"https:\/\/woo-themes-plugins.com\/fr\/produit\/xstore-theme-elegant-minimaliste-et-passe-partout-theme-woocommerce\/","name":"XStore - Th\u00e8me \u00c9l\u00e9gant, Minimaliste et Passe-Partout - Th\u00e8me WooCommerce - Woo-themes-plugins.com","isPartOf":{"@id":"https:\/\/woo-themes-plugins.com\/it\/#website"},"primaryImageOfPage":{"@id":"https:\/\/woo-themes-plugins.com\/fr\/produit\/xstore-theme-elegant-minimaliste-et-passe-partout-theme-woocommerce\/#primaryimage"},"image":{"@id":"https:\/\/woo-themes-plugins.com\/fr\/produit\/xstore-theme-elegant-minimaliste-et-passe-partout-theme-woocommerce\/#primaryimage"},"thumbnailUrl":"https:\/\/woo-themes-plugins.com\/wp-content\/uploads\/sites\/7\/2018\/03\/woo-themes-plugins_xstore-theme-elegant-minimaliste-versatil-theme-woocommerce-restaurant-burger.jpg","datePublished":"2018-03-26T12:44:09+00:00","dateModified":"2018-04-26T16:26:46+00:00","breadcrumb":{"@id":"https:\/\/woo-themes-plugins.com\/fr\/produit\/xstore-theme-elegant-minimaliste-et-passe-partout-theme-woocommerce\/#breadcrumb"},"inLanguage":"fr-FR","potentialAction":[{"@type":"ReadAction","target":["https:\/\/woo-themes-plugins.com\/fr\/produit\/xstore-theme-elegant-minimaliste-et-passe-partout-theme-woocommerce\/"]}]},{"@type":"ImageObject","inLanguage":"fr-FR","@id":"https:\/\/woo-themes-plugins.com\/fr\/produit\/xstore-theme-elegant-minimaliste-et-passe-partout-theme-woocommerce\/#primaryimage","url":"https:\/\/woo-themes-plugins.com\/wp-content\/uploads\/sites\/7\/2018\/03\/woo-themes-plugins_xstore-theme-elegant-minimaliste-versatil-theme-woocommerce-restaurant-burger.jpg","contentUrl":"https:\/\/woo-themes-plugins.com\/wp-content\/uploads\/sites\/7\/2018\/03\/woo-themes-plugins_xstore-theme-elegant-minimaliste-versatil-theme-woocommerce-restaurant-burger.jpg","width":644,"height":900},{"@type":"BreadcrumbList","@id":"https:\/\/woo-themes-plugins.com\/fr\/produit\/xstore-theme-elegant-minimaliste-et-passe-partout-theme-woocommerce\/#breadcrumb","itemListElement":[{"@type":"ListItem","position":1,"name":"Accueil","item":"https:\/\/woo-themes-plugins.com\/fr\/"},{"@type":"ListItem","position":2,"name":"Shop","item":"https:\/\/woo-themes-plugins.com\/shop\/"},{"@type":"ListItem","position":3,"name":"XStore &#8211; Th\u00e8me \u00c9l\u00e9gant, Minimaliste et Passe-Partout &#8211; Th\u00e8me WooCommerce"}]},{"@type":"WebSite","@id":"https:\/\/woo-themes-plugins.com\/it\/#website","url":"https:\/\/woo-themes-plugins.com\/it\/","name":"Woo-themes-plugins.com","description":"Tous les th\u00e8mes et plugins WooCommerce Premium","potentialAction":[{"@type":"SearchAction","target":{"@type":"EntryPoint","urlTemplate":"https:\/\/woo-themes-plugins.com\/it\/?s={search_term_string}"},"query-input":"required name=search_term_string"}],"inLanguage":"fr-FR"}]}},"_links":{"self":[{"href":"https:\/\/woo-themes-plugins.com\/fr\/wp-json\/wp\/v2\/product\/354","targetHints":{"allow":["GET"]}}],"collection":[{"href":"https:\/\/woo-themes-plugins.com\/fr\/wp-json\/wp\/v2\/product"}],"about":[{"href":"https:\/\/woo-themes-plugins.com\/fr\/wp-json\/wp\/v2\/types\/product"}],"wp:featuredmedia":[{"embeddable":true,"href":"https:\/\/woo-themes-plugins.com\/fr\/wp-json\/wp\/v2\/media\/1620"}],"wp:attachment":[{"href":"https:\/\/woo-themes-plugins.com\/fr\/wp-json\/wp\/v2\/media?parent=354"}],"wp:term":[{"taxonomy":"product_cat","embeddable":true,"href":"https:\/\/woo-themes-plugins.com\/fr\/wp-json\/wp\/v2\/product_cat?post=354"},{"taxonomy":"product_tag","embeddable":true,"href":"https:\/\/woo-themes-plugins.com\/fr\/wp-json\/wp\/v2\/product_tag?post=354"}],"curies":[{"name":"wp","href":"https:\/\/api.w.org\/{rel}","templated":true}]}}