{"id":361,"date":"2018-03-26T13:49:08","date_gmt":"2018-03-26T12:49:08","guid":{"rendered":"https:\/\/woo-themes-plugins.com\/?post_type=product&#038;p=361"},"modified":"2018-04-26T17:26:39","modified_gmt":"2018-04-26T16:26:39","slug":"legenda-theme-flexible-minimaliste-et-responsive-theme-woocommerce","status":"publish","type":"product","link":"https:\/\/woo-themes-plugins.com\/fr\/product\/legenda-theme-flexible-minimaliste-et-responsive-theme-woocommerce\/","title":{"rendered":"Legenda &#8211; Th\u00e8me Flexible, Minimaliste et Responsive &#8211; Th\u00e8me WooCommerce"},"content":{"rendered":"","protected":false},"excerpt":{"rendered":"<p>Ce th\u00e8me WooCommerce est fait par l&rsquo;un des concepteurs de th\u00e8me premium ayant r\u00e9alis\u00e9 le plus de t\u00e9l\u00e9chargement cumul\u00e9. Inutile donc de pr\u00e9ciser qu ce th\u00e8me WooCommerce, c&rsquo;est du s\u00e9rieux. Bien que d&rsquo;aspect minimaliste, ce th\u00e8me WooCommerce rec\u00e8le d&rsquo;une myriade de fonctionnalit\u00e9s parfaitement taill\u00e9es pour le monde de la vente en ligne gr\u00e2ce \u00e0 WooCommece.<\/p>\n","protected":false},"featured_media":1724,"template":"","meta":{"_monsterinsights_skip_tracking":false,"_monsterinsights_sitenote_active":false,"_monsterinsights_sitenote_note":"","_monsterinsights_sitenote_category":0},"product_cat":[139],"product_tag":[160,144,168,149,145,141,163,159,161,151,152,148],"class_list":["post-361","product","type-product","status-publish","has-post-thumbnail","hentry","product_cat-theme-woocommerce","product_tag-bundle-plugins-premium","product_tag-debutant-woocommerce","product_tag-live-chat-woocommerce","product_tag-theme-woocommerce-avec-builder","product_tag-theme-woocommerce-moderne","product_tag-themes-woocommerce-personnalisable","product_tag-woocommerce-magasin-de-vetements","product_tag-woocommerce-revolution-slider","product_tag-woocommerce-visual-composer","product_tag-woocommerce-installation-un-clic","product_tag-woocommerce-multilingue","product_tag-woocommerce-responsive","pa_dev-woo-plugin-theme-8theme","pa_marketplace-woocommerce-themeforest-net"],"yoast_head":"<!-- This site is optimized with the Yoast SEO plugin v23.1 - https:\/\/yoast.com\/wordpress\/plugins\/seo\/ -->\n<title>Legenda - Th\u00e8me Flexible, Minimaliste et Responsive - Th\u00e8me WooCommerce - Woo-themes-plugins.com<\/title>\n<meta name=\"robots\" content=\"index, follow, max-snippet:-1, max-image-preview:large, max-video-preview:-1\" \/>\n<link rel=\"canonical\" href=\"https:\/\/woo-themes-plugins.com\/fr\/produit\/legenda-theme-flexible-minimaliste-et-responsive-theme-woocommerce\/\" \/>\n<meta property=\"og:locale\" content=\"fr_FR\" \/>\n<meta property=\"og:type\" content=\"article\" \/>\n<meta property=\"og:title\" content=\"Legenda - Th\u00e8me Flexible, Minimaliste et Responsive - Th\u00e8me WooCommerce - Woo-themes-plugins.com\" \/>\n<meta property=\"og:description\" content=\"Ce th\u00e8me WooCommerce est fait par l&#039;un des concepteurs de th\u00e8me premium ayant r\u00e9alis\u00e9 le plus de t\u00e9l\u00e9chargement cumul\u00e9. Inutile donc de pr\u00e9ciser qu ce th\u00e8me WooCommerce, c&#039;est du s\u00e9rieux. Bien que d&#039;aspect minimaliste, ce th\u00e8me WooCommerce rec\u00e8le d&#039;une myriade de fonctionnalit\u00e9s parfaitement taill\u00e9es pour le monde de la vente en ligne gr\u00e2ce \u00e0 WooCommece.\" \/>\n<meta property=\"og:url\" content=\"https:\/\/woo-themes-plugins.com\/fr\/produit\/legenda-theme-flexible-minimaliste-et-responsive-theme-woocommerce\/\" \/>\n<meta property=\"og:site_name\" content=\"Woo-themes-plugins.com\" \/>\n<meta property=\"article:modified_time\" content=\"2018-04-26T16:26:39+00:00\" \/>\n<meta property=\"og:image\" content=\"https:\/\/woo-themes-plugins.com\/wp-content\/uploads\/sites\/7\/2018\/03\/woo-themes-plugins_xstore-legenda-theme-flexible-minimaliste-responsive-theme-woocommerce-mode.jpg\" \/>\n\t<meta property=\"og:image:width\" content=\"644\" \/>\n\t<meta property=\"og:image:height\" content=\"900\" \/>\n\t<meta property=\"og:image:type\" content=\"image\/jpeg\" \/>\n<script type=\"application\/ld+json\" class=\"yoast-schema-graph\">{\"@context\":\"https:\/\/schema.org\",\"@graph\":[{\"@type\":\"WebPage\",\"@id\":\"https:\/\/woo-themes-plugins.com\/fr\/produit\/legenda-theme-flexible-minimaliste-et-responsive-theme-woocommerce\/\",\"url\":\"https:\/\/woo-themes-plugins.com\/fr\/produit\/legenda-theme-flexible-minimaliste-et-responsive-theme-woocommerce\/\",\"name\":\"Legenda - Th\u00e8me Flexible, Minimaliste et Responsive - Th\u00e8me WooCommerce - Woo-themes-plugins.com\",\"isPartOf\":{\"@id\":\"https:\/\/woo-themes-plugins.com\/it\/#website\"},\"primaryImageOfPage\":{\"@id\":\"https:\/\/woo-themes-plugins.com\/fr\/produit\/legenda-theme-flexible-minimaliste-et-responsive-theme-woocommerce\/#primaryimage\"},\"image\":{\"@id\":\"https:\/\/woo-themes-plugins.com\/fr\/produit\/legenda-theme-flexible-minimaliste-et-responsive-theme-woocommerce\/#primaryimage\"},\"thumbnailUrl\":\"https:\/\/woo-themes-plugins.com\/wp-content\/uploads\/sites\/7\/2018\/03\/woo-themes-plugins_xstore-legenda-theme-flexible-minimaliste-responsive-theme-woocommerce-mode.jpg\",\"datePublished\":\"2018-03-26T12:49:08+00:00\",\"dateModified\":\"2018-04-26T16:26:39+00:00\",\"breadcrumb\":{\"@id\":\"https:\/\/woo-themes-plugins.com\/fr\/produit\/legenda-theme-flexible-minimaliste-et-responsive-theme-woocommerce\/#breadcrumb\"},\"inLanguage\":\"fr-FR\",\"potentialAction\":[{\"@type\":\"ReadAction\",\"target\":[\"https:\/\/woo-themes-plugins.com\/fr\/produit\/legenda-theme-flexible-minimaliste-et-responsive-theme-woocommerce\/\"]}]},{\"@type\":\"ImageObject\",\"inLanguage\":\"fr-FR\",\"@id\":\"https:\/\/woo-themes-plugins.com\/fr\/produit\/legenda-theme-flexible-minimaliste-et-responsive-theme-woocommerce\/#primaryimage\",\"url\":\"https:\/\/woo-themes-plugins.com\/wp-content\/uploads\/sites\/7\/2018\/03\/woo-themes-plugins_xstore-legenda-theme-flexible-minimaliste-responsive-theme-woocommerce-mode.jpg\",\"contentUrl\":\"https:\/\/woo-themes-plugins.com\/wp-content\/uploads\/sites\/7\/2018\/03\/woo-themes-plugins_xstore-legenda-theme-flexible-minimaliste-responsive-theme-woocommerce-mode.jpg\",\"width\":644,\"height\":900},{\"@type\":\"BreadcrumbList\",\"@id\":\"https:\/\/woo-themes-plugins.com\/fr\/produit\/legenda-theme-flexible-minimaliste-et-responsive-theme-woocommerce\/#breadcrumb\",\"itemListElement\":[{\"@type\":\"ListItem\",\"position\":1,\"name\":\"Accueil\",\"item\":\"https:\/\/woo-themes-plugins.com\/fr\/\"},{\"@type\":\"ListItem\",\"position\":2,\"name\":\"Shop\",\"item\":\"https:\/\/woo-themes-plugins.com\/shop\/\"},{\"@type\":\"ListItem\",\"position\":3,\"name\":\"Legenda &#8211; Th\u00e8me Flexible, Minimaliste et Responsive &#8211; Th\u00e8me WooCommerce\"}]},{\"@type\":\"WebSite\",\"@id\":\"https:\/\/woo-themes-plugins.com\/it\/#website\",\"url\":\"https:\/\/woo-themes-plugins.com\/it\/\",\"name\":\"Woo-themes-plugins.com\",\"description\":\"Tous les th\u00e8mes et plugins WooCommerce Premium\",\"potentialAction\":[{\"@type\":\"SearchAction\",\"target\":{\"@type\":\"EntryPoint\",\"urlTemplate\":\"https:\/\/woo-themes-plugins.com\/it\/?s={search_term_string}\"},\"query-input\":\"required name=search_term_string\"}],\"inLanguage\":\"fr-FR\"}]}<\/script>\n<!-- \/ Yoast SEO plugin. -->","yoast_head_json":{"title":"Legenda - Th\u00e8me Flexible, Minimaliste et Responsive - Th\u00e8me WooCommerce - Woo-themes-plugins.com","robots":{"index":"index","follow":"follow","max-snippet":"max-snippet:-1","max-image-preview":"max-image-preview:large","max-video-preview":"max-video-preview:-1"},"canonical":"https:\/\/woo-themes-plugins.com\/fr\/produit\/legenda-theme-flexible-minimaliste-et-responsive-theme-woocommerce\/","og_locale":"fr_FR","og_type":"article","og_title":"Legenda - Th\u00e8me Flexible, Minimaliste et Responsive - Th\u00e8me WooCommerce - Woo-themes-plugins.com","og_description":"Ce th\u00e8me WooCommerce est fait par l'un des concepteurs de th\u00e8me premium ayant r\u00e9alis\u00e9 le plus de t\u00e9l\u00e9chargement cumul\u00e9. Inutile donc de pr\u00e9ciser qu ce th\u00e8me WooCommerce, c'est du s\u00e9rieux. Bien que d'aspect minimaliste, ce th\u00e8me WooCommerce rec\u00e8le d'une myriade de fonctionnalit\u00e9s parfaitement taill\u00e9es pour le monde de la vente en ligne gr\u00e2ce \u00e0 WooCommece.","og_url":"https:\/\/woo-themes-plugins.com\/fr\/produit\/legenda-theme-flexible-minimaliste-et-responsive-theme-woocommerce\/","og_site_name":"Woo-themes-plugins.com","article_modified_time":"2018-04-26T16:26:39+00:00","og_image":[{"width":644,"height":900,"url":"https:\/\/woo-themes-plugins.com\/wp-content\/uploads\/sites\/7\/2018\/03\/woo-themes-plugins_xstore-legenda-theme-flexible-minimaliste-responsive-theme-woocommerce-mode.jpg","type":"image\/jpeg"}],"schema":{"@context":"https:\/\/schema.org","@graph":[{"@type":"WebPage","@id":"https:\/\/woo-themes-plugins.com\/fr\/produit\/legenda-theme-flexible-minimaliste-et-responsive-theme-woocommerce\/","url":"https:\/\/woo-themes-plugins.com\/fr\/produit\/legenda-theme-flexible-minimaliste-et-responsive-theme-woocommerce\/","name":"Legenda - Th\u00e8me Flexible, Minimaliste et Responsive - Th\u00e8me WooCommerce - Woo-themes-plugins.com","isPartOf":{"@id":"https:\/\/woo-themes-plugins.com\/it\/#website"},"primaryImageOfPage":{"@id":"https:\/\/woo-themes-plugins.com\/fr\/produit\/legenda-theme-flexible-minimaliste-et-responsive-theme-woocommerce\/#primaryimage"},"image":{"@id":"https:\/\/woo-themes-plugins.com\/fr\/produit\/legenda-theme-flexible-minimaliste-et-responsive-theme-woocommerce\/#primaryimage"},"thumbnailUrl":"https:\/\/woo-themes-plugins.com\/wp-content\/uploads\/sites\/7\/2018\/03\/woo-themes-plugins_xstore-legenda-theme-flexible-minimaliste-responsive-theme-woocommerce-mode.jpg","datePublished":"2018-03-26T12:49:08+00:00","dateModified":"2018-04-26T16:26:39+00:00","breadcrumb":{"@id":"https:\/\/woo-themes-plugins.com\/fr\/produit\/legenda-theme-flexible-minimaliste-et-responsive-theme-woocommerce\/#breadcrumb"},"inLanguage":"fr-FR","potentialAction":[{"@type":"ReadAction","target":["https:\/\/woo-themes-plugins.com\/fr\/produit\/legenda-theme-flexible-minimaliste-et-responsive-theme-woocommerce\/"]}]},{"@type":"ImageObject","inLanguage":"fr-FR","@id":"https:\/\/woo-themes-plugins.com\/fr\/produit\/legenda-theme-flexible-minimaliste-et-responsive-theme-woocommerce\/#primaryimage","url":"https:\/\/woo-themes-plugins.com\/wp-content\/uploads\/sites\/7\/2018\/03\/woo-themes-plugins_xstore-legenda-theme-flexible-minimaliste-responsive-theme-woocommerce-mode.jpg","contentUrl":"https:\/\/woo-themes-plugins.com\/wp-content\/uploads\/sites\/7\/2018\/03\/woo-themes-plugins_xstore-legenda-theme-flexible-minimaliste-responsive-theme-woocommerce-mode.jpg","width":644,"height":900},{"@type":"BreadcrumbList","@id":"https:\/\/woo-themes-plugins.com\/fr\/produit\/legenda-theme-flexible-minimaliste-et-responsive-theme-woocommerce\/#breadcrumb","itemListElement":[{"@type":"ListItem","position":1,"name":"Accueil","item":"https:\/\/woo-themes-plugins.com\/fr\/"},{"@type":"ListItem","position":2,"name":"Shop","item":"https:\/\/woo-themes-plugins.com\/shop\/"},{"@type":"ListItem","position":3,"name":"Legenda &#8211; Th\u00e8me Flexible, Minimaliste et Responsive &#8211; Th\u00e8me WooCommerce"}]},{"@type":"WebSite","@id":"https:\/\/woo-themes-plugins.com\/it\/#website","url":"https:\/\/woo-themes-plugins.com\/it\/","name":"Woo-themes-plugins.com","description":"Tous les th\u00e8mes et plugins WooCommerce Premium","potentialAction":[{"@type":"SearchAction","target":{"@type":"EntryPoint","urlTemplate":"https:\/\/woo-themes-plugins.com\/it\/?s={search_term_string}"},"query-input":"required name=search_term_string"}],"inLanguage":"fr-FR"}]}},"_links":{"self":[{"href":"https:\/\/woo-themes-plugins.com\/fr\/wp-json\/wp\/v2\/product\/361","targetHints":{"allow":["GET"]}}],"collection":[{"href":"https:\/\/woo-themes-plugins.com\/fr\/wp-json\/wp\/v2\/product"}],"about":[{"href":"https:\/\/woo-themes-plugins.com\/fr\/wp-json\/wp\/v2\/types\/product"}],"wp:featuredmedia":[{"embeddable":true,"href":"https:\/\/woo-themes-plugins.com\/fr\/wp-json\/wp\/v2\/media\/1724"}],"wp:attachment":[{"href":"https:\/\/woo-themes-plugins.com\/fr\/wp-json\/wp\/v2\/media?parent=361"}],"wp:term":[{"taxonomy":"product_cat","embeddable":true,"href":"https:\/\/woo-themes-plugins.com\/fr\/wp-json\/wp\/v2\/product_cat?post=361"},{"taxonomy":"product_tag","embeddable":true,"href":"https:\/\/woo-themes-plugins.com\/fr\/wp-json\/wp\/v2\/product_tag?post=361"}],"curies":[{"name":"wp","href":"https:\/\/api.w.org\/{rel}","templated":true}]}}