{"id":368,"date":"2018-03-26T13:52:38","date_gmt":"2018-03-26T12:52:38","guid":{"rendered":"https:\/\/woo-themes-plugins.com\/?post_type=product&#038;p=368"},"modified":"2018-04-26T17:26:27","modified_gmt":"2018-04-26T16:26:27","slug":"blaszok-theme-simple-et-complet-theme-woocommerce","status":"publish","type":"product","link":"https:\/\/woo-themes-plugins.com\/fr\/product\/blaszok-theme-simple-et-complet-theme-woocommerce\/","title":{"rendered":"Blaszok &#8211; Th\u00e8me Simple et Complet &#8211; Th\u00e8me WooCommerce"},"content":{"rendered":"","protected":false},"excerpt":{"rendered":"<p>Il y a des concepteurs de th\u00e8me WooCommerce comme \u00e7a, c&rsquo;est \u00e0 dire des concepteurs de th\u00e8me WooCommerce qui font \u00e9voluer leur b\u00e9b\u00e9 en fonction des vrais besoins utilisateurs. Blaszok est un th\u00e8me WooCommerce de cette trempe car ce n&rsquo;est pas moins de 100 nouvelles fonctionnalit\u00e9s qui ont \u00e9t\u00e9 ajout\u00e9s par le d\u00e9veloppeur suite aux demandes de ses utilisateurs. C&rsquo;est toujours bon \u00e0 savoir.<\/p>\n","protected":false},"featured_media":1820,"template":"","meta":{"_monsterinsights_skip_tracking":false,"_monsterinsights_sitenote_active":false,"_monsterinsights_sitenote_note":"","_monsterinsights_sitenote_category":0},"product_cat":[139],"product_tag":[160,144,168,149,145,141,163,159,161,151,152,148],"class_list":["post-368","product","type-product","status-publish","has-post-thumbnail","hentry","product_cat-theme-woocommerce","product_tag-bundle-plugins-premium","product_tag-debutant-woocommerce","product_tag-live-chat-woocommerce","product_tag-theme-woocommerce-avec-builder","product_tag-theme-woocommerce-moderne","product_tag-themes-woocommerce-personnalisable","product_tag-woocommerce-magasin-de-vetements","product_tag-woocommerce-revolution-slider","product_tag-woocommerce-visual-composer","product_tag-woocommerce-installation-un-clic","product_tag-woocommerce-multilingue","product_tag-woocommerce-responsive","pa_dev-woo-plugin-theme-mpc","pa_marketplace-woocommerce-themeforest-net"],"yoast_head":"<!-- This site is optimized with the Yoast SEO plugin v23.1 - https:\/\/yoast.com\/wordpress\/plugins\/seo\/ -->\n<title>Blaszok - Th\u00e8me Simple et Complet - Th\u00e8me WooCommerce - Woo-themes-plugins.com<\/title>\n<meta name=\"robots\" content=\"index, follow, max-snippet:-1, max-image-preview:large, max-video-preview:-1\" \/>\n<link rel=\"canonical\" href=\"https:\/\/woo-themes-plugins.com\/fr\/produit\/blaszok-theme-simple-et-complet-theme-woocommerce\/\" \/>\n<meta property=\"og:locale\" content=\"fr_FR\" \/>\n<meta property=\"og:type\" content=\"article\" \/>\n<meta property=\"og:title\" content=\"Blaszok - Th\u00e8me Simple et Complet - Th\u00e8me WooCommerce - Woo-themes-plugins.com\" \/>\n<meta property=\"og:description\" content=\"Il y a des concepteurs de th\u00e8me WooCommerce comme \u00e7a, c&#039;est \u00e0 dire des concepteurs de th\u00e8me WooCommerce qui font \u00e9voluer leur b\u00e9b\u00e9 en fonction des vrais besoins utilisateurs. Blaszok est un th\u00e8me WooCommerce de cette trempe car ce n&#039;est pas moins de 100 nouvelles fonctionnalit\u00e9s qui ont \u00e9t\u00e9 ajout\u00e9s par le d\u00e9veloppeur suite aux demandes de ses utilisateurs. C&#039;est toujours bon \u00e0 savoir.\" \/>\n<meta property=\"og:url\" content=\"https:\/\/woo-themes-plugins.com\/fr\/produit\/blaszok-theme-simple-et-complet-theme-woocommerce\/\" \/>\n<meta property=\"og:site_name\" content=\"Woo-themes-plugins.com\" \/>\n<meta property=\"article:modified_time\" content=\"2018-04-26T16:26:27+00:00\" \/>\n<meta property=\"og:image\" content=\"https:\/\/woo-themes-plugins.com\/wp-content\/uploads\/sites\/7\/2018\/03\/woo-themes-plugins_blaskzok-theme-simple-complet-theme-woocommerce-photo.jpg\" \/>\n\t<meta property=\"og:image:width\" content=\"644\" \/>\n\t<meta property=\"og:image:height\" content=\"900\" \/>\n\t<meta property=\"og:image:type\" content=\"image\/jpeg\" \/>\n<script type=\"application\/ld+json\" class=\"yoast-schema-graph\">{\"@context\":\"https:\/\/schema.org\",\"@graph\":[{\"@type\":\"WebPage\",\"@id\":\"https:\/\/woo-themes-plugins.com\/fr\/produit\/blaszok-theme-simple-et-complet-theme-woocommerce\/\",\"url\":\"https:\/\/woo-themes-plugins.com\/fr\/produit\/blaszok-theme-simple-et-complet-theme-woocommerce\/\",\"name\":\"Blaszok - Th\u00e8me Simple et Complet - Th\u00e8me WooCommerce - Woo-themes-plugins.com\",\"isPartOf\":{\"@id\":\"https:\/\/woo-themes-plugins.com\/it\/#website\"},\"primaryImageOfPage\":{\"@id\":\"https:\/\/woo-themes-plugins.com\/fr\/produit\/blaszok-theme-simple-et-complet-theme-woocommerce\/#primaryimage\"},\"image\":{\"@id\":\"https:\/\/woo-themes-plugins.com\/fr\/produit\/blaszok-theme-simple-et-complet-theme-woocommerce\/#primaryimage\"},\"thumbnailUrl\":\"https:\/\/woo-themes-plugins.com\/wp-content\/uploads\/sites\/7\/2018\/03\/woo-themes-plugins_blaskzok-theme-simple-complet-theme-woocommerce-photo.jpg\",\"datePublished\":\"2018-03-26T12:52:38+00:00\",\"dateModified\":\"2018-04-26T16:26:27+00:00\",\"breadcrumb\":{\"@id\":\"https:\/\/woo-themes-plugins.com\/fr\/produit\/blaszok-theme-simple-et-complet-theme-woocommerce\/#breadcrumb\"},\"inLanguage\":\"fr-FR\",\"potentialAction\":[{\"@type\":\"ReadAction\",\"target\":[\"https:\/\/woo-themes-plugins.com\/fr\/produit\/blaszok-theme-simple-et-complet-theme-woocommerce\/\"]}]},{\"@type\":\"ImageObject\",\"inLanguage\":\"fr-FR\",\"@id\":\"https:\/\/woo-themes-plugins.com\/fr\/produit\/blaszok-theme-simple-et-complet-theme-woocommerce\/#primaryimage\",\"url\":\"https:\/\/woo-themes-plugins.com\/wp-content\/uploads\/sites\/7\/2018\/03\/woo-themes-plugins_blaskzok-theme-simple-complet-theme-woocommerce-photo.jpg\",\"contentUrl\":\"https:\/\/woo-themes-plugins.com\/wp-content\/uploads\/sites\/7\/2018\/03\/woo-themes-plugins_blaskzok-theme-simple-complet-theme-woocommerce-photo.jpg\",\"width\":644,\"height\":900},{\"@type\":\"BreadcrumbList\",\"@id\":\"https:\/\/woo-themes-plugins.com\/fr\/produit\/blaszok-theme-simple-et-complet-theme-woocommerce\/#breadcrumb\",\"itemListElement\":[{\"@type\":\"ListItem\",\"position\":1,\"name\":\"Accueil\",\"item\":\"https:\/\/woo-themes-plugins.com\/fr\/\"},{\"@type\":\"ListItem\",\"position\":2,\"name\":\"Shop\",\"item\":\"https:\/\/woo-themes-plugins.com\/shop\/\"},{\"@type\":\"ListItem\",\"position\":3,\"name\":\"Blaszok &#8211; Th\u00e8me Simple et Complet &#8211; Th\u00e8me WooCommerce\"}]},{\"@type\":\"WebSite\",\"@id\":\"https:\/\/woo-themes-plugins.com\/it\/#website\",\"url\":\"https:\/\/woo-themes-plugins.com\/it\/\",\"name\":\"Woo-themes-plugins.com\",\"description\":\"Tous les th\u00e8mes et plugins WooCommerce Premium\",\"potentialAction\":[{\"@type\":\"SearchAction\",\"target\":{\"@type\":\"EntryPoint\",\"urlTemplate\":\"https:\/\/woo-themes-plugins.com\/it\/?s={search_term_string}\"},\"query-input\":\"required name=search_term_string\"}],\"inLanguage\":\"fr-FR\"}]}<\/script>\n<!-- \/ Yoast SEO plugin. -->","yoast_head_json":{"title":"Blaszok - Th\u00e8me Simple et Complet - Th\u00e8me WooCommerce - Woo-themes-plugins.com","robots":{"index":"index","follow":"follow","max-snippet":"max-snippet:-1","max-image-preview":"max-image-preview:large","max-video-preview":"max-video-preview:-1"},"canonical":"https:\/\/woo-themes-plugins.com\/fr\/produit\/blaszok-theme-simple-et-complet-theme-woocommerce\/","og_locale":"fr_FR","og_type":"article","og_title":"Blaszok - Th\u00e8me Simple et Complet - Th\u00e8me WooCommerce - Woo-themes-plugins.com","og_description":"Il y a des concepteurs de th\u00e8me WooCommerce comme \u00e7a, c'est \u00e0 dire des concepteurs de th\u00e8me WooCommerce qui font \u00e9voluer leur b\u00e9b\u00e9 en fonction des vrais besoins utilisateurs. Blaszok est un th\u00e8me WooCommerce de cette trempe car ce n'est pas moins de 100 nouvelles fonctionnalit\u00e9s qui ont \u00e9t\u00e9 ajout\u00e9s par le d\u00e9veloppeur suite aux demandes de ses utilisateurs. C'est toujours bon \u00e0 savoir.","og_url":"https:\/\/woo-themes-plugins.com\/fr\/produit\/blaszok-theme-simple-et-complet-theme-woocommerce\/","og_site_name":"Woo-themes-plugins.com","article_modified_time":"2018-04-26T16:26:27+00:00","og_image":[{"width":644,"height":900,"url":"https:\/\/woo-themes-plugins.com\/wp-content\/uploads\/sites\/7\/2018\/03\/woo-themes-plugins_blaskzok-theme-simple-complet-theme-woocommerce-photo.jpg","type":"image\/jpeg"}],"schema":{"@context":"https:\/\/schema.org","@graph":[{"@type":"WebPage","@id":"https:\/\/woo-themes-plugins.com\/fr\/produit\/blaszok-theme-simple-et-complet-theme-woocommerce\/","url":"https:\/\/woo-themes-plugins.com\/fr\/produit\/blaszok-theme-simple-et-complet-theme-woocommerce\/","name":"Blaszok - Th\u00e8me Simple et Complet - Th\u00e8me WooCommerce - Woo-themes-plugins.com","isPartOf":{"@id":"https:\/\/woo-themes-plugins.com\/it\/#website"},"primaryImageOfPage":{"@id":"https:\/\/woo-themes-plugins.com\/fr\/produit\/blaszok-theme-simple-et-complet-theme-woocommerce\/#primaryimage"},"image":{"@id":"https:\/\/woo-themes-plugins.com\/fr\/produit\/blaszok-theme-simple-et-complet-theme-woocommerce\/#primaryimage"},"thumbnailUrl":"https:\/\/woo-themes-plugins.com\/wp-content\/uploads\/sites\/7\/2018\/03\/woo-themes-plugins_blaskzok-theme-simple-complet-theme-woocommerce-photo.jpg","datePublished":"2018-03-26T12:52:38+00:00","dateModified":"2018-04-26T16:26:27+00:00","breadcrumb":{"@id":"https:\/\/woo-themes-plugins.com\/fr\/produit\/blaszok-theme-simple-et-complet-theme-woocommerce\/#breadcrumb"},"inLanguage":"fr-FR","potentialAction":[{"@type":"ReadAction","target":["https:\/\/woo-themes-plugins.com\/fr\/produit\/blaszok-theme-simple-et-complet-theme-woocommerce\/"]}]},{"@type":"ImageObject","inLanguage":"fr-FR","@id":"https:\/\/woo-themes-plugins.com\/fr\/produit\/blaszok-theme-simple-et-complet-theme-woocommerce\/#primaryimage","url":"https:\/\/woo-themes-plugins.com\/wp-content\/uploads\/sites\/7\/2018\/03\/woo-themes-plugins_blaskzok-theme-simple-complet-theme-woocommerce-photo.jpg","contentUrl":"https:\/\/woo-themes-plugins.com\/wp-content\/uploads\/sites\/7\/2018\/03\/woo-themes-plugins_blaskzok-theme-simple-complet-theme-woocommerce-photo.jpg","width":644,"height":900},{"@type":"BreadcrumbList","@id":"https:\/\/woo-themes-plugins.com\/fr\/produit\/blaszok-theme-simple-et-complet-theme-woocommerce\/#breadcrumb","itemListElement":[{"@type":"ListItem","position":1,"name":"Accueil","item":"https:\/\/woo-themes-plugins.com\/fr\/"},{"@type":"ListItem","position":2,"name":"Shop","item":"https:\/\/woo-themes-plugins.com\/shop\/"},{"@type":"ListItem","position":3,"name":"Blaszok &#8211; Th\u00e8me Simple et Complet &#8211; Th\u00e8me WooCommerce"}]},{"@type":"WebSite","@id":"https:\/\/woo-themes-plugins.com\/it\/#website","url":"https:\/\/woo-themes-plugins.com\/it\/","name":"Woo-themes-plugins.com","description":"Tous les th\u00e8mes et plugins WooCommerce Premium","potentialAction":[{"@type":"SearchAction","target":{"@type":"EntryPoint","urlTemplate":"https:\/\/woo-themes-plugins.com\/it\/?s={search_term_string}"},"query-input":"required name=search_term_string"}],"inLanguage":"fr-FR"}]}},"_links":{"self":[{"href":"https:\/\/woo-themes-plugins.com\/fr\/wp-json\/wp\/v2\/product\/368","targetHints":{"allow":["GET"]}}],"collection":[{"href":"https:\/\/woo-themes-plugins.com\/fr\/wp-json\/wp\/v2\/product"}],"about":[{"href":"https:\/\/woo-themes-plugins.com\/fr\/wp-json\/wp\/v2\/types\/product"}],"wp:featuredmedia":[{"embeddable":true,"href":"https:\/\/woo-themes-plugins.com\/fr\/wp-json\/wp\/v2\/media\/1820"}],"wp:attachment":[{"href":"https:\/\/woo-themes-plugins.com\/fr\/wp-json\/wp\/v2\/media?parent=368"}],"wp:term":[{"taxonomy":"product_cat","embeddable":true,"href":"https:\/\/woo-themes-plugins.com\/fr\/wp-json\/wp\/v2\/product_cat?post=368"},{"taxonomy":"product_tag","embeddable":true,"href":"https:\/\/woo-themes-plugins.com\/fr\/wp-json\/wp\/v2\/product_tag?post=368"}],"curies":[{"name":"wp","href":"https:\/\/api.w.org\/{rel}","templated":true}]}}