{"id":375,"date":"2018-03-26T13:56:45","date_gmt":"2018-03-26T12:56:45","guid":{"rendered":"https:\/\/woo-themes-plugins.com\/?post_type=product&#038;p=375"},"modified":"2018-04-26T17:26:19","modified_gmt":"2018-04-26T16:26:19","slug":"atelier-theme-creatif-mode-theme-woocommerce","status":"publish","type":"product","link":"https:\/\/woo-themes-plugins.com\/fr\/product\/atelier-theme-creatif-mode-theme-woocommerce\/","title":{"rendered":"Atelier &#8211; Th\u00e8me Cr\u00e9atif \/ Mode &#8211; Th\u00e8me WooCommerce"},"content":{"rendered":"","protected":false},"excerpt":{"rendered":"<p>Un th\u00e8me WooCommerce qui allie \u00e0 la fois performance et soucis du d\u00e9tail, c&rsquo;est ce que te proposes <em>Atelier<\/em>, un th\u00e8me WooCommerce qui est parfait pour vendre n&rsquo;importe quel produit issue du monde de la monde (v\u00eatements, chaussures, sac, lunettes&#8230;). On aimera retrouver pleins de petits d\u00e9tails qui feront la diff\u00e9rence entre un bon et un tr\u00e8s bon th\u00e8me WooCommerce. <em>Atelier <\/em>est clairement \u00e0 ranger dans la seconde cat\u00e9gorie de th\u00e8me WooCommerce.<\/p>\n","protected":false},"featured_media":1868,"template":"","meta":{"_monsterinsights_skip_tracking":false,"_monsterinsights_sitenote_active":false,"_monsterinsights_sitenote_note":"","_monsterinsights_sitenote_category":0},"product_cat":[139],"product_tag":[144,149,167,145,141,169,163,151,152,148],"class_list":["post-375","product","type-product","status-publish","has-post-thumbnail","hentry","product_cat-theme-woocommerce","product_tag-debutant-woocommerce","product_tag-theme-woocommerce-avec-builder","product_tag-theme-woocommerce-minimaliste","product_tag-theme-woocommerce-moderne","product_tag-themes-woocommerce-personnalisable","product_tag-woocommerce-magasin-de-mode","product_tag-woocommerce-magasin-de-vetements","product_tag-woocommerce-installation-un-clic","product_tag-woocommerce-multilingue","product_tag-woocommerce-responsive","pa_dev-woo-plugin-theme-swiftideas","pa_marketplace-woocommerce-themeforest-net"],"yoast_head":"<!-- This site is optimized with the Yoast SEO plugin v23.1 - https:\/\/yoast.com\/wordpress\/plugins\/seo\/ -->\n<title>Atelier - Th\u00e8me Cr\u00e9atif \/ Mode - Th\u00e8me WooCommerce<\/title>\n<meta name=\"description\" content=\"Le style de ce th\u00e8me est tr\u00e8s clairement moderne, offrant de superbes espaces de ventes sous forme d&#039;encards bien d\u00e9l\u00e9mit\u00e9s visuellement. On aime que ce template WooCommerce soit en plus ultra r\u00e9actif. Tes clients vont \u00eatre ravis !\" \/>\n<meta name=\"robots\" content=\"index, follow, max-snippet:-1, max-image-preview:large, max-video-preview:-1\" \/>\n<link rel=\"canonical\" href=\"https:\/\/woo-themes-plugins.com\/fr\/produit\/atelier-theme-creatif-mode-theme-woocommerce\/\" \/>\n<meta property=\"og:locale\" content=\"fr_FR\" \/>\n<meta property=\"og:type\" content=\"article\" \/>\n<meta property=\"og:title\" content=\"Atelier - Th\u00e8me Cr\u00e9atif \/ Mode - Th\u00e8me WooCommerce\" \/>\n<meta property=\"og:description\" content=\"Le style de ce th\u00e8me est tr\u00e8s clairement moderne, offrant de superbes espaces de ventes sous forme d&#039;encards bien d\u00e9l\u00e9mit\u00e9s visuellement. On aime que ce template WooCommerce soit en plus ultra r\u00e9actif. Tes clients vont \u00eatre ravis !\" \/>\n<meta property=\"og:url\" content=\"https:\/\/woo-themes-plugins.com\/fr\/produit\/atelier-theme-creatif-mode-theme-woocommerce\/\" \/>\n<meta property=\"og:site_name\" content=\"Woo-themes-plugins.com\" \/>\n<meta property=\"article:modified_time\" content=\"2018-04-26T16:26:19+00:00\" \/>\n<meta property=\"og:image\" content=\"https:\/\/woo-themes-plugins.com\/wp-content\/uploads\/sites\/7\/2018\/03\/woo-themes-plugins_atelier-theme-creatif-mode-theme-woocommerce-parallax.jpg\" \/>\n\t<meta property=\"og:image:width\" content=\"644\" \/>\n\t<meta property=\"og:image:height\" content=\"900\" \/>\n\t<meta property=\"og:image:type\" content=\"image\/jpeg\" \/>\n<script type=\"application\/ld+json\" class=\"yoast-schema-graph\">{\"@context\":\"https:\/\/schema.org\",\"@graph\":[{\"@type\":\"WebPage\",\"@id\":\"https:\/\/woo-themes-plugins.com\/fr\/produit\/atelier-theme-creatif-mode-theme-woocommerce\/\",\"url\":\"https:\/\/woo-themes-plugins.com\/fr\/produit\/atelier-theme-creatif-mode-theme-woocommerce\/\",\"name\":\"Atelier - Th\u00e8me Cr\u00e9atif \/ Mode - Th\u00e8me WooCommerce\",\"isPartOf\":{\"@id\":\"https:\/\/woo-themes-plugins.com\/it\/#website\"},\"primaryImageOfPage\":{\"@id\":\"https:\/\/woo-themes-plugins.com\/fr\/produit\/atelier-theme-creatif-mode-theme-woocommerce\/#primaryimage\"},\"image\":{\"@id\":\"https:\/\/woo-themes-plugins.com\/fr\/produit\/atelier-theme-creatif-mode-theme-woocommerce\/#primaryimage\"},\"thumbnailUrl\":\"https:\/\/woo-themes-plugins.com\/wp-content\/uploads\/sites\/7\/2018\/03\/woo-themes-plugins_atelier-theme-creatif-mode-theme-woocommerce-parallax.jpg\",\"datePublished\":\"2018-03-26T12:56:45+00:00\",\"dateModified\":\"2018-04-26T16:26:19+00:00\",\"description\":\"Le style de ce th\u00e8me est tr\u00e8s clairement moderne, offrant de superbes espaces de ventes sous forme d'encards bien d\u00e9l\u00e9mit\u00e9s visuellement. On aime que ce template WooCommerce soit en plus ultra r\u00e9actif. Tes clients vont \u00eatre ravis !\",\"breadcrumb\":{\"@id\":\"https:\/\/woo-themes-plugins.com\/fr\/produit\/atelier-theme-creatif-mode-theme-woocommerce\/#breadcrumb\"},\"inLanguage\":\"fr-FR\",\"potentialAction\":[{\"@type\":\"ReadAction\",\"target\":[\"https:\/\/woo-themes-plugins.com\/fr\/produit\/atelier-theme-creatif-mode-theme-woocommerce\/\"]}]},{\"@type\":\"ImageObject\",\"inLanguage\":\"fr-FR\",\"@id\":\"https:\/\/woo-themes-plugins.com\/fr\/produit\/atelier-theme-creatif-mode-theme-woocommerce\/#primaryimage\",\"url\":\"https:\/\/woo-themes-plugins.com\/wp-content\/uploads\/sites\/7\/2018\/03\/woo-themes-plugins_atelier-theme-creatif-mode-theme-woocommerce-parallax.jpg\",\"contentUrl\":\"https:\/\/woo-themes-plugins.com\/wp-content\/uploads\/sites\/7\/2018\/03\/woo-themes-plugins_atelier-theme-creatif-mode-theme-woocommerce-parallax.jpg\",\"width\":644,\"height\":900},{\"@type\":\"BreadcrumbList\",\"@id\":\"https:\/\/woo-themes-plugins.com\/fr\/produit\/atelier-theme-creatif-mode-theme-woocommerce\/#breadcrumb\",\"itemListElement\":[{\"@type\":\"ListItem\",\"position\":1,\"name\":\"Accueil\",\"item\":\"https:\/\/woo-themes-plugins.com\/fr\/\"},{\"@type\":\"ListItem\",\"position\":2,\"name\":\"Shop\",\"item\":\"https:\/\/woo-themes-plugins.com\/shop\/\"},{\"@type\":\"ListItem\",\"position\":3,\"name\":\"Atelier &#8211; Th\u00e8me Cr\u00e9atif \/ Mode &#8211; Th\u00e8me WooCommerce\"}]},{\"@type\":\"WebSite\",\"@id\":\"https:\/\/woo-themes-plugins.com\/it\/#website\",\"url\":\"https:\/\/woo-themes-plugins.com\/it\/\",\"name\":\"Woo-themes-plugins.com\",\"description\":\"Tous les th\u00e8mes et plugins WooCommerce Premium\",\"potentialAction\":[{\"@type\":\"SearchAction\",\"target\":{\"@type\":\"EntryPoint\",\"urlTemplate\":\"https:\/\/woo-themes-plugins.com\/it\/?s={search_term_string}\"},\"query-input\":\"required name=search_term_string\"}],\"inLanguage\":\"fr-FR\"}]}<\/script>\n<!-- \/ Yoast SEO plugin. -->","yoast_head_json":{"title":"Atelier - Th\u00e8me Cr\u00e9atif \/ Mode - Th\u00e8me WooCommerce","description":"Le style de ce th\u00e8me est tr\u00e8s clairement moderne, offrant de superbes espaces de ventes sous forme d'encards bien d\u00e9l\u00e9mit\u00e9s visuellement. On aime que ce template WooCommerce soit en plus ultra r\u00e9actif. Tes clients vont \u00eatre ravis !","robots":{"index":"index","follow":"follow","max-snippet":"max-snippet:-1","max-image-preview":"max-image-preview:large","max-video-preview":"max-video-preview:-1"},"canonical":"https:\/\/woo-themes-plugins.com\/fr\/produit\/atelier-theme-creatif-mode-theme-woocommerce\/","og_locale":"fr_FR","og_type":"article","og_title":"Atelier - Th\u00e8me Cr\u00e9atif \/ Mode - Th\u00e8me WooCommerce","og_description":"Le style de ce th\u00e8me est tr\u00e8s clairement moderne, offrant de superbes espaces de ventes sous forme d'encards bien d\u00e9l\u00e9mit\u00e9s visuellement. On aime que ce template WooCommerce soit en plus ultra r\u00e9actif. Tes clients vont \u00eatre ravis !","og_url":"https:\/\/woo-themes-plugins.com\/fr\/produit\/atelier-theme-creatif-mode-theme-woocommerce\/","og_site_name":"Woo-themes-plugins.com","article_modified_time":"2018-04-26T16:26:19+00:00","og_image":[{"width":644,"height":900,"url":"https:\/\/woo-themes-plugins.com\/wp-content\/uploads\/sites\/7\/2018\/03\/woo-themes-plugins_atelier-theme-creatif-mode-theme-woocommerce-parallax.jpg","type":"image\/jpeg"}],"schema":{"@context":"https:\/\/schema.org","@graph":[{"@type":"WebPage","@id":"https:\/\/woo-themes-plugins.com\/fr\/produit\/atelier-theme-creatif-mode-theme-woocommerce\/","url":"https:\/\/woo-themes-plugins.com\/fr\/produit\/atelier-theme-creatif-mode-theme-woocommerce\/","name":"Atelier - Th\u00e8me Cr\u00e9atif \/ Mode - Th\u00e8me WooCommerce","isPartOf":{"@id":"https:\/\/woo-themes-plugins.com\/it\/#website"},"primaryImageOfPage":{"@id":"https:\/\/woo-themes-plugins.com\/fr\/produit\/atelier-theme-creatif-mode-theme-woocommerce\/#primaryimage"},"image":{"@id":"https:\/\/woo-themes-plugins.com\/fr\/produit\/atelier-theme-creatif-mode-theme-woocommerce\/#primaryimage"},"thumbnailUrl":"https:\/\/woo-themes-plugins.com\/wp-content\/uploads\/sites\/7\/2018\/03\/woo-themes-plugins_atelier-theme-creatif-mode-theme-woocommerce-parallax.jpg","datePublished":"2018-03-26T12:56:45+00:00","dateModified":"2018-04-26T16:26:19+00:00","description":"Le style de ce th\u00e8me est tr\u00e8s clairement moderne, offrant de superbes espaces de ventes sous forme d'encards bien d\u00e9l\u00e9mit\u00e9s visuellement. On aime que ce template WooCommerce soit en plus ultra r\u00e9actif. Tes clients vont \u00eatre ravis !","breadcrumb":{"@id":"https:\/\/woo-themes-plugins.com\/fr\/produit\/atelier-theme-creatif-mode-theme-woocommerce\/#breadcrumb"},"inLanguage":"fr-FR","potentialAction":[{"@type":"ReadAction","target":["https:\/\/woo-themes-plugins.com\/fr\/produit\/atelier-theme-creatif-mode-theme-woocommerce\/"]}]},{"@type":"ImageObject","inLanguage":"fr-FR","@id":"https:\/\/woo-themes-plugins.com\/fr\/produit\/atelier-theme-creatif-mode-theme-woocommerce\/#primaryimage","url":"https:\/\/woo-themes-plugins.com\/wp-content\/uploads\/sites\/7\/2018\/03\/woo-themes-plugins_atelier-theme-creatif-mode-theme-woocommerce-parallax.jpg","contentUrl":"https:\/\/woo-themes-plugins.com\/wp-content\/uploads\/sites\/7\/2018\/03\/woo-themes-plugins_atelier-theme-creatif-mode-theme-woocommerce-parallax.jpg","width":644,"height":900},{"@type":"BreadcrumbList","@id":"https:\/\/woo-themes-plugins.com\/fr\/produit\/atelier-theme-creatif-mode-theme-woocommerce\/#breadcrumb","itemListElement":[{"@type":"ListItem","position":1,"name":"Accueil","item":"https:\/\/woo-themes-plugins.com\/fr\/"},{"@type":"ListItem","position":2,"name":"Shop","item":"https:\/\/woo-themes-plugins.com\/shop\/"},{"@type":"ListItem","position":3,"name":"Atelier &#8211; Th\u00e8me Cr\u00e9atif \/ Mode &#8211; Th\u00e8me WooCommerce"}]},{"@type":"WebSite","@id":"https:\/\/woo-themes-plugins.com\/it\/#website","url":"https:\/\/woo-themes-plugins.com\/it\/","name":"Woo-themes-plugins.com","description":"Tous les th\u00e8mes et plugins WooCommerce Premium","potentialAction":[{"@type":"SearchAction","target":{"@type":"EntryPoint","urlTemplate":"https:\/\/woo-themes-plugins.com\/it\/?s={search_term_string}"},"query-input":"required name=search_term_string"}],"inLanguage":"fr-FR"}]}},"_links":{"self":[{"href":"https:\/\/woo-themes-plugins.com\/fr\/wp-json\/wp\/v2\/product\/375","targetHints":{"allow":["GET"]}}],"collection":[{"href":"https:\/\/woo-themes-plugins.com\/fr\/wp-json\/wp\/v2\/product"}],"about":[{"href":"https:\/\/woo-themes-plugins.com\/fr\/wp-json\/wp\/v2\/types\/product"}],"wp:featuredmedia":[{"embeddable":true,"href":"https:\/\/woo-themes-plugins.com\/fr\/wp-json\/wp\/v2\/media\/1868"}],"wp:attachment":[{"href":"https:\/\/woo-themes-plugins.com\/fr\/wp-json\/wp\/v2\/media?parent=375"}],"wp:term":[{"taxonomy":"product_cat","embeddable":true,"href":"https:\/\/woo-themes-plugins.com\/fr\/wp-json\/wp\/v2\/product_cat?post=375"},{"taxonomy":"product_tag","embeddable":true,"href":"https:\/\/woo-themes-plugins.com\/fr\/wp-json\/wp\/v2\/product_tag?post=375"}],"curies":[{"name":"wp","href":"https:\/\/api.w.org\/{rel}","templated":true}]}}