{"id":382,"date":"2018-03-26T16:00:48","date_gmt":"2018-03-26T15:00:48","guid":{"rendered":"https:\/\/woo-themes-plugins.com\/?post_type=product&#038;p=382"},"modified":"2018-04-26T17:21:41","modified_gmt":"2018-04-26T16:21:41","slug":"mr-tailor-theme-petite-boutique-ecommerce-theme-woocommerce","status":"publish","type":"product","link":"https:\/\/woo-themes-plugins.com\/fr\/product\/mr-tailor-theme-petite-boutique-ecommerce-theme-woocommerce\/","title":{"rendered":"Mr Tailor &#8211; Th\u00e8me Petite Boutique eCommerce &#8211; Th\u00e8me WooCommerce"},"content":{"rendered":"","protected":false},"excerpt":{"rendered":"<p>Gr\u00e2ce \u00e0 ce th\u00e8me WooCommerce, il te sera possible de cr\u00e9er tous les types de site de eCommerce de la vente de produit simple \u00e0 la vente de produit t\u00e9l\u00e9chargeable. Si tu souhaites mettre sur pied un site multilingue, alors tu appr\u00e9cieras sans aucun doute que ce th\u00e8me supporte WPML.<\/p>\n","protected":false},"featured_media":1940,"template":"","meta":{"_monsterinsights_skip_tracking":false,"_monsterinsights_sitenote_active":false,"_monsterinsights_sitenote_note":"","_monsterinsights_sitenote_category":0},"product_cat":[139],"product_tag":[144,149,167,145,141,169,163,161,151,152,148],"class_list":["post-382","product","type-product","status-publish","has-post-thumbnail","hentry","product_cat-theme-woocommerce","product_tag-debutant-woocommerce","product_tag-theme-woocommerce-avec-builder","product_tag-theme-woocommerce-minimaliste","product_tag-theme-woocommerce-moderne","product_tag-themes-woocommerce-personnalisable","product_tag-woocommerce-magasin-de-mode","product_tag-woocommerce-magasin-de-vetements","product_tag-woocommerce-visual-composer","product_tag-woocommerce-installation-un-clic","product_tag-woocommerce-multilingue","product_tag-woocommerce-responsive","pa_dev-woo-plugin-theme-getbowtied","pa_marketplace-woocommerce-themeforest-net"],"yoast_head":"<!-- This site is optimized with the Yoast SEO plugin v23.1 - https:\/\/yoast.com\/wordpress\/plugins\/seo\/ -->\n<title>Mr Tailor - Th\u00e8me Petite Boutique eCommerce - Th\u00e8me WooCommerce<\/title>\n<meta name=\"description\" content=\"Ce th\u00e8me WooCommerce a \u00e9t\u00e9 sp\u00e9cialement \u00e9tudi\u00e9 pour nous offrir un outil de conception \u00e0 destination des &quot;petites boutiques&quot; de eCommerce. Ce template WooCommerce minimaliste, moderne et \u00e9l\u00e9gant conviendra aussi parfaitement \u00e0 la conception de boutique dans le monde de la mode et du &quot;tendance&quot;.\" \/>\n<meta name=\"robots\" content=\"index, follow, max-snippet:-1, max-image-preview:large, max-video-preview:-1\" \/>\n<link rel=\"canonical\" href=\"https:\/\/woo-themes-plugins.com\/fr\/produit\/mr-tailor-theme-petite-boutique-ecommerce-theme-woocommerce\/\" \/>\n<meta property=\"og:locale\" content=\"fr_FR\" \/>\n<meta property=\"og:type\" content=\"article\" \/>\n<meta property=\"og:title\" content=\"Mr Tailor - Th\u00e8me Petite Boutique eCommerce - Th\u00e8me WooCommerce\" \/>\n<meta property=\"og:description\" content=\"Ce th\u00e8me WooCommerce a \u00e9t\u00e9 sp\u00e9cialement \u00e9tudi\u00e9 pour nous offrir un outil de conception \u00e0 destination des &quot;petites boutiques&quot; de eCommerce. Ce template WooCommerce minimaliste, moderne et \u00e9l\u00e9gant conviendra aussi parfaitement \u00e0 la conception de boutique dans le monde de la mode et du &quot;tendance&quot;.\" \/>\n<meta property=\"og:url\" content=\"https:\/\/woo-themes-plugins.com\/fr\/produit\/mr-tailor-theme-petite-boutique-ecommerce-theme-woocommerce\/\" \/>\n<meta property=\"og:site_name\" content=\"Woo-themes-plugins.com\" \/>\n<meta property=\"article:modified_time\" content=\"2018-04-26T16:21:41+00:00\" \/>\n<meta property=\"og:image\" content=\"https:\/\/woo-themes-plugins.com\/wp-content\/uploads\/sites\/7\/2018\/03\/woo-themes-plugins_mr-taylor-theme-petite-boutique-ecommerce-theme-woocommerce-fashion.jpg\" \/>\n\t<meta property=\"og:image:width\" content=\"644\" \/>\n\t<meta property=\"og:image:height\" content=\"900\" \/>\n\t<meta property=\"og:image:type\" content=\"image\/jpeg\" \/>\n<script type=\"application\/ld+json\" class=\"yoast-schema-graph\">{\"@context\":\"https:\/\/schema.org\",\"@graph\":[{\"@type\":\"WebPage\",\"@id\":\"https:\/\/woo-themes-plugins.com\/fr\/produit\/mr-tailor-theme-petite-boutique-ecommerce-theme-woocommerce\/\",\"url\":\"https:\/\/woo-themes-plugins.com\/fr\/produit\/mr-tailor-theme-petite-boutique-ecommerce-theme-woocommerce\/\",\"name\":\"Mr Tailor - Th\u00e8me Petite Boutique eCommerce - Th\u00e8me WooCommerce\",\"isPartOf\":{\"@id\":\"https:\/\/woo-themes-plugins.com\/it\/#website\"},\"primaryImageOfPage\":{\"@id\":\"https:\/\/woo-themes-plugins.com\/fr\/produit\/mr-tailor-theme-petite-boutique-ecommerce-theme-woocommerce\/#primaryimage\"},\"image\":{\"@id\":\"https:\/\/woo-themes-plugins.com\/fr\/produit\/mr-tailor-theme-petite-boutique-ecommerce-theme-woocommerce\/#primaryimage\"},\"thumbnailUrl\":\"https:\/\/woo-themes-plugins.com\/wp-content\/uploads\/sites\/7\/2018\/03\/woo-themes-plugins_mr-taylor-theme-petite-boutique-ecommerce-theme-woocommerce-fashion.jpg\",\"datePublished\":\"2018-03-26T15:00:48+00:00\",\"dateModified\":\"2018-04-26T16:21:41+00:00\",\"description\":\"Ce th\u00e8me WooCommerce a \u00e9t\u00e9 sp\u00e9cialement \u00e9tudi\u00e9 pour nous offrir un outil de conception \u00e0 destination des \\\"petites boutiques\\\" de eCommerce. Ce template WooCommerce minimaliste, moderne et \u00e9l\u00e9gant conviendra aussi parfaitement \u00e0 la conception de boutique dans le monde de la mode et du \\\"tendance\\\".\",\"breadcrumb\":{\"@id\":\"https:\/\/woo-themes-plugins.com\/fr\/produit\/mr-tailor-theme-petite-boutique-ecommerce-theme-woocommerce\/#breadcrumb\"},\"inLanguage\":\"fr-FR\",\"potentialAction\":[{\"@type\":\"ReadAction\",\"target\":[\"https:\/\/woo-themes-plugins.com\/fr\/produit\/mr-tailor-theme-petite-boutique-ecommerce-theme-woocommerce\/\"]}]},{\"@type\":\"ImageObject\",\"inLanguage\":\"fr-FR\",\"@id\":\"https:\/\/woo-themes-plugins.com\/fr\/produit\/mr-tailor-theme-petite-boutique-ecommerce-theme-woocommerce\/#primaryimage\",\"url\":\"https:\/\/woo-themes-plugins.com\/wp-content\/uploads\/sites\/7\/2018\/03\/woo-themes-plugins_mr-taylor-theme-petite-boutique-ecommerce-theme-woocommerce-fashion.jpg\",\"contentUrl\":\"https:\/\/woo-themes-plugins.com\/wp-content\/uploads\/sites\/7\/2018\/03\/woo-themes-plugins_mr-taylor-theme-petite-boutique-ecommerce-theme-woocommerce-fashion.jpg\",\"width\":644,\"height\":900},{\"@type\":\"BreadcrumbList\",\"@id\":\"https:\/\/woo-themes-plugins.com\/fr\/produit\/mr-tailor-theme-petite-boutique-ecommerce-theme-woocommerce\/#breadcrumb\",\"itemListElement\":[{\"@type\":\"ListItem\",\"position\":1,\"name\":\"Accueil\",\"item\":\"https:\/\/woo-themes-plugins.com\/fr\/\"},{\"@type\":\"ListItem\",\"position\":2,\"name\":\"Shop\",\"item\":\"https:\/\/woo-themes-plugins.com\/shop\/\"},{\"@type\":\"ListItem\",\"position\":3,\"name\":\"Mr Tailor &#8211; Th\u00e8me Petite Boutique eCommerce &#8211; Th\u00e8me WooCommerce\"}]},{\"@type\":\"WebSite\",\"@id\":\"https:\/\/woo-themes-plugins.com\/it\/#website\",\"url\":\"https:\/\/woo-themes-plugins.com\/it\/\",\"name\":\"Woo-themes-plugins.com\",\"description\":\"Tous les th\u00e8mes et plugins WooCommerce Premium\",\"potentialAction\":[{\"@type\":\"SearchAction\",\"target\":{\"@type\":\"EntryPoint\",\"urlTemplate\":\"https:\/\/woo-themes-plugins.com\/it\/?s={search_term_string}\"},\"query-input\":\"required name=search_term_string\"}],\"inLanguage\":\"fr-FR\"}]}<\/script>\n<!-- \/ Yoast SEO plugin. -->","yoast_head_json":{"title":"Mr Tailor - Th\u00e8me Petite Boutique eCommerce - Th\u00e8me WooCommerce","description":"Ce th\u00e8me WooCommerce a \u00e9t\u00e9 sp\u00e9cialement \u00e9tudi\u00e9 pour nous offrir un outil de conception \u00e0 destination des \"petites boutiques\" de eCommerce. Ce template WooCommerce minimaliste, moderne et \u00e9l\u00e9gant conviendra aussi parfaitement \u00e0 la conception de boutique dans le monde de la mode et du \"tendance\".","robots":{"index":"index","follow":"follow","max-snippet":"max-snippet:-1","max-image-preview":"max-image-preview:large","max-video-preview":"max-video-preview:-1"},"canonical":"https:\/\/woo-themes-plugins.com\/fr\/produit\/mr-tailor-theme-petite-boutique-ecommerce-theme-woocommerce\/","og_locale":"fr_FR","og_type":"article","og_title":"Mr Tailor - Th\u00e8me Petite Boutique eCommerce - Th\u00e8me WooCommerce","og_description":"Ce th\u00e8me WooCommerce a \u00e9t\u00e9 sp\u00e9cialement \u00e9tudi\u00e9 pour nous offrir un outil de conception \u00e0 destination des \"petites boutiques\" de eCommerce. Ce template WooCommerce minimaliste, moderne et \u00e9l\u00e9gant conviendra aussi parfaitement \u00e0 la conception de boutique dans le monde de la mode et du \"tendance\".","og_url":"https:\/\/woo-themes-plugins.com\/fr\/produit\/mr-tailor-theme-petite-boutique-ecommerce-theme-woocommerce\/","og_site_name":"Woo-themes-plugins.com","article_modified_time":"2018-04-26T16:21:41+00:00","og_image":[{"width":644,"height":900,"url":"https:\/\/woo-themes-plugins.com\/wp-content\/uploads\/sites\/7\/2018\/03\/woo-themes-plugins_mr-taylor-theme-petite-boutique-ecommerce-theme-woocommerce-fashion.jpg","type":"image\/jpeg"}],"schema":{"@context":"https:\/\/schema.org","@graph":[{"@type":"WebPage","@id":"https:\/\/woo-themes-plugins.com\/fr\/produit\/mr-tailor-theme-petite-boutique-ecommerce-theme-woocommerce\/","url":"https:\/\/woo-themes-plugins.com\/fr\/produit\/mr-tailor-theme-petite-boutique-ecommerce-theme-woocommerce\/","name":"Mr Tailor - Th\u00e8me Petite Boutique eCommerce - Th\u00e8me WooCommerce","isPartOf":{"@id":"https:\/\/woo-themes-plugins.com\/it\/#website"},"primaryImageOfPage":{"@id":"https:\/\/woo-themes-plugins.com\/fr\/produit\/mr-tailor-theme-petite-boutique-ecommerce-theme-woocommerce\/#primaryimage"},"image":{"@id":"https:\/\/woo-themes-plugins.com\/fr\/produit\/mr-tailor-theme-petite-boutique-ecommerce-theme-woocommerce\/#primaryimage"},"thumbnailUrl":"https:\/\/woo-themes-plugins.com\/wp-content\/uploads\/sites\/7\/2018\/03\/woo-themes-plugins_mr-taylor-theme-petite-boutique-ecommerce-theme-woocommerce-fashion.jpg","datePublished":"2018-03-26T15:00:48+00:00","dateModified":"2018-04-26T16:21:41+00:00","description":"Ce th\u00e8me WooCommerce a \u00e9t\u00e9 sp\u00e9cialement \u00e9tudi\u00e9 pour nous offrir un outil de conception \u00e0 destination des \"petites boutiques\" de eCommerce. Ce template WooCommerce minimaliste, moderne et \u00e9l\u00e9gant conviendra aussi parfaitement \u00e0 la conception de boutique dans le monde de la mode et du \"tendance\".","breadcrumb":{"@id":"https:\/\/woo-themes-plugins.com\/fr\/produit\/mr-tailor-theme-petite-boutique-ecommerce-theme-woocommerce\/#breadcrumb"},"inLanguage":"fr-FR","potentialAction":[{"@type":"ReadAction","target":["https:\/\/woo-themes-plugins.com\/fr\/produit\/mr-tailor-theme-petite-boutique-ecommerce-theme-woocommerce\/"]}]},{"@type":"ImageObject","inLanguage":"fr-FR","@id":"https:\/\/woo-themes-plugins.com\/fr\/produit\/mr-tailor-theme-petite-boutique-ecommerce-theme-woocommerce\/#primaryimage","url":"https:\/\/woo-themes-plugins.com\/wp-content\/uploads\/sites\/7\/2018\/03\/woo-themes-plugins_mr-taylor-theme-petite-boutique-ecommerce-theme-woocommerce-fashion.jpg","contentUrl":"https:\/\/woo-themes-plugins.com\/wp-content\/uploads\/sites\/7\/2018\/03\/woo-themes-plugins_mr-taylor-theme-petite-boutique-ecommerce-theme-woocommerce-fashion.jpg","width":644,"height":900},{"@type":"BreadcrumbList","@id":"https:\/\/woo-themes-plugins.com\/fr\/produit\/mr-tailor-theme-petite-boutique-ecommerce-theme-woocommerce\/#breadcrumb","itemListElement":[{"@type":"ListItem","position":1,"name":"Accueil","item":"https:\/\/woo-themes-plugins.com\/fr\/"},{"@type":"ListItem","position":2,"name":"Shop","item":"https:\/\/woo-themes-plugins.com\/shop\/"},{"@type":"ListItem","position":3,"name":"Mr Tailor &#8211; Th\u00e8me Petite Boutique eCommerce &#8211; Th\u00e8me WooCommerce"}]},{"@type":"WebSite","@id":"https:\/\/woo-themes-plugins.com\/it\/#website","url":"https:\/\/woo-themes-plugins.com\/it\/","name":"Woo-themes-plugins.com","description":"Tous les th\u00e8mes et plugins WooCommerce Premium","potentialAction":[{"@type":"SearchAction","target":{"@type":"EntryPoint","urlTemplate":"https:\/\/woo-themes-plugins.com\/it\/?s={search_term_string}"},"query-input":"required name=search_term_string"}],"inLanguage":"fr-FR"}]}},"_links":{"self":[{"href":"https:\/\/woo-themes-plugins.com\/fr\/wp-json\/wp\/v2\/product\/382","targetHints":{"allow":["GET"]}}],"collection":[{"href":"https:\/\/woo-themes-plugins.com\/fr\/wp-json\/wp\/v2\/product"}],"about":[{"href":"https:\/\/woo-themes-plugins.com\/fr\/wp-json\/wp\/v2\/types\/product"}],"wp:featuredmedia":[{"embeddable":true,"href":"https:\/\/woo-themes-plugins.com\/fr\/wp-json\/wp\/v2\/media\/1940"}],"wp:attachment":[{"href":"https:\/\/woo-themes-plugins.com\/fr\/wp-json\/wp\/v2\/media?parent=382"}],"wp:term":[{"taxonomy":"product_cat","embeddable":true,"href":"https:\/\/woo-themes-plugins.com\/fr\/wp-json\/wp\/v2\/product_cat?post=382"},{"taxonomy":"product_tag","embeddable":true,"href":"https:\/\/woo-themes-plugins.com\/fr\/wp-json\/wp\/v2\/product_tag?post=382"}],"curies":[{"name":"wp","href":"https:\/\/api.w.org\/{rel}","templated":true}]}}