{"id":389,"date":"2018-03-26T16:11:39","date_gmt":"2018-03-26T15:11:39","guid":{"rendered":"https:\/\/woo-themes-plugins.com\/?post_type=product&#038;p=389"},"modified":"2018-04-26T17:21:34","modified_gmt":"2018-04-26T16:21:34","slug":"royal-theme-theme-elegant-versatile-et-simple-dutilisation-theme-woocommerce","status":"publish","type":"product","link":"https:\/\/woo-themes-plugins.com\/fr\/product\/royal-theme-theme-elegant-versatile-et-simple-dutilisation-theme-woocommerce\/","title":{"rendered":"Royal Theme &#8211; Th\u00e8me \u00c9l\u00e9gant, Versatile et Simple d\u2019Utilisation &#8211; Th\u00e8me WooCommerce"},"content":{"rendered":"","protected":false},"excerpt":{"rendered":"<p>Dans la cat\u00e9gorie <em>Th\u00e9me WooCommerce versatile<\/em>, je demande <em>Royal Theme<\/em>. Ce th\u00e8me r\u00e9ussi \u00e0 se distinguer de la concurrence \u00e0 la fois gr\u00e2ce \u00e0 un tr\u00e8s grand choix de mises en page pr\u00e9d\u00e9finie pour pouvoir concevoir plus de 70 types de sites de eCommerce diff\u00e9rents, toujours \u00e0 l&rsquo;aide de WooCommerce.<\/p>\n","protected":false},"featured_media":1996,"template":"","meta":{"_monsterinsights_skip_tracking":false,"_monsterinsights_sitenote_active":false,"_monsterinsights_sitenote_note":"","_monsterinsights_sitenote_category":0},"product_cat":[139],"product_tag":[144,149,167,145,141,169,163,161,151,152,148],"class_list":["post-389","product","type-product","status-publish","has-post-thumbnail","hentry","product_cat-theme-woocommerce","product_tag-debutant-woocommerce","product_tag-theme-woocommerce-avec-builder","product_tag-theme-woocommerce-minimaliste","product_tag-theme-woocommerce-moderne","product_tag-themes-woocommerce-personnalisable","product_tag-woocommerce-magasin-de-mode","product_tag-woocommerce-magasin-de-vetements","product_tag-woocommerce-visual-composer","product_tag-woocommerce-installation-un-clic","product_tag-woocommerce-multilingue","product_tag-woocommerce-responsive","pa_dev-woo-plugin-theme-8theme","pa_marketplace-woocommerce-themeforest-net"],"yoast_head":"<!-- This site is optimized with the Yoast SEO plugin v23.1 - https:\/\/yoast.com\/wordpress\/plugins\/seo\/ -->\n<title>Royal Theme - Th\u00e8me \u00c9l\u00e9gant, Versatile et Simple d\u2019Utilisation - Th\u00e8me WooCommerce - Woo-themes-plugins.com<\/title>\n<meta name=\"robots\" content=\"index, follow, max-snippet:-1, max-image-preview:large, max-video-preview:-1\" \/>\n<link rel=\"canonical\" href=\"https:\/\/woo-themes-plugins.com\/fr\/produit\/royal-theme-theme-elegant-versatile-et-simple-dutilisation-theme-woocommerce\/\" \/>\n<meta property=\"og:locale\" content=\"fr_FR\" \/>\n<meta property=\"og:type\" content=\"article\" \/>\n<meta property=\"og:title\" content=\"Royal Theme - Th\u00e8me \u00c9l\u00e9gant, Versatile et Simple d\u2019Utilisation - Th\u00e8me WooCommerce - Woo-themes-plugins.com\" \/>\n<meta property=\"og:description\" content=\"Dans la cat\u00e9gorie Th\u00e9me WooCommerce versatile, je demande Royal Theme. Ce th\u00e8me r\u00e9ussi \u00e0 se distinguer de la concurrence \u00e0 la fois gr\u00e2ce \u00e0 un tr\u00e8s grand choix de mises en page pr\u00e9d\u00e9finie pour pouvoir concevoir plus de 70 types de sites de eCommerce diff\u00e9rents, toujours \u00e0 l&#039;aide de WooCommerce.\" \/>\n<meta property=\"og:url\" content=\"https:\/\/woo-themes-plugins.com\/fr\/produit\/royal-theme-theme-elegant-versatile-et-simple-dutilisation-theme-woocommerce\/\" \/>\n<meta property=\"og:site_name\" content=\"Woo-themes-plugins.com\" \/>\n<meta property=\"article:modified_time\" content=\"2018-04-26T16:21:34+00:00\" \/>\n<meta property=\"og:image\" content=\"https:\/\/woo-themes-plugins.com\/wp-content\/uploads\/sites\/7\/2018\/03\/woo-themes-plugins_royal-theme-theme-elegant-versatile-simple-theme-woocommerce-pet-store.jpg\" \/>\n\t<meta property=\"og:image:width\" content=\"644\" \/>\n\t<meta property=\"og:image:height\" content=\"900\" \/>\n\t<meta property=\"og:image:type\" content=\"image\/jpeg\" \/>\n<script type=\"application\/ld+json\" class=\"yoast-schema-graph\">{\"@context\":\"https:\/\/schema.org\",\"@graph\":[{\"@type\":\"WebPage\",\"@id\":\"https:\/\/woo-themes-plugins.com\/fr\/produit\/royal-theme-theme-elegant-versatile-et-simple-dutilisation-theme-woocommerce\/\",\"url\":\"https:\/\/woo-themes-plugins.com\/fr\/produit\/royal-theme-theme-elegant-versatile-et-simple-dutilisation-theme-woocommerce\/\",\"name\":\"Royal Theme - Th\u00e8me \u00c9l\u00e9gant, Versatile et Simple d\u2019Utilisation - Th\u00e8me WooCommerce - Woo-themes-plugins.com\",\"isPartOf\":{\"@id\":\"https:\/\/woo-themes-plugins.com\/it\/#website\"},\"primaryImageOfPage\":{\"@id\":\"https:\/\/woo-themes-plugins.com\/fr\/produit\/royal-theme-theme-elegant-versatile-et-simple-dutilisation-theme-woocommerce\/#primaryimage\"},\"image\":{\"@id\":\"https:\/\/woo-themes-plugins.com\/fr\/produit\/royal-theme-theme-elegant-versatile-et-simple-dutilisation-theme-woocommerce\/#primaryimage\"},\"thumbnailUrl\":\"https:\/\/woo-themes-plugins.com\/wp-content\/uploads\/sites\/7\/2018\/03\/woo-themes-plugins_royal-theme-theme-elegant-versatile-simple-theme-woocommerce-pet-store.jpg\",\"datePublished\":\"2018-03-26T15:11:39+00:00\",\"dateModified\":\"2018-04-26T16:21:34+00:00\",\"breadcrumb\":{\"@id\":\"https:\/\/woo-themes-plugins.com\/fr\/produit\/royal-theme-theme-elegant-versatile-et-simple-dutilisation-theme-woocommerce\/#breadcrumb\"},\"inLanguage\":\"fr-FR\",\"potentialAction\":[{\"@type\":\"ReadAction\",\"target\":[\"https:\/\/woo-themes-plugins.com\/fr\/produit\/royal-theme-theme-elegant-versatile-et-simple-dutilisation-theme-woocommerce\/\"]}]},{\"@type\":\"ImageObject\",\"inLanguage\":\"fr-FR\",\"@id\":\"https:\/\/woo-themes-plugins.com\/fr\/produit\/royal-theme-theme-elegant-versatile-et-simple-dutilisation-theme-woocommerce\/#primaryimage\",\"url\":\"https:\/\/woo-themes-plugins.com\/wp-content\/uploads\/sites\/7\/2018\/03\/woo-themes-plugins_royal-theme-theme-elegant-versatile-simple-theme-woocommerce-pet-store.jpg\",\"contentUrl\":\"https:\/\/woo-themes-plugins.com\/wp-content\/uploads\/sites\/7\/2018\/03\/woo-themes-plugins_royal-theme-theme-elegant-versatile-simple-theme-woocommerce-pet-store.jpg\",\"width\":644,\"height\":900},{\"@type\":\"BreadcrumbList\",\"@id\":\"https:\/\/woo-themes-plugins.com\/fr\/produit\/royal-theme-theme-elegant-versatile-et-simple-dutilisation-theme-woocommerce\/#breadcrumb\",\"itemListElement\":[{\"@type\":\"ListItem\",\"position\":1,\"name\":\"Accueil\",\"item\":\"https:\/\/woo-themes-plugins.com\/fr\/\"},{\"@type\":\"ListItem\",\"position\":2,\"name\":\"Shop\",\"item\":\"https:\/\/woo-themes-plugins.com\/shop\/\"},{\"@type\":\"ListItem\",\"position\":3,\"name\":\"Royal Theme &#8211; Th\u00e8me \u00c9l\u00e9gant, Versatile et Simple d\u2019Utilisation &#8211; Th\u00e8me WooCommerce\"}]},{\"@type\":\"WebSite\",\"@id\":\"https:\/\/woo-themes-plugins.com\/it\/#website\",\"url\":\"https:\/\/woo-themes-plugins.com\/it\/\",\"name\":\"Woo-themes-plugins.com\",\"description\":\"Tous les th\u00e8mes et plugins WooCommerce Premium\",\"potentialAction\":[{\"@type\":\"SearchAction\",\"target\":{\"@type\":\"EntryPoint\",\"urlTemplate\":\"https:\/\/woo-themes-plugins.com\/it\/?s={search_term_string}\"},\"query-input\":\"required name=search_term_string\"}],\"inLanguage\":\"fr-FR\"}]}<\/script>\n<!-- \/ Yoast SEO plugin. -->","yoast_head_json":{"title":"Royal Theme - Th\u00e8me \u00c9l\u00e9gant, Versatile et Simple d\u2019Utilisation - Th\u00e8me WooCommerce - Woo-themes-plugins.com","robots":{"index":"index","follow":"follow","max-snippet":"max-snippet:-1","max-image-preview":"max-image-preview:large","max-video-preview":"max-video-preview:-1"},"canonical":"https:\/\/woo-themes-plugins.com\/fr\/produit\/royal-theme-theme-elegant-versatile-et-simple-dutilisation-theme-woocommerce\/","og_locale":"fr_FR","og_type":"article","og_title":"Royal Theme - Th\u00e8me \u00c9l\u00e9gant, Versatile et Simple d\u2019Utilisation - Th\u00e8me WooCommerce - Woo-themes-plugins.com","og_description":"Dans la cat\u00e9gorie Th\u00e9me WooCommerce versatile, je demande Royal Theme. Ce th\u00e8me r\u00e9ussi \u00e0 se distinguer de la concurrence \u00e0 la fois gr\u00e2ce \u00e0 un tr\u00e8s grand choix de mises en page pr\u00e9d\u00e9finie pour pouvoir concevoir plus de 70 types de sites de eCommerce diff\u00e9rents, toujours \u00e0 l'aide de WooCommerce.","og_url":"https:\/\/woo-themes-plugins.com\/fr\/produit\/royal-theme-theme-elegant-versatile-et-simple-dutilisation-theme-woocommerce\/","og_site_name":"Woo-themes-plugins.com","article_modified_time":"2018-04-26T16:21:34+00:00","og_image":[{"width":644,"height":900,"url":"https:\/\/woo-themes-plugins.com\/wp-content\/uploads\/sites\/7\/2018\/03\/woo-themes-plugins_royal-theme-theme-elegant-versatile-simple-theme-woocommerce-pet-store.jpg","type":"image\/jpeg"}],"schema":{"@context":"https:\/\/schema.org","@graph":[{"@type":"WebPage","@id":"https:\/\/woo-themes-plugins.com\/fr\/produit\/royal-theme-theme-elegant-versatile-et-simple-dutilisation-theme-woocommerce\/","url":"https:\/\/woo-themes-plugins.com\/fr\/produit\/royal-theme-theme-elegant-versatile-et-simple-dutilisation-theme-woocommerce\/","name":"Royal Theme - Th\u00e8me \u00c9l\u00e9gant, Versatile et Simple d\u2019Utilisation - Th\u00e8me WooCommerce - Woo-themes-plugins.com","isPartOf":{"@id":"https:\/\/woo-themes-plugins.com\/it\/#website"},"primaryImageOfPage":{"@id":"https:\/\/woo-themes-plugins.com\/fr\/produit\/royal-theme-theme-elegant-versatile-et-simple-dutilisation-theme-woocommerce\/#primaryimage"},"image":{"@id":"https:\/\/woo-themes-plugins.com\/fr\/produit\/royal-theme-theme-elegant-versatile-et-simple-dutilisation-theme-woocommerce\/#primaryimage"},"thumbnailUrl":"https:\/\/woo-themes-plugins.com\/wp-content\/uploads\/sites\/7\/2018\/03\/woo-themes-plugins_royal-theme-theme-elegant-versatile-simple-theme-woocommerce-pet-store.jpg","datePublished":"2018-03-26T15:11:39+00:00","dateModified":"2018-04-26T16:21:34+00:00","breadcrumb":{"@id":"https:\/\/woo-themes-plugins.com\/fr\/produit\/royal-theme-theme-elegant-versatile-et-simple-dutilisation-theme-woocommerce\/#breadcrumb"},"inLanguage":"fr-FR","potentialAction":[{"@type":"ReadAction","target":["https:\/\/woo-themes-plugins.com\/fr\/produit\/royal-theme-theme-elegant-versatile-et-simple-dutilisation-theme-woocommerce\/"]}]},{"@type":"ImageObject","inLanguage":"fr-FR","@id":"https:\/\/woo-themes-plugins.com\/fr\/produit\/royal-theme-theme-elegant-versatile-et-simple-dutilisation-theme-woocommerce\/#primaryimage","url":"https:\/\/woo-themes-plugins.com\/wp-content\/uploads\/sites\/7\/2018\/03\/woo-themes-plugins_royal-theme-theme-elegant-versatile-simple-theme-woocommerce-pet-store.jpg","contentUrl":"https:\/\/woo-themes-plugins.com\/wp-content\/uploads\/sites\/7\/2018\/03\/woo-themes-plugins_royal-theme-theme-elegant-versatile-simple-theme-woocommerce-pet-store.jpg","width":644,"height":900},{"@type":"BreadcrumbList","@id":"https:\/\/woo-themes-plugins.com\/fr\/produit\/royal-theme-theme-elegant-versatile-et-simple-dutilisation-theme-woocommerce\/#breadcrumb","itemListElement":[{"@type":"ListItem","position":1,"name":"Accueil","item":"https:\/\/woo-themes-plugins.com\/fr\/"},{"@type":"ListItem","position":2,"name":"Shop","item":"https:\/\/woo-themes-plugins.com\/shop\/"},{"@type":"ListItem","position":3,"name":"Royal Theme &#8211; Th\u00e8me \u00c9l\u00e9gant, Versatile et Simple d\u2019Utilisation &#8211; Th\u00e8me WooCommerce"}]},{"@type":"WebSite","@id":"https:\/\/woo-themes-plugins.com\/it\/#website","url":"https:\/\/woo-themes-plugins.com\/it\/","name":"Woo-themes-plugins.com","description":"Tous les th\u00e8mes et plugins WooCommerce Premium","potentialAction":[{"@type":"SearchAction","target":{"@type":"EntryPoint","urlTemplate":"https:\/\/woo-themes-plugins.com\/it\/?s={search_term_string}"},"query-input":"required name=search_term_string"}],"inLanguage":"fr-FR"}]}},"_links":{"self":[{"href":"https:\/\/woo-themes-plugins.com\/fr\/wp-json\/wp\/v2\/product\/389","targetHints":{"allow":["GET"]}}],"collection":[{"href":"https:\/\/woo-themes-plugins.com\/fr\/wp-json\/wp\/v2\/product"}],"about":[{"href":"https:\/\/woo-themes-plugins.com\/fr\/wp-json\/wp\/v2\/types\/product"}],"wp:featuredmedia":[{"embeddable":true,"href":"https:\/\/woo-themes-plugins.com\/fr\/wp-json\/wp\/v2\/media\/1996"}],"wp:attachment":[{"href":"https:\/\/woo-themes-plugins.com\/fr\/wp-json\/wp\/v2\/media?parent=389"}],"wp:term":[{"taxonomy":"product_cat","embeddable":true,"href":"https:\/\/woo-themes-plugins.com\/fr\/wp-json\/wp\/v2\/product_cat?post=389"},{"taxonomy":"product_tag","embeddable":true,"href":"https:\/\/woo-themes-plugins.com\/fr\/wp-json\/wp\/v2\/product_tag?post=389"}],"curies":[{"name":"wp","href":"https:\/\/api.w.org\/{rel}","templated":true}]}}