{"id":397,"date":"2018-03-27T05:06:13","date_gmt":"2018-03-27T04:06:13","guid":{"rendered":"https:\/\/woo-themes-plugins.com\/?post_type=product&#038;p=397"},"modified":"2018-04-26T17:21:28","modified_gmt":"2018-04-26T16:21:28","slug":"savoy-theme-minimaliste-ajax-theme-woocommerce","status":"publish","type":"product","link":"https:\/\/woo-themes-plugins.com\/fr\/product\/savoy-theme-minimaliste-ajax-theme-woocommerce\/","title":{"rendered":"Savoy &#8211; Th\u00e8me Minimaliste &amp; Ajax &#8211; Th\u00e8me WooCommerce"},"content":{"rendered":"","protected":false},"excerpt":{"rendered":"<p>Savoy est un th\u00e8me WooCommerce qui se targue de mettre tout en \u0153uvre pour \u00eatre \u00e0 la fois minimaliste et exceptionnel en terme de eCommerce. L&rsquo;utilisation d&rsquo;un graphisme minimaliste aura pour effet de mettre en valeur la seule chose qui compte lorsqu&rsquo;on poss\u00e8de un site de eCommerce : ses produits. En plus d&rsquo;offrir une qualit\u00e9 graphique des plus appr\u00e9ciable, ce th\u00e8me WooCommerce s&rsquo;agr\u00e9mente de nombreuses fonctionnalit\u00e9s d\u00e9velopp\u00e9e en Ajax, dans le but d&rsquo;offrir la exp\u00e9rience client possible.<\/p>\n","protected":false},"featured_media":2156,"template":"","meta":{"_monsterinsights_skip_tracking":false,"_monsterinsights_sitenote_active":false,"_monsterinsights_sitenote_note":"","_monsterinsights_sitenote_category":0},"product_cat":[139],"product_tag":[160,144,158,170,149,167,145,141,169,163,159,161,151,152,150,148],"class_list":["post-397","product","type-product","status-publish","has-post-thumbnail","hentry","product_cat-theme-woocommerce","product_tag-bundle-plugins-premium","product_tag-debutant-woocommerce","product_tag-megamenu-woocommerce","product_tag-theme-woocommerce-ajax","product_tag-theme-woocommerce-avec-builder","product_tag-theme-woocommerce-minimaliste","product_tag-theme-woocommerce-moderne","product_tag-themes-woocommerce-personnalisable","product_tag-woocommerce-magasin-de-mode","product_tag-woocommerce-magasin-de-vetements","product_tag-woocommerce-revolution-slider","product_tag-woocommerce-visual-composer","product_tag-woocommerce-installation-un-clic","product_tag-woocommerce-multilingue","product_tag-woocommerce-optimise","product_tag-woocommerce-responsive","pa_dev-woo-plugin-theme-nordicmade","pa_marketplace-woocommerce-themeforest-net"],"yoast_head":"<!-- This site is optimized with the Yoast SEO plugin v23.1 - https:\/\/yoast.com\/wordpress\/plugins\/seo\/ -->\n<title>Savoy - Th\u00e8me Minimaliste &amp; Ajax - Th\u00e8me WooCommerce - Woo-themes-plugins.com<\/title>\n<meta name=\"robots\" content=\"index, follow, max-snippet:-1, max-image-preview:large, max-video-preview:-1\" \/>\n<link rel=\"canonical\" href=\"https:\/\/woo-themes-plugins.com\/fr\/produit\/savoy-theme-minimaliste-ajax-theme-woocommerce\/\" \/>\n<meta property=\"og:locale\" content=\"fr_FR\" \/>\n<meta property=\"og:type\" content=\"article\" \/>\n<meta property=\"og:title\" content=\"Savoy - Th\u00e8me Minimaliste &amp; Ajax - Th\u00e8me WooCommerce - Woo-themes-plugins.com\" \/>\n<meta property=\"og:description\" content=\"Savoy est un th\u00e8me WooCommerce qui se targue de mettre tout en \u0153uvre pour \u00eatre \u00e0 la fois minimaliste et exceptionnel en terme de eCommerce. L&#039;utilisation d&#039;un graphisme minimaliste aura pour effet de mettre en valeur la seule chose qui compte lorsqu&#039;on poss\u00e8de un site de eCommerce : ses produits. En plus d&#039;offrir une qualit\u00e9 graphique des plus appr\u00e9ciable, ce th\u00e8me WooCommerce s&#039;agr\u00e9mente de nombreuses fonctionnalit\u00e9s d\u00e9velopp\u00e9e en Ajax, dans le but d&#039;offrir la exp\u00e9rience client possible.\" \/>\n<meta property=\"og:url\" content=\"https:\/\/woo-themes-plugins.com\/fr\/produit\/savoy-theme-minimaliste-ajax-theme-woocommerce\/\" \/>\n<meta property=\"og:site_name\" content=\"Woo-themes-plugins.com\" \/>\n<meta property=\"article:modified_time\" content=\"2018-04-26T16:21:28+00:00\" \/>\n<meta property=\"og:image\" content=\"https:\/\/woo-themes-plugins.com\/wp-content\/uploads\/sites\/7\/2018\/03\/woo-themes-plugins_savoy-theme-minimalistic-ajax-theme-woocommerce-interior-1.jpg\" \/>\n\t<meta property=\"og:image:width\" content=\"644\" \/>\n\t<meta property=\"og:image:height\" content=\"900\" \/>\n\t<meta property=\"og:image:type\" content=\"image\/jpeg\" \/>\n<script type=\"application\/ld+json\" class=\"yoast-schema-graph\">{\"@context\":\"https:\/\/schema.org\",\"@graph\":[{\"@type\":\"WebPage\",\"@id\":\"https:\/\/woo-themes-plugins.com\/fr\/produit\/savoy-theme-minimaliste-ajax-theme-woocommerce\/\",\"url\":\"https:\/\/woo-themes-plugins.com\/fr\/produit\/savoy-theme-minimaliste-ajax-theme-woocommerce\/\",\"name\":\"Savoy - Th\u00e8me Minimaliste &amp; Ajax - Th\u00e8me WooCommerce - Woo-themes-plugins.com\",\"isPartOf\":{\"@id\":\"https:\/\/woo-themes-plugins.com\/it\/#website\"},\"primaryImageOfPage\":{\"@id\":\"https:\/\/woo-themes-plugins.com\/fr\/produit\/savoy-theme-minimaliste-ajax-theme-woocommerce\/#primaryimage\"},\"image\":{\"@id\":\"https:\/\/woo-themes-plugins.com\/fr\/produit\/savoy-theme-minimaliste-ajax-theme-woocommerce\/#primaryimage\"},\"thumbnailUrl\":\"https:\/\/woo-themes-plugins.com\/wp-content\/uploads\/sites\/7\/2018\/03\/woo-themes-plugins_savoy-theme-minimalistic-ajax-theme-woocommerce-interior-1.jpg\",\"datePublished\":\"2018-03-27T04:06:13+00:00\",\"dateModified\":\"2018-04-26T16:21:28+00:00\",\"breadcrumb\":{\"@id\":\"https:\/\/woo-themes-plugins.com\/fr\/produit\/savoy-theme-minimaliste-ajax-theme-woocommerce\/#breadcrumb\"},\"inLanguage\":\"fr-FR\",\"potentialAction\":[{\"@type\":\"ReadAction\",\"target\":[\"https:\/\/woo-themes-plugins.com\/fr\/produit\/savoy-theme-minimaliste-ajax-theme-woocommerce\/\"]}]},{\"@type\":\"ImageObject\",\"inLanguage\":\"fr-FR\",\"@id\":\"https:\/\/woo-themes-plugins.com\/fr\/produit\/savoy-theme-minimaliste-ajax-theme-woocommerce\/#primaryimage\",\"url\":\"https:\/\/woo-themes-plugins.com\/wp-content\/uploads\/sites\/7\/2018\/03\/woo-themes-plugins_savoy-theme-minimalistic-ajax-theme-woocommerce-interior-1.jpg\",\"contentUrl\":\"https:\/\/woo-themes-plugins.com\/wp-content\/uploads\/sites\/7\/2018\/03\/woo-themes-plugins_savoy-theme-minimalistic-ajax-theme-woocommerce-interior-1.jpg\",\"width\":644,\"height\":900},{\"@type\":\"BreadcrumbList\",\"@id\":\"https:\/\/woo-themes-plugins.com\/fr\/produit\/savoy-theme-minimaliste-ajax-theme-woocommerce\/#breadcrumb\",\"itemListElement\":[{\"@type\":\"ListItem\",\"position\":1,\"name\":\"Accueil\",\"item\":\"https:\/\/woo-themes-plugins.com\/fr\/\"},{\"@type\":\"ListItem\",\"position\":2,\"name\":\"Shop\",\"item\":\"https:\/\/woo-themes-plugins.com\/shop\/\"},{\"@type\":\"ListItem\",\"position\":3,\"name\":\"Savoy &#8211; Th\u00e8me Minimaliste &amp; Ajax &#8211; Th\u00e8me WooCommerce\"}]},{\"@type\":\"WebSite\",\"@id\":\"https:\/\/woo-themes-plugins.com\/it\/#website\",\"url\":\"https:\/\/woo-themes-plugins.com\/it\/\",\"name\":\"Woo-themes-plugins.com\",\"description\":\"Tous les th\u00e8mes et plugins WooCommerce Premium\",\"potentialAction\":[{\"@type\":\"SearchAction\",\"target\":{\"@type\":\"EntryPoint\",\"urlTemplate\":\"https:\/\/woo-themes-plugins.com\/it\/?s={search_term_string}\"},\"query-input\":\"required name=search_term_string\"}],\"inLanguage\":\"fr-FR\"}]}<\/script>\n<!-- \/ Yoast SEO plugin. -->","yoast_head_json":{"title":"Savoy - Th\u00e8me Minimaliste &amp; Ajax - Th\u00e8me WooCommerce - Woo-themes-plugins.com","robots":{"index":"index","follow":"follow","max-snippet":"max-snippet:-1","max-image-preview":"max-image-preview:large","max-video-preview":"max-video-preview:-1"},"canonical":"https:\/\/woo-themes-plugins.com\/fr\/produit\/savoy-theme-minimaliste-ajax-theme-woocommerce\/","og_locale":"fr_FR","og_type":"article","og_title":"Savoy - Th\u00e8me Minimaliste &amp; Ajax - Th\u00e8me WooCommerce - Woo-themes-plugins.com","og_description":"Savoy est un th\u00e8me WooCommerce qui se targue de mettre tout en \u0153uvre pour \u00eatre \u00e0 la fois minimaliste et exceptionnel en terme de eCommerce. L'utilisation d'un graphisme minimaliste aura pour effet de mettre en valeur la seule chose qui compte lorsqu'on poss\u00e8de un site de eCommerce : ses produits. En plus d'offrir une qualit\u00e9 graphique des plus appr\u00e9ciable, ce th\u00e8me WooCommerce s'agr\u00e9mente de nombreuses fonctionnalit\u00e9s d\u00e9velopp\u00e9e en Ajax, dans le but d'offrir la exp\u00e9rience client possible.","og_url":"https:\/\/woo-themes-plugins.com\/fr\/produit\/savoy-theme-minimaliste-ajax-theme-woocommerce\/","og_site_name":"Woo-themes-plugins.com","article_modified_time":"2018-04-26T16:21:28+00:00","og_image":[{"width":644,"height":900,"url":"https:\/\/woo-themes-plugins.com\/wp-content\/uploads\/sites\/7\/2018\/03\/woo-themes-plugins_savoy-theme-minimalistic-ajax-theme-woocommerce-interior-1.jpg","type":"image\/jpeg"}],"schema":{"@context":"https:\/\/schema.org","@graph":[{"@type":"WebPage","@id":"https:\/\/woo-themes-plugins.com\/fr\/produit\/savoy-theme-minimaliste-ajax-theme-woocommerce\/","url":"https:\/\/woo-themes-plugins.com\/fr\/produit\/savoy-theme-minimaliste-ajax-theme-woocommerce\/","name":"Savoy - Th\u00e8me Minimaliste &amp; Ajax - Th\u00e8me WooCommerce - Woo-themes-plugins.com","isPartOf":{"@id":"https:\/\/woo-themes-plugins.com\/it\/#website"},"primaryImageOfPage":{"@id":"https:\/\/woo-themes-plugins.com\/fr\/produit\/savoy-theme-minimaliste-ajax-theme-woocommerce\/#primaryimage"},"image":{"@id":"https:\/\/woo-themes-plugins.com\/fr\/produit\/savoy-theme-minimaliste-ajax-theme-woocommerce\/#primaryimage"},"thumbnailUrl":"https:\/\/woo-themes-plugins.com\/wp-content\/uploads\/sites\/7\/2018\/03\/woo-themes-plugins_savoy-theme-minimalistic-ajax-theme-woocommerce-interior-1.jpg","datePublished":"2018-03-27T04:06:13+00:00","dateModified":"2018-04-26T16:21:28+00:00","breadcrumb":{"@id":"https:\/\/woo-themes-plugins.com\/fr\/produit\/savoy-theme-minimaliste-ajax-theme-woocommerce\/#breadcrumb"},"inLanguage":"fr-FR","potentialAction":[{"@type":"ReadAction","target":["https:\/\/woo-themes-plugins.com\/fr\/produit\/savoy-theme-minimaliste-ajax-theme-woocommerce\/"]}]},{"@type":"ImageObject","inLanguage":"fr-FR","@id":"https:\/\/woo-themes-plugins.com\/fr\/produit\/savoy-theme-minimaliste-ajax-theme-woocommerce\/#primaryimage","url":"https:\/\/woo-themes-plugins.com\/wp-content\/uploads\/sites\/7\/2018\/03\/woo-themes-plugins_savoy-theme-minimalistic-ajax-theme-woocommerce-interior-1.jpg","contentUrl":"https:\/\/woo-themes-plugins.com\/wp-content\/uploads\/sites\/7\/2018\/03\/woo-themes-plugins_savoy-theme-minimalistic-ajax-theme-woocommerce-interior-1.jpg","width":644,"height":900},{"@type":"BreadcrumbList","@id":"https:\/\/woo-themes-plugins.com\/fr\/produit\/savoy-theme-minimaliste-ajax-theme-woocommerce\/#breadcrumb","itemListElement":[{"@type":"ListItem","position":1,"name":"Accueil","item":"https:\/\/woo-themes-plugins.com\/fr\/"},{"@type":"ListItem","position":2,"name":"Shop","item":"https:\/\/woo-themes-plugins.com\/shop\/"},{"@type":"ListItem","position":3,"name":"Savoy &#8211; Th\u00e8me Minimaliste &amp; Ajax &#8211; Th\u00e8me WooCommerce"}]},{"@type":"WebSite","@id":"https:\/\/woo-themes-plugins.com\/it\/#website","url":"https:\/\/woo-themes-plugins.com\/it\/","name":"Woo-themes-plugins.com","description":"Tous les th\u00e8mes et plugins WooCommerce Premium","potentialAction":[{"@type":"SearchAction","target":{"@type":"EntryPoint","urlTemplate":"https:\/\/woo-themes-plugins.com\/it\/?s={search_term_string}"},"query-input":"required name=search_term_string"}],"inLanguage":"fr-FR"}]}},"_links":{"self":[{"href":"https:\/\/woo-themes-plugins.com\/fr\/wp-json\/wp\/v2\/product\/397","targetHints":{"allow":["GET"]}}],"collection":[{"href":"https:\/\/woo-themes-plugins.com\/fr\/wp-json\/wp\/v2\/product"}],"about":[{"href":"https:\/\/woo-themes-plugins.com\/fr\/wp-json\/wp\/v2\/types\/product"}],"wp:featuredmedia":[{"embeddable":true,"href":"https:\/\/woo-themes-plugins.com\/fr\/wp-json\/wp\/v2\/media\/2156"}],"wp:attachment":[{"href":"https:\/\/woo-themes-plugins.com\/fr\/wp-json\/wp\/v2\/media?parent=397"}],"wp:term":[{"taxonomy":"product_cat","embeddable":true,"href":"https:\/\/woo-themes-plugins.com\/fr\/wp-json\/wp\/v2\/product_cat?post=397"},{"taxonomy":"product_tag","embeddable":true,"href":"https:\/\/woo-themes-plugins.com\/fr\/wp-json\/wp\/v2\/product_tag?post=397"}],"curies":[{"name":"wp","href":"https:\/\/api.w.org\/{rel}","templated":true}]}}