{"id":404,"date":"2018-03-27T05:14:33","date_gmt":"2018-03-27T04:14:33","guid":{"rendered":"https:\/\/woo-themes-plugins.com\/?post_type=product&#038;p=404"},"modified":"2018-04-26T17:21:22","modified_gmt":"2018-04-26T16:21:22","slug":"aurum-theme-minimaliste-versatile-beau-theme-woocommerce","status":"publish","type":"product","link":"https:\/\/woo-themes-plugins.com\/fr\/product\/aurum-theme-minimaliste-versatile-beau-theme-woocommerce\/","title":{"rendered":"Aurum &#8211; Th\u00e8me Minimaliste, Versatile &amp; Beau &#8211; Th\u00e8me WooCommerce"},"content":{"rendered":"","protected":false},"excerpt":{"rendered":"<p>Les th\u00e8mes minimalistes WooCommerce apportent beaucoup plus que l&rsquo;on pourrait croire dans un premier temps. Une des forces des th\u00e8mes minimalistes WooCommerce comme Aurum est la flexibilit\u00e9. Avec pareil th\u00e8me WooCommerce, cela devient un jeu d&rsquo;enfant de lancer une boutique de mode, une boutique d&rsquo;objets Hi-Tech ou encore une bijouterie en ligne voir pourquoi pas, tout ce qui te passera par la t\u00eate.<\/p>\n","protected":false},"featured_media":2212,"template":"","meta":{"_monsterinsights_skip_tracking":false,"_monsterinsights_sitenote_active":false,"_monsterinsights_sitenote_note":"","_monsterinsights_sitenote_category":0},"product_cat":[139],"product_tag":[160,144,157,158,149,172,167,145,141,171,156,173,169,163,161,151,152,150,148,146],"class_list":["post-404","product","type-product","status-publish","has-post-thumbnail","hentry","product_cat-theme-woocommerce","product_tag-bundle-plugins-premium","product_tag-debutant-woocommerce","product_tag-le-rtl-woocommerce","product_tag-megamenu-woocommerce","product_tag-theme-woocommerce-avec-builder","product_tag-theme-woocommerce-hi-tech","product_tag-theme-woocommerce-minimaliste","product_tag-theme-woocommerce-moderne","product_tag-themes-woocommerce-personnalisable","product_tag-woocommerce-bijouterie","product_tag-woocommerce-bootstrap","product_tag-woocommerce-librairie","product_tag-woocommerce-magasin-de-mode","product_tag-woocommerce-magasin-de-vetements","product_tag-woocommerce-visual-composer","product_tag-woocommerce-installation-un-clic","product_tag-woocommerce-multilingue","product_tag-woocommerce-optimise","product_tag-woocommerce-responsive","product_tag-woocommerce-retina-ready","pa_dev-woo-plugin-theme-laborator","pa_marketplace-woocommerce-themeforest-net"],"yoast_head":"<!-- This site is optimized with the Yoast SEO plugin v23.1 - https:\/\/yoast.com\/wordpress\/plugins\/seo\/ -->\n<title>Aurum - Th\u00e8me Minimaliste, Versatile &amp; Beau - Th\u00e8me WooCommerce<\/title>\n<meta name=\"description\" content=\"Un th\u00e8me minimaliste WooCommerce est l&#039;outil parfait pour nous permettre de mettre sur pied de nombreux types de site eCommerce WordPress. Aurum est un template WooCommerce qui derri\u00e8re un design \u00e9pur\u00e9 offre une tr\u00e8s grande richesse fonctionnelle. Ton futur th\u00e8me WooCommerce !\" \/>\n<meta name=\"robots\" content=\"index, follow, max-snippet:-1, max-image-preview:large, max-video-preview:-1\" \/>\n<link rel=\"canonical\" href=\"https:\/\/woo-themes-plugins.com\/fr\/produit\/aurum-theme-minimaliste-versatile-beau-theme-woocommerce\/\" \/>\n<meta property=\"og:locale\" content=\"fr_FR\" \/>\n<meta property=\"og:type\" content=\"article\" \/>\n<meta property=\"og:title\" content=\"Aurum - Th\u00e8me Minimaliste, Versatile &amp; Beau - Th\u00e8me WooCommerce\" \/>\n<meta property=\"og:description\" content=\"Un th\u00e8me minimaliste WooCommerce est l&#039;outil parfait pour nous permettre de mettre sur pied de nombreux types de site eCommerce WordPress. Aurum est un template WooCommerce qui derri\u00e8re un design \u00e9pur\u00e9 offre une tr\u00e8s grande richesse fonctionnelle. Ton futur th\u00e8me WooCommerce !\" \/>\n<meta property=\"og:url\" content=\"https:\/\/woo-themes-plugins.com\/fr\/produit\/aurum-theme-minimaliste-versatile-beau-theme-woocommerce\/\" \/>\n<meta property=\"og:site_name\" content=\"Woo-themes-plugins.com\" \/>\n<meta property=\"article:modified_time\" content=\"2018-04-26T16:21:22+00:00\" \/>\n<meta property=\"og:image\" content=\"https:\/\/woo-themes-plugins.com\/wp-content\/uploads\/sites\/7\/2018\/03\/woo-themes-plugins_aurum-theme-minimalistic-versatile-beautifull-theme-woocommerce-fashion.jpg\" \/>\n\t<meta property=\"og:image:width\" content=\"644\" \/>\n\t<meta property=\"og:image:height\" content=\"900\" \/>\n\t<meta property=\"og:image:type\" content=\"image\/jpeg\" \/>\n<script type=\"application\/ld+json\" class=\"yoast-schema-graph\">{\"@context\":\"https:\/\/schema.org\",\"@graph\":[{\"@type\":\"WebPage\",\"@id\":\"https:\/\/woo-themes-plugins.com\/fr\/produit\/aurum-theme-minimaliste-versatile-beau-theme-woocommerce\/\",\"url\":\"https:\/\/woo-themes-plugins.com\/fr\/produit\/aurum-theme-minimaliste-versatile-beau-theme-woocommerce\/\",\"name\":\"Aurum - Th\u00e8me Minimaliste, Versatile & Beau - Th\u00e8me WooCommerce\",\"isPartOf\":{\"@id\":\"https:\/\/woo-themes-plugins.com\/it\/#website\"},\"primaryImageOfPage\":{\"@id\":\"https:\/\/woo-themes-plugins.com\/fr\/produit\/aurum-theme-minimaliste-versatile-beau-theme-woocommerce\/#primaryimage\"},\"image\":{\"@id\":\"https:\/\/woo-themes-plugins.com\/fr\/produit\/aurum-theme-minimaliste-versatile-beau-theme-woocommerce\/#primaryimage\"},\"thumbnailUrl\":\"https:\/\/woo-themes-plugins.com\/wp-content\/uploads\/sites\/7\/2018\/03\/woo-themes-plugins_aurum-theme-minimalistic-versatile-beautifull-theme-woocommerce-fashion.jpg\",\"datePublished\":\"2018-03-27T04:14:33+00:00\",\"dateModified\":\"2018-04-26T16:21:22+00:00\",\"description\":\"Un th\u00e8me minimaliste WooCommerce est l'outil parfait pour nous permettre de mettre sur pied de nombreux types de site eCommerce WordPress. Aurum est un template WooCommerce qui derri\u00e8re un design \u00e9pur\u00e9 offre une tr\u00e8s grande richesse fonctionnelle. Ton futur th\u00e8me WooCommerce !\",\"breadcrumb\":{\"@id\":\"https:\/\/woo-themes-plugins.com\/fr\/produit\/aurum-theme-minimaliste-versatile-beau-theme-woocommerce\/#breadcrumb\"},\"inLanguage\":\"fr-FR\",\"potentialAction\":[{\"@type\":\"ReadAction\",\"target\":[\"https:\/\/woo-themes-plugins.com\/fr\/produit\/aurum-theme-minimaliste-versatile-beau-theme-woocommerce\/\"]}]},{\"@type\":\"ImageObject\",\"inLanguage\":\"fr-FR\",\"@id\":\"https:\/\/woo-themes-plugins.com\/fr\/produit\/aurum-theme-minimaliste-versatile-beau-theme-woocommerce\/#primaryimage\",\"url\":\"https:\/\/woo-themes-plugins.com\/wp-content\/uploads\/sites\/7\/2018\/03\/woo-themes-plugins_aurum-theme-minimalistic-versatile-beautifull-theme-woocommerce-fashion.jpg\",\"contentUrl\":\"https:\/\/woo-themes-plugins.com\/wp-content\/uploads\/sites\/7\/2018\/03\/woo-themes-plugins_aurum-theme-minimalistic-versatile-beautifull-theme-woocommerce-fashion.jpg\",\"width\":644,\"height\":900},{\"@type\":\"BreadcrumbList\",\"@id\":\"https:\/\/woo-themes-plugins.com\/fr\/produit\/aurum-theme-minimaliste-versatile-beau-theme-woocommerce\/#breadcrumb\",\"itemListElement\":[{\"@type\":\"ListItem\",\"position\":1,\"name\":\"Accueil\",\"item\":\"https:\/\/woo-themes-plugins.com\/fr\/\"},{\"@type\":\"ListItem\",\"position\":2,\"name\":\"Shop\",\"item\":\"https:\/\/woo-themes-plugins.com\/shop\/\"},{\"@type\":\"ListItem\",\"position\":3,\"name\":\"Aurum &#8211; Th\u00e8me Minimaliste, Versatile &amp; Beau &#8211; Th\u00e8me WooCommerce\"}]},{\"@type\":\"WebSite\",\"@id\":\"https:\/\/woo-themes-plugins.com\/it\/#website\",\"url\":\"https:\/\/woo-themes-plugins.com\/it\/\",\"name\":\"Woo-themes-plugins.com\",\"description\":\"Tous les th\u00e8mes et plugins WooCommerce Premium\",\"potentialAction\":[{\"@type\":\"SearchAction\",\"target\":{\"@type\":\"EntryPoint\",\"urlTemplate\":\"https:\/\/woo-themes-plugins.com\/it\/?s={search_term_string}\"},\"query-input\":\"required name=search_term_string\"}],\"inLanguage\":\"fr-FR\"}]}<\/script>\n<!-- \/ Yoast SEO plugin. -->","yoast_head_json":{"title":"Aurum - Th\u00e8me Minimaliste, Versatile & Beau - Th\u00e8me WooCommerce","description":"Un th\u00e8me minimaliste WooCommerce est l'outil parfait pour nous permettre de mettre sur pied de nombreux types de site eCommerce WordPress. Aurum est un template WooCommerce qui derri\u00e8re un design \u00e9pur\u00e9 offre une tr\u00e8s grande richesse fonctionnelle. Ton futur th\u00e8me WooCommerce !","robots":{"index":"index","follow":"follow","max-snippet":"max-snippet:-1","max-image-preview":"max-image-preview:large","max-video-preview":"max-video-preview:-1"},"canonical":"https:\/\/woo-themes-plugins.com\/fr\/produit\/aurum-theme-minimaliste-versatile-beau-theme-woocommerce\/","og_locale":"fr_FR","og_type":"article","og_title":"Aurum - Th\u00e8me Minimaliste, Versatile & Beau - Th\u00e8me WooCommerce","og_description":"Un th\u00e8me minimaliste WooCommerce est l'outil parfait pour nous permettre de mettre sur pied de nombreux types de site eCommerce WordPress. Aurum est un template WooCommerce qui derri\u00e8re un design \u00e9pur\u00e9 offre une tr\u00e8s grande richesse fonctionnelle. Ton futur th\u00e8me WooCommerce !","og_url":"https:\/\/woo-themes-plugins.com\/fr\/produit\/aurum-theme-minimaliste-versatile-beau-theme-woocommerce\/","og_site_name":"Woo-themes-plugins.com","article_modified_time":"2018-04-26T16:21:22+00:00","og_image":[{"width":644,"height":900,"url":"https:\/\/woo-themes-plugins.com\/wp-content\/uploads\/sites\/7\/2018\/03\/woo-themes-plugins_aurum-theme-minimalistic-versatile-beautifull-theme-woocommerce-fashion.jpg","type":"image\/jpeg"}],"schema":{"@context":"https:\/\/schema.org","@graph":[{"@type":"WebPage","@id":"https:\/\/woo-themes-plugins.com\/fr\/produit\/aurum-theme-minimaliste-versatile-beau-theme-woocommerce\/","url":"https:\/\/woo-themes-plugins.com\/fr\/produit\/aurum-theme-minimaliste-versatile-beau-theme-woocommerce\/","name":"Aurum - Th\u00e8me Minimaliste, Versatile & Beau - Th\u00e8me WooCommerce","isPartOf":{"@id":"https:\/\/woo-themes-plugins.com\/it\/#website"},"primaryImageOfPage":{"@id":"https:\/\/woo-themes-plugins.com\/fr\/produit\/aurum-theme-minimaliste-versatile-beau-theme-woocommerce\/#primaryimage"},"image":{"@id":"https:\/\/woo-themes-plugins.com\/fr\/produit\/aurum-theme-minimaliste-versatile-beau-theme-woocommerce\/#primaryimage"},"thumbnailUrl":"https:\/\/woo-themes-plugins.com\/wp-content\/uploads\/sites\/7\/2018\/03\/woo-themes-plugins_aurum-theme-minimalistic-versatile-beautifull-theme-woocommerce-fashion.jpg","datePublished":"2018-03-27T04:14:33+00:00","dateModified":"2018-04-26T16:21:22+00:00","description":"Un th\u00e8me minimaliste WooCommerce est l'outil parfait pour nous permettre de mettre sur pied de nombreux types de site eCommerce WordPress. Aurum est un template WooCommerce qui derri\u00e8re un design \u00e9pur\u00e9 offre une tr\u00e8s grande richesse fonctionnelle. Ton futur th\u00e8me WooCommerce !","breadcrumb":{"@id":"https:\/\/woo-themes-plugins.com\/fr\/produit\/aurum-theme-minimaliste-versatile-beau-theme-woocommerce\/#breadcrumb"},"inLanguage":"fr-FR","potentialAction":[{"@type":"ReadAction","target":["https:\/\/woo-themes-plugins.com\/fr\/produit\/aurum-theme-minimaliste-versatile-beau-theme-woocommerce\/"]}]},{"@type":"ImageObject","inLanguage":"fr-FR","@id":"https:\/\/woo-themes-plugins.com\/fr\/produit\/aurum-theme-minimaliste-versatile-beau-theme-woocommerce\/#primaryimage","url":"https:\/\/woo-themes-plugins.com\/wp-content\/uploads\/sites\/7\/2018\/03\/woo-themes-plugins_aurum-theme-minimalistic-versatile-beautifull-theme-woocommerce-fashion.jpg","contentUrl":"https:\/\/woo-themes-plugins.com\/wp-content\/uploads\/sites\/7\/2018\/03\/woo-themes-plugins_aurum-theme-minimalistic-versatile-beautifull-theme-woocommerce-fashion.jpg","width":644,"height":900},{"@type":"BreadcrumbList","@id":"https:\/\/woo-themes-plugins.com\/fr\/produit\/aurum-theme-minimaliste-versatile-beau-theme-woocommerce\/#breadcrumb","itemListElement":[{"@type":"ListItem","position":1,"name":"Accueil","item":"https:\/\/woo-themes-plugins.com\/fr\/"},{"@type":"ListItem","position":2,"name":"Shop","item":"https:\/\/woo-themes-plugins.com\/shop\/"},{"@type":"ListItem","position":3,"name":"Aurum &#8211; Th\u00e8me Minimaliste, Versatile &amp; Beau &#8211; Th\u00e8me WooCommerce"}]},{"@type":"WebSite","@id":"https:\/\/woo-themes-plugins.com\/it\/#website","url":"https:\/\/woo-themes-plugins.com\/it\/","name":"Woo-themes-plugins.com","description":"Tous les th\u00e8mes et plugins WooCommerce Premium","potentialAction":[{"@type":"SearchAction","target":{"@type":"EntryPoint","urlTemplate":"https:\/\/woo-themes-plugins.com\/it\/?s={search_term_string}"},"query-input":"required name=search_term_string"}],"inLanguage":"fr-FR"}]}},"_links":{"self":[{"href":"https:\/\/woo-themes-plugins.com\/fr\/wp-json\/wp\/v2\/product\/404","targetHints":{"allow":["GET"]}}],"collection":[{"href":"https:\/\/woo-themes-plugins.com\/fr\/wp-json\/wp\/v2\/product"}],"about":[{"href":"https:\/\/woo-themes-plugins.com\/fr\/wp-json\/wp\/v2\/types\/product"}],"wp:featuredmedia":[{"embeddable":true,"href":"https:\/\/woo-themes-plugins.com\/fr\/wp-json\/wp\/v2\/media\/2212"}],"wp:attachment":[{"href":"https:\/\/woo-themes-plugins.com\/fr\/wp-json\/wp\/v2\/media?parent=404"}],"wp:term":[{"taxonomy":"product_cat","embeddable":true,"href":"https:\/\/woo-themes-plugins.com\/fr\/wp-json\/wp\/v2\/product_cat?post=404"},{"taxonomy":"product_tag","embeddable":true,"href":"https:\/\/woo-themes-plugins.com\/fr\/wp-json\/wp\/v2\/product_tag?post=404"}],"curies":[{"name":"wp","href":"https:\/\/api.w.org\/{rel}","templated":true}]}}