{"id":411,"date":"2018-03-27T08:17:54","date_gmt":"2018-03-27T07:17:54","guid":{"rendered":"https:\/\/woo-themes-plugins.com\/?post_type=product&#038;p=411"},"modified":"2018-04-26T17:21:16","modified_gmt":"2018-04-26T16:21:16","slug":"flashlight-theme-full-screen-luxe-theme-woocommerce","status":"publish","type":"product","link":"https:\/\/woo-themes-plugins.com\/fr\/product\/flashlight-theme-full-screen-luxe-theme-woocommerce\/","title":{"rendered":"Flashlight &#8211; Th\u00e8me Full Screen \/ Luxe &#8211; Th\u00e8me WooCommerce"},"content":{"rendered":"","protected":false},"excerpt":{"rendered":"<p>Tu as de superbe images \u00e0 montrer sur ton site de eCommerce ? Que ce soit car tu es photographe, ou que tu vendes des produits de luxe par exemple, tes images sont le faire valoir de ton site WooCommerce. <em>FlashLight <\/em>est l&rsquo;un des tout premiers th\u00e8mes WooCommerce \u00e0 avoir propos\u00e9e une telle mise en page. En plus d&rsquo;\u00eatre beau, <em>Flashlight <\/em>est un th\u00e8me WordPress qui a pens\u00e9 \u00e0 tout, car il est m\u00eame optimis\u00e9 pour le r\u00e9f\u00e9rencement naturel.<\/p>\n","protected":false},"featured_media":2220,"template":"","meta":{"_monsterinsights_skip_tracking":false,"_monsterinsights_sitenote_active":false,"_monsterinsights_sitenote_note":"","_monsterinsights_sitenote_category":0},"product_cat":[139],"product_tag":[144,167,145,141,171,174,175,163,151,152,150,148,146],"class_list":["post-411","product","type-product","status-publish","has-post-thumbnail","hentry","product_cat-theme-woocommerce","product_tag-debutant-woocommerce","product_tag-theme-woocommerce-minimaliste","product_tag-theme-woocommerce-moderne","product_tag-themes-woocommerce-personnalisable","product_tag-woocommerce-bijouterie","product_tag-woocommerce-la-photographie","product_tag-woocommerce-luxe-haut-de-gamme","product_tag-woocommerce-magasin-de-vetements","product_tag-woocommerce-installation-un-clic","product_tag-woocommerce-multilingue","product_tag-woocommerce-optimise","product_tag-woocommerce-responsive","product_tag-woocommerce-retina-ready","pa_dev-woo-plugin-theme-kriesi","pa_marketplace-woocommerce-themeforest-net"],"yoast_head":"<!-- This site is optimized with the Yoast SEO plugin v23.1 - https:\/\/yoast.com\/wordpress\/plugins\/seo\/ -->\n<title>Flashlight - Th\u00e8me Full Screen \/ Luxe - Th\u00e8me WooCommerce - Woo-themes-plugins.com<\/title>\n<meta name=\"robots\" content=\"index, follow, max-snippet:-1, max-image-preview:large, max-video-preview:-1\" \/>\n<link rel=\"canonical\" href=\"https:\/\/woo-themes-plugins.com\/fr\/produit\/flashlight-theme-full-screen-luxe-theme-woocommerce\/\" \/>\n<meta property=\"og:locale\" content=\"fr_FR\" \/>\n<meta property=\"og:type\" content=\"article\" \/>\n<meta property=\"og:title\" content=\"Flashlight - Th\u00e8me Full Screen \/ Luxe - Th\u00e8me WooCommerce - Woo-themes-plugins.com\" \/>\n<meta property=\"og:description\" content=\"Tu as de superbe images \u00e0 montrer sur ton site de eCommerce ? Que ce soit car tu es photographe, ou que tu vendes des produits de luxe par exemple, tes images sont le faire valoir de ton site WooCommerce. FlashLight est l&#039;un des tout premiers th\u00e8mes WooCommerce \u00e0 avoir propos\u00e9e une telle mise en page. En plus d&#039;\u00eatre beau, Flashlight est un th\u00e8me WordPress qui a pens\u00e9 \u00e0 tout, car il est m\u00eame optimis\u00e9 pour le r\u00e9f\u00e9rencement naturel.\" \/>\n<meta property=\"og:url\" content=\"https:\/\/woo-themes-plugins.com\/fr\/produit\/flashlight-theme-full-screen-luxe-theme-woocommerce\/\" \/>\n<meta property=\"og:site_name\" content=\"Woo-themes-plugins.com\" \/>\n<meta property=\"article:modified_time\" content=\"2018-04-26T16:21:16+00:00\" \/>\n<meta property=\"og:image\" content=\"https:\/\/woo-themes-plugins.com\/wp-content\/uploads\/sites\/7\/2018\/03\/woo-themes-plugins_flashlight-theme-fullscreen-luxury-theme-woocommerce-2.jpg\" \/>\n\t<meta property=\"og:image:width\" content=\"1744\" \/>\n\t<meta property=\"og:image:height\" content=\"900\" \/>\n\t<meta property=\"og:image:type\" content=\"image\/jpeg\" \/>\n<script type=\"application\/ld+json\" class=\"yoast-schema-graph\">{\"@context\":\"https:\/\/schema.org\",\"@graph\":[{\"@type\":\"WebPage\",\"@id\":\"https:\/\/woo-themes-plugins.com\/fr\/produit\/flashlight-theme-full-screen-luxe-theme-woocommerce\/\",\"url\":\"https:\/\/woo-themes-plugins.com\/fr\/produit\/flashlight-theme-full-screen-luxe-theme-woocommerce\/\",\"name\":\"Flashlight - Th\u00e8me Full Screen \/ Luxe - Th\u00e8me WooCommerce - Woo-themes-plugins.com\",\"isPartOf\":{\"@id\":\"https:\/\/woo-themes-plugins.com\/it\/#website\"},\"primaryImageOfPage\":{\"@id\":\"https:\/\/woo-themes-plugins.com\/fr\/produit\/flashlight-theme-full-screen-luxe-theme-woocommerce\/#primaryimage\"},\"image\":{\"@id\":\"https:\/\/woo-themes-plugins.com\/fr\/produit\/flashlight-theme-full-screen-luxe-theme-woocommerce\/#primaryimage\"},\"thumbnailUrl\":\"https:\/\/woo-themes-plugins.com\/wp-content\/uploads\/sites\/7\/2018\/03\/woo-themes-plugins_flashlight-theme-fullscreen-luxury-theme-woocommerce-2.jpg\",\"datePublished\":\"2018-03-27T07:17:54+00:00\",\"dateModified\":\"2018-04-26T16:21:16+00:00\",\"breadcrumb\":{\"@id\":\"https:\/\/woo-themes-plugins.com\/fr\/produit\/flashlight-theme-full-screen-luxe-theme-woocommerce\/#breadcrumb\"},\"inLanguage\":\"fr-FR\",\"potentialAction\":[{\"@type\":\"ReadAction\",\"target\":[\"https:\/\/woo-themes-plugins.com\/fr\/produit\/flashlight-theme-full-screen-luxe-theme-woocommerce\/\"]}]},{\"@type\":\"ImageObject\",\"inLanguage\":\"fr-FR\",\"@id\":\"https:\/\/woo-themes-plugins.com\/fr\/produit\/flashlight-theme-full-screen-luxe-theme-woocommerce\/#primaryimage\",\"url\":\"https:\/\/woo-themes-plugins.com\/wp-content\/uploads\/sites\/7\/2018\/03\/woo-themes-plugins_flashlight-theme-fullscreen-luxury-theme-woocommerce-2.jpg\",\"contentUrl\":\"https:\/\/woo-themes-plugins.com\/wp-content\/uploads\/sites\/7\/2018\/03\/woo-themes-plugins_flashlight-theme-fullscreen-luxury-theme-woocommerce-2.jpg\",\"width\":1744,\"height\":900},{\"@type\":\"BreadcrumbList\",\"@id\":\"https:\/\/woo-themes-plugins.com\/fr\/produit\/flashlight-theme-full-screen-luxe-theme-woocommerce\/#breadcrumb\",\"itemListElement\":[{\"@type\":\"ListItem\",\"position\":1,\"name\":\"Accueil\",\"item\":\"https:\/\/woo-themes-plugins.com\/fr\/\"},{\"@type\":\"ListItem\",\"position\":2,\"name\":\"Shop\",\"item\":\"https:\/\/woo-themes-plugins.com\/shop\/\"},{\"@type\":\"ListItem\",\"position\":3,\"name\":\"Flashlight &#8211; Th\u00e8me Full Screen \/ Luxe &#8211; Th\u00e8me WooCommerce\"}]},{\"@type\":\"WebSite\",\"@id\":\"https:\/\/woo-themes-plugins.com\/it\/#website\",\"url\":\"https:\/\/woo-themes-plugins.com\/it\/\",\"name\":\"Woo-themes-plugins.com\",\"description\":\"Tous les th\u00e8mes et plugins WooCommerce Premium\",\"potentialAction\":[{\"@type\":\"SearchAction\",\"target\":{\"@type\":\"EntryPoint\",\"urlTemplate\":\"https:\/\/woo-themes-plugins.com\/it\/?s={search_term_string}\"},\"query-input\":\"required name=search_term_string\"}],\"inLanguage\":\"fr-FR\"}]}<\/script>\n<!-- \/ Yoast SEO plugin. -->","yoast_head_json":{"title":"Flashlight - Th\u00e8me Full Screen \/ Luxe - Th\u00e8me WooCommerce - Woo-themes-plugins.com","robots":{"index":"index","follow":"follow","max-snippet":"max-snippet:-1","max-image-preview":"max-image-preview:large","max-video-preview":"max-video-preview:-1"},"canonical":"https:\/\/woo-themes-plugins.com\/fr\/produit\/flashlight-theme-full-screen-luxe-theme-woocommerce\/","og_locale":"fr_FR","og_type":"article","og_title":"Flashlight - Th\u00e8me Full Screen \/ Luxe - Th\u00e8me WooCommerce - Woo-themes-plugins.com","og_description":"Tu as de superbe images \u00e0 montrer sur ton site de eCommerce ? Que ce soit car tu es photographe, ou que tu vendes des produits de luxe par exemple, tes images sont le faire valoir de ton site WooCommerce. FlashLight est l'un des tout premiers th\u00e8mes WooCommerce \u00e0 avoir propos\u00e9e une telle mise en page. En plus d'\u00eatre beau, Flashlight est un th\u00e8me WordPress qui a pens\u00e9 \u00e0 tout, car il est m\u00eame optimis\u00e9 pour le r\u00e9f\u00e9rencement naturel.","og_url":"https:\/\/woo-themes-plugins.com\/fr\/produit\/flashlight-theme-full-screen-luxe-theme-woocommerce\/","og_site_name":"Woo-themes-plugins.com","article_modified_time":"2018-04-26T16:21:16+00:00","og_image":[{"width":1744,"height":900,"url":"https:\/\/woo-themes-plugins.com\/wp-content\/uploads\/sites\/7\/2018\/03\/woo-themes-plugins_flashlight-theme-fullscreen-luxury-theme-woocommerce-2.jpg","type":"image\/jpeg"}],"schema":{"@context":"https:\/\/schema.org","@graph":[{"@type":"WebPage","@id":"https:\/\/woo-themes-plugins.com\/fr\/produit\/flashlight-theme-full-screen-luxe-theme-woocommerce\/","url":"https:\/\/woo-themes-plugins.com\/fr\/produit\/flashlight-theme-full-screen-luxe-theme-woocommerce\/","name":"Flashlight - Th\u00e8me Full Screen \/ Luxe - Th\u00e8me WooCommerce - Woo-themes-plugins.com","isPartOf":{"@id":"https:\/\/woo-themes-plugins.com\/it\/#website"},"primaryImageOfPage":{"@id":"https:\/\/woo-themes-plugins.com\/fr\/produit\/flashlight-theme-full-screen-luxe-theme-woocommerce\/#primaryimage"},"image":{"@id":"https:\/\/woo-themes-plugins.com\/fr\/produit\/flashlight-theme-full-screen-luxe-theme-woocommerce\/#primaryimage"},"thumbnailUrl":"https:\/\/woo-themes-plugins.com\/wp-content\/uploads\/sites\/7\/2018\/03\/woo-themes-plugins_flashlight-theme-fullscreen-luxury-theme-woocommerce-2.jpg","datePublished":"2018-03-27T07:17:54+00:00","dateModified":"2018-04-26T16:21:16+00:00","breadcrumb":{"@id":"https:\/\/woo-themes-plugins.com\/fr\/produit\/flashlight-theme-full-screen-luxe-theme-woocommerce\/#breadcrumb"},"inLanguage":"fr-FR","potentialAction":[{"@type":"ReadAction","target":["https:\/\/woo-themes-plugins.com\/fr\/produit\/flashlight-theme-full-screen-luxe-theme-woocommerce\/"]}]},{"@type":"ImageObject","inLanguage":"fr-FR","@id":"https:\/\/woo-themes-plugins.com\/fr\/produit\/flashlight-theme-full-screen-luxe-theme-woocommerce\/#primaryimage","url":"https:\/\/woo-themes-plugins.com\/wp-content\/uploads\/sites\/7\/2018\/03\/woo-themes-plugins_flashlight-theme-fullscreen-luxury-theme-woocommerce-2.jpg","contentUrl":"https:\/\/woo-themes-plugins.com\/wp-content\/uploads\/sites\/7\/2018\/03\/woo-themes-plugins_flashlight-theme-fullscreen-luxury-theme-woocommerce-2.jpg","width":1744,"height":900},{"@type":"BreadcrumbList","@id":"https:\/\/woo-themes-plugins.com\/fr\/produit\/flashlight-theme-full-screen-luxe-theme-woocommerce\/#breadcrumb","itemListElement":[{"@type":"ListItem","position":1,"name":"Accueil","item":"https:\/\/woo-themes-plugins.com\/fr\/"},{"@type":"ListItem","position":2,"name":"Shop","item":"https:\/\/woo-themes-plugins.com\/shop\/"},{"@type":"ListItem","position":3,"name":"Flashlight &#8211; Th\u00e8me Full Screen \/ Luxe &#8211; Th\u00e8me WooCommerce"}]},{"@type":"WebSite","@id":"https:\/\/woo-themes-plugins.com\/it\/#website","url":"https:\/\/woo-themes-plugins.com\/it\/","name":"Woo-themes-plugins.com","description":"Tous les th\u00e8mes et plugins WooCommerce Premium","potentialAction":[{"@type":"SearchAction","target":{"@type":"EntryPoint","urlTemplate":"https:\/\/woo-themes-plugins.com\/it\/?s={search_term_string}"},"query-input":"required name=search_term_string"}],"inLanguage":"fr-FR"}]}},"_links":{"self":[{"href":"https:\/\/woo-themes-plugins.com\/fr\/wp-json\/wp\/v2\/product\/411","targetHints":{"allow":["GET"]}}],"collection":[{"href":"https:\/\/woo-themes-plugins.com\/fr\/wp-json\/wp\/v2\/product"}],"about":[{"href":"https:\/\/woo-themes-plugins.com\/fr\/wp-json\/wp\/v2\/types\/product"}],"wp:featuredmedia":[{"embeddable":true,"href":"https:\/\/woo-themes-plugins.com\/fr\/wp-json\/wp\/v2\/media\/2220"}],"wp:attachment":[{"href":"https:\/\/woo-themes-plugins.com\/fr\/wp-json\/wp\/v2\/media?parent=411"}],"wp:term":[{"taxonomy":"product_cat","embeddable":true,"href":"https:\/\/woo-themes-plugins.com\/fr\/wp-json\/wp\/v2\/product_cat?post=411"},{"taxonomy":"product_tag","embeddable":true,"href":"https:\/\/woo-themes-plugins.com\/fr\/wp-json\/wp\/v2\/product_tag?post=411"}],"curies":[{"name":"wp","href":"https:\/\/api.w.org\/{rel}","templated":true}]}}