{"id":419,"date":"2018-03-27T08:24:22","date_gmt":"2018-03-27T07:24:22","guid":{"rendered":"https:\/\/woo-themes-plugins.com\/?post_type=product&#038;p=419"},"modified":"2018-04-26T17:21:10","modified_gmt":"2018-04-26T16:21:10","slug":"blanco-theme-responsive-minimaliste-mega-menu-theme-woocommerce-mode","status":"publish","type":"product","link":"https:\/\/woo-themes-plugins.com\/fr\/product\/blanco-theme-responsive-minimaliste-mega-menu-theme-woocommerce-mode\/","title":{"rendered":"Blanco &#8211; Th\u00e8me Responsive, Minimaliste &amp; Mega Menu &#8211; Th\u00e8me WooCommerce Mode"},"content":{"rendered":"","protected":false},"excerpt":{"rendered":"<p>D\u00e9velopp\u00e9 r\u00e9guli\u00e8rement depuis plus de 6 ans, <em>Blanco <\/em>est un th\u00e8me WooCommerce qui a sait pousser le minimalisme au maximum, tout en offrant une v\u00e9ritable richesse fonctionnelle aussi bien pour le client final que pour la mise en ligne de son site WooCommerce. <em>Blanco <\/em>est sans conteste l&rsquo;un des th\u00e8mes WooCommerce minimaliste les plus versatiles du march\u00e9.<\/p>\n","protected":false},"featured_media":2252,"template":"","meta":{"_monsterinsights_skip_tracking":false,"_monsterinsights_sitenote_active":false,"_monsterinsights_sitenote_note":"","_monsterinsights_sitenote_category":0},"product_cat":[139],"product_tag":[144,167,145,141,171,175,169,163,151,152,150,148],"class_list":["post-419","product","type-product","status-publish","has-post-thumbnail","hentry","product_cat-theme-woocommerce","product_tag-debutant-woocommerce","product_tag-theme-woocommerce-minimaliste","product_tag-theme-woocommerce-moderne","product_tag-themes-woocommerce-personnalisable","product_tag-woocommerce-bijouterie","product_tag-woocommerce-luxe-haut-de-gamme","product_tag-woocommerce-magasin-de-mode","product_tag-woocommerce-magasin-de-vetements","product_tag-woocommerce-installation-un-clic","product_tag-woocommerce-multilingue","product_tag-woocommerce-optimise","product_tag-woocommerce-responsive","pa_dev-woo-plugin-theme-8theme","pa_marketplace-woocommerce-themeforest-net"],"yoast_head":"<!-- This site is optimized with the Yoast SEO plugin v23.1 - https:\/\/yoast.com\/wordpress\/plugins\/seo\/ -->\n<title>Blanco - Th\u00e8me Responsive, Minimaliste &amp; Mega Menu - Th\u00e8me WooCommerce Mode - Woo-themes-plugins.com<\/title>\n<meta name=\"robots\" content=\"index, follow, max-snippet:-1, max-image-preview:large, max-video-preview:-1\" \/>\n<link rel=\"canonical\" href=\"https:\/\/woo-themes-plugins.com\/fr\/produit\/blanco-theme-responsive-minimaliste-mega-menu-theme-woocommerce-mode\/\" \/>\n<meta property=\"og:locale\" content=\"fr_FR\" \/>\n<meta property=\"og:type\" content=\"article\" \/>\n<meta property=\"og:title\" content=\"Blanco - Th\u00e8me Responsive, Minimaliste &amp; Mega Menu - Th\u00e8me WooCommerce Mode - Woo-themes-plugins.com\" \/>\n<meta property=\"og:description\" content=\"D\u00e9velopp\u00e9 r\u00e9guli\u00e8rement depuis plus de 6 ans, Blanco est un th\u00e8me WooCommerce qui a sait pousser le minimalisme au maximum, tout en offrant une v\u00e9ritable richesse fonctionnelle aussi bien pour le client final que pour la mise en ligne de son site WooCommerce. Blanco est sans conteste l&#039;un des th\u00e8mes WooCommerce minimaliste les plus versatiles du march\u00e9.\" \/>\n<meta property=\"og:url\" content=\"https:\/\/woo-themes-plugins.com\/fr\/produit\/blanco-theme-responsive-minimaliste-mega-menu-theme-woocommerce-mode\/\" \/>\n<meta property=\"og:site_name\" content=\"Woo-themes-plugins.com\" \/>\n<meta property=\"article:modified_time\" content=\"2018-04-26T16:21:10+00:00\" \/>\n<meta property=\"og:image\" content=\"https:\/\/woo-themes-plugins.com\/wp-content\/uploads\/sites\/7\/2018\/03\/woo-themes-plugins_blanco-theme-responsive-minimalistic-megamenu-theme-woocommerce-fashion.jpg\" \/>\n\t<meta property=\"og:image:width\" content=\"644\" \/>\n\t<meta property=\"og:image:height\" content=\"900\" \/>\n\t<meta property=\"og:image:type\" content=\"image\/jpeg\" \/>\n<script type=\"application\/ld+json\" class=\"yoast-schema-graph\">{\"@context\":\"https:\/\/schema.org\",\"@graph\":[{\"@type\":\"WebPage\",\"@id\":\"https:\/\/woo-themes-plugins.com\/fr\/produit\/blanco-theme-responsive-minimaliste-mega-menu-theme-woocommerce-mode\/\",\"url\":\"https:\/\/woo-themes-plugins.com\/fr\/produit\/blanco-theme-responsive-minimaliste-mega-menu-theme-woocommerce-mode\/\",\"name\":\"Blanco - Th\u00e8me Responsive, Minimaliste &amp; Mega Menu - Th\u00e8me WooCommerce Mode - Woo-themes-plugins.com\",\"isPartOf\":{\"@id\":\"https:\/\/woo-themes-plugins.com\/it\/#website\"},\"primaryImageOfPage\":{\"@id\":\"https:\/\/woo-themes-plugins.com\/fr\/produit\/blanco-theme-responsive-minimaliste-mega-menu-theme-woocommerce-mode\/#primaryimage\"},\"image\":{\"@id\":\"https:\/\/woo-themes-plugins.com\/fr\/produit\/blanco-theme-responsive-minimaliste-mega-menu-theme-woocommerce-mode\/#primaryimage\"},\"thumbnailUrl\":\"https:\/\/woo-themes-plugins.com\/wp-content\/uploads\/sites\/7\/2018\/03\/woo-themes-plugins_blanco-theme-responsive-minimalistic-megamenu-theme-woocommerce-fashion.jpg\",\"datePublished\":\"2018-03-27T07:24:22+00:00\",\"dateModified\":\"2018-04-26T16:21:10+00:00\",\"breadcrumb\":{\"@id\":\"https:\/\/woo-themes-plugins.com\/fr\/produit\/blanco-theme-responsive-minimaliste-mega-menu-theme-woocommerce-mode\/#breadcrumb\"},\"inLanguage\":\"fr-FR\",\"potentialAction\":[{\"@type\":\"ReadAction\",\"target\":[\"https:\/\/woo-themes-plugins.com\/fr\/produit\/blanco-theme-responsive-minimaliste-mega-menu-theme-woocommerce-mode\/\"]}]},{\"@type\":\"ImageObject\",\"inLanguage\":\"fr-FR\",\"@id\":\"https:\/\/woo-themes-plugins.com\/fr\/produit\/blanco-theme-responsive-minimaliste-mega-menu-theme-woocommerce-mode\/#primaryimage\",\"url\":\"https:\/\/woo-themes-plugins.com\/wp-content\/uploads\/sites\/7\/2018\/03\/woo-themes-plugins_blanco-theme-responsive-minimalistic-megamenu-theme-woocommerce-fashion.jpg\",\"contentUrl\":\"https:\/\/woo-themes-plugins.com\/wp-content\/uploads\/sites\/7\/2018\/03\/woo-themes-plugins_blanco-theme-responsive-minimalistic-megamenu-theme-woocommerce-fashion.jpg\",\"width\":644,\"height\":900},{\"@type\":\"BreadcrumbList\",\"@id\":\"https:\/\/woo-themes-plugins.com\/fr\/produit\/blanco-theme-responsive-minimaliste-mega-menu-theme-woocommerce-mode\/#breadcrumb\",\"itemListElement\":[{\"@type\":\"ListItem\",\"position\":1,\"name\":\"Accueil\",\"item\":\"https:\/\/woo-themes-plugins.com\/fr\/\"},{\"@type\":\"ListItem\",\"position\":2,\"name\":\"Shop\",\"item\":\"https:\/\/woo-themes-plugins.com\/shop\/\"},{\"@type\":\"ListItem\",\"position\":3,\"name\":\"Blanco &#8211; Th\u00e8me Responsive, Minimaliste &amp; Mega Menu &#8211; Th\u00e8me WooCommerce Mode\"}]},{\"@type\":\"WebSite\",\"@id\":\"https:\/\/woo-themes-plugins.com\/it\/#website\",\"url\":\"https:\/\/woo-themes-plugins.com\/it\/\",\"name\":\"Woo-themes-plugins.com\",\"description\":\"Tous les th\u00e8mes et plugins WooCommerce Premium\",\"potentialAction\":[{\"@type\":\"SearchAction\",\"target\":{\"@type\":\"EntryPoint\",\"urlTemplate\":\"https:\/\/woo-themes-plugins.com\/it\/?s={search_term_string}\"},\"query-input\":\"required name=search_term_string\"}],\"inLanguage\":\"fr-FR\"}]}<\/script>\n<!-- \/ Yoast SEO plugin. -->","yoast_head_json":{"title":"Blanco - Th\u00e8me Responsive, Minimaliste &amp; Mega Menu - Th\u00e8me WooCommerce Mode - Woo-themes-plugins.com","robots":{"index":"index","follow":"follow","max-snippet":"max-snippet:-1","max-image-preview":"max-image-preview:large","max-video-preview":"max-video-preview:-1"},"canonical":"https:\/\/woo-themes-plugins.com\/fr\/produit\/blanco-theme-responsive-minimaliste-mega-menu-theme-woocommerce-mode\/","og_locale":"fr_FR","og_type":"article","og_title":"Blanco - Th\u00e8me Responsive, Minimaliste &amp; Mega Menu - Th\u00e8me WooCommerce Mode - Woo-themes-plugins.com","og_description":"D\u00e9velopp\u00e9 r\u00e9guli\u00e8rement depuis plus de 6 ans, Blanco est un th\u00e8me WooCommerce qui a sait pousser le minimalisme au maximum, tout en offrant une v\u00e9ritable richesse fonctionnelle aussi bien pour le client final que pour la mise en ligne de son site WooCommerce. Blanco est sans conteste l'un des th\u00e8mes WooCommerce minimaliste les plus versatiles du march\u00e9.","og_url":"https:\/\/woo-themes-plugins.com\/fr\/produit\/blanco-theme-responsive-minimaliste-mega-menu-theme-woocommerce-mode\/","og_site_name":"Woo-themes-plugins.com","article_modified_time":"2018-04-26T16:21:10+00:00","og_image":[{"width":644,"height":900,"url":"https:\/\/woo-themes-plugins.com\/wp-content\/uploads\/sites\/7\/2018\/03\/woo-themes-plugins_blanco-theme-responsive-minimalistic-megamenu-theme-woocommerce-fashion.jpg","type":"image\/jpeg"}],"schema":{"@context":"https:\/\/schema.org","@graph":[{"@type":"WebPage","@id":"https:\/\/woo-themes-plugins.com\/fr\/produit\/blanco-theme-responsive-minimaliste-mega-menu-theme-woocommerce-mode\/","url":"https:\/\/woo-themes-plugins.com\/fr\/produit\/blanco-theme-responsive-minimaliste-mega-menu-theme-woocommerce-mode\/","name":"Blanco - Th\u00e8me Responsive, Minimaliste &amp; Mega Menu - Th\u00e8me WooCommerce Mode - Woo-themes-plugins.com","isPartOf":{"@id":"https:\/\/woo-themes-plugins.com\/it\/#website"},"primaryImageOfPage":{"@id":"https:\/\/woo-themes-plugins.com\/fr\/produit\/blanco-theme-responsive-minimaliste-mega-menu-theme-woocommerce-mode\/#primaryimage"},"image":{"@id":"https:\/\/woo-themes-plugins.com\/fr\/produit\/blanco-theme-responsive-minimaliste-mega-menu-theme-woocommerce-mode\/#primaryimage"},"thumbnailUrl":"https:\/\/woo-themes-plugins.com\/wp-content\/uploads\/sites\/7\/2018\/03\/woo-themes-plugins_blanco-theme-responsive-minimalistic-megamenu-theme-woocommerce-fashion.jpg","datePublished":"2018-03-27T07:24:22+00:00","dateModified":"2018-04-26T16:21:10+00:00","breadcrumb":{"@id":"https:\/\/woo-themes-plugins.com\/fr\/produit\/blanco-theme-responsive-minimaliste-mega-menu-theme-woocommerce-mode\/#breadcrumb"},"inLanguage":"fr-FR","potentialAction":[{"@type":"ReadAction","target":["https:\/\/woo-themes-plugins.com\/fr\/produit\/blanco-theme-responsive-minimaliste-mega-menu-theme-woocommerce-mode\/"]}]},{"@type":"ImageObject","inLanguage":"fr-FR","@id":"https:\/\/woo-themes-plugins.com\/fr\/produit\/blanco-theme-responsive-minimaliste-mega-menu-theme-woocommerce-mode\/#primaryimage","url":"https:\/\/woo-themes-plugins.com\/wp-content\/uploads\/sites\/7\/2018\/03\/woo-themes-plugins_blanco-theme-responsive-minimalistic-megamenu-theme-woocommerce-fashion.jpg","contentUrl":"https:\/\/woo-themes-plugins.com\/wp-content\/uploads\/sites\/7\/2018\/03\/woo-themes-plugins_blanco-theme-responsive-minimalistic-megamenu-theme-woocommerce-fashion.jpg","width":644,"height":900},{"@type":"BreadcrumbList","@id":"https:\/\/woo-themes-plugins.com\/fr\/produit\/blanco-theme-responsive-minimaliste-mega-menu-theme-woocommerce-mode\/#breadcrumb","itemListElement":[{"@type":"ListItem","position":1,"name":"Accueil","item":"https:\/\/woo-themes-plugins.com\/fr\/"},{"@type":"ListItem","position":2,"name":"Shop","item":"https:\/\/woo-themes-plugins.com\/shop\/"},{"@type":"ListItem","position":3,"name":"Blanco &#8211; Th\u00e8me Responsive, Minimaliste &amp; Mega Menu &#8211; Th\u00e8me WooCommerce Mode"}]},{"@type":"WebSite","@id":"https:\/\/woo-themes-plugins.com\/it\/#website","url":"https:\/\/woo-themes-plugins.com\/it\/","name":"Woo-themes-plugins.com","description":"Tous les th\u00e8mes et plugins WooCommerce Premium","potentialAction":[{"@type":"SearchAction","target":{"@type":"EntryPoint","urlTemplate":"https:\/\/woo-themes-plugins.com\/it\/?s={search_term_string}"},"query-input":"required name=search_term_string"}],"inLanguage":"fr-FR"}]}},"_links":{"self":[{"href":"https:\/\/woo-themes-plugins.com\/fr\/wp-json\/wp\/v2\/product\/419","targetHints":{"allow":["GET"]}}],"collection":[{"href":"https:\/\/woo-themes-plugins.com\/fr\/wp-json\/wp\/v2\/product"}],"about":[{"href":"https:\/\/woo-themes-plugins.com\/fr\/wp-json\/wp\/v2\/types\/product"}],"wp:featuredmedia":[{"embeddable":true,"href":"https:\/\/woo-themes-plugins.com\/fr\/wp-json\/wp\/v2\/media\/2252"}],"wp:attachment":[{"href":"https:\/\/woo-themes-plugins.com\/fr\/wp-json\/wp\/v2\/media?parent=419"}],"wp:term":[{"taxonomy":"product_cat","embeddable":true,"href":"https:\/\/woo-themes-plugins.com\/fr\/wp-json\/wp\/v2\/product_cat?post=419"},{"taxonomy":"product_tag","embeddable":true,"href":"https:\/\/woo-themes-plugins.com\/fr\/wp-json\/wp\/v2\/product_tag?post=419"}],"curies":[{"name":"wp","href":"https:\/\/api.w.org\/{rel}","templated":true}]}}