{"id":426,"date":"2018-03-27T08:33:25","date_gmt":"2018-03-27T07:33:25","guid":{"rendered":"https:\/\/woo-themes-plugins.com\/?post_type=product&#038;p=426"},"modified":"2018-04-26T17:21:03","modified_gmt":"2018-04-26T16:21:03","slug":"electro-theme-woocommerce-hi-tech-marketplace-theme-moderne-flexible","status":"publish","type":"product","link":"https:\/\/woo-themes-plugins.com\/fr\/product\/electro-theme-woocommerce-hi-tech-marketplace-theme-moderne-flexible\/","title":{"rendered":"Electro &#8211; Th\u00e8me WooCommerce Hi-Tech \/ Marketplace &#8211; Th\u00e8me Moderne &amp; Flexible"},"content":{"rendered":"","protected":false},"excerpt":{"rendered":"<p><em>Electro<\/em> est le th\u00e8me WooCommerce parfait pour qui veut lancer une boutique en ligne moderne et plut\u00f4t orient\u00e9 vers les derni\u00e8res technologies. Ce th\u00e8me WooCommerce offre un cadre int\u00e9ressant pour les boutiques travaillant avec plusieurs marques. Mieux, si vous pensez monter un site de type marketplace orient\u00e9 dans la Hi-Tech, alors <em>Electro <\/em>est un th\u00e8me WooCommerce que tu te dois de s\u00e9rieusement \u00e9tudier.<\/p>\n","protected":false},"featured_media":2260,"template":"","meta":{"_monsterinsights_skip_tracking":false,"_monsterinsights_sitenote_active":false,"_monsterinsights_sitenote_note":"","_monsterinsights_sitenote_category":0},"product_cat":[139],"product_tag":[160,144,167,145,141,171,175,176,159,161,151,152,150,148],"class_list":["post-426","product","type-product","status-publish","has-post-thumbnail","hentry","product_cat-theme-woocommerce","product_tag-bundle-plugins-premium","product_tag-debutant-woocommerce","product_tag-theme-woocommerce-minimaliste","product_tag-theme-woocommerce-moderne","product_tag-themes-woocommerce-personnalisable","product_tag-woocommerce-bijouterie","product_tag-woocommerce-luxe-haut-de-gamme","product_tag-woocommerce-marketplace","product_tag-woocommerce-revolution-slider","product_tag-woocommerce-visual-composer","product_tag-woocommerce-installation-un-clic","product_tag-woocommerce-multilingue","product_tag-woocommerce-optimise","product_tag-woocommerce-responsive","pa_dev-woo-plugin-theme-madrasthemes","pa_marketplace-woocommerce-themeforest-net"],"yoast_head":"<!-- This site is optimized with the Yoast SEO plugin v23.1 - https:\/\/yoast.com\/wordpress\/plugins\/seo\/ -->\n<title>Electro - Th\u00e8me WooCommerce Hi-Tech \/ Marketplace - Th\u00e8me Moderne &amp; Flexible - Woo-themes-plugins.com<\/title>\n<meta name=\"robots\" content=\"index, follow, max-snippet:-1, max-image-preview:large, max-video-preview:-1\" \/>\n<link rel=\"canonical\" href=\"https:\/\/woo-themes-plugins.com\/fr\/produit\/electro-theme-woocommerce-hi-tech-marketplace-theme-moderne-flexible\/\" \/>\n<meta property=\"og:locale\" content=\"fr_FR\" \/>\n<meta property=\"og:type\" content=\"article\" \/>\n<meta property=\"og:title\" content=\"Electro - Th\u00e8me WooCommerce Hi-Tech \/ Marketplace - Th\u00e8me Moderne &amp; Flexible - Woo-themes-plugins.com\" \/>\n<meta property=\"og:description\" content=\"Electro est le th\u00e8me WooCommerce parfait pour qui veut lancer une boutique en ligne moderne et plut\u00f4t orient\u00e9 vers les derni\u00e8res technologies. Ce th\u00e8me WooCommerce offre un cadre int\u00e9ressant pour les boutiques travaillant avec plusieurs marques. Mieux, si vous pensez monter un site de type marketplace orient\u00e9 dans la Hi-Tech, alors Electro est un th\u00e8me WooCommerce que tu te dois de s\u00e9rieusement \u00e9tudier.\" \/>\n<meta property=\"og:url\" content=\"https:\/\/woo-themes-plugins.com\/fr\/produit\/electro-theme-woocommerce-hi-tech-marketplace-theme-moderne-flexible\/\" \/>\n<meta property=\"og:site_name\" content=\"Woo-themes-plugins.com\" \/>\n<meta property=\"article:modified_time\" content=\"2018-04-26T16:21:03+00:00\" \/>\n<meta property=\"og:image\" content=\"https:\/\/woo-themes-plugins.com\/wp-content\/uploads\/sites\/7\/2018\/03\/woo-themes-plugins_electro-theme-woocommerce-marketplace-electronics-modern-flexible-7.jpg\" \/>\n\t<meta property=\"og:image:width\" content=\"649\" \/>\n\t<meta property=\"og:image:height\" content=\"900\" \/>\n\t<meta property=\"og:image:type\" content=\"image\/jpeg\" \/>\n<script type=\"application\/ld+json\" class=\"yoast-schema-graph\">{\"@context\":\"https:\/\/schema.org\",\"@graph\":[{\"@type\":\"WebPage\",\"@id\":\"https:\/\/woo-themes-plugins.com\/fr\/produit\/electro-theme-woocommerce-hi-tech-marketplace-theme-moderne-flexible\/\",\"url\":\"https:\/\/woo-themes-plugins.com\/fr\/produit\/electro-theme-woocommerce-hi-tech-marketplace-theme-moderne-flexible\/\",\"name\":\"Electro - Th\u00e8me WooCommerce Hi-Tech \/ Marketplace - Th\u00e8me Moderne &amp; Flexible - Woo-themes-plugins.com\",\"isPartOf\":{\"@id\":\"https:\/\/woo-themes-plugins.com\/it\/#website\"},\"primaryImageOfPage\":{\"@id\":\"https:\/\/woo-themes-plugins.com\/fr\/produit\/electro-theme-woocommerce-hi-tech-marketplace-theme-moderne-flexible\/#primaryimage\"},\"image\":{\"@id\":\"https:\/\/woo-themes-plugins.com\/fr\/produit\/electro-theme-woocommerce-hi-tech-marketplace-theme-moderne-flexible\/#primaryimage\"},\"thumbnailUrl\":\"https:\/\/woo-themes-plugins.com\/wp-content\/uploads\/sites\/7\/2018\/03\/woo-themes-plugins_electro-theme-woocommerce-marketplace-electronics-modern-flexible-7.jpg\",\"datePublished\":\"2018-03-27T07:33:25+00:00\",\"dateModified\":\"2018-04-26T16:21:03+00:00\",\"breadcrumb\":{\"@id\":\"https:\/\/woo-themes-plugins.com\/fr\/produit\/electro-theme-woocommerce-hi-tech-marketplace-theme-moderne-flexible\/#breadcrumb\"},\"inLanguage\":\"fr-FR\",\"potentialAction\":[{\"@type\":\"ReadAction\",\"target\":[\"https:\/\/woo-themes-plugins.com\/fr\/produit\/electro-theme-woocommerce-hi-tech-marketplace-theme-moderne-flexible\/\"]}]},{\"@type\":\"ImageObject\",\"inLanguage\":\"fr-FR\",\"@id\":\"https:\/\/woo-themes-plugins.com\/fr\/produit\/electro-theme-woocommerce-hi-tech-marketplace-theme-moderne-flexible\/#primaryimage\",\"url\":\"https:\/\/woo-themes-plugins.com\/wp-content\/uploads\/sites\/7\/2018\/03\/woo-themes-plugins_electro-theme-woocommerce-marketplace-electronics-modern-flexible-7.jpg\",\"contentUrl\":\"https:\/\/woo-themes-plugins.com\/wp-content\/uploads\/sites\/7\/2018\/03\/woo-themes-plugins_electro-theme-woocommerce-marketplace-electronics-modern-flexible-7.jpg\",\"width\":649,\"height\":900},{\"@type\":\"BreadcrumbList\",\"@id\":\"https:\/\/woo-themes-plugins.com\/fr\/produit\/electro-theme-woocommerce-hi-tech-marketplace-theme-moderne-flexible\/#breadcrumb\",\"itemListElement\":[{\"@type\":\"ListItem\",\"position\":1,\"name\":\"Accueil\",\"item\":\"https:\/\/woo-themes-plugins.com\/fr\/\"},{\"@type\":\"ListItem\",\"position\":2,\"name\":\"Shop\",\"item\":\"https:\/\/woo-themes-plugins.com\/shop\/\"},{\"@type\":\"ListItem\",\"position\":3,\"name\":\"Electro &#8211; Th\u00e8me WooCommerce Hi-Tech \/ Marketplace &#8211; Th\u00e8me Moderne &amp; Flexible\"}]},{\"@type\":\"WebSite\",\"@id\":\"https:\/\/woo-themes-plugins.com\/it\/#website\",\"url\":\"https:\/\/woo-themes-plugins.com\/it\/\",\"name\":\"Woo-themes-plugins.com\",\"description\":\"Tous les th\u00e8mes et plugins WooCommerce Premium\",\"potentialAction\":[{\"@type\":\"SearchAction\",\"target\":{\"@type\":\"EntryPoint\",\"urlTemplate\":\"https:\/\/woo-themes-plugins.com\/it\/?s={search_term_string}\"},\"query-input\":\"required name=search_term_string\"}],\"inLanguage\":\"fr-FR\"}]}<\/script>\n<!-- \/ Yoast SEO plugin. -->","yoast_head_json":{"title":"Electro - Th\u00e8me WooCommerce Hi-Tech \/ Marketplace - Th\u00e8me Moderne &amp; Flexible - Woo-themes-plugins.com","robots":{"index":"index","follow":"follow","max-snippet":"max-snippet:-1","max-image-preview":"max-image-preview:large","max-video-preview":"max-video-preview:-1"},"canonical":"https:\/\/woo-themes-plugins.com\/fr\/produit\/electro-theme-woocommerce-hi-tech-marketplace-theme-moderne-flexible\/","og_locale":"fr_FR","og_type":"article","og_title":"Electro - Th\u00e8me WooCommerce Hi-Tech \/ Marketplace - Th\u00e8me Moderne &amp; Flexible - Woo-themes-plugins.com","og_description":"Electro est le th\u00e8me WooCommerce parfait pour qui veut lancer une boutique en ligne moderne et plut\u00f4t orient\u00e9 vers les derni\u00e8res technologies. Ce th\u00e8me WooCommerce offre un cadre int\u00e9ressant pour les boutiques travaillant avec plusieurs marques. Mieux, si vous pensez monter un site de type marketplace orient\u00e9 dans la Hi-Tech, alors Electro est un th\u00e8me WooCommerce que tu te dois de s\u00e9rieusement \u00e9tudier.","og_url":"https:\/\/woo-themes-plugins.com\/fr\/produit\/electro-theme-woocommerce-hi-tech-marketplace-theme-moderne-flexible\/","og_site_name":"Woo-themes-plugins.com","article_modified_time":"2018-04-26T16:21:03+00:00","og_image":[{"width":649,"height":900,"url":"https:\/\/woo-themes-plugins.com\/wp-content\/uploads\/sites\/7\/2018\/03\/woo-themes-plugins_electro-theme-woocommerce-marketplace-electronics-modern-flexible-7.jpg","type":"image\/jpeg"}],"schema":{"@context":"https:\/\/schema.org","@graph":[{"@type":"WebPage","@id":"https:\/\/woo-themes-plugins.com\/fr\/produit\/electro-theme-woocommerce-hi-tech-marketplace-theme-moderne-flexible\/","url":"https:\/\/woo-themes-plugins.com\/fr\/produit\/electro-theme-woocommerce-hi-tech-marketplace-theme-moderne-flexible\/","name":"Electro - Th\u00e8me WooCommerce Hi-Tech \/ Marketplace - Th\u00e8me Moderne &amp; Flexible - Woo-themes-plugins.com","isPartOf":{"@id":"https:\/\/woo-themes-plugins.com\/it\/#website"},"primaryImageOfPage":{"@id":"https:\/\/woo-themes-plugins.com\/fr\/produit\/electro-theme-woocommerce-hi-tech-marketplace-theme-moderne-flexible\/#primaryimage"},"image":{"@id":"https:\/\/woo-themes-plugins.com\/fr\/produit\/electro-theme-woocommerce-hi-tech-marketplace-theme-moderne-flexible\/#primaryimage"},"thumbnailUrl":"https:\/\/woo-themes-plugins.com\/wp-content\/uploads\/sites\/7\/2018\/03\/woo-themes-plugins_electro-theme-woocommerce-marketplace-electronics-modern-flexible-7.jpg","datePublished":"2018-03-27T07:33:25+00:00","dateModified":"2018-04-26T16:21:03+00:00","breadcrumb":{"@id":"https:\/\/woo-themes-plugins.com\/fr\/produit\/electro-theme-woocommerce-hi-tech-marketplace-theme-moderne-flexible\/#breadcrumb"},"inLanguage":"fr-FR","potentialAction":[{"@type":"ReadAction","target":["https:\/\/woo-themes-plugins.com\/fr\/produit\/electro-theme-woocommerce-hi-tech-marketplace-theme-moderne-flexible\/"]}]},{"@type":"ImageObject","inLanguage":"fr-FR","@id":"https:\/\/woo-themes-plugins.com\/fr\/produit\/electro-theme-woocommerce-hi-tech-marketplace-theme-moderne-flexible\/#primaryimage","url":"https:\/\/woo-themes-plugins.com\/wp-content\/uploads\/sites\/7\/2018\/03\/woo-themes-plugins_electro-theme-woocommerce-marketplace-electronics-modern-flexible-7.jpg","contentUrl":"https:\/\/woo-themes-plugins.com\/wp-content\/uploads\/sites\/7\/2018\/03\/woo-themes-plugins_electro-theme-woocommerce-marketplace-electronics-modern-flexible-7.jpg","width":649,"height":900},{"@type":"BreadcrumbList","@id":"https:\/\/woo-themes-plugins.com\/fr\/produit\/electro-theme-woocommerce-hi-tech-marketplace-theme-moderne-flexible\/#breadcrumb","itemListElement":[{"@type":"ListItem","position":1,"name":"Accueil","item":"https:\/\/woo-themes-plugins.com\/fr\/"},{"@type":"ListItem","position":2,"name":"Shop","item":"https:\/\/woo-themes-plugins.com\/shop\/"},{"@type":"ListItem","position":3,"name":"Electro &#8211; Th\u00e8me WooCommerce Hi-Tech \/ Marketplace &#8211; Th\u00e8me Moderne &amp; Flexible"}]},{"@type":"WebSite","@id":"https:\/\/woo-themes-plugins.com\/it\/#website","url":"https:\/\/woo-themes-plugins.com\/it\/","name":"Woo-themes-plugins.com","description":"Tous les th\u00e8mes et plugins WooCommerce Premium","potentialAction":[{"@type":"SearchAction","target":{"@type":"EntryPoint","urlTemplate":"https:\/\/woo-themes-plugins.com\/it\/?s={search_term_string}"},"query-input":"required name=search_term_string"}],"inLanguage":"fr-FR"}]}},"_links":{"self":[{"href":"https:\/\/woo-themes-plugins.com\/fr\/wp-json\/wp\/v2\/product\/426","targetHints":{"allow":["GET"]}}],"collection":[{"href":"https:\/\/woo-themes-plugins.com\/fr\/wp-json\/wp\/v2\/product"}],"about":[{"href":"https:\/\/woo-themes-plugins.com\/fr\/wp-json\/wp\/v2\/types\/product"}],"wp:featuredmedia":[{"embeddable":true,"href":"https:\/\/woo-themes-plugins.com\/fr\/wp-json\/wp\/v2\/media\/2260"}],"wp:attachment":[{"href":"https:\/\/woo-themes-plugins.com\/fr\/wp-json\/wp\/v2\/media?parent=426"}],"wp:term":[{"taxonomy":"product_cat","embeddable":true,"href":"https:\/\/woo-themes-plugins.com\/fr\/wp-json\/wp\/v2\/product_cat?post=426"},{"taxonomy":"product_tag","embeddable":true,"href":"https:\/\/woo-themes-plugins.com\/fr\/wp-json\/wp\/v2\/product_tag?post=426"}],"curies":[{"name":"wp","href":"https:\/\/api.w.org\/{rel}","templated":true}]}}