{"id":433,"date":"2018-03-27T08:39:40","date_gmt":"2018-03-27T07:39:40","guid":{"rendered":"https:\/\/woo-themes-plugins.com\/?post_type=product&#038;p=433"},"modified":"2018-04-26T17:20:54","modified_gmt":"2018-04-26T16:20:54","slug":"basel-co-theme-woocommerce-mode-luxe-theme-minimaliste-responsive-ajax","status":"publish","type":"product","link":"https:\/\/woo-themes-plugins.com\/fr\/product\/basel-co-theme-woocommerce-mode-luxe-theme-minimaliste-responsive-ajax\/","title":{"rendered":"Basel &amp; Co. &#8211; Th\u00e8me WooCommerce Mode \/ Luxe &#8211; Th\u00e8me Minimaliste, Responsive &amp; Ajax"},"content":{"rendered":"","protected":false},"excerpt":{"rendered":"<p><em>Basel <\/em>est un th\u00e8me WooCommerce \u00e0 la fois professionnel et minimaliste, int\u00e9grant pas moins de 40 versions diff\u00e9rentes pour vous permettre de mettre sur pied votre site en un clin d&rsquo;\u0153il. Si tu souhaites concevoir l&rsquo;ensemble des pages de A \u00e0 Z, aucun soucis, le constructeur visuel de page est l\u00e0 pour aider les d\u00e9butants et les professionnels \u00e0 gagner un temps pr\u00e9cieux.<\/p>\n","protected":false},"featured_media":2388,"template":"","meta":{"_monsterinsights_skip_tracking":false,"_monsterinsights_sitenote_active":false,"_monsterinsights_sitenote_note":"","_monsterinsights_sitenote_category":0},"product_cat":[139],"product_tag":[160,144,170,167,145,141,171,175,176,159,161,151,148],"class_list":["post-433","product","type-product","status-publish","has-post-thumbnail","hentry","product_cat-theme-woocommerce","product_tag-bundle-plugins-premium","product_tag-debutant-woocommerce","product_tag-theme-woocommerce-ajax","product_tag-theme-woocommerce-minimaliste","product_tag-theme-woocommerce-moderne","product_tag-themes-woocommerce-personnalisable","product_tag-woocommerce-bijouterie","product_tag-woocommerce-luxe-haut-de-gamme","product_tag-woocommerce-marketplace","product_tag-woocommerce-revolution-slider","product_tag-woocommerce-visual-composer","product_tag-woocommerce-installation-un-clic","product_tag-woocommerce-responsive","pa_dev-woo-plugin-theme-xtemos","pa_marketplace-woocommerce-themeforest-net"],"yoast_head":"<!-- This site is optimized with the Yoast SEO plugin v23.1 - https:\/\/yoast.com\/wordpress\/plugins\/seo\/ -->\n<title>Basel - Th\u00e8me WooCommerce Mode \/ Luxe, Minimaliste &amp; Responsive<\/title>\n<meta name=\"description\" content=\"Dot\u00e9 d&#039;une grande sobri\u00e9t\u00e9, ce th\u00e8me WooCommerce pourrait presque \u00eatre qualifi\u00e9 de th\u00e8me &quot;nordique&quot; tant ses traits sont simples et modernes \u00e0 la fois. Ce template WooCommerce s&#039;exprimera pleinement dans des projets de boutique d&#039;architecte, de d\u00e9co d&#039;int\u00e9rieur ou encore pour la mode et le luxe.\" \/>\n<meta name=\"robots\" content=\"index, follow, max-snippet:-1, max-image-preview:large, max-video-preview:-1\" \/>\n<link rel=\"canonical\" href=\"https:\/\/woo-themes-plugins.com\/fr\/produit\/basel-co-theme-woocommerce-mode-luxe-theme-minimaliste-responsive-ajax\/\" \/>\n<meta property=\"og:locale\" content=\"fr_FR\" \/>\n<meta property=\"og:type\" content=\"article\" \/>\n<meta property=\"og:title\" content=\"Basel - Th\u00e8me WooCommerce Mode \/ Luxe, Minimaliste &amp; Responsive\" \/>\n<meta property=\"og:description\" content=\"Dot\u00e9 d&#039;une grande sobri\u00e9t\u00e9, ce th\u00e8me WooCommerce pourrait presque \u00eatre qualifi\u00e9 de th\u00e8me &quot;nordique&quot; tant ses traits sont simples et modernes \u00e0 la fois. Ce template WooCommerce s&#039;exprimera pleinement dans des projets de boutique d&#039;architecte, de d\u00e9co d&#039;int\u00e9rieur ou encore pour la mode et le luxe.\" \/>\n<meta property=\"og:url\" content=\"https:\/\/woo-themes-plugins.com\/fr\/produit\/basel-co-theme-woocommerce-mode-luxe-theme-minimaliste-responsive-ajax\/\" \/>\n<meta property=\"og:site_name\" content=\"Woo-themes-plugins.com\" \/>\n<meta property=\"article:modified_time\" content=\"2018-04-26T16:20:54+00:00\" \/>\n<meta property=\"og:image\" content=\"https:\/\/woo-themes-plugins.com\/wp-content\/uploads\/sites\/7\/2018\/03\/woo-themes-plugins_basel-co-theme-woocommerce-fashion-luxe-theme-minimalistic-responsive-ajax-furniture.jpg\" \/>\n\t<meta property=\"og:image:width\" content=\"644\" \/>\n\t<meta property=\"og:image:height\" content=\"900\" \/>\n\t<meta property=\"og:image:type\" content=\"image\/jpeg\" \/>\n<script type=\"application\/ld+json\" class=\"yoast-schema-graph\">{\"@context\":\"https:\/\/schema.org\",\"@graph\":[{\"@type\":\"WebPage\",\"@id\":\"https:\/\/woo-themes-plugins.com\/fr\/produit\/basel-co-theme-woocommerce-mode-luxe-theme-minimaliste-responsive-ajax\/\",\"url\":\"https:\/\/woo-themes-plugins.com\/fr\/produit\/basel-co-theme-woocommerce-mode-luxe-theme-minimaliste-responsive-ajax\/\",\"name\":\"Basel - Th\u00e8me WooCommerce Mode \/ Luxe, Minimaliste & Responsive\",\"isPartOf\":{\"@id\":\"https:\/\/woo-themes-plugins.com\/it\/#website\"},\"primaryImageOfPage\":{\"@id\":\"https:\/\/woo-themes-plugins.com\/fr\/produit\/basel-co-theme-woocommerce-mode-luxe-theme-minimaliste-responsive-ajax\/#primaryimage\"},\"image\":{\"@id\":\"https:\/\/woo-themes-plugins.com\/fr\/produit\/basel-co-theme-woocommerce-mode-luxe-theme-minimaliste-responsive-ajax\/#primaryimage\"},\"thumbnailUrl\":\"https:\/\/woo-themes-plugins.com\/wp-content\/uploads\/sites\/7\/2018\/03\/woo-themes-plugins_basel-co-theme-woocommerce-fashion-luxe-theme-minimalistic-responsive-ajax-furniture.jpg\",\"datePublished\":\"2018-03-27T07:39:40+00:00\",\"dateModified\":\"2018-04-26T16:20:54+00:00\",\"description\":\"Dot\u00e9 d'une grande sobri\u00e9t\u00e9, ce th\u00e8me WooCommerce pourrait presque \u00eatre qualifi\u00e9 de th\u00e8me \\\"nordique\\\" tant ses traits sont simples et modernes \u00e0 la fois. Ce template WooCommerce s'exprimera pleinement dans des projets de boutique d'architecte, de d\u00e9co d'int\u00e9rieur ou encore pour la mode et le luxe.\",\"breadcrumb\":{\"@id\":\"https:\/\/woo-themes-plugins.com\/fr\/produit\/basel-co-theme-woocommerce-mode-luxe-theme-minimaliste-responsive-ajax\/#breadcrumb\"},\"inLanguage\":\"fr-FR\",\"potentialAction\":[{\"@type\":\"ReadAction\",\"target\":[\"https:\/\/woo-themes-plugins.com\/fr\/produit\/basel-co-theme-woocommerce-mode-luxe-theme-minimaliste-responsive-ajax\/\"]}]},{\"@type\":\"ImageObject\",\"inLanguage\":\"fr-FR\",\"@id\":\"https:\/\/woo-themes-plugins.com\/fr\/produit\/basel-co-theme-woocommerce-mode-luxe-theme-minimaliste-responsive-ajax\/#primaryimage\",\"url\":\"https:\/\/woo-themes-plugins.com\/wp-content\/uploads\/sites\/7\/2018\/03\/woo-themes-plugins_basel-co-theme-woocommerce-fashion-luxe-theme-minimalistic-responsive-ajax-furniture.jpg\",\"contentUrl\":\"https:\/\/woo-themes-plugins.com\/wp-content\/uploads\/sites\/7\/2018\/03\/woo-themes-plugins_basel-co-theme-woocommerce-fashion-luxe-theme-minimalistic-responsive-ajax-furniture.jpg\",\"width\":644,\"height\":900},{\"@type\":\"BreadcrumbList\",\"@id\":\"https:\/\/woo-themes-plugins.com\/fr\/produit\/basel-co-theme-woocommerce-mode-luxe-theme-minimaliste-responsive-ajax\/#breadcrumb\",\"itemListElement\":[{\"@type\":\"ListItem\",\"position\":1,\"name\":\"Accueil\",\"item\":\"https:\/\/woo-themes-plugins.com\/fr\/\"},{\"@type\":\"ListItem\",\"position\":2,\"name\":\"Shop\",\"item\":\"https:\/\/woo-themes-plugins.com\/shop\/\"},{\"@type\":\"ListItem\",\"position\":3,\"name\":\"Basel &amp; Co. &#8211; Th\u00e8me WooCommerce Mode \/ Luxe &#8211; Th\u00e8me Minimaliste, Responsive &amp; Ajax\"}]},{\"@type\":\"WebSite\",\"@id\":\"https:\/\/woo-themes-plugins.com\/it\/#website\",\"url\":\"https:\/\/woo-themes-plugins.com\/it\/\",\"name\":\"Woo-themes-plugins.com\",\"description\":\"Tous les th\u00e8mes et plugins WooCommerce Premium\",\"potentialAction\":[{\"@type\":\"SearchAction\",\"target\":{\"@type\":\"EntryPoint\",\"urlTemplate\":\"https:\/\/woo-themes-plugins.com\/it\/?s={search_term_string}\"},\"query-input\":\"required name=search_term_string\"}],\"inLanguage\":\"fr-FR\"}]}<\/script>\n<!-- \/ Yoast SEO plugin. -->","yoast_head_json":{"title":"Basel - Th\u00e8me WooCommerce Mode \/ Luxe, Minimaliste & Responsive","description":"Dot\u00e9 d'une grande sobri\u00e9t\u00e9, ce th\u00e8me WooCommerce pourrait presque \u00eatre qualifi\u00e9 de th\u00e8me \"nordique\" tant ses traits sont simples et modernes \u00e0 la fois. Ce template WooCommerce s'exprimera pleinement dans des projets de boutique d'architecte, de d\u00e9co d'int\u00e9rieur ou encore pour la mode et le luxe.","robots":{"index":"index","follow":"follow","max-snippet":"max-snippet:-1","max-image-preview":"max-image-preview:large","max-video-preview":"max-video-preview:-1"},"canonical":"https:\/\/woo-themes-plugins.com\/fr\/produit\/basel-co-theme-woocommerce-mode-luxe-theme-minimaliste-responsive-ajax\/","og_locale":"fr_FR","og_type":"article","og_title":"Basel - Th\u00e8me WooCommerce Mode \/ Luxe, Minimaliste & Responsive","og_description":"Dot\u00e9 d'une grande sobri\u00e9t\u00e9, ce th\u00e8me WooCommerce pourrait presque \u00eatre qualifi\u00e9 de th\u00e8me \"nordique\" tant ses traits sont simples et modernes \u00e0 la fois. Ce template WooCommerce s'exprimera pleinement dans des projets de boutique d'architecte, de d\u00e9co d'int\u00e9rieur ou encore pour la mode et le luxe.","og_url":"https:\/\/woo-themes-plugins.com\/fr\/produit\/basel-co-theme-woocommerce-mode-luxe-theme-minimaliste-responsive-ajax\/","og_site_name":"Woo-themes-plugins.com","article_modified_time":"2018-04-26T16:20:54+00:00","og_image":[{"width":644,"height":900,"url":"https:\/\/woo-themes-plugins.com\/wp-content\/uploads\/sites\/7\/2018\/03\/woo-themes-plugins_basel-co-theme-woocommerce-fashion-luxe-theme-minimalistic-responsive-ajax-furniture.jpg","type":"image\/jpeg"}],"schema":{"@context":"https:\/\/schema.org","@graph":[{"@type":"WebPage","@id":"https:\/\/woo-themes-plugins.com\/fr\/produit\/basel-co-theme-woocommerce-mode-luxe-theme-minimaliste-responsive-ajax\/","url":"https:\/\/woo-themes-plugins.com\/fr\/produit\/basel-co-theme-woocommerce-mode-luxe-theme-minimaliste-responsive-ajax\/","name":"Basel - Th\u00e8me WooCommerce Mode \/ Luxe, Minimaliste & Responsive","isPartOf":{"@id":"https:\/\/woo-themes-plugins.com\/it\/#website"},"primaryImageOfPage":{"@id":"https:\/\/woo-themes-plugins.com\/fr\/produit\/basel-co-theme-woocommerce-mode-luxe-theme-minimaliste-responsive-ajax\/#primaryimage"},"image":{"@id":"https:\/\/woo-themes-plugins.com\/fr\/produit\/basel-co-theme-woocommerce-mode-luxe-theme-minimaliste-responsive-ajax\/#primaryimage"},"thumbnailUrl":"https:\/\/woo-themes-plugins.com\/wp-content\/uploads\/sites\/7\/2018\/03\/woo-themes-plugins_basel-co-theme-woocommerce-fashion-luxe-theme-minimalistic-responsive-ajax-furniture.jpg","datePublished":"2018-03-27T07:39:40+00:00","dateModified":"2018-04-26T16:20:54+00:00","description":"Dot\u00e9 d'une grande sobri\u00e9t\u00e9, ce th\u00e8me WooCommerce pourrait presque \u00eatre qualifi\u00e9 de th\u00e8me \"nordique\" tant ses traits sont simples et modernes \u00e0 la fois. Ce template WooCommerce s'exprimera pleinement dans des projets de boutique d'architecte, de d\u00e9co d'int\u00e9rieur ou encore pour la mode et le luxe.","breadcrumb":{"@id":"https:\/\/woo-themes-plugins.com\/fr\/produit\/basel-co-theme-woocommerce-mode-luxe-theme-minimaliste-responsive-ajax\/#breadcrumb"},"inLanguage":"fr-FR","potentialAction":[{"@type":"ReadAction","target":["https:\/\/woo-themes-plugins.com\/fr\/produit\/basel-co-theme-woocommerce-mode-luxe-theme-minimaliste-responsive-ajax\/"]}]},{"@type":"ImageObject","inLanguage":"fr-FR","@id":"https:\/\/woo-themes-plugins.com\/fr\/produit\/basel-co-theme-woocommerce-mode-luxe-theme-minimaliste-responsive-ajax\/#primaryimage","url":"https:\/\/woo-themes-plugins.com\/wp-content\/uploads\/sites\/7\/2018\/03\/woo-themes-plugins_basel-co-theme-woocommerce-fashion-luxe-theme-minimalistic-responsive-ajax-furniture.jpg","contentUrl":"https:\/\/woo-themes-plugins.com\/wp-content\/uploads\/sites\/7\/2018\/03\/woo-themes-plugins_basel-co-theme-woocommerce-fashion-luxe-theme-minimalistic-responsive-ajax-furniture.jpg","width":644,"height":900},{"@type":"BreadcrumbList","@id":"https:\/\/woo-themes-plugins.com\/fr\/produit\/basel-co-theme-woocommerce-mode-luxe-theme-minimaliste-responsive-ajax\/#breadcrumb","itemListElement":[{"@type":"ListItem","position":1,"name":"Accueil","item":"https:\/\/woo-themes-plugins.com\/fr\/"},{"@type":"ListItem","position":2,"name":"Shop","item":"https:\/\/woo-themes-plugins.com\/shop\/"},{"@type":"ListItem","position":3,"name":"Basel &amp; Co. &#8211; Th\u00e8me WooCommerce Mode \/ Luxe &#8211; Th\u00e8me Minimaliste, Responsive &amp; Ajax"}]},{"@type":"WebSite","@id":"https:\/\/woo-themes-plugins.com\/it\/#website","url":"https:\/\/woo-themes-plugins.com\/it\/","name":"Woo-themes-plugins.com","description":"Tous les th\u00e8mes et plugins WooCommerce Premium","potentialAction":[{"@type":"SearchAction","target":{"@type":"EntryPoint","urlTemplate":"https:\/\/woo-themes-plugins.com\/it\/?s={search_term_string}"},"query-input":"required name=search_term_string"}],"inLanguage":"fr-FR"}]}},"_links":{"self":[{"href":"https:\/\/woo-themes-plugins.com\/fr\/wp-json\/wp\/v2\/product\/433","targetHints":{"allow":["GET"]}}],"collection":[{"href":"https:\/\/woo-themes-plugins.com\/fr\/wp-json\/wp\/v2\/product"}],"about":[{"href":"https:\/\/woo-themes-plugins.com\/fr\/wp-json\/wp\/v2\/types\/product"}],"wp:featuredmedia":[{"embeddable":true,"href":"https:\/\/woo-themes-plugins.com\/fr\/wp-json\/wp\/v2\/media\/2388"}],"wp:attachment":[{"href":"https:\/\/woo-themes-plugins.com\/fr\/wp-json\/wp\/v2\/media?parent=433"}],"wp:term":[{"taxonomy":"product_cat","embeddable":true,"href":"https:\/\/woo-themes-plugins.com\/fr\/wp-json\/wp\/v2\/product_cat?post=433"},{"taxonomy":"product_tag","embeddable":true,"href":"https:\/\/woo-themes-plugins.com\/fr\/wp-json\/wp\/v2\/product_tag?post=433"}],"curies":[{"name":"wp","href":"https:\/\/api.w.org\/{rel}","templated":true}]}}