{"id":440,"date":"2018-03-27T08:45:07","date_gmt":"2018-03-27T07:45:07","guid":{"rendered":"https:\/\/woo-themes-plugins.com\/?post_type=product&#038;p=440"},"modified":"2018-04-26T17:20:43","modified_gmt":"2018-04-26T16:20:43","slug":"retro-theme-woocommerce-vintage-theme-simple-responsive-bundle-premium","status":"publish","type":"product","link":"https:\/\/woo-themes-plugins.com\/fr\/product\/retro-theme-woocommerce-vintage-theme-simple-responsive-bundle-premium\/","title":{"rendered":"Retro &#8211; Th\u00e8me WooCommerce Vintage &#8211; Th\u00e8me Simple, Responsive &amp; Bundle Premium"},"content":{"rendered":"","protected":false},"excerpt":{"rendered":"<p>Pour ma part, lorsqu&rsquo;un th\u00e8me WooCommerce me plait, je dois admettre aussi beaucoup aimer qu&rsquo;il soit accompagn\u00e9 de plugins premium, cela fait toujours une \u00e9conomie int\u00e9ressante. Bien entendu, il faut que ton th\u00e8me soit mis \u00e0 jour souvent. Avec <em>Retro<\/em>, on a affaire \u00e0 un th\u00e8me WooCommerce qui mise tout sur le c\u00f4t\u00e9 vintage avec une puissante interface d&rsquo;administration et de personnalisation. Le rendu est vraiment tr\u00e8s int\u00e9ressant et ses possibilit\u00e9s de personnalisations offrent un large \u00e9ventail de possibilit\u00e9s. Cerise sur le g\u00e2teau, 4 plugins premiums eCommerce inclus !<\/p>\n","protected":false},"featured_media":441,"template":"","meta":{"_monsterinsights_skip_tracking":false,"_monsterinsights_sitenote_active":false,"_monsterinsights_sitenote_note":"","_monsterinsights_sitenote_category":0},"product_cat":[139],"product_tag":[160,144,170,154,177,141,171,159,161,151,152,148],"class_list":["post-440","product","type-product","status-publish","has-post-thumbnail","hentry","product_cat-theme-woocommerce","product_tag-bundle-plugins-premium","product_tag-debutant-woocommerce","product_tag-theme-woocommerce-ajax","product_tag-theme-woocommerce-avec-blog","product_tag-theme-woocommerce-vintage","product_tag-themes-woocommerce-personnalisable","product_tag-woocommerce-bijouterie","product_tag-woocommerce-revolution-slider","product_tag-woocommerce-visual-composer","product_tag-woocommerce-installation-un-clic","product_tag-woocommerce-multilingue","product_tag-woocommerce-responsive","pa_dev-woo-plugin-theme-olegnax","pa_marketplace-woocommerce-themeforest-net"],"yoast_head":"<!-- This site is optimized with the Yoast SEO plugin v23.1 - https:\/\/yoast.com\/wordpress\/plugins\/seo\/ -->\n<title>Retro - Th\u00e8me WooCommerce Vintage - Th\u00e8me Simple, Responsive &amp; Bundle Premium - Woo-themes-plugins.com<\/title>\n<meta name=\"robots\" content=\"index, follow, max-snippet:-1, max-image-preview:large, max-video-preview:-1\" \/>\n<link rel=\"canonical\" href=\"https:\/\/woo-themes-plugins.com\/fr\/produit\/retro-theme-woocommerce-vintage-theme-simple-responsive-bundle-premium\/\" \/>\n<meta property=\"og:locale\" content=\"fr_FR\" \/>\n<meta property=\"og:type\" content=\"article\" \/>\n<meta property=\"og:title\" content=\"Retro - Th\u00e8me WooCommerce Vintage - Th\u00e8me Simple, Responsive &amp; Bundle Premium - Woo-themes-plugins.com\" \/>\n<meta property=\"og:description\" content=\"Pour ma part, lorsqu&#039;un th\u00e8me WooCommerce me plait, je dois admettre aussi beaucoup aimer qu&#039;il soit accompagn\u00e9 de plugins premium, cela fait toujours une \u00e9conomie int\u00e9ressante. Bien entendu, il faut que ton th\u00e8me soit mis \u00e0 jour souvent. Avec Retro, on a affaire \u00e0 un th\u00e8me WooCommerce qui mise tout sur le c\u00f4t\u00e9 vintage avec une puissante interface d&#039;administration et de personnalisation. Le rendu est vraiment tr\u00e8s int\u00e9ressant et ses possibilit\u00e9s de personnalisations offrent un large \u00e9ventail de possibilit\u00e9s. Cerise sur le g\u00e2teau, 4 plugins premiums eCommerce inclus !\" \/>\n<meta property=\"og:url\" content=\"https:\/\/woo-themes-plugins.com\/fr\/produit\/retro-theme-woocommerce-vintage-theme-simple-responsive-bundle-premium\/\" \/>\n<meta property=\"og:site_name\" content=\"Woo-themes-plugins.com\" \/>\n<meta property=\"article:modified_time\" content=\"2018-04-26T16:20:43+00:00\" \/>\n<meta property=\"og:image\" content=\"https:\/\/woo-themes-plugins.com\/wp-content\/uploads\/sites\/7\/2018\/03\/woo-themes-plugins-retro-theme-woocommerce-vvintage-theme-simple-responsive-bundle-premium.jpeg\" \/>\n\t<meta property=\"og:image:width\" content=\"590\" \/>\n\t<meta property=\"og:image:height\" content=\"300\" \/>\n\t<meta property=\"og:image:type\" content=\"image\/jpeg\" \/>\n<script type=\"application\/ld+json\" class=\"yoast-schema-graph\">{\"@context\":\"https:\/\/schema.org\",\"@graph\":[{\"@type\":\"WebPage\",\"@id\":\"https:\/\/woo-themes-plugins.com\/fr\/produit\/retro-theme-woocommerce-vintage-theme-simple-responsive-bundle-premium\/\",\"url\":\"https:\/\/woo-themes-plugins.com\/fr\/produit\/retro-theme-woocommerce-vintage-theme-simple-responsive-bundle-premium\/\",\"name\":\"Retro - Th\u00e8me WooCommerce Vintage - Th\u00e8me Simple, Responsive &amp; Bundle Premium - Woo-themes-plugins.com\",\"isPartOf\":{\"@id\":\"https:\/\/woo-themes-plugins.com\/it\/#website\"},\"primaryImageOfPage\":{\"@id\":\"https:\/\/woo-themes-plugins.com\/fr\/produit\/retro-theme-woocommerce-vintage-theme-simple-responsive-bundle-premium\/#primaryimage\"},\"image\":{\"@id\":\"https:\/\/woo-themes-plugins.com\/fr\/produit\/retro-theme-woocommerce-vintage-theme-simple-responsive-bundle-premium\/#primaryimage\"},\"thumbnailUrl\":\"https:\/\/woo-themes-plugins.com\/wp-content\/uploads\/sites\/7\/2018\/03\/woo-themes-plugins-retro-theme-woocommerce-vvintage-theme-simple-responsive-bundle-premium.jpeg\",\"datePublished\":\"2018-03-27T07:45:07+00:00\",\"dateModified\":\"2018-04-26T16:20:43+00:00\",\"breadcrumb\":{\"@id\":\"https:\/\/woo-themes-plugins.com\/fr\/produit\/retro-theme-woocommerce-vintage-theme-simple-responsive-bundle-premium\/#breadcrumb\"},\"inLanguage\":\"fr-FR\",\"potentialAction\":[{\"@type\":\"ReadAction\",\"target\":[\"https:\/\/woo-themes-plugins.com\/fr\/produit\/retro-theme-woocommerce-vintage-theme-simple-responsive-bundle-premium\/\"]}]},{\"@type\":\"ImageObject\",\"inLanguage\":\"fr-FR\",\"@id\":\"https:\/\/woo-themes-plugins.com\/fr\/produit\/retro-theme-woocommerce-vintage-theme-simple-responsive-bundle-premium\/#primaryimage\",\"url\":\"https:\/\/woo-themes-plugins.com\/wp-content\/uploads\/sites\/7\/2018\/03\/woo-themes-plugins-retro-theme-woocommerce-vvintage-theme-simple-responsive-bundle-premium.jpeg\",\"contentUrl\":\"https:\/\/woo-themes-plugins.com\/wp-content\/uploads\/sites\/7\/2018\/03\/woo-themes-plugins-retro-theme-woocommerce-vvintage-theme-simple-responsive-bundle-premium.jpeg\",\"width\":590,\"height\":300},{\"@type\":\"BreadcrumbList\",\"@id\":\"https:\/\/woo-themes-plugins.com\/fr\/produit\/retro-theme-woocommerce-vintage-theme-simple-responsive-bundle-premium\/#breadcrumb\",\"itemListElement\":[{\"@type\":\"ListItem\",\"position\":1,\"name\":\"Accueil\",\"item\":\"https:\/\/woo-themes-plugins.com\/fr\/\"},{\"@type\":\"ListItem\",\"position\":2,\"name\":\"Shop\",\"item\":\"https:\/\/woo-themes-plugins.com\/shop\/\"},{\"@type\":\"ListItem\",\"position\":3,\"name\":\"Retro &#8211; Th\u00e8me WooCommerce Vintage &#8211; Th\u00e8me Simple, Responsive &amp; Bundle Premium\"}]},{\"@type\":\"WebSite\",\"@id\":\"https:\/\/woo-themes-plugins.com\/it\/#website\",\"url\":\"https:\/\/woo-themes-plugins.com\/it\/\",\"name\":\"Woo-themes-plugins.com\",\"description\":\"Tous les th\u00e8mes et plugins WooCommerce Premium\",\"potentialAction\":[{\"@type\":\"SearchAction\",\"target\":{\"@type\":\"EntryPoint\",\"urlTemplate\":\"https:\/\/woo-themes-plugins.com\/it\/?s={search_term_string}\"},\"query-input\":\"required name=search_term_string\"}],\"inLanguage\":\"fr-FR\"}]}<\/script>\n<!-- \/ Yoast SEO plugin. -->","yoast_head_json":{"title":"Retro - Th\u00e8me WooCommerce Vintage - Th\u00e8me Simple, Responsive &amp; Bundle Premium - Woo-themes-plugins.com","robots":{"index":"index","follow":"follow","max-snippet":"max-snippet:-1","max-image-preview":"max-image-preview:large","max-video-preview":"max-video-preview:-1"},"canonical":"https:\/\/woo-themes-plugins.com\/fr\/produit\/retro-theme-woocommerce-vintage-theme-simple-responsive-bundle-premium\/","og_locale":"fr_FR","og_type":"article","og_title":"Retro - Th\u00e8me WooCommerce Vintage - Th\u00e8me Simple, Responsive &amp; Bundle Premium - Woo-themes-plugins.com","og_description":"Pour ma part, lorsqu'un th\u00e8me WooCommerce me plait, je dois admettre aussi beaucoup aimer qu'il soit accompagn\u00e9 de plugins premium, cela fait toujours une \u00e9conomie int\u00e9ressante. Bien entendu, il faut que ton th\u00e8me soit mis \u00e0 jour souvent. Avec Retro, on a affaire \u00e0 un th\u00e8me WooCommerce qui mise tout sur le c\u00f4t\u00e9 vintage avec une puissante interface d'administration et de personnalisation. Le rendu est vraiment tr\u00e8s int\u00e9ressant et ses possibilit\u00e9s de personnalisations offrent un large \u00e9ventail de possibilit\u00e9s. Cerise sur le g\u00e2teau, 4 plugins premiums eCommerce inclus !","og_url":"https:\/\/woo-themes-plugins.com\/fr\/produit\/retro-theme-woocommerce-vintage-theme-simple-responsive-bundle-premium\/","og_site_name":"Woo-themes-plugins.com","article_modified_time":"2018-04-26T16:20:43+00:00","og_image":[{"width":590,"height":300,"url":"https:\/\/woo-themes-plugins.com\/wp-content\/uploads\/sites\/7\/2018\/03\/woo-themes-plugins-retro-theme-woocommerce-vvintage-theme-simple-responsive-bundle-premium.jpeg","type":"image\/jpeg"}],"schema":{"@context":"https:\/\/schema.org","@graph":[{"@type":"WebPage","@id":"https:\/\/woo-themes-plugins.com\/fr\/produit\/retro-theme-woocommerce-vintage-theme-simple-responsive-bundle-premium\/","url":"https:\/\/woo-themes-plugins.com\/fr\/produit\/retro-theme-woocommerce-vintage-theme-simple-responsive-bundle-premium\/","name":"Retro - Th\u00e8me WooCommerce Vintage - Th\u00e8me Simple, Responsive &amp; Bundle Premium - Woo-themes-plugins.com","isPartOf":{"@id":"https:\/\/woo-themes-plugins.com\/it\/#website"},"primaryImageOfPage":{"@id":"https:\/\/woo-themes-plugins.com\/fr\/produit\/retro-theme-woocommerce-vintage-theme-simple-responsive-bundle-premium\/#primaryimage"},"image":{"@id":"https:\/\/woo-themes-plugins.com\/fr\/produit\/retro-theme-woocommerce-vintage-theme-simple-responsive-bundle-premium\/#primaryimage"},"thumbnailUrl":"https:\/\/woo-themes-plugins.com\/wp-content\/uploads\/sites\/7\/2018\/03\/woo-themes-plugins-retro-theme-woocommerce-vvintage-theme-simple-responsive-bundle-premium.jpeg","datePublished":"2018-03-27T07:45:07+00:00","dateModified":"2018-04-26T16:20:43+00:00","breadcrumb":{"@id":"https:\/\/woo-themes-plugins.com\/fr\/produit\/retro-theme-woocommerce-vintage-theme-simple-responsive-bundle-premium\/#breadcrumb"},"inLanguage":"fr-FR","potentialAction":[{"@type":"ReadAction","target":["https:\/\/woo-themes-plugins.com\/fr\/produit\/retro-theme-woocommerce-vintage-theme-simple-responsive-bundle-premium\/"]}]},{"@type":"ImageObject","inLanguage":"fr-FR","@id":"https:\/\/woo-themes-plugins.com\/fr\/produit\/retro-theme-woocommerce-vintage-theme-simple-responsive-bundle-premium\/#primaryimage","url":"https:\/\/woo-themes-plugins.com\/wp-content\/uploads\/sites\/7\/2018\/03\/woo-themes-plugins-retro-theme-woocommerce-vvintage-theme-simple-responsive-bundle-premium.jpeg","contentUrl":"https:\/\/woo-themes-plugins.com\/wp-content\/uploads\/sites\/7\/2018\/03\/woo-themes-plugins-retro-theme-woocommerce-vvintage-theme-simple-responsive-bundle-premium.jpeg","width":590,"height":300},{"@type":"BreadcrumbList","@id":"https:\/\/woo-themes-plugins.com\/fr\/produit\/retro-theme-woocommerce-vintage-theme-simple-responsive-bundle-premium\/#breadcrumb","itemListElement":[{"@type":"ListItem","position":1,"name":"Accueil","item":"https:\/\/woo-themes-plugins.com\/fr\/"},{"@type":"ListItem","position":2,"name":"Shop","item":"https:\/\/woo-themes-plugins.com\/shop\/"},{"@type":"ListItem","position":3,"name":"Retro &#8211; Th\u00e8me WooCommerce Vintage &#8211; Th\u00e8me Simple, Responsive &amp; Bundle Premium"}]},{"@type":"WebSite","@id":"https:\/\/woo-themes-plugins.com\/it\/#website","url":"https:\/\/woo-themes-plugins.com\/it\/","name":"Woo-themes-plugins.com","description":"Tous les th\u00e8mes et plugins WooCommerce Premium","potentialAction":[{"@type":"SearchAction","target":{"@type":"EntryPoint","urlTemplate":"https:\/\/woo-themes-plugins.com\/it\/?s={search_term_string}"},"query-input":"required name=search_term_string"}],"inLanguage":"fr-FR"}]}},"_links":{"self":[{"href":"https:\/\/woo-themes-plugins.com\/fr\/wp-json\/wp\/v2\/product\/440","targetHints":{"allow":["GET"]}}],"collection":[{"href":"https:\/\/woo-themes-plugins.com\/fr\/wp-json\/wp\/v2\/product"}],"about":[{"href":"https:\/\/woo-themes-plugins.com\/fr\/wp-json\/wp\/v2\/types\/product"}],"wp:featuredmedia":[{"embeddable":true,"href":"https:\/\/woo-themes-plugins.com\/fr\/wp-json\/wp\/v2\/media\/441"}],"wp:attachment":[{"href":"https:\/\/woo-themes-plugins.com\/fr\/wp-json\/wp\/v2\/media?parent=440"}],"wp:term":[{"taxonomy":"product_cat","embeddable":true,"href":"https:\/\/woo-themes-plugins.com\/fr\/wp-json\/wp\/v2\/product_cat?post=440"},{"taxonomy":"product_tag","embeddable":true,"href":"https:\/\/woo-themes-plugins.com\/fr\/wp-json\/wp\/v2\/product_tag?post=440"}],"curies":[{"name":"wp","href":"https:\/\/api.w.org\/{rel}","templated":true}]}}