{"id":447,"date":"2018-03-27T08:51:30","date_gmt":"2018-03-27T07:51:30","guid":{"rendered":"https:\/\/woo-themes-plugins.com\/?post_type=product&#038;p=447"},"modified":"2018-04-26T17:20:32","modified_gmt":"2018-04-26T16:20:32","slug":"woopress-theme-woocommerce-tous-sites-theme-versatile-responsive-parallax","status":"publish","type":"product","link":"https:\/\/woo-themes-plugins.com\/fr\/product\/woopress-theme-woocommerce-tous-sites-theme-versatile-responsive-parallax\/","title":{"rendered":"WooPress &#8211; Th\u00e8me WooCommerce Tous Sites &#8211; Th\u00e8me Versatile, Responsive &amp; Parallax"},"content":{"rendered":"","protected":false},"excerpt":{"rendered":"<p>R\u00e9sum\u00e9 en deux lignes ce que peux faire <em>WooPress <\/em>serait presque une injure pour ce th\u00e8me WooCommerce tellement son auteur tente de mettre la barre haute. Th\u00e8me WooCommerce versatile par nature, <em>WooPress <\/em>c&rsquo;est plus de 20 mises en pages pour concevoir tous types de sites de eCommerce. Regardes un peu les mises en pages que tu te proposes ce th\u00e8me WooCommerce : Site de jouet, d&rsquo;ameublement, de fleur, avec des effets parallax, pour les animaleries, pour les bijouteries&#8230; le choix est large et vari\u00e9.<\/p>\n","protected":false},"featured_media":943,"template":"","meta":{"_monsterinsights_skip_tracking":false,"_monsterinsights_sitenote_active":false,"_monsterinsights_sitenote_note":"","_monsterinsights_sitenote_category":0},"product_cat":[139],"product_tag":[160,144,170,185,182,177,141,181,183,171,179,178,184,159,180,161,151,152,148],"class_list":["post-447","product","type-product","status-publish","has-post-thumbnail","hentry","product_cat-theme-woocommerce","product_tag-bundle-plugins-premium","product_tag-debutant-woocommerce","product_tag-theme-woocommerce-ajax","product_tag-theme-woocommerce-one-page","product_tag-theme-woocommerce-avec-parallaxe","product_tag-theme-woocommerce-vintage","product_tag-themes-woocommerce-personnalisable","product_tag-woocommerce-ameublement","product_tag-woocommerce-animalerie","product_tag-woocommerce-bijouterie","product_tag-woocommerce-fleuriste","product_tag-woocommerce-magasin-de-jouets","product_tag-woocommerce-quincaillerie-bricolage","product_tag-woocommerce-revolution-slider","product_tag-woocommerce-salon-de-beaute-cosmetique","product_tag-woocommerce-visual-composer","product_tag-woocommerce-installation-un-clic","product_tag-woocommerce-multilingue","product_tag-woocommerce-responsive","pa_dev-woo-plugin-theme-8theme","pa_marketplace-woocommerce-themeforest-net"],"yoast_head":"<!-- This site is optimized with the Yoast SEO plugin v23.1 - https:\/\/yoast.com\/wordpress\/plugins\/seo\/ -->\n<title>WooPress - Th\u00e8me WooCommerce Tous Sites - Th\u00e8me Versatile, Responsive &amp; Parallax - Woo-themes-plugins.com<\/title>\n<meta name=\"robots\" content=\"index, follow, max-snippet:-1, max-image-preview:large, max-video-preview:-1\" \/>\n<link rel=\"canonical\" href=\"https:\/\/woo-themes-plugins.com\/fr\/produit\/woopress-theme-woocommerce-tous-sites-theme-versatile-responsive-parallax\/\" \/>\n<meta property=\"og:locale\" content=\"fr_FR\" \/>\n<meta property=\"og:type\" content=\"article\" \/>\n<meta property=\"og:title\" content=\"WooPress - Th\u00e8me WooCommerce Tous Sites - Th\u00e8me Versatile, Responsive &amp; Parallax - Woo-themes-plugins.com\" \/>\n<meta property=\"og:description\" content=\"R\u00e9sum\u00e9 en deux lignes ce que peux faire WooPress serait presque une injure pour ce th\u00e8me WooCommerce tellement son auteur tente de mettre la barre haute. Th\u00e8me WooCommerce versatile par nature, WooPress c&#039;est plus de 20 mises en pages pour concevoir tous types de sites de eCommerce. Regardes un peu les mises en pages que tu te proposes ce th\u00e8me WooCommerce : Site de jouet, d&#039;ameublement, de fleur, avec des effets parallax, pour les animaleries, pour les bijouteries... le choix est large et vari\u00e9.\" \/>\n<meta property=\"og:url\" content=\"https:\/\/woo-themes-plugins.com\/fr\/produit\/woopress-theme-woocommerce-tous-sites-theme-versatile-responsive-parallax\/\" \/>\n<meta property=\"og:site_name\" content=\"Woo-themes-plugins.com\" \/>\n<meta property=\"article:modified_time\" content=\"2018-04-26T16:20:32+00:00\" \/>\n<meta property=\"og:image\" content=\"https:\/\/woo-themes-plugins.com\/wp-content\/uploads\/sites\/7\/2018\/03\/woo-themes-plugins-woopress-theme-woocommerce-tous-sites-theme-versatile-responsive-default.jpg\" \/>\n\t<meta property=\"og:image:width\" content=\"906\" \/>\n\t<meta property=\"og:image:height\" content=\"900\" \/>\n\t<meta property=\"og:image:type\" content=\"image\/jpeg\" \/>\n<script type=\"application\/ld+json\" class=\"yoast-schema-graph\">{\"@context\":\"https:\/\/schema.org\",\"@graph\":[{\"@type\":\"WebPage\",\"@id\":\"https:\/\/woo-themes-plugins.com\/fr\/produit\/woopress-theme-woocommerce-tous-sites-theme-versatile-responsive-parallax\/\",\"url\":\"https:\/\/woo-themes-plugins.com\/fr\/produit\/woopress-theme-woocommerce-tous-sites-theme-versatile-responsive-parallax\/\",\"name\":\"WooPress - Th\u00e8me WooCommerce Tous Sites - Th\u00e8me Versatile, Responsive &amp; Parallax - Woo-themes-plugins.com\",\"isPartOf\":{\"@id\":\"https:\/\/woo-themes-plugins.com\/it\/#website\"},\"primaryImageOfPage\":{\"@id\":\"https:\/\/woo-themes-plugins.com\/fr\/produit\/woopress-theme-woocommerce-tous-sites-theme-versatile-responsive-parallax\/#primaryimage\"},\"image\":{\"@id\":\"https:\/\/woo-themes-plugins.com\/fr\/produit\/woopress-theme-woocommerce-tous-sites-theme-versatile-responsive-parallax\/#primaryimage\"},\"thumbnailUrl\":\"https:\/\/woo-themes-plugins.com\/wp-content\/uploads\/sites\/7\/2018\/03\/woo-themes-plugins-woopress-theme-woocommerce-tous-sites-theme-versatile-responsive-default.jpg\",\"datePublished\":\"2018-03-27T07:51:30+00:00\",\"dateModified\":\"2018-04-26T16:20:32+00:00\",\"breadcrumb\":{\"@id\":\"https:\/\/woo-themes-plugins.com\/fr\/produit\/woopress-theme-woocommerce-tous-sites-theme-versatile-responsive-parallax\/#breadcrumb\"},\"inLanguage\":\"fr-FR\",\"potentialAction\":[{\"@type\":\"ReadAction\",\"target\":[\"https:\/\/woo-themes-plugins.com\/fr\/produit\/woopress-theme-woocommerce-tous-sites-theme-versatile-responsive-parallax\/\"]}]},{\"@type\":\"ImageObject\",\"inLanguage\":\"fr-FR\",\"@id\":\"https:\/\/woo-themes-plugins.com\/fr\/produit\/woopress-theme-woocommerce-tous-sites-theme-versatile-responsive-parallax\/#primaryimage\",\"url\":\"https:\/\/woo-themes-plugins.com\/wp-content\/uploads\/sites\/7\/2018\/03\/woo-themes-plugins-woopress-theme-woocommerce-tous-sites-theme-versatile-responsive-default.jpg\",\"contentUrl\":\"https:\/\/woo-themes-plugins.com\/wp-content\/uploads\/sites\/7\/2018\/03\/woo-themes-plugins-woopress-theme-woocommerce-tous-sites-theme-versatile-responsive-default.jpg\",\"width\":906,\"height\":900},{\"@type\":\"BreadcrumbList\",\"@id\":\"https:\/\/woo-themes-plugins.com\/fr\/produit\/woopress-theme-woocommerce-tous-sites-theme-versatile-responsive-parallax\/#breadcrumb\",\"itemListElement\":[{\"@type\":\"ListItem\",\"position\":1,\"name\":\"Accueil\",\"item\":\"https:\/\/woo-themes-plugins.com\/fr\/\"},{\"@type\":\"ListItem\",\"position\":2,\"name\":\"Shop\",\"item\":\"https:\/\/woo-themes-plugins.com\/shop\/\"},{\"@type\":\"ListItem\",\"position\":3,\"name\":\"WooPress &#8211; Th\u00e8me WooCommerce Tous Sites &#8211; Th\u00e8me Versatile, Responsive &amp; Parallax\"}]},{\"@type\":\"WebSite\",\"@id\":\"https:\/\/woo-themes-plugins.com\/it\/#website\",\"url\":\"https:\/\/woo-themes-plugins.com\/it\/\",\"name\":\"Woo-themes-plugins.com\",\"description\":\"Tous les th\u00e8mes et plugins WooCommerce Premium\",\"potentialAction\":[{\"@type\":\"SearchAction\",\"target\":{\"@type\":\"EntryPoint\",\"urlTemplate\":\"https:\/\/woo-themes-plugins.com\/it\/?s={search_term_string}\"},\"query-input\":\"required name=search_term_string\"}],\"inLanguage\":\"fr-FR\"}]}<\/script>\n<!-- \/ Yoast SEO plugin. -->","yoast_head_json":{"title":"WooPress - Th\u00e8me WooCommerce Tous Sites - Th\u00e8me Versatile, Responsive &amp; Parallax - Woo-themes-plugins.com","robots":{"index":"index","follow":"follow","max-snippet":"max-snippet:-1","max-image-preview":"max-image-preview:large","max-video-preview":"max-video-preview:-1"},"canonical":"https:\/\/woo-themes-plugins.com\/fr\/produit\/woopress-theme-woocommerce-tous-sites-theme-versatile-responsive-parallax\/","og_locale":"fr_FR","og_type":"article","og_title":"WooPress - Th\u00e8me WooCommerce Tous Sites - Th\u00e8me Versatile, Responsive &amp; Parallax - Woo-themes-plugins.com","og_description":"R\u00e9sum\u00e9 en deux lignes ce que peux faire WooPress serait presque une injure pour ce th\u00e8me WooCommerce tellement son auteur tente de mettre la barre haute. Th\u00e8me WooCommerce versatile par nature, WooPress c'est plus de 20 mises en pages pour concevoir tous types de sites de eCommerce. Regardes un peu les mises en pages que tu te proposes ce th\u00e8me WooCommerce : Site de jouet, d'ameublement, de fleur, avec des effets parallax, pour les animaleries, pour les bijouteries... le choix est large et vari\u00e9.","og_url":"https:\/\/woo-themes-plugins.com\/fr\/produit\/woopress-theme-woocommerce-tous-sites-theme-versatile-responsive-parallax\/","og_site_name":"Woo-themes-plugins.com","article_modified_time":"2018-04-26T16:20:32+00:00","og_image":[{"width":906,"height":900,"url":"https:\/\/woo-themes-plugins.com\/wp-content\/uploads\/sites\/7\/2018\/03\/woo-themes-plugins-woopress-theme-woocommerce-tous-sites-theme-versatile-responsive-default.jpg","type":"image\/jpeg"}],"schema":{"@context":"https:\/\/schema.org","@graph":[{"@type":"WebPage","@id":"https:\/\/woo-themes-plugins.com\/fr\/produit\/woopress-theme-woocommerce-tous-sites-theme-versatile-responsive-parallax\/","url":"https:\/\/woo-themes-plugins.com\/fr\/produit\/woopress-theme-woocommerce-tous-sites-theme-versatile-responsive-parallax\/","name":"WooPress - Th\u00e8me WooCommerce Tous Sites - Th\u00e8me Versatile, Responsive &amp; Parallax - Woo-themes-plugins.com","isPartOf":{"@id":"https:\/\/woo-themes-plugins.com\/it\/#website"},"primaryImageOfPage":{"@id":"https:\/\/woo-themes-plugins.com\/fr\/produit\/woopress-theme-woocommerce-tous-sites-theme-versatile-responsive-parallax\/#primaryimage"},"image":{"@id":"https:\/\/woo-themes-plugins.com\/fr\/produit\/woopress-theme-woocommerce-tous-sites-theme-versatile-responsive-parallax\/#primaryimage"},"thumbnailUrl":"https:\/\/woo-themes-plugins.com\/wp-content\/uploads\/sites\/7\/2018\/03\/woo-themes-plugins-woopress-theme-woocommerce-tous-sites-theme-versatile-responsive-default.jpg","datePublished":"2018-03-27T07:51:30+00:00","dateModified":"2018-04-26T16:20:32+00:00","breadcrumb":{"@id":"https:\/\/woo-themes-plugins.com\/fr\/produit\/woopress-theme-woocommerce-tous-sites-theme-versatile-responsive-parallax\/#breadcrumb"},"inLanguage":"fr-FR","potentialAction":[{"@type":"ReadAction","target":["https:\/\/woo-themes-plugins.com\/fr\/produit\/woopress-theme-woocommerce-tous-sites-theme-versatile-responsive-parallax\/"]}]},{"@type":"ImageObject","inLanguage":"fr-FR","@id":"https:\/\/woo-themes-plugins.com\/fr\/produit\/woopress-theme-woocommerce-tous-sites-theme-versatile-responsive-parallax\/#primaryimage","url":"https:\/\/woo-themes-plugins.com\/wp-content\/uploads\/sites\/7\/2018\/03\/woo-themes-plugins-woopress-theme-woocommerce-tous-sites-theme-versatile-responsive-default.jpg","contentUrl":"https:\/\/woo-themes-plugins.com\/wp-content\/uploads\/sites\/7\/2018\/03\/woo-themes-plugins-woopress-theme-woocommerce-tous-sites-theme-versatile-responsive-default.jpg","width":906,"height":900},{"@type":"BreadcrumbList","@id":"https:\/\/woo-themes-plugins.com\/fr\/produit\/woopress-theme-woocommerce-tous-sites-theme-versatile-responsive-parallax\/#breadcrumb","itemListElement":[{"@type":"ListItem","position":1,"name":"Accueil","item":"https:\/\/woo-themes-plugins.com\/fr\/"},{"@type":"ListItem","position":2,"name":"Shop","item":"https:\/\/woo-themes-plugins.com\/shop\/"},{"@type":"ListItem","position":3,"name":"WooPress &#8211; Th\u00e8me WooCommerce Tous Sites &#8211; Th\u00e8me Versatile, Responsive &amp; Parallax"}]},{"@type":"WebSite","@id":"https:\/\/woo-themes-plugins.com\/it\/#website","url":"https:\/\/woo-themes-plugins.com\/it\/","name":"Woo-themes-plugins.com","description":"Tous les th\u00e8mes et plugins WooCommerce Premium","potentialAction":[{"@type":"SearchAction","target":{"@type":"EntryPoint","urlTemplate":"https:\/\/woo-themes-plugins.com\/it\/?s={search_term_string}"},"query-input":"required name=search_term_string"}],"inLanguage":"fr-FR"}]}},"_links":{"self":[{"href":"https:\/\/woo-themes-plugins.com\/fr\/wp-json\/wp\/v2\/product\/447","targetHints":{"allow":["GET"]}}],"collection":[{"href":"https:\/\/woo-themes-plugins.com\/fr\/wp-json\/wp\/v2\/product"}],"about":[{"href":"https:\/\/woo-themes-plugins.com\/fr\/wp-json\/wp\/v2\/types\/product"}],"wp:featuredmedia":[{"embeddable":true,"href":"https:\/\/woo-themes-plugins.com\/fr\/wp-json\/wp\/v2\/media\/943"}],"wp:attachment":[{"href":"https:\/\/woo-themes-plugins.com\/fr\/wp-json\/wp\/v2\/media?parent=447"}],"wp:term":[{"taxonomy":"product_cat","embeddable":true,"href":"https:\/\/woo-themes-plugins.com\/fr\/wp-json\/wp\/v2\/product_cat?post=447"},{"taxonomy":"product_tag","embeddable":true,"href":"https:\/\/woo-themes-plugins.com\/fr\/wp-json\/wp\/v2\/product_tag?post=447"}],"curies":[{"name":"wp","href":"https:\/\/api.w.org\/{rel}","templated":true}]}}