{"id":454,"date":"2018-03-27T08:59:14","date_gmt":"2018-03-27T07:59:14","guid":{"rendered":"https:\/\/woo-themes-plugins.com\/?post_type=product&#038;p=454"},"modified":"2018-04-26T17:20:19","modified_gmt":"2018-04-26T16:20:19","slug":"sommerce-shop-theme-woocommerce-sans-limite-theme-versatile-responsive","status":"publish","type":"product","link":"https:\/\/woo-themes-plugins.com\/fr\/product\/sommerce-shop-theme-woocommerce-sans-limite-theme-versatile-responsive\/","title":{"rendered":"Sommerce Shop &#8211; Th\u00e8me WooCommerce Sans Limite &#8211; Th\u00e8me Versatile &amp; Responsive"},"content":{"rendered":"","protected":false},"excerpt":{"rendered":"<p><em>Sommerce Shop <\/em>est un th\u00e8me WooCommerce qui va apporter une touche de fra\u00eecheur \u00e0 votre site de eCommerce, tout en t&rsquo;offrant des possibilit\u00e9s de mise en page presque sans limite. Si en plus tu souhaites te mettre \u00e0 jouer avec les couleurs, tu as clairement de quoi t&rsquo;amuser. Conception de la page d&rsquo;accueil \u00e0 l&rsquo;aide de widgets et de shortcodes pour le plus de souplesse possible, choix entre une version avec ou sans trame de fond, choix parmi plus de 60 fonds diff\u00e9rents&#8230; Un vrai th\u00e8me WooCommerce couteau suisse.<\/p>\n","protected":false},"featured_media":455,"template":"","meta":{"_monsterinsights_skip_tracking":false,"_monsterinsights_sitenote_active":false,"_monsterinsights_sitenote_note":"","_monsterinsights_sitenote_category":0},"product_cat":[139],"product_tag":[160,144,170,185,182,177,141,181,183,171,179,178,184,159,180,161,151,152,148],"class_list":["post-454","product","type-product","status-publish","has-post-thumbnail","hentry","product_cat-theme-woocommerce","product_tag-bundle-plugins-premium","product_tag-debutant-woocommerce","product_tag-theme-woocommerce-ajax","product_tag-theme-woocommerce-one-page","product_tag-theme-woocommerce-avec-parallaxe","product_tag-theme-woocommerce-vintage","product_tag-themes-woocommerce-personnalisable","product_tag-woocommerce-ameublement","product_tag-woocommerce-animalerie","product_tag-woocommerce-bijouterie","product_tag-woocommerce-fleuriste","product_tag-woocommerce-magasin-de-jouets","product_tag-woocommerce-quincaillerie-bricolage","product_tag-woocommerce-revolution-slider","product_tag-woocommerce-salon-de-beaute-cosmetique","product_tag-woocommerce-visual-composer","product_tag-woocommerce-installation-un-clic","product_tag-woocommerce-multilingue","product_tag-woocommerce-responsive","pa_dev-woo-plugin-theme-sara_p","pa_marketplace-woocommerce-themeforest-net"],"yoast_head":"<!-- This site is optimized with the Yoast SEO plugin v23.1 - https:\/\/yoast.com\/wordpress\/plugins\/seo\/ -->\n<title>Sommerce Shop - Th\u00e8me WooCommerce Sans Limite - Th\u00e8me Versatile &amp; Responsive - Woo-themes-plugins.com<\/title>\n<meta name=\"robots\" content=\"index, follow, max-snippet:-1, max-image-preview:large, max-video-preview:-1\" \/>\n<link rel=\"canonical\" href=\"https:\/\/woo-themes-plugins.com\/fr\/produit\/sommerce-shop-theme-woocommerce-sans-limite-theme-versatile-responsive\/\" \/>\n<meta property=\"og:locale\" content=\"fr_FR\" \/>\n<meta property=\"og:type\" content=\"article\" \/>\n<meta property=\"og:title\" content=\"Sommerce Shop - Th\u00e8me WooCommerce Sans Limite - Th\u00e8me Versatile &amp; Responsive - Woo-themes-plugins.com\" \/>\n<meta property=\"og:description\" content=\"Sommerce Shop est un th\u00e8me WooCommerce qui va apporter une touche de fra\u00eecheur \u00e0 votre site de eCommerce, tout en t&#039;offrant des possibilit\u00e9s de mise en page presque sans limite. Si en plus tu souhaites te mettre \u00e0 jouer avec les couleurs, tu as clairement de quoi t&#039;amuser. Conception de la page d&#039;accueil \u00e0 l&#039;aide de widgets et de shortcodes pour le plus de souplesse possible, choix entre une version avec ou sans trame de fond, choix parmi plus de 60 fonds diff\u00e9rents... Un vrai th\u00e8me WooCommerce couteau suisse.\" \/>\n<meta property=\"og:url\" content=\"https:\/\/woo-themes-plugins.com\/fr\/produit\/sommerce-shop-theme-woocommerce-sans-limite-theme-versatile-responsive\/\" \/>\n<meta property=\"og:site_name\" content=\"Woo-themes-plugins.com\" \/>\n<meta property=\"article:modified_time\" content=\"2018-04-26T16:20:19+00:00\" \/>\n<meta property=\"og:image\" content=\"https:\/\/woo-themes-plugins.com\/wp-content\/uploads\/sites\/7\/2018\/03\/woo-themes-plugins-sommerce-shop-theme-woocommerce-sans-limite-theme-versatile-responsive.jpeg\" \/>\n\t<meta property=\"og:image:width\" content=\"590\" \/>\n\t<meta property=\"og:image:height\" content=\"300\" \/>\n\t<meta property=\"og:image:type\" content=\"image\/jpeg\" \/>\n<script type=\"application\/ld+json\" class=\"yoast-schema-graph\">{\"@context\":\"https:\/\/schema.org\",\"@graph\":[{\"@type\":\"WebPage\",\"@id\":\"https:\/\/woo-themes-plugins.com\/fr\/produit\/sommerce-shop-theme-woocommerce-sans-limite-theme-versatile-responsive\/\",\"url\":\"https:\/\/woo-themes-plugins.com\/fr\/produit\/sommerce-shop-theme-woocommerce-sans-limite-theme-versatile-responsive\/\",\"name\":\"Sommerce Shop - Th\u00e8me WooCommerce Sans Limite - Th\u00e8me Versatile &amp; Responsive - Woo-themes-plugins.com\",\"isPartOf\":{\"@id\":\"https:\/\/woo-themes-plugins.com\/it\/#website\"},\"primaryImageOfPage\":{\"@id\":\"https:\/\/woo-themes-plugins.com\/fr\/produit\/sommerce-shop-theme-woocommerce-sans-limite-theme-versatile-responsive\/#primaryimage\"},\"image\":{\"@id\":\"https:\/\/woo-themes-plugins.com\/fr\/produit\/sommerce-shop-theme-woocommerce-sans-limite-theme-versatile-responsive\/#primaryimage\"},\"thumbnailUrl\":\"https:\/\/woo-themes-plugins.com\/wp-content\/uploads\/sites\/7\/2018\/03\/woo-themes-plugins-sommerce-shop-theme-woocommerce-sans-limite-theme-versatile-responsive.jpeg\",\"datePublished\":\"2018-03-27T07:59:14+00:00\",\"dateModified\":\"2018-04-26T16:20:19+00:00\",\"breadcrumb\":{\"@id\":\"https:\/\/woo-themes-plugins.com\/fr\/produit\/sommerce-shop-theme-woocommerce-sans-limite-theme-versatile-responsive\/#breadcrumb\"},\"inLanguage\":\"fr-FR\",\"potentialAction\":[{\"@type\":\"ReadAction\",\"target\":[\"https:\/\/woo-themes-plugins.com\/fr\/produit\/sommerce-shop-theme-woocommerce-sans-limite-theme-versatile-responsive\/\"]}]},{\"@type\":\"ImageObject\",\"inLanguage\":\"fr-FR\",\"@id\":\"https:\/\/woo-themes-plugins.com\/fr\/produit\/sommerce-shop-theme-woocommerce-sans-limite-theme-versatile-responsive\/#primaryimage\",\"url\":\"https:\/\/woo-themes-plugins.com\/wp-content\/uploads\/sites\/7\/2018\/03\/woo-themes-plugins-sommerce-shop-theme-woocommerce-sans-limite-theme-versatile-responsive.jpeg\",\"contentUrl\":\"https:\/\/woo-themes-plugins.com\/wp-content\/uploads\/sites\/7\/2018\/03\/woo-themes-plugins-sommerce-shop-theme-woocommerce-sans-limite-theme-versatile-responsive.jpeg\",\"width\":590,\"height\":300},{\"@type\":\"BreadcrumbList\",\"@id\":\"https:\/\/woo-themes-plugins.com\/fr\/produit\/sommerce-shop-theme-woocommerce-sans-limite-theme-versatile-responsive\/#breadcrumb\",\"itemListElement\":[{\"@type\":\"ListItem\",\"position\":1,\"name\":\"Accueil\",\"item\":\"https:\/\/woo-themes-plugins.com\/fr\/\"},{\"@type\":\"ListItem\",\"position\":2,\"name\":\"Shop\",\"item\":\"https:\/\/woo-themes-plugins.com\/shop\/\"},{\"@type\":\"ListItem\",\"position\":3,\"name\":\"Sommerce Shop &#8211; Th\u00e8me WooCommerce Sans Limite &#8211; Th\u00e8me Versatile &amp; Responsive\"}]},{\"@type\":\"WebSite\",\"@id\":\"https:\/\/woo-themes-plugins.com\/it\/#website\",\"url\":\"https:\/\/woo-themes-plugins.com\/it\/\",\"name\":\"Woo-themes-plugins.com\",\"description\":\"Tous les th\u00e8mes et plugins WooCommerce Premium\",\"potentialAction\":[{\"@type\":\"SearchAction\",\"target\":{\"@type\":\"EntryPoint\",\"urlTemplate\":\"https:\/\/woo-themes-plugins.com\/it\/?s={search_term_string}\"},\"query-input\":\"required name=search_term_string\"}],\"inLanguage\":\"fr-FR\"}]}<\/script>\n<!-- \/ Yoast SEO plugin. -->","yoast_head_json":{"title":"Sommerce Shop - Th\u00e8me WooCommerce Sans Limite - Th\u00e8me Versatile &amp; Responsive - Woo-themes-plugins.com","robots":{"index":"index","follow":"follow","max-snippet":"max-snippet:-1","max-image-preview":"max-image-preview:large","max-video-preview":"max-video-preview:-1"},"canonical":"https:\/\/woo-themes-plugins.com\/fr\/produit\/sommerce-shop-theme-woocommerce-sans-limite-theme-versatile-responsive\/","og_locale":"fr_FR","og_type":"article","og_title":"Sommerce Shop - Th\u00e8me WooCommerce Sans Limite - Th\u00e8me Versatile &amp; Responsive - Woo-themes-plugins.com","og_description":"Sommerce Shop est un th\u00e8me WooCommerce qui va apporter une touche de fra\u00eecheur \u00e0 votre site de eCommerce, tout en t'offrant des possibilit\u00e9s de mise en page presque sans limite. Si en plus tu souhaites te mettre \u00e0 jouer avec les couleurs, tu as clairement de quoi t'amuser. Conception de la page d'accueil \u00e0 l'aide de widgets et de shortcodes pour le plus de souplesse possible, choix entre une version avec ou sans trame de fond, choix parmi plus de 60 fonds diff\u00e9rents... Un vrai th\u00e8me WooCommerce couteau suisse.","og_url":"https:\/\/woo-themes-plugins.com\/fr\/produit\/sommerce-shop-theme-woocommerce-sans-limite-theme-versatile-responsive\/","og_site_name":"Woo-themes-plugins.com","article_modified_time":"2018-04-26T16:20:19+00:00","og_image":[{"width":590,"height":300,"url":"https:\/\/woo-themes-plugins.com\/wp-content\/uploads\/sites\/7\/2018\/03\/woo-themes-plugins-sommerce-shop-theme-woocommerce-sans-limite-theme-versatile-responsive.jpeg","type":"image\/jpeg"}],"schema":{"@context":"https:\/\/schema.org","@graph":[{"@type":"WebPage","@id":"https:\/\/woo-themes-plugins.com\/fr\/produit\/sommerce-shop-theme-woocommerce-sans-limite-theme-versatile-responsive\/","url":"https:\/\/woo-themes-plugins.com\/fr\/produit\/sommerce-shop-theme-woocommerce-sans-limite-theme-versatile-responsive\/","name":"Sommerce Shop - Th\u00e8me WooCommerce Sans Limite - Th\u00e8me Versatile &amp; Responsive - Woo-themes-plugins.com","isPartOf":{"@id":"https:\/\/woo-themes-plugins.com\/it\/#website"},"primaryImageOfPage":{"@id":"https:\/\/woo-themes-plugins.com\/fr\/produit\/sommerce-shop-theme-woocommerce-sans-limite-theme-versatile-responsive\/#primaryimage"},"image":{"@id":"https:\/\/woo-themes-plugins.com\/fr\/produit\/sommerce-shop-theme-woocommerce-sans-limite-theme-versatile-responsive\/#primaryimage"},"thumbnailUrl":"https:\/\/woo-themes-plugins.com\/wp-content\/uploads\/sites\/7\/2018\/03\/woo-themes-plugins-sommerce-shop-theme-woocommerce-sans-limite-theme-versatile-responsive.jpeg","datePublished":"2018-03-27T07:59:14+00:00","dateModified":"2018-04-26T16:20:19+00:00","breadcrumb":{"@id":"https:\/\/woo-themes-plugins.com\/fr\/produit\/sommerce-shop-theme-woocommerce-sans-limite-theme-versatile-responsive\/#breadcrumb"},"inLanguage":"fr-FR","potentialAction":[{"@type":"ReadAction","target":["https:\/\/woo-themes-plugins.com\/fr\/produit\/sommerce-shop-theme-woocommerce-sans-limite-theme-versatile-responsive\/"]}]},{"@type":"ImageObject","inLanguage":"fr-FR","@id":"https:\/\/woo-themes-plugins.com\/fr\/produit\/sommerce-shop-theme-woocommerce-sans-limite-theme-versatile-responsive\/#primaryimage","url":"https:\/\/woo-themes-plugins.com\/wp-content\/uploads\/sites\/7\/2018\/03\/woo-themes-plugins-sommerce-shop-theme-woocommerce-sans-limite-theme-versatile-responsive.jpeg","contentUrl":"https:\/\/woo-themes-plugins.com\/wp-content\/uploads\/sites\/7\/2018\/03\/woo-themes-plugins-sommerce-shop-theme-woocommerce-sans-limite-theme-versatile-responsive.jpeg","width":590,"height":300},{"@type":"BreadcrumbList","@id":"https:\/\/woo-themes-plugins.com\/fr\/produit\/sommerce-shop-theme-woocommerce-sans-limite-theme-versatile-responsive\/#breadcrumb","itemListElement":[{"@type":"ListItem","position":1,"name":"Accueil","item":"https:\/\/woo-themes-plugins.com\/fr\/"},{"@type":"ListItem","position":2,"name":"Shop","item":"https:\/\/woo-themes-plugins.com\/shop\/"},{"@type":"ListItem","position":3,"name":"Sommerce Shop &#8211; Th\u00e8me WooCommerce Sans Limite &#8211; Th\u00e8me Versatile &amp; Responsive"}]},{"@type":"WebSite","@id":"https:\/\/woo-themes-plugins.com\/it\/#website","url":"https:\/\/woo-themes-plugins.com\/it\/","name":"Woo-themes-plugins.com","description":"Tous les th\u00e8mes et plugins WooCommerce Premium","potentialAction":[{"@type":"SearchAction","target":{"@type":"EntryPoint","urlTemplate":"https:\/\/woo-themes-plugins.com\/it\/?s={search_term_string}"},"query-input":"required name=search_term_string"}],"inLanguage":"fr-FR"}]}},"_links":{"self":[{"href":"https:\/\/woo-themes-plugins.com\/fr\/wp-json\/wp\/v2\/product\/454","targetHints":{"allow":["GET"]}}],"collection":[{"href":"https:\/\/woo-themes-plugins.com\/fr\/wp-json\/wp\/v2\/product"}],"about":[{"href":"https:\/\/woo-themes-plugins.com\/fr\/wp-json\/wp\/v2\/types\/product"}],"wp:featuredmedia":[{"embeddable":true,"href":"https:\/\/woo-themes-plugins.com\/fr\/wp-json\/wp\/v2\/media\/455"}],"wp:attachment":[{"href":"https:\/\/woo-themes-plugins.com\/fr\/wp-json\/wp\/v2\/media?parent=454"}],"wp:term":[{"taxonomy":"product_cat","embeddable":true,"href":"https:\/\/woo-themes-plugins.com\/fr\/wp-json\/wp\/v2\/product_cat?post=454"},{"taxonomy":"product_tag","embeddable":true,"href":"https:\/\/woo-themes-plugins.com\/fr\/wp-json\/wp\/v2\/product_tag?post=454"}],"curies":[{"name":"wp","href":"https:\/\/api.w.org\/{rel}","templated":true}]}}