{"id":461,"date":"2018-03-27T09:06:57","date_gmt":"2018-03-27T08:06:57","guid":{"rendered":"https:\/\/woo-themes-plugins.com\/?post_type=product&#038;p=461"},"modified":"2018-04-26T17:20:11","modified_gmt":"2018-04-26T16:20:11","slug":"north-theme-woocommerce-luxe-theme-minimaliste-moderne-seo-ready","status":"publish","type":"product","link":"https:\/\/woo-themes-plugins.com\/fr\/product\/north-theme-woocommerce-luxe-theme-minimaliste-moderne-seo-ready\/","title":{"rendered":"North &#8211; Th\u00e8me WooCommerce Luxe &#8211; Th\u00e8me Minimaliste, Moderne &amp; SEO Ready"},"content":{"rendered":"","protected":false},"excerpt":{"rendered":"<p>Il y a des th\u00e8mes WooCommerce qui sont plus que des th\u00e8mes, ce sont presque des \u00e9crins pour nos produits. Si tu recherches un th\u00e8me WooCommerce qui ait \u00e9t\u00e9 pens\u00e9 pour porter une boutique de luxe, je crois bien que tu viens de trouver ton bonheur. <em>North <\/em>est donc un th\u00e8me WooCommerce pour les boutiques de luxe, cela ne fait pas l&rsquo;ombre d&rsquo;un doute. Son style tr\u00e8s minimaliste en fait un candidat id\u00e9al pour le luxe car apr\u00e8s tout, qui d&rsquo;autre que le luxe peut se payer du vide sur un site de eCommerce ? La partie blog est aussi un v\u00e9ritable plus de ce th\u00e8me WooCommerce.<\/p>\n","protected":false},"featured_media":913,"template":"","meta":{"_monsterinsights_skip_tracking":false,"_monsterinsights_sitenote_active":false,"_monsterinsights_sitenote_note":"","_monsterinsights_sitenote_category":0},"product_cat":[139],"product_tag":[144,154,141,175,180,151,152,148,164],"class_list":["post-461","product","type-product","status-publish","has-post-thumbnail","hentry","product_cat-theme-woocommerce","product_tag-debutant-woocommerce","product_tag-theme-woocommerce-avec-blog","product_tag-themes-woocommerce-personnalisable","product_tag-woocommerce-luxe-haut-de-gamme","product_tag-woocommerce-salon-de-beaute-cosmetique","product_tag-woocommerce-installation-un-clic","product_tag-woocommerce-multilingue","product_tag-woocommerce-responsive","product_tag-woocommerce-seo","pa_dev-woo-plugin-theme-fuelthemes","pa_marketplace-woocommerce-themeforest-net"],"yoast_head":"<!-- This site is optimized with the Yoast SEO plugin v23.1 - https:\/\/yoast.com\/wordpress\/plugins\/seo\/ -->\n<title>North - Th\u00e8me WooCommerce Luxe - Th\u00e8me Minimaliste, Moderne &amp; SEO Ready - Woo-themes-plugins.com<\/title>\n<meta name=\"robots\" content=\"index, follow, max-snippet:-1, max-image-preview:large, max-video-preview:-1\" \/>\n<link rel=\"canonical\" href=\"https:\/\/woo-themes-plugins.com\/fr\/produit\/north-theme-woocommerce-luxe-theme-minimaliste-moderne-seo-ready\/\" \/>\n<meta property=\"og:locale\" content=\"fr_FR\" \/>\n<meta property=\"og:type\" content=\"article\" \/>\n<meta property=\"og:title\" content=\"North - Th\u00e8me WooCommerce Luxe - Th\u00e8me Minimaliste, Moderne &amp; SEO Ready - Woo-themes-plugins.com\" \/>\n<meta property=\"og:description\" content=\"Il y a des th\u00e8mes WooCommerce qui sont plus que des th\u00e8mes, ce sont presque des \u00e9crins pour nos produits. Si tu recherches un th\u00e8me WooCommerce qui ait \u00e9t\u00e9 pens\u00e9 pour porter une boutique de luxe, je crois bien que tu viens de trouver ton bonheur. North est donc un th\u00e8me WooCommerce pour les boutiques de luxe, cela ne fait pas l&#039;ombre d&#039;un doute. Son style tr\u00e8s minimaliste en fait un candidat id\u00e9al pour le luxe car apr\u00e8s tout, qui d&#039;autre que le luxe peut se payer du vide sur un site de eCommerce ? La partie blog est aussi un v\u00e9ritable plus de ce th\u00e8me WooCommerce.\" \/>\n<meta property=\"og:url\" content=\"https:\/\/woo-themes-plugins.com\/fr\/produit\/north-theme-woocommerce-luxe-theme-minimaliste-moderne-seo-ready\/\" \/>\n<meta property=\"og:site_name\" content=\"Woo-themes-plugins.com\" \/>\n<meta property=\"article:modified_time\" content=\"2018-04-26T16:20:11+00:00\" \/>\n<meta property=\"og:image\" content=\"https:\/\/woo-themes-plugins.com\/wp-content\/uploads\/sites\/7\/2018\/03\/woo-themes-plugins-north-theme-woocommerce-luxe-theme-minimaliste-moderne-seo-default.jpg\" \/>\n\t<meta property=\"og:image:width\" content=\"906\" \/>\n\t<meta property=\"og:image:height\" content=\"900\" \/>\n\t<meta property=\"og:image:type\" content=\"image\/jpeg\" \/>\n<script type=\"application\/ld+json\" class=\"yoast-schema-graph\">{\"@context\":\"https:\/\/schema.org\",\"@graph\":[{\"@type\":\"WebPage\",\"@id\":\"https:\/\/woo-themes-plugins.com\/fr\/produit\/north-theme-woocommerce-luxe-theme-minimaliste-moderne-seo-ready\/\",\"url\":\"https:\/\/woo-themes-plugins.com\/fr\/produit\/north-theme-woocommerce-luxe-theme-minimaliste-moderne-seo-ready\/\",\"name\":\"North - Th\u00e8me WooCommerce Luxe - Th\u00e8me Minimaliste, Moderne &amp; SEO Ready - Woo-themes-plugins.com\",\"isPartOf\":{\"@id\":\"https:\/\/woo-themes-plugins.com\/it\/#website\"},\"primaryImageOfPage\":{\"@id\":\"https:\/\/woo-themes-plugins.com\/fr\/produit\/north-theme-woocommerce-luxe-theme-minimaliste-moderne-seo-ready\/#primaryimage\"},\"image\":{\"@id\":\"https:\/\/woo-themes-plugins.com\/fr\/produit\/north-theme-woocommerce-luxe-theme-minimaliste-moderne-seo-ready\/#primaryimage\"},\"thumbnailUrl\":\"https:\/\/woo-themes-plugins.com\/wp-content\/uploads\/sites\/7\/2018\/03\/woo-themes-plugins-north-theme-woocommerce-luxe-theme-minimaliste-moderne-seo-default.jpg\",\"datePublished\":\"2018-03-27T08:06:57+00:00\",\"dateModified\":\"2018-04-26T16:20:11+00:00\",\"breadcrumb\":{\"@id\":\"https:\/\/woo-themes-plugins.com\/fr\/produit\/north-theme-woocommerce-luxe-theme-minimaliste-moderne-seo-ready\/#breadcrumb\"},\"inLanguage\":\"fr-FR\",\"potentialAction\":[{\"@type\":\"ReadAction\",\"target\":[\"https:\/\/woo-themes-plugins.com\/fr\/produit\/north-theme-woocommerce-luxe-theme-minimaliste-moderne-seo-ready\/\"]}]},{\"@type\":\"ImageObject\",\"inLanguage\":\"fr-FR\",\"@id\":\"https:\/\/woo-themes-plugins.com\/fr\/produit\/north-theme-woocommerce-luxe-theme-minimaliste-moderne-seo-ready\/#primaryimage\",\"url\":\"https:\/\/woo-themes-plugins.com\/wp-content\/uploads\/sites\/7\/2018\/03\/woo-themes-plugins-north-theme-woocommerce-luxe-theme-minimaliste-moderne-seo-default.jpg\",\"contentUrl\":\"https:\/\/woo-themes-plugins.com\/wp-content\/uploads\/sites\/7\/2018\/03\/woo-themes-plugins-north-theme-woocommerce-luxe-theme-minimaliste-moderne-seo-default.jpg\",\"width\":906,\"height\":900},{\"@type\":\"BreadcrumbList\",\"@id\":\"https:\/\/woo-themes-plugins.com\/fr\/produit\/north-theme-woocommerce-luxe-theme-minimaliste-moderne-seo-ready\/#breadcrumb\",\"itemListElement\":[{\"@type\":\"ListItem\",\"position\":1,\"name\":\"Accueil\",\"item\":\"https:\/\/woo-themes-plugins.com\/fr\/\"},{\"@type\":\"ListItem\",\"position\":2,\"name\":\"Shop\",\"item\":\"https:\/\/woo-themes-plugins.com\/shop\/\"},{\"@type\":\"ListItem\",\"position\":3,\"name\":\"North &#8211; Th\u00e8me WooCommerce Luxe &#8211; Th\u00e8me Minimaliste, Moderne &amp; SEO Ready\"}]},{\"@type\":\"WebSite\",\"@id\":\"https:\/\/woo-themes-plugins.com\/it\/#website\",\"url\":\"https:\/\/woo-themes-plugins.com\/it\/\",\"name\":\"Woo-themes-plugins.com\",\"description\":\"Tous les th\u00e8mes et plugins WooCommerce Premium\",\"potentialAction\":[{\"@type\":\"SearchAction\",\"target\":{\"@type\":\"EntryPoint\",\"urlTemplate\":\"https:\/\/woo-themes-plugins.com\/it\/?s={search_term_string}\"},\"query-input\":\"required name=search_term_string\"}],\"inLanguage\":\"fr-FR\"}]}<\/script>\n<!-- \/ Yoast SEO plugin. -->","yoast_head_json":{"title":"North - Th\u00e8me WooCommerce Luxe - Th\u00e8me Minimaliste, Moderne &amp; SEO Ready - Woo-themes-plugins.com","robots":{"index":"index","follow":"follow","max-snippet":"max-snippet:-1","max-image-preview":"max-image-preview:large","max-video-preview":"max-video-preview:-1"},"canonical":"https:\/\/woo-themes-plugins.com\/fr\/produit\/north-theme-woocommerce-luxe-theme-minimaliste-moderne-seo-ready\/","og_locale":"fr_FR","og_type":"article","og_title":"North - Th\u00e8me WooCommerce Luxe - Th\u00e8me Minimaliste, Moderne &amp; SEO Ready - Woo-themes-plugins.com","og_description":"Il y a des th\u00e8mes WooCommerce qui sont plus que des th\u00e8mes, ce sont presque des \u00e9crins pour nos produits. Si tu recherches un th\u00e8me WooCommerce qui ait \u00e9t\u00e9 pens\u00e9 pour porter une boutique de luxe, je crois bien que tu viens de trouver ton bonheur. North est donc un th\u00e8me WooCommerce pour les boutiques de luxe, cela ne fait pas l'ombre d'un doute. Son style tr\u00e8s minimaliste en fait un candidat id\u00e9al pour le luxe car apr\u00e8s tout, qui d'autre que le luxe peut se payer du vide sur un site de eCommerce ? La partie blog est aussi un v\u00e9ritable plus de ce th\u00e8me WooCommerce.","og_url":"https:\/\/woo-themes-plugins.com\/fr\/produit\/north-theme-woocommerce-luxe-theme-minimaliste-moderne-seo-ready\/","og_site_name":"Woo-themes-plugins.com","article_modified_time":"2018-04-26T16:20:11+00:00","og_image":[{"width":906,"height":900,"url":"https:\/\/woo-themes-plugins.com\/wp-content\/uploads\/sites\/7\/2018\/03\/woo-themes-plugins-north-theme-woocommerce-luxe-theme-minimaliste-moderne-seo-default.jpg","type":"image\/jpeg"}],"schema":{"@context":"https:\/\/schema.org","@graph":[{"@type":"WebPage","@id":"https:\/\/woo-themes-plugins.com\/fr\/produit\/north-theme-woocommerce-luxe-theme-minimaliste-moderne-seo-ready\/","url":"https:\/\/woo-themes-plugins.com\/fr\/produit\/north-theme-woocommerce-luxe-theme-minimaliste-moderne-seo-ready\/","name":"North - Th\u00e8me WooCommerce Luxe - Th\u00e8me Minimaliste, Moderne &amp; SEO Ready - Woo-themes-plugins.com","isPartOf":{"@id":"https:\/\/woo-themes-plugins.com\/it\/#website"},"primaryImageOfPage":{"@id":"https:\/\/woo-themes-plugins.com\/fr\/produit\/north-theme-woocommerce-luxe-theme-minimaliste-moderne-seo-ready\/#primaryimage"},"image":{"@id":"https:\/\/woo-themes-plugins.com\/fr\/produit\/north-theme-woocommerce-luxe-theme-minimaliste-moderne-seo-ready\/#primaryimage"},"thumbnailUrl":"https:\/\/woo-themes-plugins.com\/wp-content\/uploads\/sites\/7\/2018\/03\/woo-themes-plugins-north-theme-woocommerce-luxe-theme-minimaliste-moderne-seo-default.jpg","datePublished":"2018-03-27T08:06:57+00:00","dateModified":"2018-04-26T16:20:11+00:00","breadcrumb":{"@id":"https:\/\/woo-themes-plugins.com\/fr\/produit\/north-theme-woocommerce-luxe-theme-minimaliste-moderne-seo-ready\/#breadcrumb"},"inLanguage":"fr-FR","potentialAction":[{"@type":"ReadAction","target":["https:\/\/woo-themes-plugins.com\/fr\/produit\/north-theme-woocommerce-luxe-theme-minimaliste-moderne-seo-ready\/"]}]},{"@type":"ImageObject","inLanguage":"fr-FR","@id":"https:\/\/woo-themes-plugins.com\/fr\/produit\/north-theme-woocommerce-luxe-theme-minimaliste-moderne-seo-ready\/#primaryimage","url":"https:\/\/woo-themes-plugins.com\/wp-content\/uploads\/sites\/7\/2018\/03\/woo-themes-plugins-north-theme-woocommerce-luxe-theme-minimaliste-moderne-seo-default.jpg","contentUrl":"https:\/\/woo-themes-plugins.com\/wp-content\/uploads\/sites\/7\/2018\/03\/woo-themes-plugins-north-theme-woocommerce-luxe-theme-minimaliste-moderne-seo-default.jpg","width":906,"height":900},{"@type":"BreadcrumbList","@id":"https:\/\/woo-themes-plugins.com\/fr\/produit\/north-theme-woocommerce-luxe-theme-minimaliste-moderne-seo-ready\/#breadcrumb","itemListElement":[{"@type":"ListItem","position":1,"name":"Accueil","item":"https:\/\/woo-themes-plugins.com\/fr\/"},{"@type":"ListItem","position":2,"name":"Shop","item":"https:\/\/woo-themes-plugins.com\/shop\/"},{"@type":"ListItem","position":3,"name":"North &#8211; Th\u00e8me WooCommerce Luxe &#8211; Th\u00e8me Minimaliste, Moderne &amp; SEO Ready"}]},{"@type":"WebSite","@id":"https:\/\/woo-themes-plugins.com\/it\/#website","url":"https:\/\/woo-themes-plugins.com\/it\/","name":"Woo-themes-plugins.com","description":"Tous les th\u00e8mes et plugins WooCommerce Premium","potentialAction":[{"@type":"SearchAction","target":{"@type":"EntryPoint","urlTemplate":"https:\/\/woo-themes-plugins.com\/it\/?s={search_term_string}"},"query-input":"required name=search_term_string"}],"inLanguage":"fr-FR"}]}},"_links":{"self":[{"href":"https:\/\/woo-themes-plugins.com\/fr\/wp-json\/wp\/v2\/product\/461","targetHints":{"allow":["GET"]}}],"collection":[{"href":"https:\/\/woo-themes-plugins.com\/fr\/wp-json\/wp\/v2\/product"}],"about":[{"href":"https:\/\/woo-themes-plugins.com\/fr\/wp-json\/wp\/v2\/types\/product"}],"wp:featuredmedia":[{"embeddable":true,"href":"https:\/\/woo-themes-plugins.com\/fr\/wp-json\/wp\/v2\/media\/913"}],"wp:attachment":[{"href":"https:\/\/woo-themes-plugins.com\/fr\/wp-json\/wp\/v2\/media?parent=461"}],"wp:term":[{"taxonomy":"product_cat","embeddable":true,"href":"https:\/\/woo-themes-plugins.com\/fr\/wp-json\/wp\/v2\/product_cat?post=461"},{"taxonomy":"product_tag","embeddable":true,"href":"https:\/\/woo-themes-plugins.com\/fr\/wp-json\/wp\/v2\/product_tag?post=461"}],"curies":[{"name":"wp","href":"https:\/\/api.w.org\/{rel}","templated":true}]}}