{"id":468,"date":"2018-03-27T09:13:29","date_gmt":"2018-03-27T08:13:29","guid":{"rendered":"https:\/\/woo-themes-plugins.com\/?post_type=product&#038;p=468"},"modified":"2018-04-26T17:20:03","modified_gmt":"2018-04-26T16:20:03","slug":"goodstore-theme-woocommerce-grosse-boutique-marketplace-theme-versatile-moderne","status":"publish","type":"product","link":"https:\/\/woo-themes-plugins.com\/fr\/product\/goodstore-theme-woocommerce-grosse-boutique-marketplace-theme-versatile-moderne\/","title":{"rendered":"GoodStore &#8211; Th\u00e8me WooCommerce Grosse Boutique \/ Marketplace &#8211; Th\u00e8me Versatile &amp; Moderne"},"content":{"rendered":"<p>R\u00e9sum\u00e9 ce th\u00e8me WooCommerce, c&rsquo;est tout \u00e0 fait possible. Voila ce que cela donnerait :<\/p>\n<ul>\n<li>Plus de 20 mises en page de folies<\/li>\n<li>14 traductions d\u00e9j\u00e0 pr\u00eates<\/li>\n<li>Un th\u00e8me optimis\u00e9 pour le SEO<\/li>\n<li>Installation et configuration en trois minutes (avec la d\u00e9mo)<\/li>\n<li>Mise en page flexible<\/li>\n<li>100% compatible <a href=\"https:\/\/wp-multilingue.fr\/plugin-multilingue-woocommerce\/\" target=\"_blank\" rel=\"noopener\"><strong>WooCommerce Multilingue<\/strong><\/a><\/li>\n<li>Mise \u00e0 jour automatis\u00e9e<\/li>\n<li>Responsive et Retina ready<\/li>\n<\/ul>\n<p>Je ne sais pas ce que tu en penses, mais je trouve que ce <em>simple <\/em>r\u00e9sum\u00e9 donne l&rsquo;eau \u00e0 la bouche.<\/p>\n<p>J&rsquo;adore les th\u00e8mes WooCommerce d\u00e9j\u00e0 pens\u00e9 pour le multilingue car apr\u00e8s tout, il est tr\u00e8s fr\u00e9quent qu&rsquo;un site de eCommerce se retrouve traduit dans au moins une langue. Ici, ce th\u00e8me est disponible dans 14 langue diff\u00e9rentes dont l&rsquo;anglais et le fran\u00e7ais.<\/p>\n<p>Le concepteur de <em>GoodStore<\/em> souhaite t&rsquo;aider \u00e0 concevoir une boutique personnalis\u00e9e \u00e0 partir de son th\u00e8me. Pour t&rsquo;aider \u00e0 y parvenir, il te permettra d&rsquo;acc\u00e9der au plugin de composition visual <em>REVOComposer<\/em>, l&rsquo;un des plugins les plus simples et les plus simples \u00e0 utiliser sous WordPress. En parlant de plugins premium, Slider Revolution, Essential Grid et JaW Premium Slider son de la partie avec ce th\u00e8me WooCommerce.<\/p>\n<p>D&rsquo;un point de vue technique, si tu as la chance d&rsquo;avoir un bon <a href=\"https:\/\/hebergement-wp.info\/comparatif-hebergements-woocommerce\/\" target=\"_blank\" rel=\"noopener\"><strong>h\u00e9bergement WooCommerce<\/strong><\/a>, peut-\u00eatre as-tu configur\u00e9 ton site WordPress en mode multisites. Si tel est le cas, ce th\u00e8me a \u00e9t\u00e9 test\u00e9 et valid\u00e9 sous pareil environnement !<\/p>\n","protected":false},"excerpt":{"rendered":"<p>Parfaitement taill\u00e9 pour les d\u00e9butants, <em>GoodStore <\/em>va cependant int\u00e9resser bien plus les professionnels travaillant avec WooCommerce. En effet, ce th\u00e8me WooCommerce propose une large palette de personnalisation, permettant aux personnes cr\u00e9ant des boutiques WooCommerce de s&rsquo;appuyer sur un th\u00e8me tr\u00e8s largement r\u00e9utilisable. <em>GoodStore <\/em>s&rsquo;inscrit \u00e9galement dans la cr\u00e9ation de site ayant une large palette de produits ou carr\u00e9ment aux sites de eCommerce type marketplace.<\/p>\n","protected":false},"featured_media":852,"template":"","meta":{"_monsterinsights_skip_tracking":false,"_monsterinsights_sitenote_active":false,"_monsterinsights_sitenote_note":"","_monsterinsights_sitenote_category":0},"product_cat":[139],"product_tag":[160,144,154,149,141,171,179,175,169,186,163,176,159,180,162,151,152,148,164],"class_list":["post-468","product","type-product","status-publish","has-post-thumbnail","hentry","product_cat-theme-woocommerce","product_tag-bundle-plugins-premium","product_tag-debutant-woocommerce","product_tag-theme-woocommerce-avec-blog","product_tag-theme-woocommerce-avec-builder","product_tag-themes-woocommerce-personnalisable","product_tag-woocommerce-bijouterie","product_tag-woocommerce-fleuriste","product_tag-woocommerce-luxe-haut-de-gamme","product_tag-woocommerce-magasin-de-mode","product_tag-woocommerce-magasin-de-sport","product_tag-woocommerce-magasin-de-vetements","product_tag-woocommerce-marketplace","product_tag-woocommerce-revolution-slider","product_tag-woocommerce-salon-de-beaute-cosmetique","product_tag-woocommerce-compatible-multisite","product_tag-woocommerce-installation-un-clic","product_tag-woocommerce-multilingue","product_tag-woocommerce-responsive","product_tag-woocommerce-seo","pa_dev-woo-plugin-theme-jawtemplates","pa_marketplace-woocommerce-themeforest-net"],"yoast_head":"<!-- This site is optimized with the Yoast SEO plugin v23.1 - https:\/\/yoast.com\/wordpress\/plugins\/seo\/ -->\n<title>GoodStore - Th\u00e8me WooCommerce Grosse Boutique \/ Marketplace - Th\u00e8me Versatile &amp; Moderne - Woo-themes-plugins.com<\/title>\n<meta name=\"robots\" content=\"index, follow, max-snippet:-1, max-image-preview:large, max-video-preview:-1\" \/>\n<link rel=\"canonical\" href=\"https:\/\/woo-themes-plugins.com\/fr\/produit\/goodstore-theme-woocommerce-grosse-boutique-marketplace-theme-versatile-moderne\/\" \/>\n<meta property=\"og:locale\" content=\"fr_FR\" \/>\n<meta property=\"og:type\" content=\"article\" \/>\n<meta property=\"og:title\" content=\"GoodStore - Th\u00e8me WooCommerce Grosse Boutique \/ Marketplace - Th\u00e8me Versatile &amp; Moderne - Woo-themes-plugins.com\" \/>\n<meta property=\"og:description\" content=\"Parfaitement taill\u00e9 pour les d\u00e9butants, GoodStore va cependant int\u00e9resser bien plus les professionnels travaillant avec WooCommerce. En effet, ce th\u00e8me WooCommerce propose une large palette de personnalisation, permettant aux personnes cr\u00e9ant des boutiques WooCommerce de s&#039;appuyer sur un th\u00e8me tr\u00e8s largement r\u00e9utilisable. GoodStore s&#039;inscrit \u00e9galement dans la cr\u00e9ation de site ayant une large palette de produits ou carr\u00e9ment aux sites de eCommerce type marketplace.\" \/>\n<meta property=\"og:url\" content=\"https:\/\/woo-themes-plugins.com\/fr\/produit\/goodstore-theme-woocommerce-grosse-boutique-marketplace-theme-versatile-moderne\/\" \/>\n<meta property=\"og:site_name\" content=\"Woo-themes-plugins.com\" \/>\n<meta property=\"article:modified_time\" content=\"2018-04-26T16:20:03+00:00\" \/>\n<meta property=\"og:image\" content=\"https:\/\/woo-themes-plugins.com\/wp-content\/uploads\/sites\/7\/2018\/03\/woo-themes-plugins-goodstore-theme-woocommerce-grosse-boutique-marketplace-theme-versatile-moderne-default.jpg\" \/>\n\t<meta property=\"og:image:width\" content=\"757\" \/>\n\t<meta property=\"og:image:height\" content=\"900\" \/>\n\t<meta property=\"og:image:type\" content=\"image\/jpeg\" \/>\n<meta name=\"twitter:label1\" content=\"Dur\u00e9e de lecture estim\u00e9e\" \/>\n\t<meta name=\"twitter:data1\" content=\"1 minute\" \/>\n<script type=\"application\/ld+json\" class=\"yoast-schema-graph\">{\"@context\":\"https:\/\/schema.org\",\"@graph\":[{\"@type\":\"WebPage\",\"@id\":\"https:\/\/woo-themes-plugins.com\/fr\/produit\/goodstore-theme-woocommerce-grosse-boutique-marketplace-theme-versatile-moderne\/\",\"url\":\"https:\/\/woo-themes-plugins.com\/fr\/produit\/goodstore-theme-woocommerce-grosse-boutique-marketplace-theme-versatile-moderne\/\",\"name\":\"GoodStore - Th\u00e8me WooCommerce Grosse Boutique \/ Marketplace - Th\u00e8me Versatile &amp; Moderne - Woo-themes-plugins.com\",\"isPartOf\":{\"@id\":\"https:\/\/woo-themes-plugins.com\/it\/#website\"},\"primaryImageOfPage\":{\"@id\":\"https:\/\/woo-themes-plugins.com\/fr\/produit\/goodstore-theme-woocommerce-grosse-boutique-marketplace-theme-versatile-moderne\/#primaryimage\"},\"image\":{\"@id\":\"https:\/\/woo-themes-plugins.com\/fr\/produit\/goodstore-theme-woocommerce-grosse-boutique-marketplace-theme-versatile-moderne\/#primaryimage\"},\"thumbnailUrl\":\"https:\/\/woo-themes-plugins.com\/wp-content\/uploads\/sites\/7\/2018\/03\/woo-themes-plugins-goodstore-theme-woocommerce-grosse-boutique-marketplace-theme-versatile-moderne-default.jpg\",\"datePublished\":\"2018-03-27T08:13:29+00:00\",\"dateModified\":\"2018-04-26T16:20:03+00:00\",\"breadcrumb\":{\"@id\":\"https:\/\/woo-themes-plugins.com\/fr\/produit\/goodstore-theme-woocommerce-grosse-boutique-marketplace-theme-versatile-moderne\/#breadcrumb\"},\"inLanguage\":\"fr-FR\",\"potentialAction\":[{\"@type\":\"ReadAction\",\"target\":[\"https:\/\/woo-themes-plugins.com\/fr\/produit\/goodstore-theme-woocommerce-grosse-boutique-marketplace-theme-versatile-moderne\/\"]}]},{\"@type\":\"ImageObject\",\"inLanguage\":\"fr-FR\",\"@id\":\"https:\/\/woo-themes-plugins.com\/fr\/produit\/goodstore-theme-woocommerce-grosse-boutique-marketplace-theme-versatile-moderne\/#primaryimage\",\"url\":\"https:\/\/woo-themes-plugins.com\/wp-content\/uploads\/sites\/7\/2018\/03\/woo-themes-plugins-goodstore-theme-woocommerce-grosse-boutique-marketplace-theme-versatile-moderne-default.jpg\",\"contentUrl\":\"https:\/\/woo-themes-plugins.com\/wp-content\/uploads\/sites\/7\/2018\/03\/woo-themes-plugins-goodstore-theme-woocommerce-grosse-boutique-marketplace-theme-versatile-moderne-default.jpg\",\"width\":757,\"height\":900},{\"@type\":\"BreadcrumbList\",\"@id\":\"https:\/\/woo-themes-plugins.com\/fr\/produit\/goodstore-theme-woocommerce-grosse-boutique-marketplace-theme-versatile-moderne\/#breadcrumb\",\"itemListElement\":[{\"@type\":\"ListItem\",\"position\":1,\"name\":\"Accueil\",\"item\":\"https:\/\/woo-themes-plugins.com\/fr\/\"},{\"@type\":\"ListItem\",\"position\":2,\"name\":\"Shop\",\"item\":\"https:\/\/woo-themes-plugins.com\/shop\/\"},{\"@type\":\"ListItem\",\"position\":3,\"name\":\"GoodStore &#8211; Th\u00e8me WooCommerce Grosse Boutique \/ Marketplace &#8211; Th\u00e8me Versatile &amp; Moderne\"}]},{\"@type\":\"WebSite\",\"@id\":\"https:\/\/woo-themes-plugins.com\/it\/#website\",\"url\":\"https:\/\/woo-themes-plugins.com\/it\/\",\"name\":\"Woo-themes-plugins.com\",\"description\":\"Tous les th\u00e8mes et plugins WooCommerce Premium\",\"potentialAction\":[{\"@type\":\"SearchAction\",\"target\":{\"@type\":\"EntryPoint\",\"urlTemplate\":\"https:\/\/woo-themes-plugins.com\/it\/?s={search_term_string}\"},\"query-input\":\"required name=search_term_string\"}],\"inLanguage\":\"fr-FR\"}]}<\/script>\n<!-- \/ Yoast SEO plugin. -->","yoast_head_json":{"title":"GoodStore - Th\u00e8me WooCommerce Grosse Boutique \/ Marketplace - Th\u00e8me Versatile &amp; Moderne - Woo-themes-plugins.com","robots":{"index":"index","follow":"follow","max-snippet":"max-snippet:-1","max-image-preview":"max-image-preview:large","max-video-preview":"max-video-preview:-1"},"canonical":"https:\/\/woo-themes-plugins.com\/fr\/produit\/goodstore-theme-woocommerce-grosse-boutique-marketplace-theme-versatile-moderne\/","og_locale":"fr_FR","og_type":"article","og_title":"GoodStore - Th\u00e8me WooCommerce Grosse Boutique \/ Marketplace - Th\u00e8me Versatile &amp; Moderne - Woo-themes-plugins.com","og_description":"Parfaitement taill\u00e9 pour les d\u00e9butants, GoodStore va cependant int\u00e9resser bien plus les professionnels travaillant avec WooCommerce. En effet, ce th\u00e8me WooCommerce propose une large palette de personnalisation, permettant aux personnes cr\u00e9ant des boutiques WooCommerce de s'appuyer sur un th\u00e8me tr\u00e8s largement r\u00e9utilisable. GoodStore s'inscrit \u00e9galement dans la cr\u00e9ation de site ayant une large palette de produits ou carr\u00e9ment aux sites de eCommerce type marketplace.","og_url":"https:\/\/woo-themes-plugins.com\/fr\/produit\/goodstore-theme-woocommerce-grosse-boutique-marketplace-theme-versatile-moderne\/","og_site_name":"Woo-themes-plugins.com","article_modified_time":"2018-04-26T16:20:03+00:00","og_image":[{"width":757,"height":900,"url":"https:\/\/woo-themes-plugins.com\/wp-content\/uploads\/sites\/7\/2018\/03\/woo-themes-plugins-goodstore-theme-woocommerce-grosse-boutique-marketplace-theme-versatile-moderne-default.jpg","type":"image\/jpeg"}],"twitter_misc":{"Dur\u00e9e de lecture estim\u00e9e":"1 minute"},"schema":{"@context":"https:\/\/schema.org","@graph":[{"@type":"WebPage","@id":"https:\/\/woo-themes-plugins.com\/fr\/produit\/goodstore-theme-woocommerce-grosse-boutique-marketplace-theme-versatile-moderne\/","url":"https:\/\/woo-themes-plugins.com\/fr\/produit\/goodstore-theme-woocommerce-grosse-boutique-marketplace-theme-versatile-moderne\/","name":"GoodStore - Th\u00e8me WooCommerce Grosse Boutique \/ Marketplace - Th\u00e8me Versatile &amp; Moderne - Woo-themes-plugins.com","isPartOf":{"@id":"https:\/\/woo-themes-plugins.com\/it\/#website"},"primaryImageOfPage":{"@id":"https:\/\/woo-themes-plugins.com\/fr\/produit\/goodstore-theme-woocommerce-grosse-boutique-marketplace-theme-versatile-moderne\/#primaryimage"},"image":{"@id":"https:\/\/woo-themes-plugins.com\/fr\/produit\/goodstore-theme-woocommerce-grosse-boutique-marketplace-theme-versatile-moderne\/#primaryimage"},"thumbnailUrl":"https:\/\/woo-themes-plugins.com\/wp-content\/uploads\/sites\/7\/2018\/03\/woo-themes-plugins-goodstore-theme-woocommerce-grosse-boutique-marketplace-theme-versatile-moderne-default.jpg","datePublished":"2018-03-27T08:13:29+00:00","dateModified":"2018-04-26T16:20:03+00:00","breadcrumb":{"@id":"https:\/\/woo-themes-plugins.com\/fr\/produit\/goodstore-theme-woocommerce-grosse-boutique-marketplace-theme-versatile-moderne\/#breadcrumb"},"inLanguage":"fr-FR","potentialAction":[{"@type":"ReadAction","target":["https:\/\/woo-themes-plugins.com\/fr\/produit\/goodstore-theme-woocommerce-grosse-boutique-marketplace-theme-versatile-moderne\/"]}]},{"@type":"ImageObject","inLanguage":"fr-FR","@id":"https:\/\/woo-themes-plugins.com\/fr\/produit\/goodstore-theme-woocommerce-grosse-boutique-marketplace-theme-versatile-moderne\/#primaryimage","url":"https:\/\/woo-themes-plugins.com\/wp-content\/uploads\/sites\/7\/2018\/03\/woo-themes-plugins-goodstore-theme-woocommerce-grosse-boutique-marketplace-theme-versatile-moderne-default.jpg","contentUrl":"https:\/\/woo-themes-plugins.com\/wp-content\/uploads\/sites\/7\/2018\/03\/woo-themes-plugins-goodstore-theme-woocommerce-grosse-boutique-marketplace-theme-versatile-moderne-default.jpg","width":757,"height":900},{"@type":"BreadcrumbList","@id":"https:\/\/woo-themes-plugins.com\/fr\/produit\/goodstore-theme-woocommerce-grosse-boutique-marketplace-theme-versatile-moderne\/#breadcrumb","itemListElement":[{"@type":"ListItem","position":1,"name":"Accueil","item":"https:\/\/woo-themes-plugins.com\/fr\/"},{"@type":"ListItem","position":2,"name":"Shop","item":"https:\/\/woo-themes-plugins.com\/shop\/"},{"@type":"ListItem","position":3,"name":"GoodStore &#8211; Th\u00e8me WooCommerce Grosse Boutique \/ Marketplace &#8211; Th\u00e8me Versatile &amp; Moderne"}]},{"@type":"WebSite","@id":"https:\/\/woo-themes-plugins.com\/it\/#website","url":"https:\/\/woo-themes-plugins.com\/it\/","name":"Woo-themes-plugins.com","description":"Tous les th\u00e8mes et plugins WooCommerce Premium","potentialAction":[{"@type":"SearchAction","target":{"@type":"EntryPoint","urlTemplate":"https:\/\/woo-themes-plugins.com\/it\/?s={search_term_string}"},"query-input":"required name=search_term_string"}],"inLanguage":"fr-FR"}]}},"_links":{"self":[{"href":"https:\/\/woo-themes-plugins.com\/fr\/wp-json\/wp\/v2\/product\/468","targetHints":{"allow":["GET"]}}],"collection":[{"href":"https:\/\/woo-themes-plugins.com\/fr\/wp-json\/wp\/v2\/product"}],"about":[{"href":"https:\/\/woo-themes-plugins.com\/fr\/wp-json\/wp\/v2\/types\/product"}],"wp:featuredmedia":[{"embeddable":true,"href":"https:\/\/woo-themes-plugins.com\/fr\/wp-json\/wp\/v2\/media\/852"}],"wp:attachment":[{"href":"https:\/\/woo-themes-plugins.com\/fr\/wp-json\/wp\/v2\/media?parent=468"}],"wp:term":[{"taxonomy":"product_cat","embeddable":true,"href":"https:\/\/woo-themes-plugins.com\/fr\/wp-json\/wp\/v2\/product_cat?post=468"},{"taxonomy":"product_tag","embeddable":true,"href":"https:\/\/woo-themes-plugins.com\/fr\/wp-json\/wp\/v2\/product_tag?post=468"}],"curies":[{"name":"wp","href":"https:\/\/api.w.org\/{rel}","templated":true}]}}