{"id":475,"date":"2018-03-27T09:20:02","date_gmt":"2018-03-27T08:20:02","guid":{"rendered":"https:\/\/woo-themes-plugins.com\/?post_type=product&#038;p=475"},"modified":"2018-04-26T17:19:49","modified_gmt":"2018-04-26T16:19:49","slug":"venedor-theme-woocommerce-wordpress-theme-ecommerce-blogging","status":"publish","type":"product","link":"https:\/\/woo-themes-plugins.com\/fr\/product\/venedor-theme-woocommerce-wordpress-theme-ecommerce-blogging\/","title":{"rendered":"Venedor &#8211; Th\u00e8me WooCommerce \/ WordPress &#8211; Th\u00e8me eCommerce &amp; Blogging"},"content":{"rendered":"<p>Les d\u00e9veloppeurs derri\u00e8res ce th\u00e8me WooCommerce n&rsquo;y vont pas avec le dos de la cuill\u00e8re car ils souhaitent ni plus, ni moins que devenir le th\u00e8me de r\u00e9f\u00e9rence lorsqu&rsquo;on souhaite mixer un site WordPress et WooCommerce. Entends par l\u00e0 que l&rsquo;ensemble de ton contenu est important \u00e0 tes yeux, pas juste tes fiches produits. Pour y parvenir, nous avons bien entendu droit \u00e0 un th\u00e8me pouvant convenir \u00e0 un tr\u00e8s grand nombre de type de boutique eCommerce.<\/p>\n<p>Pour en faire un th\u00e8me premium de qualit\u00e9, <em>Venedor <\/em>est bien oblig\u00e9 de mettre la barre haute en nous proposant une large palette d&rsquo;optimisation en tout genre comme :<\/p>\n<ul>\n<li>Un site 100% responsive<\/li>\n<li>Un bel affichage sur les \u00e9crans retina<\/li>\n<li>Accessible aux d\u00e9butants<\/li>\n<li>Jeu de test fournis<\/li>\n<li>Une interface d&rsquo;administration riche<\/li>\n<li>Des couleurs \u00e0 l&rsquo;infini (ou presque quand m\u00eame)<\/li>\n<li>Plus de 500 polices de caract\u00e8res diff\u00e9rentes<\/li>\n<li>Optimisation pour les interfaces tactiles<\/li>\n<li>Un th\u00e8me r\u00e9guli\u00e8rement mis \u00e0 jour<\/li>\n<li>Un bundle de plugins premium<\/li>\n<li>Un support avanc\u00e9 de <a href=\"https:\/\/wp-multilingue.fr\/plugin-multilingue-woocommerce\/\"><strong>WooCommerce Multilingue<\/strong><\/a><\/li>\n<\/ul>\n<p>On aimera retrouver en plus dans ce th\u00e8me un syst\u00e8me de pop up et de zoom sur les images produits, sans oublier la fonctionnalit\u00e9 de quick view qui manque tant \u00e0 WooCommerce.<\/p>\n<p>Fan des Mega Menus ? Alors tu vas pouvoir te faire plaisir avec ce th\u00e8me WooCommerce ! Mega Menu va te permettre de cr\u00e9er des menus avec des sous-menus uniques. Il te sera possible de param\u00e9trer tout un tas de sous-menus au look compl\u00e8tement diff\u00e9rents ou encore mettre en avant certains produits. De quoi booster tes ventes.<\/p>\n<p>Les techniciens seront content de savoir que ce th\u00e8me WooCommerce est bas\u00e9 sur BootStrap.<\/p>\n<p>M\u00eame si ce th\u00e8me est bien con\u00e7u, un <a href=\"https:\/\/hebergement-wp.info\/comparatif-hebergements-woocommerce\/\"><strong>h\u00e9bergement WooCommerce<\/strong><\/a> de qualit\u00e9 fera toujours la diff\u00e9rence, penses-y !<\/p>\n","protected":false},"excerpt":{"rendered":"<p>Quel est la plus grande force de WordPress par rapport aux autres CMS selon toi ? Apr\u00e8s tout, il existe bien des CMS qui ne font que du eCommerce comme Magento ou Prestashop. Alors pourquoi utiliser WordPress ? Ok, WooCommerce, c&rsquo;est top. Mais&#8230; Magento et Prestashop sont top aussi, non ? \u00c0 mes yeux, la plus grande force de WordPress est justement de ne pas \u00eatre sp\u00e9cialis\u00e9 dans le eCommerce; pour \u00e7a, il y a WooCommerce, qui ajoute des fonctionnalit\u00e9s en plus. <em>Venedor <\/em>doit aussi partir de ce principe, car ce th\u00e8me met tout autant la partie eCommerce que la partie <em>pure WordPress<\/em> de votre site. Int\u00e9ressant.<\/p>\n","protected":false},"featured_media":773,"template":"","meta":{"_monsterinsights_skip_tracking":false,"_monsterinsights_sitenote_active":false,"_monsterinsights_sitenote_note":"","_monsterinsights_sitenote_category":0},"product_cat":[139],"product_tag":[160,144,154,149,141,171,179,175,169,186,163,176,159,180,151,152,148,164],"class_list":["post-475","product","type-product","status-publish","has-post-thumbnail","hentry","product_cat-theme-woocommerce","product_tag-bundle-plugins-premium","product_tag-debutant-woocommerce","product_tag-theme-woocommerce-avec-blog","product_tag-theme-woocommerce-avec-builder","product_tag-themes-woocommerce-personnalisable","product_tag-woocommerce-bijouterie","product_tag-woocommerce-fleuriste","product_tag-woocommerce-luxe-haut-de-gamme","product_tag-woocommerce-magasin-de-mode","product_tag-woocommerce-magasin-de-sport","product_tag-woocommerce-magasin-de-vetements","product_tag-woocommerce-marketplace","product_tag-woocommerce-revolution-slider","product_tag-woocommerce-salon-de-beaute-cosmetique","product_tag-woocommerce-installation-un-clic","product_tag-woocommerce-multilingue","product_tag-woocommerce-responsive","product_tag-woocommerce-seo","pa_dev-woo-plugin-theme-p-themes","pa_marketplace-woocommerce-themeforest-net"],"yoast_head":"<!-- This site is optimized with the Yoast SEO plugin v23.1 - https:\/\/yoast.com\/wordpress\/plugins\/seo\/ -->\n<title>Venedor - Th\u00e8me WooCommerce \/ WordPress - Th\u00e8me eCommerce &amp; Blogging - Woo-themes-plugins.com<\/title>\n<meta name=\"robots\" content=\"index, follow, max-snippet:-1, max-image-preview:large, max-video-preview:-1\" \/>\n<link rel=\"canonical\" href=\"https:\/\/woo-themes-plugins.com\/fr\/produit\/venedor-theme-woocommerce-wordpress-theme-ecommerce-blogging\/\" \/>\n<meta property=\"og:locale\" content=\"fr_FR\" \/>\n<meta property=\"og:type\" content=\"article\" \/>\n<meta property=\"og:title\" content=\"Venedor - Th\u00e8me WooCommerce \/ WordPress - Th\u00e8me eCommerce &amp; Blogging - Woo-themes-plugins.com\" \/>\n<meta property=\"og:description\" content=\"Quel est la plus grande force de WordPress par rapport aux autres CMS selon toi ? Apr\u00e8s tout, il existe bien des CMS qui ne font que du eCommerce comme Magento ou Prestashop. Alors pourquoi utiliser WordPress ? Ok, WooCommerce, c&#039;est top. Mais... Magento et Prestashop sont top aussi, non ? \u00c0 mes yeux, la plus grande force de WordPress est justement de ne pas \u00eatre sp\u00e9cialis\u00e9 dans le eCommerce; pour \u00e7a, il y a WooCommerce, qui ajoute des fonctionnalit\u00e9s en plus. Venedor doit aussi partir de ce principe, car ce th\u00e8me met tout autant la partie eCommerce que la partie pure WordPress de votre site. Int\u00e9ressant.\" \/>\n<meta property=\"og:url\" content=\"https:\/\/woo-themes-plugins.com\/fr\/produit\/venedor-theme-woocommerce-wordpress-theme-ecommerce-blogging\/\" \/>\n<meta property=\"og:site_name\" content=\"Woo-themes-plugins.com\" \/>\n<meta property=\"article:modified_time\" content=\"2018-04-26T16:19:49+00:00\" \/>\n<meta property=\"og:image\" content=\"https:\/\/woo-themes-plugins.com\/wp-content\/uploads\/sites\/7\/2018\/03\/woo-themes-plugins-venedor-theme-woocommerce-wordpress-theme-ecommerce-blogging-default.jpg\" \/>\n\t<meta property=\"og:image:width\" content=\"757\" \/>\n\t<meta property=\"og:image:height\" content=\"900\" \/>\n\t<meta property=\"og:image:type\" content=\"image\/jpeg\" \/>\n<meta name=\"twitter:label1\" content=\"Dur\u00e9e de lecture estim\u00e9e\" \/>\n\t<meta name=\"twitter:data1\" content=\"2 minutes\" \/>\n<script type=\"application\/ld+json\" class=\"yoast-schema-graph\">{\"@context\":\"https:\/\/schema.org\",\"@graph\":[{\"@type\":\"WebPage\",\"@id\":\"https:\/\/woo-themes-plugins.com\/fr\/produit\/venedor-theme-woocommerce-wordpress-theme-ecommerce-blogging\/\",\"url\":\"https:\/\/woo-themes-plugins.com\/fr\/produit\/venedor-theme-woocommerce-wordpress-theme-ecommerce-blogging\/\",\"name\":\"Venedor - Th\u00e8me WooCommerce \/ WordPress - Th\u00e8me eCommerce &amp; Blogging - Woo-themes-plugins.com\",\"isPartOf\":{\"@id\":\"https:\/\/woo-themes-plugins.com\/it\/#website\"},\"primaryImageOfPage\":{\"@id\":\"https:\/\/woo-themes-plugins.com\/fr\/produit\/venedor-theme-woocommerce-wordpress-theme-ecommerce-blogging\/#primaryimage\"},\"image\":{\"@id\":\"https:\/\/woo-themes-plugins.com\/fr\/produit\/venedor-theme-woocommerce-wordpress-theme-ecommerce-blogging\/#primaryimage\"},\"thumbnailUrl\":\"https:\/\/woo-themes-plugins.com\/wp-content\/uploads\/sites\/7\/2018\/03\/woo-themes-plugins-venedor-theme-woocommerce-wordpress-theme-ecommerce-blogging-default.jpg\",\"datePublished\":\"2018-03-27T08:20:02+00:00\",\"dateModified\":\"2018-04-26T16:19:49+00:00\",\"breadcrumb\":{\"@id\":\"https:\/\/woo-themes-plugins.com\/fr\/produit\/venedor-theme-woocommerce-wordpress-theme-ecommerce-blogging\/#breadcrumb\"},\"inLanguage\":\"fr-FR\",\"potentialAction\":[{\"@type\":\"ReadAction\",\"target\":[\"https:\/\/woo-themes-plugins.com\/fr\/produit\/venedor-theme-woocommerce-wordpress-theme-ecommerce-blogging\/\"]}]},{\"@type\":\"ImageObject\",\"inLanguage\":\"fr-FR\",\"@id\":\"https:\/\/woo-themes-plugins.com\/fr\/produit\/venedor-theme-woocommerce-wordpress-theme-ecommerce-blogging\/#primaryimage\",\"url\":\"https:\/\/woo-themes-plugins.com\/wp-content\/uploads\/sites\/7\/2018\/03\/woo-themes-plugins-venedor-theme-woocommerce-wordpress-theme-ecommerce-blogging-default.jpg\",\"contentUrl\":\"https:\/\/woo-themes-plugins.com\/wp-content\/uploads\/sites\/7\/2018\/03\/woo-themes-plugins-venedor-theme-woocommerce-wordpress-theme-ecommerce-blogging-default.jpg\",\"width\":757,\"height\":900},{\"@type\":\"BreadcrumbList\",\"@id\":\"https:\/\/woo-themes-plugins.com\/fr\/produit\/venedor-theme-woocommerce-wordpress-theme-ecommerce-blogging\/#breadcrumb\",\"itemListElement\":[{\"@type\":\"ListItem\",\"position\":1,\"name\":\"Accueil\",\"item\":\"https:\/\/woo-themes-plugins.com\/fr\/\"},{\"@type\":\"ListItem\",\"position\":2,\"name\":\"Shop\",\"item\":\"https:\/\/woo-themes-plugins.com\/shop\/\"},{\"@type\":\"ListItem\",\"position\":3,\"name\":\"Venedor &#8211; Th\u00e8me WooCommerce \/ WordPress &#8211; Th\u00e8me eCommerce &amp; Blogging\"}]},{\"@type\":\"WebSite\",\"@id\":\"https:\/\/woo-themes-plugins.com\/it\/#website\",\"url\":\"https:\/\/woo-themes-plugins.com\/it\/\",\"name\":\"Woo-themes-plugins.com\",\"description\":\"Tous les th\u00e8mes et plugins WooCommerce Premium\",\"potentialAction\":[{\"@type\":\"SearchAction\",\"target\":{\"@type\":\"EntryPoint\",\"urlTemplate\":\"https:\/\/woo-themes-plugins.com\/it\/?s={search_term_string}\"},\"query-input\":\"required name=search_term_string\"}],\"inLanguage\":\"fr-FR\"}]}<\/script>\n<!-- \/ Yoast SEO plugin. -->","yoast_head_json":{"title":"Venedor - Th\u00e8me WooCommerce \/ WordPress - Th\u00e8me eCommerce &amp; Blogging - Woo-themes-plugins.com","robots":{"index":"index","follow":"follow","max-snippet":"max-snippet:-1","max-image-preview":"max-image-preview:large","max-video-preview":"max-video-preview:-1"},"canonical":"https:\/\/woo-themes-plugins.com\/fr\/produit\/venedor-theme-woocommerce-wordpress-theme-ecommerce-blogging\/","og_locale":"fr_FR","og_type":"article","og_title":"Venedor - Th\u00e8me WooCommerce \/ WordPress - Th\u00e8me eCommerce &amp; Blogging - Woo-themes-plugins.com","og_description":"Quel est la plus grande force de WordPress par rapport aux autres CMS selon toi ? Apr\u00e8s tout, il existe bien des CMS qui ne font que du eCommerce comme Magento ou Prestashop. Alors pourquoi utiliser WordPress ? Ok, WooCommerce, c'est top. Mais... Magento et Prestashop sont top aussi, non ? \u00c0 mes yeux, la plus grande force de WordPress est justement de ne pas \u00eatre sp\u00e9cialis\u00e9 dans le eCommerce; pour \u00e7a, il y a WooCommerce, qui ajoute des fonctionnalit\u00e9s en plus. Venedor doit aussi partir de ce principe, car ce th\u00e8me met tout autant la partie eCommerce que la partie pure WordPress de votre site. Int\u00e9ressant.","og_url":"https:\/\/woo-themes-plugins.com\/fr\/produit\/venedor-theme-woocommerce-wordpress-theme-ecommerce-blogging\/","og_site_name":"Woo-themes-plugins.com","article_modified_time":"2018-04-26T16:19:49+00:00","og_image":[{"width":757,"height":900,"url":"https:\/\/woo-themes-plugins.com\/wp-content\/uploads\/sites\/7\/2018\/03\/woo-themes-plugins-venedor-theme-woocommerce-wordpress-theme-ecommerce-blogging-default.jpg","type":"image\/jpeg"}],"twitter_misc":{"Dur\u00e9e de lecture estim\u00e9e":"2 minutes"},"schema":{"@context":"https:\/\/schema.org","@graph":[{"@type":"WebPage","@id":"https:\/\/woo-themes-plugins.com\/fr\/produit\/venedor-theme-woocommerce-wordpress-theme-ecommerce-blogging\/","url":"https:\/\/woo-themes-plugins.com\/fr\/produit\/venedor-theme-woocommerce-wordpress-theme-ecommerce-blogging\/","name":"Venedor - Th\u00e8me WooCommerce \/ WordPress - Th\u00e8me eCommerce &amp; Blogging - Woo-themes-plugins.com","isPartOf":{"@id":"https:\/\/woo-themes-plugins.com\/it\/#website"},"primaryImageOfPage":{"@id":"https:\/\/woo-themes-plugins.com\/fr\/produit\/venedor-theme-woocommerce-wordpress-theme-ecommerce-blogging\/#primaryimage"},"image":{"@id":"https:\/\/woo-themes-plugins.com\/fr\/produit\/venedor-theme-woocommerce-wordpress-theme-ecommerce-blogging\/#primaryimage"},"thumbnailUrl":"https:\/\/woo-themes-plugins.com\/wp-content\/uploads\/sites\/7\/2018\/03\/woo-themes-plugins-venedor-theme-woocommerce-wordpress-theme-ecommerce-blogging-default.jpg","datePublished":"2018-03-27T08:20:02+00:00","dateModified":"2018-04-26T16:19:49+00:00","breadcrumb":{"@id":"https:\/\/woo-themes-plugins.com\/fr\/produit\/venedor-theme-woocommerce-wordpress-theme-ecommerce-blogging\/#breadcrumb"},"inLanguage":"fr-FR","potentialAction":[{"@type":"ReadAction","target":["https:\/\/woo-themes-plugins.com\/fr\/produit\/venedor-theme-woocommerce-wordpress-theme-ecommerce-blogging\/"]}]},{"@type":"ImageObject","inLanguage":"fr-FR","@id":"https:\/\/woo-themes-plugins.com\/fr\/produit\/venedor-theme-woocommerce-wordpress-theme-ecommerce-blogging\/#primaryimage","url":"https:\/\/woo-themes-plugins.com\/wp-content\/uploads\/sites\/7\/2018\/03\/woo-themes-plugins-venedor-theme-woocommerce-wordpress-theme-ecommerce-blogging-default.jpg","contentUrl":"https:\/\/woo-themes-plugins.com\/wp-content\/uploads\/sites\/7\/2018\/03\/woo-themes-plugins-venedor-theme-woocommerce-wordpress-theme-ecommerce-blogging-default.jpg","width":757,"height":900},{"@type":"BreadcrumbList","@id":"https:\/\/woo-themes-plugins.com\/fr\/produit\/venedor-theme-woocommerce-wordpress-theme-ecommerce-blogging\/#breadcrumb","itemListElement":[{"@type":"ListItem","position":1,"name":"Accueil","item":"https:\/\/woo-themes-plugins.com\/fr\/"},{"@type":"ListItem","position":2,"name":"Shop","item":"https:\/\/woo-themes-plugins.com\/shop\/"},{"@type":"ListItem","position":3,"name":"Venedor &#8211; Th\u00e8me WooCommerce \/ WordPress &#8211; Th\u00e8me eCommerce &amp; Blogging"}]},{"@type":"WebSite","@id":"https:\/\/woo-themes-plugins.com\/it\/#website","url":"https:\/\/woo-themes-plugins.com\/it\/","name":"Woo-themes-plugins.com","description":"Tous les th\u00e8mes et plugins WooCommerce Premium","potentialAction":[{"@type":"SearchAction","target":{"@type":"EntryPoint","urlTemplate":"https:\/\/woo-themes-plugins.com\/it\/?s={search_term_string}"},"query-input":"required name=search_term_string"}],"inLanguage":"fr-FR"}]}},"_links":{"self":[{"href":"https:\/\/woo-themes-plugins.com\/fr\/wp-json\/wp\/v2\/product\/475","targetHints":{"allow":["GET"]}}],"collection":[{"href":"https:\/\/woo-themes-plugins.com\/fr\/wp-json\/wp\/v2\/product"}],"about":[{"href":"https:\/\/woo-themes-plugins.com\/fr\/wp-json\/wp\/v2\/types\/product"}],"wp:featuredmedia":[{"embeddable":true,"href":"https:\/\/woo-themes-plugins.com\/fr\/wp-json\/wp\/v2\/media\/773"}],"wp:attachment":[{"href":"https:\/\/woo-themes-plugins.com\/fr\/wp-json\/wp\/v2\/media?parent=475"}],"wp:term":[{"taxonomy":"product_cat","embeddable":true,"href":"https:\/\/woo-themes-plugins.com\/fr\/wp-json\/wp\/v2\/product_cat?post=475"},{"taxonomy":"product_tag","embeddable":true,"href":"https:\/\/woo-themes-plugins.com\/fr\/wp-json\/wp\/v2\/product_tag?post=475"}],"curies":[{"name":"wp","href":"https:\/\/api.w.org\/{rel}","templated":true}]}}