{"id":482,"date":"2018-03-27T09:25:16","date_gmt":"2018-03-27T08:25:16","guid":{"rendered":"https:\/\/woo-themes-plugins.com\/?post_type=product&#038;p=482"},"modified":"2018-04-26T17:19:39","modified_gmt":"2018-04-26T16:19:39","slug":"room-09-shop-theme-woocommerce-mode-luxe-theme-minimaliste-mega-menu-premium","status":"publish","type":"product","link":"https:\/\/woo-themes-plugins.com\/fr\/product\/room-09-shop-theme-woocommerce-mode-luxe-theme-minimaliste-mega-menu-premium\/","title":{"rendered":"Room 09 Shop &#8211; Th\u00e8me WooCommerce Mode &amp; Luxe &#8211; Th\u00e8me Minimaliste, Mega Menu &amp; Premium"},"content":{"rendered":"","protected":false},"excerpt":{"rendered":"<p><em>Room 09 Shop <\/em>est un th\u00e8me WooCommerce qui est beau, minimaliste et simple \u00e0 prendre en main. Mais cela ne s&rsquo;arr\u00eate pas l\u00e0. Ce th\u00e8me WooCommerce fait en sorte de nous apporter la meilleure exp\u00e9rience possible en int\u00e9grant un lot de fonctionnalit\u00e9s <em>premium<\/em>. Entends par l\u00e0 que ce th\u00e8me int\u00e8gre tout un lot de plugins que tu aurais du payer. On retrouvera ainsi un megamenu, un syst\u00e8me de wishlist, mais aussi un syst\u00e8me de pop-up int\u00e9gr\u00e9, un super zoom pour les images produits&#8230; Bref, un th\u00e8me qui est plus qu&rsquo;un th\u00e8me.<\/p>\n","protected":false},"featured_media":483,"template":"","meta":{"_monsterinsights_skip_tracking":false,"_monsterinsights_sitenote_active":false,"_monsterinsights_sitenote_note":"","_monsterinsights_sitenote_category":0},"product_cat":[139],"product_tag":[160,144,154,149,141,171,175,169,163,159,180,151,148],"class_list":["post-482","product","type-product","status-publish","has-post-thumbnail","hentry","product_cat-theme-woocommerce","product_tag-bundle-plugins-premium","product_tag-debutant-woocommerce","product_tag-theme-woocommerce-avec-blog","product_tag-theme-woocommerce-avec-builder","product_tag-themes-woocommerce-personnalisable","product_tag-woocommerce-bijouterie","product_tag-woocommerce-luxe-haut-de-gamme","product_tag-woocommerce-magasin-de-mode","product_tag-woocommerce-magasin-de-vetements","product_tag-woocommerce-revolution-slider","product_tag-woocommerce-salon-de-beaute-cosmetique","product_tag-woocommerce-installation-un-clic","product_tag-woocommerce-responsive","pa_dev-woo-plugin-theme-sara_p","pa_marketplace-woocommerce-themeforest-net"],"yoast_head":"<!-- This site is optimized with the Yoast SEO plugin v23.1 - https:\/\/yoast.com\/wordpress\/plugins\/seo\/ -->\n<title>Room 09 Shop - Th\u00e8me WooCommerce Mode &amp; Luxe - Th\u00e8me Minimaliste, Mega Menu &amp; Premium - Woo-themes-plugins.com<\/title>\n<meta name=\"robots\" content=\"index, follow, max-snippet:-1, max-image-preview:large, max-video-preview:-1\" \/>\n<link rel=\"canonical\" href=\"https:\/\/woo-themes-plugins.com\/fr\/produit\/room-09-shop-theme-woocommerce-mode-luxe-theme-minimaliste-mega-menu-premium\/\" \/>\n<meta property=\"og:locale\" content=\"fr_FR\" \/>\n<meta property=\"og:type\" content=\"article\" \/>\n<meta property=\"og:title\" content=\"Room 09 Shop - Th\u00e8me WooCommerce Mode &amp; Luxe - Th\u00e8me Minimaliste, Mega Menu &amp; Premium - Woo-themes-plugins.com\" \/>\n<meta property=\"og:description\" content=\"Room 09 Shop est un th\u00e8me WooCommerce qui est beau, minimaliste et simple \u00e0 prendre en main. Mais cela ne s&#039;arr\u00eate pas l\u00e0. Ce th\u00e8me WooCommerce fait en sorte de nous apporter la meilleure exp\u00e9rience possible en int\u00e9grant un lot de fonctionnalit\u00e9s premium. Entends par l\u00e0 que ce th\u00e8me int\u00e8gre tout un lot de plugins que tu aurais du payer. On retrouvera ainsi un megamenu, un syst\u00e8me de wishlist, mais aussi un syst\u00e8me de pop-up int\u00e9gr\u00e9, un super zoom pour les images produits... Bref, un th\u00e8me qui est plus qu&#039;un th\u00e8me.\" \/>\n<meta property=\"og:url\" content=\"https:\/\/woo-themes-plugins.com\/fr\/produit\/room-09-shop-theme-woocommerce-mode-luxe-theme-minimaliste-mega-menu-premium\/\" \/>\n<meta property=\"og:site_name\" content=\"Woo-themes-plugins.com\" \/>\n<meta property=\"article:modified_time\" content=\"2018-04-26T16:19:39+00:00\" \/>\n<meta property=\"og:image\" content=\"https:\/\/woo-themes-plugins.com\/wp-content\/uploads\/sites\/7\/2018\/03\/woo-themes-plugins-room-09-shop-theme-woocommercemode-luxe-theme-minimaliste-megamenu-premium.jpg\" \/>\n\t<meta property=\"og:image:width\" content=\"590\" \/>\n\t<meta property=\"og:image:height\" content=\"300\" \/>\n\t<meta property=\"og:image:type\" content=\"image\/jpeg\" \/>\n<script type=\"application\/ld+json\" class=\"yoast-schema-graph\">{\"@context\":\"https:\/\/schema.org\",\"@graph\":[{\"@type\":\"WebPage\",\"@id\":\"https:\/\/woo-themes-plugins.com\/fr\/produit\/room-09-shop-theme-woocommerce-mode-luxe-theme-minimaliste-mega-menu-premium\/\",\"url\":\"https:\/\/woo-themes-plugins.com\/fr\/produit\/room-09-shop-theme-woocommerce-mode-luxe-theme-minimaliste-mega-menu-premium\/\",\"name\":\"Room 09 Shop - Th\u00e8me WooCommerce Mode &amp; Luxe - Th\u00e8me Minimaliste, Mega Menu &amp; Premium - Woo-themes-plugins.com\",\"isPartOf\":{\"@id\":\"https:\/\/woo-themes-plugins.com\/it\/#website\"},\"primaryImageOfPage\":{\"@id\":\"https:\/\/woo-themes-plugins.com\/fr\/produit\/room-09-shop-theme-woocommerce-mode-luxe-theme-minimaliste-mega-menu-premium\/#primaryimage\"},\"image\":{\"@id\":\"https:\/\/woo-themes-plugins.com\/fr\/produit\/room-09-shop-theme-woocommerce-mode-luxe-theme-minimaliste-mega-menu-premium\/#primaryimage\"},\"thumbnailUrl\":\"https:\/\/woo-themes-plugins.com\/wp-content\/uploads\/sites\/7\/2018\/03\/woo-themes-plugins-room-09-shop-theme-woocommercemode-luxe-theme-minimaliste-megamenu-premium.jpg\",\"datePublished\":\"2018-03-27T08:25:16+00:00\",\"dateModified\":\"2018-04-26T16:19:39+00:00\",\"breadcrumb\":{\"@id\":\"https:\/\/woo-themes-plugins.com\/fr\/produit\/room-09-shop-theme-woocommerce-mode-luxe-theme-minimaliste-mega-menu-premium\/#breadcrumb\"},\"inLanguage\":\"fr-FR\",\"potentialAction\":[{\"@type\":\"ReadAction\",\"target\":[\"https:\/\/woo-themes-plugins.com\/fr\/produit\/room-09-shop-theme-woocommerce-mode-luxe-theme-minimaliste-mega-menu-premium\/\"]}]},{\"@type\":\"ImageObject\",\"inLanguage\":\"fr-FR\",\"@id\":\"https:\/\/woo-themes-plugins.com\/fr\/produit\/room-09-shop-theme-woocommerce-mode-luxe-theme-minimaliste-mega-menu-premium\/#primaryimage\",\"url\":\"https:\/\/woo-themes-plugins.com\/wp-content\/uploads\/sites\/7\/2018\/03\/woo-themes-plugins-room-09-shop-theme-woocommercemode-luxe-theme-minimaliste-megamenu-premium.jpg\",\"contentUrl\":\"https:\/\/woo-themes-plugins.com\/wp-content\/uploads\/sites\/7\/2018\/03\/woo-themes-plugins-room-09-shop-theme-woocommercemode-luxe-theme-minimaliste-megamenu-premium.jpg\",\"width\":590,\"height\":300},{\"@type\":\"BreadcrumbList\",\"@id\":\"https:\/\/woo-themes-plugins.com\/fr\/produit\/room-09-shop-theme-woocommerce-mode-luxe-theme-minimaliste-mega-menu-premium\/#breadcrumb\",\"itemListElement\":[{\"@type\":\"ListItem\",\"position\":1,\"name\":\"Accueil\",\"item\":\"https:\/\/woo-themes-plugins.com\/fr\/\"},{\"@type\":\"ListItem\",\"position\":2,\"name\":\"Shop\",\"item\":\"https:\/\/woo-themes-plugins.com\/shop\/\"},{\"@type\":\"ListItem\",\"position\":3,\"name\":\"Room 09 Shop &#8211; Th\u00e8me WooCommerce Mode &amp; Luxe &#8211; Th\u00e8me Minimaliste, Mega Menu &amp; Premium\"}]},{\"@type\":\"WebSite\",\"@id\":\"https:\/\/woo-themes-plugins.com\/it\/#website\",\"url\":\"https:\/\/woo-themes-plugins.com\/it\/\",\"name\":\"Woo-themes-plugins.com\",\"description\":\"Tous les th\u00e8mes et plugins WooCommerce Premium\",\"potentialAction\":[{\"@type\":\"SearchAction\",\"target\":{\"@type\":\"EntryPoint\",\"urlTemplate\":\"https:\/\/woo-themes-plugins.com\/it\/?s={search_term_string}\"},\"query-input\":\"required name=search_term_string\"}],\"inLanguage\":\"fr-FR\"}]}<\/script>\n<!-- \/ Yoast SEO plugin. -->","yoast_head_json":{"title":"Room 09 Shop - Th\u00e8me WooCommerce Mode &amp; Luxe - Th\u00e8me Minimaliste, Mega Menu &amp; Premium - Woo-themes-plugins.com","robots":{"index":"index","follow":"follow","max-snippet":"max-snippet:-1","max-image-preview":"max-image-preview:large","max-video-preview":"max-video-preview:-1"},"canonical":"https:\/\/woo-themes-plugins.com\/fr\/produit\/room-09-shop-theme-woocommerce-mode-luxe-theme-minimaliste-mega-menu-premium\/","og_locale":"fr_FR","og_type":"article","og_title":"Room 09 Shop - Th\u00e8me WooCommerce Mode &amp; Luxe - Th\u00e8me Minimaliste, Mega Menu &amp; Premium - Woo-themes-plugins.com","og_description":"Room 09 Shop est un th\u00e8me WooCommerce qui est beau, minimaliste et simple \u00e0 prendre en main. Mais cela ne s'arr\u00eate pas l\u00e0. Ce th\u00e8me WooCommerce fait en sorte de nous apporter la meilleure exp\u00e9rience possible en int\u00e9grant un lot de fonctionnalit\u00e9s premium. Entends par l\u00e0 que ce th\u00e8me int\u00e8gre tout un lot de plugins que tu aurais du payer. On retrouvera ainsi un megamenu, un syst\u00e8me de wishlist, mais aussi un syst\u00e8me de pop-up int\u00e9gr\u00e9, un super zoom pour les images produits... Bref, un th\u00e8me qui est plus qu'un th\u00e8me.","og_url":"https:\/\/woo-themes-plugins.com\/fr\/produit\/room-09-shop-theme-woocommerce-mode-luxe-theme-minimaliste-mega-menu-premium\/","og_site_name":"Woo-themes-plugins.com","article_modified_time":"2018-04-26T16:19:39+00:00","og_image":[{"width":590,"height":300,"url":"https:\/\/woo-themes-plugins.com\/wp-content\/uploads\/sites\/7\/2018\/03\/woo-themes-plugins-room-09-shop-theme-woocommercemode-luxe-theme-minimaliste-megamenu-premium.jpg","type":"image\/jpeg"}],"schema":{"@context":"https:\/\/schema.org","@graph":[{"@type":"WebPage","@id":"https:\/\/woo-themes-plugins.com\/fr\/produit\/room-09-shop-theme-woocommerce-mode-luxe-theme-minimaliste-mega-menu-premium\/","url":"https:\/\/woo-themes-plugins.com\/fr\/produit\/room-09-shop-theme-woocommerce-mode-luxe-theme-minimaliste-mega-menu-premium\/","name":"Room 09 Shop - Th\u00e8me WooCommerce Mode &amp; Luxe - Th\u00e8me Minimaliste, Mega Menu &amp; Premium - Woo-themes-plugins.com","isPartOf":{"@id":"https:\/\/woo-themes-plugins.com\/it\/#website"},"primaryImageOfPage":{"@id":"https:\/\/woo-themes-plugins.com\/fr\/produit\/room-09-shop-theme-woocommerce-mode-luxe-theme-minimaliste-mega-menu-premium\/#primaryimage"},"image":{"@id":"https:\/\/woo-themes-plugins.com\/fr\/produit\/room-09-shop-theme-woocommerce-mode-luxe-theme-minimaliste-mega-menu-premium\/#primaryimage"},"thumbnailUrl":"https:\/\/woo-themes-plugins.com\/wp-content\/uploads\/sites\/7\/2018\/03\/woo-themes-plugins-room-09-shop-theme-woocommercemode-luxe-theme-minimaliste-megamenu-premium.jpg","datePublished":"2018-03-27T08:25:16+00:00","dateModified":"2018-04-26T16:19:39+00:00","breadcrumb":{"@id":"https:\/\/woo-themes-plugins.com\/fr\/produit\/room-09-shop-theme-woocommerce-mode-luxe-theme-minimaliste-mega-menu-premium\/#breadcrumb"},"inLanguage":"fr-FR","potentialAction":[{"@type":"ReadAction","target":["https:\/\/woo-themes-plugins.com\/fr\/produit\/room-09-shop-theme-woocommerce-mode-luxe-theme-minimaliste-mega-menu-premium\/"]}]},{"@type":"ImageObject","inLanguage":"fr-FR","@id":"https:\/\/woo-themes-plugins.com\/fr\/produit\/room-09-shop-theme-woocommerce-mode-luxe-theme-minimaliste-mega-menu-premium\/#primaryimage","url":"https:\/\/woo-themes-plugins.com\/wp-content\/uploads\/sites\/7\/2018\/03\/woo-themes-plugins-room-09-shop-theme-woocommercemode-luxe-theme-minimaliste-megamenu-premium.jpg","contentUrl":"https:\/\/woo-themes-plugins.com\/wp-content\/uploads\/sites\/7\/2018\/03\/woo-themes-plugins-room-09-shop-theme-woocommercemode-luxe-theme-minimaliste-megamenu-premium.jpg","width":590,"height":300},{"@type":"BreadcrumbList","@id":"https:\/\/woo-themes-plugins.com\/fr\/produit\/room-09-shop-theme-woocommerce-mode-luxe-theme-minimaliste-mega-menu-premium\/#breadcrumb","itemListElement":[{"@type":"ListItem","position":1,"name":"Accueil","item":"https:\/\/woo-themes-plugins.com\/fr\/"},{"@type":"ListItem","position":2,"name":"Shop","item":"https:\/\/woo-themes-plugins.com\/shop\/"},{"@type":"ListItem","position":3,"name":"Room 09 Shop &#8211; Th\u00e8me WooCommerce Mode &amp; Luxe &#8211; Th\u00e8me Minimaliste, Mega Menu &amp; Premium"}]},{"@type":"WebSite","@id":"https:\/\/woo-themes-plugins.com\/it\/#website","url":"https:\/\/woo-themes-plugins.com\/it\/","name":"Woo-themes-plugins.com","description":"Tous les th\u00e8mes et plugins WooCommerce Premium","potentialAction":[{"@type":"SearchAction","target":{"@type":"EntryPoint","urlTemplate":"https:\/\/woo-themes-plugins.com\/it\/?s={search_term_string}"},"query-input":"required name=search_term_string"}],"inLanguage":"fr-FR"}]}},"_links":{"self":[{"href":"https:\/\/woo-themes-plugins.com\/fr\/wp-json\/wp\/v2\/product\/482","targetHints":{"allow":["GET"]}}],"collection":[{"href":"https:\/\/woo-themes-plugins.com\/fr\/wp-json\/wp\/v2\/product"}],"about":[{"href":"https:\/\/woo-themes-plugins.com\/fr\/wp-json\/wp\/v2\/types\/product"}],"wp:featuredmedia":[{"embeddable":true,"href":"https:\/\/woo-themes-plugins.com\/fr\/wp-json\/wp\/v2\/media\/483"}],"wp:attachment":[{"href":"https:\/\/woo-themes-plugins.com\/fr\/wp-json\/wp\/v2\/media?parent=482"}],"wp:term":[{"taxonomy":"product_cat","embeddable":true,"href":"https:\/\/woo-themes-plugins.com\/fr\/wp-json\/wp\/v2\/product_cat?post=482"},{"taxonomy":"product_tag","embeddable":true,"href":"https:\/\/woo-themes-plugins.com\/fr\/wp-json\/wp\/v2\/product_tag?post=482"}],"curies":[{"name":"wp","href":"https:\/\/api.w.org\/{rel}","templated":true}]}}