{"id":489,"date":"2018-03-27T09:31:25","date_gmt":"2018-03-27T08:31:25","guid":{"rendered":"https:\/\/woo-themes-plugins.com\/?post_type=product&#038;p=489"},"modified":"2018-04-26T17:19:30","modified_gmt":"2018-04-26T16:19:30","slug":"oxygen-theme-woocommerce-pure-player-theme-minimaliste-luxueux","status":"publish","type":"product","link":"https:\/\/woo-themes-plugins.com\/fr\/product\/oxygen-theme-woocommerce-pure-player-theme-minimaliste-luxueux\/","title":{"rendered":"Oxygen &#8211; Th\u00e8me WooCommerce Pure Player &#8211; Th\u00e8me Minimaliste &amp; Luxueux"},"content":{"rendered":"<p><em>Oxygen <\/em>est un th\u00e8me WooCommerce avant tout d\u00e9velopp\u00e9 pour r\u00e9pondre aux besoins des boutiques en ligne. Ce th\u00e8me offre une grande vari\u00e9t\u00e9 d&rsquo;options de personnalisation que ce soit dans sa mise en page que dans son apparence. L&rsquo;ensemble est param\u00e9trable \u00e0 partir d&rsquo;une interface d&rsquo;administration pens\u00e9e pour permettre aux d\u00e9butants de prendre en main simplement ce th\u00e8me.<\/p>\n<p>Il est possible de choisir parmi 4 types d&rsquo;ent\u00eates diff\u00e9rentes, de changer la typographie sur l&rsquo;ensemble du site, s\u00e9parer clairement la partie eCommerce de la partie blog de ton site WooCommerce, mais aussi de cr\u00e9er des mises en pages uniques gr\u00e2ce \u00e0 l&rsquo;utilisation de Visual Composer qui est donc propos\u00e9 gratuitement avec ce th\u00e8me WooCommerce. Un bon point lorsqu&rsquo;on sait que Visual Composer s&rsquo;est impos\u00e9 comme solution de personnalisation de mise en page de WordPress en cliqu\u00e9 d\u00e9pos\u00e9. Le deuxi\u00e8me plugin premium qui accompagne gratuitement ce th\u00e8me est bien entendu Slider Revolution.<\/p>\n<p><em>Oxygen <\/em>offre en plus une palette de fonctionnalit\u00e9s \u00e0 prendre en compte pour bien choisir son th\u00e8me WooCommerce :<\/p>\n<ul>\n<li>100% compatible avec <a href=\"https:\/\/wp-multilingue.fr\/plugin-multilingue-woocommerce\/\" target=\"_blank\" rel=\"noopener\"><strong>WooCommerce Multilingue<\/strong><\/a><\/li>\n<li>Responsive et Retina Ready<\/li>\n<li>Menu \u00e0 la verticale ou \u00e0 l&rsquo;horizontale<\/li>\n<li>Quick View<\/li>\n<li>Wishlist<\/li>\n<li>Module LookBook<\/li>\n<li>Optimis\u00e9 pour les interfaces mobiles<\/li>\n<li>Page de contact sympa<\/li>\n<li>Utilisation de bootstrap et de LESS<\/li>\n<\/ul>\n<p>On pourra appr\u00e9cier tout particuli\u00e8rement les deux fonctions types du eCommerce qui manque tout de m\u00eame un peu par d\u00e9faut \u00e0 WooCommerce : le quick view et la whishlist ! Gr\u00e2ce \u00e0 ce th\u00e8me WooCommerce, aucun besoin de rechercher ces fonctionnalit\u00e9s ailleurs.<\/p>\n<p>En parlant d&rsquo;optimisation, il est int\u00e9ressant de noter que ce th\u00e8me est optimis\u00e9 pour le r\u00e9f\u00e9rencement naturel, que sa page d&rsquo;erreur 404 a \u00e9t\u00e9 sp\u00e9cialement con\u00e7ue, un jeu d&rsquo;ic\u00f4nes d\u00e9di\u00e9s et encore plus de petites choses \u00e0 d\u00e9couvrir d&rsquo;urgence.<\/p>\n<p>D&rsquo;un point de vu technique, un <a href=\"https:\/\/hebergement-wp.info\/comparatif-hebergements-woocommerce\/\" target=\"_blank\" rel=\"noopener\"><strong>h\u00e9bergement WooCommerce<\/strong><\/a> respectant les derni\u00e8res normes suffira amplement.<\/p>\n","protected":false},"excerpt":{"rendered":"<p>Chaque site de eCommerce poss\u00e8de ses particularit\u00e9s. Le concepteur de ce th\u00e8me WooCommerce l&rsquo;a bien compris car <em>Oxygen <\/em>s&rsquo;adresse exclusivement aux boutiques en ligne de type <em>pure player <\/em>(sans aucun magasin physique). Cela signifie que l&rsquo;ensemble du site a \u00e9t\u00e9 pens\u00e9 pour convertir directement sur le site. Le moins que l&rsquo;on puisse dire, c&rsquo;est que ce th\u00e8me WooCommerce offre en plus un style tr\u00e8s orient\u00e9 vers le monde du luxe et du minimalisme.<\/p>\n","protected":false},"featured_media":664,"template":"","meta":{"_monsterinsights_skip_tracking":false,"_monsterinsights_sitenote_active":false,"_monsterinsights_sitenote_note":"","_monsterinsights_sitenote_category":0},"product_cat":[139],"product_tag":[160,144,154,149,141,171,156,175,169,163,159,180,151,148,146],"class_list":["post-489","product","type-product","status-publish","has-post-thumbnail","hentry","product_cat-theme-woocommerce","product_tag-bundle-plugins-premium","product_tag-debutant-woocommerce","product_tag-theme-woocommerce-avec-blog","product_tag-theme-woocommerce-avec-builder","product_tag-themes-woocommerce-personnalisable","product_tag-woocommerce-bijouterie","product_tag-woocommerce-bootstrap","product_tag-woocommerce-luxe-haut-de-gamme","product_tag-woocommerce-magasin-de-mode","product_tag-woocommerce-magasin-de-vetements","product_tag-woocommerce-revolution-slider","product_tag-woocommerce-salon-de-beaute-cosmetique","product_tag-woocommerce-installation-un-clic","product_tag-woocommerce-responsive","product_tag-woocommerce-retina-ready","pa_dev-woo-plugin-theme-laborator","pa_marketplace-woocommerce-themeforest-net"],"yoast_head":"<!-- This site is optimized with the Yoast SEO plugin v23.1 - https:\/\/yoast.com\/wordpress\/plugins\/seo\/ -->\n<title>Oxygen - Th\u00e8me WooCommerce Luxe - Th\u00e8me Minimaliste &amp; Pure Player<\/title>\n<meta name=\"robots\" content=\"index, follow, max-snippet:-1, max-image-preview:large, max-video-preview:-1\" \/>\n<link rel=\"canonical\" href=\"https:\/\/woo-themes-plugins.com\/fr\/produit\/oxygen-theme-woocommerce-pure-player-theme-minimaliste-luxueux\/\" \/>\n<meta property=\"og:locale\" content=\"fr_FR\" \/>\n<meta property=\"og:type\" content=\"article\" \/>\n<meta property=\"og:title\" content=\"Oxygen - Th\u00e8me WooCommerce Luxe - Th\u00e8me Minimaliste &amp; Pure Player\" \/>\n<meta property=\"og:description\" content=\"Chaque site de eCommerce poss\u00e8de ses particularit\u00e9s. Le concepteur de ce th\u00e8me WooCommerce l&#039;a bien compris car Oxygen s&#039;adresse exclusivement aux boutiques en ligne de type pure player (sans aucun magasin physique). Cela signifie que l&#039;ensemble du site a \u00e9t\u00e9 pens\u00e9 pour convertir directement sur le site. Le moins que l&#039;on puisse dire, c&#039;est que ce th\u00e8me WooCommerce offre en plus un style tr\u00e8s orient\u00e9 vers le monde du luxe et du minimalisme.\" \/>\n<meta property=\"og:url\" content=\"https:\/\/woo-themes-plugins.com\/fr\/produit\/oxygen-theme-woocommerce-pure-player-theme-minimaliste-luxueux\/\" \/>\n<meta property=\"og:site_name\" content=\"Woo-themes-plugins.com\" \/>\n<meta property=\"article:modified_time\" content=\"2018-04-26T16:19:30+00:00\" \/>\n<meta property=\"og:image\" content=\"https:\/\/woo-themes-plugins.com\/wp-content\/uploads\/sites\/7\/2018\/03\/woo-themes-plugins-oxygen-theme-woocommerce-pure-player-theme-minimaliste-luxueux-mode.jpg.jpg\" \/>\n\t<meta property=\"og:image:width\" content=\"776\" \/>\n\t<meta property=\"og:image:height\" content=\"900\" \/>\n\t<meta property=\"og:image:type\" content=\"image\/jpeg\" \/>\n<meta name=\"twitter:label1\" content=\"Dur\u00e9e de lecture estim\u00e9e\" \/>\n\t<meta name=\"twitter:data1\" content=\"2 minutes\" \/>\n<script type=\"application\/ld+json\" class=\"yoast-schema-graph\">{\"@context\":\"https:\/\/schema.org\",\"@graph\":[{\"@type\":\"WebPage\",\"@id\":\"https:\/\/woo-themes-plugins.com\/fr\/produit\/oxygen-theme-woocommerce-pure-player-theme-minimaliste-luxueux\/\",\"url\":\"https:\/\/woo-themes-plugins.com\/fr\/produit\/oxygen-theme-woocommerce-pure-player-theme-minimaliste-luxueux\/\",\"name\":\"Oxygen - Th\u00e8me WooCommerce Luxe - Th\u00e8me Minimaliste & Pure Player\",\"isPartOf\":{\"@id\":\"https:\/\/woo-themes-plugins.com\/it\/#website\"},\"primaryImageOfPage\":{\"@id\":\"https:\/\/woo-themes-plugins.com\/fr\/produit\/oxygen-theme-woocommerce-pure-player-theme-minimaliste-luxueux\/#primaryimage\"},\"image\":{\"@id\":\"https:\/\/woo-themes-plugins.com\/fr\/produit\/oxygen-theme-woocommerce-pure-player-theme-minimaliste-luxueux\/#primaryimage\"},\"thumbnailUrl\":\"https:\/\/woo-themes-plugins.com\/wp-content\/uploads\/sites\/7\/2018\/03\/woo-themes-plugins-oxygen-theme-woocommerce-pure-player-theme-minimaliste-luxueux-mode.jpg.jpg\",\"datePublished\":\"2018-03-27T08:31:25+00:00\",\"dateModified\":\"2018-04-26T16:19:30+00:00\",\"breadcrumb\":{\"@id\":\"https:\/\/woo-themes-plugins.com\/fr\/produit\/oxygen-theme-woocommerce-pure-player-theme-minimaliste-luxueux\/#breadcrumb\"},\"inLanguage\":\"fr-FR\",\"potentialAction\":[{\"@type\":\"ReadAction\",\"target\":[\"https:\/\/woo-themes-plugins.com\/fr\/produit\/oxygen-theme-woocommerce-pure-player-theme-minimaliste-luxueux\/\"]}]},{\"@type\":\"ImageObject\",\"inLanguage\":\"fr-FR\",\"@id\":\"https:\/\/woo-themes-plugins.com\/fr\/produit\/oxygen-theme-woocommerce-pure-player-theme-minimaliste-luxueux\/#primaryimage\",\"url\":\"https:\/\/woo-themes-plugins.com\/wp-content\/uploads\/sites\/7\/2018\/03\/woo-themes-plugins-oxygen-theme-woocommerce-pure-player-theme-minimaliste-luxueux-mode.jpg.jpg\",\"contentUrl\":\"https:\/\/woo-themes-plugins.com\/wp-content\/uploads\/sites\/7\/2018\/03\/woo-themes-plugins-oxygen-theme-woocommerce-pure-player-theme-minimaliste-luxueux-mode.jpg.jpg\",\"width\":776,\"height\":900},{\"@type\":\"BreadcrumbList\",\"@id\":\"https:\/\/woo-themes-plugins.com\/fr\/produit\/oxygen-theme-woocommerce-pure-player-theme-minimaliste-luxueux\/#breadcrumb\",\"itemListElement\":[{\"@type\":\"ListItem\",\"position\":1,\"name\":\"Accueil\",\"item\":\"https:\/\/woo-themes-plugins.com\/fr\/\"},{\"@type\":\"ListItem\",\"position\":2,\"name\":\"Shop\",\"item\":\"https:\/\/woo-themes-plugins.com\/shop\/\"},{\"@type\":\"ListItem\",\"position\":3,\"name\":\"Oxygen &#8211; Th\u00e8me WooCommerce Pure Player &#8211; Th\u00e8me Minimaliste &amp; Luxueux\"}]},{\"@type\":\"WebSite\",\"@id\":\"https:\/\/woo-themes-plugins.com\/it\/#website\",\"url\":\"https:\/\/woo-themes-plugins.com\/it\/\",\"name\":\"Woo-themes-plugins.com\",\"description\":\"Tous les th\u00e8mes et plugins WooCommerce Premium\",\"potentialAction\":[{\"@type\":\"SearchAction\",\"target\":{\"@type\":\"EntryPoint\",\"urlTemplate\":\"https:\/\/woo-themes-plugins.com\/it\/?s={search_term_string}\"},\"query-input\":\"required name=search_term_string\"}],\"inLanguage\":\"fr-FR\"}]}<\/script>\n<!-- \/ Yoast SEO plugin. -->","yoast_head_json":{"title":"Oxygen - Th\u00e8me WooCommerce Luxe - Th\u00e8me Minimaliste & Pure Player","robots":{"index":"index","follow":"follow","max-snippet":"max-snippet:-1","max-image-preview":"max-image-preview:large","max-video-preview":"max-video-preview:-1"},"canonical":"https:\/\/woo-themes-plugins.com\/fr\/produit\/oxygen-theme-woocommerce-pure-player-theme-minimaliste-luxueux\/","og_locale":"fr_FR","og_type":"article","og_title":"Oxygen - Th\u00e8me WooCommerce Luxe - Th\u00e8me Minimaliste & Pure Player","og_description":"Chaque site de eCommerce poss\u00e8de ses particularit\u00e9s. Le concepteur de ce th\u00e8me WooCommerce l'a bien compris car Oxygen s'adresse exclusivement aux boutiques en ligne de type pure player (sans aucun magasin physique). Cela signifie que l'ensemble du site a \u00e9t\u00e9 pens\u00e9 pour convertir directement sur le site. Le moins que l'on puisse dire, c'est que ce th\u00e8me WooCommerce offre en plus un style tr\u00e8s orient\u00e9 vers le monde du luxe et du minimalisme.","og_url":"https:\/\/woo-themes-plugins.com\/fr\/produit\/oxygen-theme-woocommerce-pure-player-theme-minimaliste-luxueux\/","og_site_name":"Woo-themes-plugins.com","article_modified_time":"2018-04-26T16:19:30+00:00","og_image":[{"width":776,"height":900,"url":"https:\/\/woo-themes-plugins.com\/wp-content\/uploads\/sites\/7\/2018\/03\/woo-themes-plugins-oxygen-theme-woocommerce-pure-player-theme-minimaliste-luxueux-mode.jpg.jpg","type":"image\/jpeg"}],"twitter_misc":{"Dur\u00e9e de lecture estim\u00e9e":"2 minutes"},"schema":{"@context":"https:\/\/schema.org","@graph":[{"@type":"WebPage","@id":"https:\/\/woo-themes-plugins.com\/fr\/produit\/oxygen-theme-woocommerce-pure-player-theme-minimaliste-luxueux\/","url":"https:\/\/woo-themes-plugins.com\/fr\/produit\/oxygen-theme-woocommerce-pure-player-theme-minimaliste-luxueux\/","name":"Oxygen - Th\u00e8me WooCommerce Luxe - Th\u00e8me Minimaliste & Pure Player","isPartOf":{"@id":"https:\/\/woo-themes-plugins.com\/it\/#website"},"primaryImageOfPage":{"@id":"https:\/\/woo-themes-plugins.com\/fr\/produit\/oxygen-theme-woocommerce-pure-player-theme-minimaliste-luxueux\/#primaryimage"},"image":{"@id":"https:\/\/woo-themes-plugins.com\/fr\/produit\/oxygen-theme-woocommerce-pure-player-theme-minimaliste-luxueux\/#primaryimage"},"thumbnailUrl":"https:\/\/woo-themes-plugins.com\/wp-content\/uploads\/sites\/7\/2018\/03\/woo-themes-plugins-oxygen-theme-woocommerce-pure-player-theme-minimaliste-luxueux-mode.jpg.jpg","datePublished":"2018-03-27T08:31:25+00:00","dateModified":"2018-04-26T16:19:30+00:00","breadcrumb":{"@id":"https:\/\/woo-themes-plugins.com\/fr\/produit\/oxygen-theme-woocommerce-pure-player-theme-minimaliste-luxueux\/#breadcrumb"},"inLanguage":"fr-FR","potentialAction":[{"@type":"ReadAction","target":["https:\/\/woo-themes-plugins.com\/fr\/produit\/oxygen-theme-woocommerce-pure-player-theme-minimaliste-luxueux\/"]}]},{"@type":"ImageObject","inLanguage":"fr-FR","@id":"https:\/\/woo-themes-plugins.com\/fr\/produit\/oxygen-theme-woocommerce-pure-player-theme-minimaliste-luxueux\/#primaryimage","url":"https:\/\/woo-themes-plugins.com\/wp-content\/uploads\/sites\/7\/2018\/03\/woo-themes-plugins-oxygen-theme-woocommerce-pure-player-theme-minimaliste-luxueux-mode.jpg.jpg","contentUrl":"https:\/\/woo-themes-plugins.com\/wp-content\/uploads\/sites\/7\/2018\/03\/woo-themes-plugins-oxygen-theme-woocommerce-pure-player-theme-minimaliste-luxueux-mode.jpg.jpg","width":776,"height":900},{"@type":"BreadcrumbList","@id":"https:\/\/woo-themes-plugins.com\/fr\/produit\/oxygen-theme-woocommerce-pure-player-theme-minimaliste-luxueux\/#breadcrumb","itemListElement":[{"@type":"ListItem","position":1,"name":"Accueil","item":"https:\/\/woo-themes-plugins.com\/fr\/"},{"@type":"ListItem","position":2,"name":"Shop","item":"https:\/\/woo-themes-plugins.com\/shop\/"},{"@type":"ListItem","position":3,"name":"Oxygen &#8211; Th\u00e8me WooCommerce Pure Player &#8211; Th\u00e8me Minimaliste &amp; Luxueux"}]},{"@type":"WebSite","@id":"https:\/\/woo-themes-plugins.com\/it\/#website","url":"https:\/\/woo-themes-plugins.com\/it\/","name":"Woo-themes-plugins.com","description":"Tous les th\u00e8mes et plugins WooCommerce Premium","potentialAction":[{"@type":"SearchAction","target":{"@type":"EntryPoint","urlTemplate":"https:\/\/woo-themes-plugins.com\/it\/?s={search_term_string}"},"query-input":"required name=search_term_string"}],"inLanguage":"fr-FR"}]}},"_links":{"self":[{"href":"https:\/\/woo-themes-plugins.com\/fr\/wp-json\/wp\/v2\/product\/489","targetHints":{"allow":["GET"]}}],"collection":[{"href":"https:\/\/woo-themes-plugins.com\/fr\/wp-json\/wp\/v2\/product"}],"about":[{"href":"https:\/\/woo-themes-plugins.com\/fr\/wp-json\/wp\/v2\/types\/product"}],"wp:featuredmedia":[{"embeddable":true,"href":"https:\/\/woo-themes-plugins.com\/fr\/wp-json\/wp\/v2\/media\/664"}],"wp:attachment":[{"href":"https:\/\/woo-themes-plugins.com\/fr\/wp-json\/wp\/v2\/media?parent=489"}],"wp:term":[{"taxonomy":"product_cat","embeddable":true,"href":"https:\/\/woo-themes-plugins.com\/fr\/wp-json\/wp\/v2\/product_cat?post=489"},{"taxonomy":"product_tag","embeddable":true,"href":"https:\/\/woo-themes-plugins.com\/fr\/wp-json\/wp\/v2\/product_tag?post=489"}],"curies":[{"name":"wp","href":"https:\/\/api.w.org\/{rel}","templated":true}]}}