{"id":496,"date":"2018-03-27T09:37:03","date_gmt":"2018-03-27T08:37:03","guid":{"rendered":"https:\/\/woo-themes-plugins.com\/?post_type=product&#038;p=496"},"modified":"2018-04-26T17:19:17","modified_gmt":"2018-04-26T16:19:17","slug":"kingdom-theme-woocommerce-affiliation-amazon-theme-compatible-avec-woozone","status":"publish","type":"product","link":"https:\/\/woo-themes-plugins.com\/fr\/product\/kingdom-theme-woocommerce-affiliation-amazon-theme-compatible-avec-woozone\/","title":{"rendered":"Kingdom &#8211; Th\u00e8me WooCommerce Affiliation Amazon &#8211; Th\u00e8me Compatible avec WooZone"},"content":{"rendered":"<p><em>Kingdom <\/em>est donc un th\u00e8me WooCommerce diff\u00e9rent car il va te permettre de mettre en place un boutique WooCommerce fonctionnant sur le principe de l&rsquo;affiliation avec Amazon. Mais que cela signifie-t-il au juste d&rsquo;\u00eatre un th\u00e8me WooCommerce pens\u00e9 pour l&rsquo;affiliation WooCommerce ? C&rsquo;est la possibilit\u00e9 d&rsquo;ajouter des fonctionnalit\u00e9s incroyables sur son site comme le fait de surfer gr\u00e2ce aux diff\u00e9rentes marques mises en avant sur ton site, ou encore de faire remonter l&rsquo;historique de surf du client sur Amazon. Et c&rsquo;est loin d&rsquo;\u00eatre tout car en plus vos internautes auront acc\u00e8s \u00e0 un filtre cr\u00e9\u00e9 automatiquement ou encore aux produits compl\u00e9mentaires directement ins\u00e9r\u00e9 dans votre site. La remont\u00e9e des r\u00e9ductions et des prix est automatique.<\/p>\n<p>Afin de pousser l&rsquo;exp\u00e9rience encore plus loin, ce th\u00e8me WooCommerce int\u00e8gre deux plugins premium que sont Premium SEO Pack et Convert Plus; deux plugins pens\u00e9s pour accro\u00eetre les ventes sur ton site de eCommerce. D&rsquo;autres plugins premium sont de la partie comme Visual Composer bien entendu !<\/p>\n<p>Pleinement compatible avec les derni\u00e8res technologies web, ce th\u00e8me WooCommerce se sentira pouss\u00e9e des ailes si ton <a href=\"https:\/\/hebergement-wp.info\/comparatif-hebergements-woocommerce\/\" target=\"_blank\" rel=\"noopener\"><strong>h\u00e9bergement WooCommerce<\/strong><\/a> utilise du PHP 7 !<\/p>\n<p>En constante \u00e9volution, ce th\u00e8me WooCommerce offre encore beaucoup de fonctionnalit\u00e9s qu&rsquo;il te restera \u00e0 d\u00e9couvrir comme une mise en page avanc\u00e9e pour le blog, l&rsquo;int\u00e9gration des shortcodes de visual composer, l&rsquo;affichage d&rsquo;une liste de shopping alternative, la compatibilit\u00e9 avec <a href=\"https:\/\/wp-multilingue.fr\/plugin-multilingue-woocommerce\/\" target=\"_blank\" rel=\"noopener\"><strong>WooCommerce Multilingue<\/strong><\/a> et le tout dans un \u00e9crin responsive, cela va de soit.<\/p>\n","protected":false},"excerpt":{"rendered":"<p>Si tu fais de l&rsquo;affiliation avec Amazon et que tu recherches un th\u00e8me qui soit vraiment un th\u00e8me pens\u00e9 pour l&rsquo;affiliation WooCommerce avec Amazon, alors tu peux enfin te d\u00e9tendre, tu viens de trouver le th\u00e8me de tes r\u00eaves. <em>Kingdom<\/em>, c&rsquo;est bien plus qu&rsquo;un th\u00e8me, c&rsquo;est le r\u00eave de tous affili\u00e9s Amazon. Ce th\u00e8me WooCommerce vient surcharger le comportement par d\u00e9faut en \u00e9tant compatible avec le tr\u00e8s c\u00e9l\u00e8bre plugin WooZone. Attention, avec ce th\u00e8me, tu as une vraie bombe entre les mains \ud83d\ude09<\/p>\n","protected":false},"featured_media":706,"template":"","meta":{"_monsterinsights_skip_tracking":false,"_monsterinsights_sitenote_active":false,"_monsterinsights_sitenote_note":"","_monsterinsights_sitenote_category":0},"product_cat":[139],"product_tag":[160,144,154,149,141,188,187,171,156,175,169,163,159,180,151,148,146],"class_list":["post-496","product","type-product","status-publish","has-post-thumbnail","hentry","product_cat-theme-woocommerce","product_tag-bundle-plugins-premium","product_tag-debutant-woocommerce","product_tag-theme-woocommerce-avec-blog","product_tag-theme-woocommerce-avec-builder","product_tag-themes-woocommerce-personnalisable","product_tag-woocommerce-affiliation","product_tag-woocommerce-amazon","product_tag-woocommerce-bijouterie","product_tag-woocommerce-bootstrap","product_tag-woocommerce-luxe-haut-de-gamme","product_tag-woocommerce-magasin-de-mode","product_tag-woocommerce-magasin-de-vetements","product_tag-woocommerce-revolution-slider","product_tag-woocommerce-salon-de-beaute-cosmetique","product_tag-woocommerce-installation-un-clic","product_tag-woocommerce-responsive","product_tag-woocommerce-retina-ready","pa_dev-woo-plugin-theme-aa-team","pa_marketplace-woocommerce-themeforest-net"],"yoast_head":"<!-- This site is optimized with the Yoast SEO plugin v23.1 - https:\/\/yoast.com\/wordpress\/plugins\/seo\/ -->\n<title>Kingdom - Th\u00e8me WooCommerce Affiliation Amazon - WooZone<\/title>\n<meta name=\"description\" content=\"Quel th\u00e8me WooCommerce utiliser lorsqu&#039;on fait de l&#039;affiliation avec Amazon ? Kingdom bien \u00e9videment ! Pourquoi choisir ce th\u00e8me WooCommerce pour faire de l&#039;affiliation Amazon ? Car derri\u00e8re ce template WooCommerce Amazon se cache les concepteurs du plugin WooZone, num\u00e9ro 1 pour Amazon sur WooCommerce !\" \/>\n<meta name=\"robots\" content=\"index, follow, max-snippet:-1, max-image-preview:large, max-video-preview:-1\" \/>\n<link rel=\"canonical\" href=\"https:\/\/woo-themes-plugins.com\/fr\/produit\/kingdom-theme-woocommerce-affiliation-amazon-theme-compatible-avec-woozone\/\" \/>\n<meta property=\"og:locale\" content=\"fr_FR\" \/>\n<meta property=\"og:type\" content=\"article\" \/>\n<meta property=\"og:title\" content=\"Kingdom - Th\u00e8me WooCommerce Affiliation Amazon - WooZone\" \/>\n<meta property=\"og:description\" content=\"Quel th\u00e8me WooCommerce utiliser lorsqu&#039;on fait de l&#039;affiliation avec Amazon ? Kingdom bien \u00e9videment ! Pourquoi choisir ce th\u00e8me WooCommerce pour faire de l&#039;affiliation Amazon ? Car derri\u00e8re ce template WooCommerce Amazon se cache les concepteurs du plugin WooZone, num\u00e9ro 1 pour Amazon sur WooCommerce !\" \/>\n<meta property=\"og:url\" content=\"https:\/\/woo-themes-plugins.com\/fr\/produit\/kingdom-theme-woocommerce-affiliation-amazon-theme-compatible-avec-woozone\/\" \/>\n<meta property=\"og:site_name\" content=\"Woo-themes-plugins.com\" \/>\n<meta property=\"article:modified_time\" content=\"2018-04-26T16:19:17+00:00\" \/>\n<meta property=\"og:image\" content=\"https:\/\/woo-themes-plugins.com\/wp-content\/uploads\/sites\/7\/2018\/03\/woo-themes-plugins-kingdom-theme-woocommerce-affiliation-amazon-theme-compatible-woozone-default.jpg\" \/>\n\t<meta property=\"og:image:width\" content=\"757\" \/>\n\t<meta property=\"og:image:height\" content=\"900\" \/>\n\t<meta property=\"og:image:type\" content=\"image\/jpeg\" \/>\n<meta name=\"twitter:label1\" content=\"Dur\u00e9e de lecture estim\u00e9e\" \/>\n\t<meta name=\"twitter:data1\" content=\"1 minute\" \/>\n<script type=\"application\/ld+json\" class=\"yoast-schema-graph\">{\"@context\":\"https:\/\/schema.org\",\"@graph\":[{\"@type\":\"WebPage\",\"@id\":\"https:\/\/woo-themes-plugins.com\/fr\/produit\/kingdom-theme-woocommerce-affiliation-amazon-theme-compatible-avec-woozone\/\",\"url\":\"https:\/\/woo-themes-plugins.com\/fr\/produit\/kingdom-theme-woocommerce-affiliation-amazon-theme-compatible-avec-woozone\/\",\"name\":\"Kingdom - Th\u00e8me WooCommerce Affiliation Amazon - WooZone\",\"isPartOf\":{\"@id\":\"https:\/\/woo-themes-plugins.com\/it\/#website\"},\"primaryImageOfPage\":{\"@id\":\"https:\/\/woo-themes-plugins.com\/fr\/produit\/kingdom-theme-woocommerce-affiliation-amazon-theme-compatible-avec-woozone\/#primaryimage\"},\"image\":{\"@id\":\"https:\/\/woo-themes-plugins.com\/fr\/produit\/kingdom-theme-woocommerce-affiliation-amazon-theme-compatible-avec-woozone\/#primaryimage\"},\"thumbnailUrl\":\"https:\/\/woo-themes-plugins.com\/wp-content\/uploads\/sites\/7\/2018\/03\/woo-themes-plugins-kingdom-theme-woocommerce-affiliation-amazon-theme-compatible-woozone-default.jpg\",\"datePublished\":\"2018-03-27T08:37:03+00:00\",\"dateModified\":\"2018-04-26T16:19:17+00:00\",\"description\":\"Quel th\u00e8me WooCommerce utiliser lorsqu'on fait de l'affiliation avec Amazon ? Kingdom bien \u00e9videment ! Pourquoi choisir ce th\u00e8me WooCommerce pour faire de l'affiliation Amazon ? Car derri\u00e8re ce template WooCommerce Amazon se cache les concepteurs du plugin WooZone, num\u00e9ro 1 pour Amazon sur WooCommerce !\",\"breadcrumb\":{\"@id\":\"https:\/\/woo-themes-plugins.com\/fr\/produit\/kingdom-theme-woocommerce-affiliation-amazon-theme-compatible-avec-woozone\/#breadcrumb\"},\"inLanguage\":\"fr-FR\",\"potentialAction\":[{\"@type\":\"ReadAction\",\"target\":[\"https:\/\/woo-themes-plugins.com\/fr\/produit\/kingdom-theme-woocommerce-affiliation-amazon-theme-compatible-avec-woozone\/\"]}]},{\"@type\":\"ImageObject\",\"inLanguage\":\"fr-FR\",\"@id\":\"https:\/\/woo-themes-plugins.com\/fr\/produit\/kingdom-theme-woocommerce-affiliation-amazon-theme-compatible-avec-woozone\/#primaryimage\",\"url\":\"https:\/\/woo-themes-plugins.com\/wp-content\/uploads\/sites\/7\/2018\/03\/woo-themes-plugins-kingdom-theme-woocommerce-affiliation-amazon-theme-compatible-woozone-default.jpg\",\"contentUrl\":\"https:\/\/woo-themes-plugins.com\/wp-content\/uploads\/sites\/7\/2018\/03\/woo-themes-plugins-kingdom-theme-woocommerce-affiliation-amazon-theme-compatible-woozone-default.jpg\",\"width\":757,\"height\":900},{\"@type\":\"BreadcrumbList\",\"@id\":\"https:\/\/woo-themes-plugins.com\/fr\/produit\/kingdom-theme-woocommerce-affiliation-amazon-theme-compatible-avec-woozone\/#breadcrumb\",\"itemListElement\":[{\"@type\":\"ListItem\",\"position\":1,\"name\":\"Accueil\",\"item\":\"https:\/\/woo-themes-plugins.com\/fr\/\"},{\"@type\":\"ListItem\",\"position\":2,\"name\":\"Shop\",\"item\":\"https:\/\/woo-themes-plugins.com\/shop\/\"},{\"@type\":\"ListItem\",\"position\":3,\"name\":\"Kingdom &#8211; Th\u00e8me WooCommerce Affiliation Amazon &#8211; Th\u00e8me Compatible avec WooZone\"}]},{\"@type\":\"WebSite\",\"@id\":\"https:\/\/woo-themes-plugins.com\/it\/#website\",\"url\":\"https:\/\/woo-themes-plugins.com\/it\/\",\"name\":\"Woo-themes-plugins.com\",\"description\":\"Tous les th\u00e8mes et plugins WooCommerce Premium\",\"potentialAction\":[{\"@type\":\"SearchAction\",\"target\":{\"@type\":\"EntryPoint\",\"urlTemplate\":\"https:\/\/woo-themes-plugins.com\/it\/?s={search_term_string}\"},\"query-input\":\"required name=search_term_string\"}],\"inLanguage\":\"fr-FR\"}]}<\/script>\n<!-- \/ Yoast SEO plugin. -->","yoast_head_json":{"title":"Kingdom - Th\u00e8me WooCommerce Affiliation Amazon - WooZone","description":"Quel th\u00e8me WooCommerce utiliser lorsqu'on fait de l'affiliation avec Amazon ? Kingdom bien \u00e9videment ! Pourquoi choisir ce th\u00e8me WooCommerce pour faire de l'affiliation Amazon ? Car derri\u00e8re ce template WooCommerce Amazon se cache les concepteurs du plugin WooZone, num\u00e9ro 1 pour Amazon sur WooCommerce !","robots":{"index":"index","follow":"follow","max-snippet":"max-snippet:-1","max-image-preview":"max-image-preview:large","max-video-preview":"max-video-preview:-1"},"canonical":"https:\/\/woo-themes-plugins.com\/fr\/produit\/kingdom-theme-woocommerce-affiliation-amazon-theme-compatible-avec-woozone\/","og_locale":"fr_FR","og_type":"article","og_title":"Kingdom - Th\u00e8me WooCommerce Affiliation Amazon - WooZone","og_description":"Quel th\u00e8me WooCommerce utiliser lorsqu'on fait de l'affiliation avec Amazon ? Kingdom bien \u00e9videment ! Pourquoi choisir ce th\u00e8me WooCommerce pour faire de l'affiliation Amazon ? Car derri\u00e8re ce template WooCommerce Amazon se cache les concepteurs du plugin WooZone, num\u00e9ro 1 pour Amazon sur WooCommerce !","og_url":"https:\/\/woo-themes-plugins.com\/fr\/produit\/kingdom-theme-woocommerce-affiliation-amazon-theme-compatible-avec-woozone\/","og_site_name":"Woo-themes-plugins.com","article_modified_time":"2018-04-26T16:19:17+00:00","og_image":[{"width":757,"height":900,"url":"https:\/\/woo-themes-plugins.com\/wp-content\/uploads\/sites\/7\/2018\/03\/woo-themes-plugins-kingdom-theme-woocommerce-affiliation-amazon-theme-compatible-woozone-default.jpg","type":"image\/jpeg"}],"twitter_misc":{"Dur\u00e9e de lecture estim\u00e9e":"1 minute"},"schema":{"@context":"https:\/\/schema.org","@graph":[{"@type":"WebPage","@id":"https:\/\/woo-themes-plugins.com\/fr\/produit\/kingdom-theme-woocommerce-affiliation-amazon-theme-compatible-avec-woozone\/","url":"https:\/\/woo-themes-plugins.com\/fr\/produit\/kingdom-theme-woocommerce-affiliation-amazon-theme-compatible-avec-woozone\/","name":"Kingdom - Th\u00e8me WooCommerce Affiliation Amazon - WooZone","isPartOf":{"@id":"https:\/\/woo-themes-plugins.com\/it\/#website"},"primaryImageOfPage":{"@id":"https:\/\/woo-themes-plugins.com\/fr\/produit\/kingdom-theme-woocommerce-affiliation-amazon-theme-compatible-avec-woozone\/#primaryimage"},"image":{"@id":"https:\/\/woo-themes-plugins.com\/fr\/produit\/kingdom-theme-woocommerce-affiliation-amazon-theme-compatible-avec-woozone\/#primaryimage"},"thumbnailUrl":"https:\/\/woo-themes-plugins.com\/wp-content\/uploads\/sites\/7\/2018\/03\/woo-themes-plugins-kingdom-theme-woocommerce-affiliation-amazon-theme-compatible-woozone-default.jpg","datePublished":"2018-03-27T08:37:03+00:00","dateModified":"2018-04-26T16:19:17+00:00","description":"Quel th\u00e8me WooCommerce utiliser lorsqu'on fait de l'affiliation avec Amazon ? Kingdom bien \u00e9videment ! Pourquoi choisir ce th\u00e8me WooCommerce pour faire de l'affiliation Amazon ? Car derri\u00e8re ce template WooCommerce Amazon se cache les concepteurs du plugin WooZone, num\u00e9ro 1 pour Amazon sur WooCommerce !","breadcrumb":{"@id":"https:\/\/woo-themes-plugins.com\/fr\/produit\/kingdom-theme-woocommerce-affiliation-amazon-theme-compatible-avec-woozone\/#breadcrumb"},"inLanguage":"fr-FR","potentialAction":[{"@type":"ReadAction","target":["https:\/\/woo-themes-plugins.com\/fr\/produit\/kingdom-theme-woocommerce-affiliation-amazon-theme-compatible-avec-woozone\/"]}]},{"@type":"ImageObject","inLanguage":"fr-FR","@id":"https:\/\/woo-themes-plugins.com\/fr\/produit\/kingdom-theme-woocommerce-affiliation-amazon-theme-compatible-avec-woozone\/#primaryimage","url":"https:\/\/woo-themes-plugins.com\/wp-content\/uploads\/sites\/7\/2018\/03\/woo-themes-plugins-kingdom-theme-woocommerce-affiliation-amazon-theme-compatible-woozone-default.jpg","contentUrl":"https:\/\/woo-themes-plugins.com\/wp-content\/uploads\/sites\/7\/2018\/03\/woo-themes-plugins-kingdom-theme-woocommerce-affiliation-amazon-theme-compatible-woozone-default.jpg","width":757,"height":900},{"@type":"BreadcrumbList","@id":"https:\/\/woo-themes-plugins.com\/fr\/produit\/kingdom-theme-woocommerce-affiliation-amazon-theme-compatible-avec-woozone\/#breadcrumb","itemListElement":[{"@type":"ListItem","position":1,"name":"Accueil","item":"https:\/\/woo-themes-plugins.com\/fr\/"},{"@type":"ListItem","position":2,"name":"Shop","item":"https:\/\/woo-themes-plugins.com\/shop\/"},{"@type":"ListItem","position":3,"name":"Kingdom &#8211; Th\u00e8me WooCommerce Affiliation Amazon &#8211; Th\u00e8me Compatible avec WooZone"}]},{"@type":"WebSite","@id":"https:\/\/woo-themes-plugins.com\/it\/#website","url":"https:\/\/woo-themes-plugins.com\/it\/","name":"Woo-themes-plugins.com","description":"Tous les th\u00e8mes et plugins WooCommerce Premium","potentialAction":[{"@type":"SearchAction","target":{"@type":"EntryPoint","urlTemplate":"https:\/\/woo-themes-plugins.com\/it\/?s={search_term_string}"},"query-input":"required name=search_term_string"}],"inLanguage":"fr-FR"}]}},"_links":{"self":[{"href":"https:\/\/woo-themes-plugins.com\/fr\/wp-json\/wp\/v2\/product\/496","targetHints":{"allow":["GET"]}}],"collection":[{"href":"https:\/\/woo-themes-plugins.com\/fr\/wp-json\/wp\/v2\/product"}],"about":[{"href":"https:\/\/woo-themes-plugins.com\/fr\/wp-json\/wp\/v2\/types\/product"}],"wp:featuredmedia":[{"embeddable":true,"href":"https:\/\/woo-themes-plugins.com\/fr\/wp-json\/wp\/v2\/media\/706"}],"wp:attachment":[{"href":"https:\/\/woo-themes-plugins.com\/fr\/wp-json\/wp\/v2\/media?parent=496"}],"wp:term":[{"taxonomy":"product_cat","embeddable":true,"href":"https:\/\/woo-themes-plugins.com\/fr\/wp-json\/wp\/v2\/product_cat?post=496"},{"taxonomy":"product_tag","embeddable":true,"href":"https:\/\/woo-themes-plugins.com\/fr\/wp-json\/wp\/v2\/product_tag?post=496"}],"curies":[{"name":"wp","href":"https:\/\/api.w.org\/{rel}","templated":true}]}}