{"id":503,"date":"2018-03-27T09:42:15","date_gmt":"2018-03-27T08:42:15","guid":{"rendered":"https:\/\/woo-themes-plugins.com\/?post_type=product&#038;p=503"},"modified":"2018-04-26T17:19:09","modified_gmt":"2018-04-26T16:19:09","slug":"propulsion-theme-woocommerce-business-theme-responsive-portfolio-et-ecommerce","status":"publish","type":"product","link":"https:\/\/woo-themes-plugins.com\/fr\/product\/propulsion-theme-woocommerce-business-theme-responsive-portfolio-et-ecommerce\/","title":{"rendered":"Propulsion &#8211; Th\u00e8me WooCommerce Business &#8211; Th\u00e8me Responsive, Portfolio et eCommerce"},"content":{"rendered":"<p><em>Propulsion <\/em>est un th\u00e8me WooCommerce responsive, qui a \u00e9t\u00e9 d\u00e9velopp\u00e9 pour convenir \u00e0 la fois aux personnes recherchant un site de type business et eCommerce, mais aussi pour les sites WordPress type portfolio. Ce th\u00e8me a \u00e9t\u00e9 con\u00e7u comme surcouche \u00e0 WooCommerce, mais aussi pour le plugin de forum WordPress bbPress. Ce qui vous permettra \u00e9galement d&rsquo;animer facilement un forum gr\u00e2ce \u00e0 ce th\u00e8me.<\/p>\n<p>Ce th\u00e8me vient avec pl\u00e9thores d&rsquo;options de personnalisation. Il te sera possible d&rsquo;agir sur la couleur, mais aussi le style, les polices de caract\u00e8res, et la mise en page g\u00e9n\u00e9rale de ton site WooCommerce. Gr\u00e2ce au constructeur de page visuel qui est fournit avec ce th\u00e8me tu pourras facilement choisir entre les 3 types de slideshows diff\u00e9rents, les 21 styles pr\u00e9d\u00e9finis, ou encore les tonnes de polices d&rsquo;\u00e9criture et de couleurs qui s&rsquo;offriront \u00e0 toi. Si tu es press\u00e9, ce th\u00e8me te permettra d&rsquo;aller tr\u00e8s vite. Tout comme si tu souhaites reprendre la mise en page de chacune des pages, cela sera aussi possible.<\/p>\n<p>Ce th\u00e8me WooCommerce est orient\u00e9 SEO d\u00e9s sa conception. Ainsi, ce th\u00e8me utilise des balises s\u00e9mantiques valides, tout comme le CSS et le HTML ont \u00e9t\u00e9 pens\u00e9 pour \u00eatre facilement parcourus par les moteurs de recherche. Chose importante, le contenu est toujours inclus avant le code jug\u00e9 d&rsquo;une moindre importance. Le meilleur exemple pour illustrer cela serait que le contenu de ton article de blog est affich\u00e9 dans le code avant le code de ta sidebar. Tu comprend mieux ? Le but est de signaler aux moteurs de recherche que c&rsquo;est cette partie qui est vraiment importante sur ton site.<\/p>\n<p>On retrouve dans ce th\u00e8me WooCommerce diff\u00e9rentes options qui sont p\u00eale-m\u00eale :<\/p>\n<ul>\n<li>Un th\u00e8me WooCommerce Responsive<\/li>\n<li>Le support de diff\u00e9rents types de billets<\/li>\n<li>L&rsquo;insertion de multiples slideshows<\/li>\n<li>Support des vid\u00e9os en HTML5<\/li>\n<li>Compatible <strong><a href=\"https:\/\/woo-themes-plugins.com\/produit\/woocommerce-multilingue-plugin-traduction-woocommerce\/\">WooCommerce Multilingue<\/a><\/strong><\/li>\n<li>Utilisation de sidebar unique par type de page<\/li>\n<li>\u00c9diteur de shortcode visuel<\/li>\n<li>Widgets personnalis\u00e9s (Twitter, facebook, news, Rss&#8230;)<\/li>\n<\/ul>\n<p>On appr\u00e9ciera dans cette liste que ce th\u00e8me WooCommerce soit multilingue est compatible avec le plus c\u00e9l\u00e8bre plugin de traduction WooCommerce. Par d\u00e9faut, ce th\u00e8me vient traduit en 4 langues diff\u00e9rentes.<\/p>\n<p>Enfin, bien que cela ne concerne pas directement la qualit\u00e9 de ce th\u00e8me, un support de qualit\u00e9 est offert par le concepteur de ce th\u00e8me WooCommerce.<\/p>\n","protected":false},"excerpt":{"rendered":"<p><em>Propulsion<\/em>, c&rsquo;est un th\u00e8me qui a connu son envol en 2011. Depuis, beaucoup d&rsquo;eau a coul\u00e9e sous les ponts. <em>Propulsion <\/em>est devenu ce que je pourrais qualifier de th\u00e8me hybride. Hybride entre un site de type vitrine et un site de eCommerce. Si de prime abord l&rsquo;id\u00e9e d&rsquo;avoir le cul entre deux chaises peut sembler contre productif, il s&rsquo;av\u00e8re que <em>Propulsion <\/em>r\u00e9pond \u00e0 un besoin tr\u00e8s pr\u00e9cis dans le monde du eCommerce : les entreprises souhaitant commercialiser quelques petits produits sur le site de l&rsquo;entreprise. Un cas bien plus fr\u00e9quent qu&rsquo;on le penserait.<\/p>\n","protected":false},"featured_media":627,"template":"","meta":{"_monsterinsights_skip_tracking":false,"_monsterinsights_sitenote_active":false,"_monsterinsights_sitenote_note":"","_monsterinsights_sitenote_category":0},"product_cat":[139],"product_tag":[144,154,149,141,163,162,151,148],"class_list":["post-503","product","type-product","status-publish","has-post-thumbnail","hentry","product_cat-theme-woocommerce","product_tag-debutant-woocommerce","product_tag-theme-woocommerce-avec-blog","product_tag-theme-woocommerce-avec-builder","product_tag-themes-woocommerce-personnalisable","product_tag-woocommerce-magasin-de-vetements","product_tag-woocommerce-compatible-multisite","product_tag-woocommerce-installation-un-clic","product_tag-woocommerce-responsive","pa_dev-woo-plugin-theme-kriesi","pa_marketplace-woocommerce-themeforest-net"],"yoast_head":"<!-- This site is optimized with the Yoast SEO plugin v23.1 - https:\/\/yoast.com\/wordpress\/plugins\/seo\/ -->\n<title>Propulsion - Th\u00e8me WooCommerce Business - Responsive &amp; Portfolio<\/title>\n<meta name=\"robots\" content=\"index, follow, max-snippet:-1, max-image-preview:large, max-video-preview:-1\" \/>\n<link rel=\"canonical\" href=\"https:\/\/woo-themes-plugins.com\/fr\/produit\/propulsion-theme-woocommerce-business-theme-responsive-portfolio-et-ecommerce\/\" \/>\n<meta property=\"og:locale\" content=\"fr_FR\" \/>\n<meta property=\"og:type\" content=\"article\" \/>\n<meta property=\"og:title\" content=\"Propulsion - Th\u00e8me WooCommerce Business - Responsive &amp; Portfolio\" \/>\n<meta property=\"og:description\" content=\"Propulsion, c&#039;est un th\u00e8me qui a connu son envol en 2011. Depuis, beaucoup d&#039;eau a coul\u00e9e sous les ponts. Propulsion est devenu ce que je pourrais qualifier de th\u00e8me hybride. Hybride entre un site de type vitrine et un site de eCommerce. Si de prime abord l&#039;id\u00e9e d&#039;avoir le cul entre deux chaises peut sembler contre productif, il s&#039;av\u00e8re que Propulsion r\u00e9pond \u00e0 un besoin tr\u00e8s pr\u00e9cis dans le monde du eCommerce : les entreprises souhaitant commercialiser quelques petits produits sur le site de l&#039;entreprise. Un cas bien plus fr\u00e9quent qu&#039;on le penserait.\" \/>\n<meta property=\"og:url\" content=\"https:\/\/woo-themes-plugins.com\/fr\/produit\/propulsion-theme-woocommerce-business-theme-responsive-portfolio-et-ecommerce\/\" \/>\n<meta property=\"og:site_name\" content=\"Woo-themes-plugins.com\" \/>\n<meta property=\"article:modified_time\" content=\"2018-04-26T16:19:09+00:00\" \/>\n<meta property=\"og:image\" content=\"https:\/\/woo-themes-plugins.com\/wp-content\/uploads\/sites\/7\/2018\/03\/woo-themes-plugins-propulsion-theme-woocommerce-busines-theme-responsive-portfolio-ecommerce-blanc.jpg.jpg\" \/>\n\t<meta property=\"og:image:width\" content=\"776\" \/>\n\t<meta property=\"og:image:height\" content=\"900\" \/>\n\t<meta property=\"og:image:type\" content=\"image\/jpeg\" \/>\n<meta name=\"twitter:label1\" content=\"Dur\u00e9e de lecture estim\u00e9e\" \/>\n\t<meta name=\"twitter:data1\" content=\"2 minutes\" \/>\n<script type=\"application\/ld+json\" class=\"yoast-schema-graph\">{\"@context\":\"https:\/\/schema.org\",\"@graph\":[{\"@type\":\"WebPage\",\"@id\":\"https:\/\/woo-themes-plugins.com\/fr\/produit\/propulsion-theme-woocommerce-business-theme-responsive-portfolio-et-ecommerce\/\",\"url\":\"https:\/\/woo-themes-plugins.com\/fr\/produit\/propulsion-theme-woocommerce-business-theme-responsive-portfolio-et-ecommerce\/\",\"name\":\"Propulsion - Th\u00e8me WooCommerce Business - Responsive & Portfolio\",\"isPartOf\":{\"@id\":\"https:\/\/woo-themes-plugins.com\/it\/#website\"},\"primaryImageOfPage\":{\"@id\":\"https:\/\/woo-themes-plugins.com\/fr\/produit\/propulsion-theme-woocommerce-business-theme-responsive-portfolio-et-ecommerce\/#primaryimage\"},\"image\":{\"@id\":\"https:\/\/woo-themes-plugins.com\/fr\/produit\/propulsion-theme-woocommerce-business-theme-responsive-portfolio-et-ecommerce\/#primaryimage\"},\"thumbnailUrl\":\"https:\/\/woo-themes-plugins.com\/wp-content\/uploads\/sites\/7\/2018\/03\/woo-themes-plugins-propulsion-theme-woocommerce-busines-theme-responsive-portfolio-ecommerce-blanc.jpg.jpg\",\"datePublished\":\"2018-03-27T08:42:15+00:00\",\"dateModified\":\"2018-04-26T16:19:09+00:00\",\"breadcrumb\":{\"@id\":\"https:\/\/woo-themes-plugins.com\/fr\/produit\/propulsion-theme-woocommerce-business-theme-responsive-portfolio-et-ecommerce\/#breadcrumb\"},\"inLanguage\":\"fr-FR\",\"potentialAction\":[{\"@type\":\"ReadAction\",\"target\":[\"https:\/\/woo-themes-plugins.com\/fr\/produit\/propulsion-theme-woocommerce-business-theme-responsive-portfolio-et-ecommerce\/\"]}]},{\"@type\":\"ImageObject\",\"inLanguage\":\"fr-FR\",\"@id\":\"https:\/\/woo-themes-plugins.com\/fr\/produit\/propulsion-theme-woocommerce-business-theme-responsive-portfolio-et-ecommerce\/#primaryimage\",\"url\":\"https:\/\/woo-themes-plugins.com\/wp-content\/uploads\/sites\/7\/2018\/03\/woo-themes-plugins-propulsion-theme-woocommerce-busines-theme-responsive-portfolio-ecommerce-blanc.jpg.jpg\",\"contentUrl\":\"https:\/\/woo-themes-plugins.com\/wp-content\/uploads\/sites\/7\/2018\/03\/woo-themes-plugins-propulsion-theme-woocommerce-busines-theme-responsive-portfolio-ecommerce-blanc.jpg.jpg\",\"width\":776,\"height\":900},{\"@type\":\"BreadcrumbList\",\"@id\":\"https:\/\/woo-themes-plugins.com\/fr\/produit\/propulsion-theme-woocommerce-business-theme-responsive-portfolio-et-ecommerce\/#breadcrumb\",\"itemListElement\":[{\"@type\":\"ListItem\",\"position\":1,\"name\":\"Accueil\",\"item\":\"https:\/\/woo-themes-plugins.com\/fr\/\"},{\"@type\":\"ListItem\",\"position\":2,\"name\":\"Shop\",\"item\":\"https:\/\/woo-themes-plugins.com\/shop\/\"},{\"@type\":\"ListItem\",\"position\":3,\"name\":\"Propulsion &#8211; Th\u00e8me WooCommerce Business &#8211; Th\u00e8me Responsive, Portfolio et eCommerce\"}]},{\"@type\":\"WebSite\",\"@id\":\"https:\/\/woo-themes-plugins.com\/it\/#website\",\"url\":\"https:\/\/woo-themes-plugins.com\/it\/\",\"name\":\"Woo-themes-plugins.com\",\"description\":\"Tous les th\u00e8mes et plugins WooCommerce Premium\",\"potentialAction\":[{\"@type\":\"SearchAction\",\"target\":{\"@type\":\"EntryPoint\",\"urlTemplate\":\"https:\/\/woo-themes-plugins.com\/it\/?s={search_term_string}\"},\"query-input\":\"required name=search_term_string\"}],\"inLanguage\":\"fr-FR\"}]}<\/script>\n<!-- \/ Yoast SEO plugin. -->","yoast_head_json":{"title":"Propulsion - Th\u00e8me WooCommerce Business - Responsive & Portfolio","robots":{"index":"index","follow":"follow","max-snippet":"max-snippet:-1","max-image-preview":"max-image-preview:large","max-video-preview":"max-video-preview:-1"},"canonical":"https:\/\/woo-themes-plugins.com\/fr\/produit\/propulsion-theme-woocommerce-business-theme-responsive-portfolio-et-ecommerce\/","og_locale":"fr_FR","og_type":"article","og_title":"Propulsion - Th\u00e8me WooCommerce Business - Responsive & Portfolio","og_description":"Propulsion, c'est un th\u00e8me qui a connu son envol en 2011. Depuis, beaucoup d'eau a coul\u00e9e sous les ponts. Propulsion est devenu ce que je pourrais qualifier de th\u00e8me hybride. Hybride entre un site de type vitrine et un site de eCommerce. Si de prime abord l'id\u00e9e d'avoir le cul entre deux chaises peut sembler contre productif, il s'av\u00e8re que Propulsion r\u00e9pond \u00e0 un besoin tr\u00e8s pr\u00e9cis dans le monde du eCommerce : les entreprises souhaitant commercialiser quelques petits produits sur le site de l'entreprise. Un cas bien plus fr\u00e9quent qu'on le penserait.","og_url":"https:\/\/woo-themes-plugins.com\/fr\/produit\/propulsion-theme-woocommerce-business-theme-responsive-portfolio-et-ecommerce\/","og_site_name":"Woo-themes-plugins.com","article_modified_time":"2018-04-26T16:19:09+00:00","og_image":[{"width":776,"height":900,"url":"https:\/\/woo-themes-plugins.com\/wp-content\/uploads\/sites\/7\/2018\/03\/woo-themes-plugins-propulsion-theme-woocommerce-busines-theme-responsive-portfolio-ecommerce-blanc.jpg.jpg","type":"image\/jpeg"}],"twitter_misc":{"Dur\u00e9e de lecture estim\u00e9e":"2 minutes"},"schema":{"@context":"https:\/\/schema.org","@graph":[{"@type":"WebPage","@id":"https:\/\/woo-themes-plugins.com\/fr\/produit\/propulsion-theme-woocommerce-business-theme-responsive-portfolio-et-ecommerce\/","url":"https:\/\/woo-themes-plugins.com\/fr\/produit\/propulsion-theme-woocommerce-business-theme-responsive-portfolio-et-ecommerce\/","name":"Propulsion - Th\u00e8me WooCommerce Business - Responsive & Portfolio","isPartOf":{"@id":"https:\/\/woo-themes-plugins.com\/it\/#website"},"primaryImageOfPage":{"@id":"https:\/\/woo-themes-plugins.com\/fr\/produit\/propulsion-theme-woocommerce-business-theme-responsive-portfolio-et-ecommerce\/#primaryimage"},"image":{"@id":"https:\/\/woo-themes-plugins.com\/fr\/produit\/propulsion-theme-woocommerce-business-theme-responsive-portfolio-et-ecommerce\/#primaryimage"},"thumbnailUrl":"https:\/\/woo-themes-plugins.com\/wp-content\/uploads\/sites\/7\/2018\/03\/woo-themes-plugins-propulsion-theme-woocommerce-busines-theme-responsive-portfolio-ecommerce-blanc.jpg.jpg","datePublished":"2018-03-27T08:42:15+00:00","dateModified":"2018-04-26T16:19:09+00:00","breadcrumb":{"@id":"https:\/\/woo-themes-plugins.com\/fr\/produit\/propulsion-theme-woocommerce-business-theme-responsive-portfolio-et-ecommerce\/#breadcrumb"},"inLanguage":"fr-FR","potentialAction":[{"@type":"ReadAction","target":["https:\/\/woo-themes-plugins.com\/fr\/produit\/propulsion-theme-woocommerce-business-theme-responsive-portfolio-et-ecommerce\/"]}]},{"@type":"ImageObject","inLanguage":"fr-FR","@id":"https:\/\/woo-themes-plugins.com\/fr\/produit\/propulsion-theme-woocommerce-business-theme-responsive-portfolio-et-ecommerce\/#primaryimage","url":"https:\/\/woo-themes-plugins.com\/wp-content\/uploads\/sites\/7\/2018\/03\/woo-themes-plugins-propulsion-theme-woocommerce-busines-theme-responsive-portfolio-ecommerce-blanc.jpg.jpg","contentUrl":"https:\/\/woo-themes-plugins.com\/wp-content\/uploads\/sites\/7\/2018\/03\/woo-themes-plugins-propulsion-theme-woocommerce-busines-theme-responsive-portfolio-ecommerce-blanc.jpg.jpg","width":776,"height":900},{"@type":"BreadcrumbList","@id":"https:\/\/woo-themes-plugins.com\/fr\/produit\/propulsion-theme-woocommerce-business-theme-responsive-portfolio-et-ecommerce\/#breadcrumb","itemListElement":[{"@type":"ListItem","position":1,"name":"Accueil","item":"https:\/\/woo-themes-plugins.com\/fr\/"},{"@type":"ListItem","position":2,"name":"Shop","item":"https:\/\/woo-themes-plugins.com\/shop\/"},{"@type":"ListItem","position":3,"name":"Propulsion &#8211; Th\u00e8me WooCommerce Business &#8211; Th\u00e8me Responsive, Portfolio et eCommerce"}]},{"@type":"WebSite","@id":"https:\/\/woo-themes-plugins.com\/it\/#website","url":"https:\/\/woo-themes-plugins.com\/it\/","name":"Woo-themes-plugins.com","description":"Tous les th\u00e8mes et plugins WooCommerce Premium","potentialAction":[{"@type":"SearchAction","target":{"@type":"EntryPoint","urlTemplate":"https:\/\/woo-themes-plugins.com\/it\/?s={search_term_string}"},"query-input":"required name=search_term_string"}],"inLanguage":"fr-FR"}]}},"_links":{"self":[{"href":"https:\/\/woo-themes-plugins.com\/fr\/wp-json\/wp\/v2\/product\/503","targetHints":{"allow":["GET"]}}],"collection":[{"href":"https:\/\/woo-themes-plugins.com\/fr\/wp-json\/wp\/v2\/product"}],"about":[{"href":"https:\/\/woo-themes-plugins.com\/fr\/wp-json\/wp\/v2\/types\/product"}],"wp:featuredmedia":[{"embeddable":true,"href":"https:\/\/woo-themes-plugins.com\/fr\/wp-json\/wp\/v2\/media\/627"}],"wp:attachment":[{"href":"https:\/\/woo-themes-plugins.com\/fr\/wp-json\/wp\/v2\/media?parent=503"}],"wp:term":[{"taxonomy":"product_cat","embeddable":true,"href":"https:\/\/woo-themes-plugins.com\/fr\/wp-json\/wp\/v2\/product_cat?post=503"},{"taxonomy":"product_tag","embeddable":true,"href":"https:\/\/woo-themes-plugins.com\/fr\/wp-json\/wp\/v2\/product_tag?post=503"}],"curies":[{"name":"wp","href":"https:\/\/api.w.org\/{rel}","templated":true}]}}